{"id":12,"date":"2025-03-26T11:12:10","date_gmt":"2025-03-26T09:12:10","guid":{"rendered":"https:\/\/refrigeration.webdemo.lt\/?page_id=12"},"modified":"2025-09-15T16:25:47","modified_gmt":"2025-09-15T13:25:47","slug":"verslui","status":"publish","type":"page","link":"https:\/\/refrigeration.lt\/en\/verslui\/","title":{"rendered":"For business"},"content":{"rendered":"","protected":false},"excerpt":{"rendered":"","protected":false},"author":67,"featured_media":0,"parent":0,"menu_order":0,"comment_status":"closed","ping_status":"closed","template":"templates\/verslui.php","meta":{"_acf_changed":false,"footnotes":""},"class_list":["post-12","page","type-page","status-publish","hentry"],"acf":[],"yoast_head":"<!-- This site is optimized with the Yoast SEO plugin v27.4 - https:\/\/yoast.com\/product\/yoast-seo-wordpress\/ -->\n<title>Oro kondicionieriai ir \u0161ilumos siurbliai verslui | BeijerRef<\/title>\n<meta name=\"description\" content=\"Profesional\u016bs klimato sprendimai verslui: BeijerRef oro kondicionieriai ir \u0161ilumos siurbliai u\u017etikrina patogi\u0105 aplink\u0105 bei ma\u017eesnes s\u0105naudas.\" \/>\n<meta name=\"robots\" content=\"index, follow, max-snippet:-1, max-image-preview:large, max-video-preview:-1\" \/>\n<link rel=\"canonical\" href=\"https:\/\/refrigeration.lt\/en\/verslui\/\" \/>\n<meta property=\"og:locale\" content=\"en_US\" \/>\n<meta property=\"og:type\" content=\"article\" \/>\n<meta property=\"og:title\" content=\"Oro kondicionieriai ir \u0161ilumos siurbliai verslui | BeijerRef\" \/>\n<meta property=\"og:description\" content=\"Profesional\u016bs klimato sprendimai verslui: BeijerRef oro kondicionieriai ir \u0161ilumos siurbliai u\u017etikrina patogi\u0105 aplink\u0105 bei ma\u017eesnes s\u0105naudas.\" \/>\n<meta property=\"og:url\" content=\"https:\/\/refrigeration.lt\/en\/verslui\/\" \/>\n<meta property=\"og:site_name\" content=\"Beijer Ref\" \/>\n<meta property=\"article:modified_time\" content=\"2025-09-15T13:25:47+00:00\" \/>\n<meta name=\"twitter:card\" content=\"summary_large_image\" \/>\n<script type=\"application\/ld+json\" class=\"yoast-schema-graph\">{\"@context\":\"https:\\\/\\\/schema.org\",\"@graph\":[{\"@type\":\"WebPage\",\"@id\":\"https:\\\/\\\/refrigeration.lt\\\/verslui\\\/\",\"url\":\"https:\\\/\\\/refrigeration.lt\\\/verslui\\\/\",\"name\":\"Oro kondicionieriai ir \u0161ilumos siurbliai verslui | BeijerRef\",\"isPartOf\":{\"@id\":\"https:\\\/\\\/refrigeration.lt\\\/#website\"},\"datePublished\":\"2025-03-26T09:12:10+00:00\",\"dateModified\":\"2025-09-15T13:25:47+00:00\",\"description\":\"Profesional\u016bs klimato sprendimai verslui: BeijerRef oro kondicionieriai ir \u0161ilumos siurbliai u\u017etikrina patogi\u0105 aplink\u0105 bei ma\u017eesnes s\u0105naudas.\",\"breadcrumb\":{\"@id\":\"https:\\\/\\\/refrigeration.lt\\\/verslui\\\/#breadcrumb\"},\"inLanguage\":\"en-US\",\"potentialAction\":[{\"@type\":\"ReadAction\",\"target\":[\"https:\\\/\\\/refrigeration.lt\\\/verslui\\\/\"]}]},{\"@type\":\"BreadcrumbList\",\"@id\":\"https:\\\/\\\/refrigeration.lt\\\/verslui\\\/#breadcrumb\",\"itemListElement\":[{\"@type\":\"ListItem\",\"position\":1,\"name\":\"Home\",\"item\":\"https:\\\/\\\/refrigeration.lt\\\/\"},{\"@type\":\"ListItem\",\"position\":2,\"name\":\"Verslui\"}]},{\"@type\":\"WebSite\",\"@id\":\"https:\\\/\\\/refrigeration.lt\\\/#website\",\"url\":\"https:\\\/\\\/refrigeration.lt\\\/\",\"name\":\"Beijer Ref\",\"description\":\"Tarptautin\u0117 didmeninink\u0173 grup\u0117, veikianti komercinio \u0161aldymo, komforto \u0161aldymo, pramoninio \u0161aldymo ir susijusiuose sektoriuose.\",\"publisher\":{\"@id\":\"https:\\\/\\\/refrigeration.lt\\\/#organization\"},\"potentialAction\":[{\"@type\":\"SearchAction\",\"target\":{\"@type\":\"EntryPoint\",\"urlTemplate\":\"https:\\\/\\\/refrigeration.lt\\\/?s={search_term_string}\"},\"query-input\":{\"@type\":\"PropertyValueSpecification\",\"valueRequired\":true,\"valueName\":\"search_term_string\"}}],\"inLanguage\":\"en-US\"},{\"@type\":\"Organization\",\"@id\":\"https:\\\/\\\/refrigeration.lt\\\/#organization\",\"name\":\"Beijer Ref\",\"url\":\"https:\\\/\\\/refrigeration.lt\\\/\",\"logo\":{\"@type\":\"ImageObject\",\"inLanguage\":\"en-US\",\"@id\":\"https:\\\/\\\/refrigeration.lt\\\/#\\\/schema\\\/logo\\\/image\\\/\",\"url\":\"https:\\\/\\\/refrigeration.lt\\\/wp-content\\\/uploads\\\/2025\\\/09\\\/Beijer-Ref-LT-logo.png\",\"contentUrl\":\"https:\\\/\\\/refrigeration.lt\\\/wp-content\\\/uploads\\\/2025\\\/09\\\/Beijer-Ref-LT-logo.png\",\"width\":161,\"height\":38,\"caption\":\"Beijer Ref\"},\"image\":{\"@id\":\"https:\\\/\\\/refrigeration.lt\\\/#\\\/schema\\\/logo\\\/image\\\/\"}}]}<\/script>\n<!-- \/ Yoast SEO plugin. -->","yoast_head_json":{"title":"Oro kondicionieriai ir \u0161ilumos siurbliai verslui | BeijerRef","description":"Profesional\u016bs klimato sprendimai verslui: BeijerRef oro kondicionieriai ir \u0161ilumos siurbliai u\u017etikrina patogi\u0105 aplink\u0105 bei ma\u017eesnes s\u0105naudas.","robots":{"index":"index","follow":"follow","max-snippet":"max-snippet:-1","max-image-preview":"max-image-preview:large","max-video-preview":"max-video-preview:-1"},"canonical":"https:\/\/refrigeration.lt\/en\/verslui\/","og_locale":"en_US","og_type":"article","og_title":"Oro kondicionieriai ir \u0161ilumos siurbliai verslui | BeijerRef","og_description":"Profesional\u016bs klimato sprendimai verslui: BeijerRef oro kondicionieriai ir \u0161ilumos siurbliai u\u017etikrina patogi\u0105 aplink\u0105 bei ma\u017eesnes s\u0105naudas.","og_url":"https:\/\/refrigeration.lt\/en\/verslui\/","og_site_name":"Beijer Ref","article_modified_time":"2025-09-15T13:25:47+00:00","twitter_card":"summary_large_image","schema":{"@context":"https:\/\/schema.org","@graph":[{"@type":"WebPage","@id":"https:\/\/refrigeration.lt\/verslui\/","url":"https:\/\/refrigeration.lt\/verslui\/","name":"Oro kondicionieriai ir \u0161ilumos siurbliai verslui | BeijerRef","isPartOf":{"@id":"https:\/\/refrigeration.lt\/#website"},"datePublished":"2025-03-26T09:12:10+00:00","dateModified":"2025-09-15T13:25:47+00:00","description":"Profesional\u016bs klimato sprendimai verslui: BeijerRef oro kondicionieriai ir \u0161ilumos siurbliai u\u017etikrina patogi\u0105 aplink\u0105 bei ma\u017eesnes s\u0105naudas.","breadcrumb":{"@id":"https:\/\/refrigeration.lt\/verslui\/#breadcrumb"},"inLanguage":"en-US","potentialAction":[{"@type":"ReadAction","target":["https:\/\/refrigeration.lt\/verslui\/"]}]},{"@type":"BreadcrumbList","@id":"https:\/\/refrigeration.lt\/verslui\/#breadcrumb","itemListElement":[{"@type":"ListItem","position":1,"name":"Home","item":"https:\/\/refrigeration.lt\/"},{"@type":"ListItem","position":2,"name":"Verslui"}]},{"@type":"WebSite","@id":"https:\/\/refrigeration.lt\/#website","url":"https:\/\/refrigeration.lt\/","name":"Beijer Ref","description":"Tarptautin\u0117 didmeninink\u0173 grup\u0117, veikianti komercinio \u0161aldymo, komforto \u0161aldymo, pramoninio \u0161aldymo ir susijusiuose sektoriuose.","publisher":{"@id":"https:\/\/refrigeration.lt\/#organization"},"potentialAction":[{"@type":"SearchAction","target":{"@type":"EntryPoint","urlTemplate":"https:\/\/refrigeration.lt\/?s={search_term_string}"},"query-input":{"@type":"PropertyValueSpecification","valueRequired":true,"valueName":"search_term_string"}}],"inLanguage":"en-US"},{"@type":"Organization","@id":"https:\/\/refrigeration.lt\/#organization","name":"Beijer Ref","url":"https:\/\/refrigeration.lt\/","logo":{"@type":"ImageObject","inLanguage":"en-US","@id":"https:\/\/refrigeration.lt\/#\/schema\/logo\/image\/","url":"https:\/\/refrigeration.lt\/wp-content\/uploads\/2025\/09\/Beijer-Ref-LT-logo.png","contentUrl":"https:\/\/refrigeration.lt\/wp-content\/uploads\/2025\/09\/Beijer-Ref-LT-logo.png","width":161,"height":38,"caption":"Beijer Ref"},"image":{"@id":"https:\/\/refrigeration.lt\/#\/schema\/logo\/image\/"}}]}},"_links":{"self":[{"href":"https:\/\/refrigeration.lt\/en\/wp-json\/wp\/v2\/pages\/12","targetHints":{"allow":["GET"]}}],"collection":[{"href":"https:\/\/refrigeration.lt\/en\/wp-json\/wp\/v2\/pages"}],"about":[{"href":"https:\/\/refrigeration.lt\/en\/wp-json\/wp\/v2\/types\/page"}],"author":[{"embeddable":true,"href":"https:\/\/refrigeration.lt\/en\/wp-json\/wp\/v2\/users\/67"}],"replies":[{"embeddable":true,"href":"https:\/\/refrigeration.lt\/en\/wp-json\/wp\/v2\/comments?post=12"}],"version-history":[{"count":46,"href":"https:\/\/refrigeration.lt\/en\/wp-json\/wp\/v2\/pages\/12\/revisions"}],"predecessor-version":[{"id":15210,"href":"https:\/\/refrigeration.lt\/en\/wp-json\/wp\/v2\/pages\/12\/revisions\/15210"}],"wp:attachment":[{"href":"https:\/\/refrigeration.lt\/en\/wp-json\/wp\/v2\/media?parent=12"}],"curies":[{"name":"wp","href":"https:\/\/api.w.org\/{rel}","templated":true}]}}