{"id":144,"date":"2025-04-04T15:08:28","date_gmt":"2025-04-04T13:08:28","guid":{"rendered":"https:\/\/refrigeration.webdemo.lt\/?page_id=144"},"modified":"2025-09-15T15:44:24","modified_gmt":"2025-09-15T12:44:24","slug":"slapuku-politika","status":"publish","type":"page","link":"https:\/\/refrigeration.lt\/en\/slapuku-politika\/","title":{"rendered":"Cookie Policy"},"content":{"rendered":"","protected":false},"excerpt":{"rendered":"","protected":false},"author":67,"featured_media":0,"parent":0,"menu_order":0,"comment_status":"closed","ping_status":"closed","template":"templates\/slapuku-politika.php","meta":{"_acf_changed":false,"footnotes":""},"class_list":["post-144","page","type-page","status-publish","hentry"],"acf":[],"yoast_head":"<!-- This site is optimized with the Yoast SEO plugin v27.4 - https:\/\/yoast.com\/product\/yoast-seo-wordpress\/ -->\n<title>Slapuk\u0173 politika ir privatumas | BeijerRef<\/title>\n<meta name=\"description\" content=\"BeijerRef slapuk\u0173 naudojimas padeda grei\u010diau ir lengviau rasti \u0161ilumos siurblius, oro kondicionierius ir kitus m\u016bs\u0173 produktus pagal j\u016bs\u0173 poreikius.\" \/>\n<meta name=\"robots\" content=\"index, follow, max-snippet:-1, max-image-preview:large, max-video-preview:-1\" \/>\n<link rel=\"canonical\" href=\"https:\/\/refrigeration.lt\/en\/slapuku-politika\/\" \/>\n<meta property=\"og:locale\" content=\"en_US\" \/>\n<meta property=\"og:type\" content=\"article\" \/>\n<meta property=\"og:title\" content=\"Slapuk\u0173 politika ir privatumas | BeijerRef\" \/>\n<meta property=\"og:description\" content=\"BeijerRef slapuk\u0173 naudojimas padeda grei\u010diau ir lengviau rasti \u0161ilumos siurblius, oro kondicionierius ir kitus m\u016bs\u0173 produktus pagal j\u016bs\u0173 poreikius.\" \/>\n<meta property=\"og:url\" content=\"https:\/\/refrigeration.lt\/en\/slapuku-politika\/\" \/>\n<meta property=\"og:site_name\" content=\"Beijer Ref\" \/>\n<meta property=\"article:modified_time\" content=\"2025-09-15T12:44:24+00:00\" \/>\n<meta property=\"og:image\" content=\"https:\/\/refrigeration.lt\/wp-content\/uploads\/2025\/09\/Beijer-Ref-LT-logo.png\" \/>\n\t<meta property=\"og:image:width\" content=\"161\" \/>\n\t<meta property=\"og:image:height\" content=\"38\" \/>\n\t<meta property=\"og:image:type\" content=\"image\/png\" \/>\n<meta name=\"twitter:card\" content=\"summary_large_image\" \/>\n<script type=\"application\/ld+json\" class=\"yoast-schema-graph\">{\"@context\":\"https:\\\/\\\/schema.org\",\"@graph\":[{\"@type\":\"WebPage\",\"@id\":\"https:\\\/\\\/refrigeration.lt\\\/slapuku-politika\\\/\",\"url\":\"https:\\\/\\\/refrigeration.lt\\\/slapuku-politika\\\/\",\"name\":\"Slapuk\u0173 politika ir privatumas | BeijerRef\",\"isPartOf\":{\"@id\":\"https:\\\/\\\/refrigeration.lt\\\/#website\"},\"datePublished\":\"2025-04-04T13:08:28+00:00\",\"dateModified\":\"2025-09-15T12:44:24+00:00\",\"description\":\"BeijerRef slapuk\u0173 naudojimas padeda grei\u010diau ir lengviau rasti \u0161ilumos siurblius, oro kondicionierius ir kitus m\u016bs\u0173 produktus pagal j\u016bs\u0173 poreikius.\",\"breadcrumb\":{\"@id\":\"https:\\\/\\\/refrigeration.lt\\\/slapuku-politika\\\/#breadcrumb\"},\"inLanguage\":\"en-US\",\"potentialAction\":[{\"@type\":\"ReadAction\",\"target\":[\"https:\\\/\\\/refrigeration.lt\\\/slapuku-politika\\\/\"]}]},{\"@type\":\"BreadcrumbList\",\"@id\":\"https:\\\/\\\/refrigeration.lt\\\/slapuku-politika\\\/#breadcrumb\",\"itemListElement\":[{\"@type\":\"ListItem\",\"position\":1,\"name\":\"Home\",\"item\":\"https:\\\/\\\/refrigeration.lt\\\/\"},{\"@type\":\"ListItem\",\"position\":2,\"name\":\"Slapuk\u0173 politika\"}]},{\"@type\":\"WebSite\",\"@id\":\"https:\\\/\\\/refrigeration.lt\\\/#website\",\"url\":\"https:\\\/\\\/refrigeration.lt\\\/\",\"name\":\"Beijer Ref\",\"description\":\"Tarptautin\u0117 didmeninink\u0173 grup\u0117, veikianti komercinio \u0161aldymo, komforto \u0161aldymo, pramoninio \u0161aldymo ir susijusiuose sektoriuose.\",\"publisher\":{\"@id\":\"https:\\\/\\\/refrigeration.lt\\\/#organization\"},\"potentialAction\":[{\"@type\":\"SearchAction\",\"target\":{\"@type\":\"EntryPoint\",\"urlTemplate\":\"https:\\\/\\\/refrigeration.lt\\\/?s={search_term_string}\"},\"query-input\":{\"@type\":\"PropertyValueSpecification\",\"valueRequired\":true,\"valueName\":\"search_term_string\"}}],\"inLanguage\":\"en-US\"},{\"@type\":\"Organization\",\"@id\":\"https:\\\/\\\/refrigeration.lt\\\/#organization\",\"name\":\"Beijer Ref\",\"url\":\"https:\\\/\\\/refrigeration.lt\\\/\",\"logo\":{\"@type\":\"ImageObject\",\"inLanguage\":\"en-US\",\"@id\":\"https:\\\/\\\/refrigeration.lt\\\/#\\\/schema\\\/logo\\\/image\\\/\",\"url\":\"https:\\\/\\\/refrigeration.lt\\\/wp-content\\\/uploads\\\/2025\\\/09\\\/Beijer-Ref-LT-logo.png\",\"contentUrl\":\"https:\\\/\\\/refrigeration.lt\\\/wp-content\\\/uploads\\\/2025\\\/09\\\/Beijer-Ref-LT-logo.png\",\"width\":161,\"height\":38,\"caption\":\"Beijer Ref\"},\"image\":{\"@id\":\"https:\\\/\\\/refrigeration.lt\\\/#\\\/schema\\\/logo\\\/image\\\/\"}}]}<\/script>\n<!-- \/ Yoast SEO plugin. -->","yoast_head_json":{"title":"Slapuk\u0173 politika ir privatumas | BeijerRef","description":"BeijerRef slapuk\u0173 naudojimas padeda grei\u010diau ir lengviau rasti \u0161ilumos siurblius, oro kondicionierius ir kitus m\u016bs\u0173 produktus pagal j\u016bs\u0173 poreikius.","robots":{"index":"index","follow":"follow","max-snippet":"max-snippet:-1","max-image-preview":"max-image-preview:large","max-video-preview":"max-video-preview:-1"},"canonical":"https:\/\/refrigeration.lt\/en\/slapuku-politika\/","og_locale":"en_US","og_type":"article","og_title":"Slapuk\u0173 politika ir privatumas | BeijerRef","og_description":"BeijerRef slapuk\u0173 naudojimas padeda grei\u010diau ir lengviau rasti \u0161ilumos siurblius, oro kondicionierius ir kitus m\u016bs\u0173 produktus pagal j\u016bs\u0173 poreikius.","og_url":"https:\/\/refrigeration.lt\/en\/slapuku-politika\/","og_site_name":"Beijer Ref","article_modified_time":"2025-09-15T12:44:24+00:00","og_image":[{"width":161,"height":38,"url":"https:\/\/refrigeration.lt\/wp-content\/uploads\/2025\/09\/Beijer-Ref-LT-logo.png","type":"image\/png"}],"twitter_card":"summary_large_image","schema":{"@context":"https:\/\/schema.org","@graph":[{"@type":"WebPage","@id":"https:\/\/refrigeration.lt\/slapuku-politika\/","url":"https:\/\/refrigeration.lt\/slapuku-politika\/","name":"Slapuk\u0173 politika ir privatumas | BeijerRef","isPartOf":{"@id":"https:\/\/refrigeration.lt\/#website"},"datePublished":"2025-04-04T13:08:28+00:00","dateModified":"2025-09-15T12:44:24+00:00","description":"BeijerRef slapuk\u0173 naudojimas padeda grei\u010diau ir lengviau rasti \u0161ilumos siurblius, oro kondicionierius ir kitus m\u016bs\u0173 produktus pagal j\u016bs\u0173 poreikius.","breadcrumb":{"@id":"https:\/\/refrigeration.lt\/slapuku-politika\/#breadcrumb"},"inLanguage":"en-US","potentialAction":[{"@type":"ReadAction","target":["https:\/\/refrigeration.lt\/slapuku-politika\/"]}]},{"@type":"BreadcrumbList","@id":"https:\/\/refrigeration.lt\/slapuku-politika\/#breadcrumb","itemListElement":[{"@type":"ListItem","position":1,"name":"Home","item":"https:\/\/refrigeration.lt\/"},{"@type":"ListItem","position":2,"name":"Slapuk\u0173 politika"}]},{"@type":"WebSite","@id":"https:\/\/refrigeration.lt\/#website","url":"https:\/\/refrigeration.lt\/","name":"Beijer Ref","description":"Tarptautin\u0117 didmeninink\u0173 grup\u0117, veikianti komercinio \u0161aldymo, komforto \u0161aldymo, pramoninio \u0161aldymo ir susijusiuose sektoriuose.","publisher":{"@id":"https:\/\/refrigeration.lt\/#organization"},"potentialAction":[{"@type":"SearchAction","target":{"@type":"EntryPoint","urlTemplate":"https:\/\/refrigeration.lt\/?s={search_term_string}"},"query-input":{"@type":"PropertyValueSpecification","valueRequired":true,"valueName":"search_term_string"}}],"inLanguage":"en-US"},{"@type":"Organization","@id":"https:\/\/refrigeration.lt\/#organization","name":"Beijer Ref","url":"https:\/\/refrigeration.lt\/","logo":{"@type":"ImageObject","inLanguage":"en-US","@id":"https:\/\/refrigeration.lt\/#\/schema\/logo\/image\/","url":"https:\/\/refrigeration.lt\/wp-content\/uploads\/2025\/09\/Beijer-Ref-LT-logo.png","contentUrl":"https:\/\/refrigeration.lt\/wp-content\/uploads\/2025\/09\/Beijer-Ref-LT-logo.png","width":161,"height":38,"caption":"Beijer Ref"},"image":{"@id":"https:\/\/refrigeration.lt\/#\/schema\/logo\/image\/"}}]}},"_links":{"self":[{"href":"https:\/\/refrigeration.lt\/en\/wp-json\/wp\/v2\/pages\/144","targetHints":{"allow":["GET"]}}],"collection":[{"href":"https:\/\/refrigeration.lt\/en\/wp-json\/wp\/v2\/pages"}],"about":[{"href":"https:\/\/refrigeration.lt\/en\/wp-json\/wp\/v2\/types\/page"}],"author":[{"embeddable":true,"href":"https:\/\/refrigeration.lt\/en\/wp-json\/wp\/v2\/users\/67"}],"replies":[{"embeddable":true,"href":"https:\/\/refrigeration.lt\/en\/wp-json\/wp\/v2\/comments?post=144"}],"version-history":[{"count":7,"href":"https:\/\/refrigeration.lt\/en\/wp-json\/wp\/v2\/pages\/144\/revisions"}],"predecessor-version":[{"id":267,"href":"https:\/\/refrigeration.lt\/en\/wp-json\/wp\/v2\/pages\/144\/revisions\/267"}],"wp:attachment":[{"href":"https:\/\/refrigeration.lt\/en\/wp-json\/wp\/v2\/media?parent=144"}],"curies":[{"name":"wp","href":"https:\/\/api.w.org\/{rel}","templated":true}]}}