{"id":10407,"date":"2025-06-27T08:02:58","date_gmt":"2025-06-27T08:02:58","guid":{"rendered":"https:\/\/refrigeration.webdemo.lt\/?post_type=product&p=10407"},"modified":"2025-06-27T08:02:58","modified_gmt":"2025-06-27T08:02:58","slug":"ziehl-abegg-ventiliatorius-fn031-4dk-of-v7p2-10407","status":"publish","type":"product","link":"https:\/\/refrigeration.lt\/en\/product\/ziehl-abegg-ventiliatorius-fn031-4dk-of-v7p2-10407\/","title":{"rendered":"ZIEHL-ABEGG FAN FN031-4DK.OF.V7P3"},"content":{"rendered":"<p>FN031-4DK.0F.V7P3 is an industrial axial fan that combines high efficiency and low operating costs with very low noise thanks to its bionically shaped blades with protective coating. The fan is equipped with a fully controllable AC motor. The FN031-4DK.0F.V7P3 axial fan has a high lifetime thanks to its dynamically balanced impeller.<br \/>\n ZIEHL-ABEGG products are supplied upon request.<br \/>\n You can view the manufacturer&#8217;s full range by clicking on the following links: https:\/\/www.ziehl-abegg.com\/en\/product-range<br \/>\n To request a specific product, please leave a comment indicating the desired item, model, and quantity. Once we receive your inquiry, we will prepare an offer and send it to the contact details provided in the request form.<\/p>","protected":false},"excerpt":{"rendered":"<p>FN031-4DK.0F.V7P3 is an industrial axial fan that combines high efficiency and low operating costs with very low noise thanks to its bionically shaped blades with protective coating. The fan is equipped with a fully controllable AC motor. The FN031-4DK.0F.V7P3 axial fan has a high lifetime thanks to its dynamically balanced impeller.<br \/>\n ZIEHL-ABEGG products are supplied upon request.<br \/>\n You can view the manufacturer&#8217;s full range by clicking on the following links: https:\/\/www.ziehl-abegg.com\/en\/product-range<br \/>\n To request a specific product, please leave a comment indicating the desired item, model, and quantity. Once we receive your inquiry, we will prepare an offer and send it to the contact details provided in the request form.<\/p>","protected":false},"featured_media":10408,"comment_status":"open","ping_status":"closed","template":"","meta":{"_acf_changed":false},"product_brand":[],"product_cat":[83,94],"product_tag":[],"class_list":{"0":"post-10407","1":"product","2":"type-product","3":"status-publish","4":"has-post-thumbnail","6":"product_cat-gamintojai","7":"product_cat-ziehl-abegg","9":"first","10":"instock","11":"taxable","12":"shipping-taxable","13":"purchasable","14":"product-type-simple"},"acf":[],"yoast_head":"<!-- This site is optimized with the Yoast SEO plugin v27.4 - https:\/\/yoast.com\/product\/yoast-seo-wordpress\/ -->\n<title>ZIEHL-ABEGG ventiliatorius FN031-4DK.OF.V7P2 | Beijer Ref<\/title>\n<meta name=\"description\" content=\"ZIEHL-ABEGG ventiliatorius FN031-4DK.OF.V7P2. Pirkite internetu arba pateikite u\u017eklaus\u0105.\" \/>\n<meta name=\"robots\" content=\"index, follow, max-snippet:-1, max-image-preview:large, max-video-preview:-1\" \/>\n<link rel=\"canonical\" href=\"https:\/\/refrigeration.lt\/en\/product\/ziehl-abegg-ventiliatorius-fn031-4dk-of-v7p2-10407\/\" \/>\n<meta property=\"og:locale\" content=\"en_US\" \/>\n<meta property=\"og:type\" content=\"article\" \/>\n<meta property=\"og:title\" content=\"ZIEHL-ABEGG ventiliatorius FN031-4DK.OF.V7P2 | Beijer Ref\" \/>\n<meta property=\"og:description\" content=\"ZIEHL-ABEGG ventiliatorius FN031-4DK.OF.V7P2. Pirkite internetu arba pateikite u\u017eklaus\u0105.\" \/>\n<meta property=\"og:url\" content=\"https:\/\/refrigeration.lt\/en\/product\/ziehl-abegg-ventiliatorius-fn031-4dk-of-v7p2-10407\/\" \/>\n<meta property=\"og:site_name\" content=\"Beijer Ref\" \/>\n<meta property=\"og:image\" content=\"https:\/\/refrigeration.lt\/wp-content\/uploads\/2025\/06\/ziehl-abegg-ventiliatorius-fn031-4dk-of-v7p2-10407.png\" \/>\n\t<meta property=\"og:image:width\" content=\"500\" \/>\n\t<meta property=\"og:image:height\" content=\"500\" \/>\n\t<meta property=\"og:image:type\" content=\"image\/png\" \/>\n<meta name=\"twitter:card\" content=\"summary_large_image\" \/>\n<meta name=\"twitter:label1\" content=\"Est. reading time\" \/>\n\t<meta name=\"twitter:data1\" content=\"1 minute\" \/>\n<script type=\"application\/ld+json\" class=\"yoast-schema-graph\">{\"@context\":\"https:\\\/\\\/schema.org\",\"@graph\":[{\"@type\":\"WebPage\",\"@id\":\"https:\\\/\\\/refrigeration.lt\\\/produktas\\\/ziehl-abegg-ventiliatorius-fn031-4dk-of-v7p2-10407\\\/\",\"url\":\"https:\\\/\\\/refrigeration.lt\\\/produktas\\\/ziehl-abegg-ventiliatorius-fn031-4dk-of-v7p2-10407\\\/\",\"name\":\"ZIEHL-ABEGG ventiliatorius FN031-4DK.OF.V7P2 | Beijer Ref\",\"isPartOf\":{\"@id\":\"https:\\\/\\\/refrigeration.lt\\\/#website\"},\"primaryImageOfPage\":{\"@id\":\"https:\\\/\\\/refrigeration.lt\\\/produktas\\\/ziehl-abegg-ventiliatorius-fn031-4dk-of-v7p2-10407\\\/#primaryimage\"},\"image\":{\"@id\":\"https:\\\/\\\/refrigeration.lt\\\/produktas\\\/ziehl-abegg-ventiliatorius-fn031-4dk-of-v7p2-10407\\\/#primaryimage\"},\"thumbnailUrl\":\"https:\\\/\\\/refrigeration.lt\\\/wp-content\\\/uploads\\\/2025\\\/06\\\/ziehl-abegg-ventiliatorius-fn031-4dk-of-v7p2-10407.png\",\"datePublished\":\"2025-06-27T08:02:58+00:00\",\"description\":\"ZIEHL-ABEGG ventiliatorius FN031-4DK.OF.V7P2. Pirkite internetu arba pateikite u\u017eklaus\u0105.\",\"breadcrumb\":{\"@id\":\"https:\\\/\\\/refrigeration.lt\\\/produktas\\\/ziehl-abegg-ventiliatorius-fn031-4dk-of-v7p2-10407\\\/#breadcrumb\"},\"inLanguage\":\"en-US\",\"potentialAction\":[{\"@type\":\"ReadAction\",\"target\":[\"https:\\\/\\\/refrigeration.lt\\\/produktas\\\/ziehl-abegg-ventiliatorius-fn031-4dk-of-v7p2-10407\\\/\"]}]},{\"@type\":\"ImageObject\",\"inLanguage\":\"en-US\",\"@id\":\"https:\\\/\\\/refrigeration.lt\\\/produktas\\\/ziehl-abegg-ventiliatorius-fn031-4dk-of-v7p2-10407\\\/#primaryimage\",\"url\":\"https:\\\/\\\/refrigeration.lt\\\/wp-content\\\/uploads\\\/2025\\\/06\\\/ziehl-abegg-ventiliatorius-fn031-4dk-of-v7p2-10407.png\",\"contentUrl\":\"https:\\\/\\\/refrigeration.lt\\\/wp-content\\\/uploads\\\/2025\\\/06\\\/ziehl-abegg-ventiliatorius-fn031-4dk-of-v7p2-10407.png\",\"width\":500,\"height\":500,\"caption\":\"ZIEHL-ABEGG ventiliatorius FN031-4DK.OF.V7P2\"},{\"@type\":\"BreadcrumbList\",\"@id\":\"https:\\\/\\\/refrigeration.lt\\\/produktas\\\/ziehl-abegg-ventiliatorius-fn031-4dk-of-v7p2-10407\\\/#breadcrumb\",\"itemListElement\":[{\"@type\":\"ListItem\",\"position\":1,\"name\":\"Home\",\"item\":\"https:\\\/\\\/refrigeration.lt\\\/\"},{\"@type\":\"ListItem\",\"position\":2,\"name\":\"Visos prek\u0117s\",\"item\":\"https:\\\/\\\/refrigeration.lt\\\/parduotuve\\\/\"},{\"@type\":\"ListItem\",\"position\":3,\"name\":\"ZIEHL-ABEGG ventiliatorius FN031-4DK.OF.V7P2\"}]},{\"@type\":\"WebSite\",\"@id\":\"https:\\\/\\\/refrigeration.lt\\\/#website\",\"url\":\"https:\\\/\\\/refrigeration.lt\\\/\",\"name\":\"Beijer Ref\",\"description\":\"Tarptautin\u0117 didmeninink\u0173 grup\u0117, veikianti komercinio \u0161aldymo, komforto \u0161aldymo, pramoninio \u0161aldymo ir susijusiuose sektoriuose.\",\"publisher\":{\"@id\":\"https:\\\/\\\/refrigeration.lt\\\/#organization\"},\"potentialAction\":[{\"@type\":\"SearchAction\",\"target\":{\"@type\":\"EntryPoint\",\"urlTemplate\":\"https:\\\/\\\/refrigeration.lt\\\/?s={search_term_string}\"},\"query-input\":{\"@type\":\"PropertyValueSpecification\",\"valueRequired\":true,\"valueName\":\"search_term_string\"}}],\"inLanguage\":\"en-US\"},{\"@type\":\"Organization\",\"@id\":\"https:\\\/\\\/refrigeration.lt\\\/#organization\",\"name\":\"Beijer Ref\",\"url\":\"https:\\\/\\\/refrigeration.lt\\\/\",\"logo\":{\"@type\":\"ImageObject\",\"inLanguage\":\"en-US\",\"@id\":\"https:\\\/\\\/refrigeration.lt\\\/#\\\/schema\\\/logo\\\/image\\\/\",\"url\":\"https:\\\/\\\/refrigeration.lt\\\/wp-content\\\/uploads\\\/2025\\\/09\\\/Beijer-Ref-LT-logo.png\",\"contentUrl\":\"https:\\\/\\\/refrigeration.lt\\\/wp-content\\\/uploads\\\/2025\\\/09\\\/Beijer-Ref-LT-logo.png\",\"width\":161,\"height\":38,\"caption\":\"Beijer Ref\"},\"image\":{\"@id\":\"https:\\\/\\\/refrigeration.lt\\\/#\\\/schema\\\/logo\\\/image\\\/\"}}]}<\/script>\n<!-- \/ Yoast SEO plugin. -->","yoast_head_json":{"title":"ZIEHL-ABEGG ventiliatorius FN031-4DK.OF.V7P2 | Beijer Ref","description":"ZIEHL-ABEGG ventiliatorius FN031-4DK.OF.V7P2. Pirkite internetu arba pateikite u\u017eklaus\u0105.","robots":{"index":"index","follow":"follow","max-snippet":"max-snippet:-1","max-image-preview":"max-image-preview:large","max-video-preview":"max-video-preview:-1"},"canonical":"https:\/\/refrigeration.lt\/en\/product\/ziehl-abegg-ventiliatorius-fn031-4dk-of-v7p2-10407\/","og_locale":"en_US","og_type":"article","og_title":"ZIEHL-ABEGG ventiliatorius FN031-4DK.OF.V7P2 | Beijer Ref","og_description":"ZIEHL-ABEGG ventiliatorius FN031-4DK.OF.V7P2. Pirkite internetu arba pateikite u\u017eklaus\u0105.","og_url":"https:\/\/refrigeration.lt\/en\/product\/ziehl-abegg-ventiliatorius-fn031-4dk-of-v7p2-10407\/","og_site_name":"Beijer Ref","og_image":[{"width":500,"height":500,"url":"https:\/\/refrigeration.lt\/wp-content\/uploads\/2025\/06\/ziehl-abegg-ventiliatorius-fn031-4dk-of-v7p2-10407.png","type":"image\/png"}],"twitter_card":"summary_large_image","twitter_misc":{"Est. reading time":"1 minute"},"schema":{"@context":"https:\/\/schema.org","@graph":[{"@type":"WebPage","@id":"https:\/\/refrigeration.lt\/produktas\/ziehl-abegg-ventiliatorius-fn031-4dk-of-v7p2-10407\/","url":"https:\/\/refrigeration.lt\/produktas\/ziehl-abegg-ventiliatorius-fn031-4dk-of-v7p2-10407\/","name":"ZIEHL-ABEGG ventiliatorius FN031-4DK.OF.V7P2 | Beijer Ref","isPartOf":{"@id":"https:\/\/refrigeration.lt\/#website"},"primaryImageOfPage":{"@id":"https:\/\/refrigeration.lt\/produktas\/ziehl-abegg-ventiliatorius-fn031-4dk-of-v7p2-10407\/#primaryimage"},"image":{"@id":"https:\/\/refrigeration.lt\/produktas\/ziehl-abegg-ventiliatorius-fn031-4dk-of-v7p2-10407\/#primaryimage"},"thumbnailUrl":"https:\/\/refrigeration.lt\/wp-content\/uploads\/2025\/06\/ziehl-abegg-ventiliatorius-fn031-4dk-of-v7p2-10407.png","datePublished":"2025-06-27T08:02:58+00:00","description":"ZIEHL-ABEGG ventiliatorius FN031-4DK.OF.V7P2. Pirkite internetu arba pateikite u\u017eklaus\u0105.","breadcrumb":{"@id":"https:\/\/refrigeration.lt\/produktas\/ziehl-abegg-ventiliatorius-fn031-4dk-of-v7p2-10407\/#breadcrumb"},"inLanguage":"en-US","potentialAction":[{"@type":"ReadAction","target":["https:\/\/refrigeration.lt\/produktas\/ziehl-abegg-ventiliatorius-fn031-4dk-of-v7p2-10407\/"]}]},{"@type":"ImageObject","inLanguage":"en-US","@id":"https:\/\/refrigeration.lt\/produktas\/ziehl-abegg-ventiliatorius-fn031-4dk-of-v7p2-10407\/#primaryimage","url":"https:\/\/refrigeration.lt\/wp-content\/uploads\/2025\/06\/ziehl-abegg-ventiliatorius-fn031-4dk-of-v7p2-10407.png","contentUrl":"https:\/\/refrigeration.lt\/wp-content\/uploads\/2025\/06\/ziehl-abegg-ventiliatorius-fn031-4dk-of-v7p2-10407.png","width":500,"height":500,"caption":"ZIEHL-ABEGG ventiliatorius FN031-4DK.OF.V7P2"},{"@type":"BreadcrumbList","@id":"https:\/\/refrigeration.lt\/produktas\/ziehl-abegg-ventiliatorius-fn031-4dk-of-v7p2-10407\/#breadcrumb","itemListElement":[{"@type":"ListItem","position":1,"name":"Home","item":"https:\/\/refrigeration.lt\/"},{"@type":"ListItem","position":2,"name":"Visos prek\u0117s","item":"https:\/\/refrigeration.lt\/parduotuve\/"},{"@type":"ListItem","position":3,"name":"ZIEHL-ABEGG ventiliatorius FN031-4DK.OF.V7P2"}]},{"@type":"WebSite","@id":"https:\/\/refrigeration.lt\/#website","url":"https:\/\/refrigeration.lt\/","name":"Beijer Ref","description":"Tarptautin\u0117 didmeninink\u0173 grup\u0117, veikianti komercinio \u0161aldymo, komforto \u0161aldymo, pramoninio \u0161aldymo ir susijusiuose sektoriuose.","publisher":{"@id":"https:\/\/refrigeration.lt\/#organization"},"potentialAction":[{"@type":"SearchAction","target":{"@type":"EntryPoint","urlTemplate":"https:\/\/refrigeration.lt\/?s={search_term_string}"},"query-input":{"@type":"PropertyValueSpecification","valueRequired":true,"valueName":"search_term_string"}}],"inLanguage":"en-US"},{"@type":"Organization","@id":"https:\/\/refrigeration.lt\/#organization","name":"Beijer Ref","url":"https:\/\/refrigeration.lt\/","logo":{"@type":"ImageObject","inLanguage":"en-US","@id":"https:\/\/refrigeration.lt\/#\/schema\/logo\/image\/","url":"https:\/\/refrigeration.lt\/wp-content\/uploads\/2025\/09\/Beijer-Ref-LT-logo.png","contentUrl":"https:\/\/refrigeration.lt\/wp-content\/uploads\/2025\/09\/Beijer-Ref-LT-logo.png","width":161,"height":38,"caption":"Beijer Ref"},"image":{"@id":"https:\/\/refrigeration.lt\/#\/schema\/logo\/image\/"}}]}},"_links":{"self":[{"href":"https:\/\/refrigeration.lt\/en\/wp-json\/wp\/v2\/product\/10407","targetHints":{"allow":["GET"]}}],"collection":[{"href":"https:\/\/refrigeration.lt\/en\/wp-json\/wp\/v2\/product"}],"about":[{"href":"https:\/\/refrigeration.lt\/en\/wp-json\/wp\/v2\/types\/product"}],"replies":[{"embeddable":true,"href":"https:\/\/refrigeration.lt\/en\/wp-json\/wp\/v2\/comments?post=10407"}],"wp:featuredmedia":[{"embeddable":true,"href":"https:\/\/refrigeration.lt\/en\/wp-json\/wp\/v2\/media\/10408"}],"wp:attachment":[{"href":"https:\/\/refrigeration.lt\/en\/wp-json\/wp\/v2\/media?parent=10407"}],"wp:term":[{"taxonomy":"product_brand","embeddable":true,"href":"https:\/\/refrigeration.lt\/en\/wp-json\/wp\/v2\/product_brand?post=10407"},{"taxonomy":"product_cat","embeddable":true,"href":"https:\/\/refrigeration.lt\/en\/wp-json\/wp\/v2\/product_cat?post=10407"},{"taxonomy":"product_tag","embeddable":true,"href":"https:\/\/refrigeration.lt\/en\/wp-json\/wp\/v2\/product_tag?post=10407"}],"curies":[{"name":"wp","href":"https:\/\/api.w.org\/{rel}","templated":true}]}}