{"id":10427,"date":"2025-06-27T08:29:51","date_gmt":"2025-06-27T08:29:51","guid":{"rendered":"https:\/\/refrigeration.webdemo.lt\/?post_type=product&p=10427"},"modified":"2025-06-27T08:29:51","modified_gmt":"2025-06-27T08:29:51","slug":"fermod-slegio-voztuvas-kameroms-2220-iki-75-m3-10427","status":"publish","type":"product","link":"https:\/\/refrigeration.lt\/en\/product\/fermod-slegio-voztuvas-kameroms-2220-iki-75-m3-10427\/","title":{"rendered":"FERMOD pressure relief valve for cold rooms 2220, up to 75 m\u00b3"},"content":{"rendered":"<p>It is heated, mechanically operated valve, with two airtight mobile flaps with a return spring, allowing air flow in either direction. The admission and exhaust are separated by a partition.<\/p>","protected":false},"excerpt":{"rendered":"<p>The walls of a cold room are constantly subjected to strains caused by pressure variations, either from inside or from outside. The valves FERMOD patented, make it possible to balance internal and external pressures, through venting.<\/p>","protected":false},"featured_media":10428,"comment_status":"open","ping_status":"closed","template":"","meta":{"_acf_changed":false},"product_brand":[],"product_cat":[95,83,172],"product_tag":[],"class_list":{"0":"post-10427","1":"product","2":"type-product","3":"status-publish","4":"has-post-thumbnail","6":"product_cat-fermod","7":"product_cat-gamintojai","8":"product_cat-voztuvai","10":"first","11":"instock","12":"taxable","13":"shipping-taxable","14":"purchasable","15":"product-type-simple"},"acf":[],"yoast_head":"<!-- This site is optimized with the Yoast SEO plugin v27.4 - https:\/\/yoast.com\/product\/yoast-seo-wordpress\/ -->\n<title>FERMOD sl\u0117gio vo\u017etuvas kameroms 2220, iki 75 m3 | Beijer Ref<\/title>\n<meta name=\"description\" content=\"FERMOD sl\u0117gio vo\u017etuvas kameroms 2220, iki 75 m3. Pirkite internetu arba pateikite u\u017eklaus\u0105.\" \/>\n<meta name=\"robots\" content=\"index, follow, max-snippet:-1, max-image-preview:large, max-video-preview:-1\" \/>\n<link rel=\"canonical\" href=\"https:\/\/refrigeration.lt\/en\/product\/fermod-slegio-voztuvas-kameroms-2220-iki-75-m3-10427\/\" \/>\n<meta property=\"og:locale\" content=\"en_US\" \/>\n<meta property=\"og:type\" content=\"article\" \/>\n<meta property=\"og:title\" content=\"FERMOD sl\u0117gio vo\u017etuvas kameroms 2220, iki 75 m3 | Beijer Ref\" \/>\n<meta property=\"og:description\" content=\"FERMOD sl\u0117gio vo\u017etuvas kameroms 2220, iki 75 m3. Pirkite internetu arba pateikite u\u017eklaus\u0105.\" \/>\n<meta property=\"og:url\" content=\"https:\/\/refrigeration.lt\/en\/product\/fermod-slegio-voztuvas-kameroms-2220-iki-75-m3-10427\/\" \/>\n<meta property=\"og:site_name\" content=\"Beijer Ref\" \/>\n<meta property=\"og:image\" content=\"https:\/\/refrigeration.lt\/wp-content\/uploads\/2025\/06\/fermod-slegio-voztuvas-kameroms-2220-iki-75-m3-10427.jpg\" \/>\n\t<meta property=\"og:image:width\" content=\"500\" \/>\n\t<meta property=\"og:image:height\" content=\"500\" \/>\n\t<meta property=\"og:image:type\" content=\"image\/jpeg\" \/>\n<meta name=\"twitter:card\" content=\"summary_large_image\" \/>\n<script type=\"application\/ld+json\" class=\"yoast-schema-graph\">{\"@context\":\"https:\\\/\\\/schema.org\",\"@graph\":[{\"@type\":\"WebPage\",\"@id\":\"https:\\\/\\\/refrigeration.lt\\\/produktas\\\/fermod-slegio-voztuvas-kameroms-2220-iki-75-m3-10427\\\/\",\"url\":\"https:\\\/\\\/refrigeration.lt\\\/produktas\\\/fermod-slegio-voztuvas-kameroms-2220-iki-75-m3-10427\\\/\",\"name\":\"FERMOD sl\u0117gio vo\u017etuvas kameroms 2220, iki 75 m3 | Beijer Ref\",\"isPartOf\":{\"@id\":\"https:\\\/\\\/refrigeration.lt\\\/#website\"},\"primaryImageOfPage\":{\"@id\":\"https:\\\/\\\/refrigeration.lt\\\/produktas\\\/fermod-slegio-voztuvas-kameroms-2220-iki-75-m3-10427\\\/#primaryimage\"},\"image\":{\"@id\":\"https:\\\/\\\/refrigeration.lt\\\/produktas\\\/fermod-slegio-voztuvas-kameroms-2220-iki-75-m3-10427\\\/#primaryimage\"},\"thumbnailUrl\":\"https:\\\/\\\/refrigeration.lt\\\/wp-content\\\/uploads\\\/2025\\\/06\\\/fermod-slegio-voztuvas-kameroms-2220-iki-75-m3-10427.jpg\",\"datePublished\":\"2025-06-27T08:29:51+00:00\",\"description\":\"FERMOD sl\u0117gio vo\u017etuvas kameroms 2220, iki 75 m3. Pirkite internetu arba pateikite u\u017eklaus\u0105.\",\"breadcrumb\":{\"@id\":\"https:\\\/\\\/refrigeration.lt\\\/produktas\\\/fermod-slegio-voztuvas-kameroms-2220-iki-75-m3-10427\\\/#breadcrumb\"},\"inLanguage\":\"en-US\",\"potentialAction\":[{\"@type\":\"ReadAction\",\"target\":[\"https:\\\/\\\/refrigeration.lt\\\/produktas\\\/fermod-slegio-voztuvas-kameroms-2220-iki-75-m3-10427\\\/\"]}]},{\"@type\":\"ImageObject\",\"inLanguage\":\"en-US\",\"@id\":\"https:\\\/\\\/refrigeration.lt\\\/produktas\\\/fermod-slegio-voztuvas-kameroms-2220-iki-75-m3-10427\\\/#primaryimage\",\"url\":\"https:\\\/\\\/refrigeration.lt\\\/wp-content\\\/uploads\\\/2025\\\/06\\\/fermod-slegio-voztuvas-kameroms-2220-iki-75-m3-10427.jpg\",\"contentUrl\":\"https:\\\/\\\/refrigeration.lt\\\/wp-content\\\/uploads\\\/2025\\\/06\\\/fermod-slegio-voztuvas-kameroms-2220-iki-75-m3-10427.jpg\",\"width\":500,\"height\":500,\"caption\":\"FERMOD sl\u0117gio vo\u017etuvas kameroms 2220, iki 75 m3\"},{\"@type\":\"BreadcrumbList\",\"@id\":\"https:\\\/\\\/refrigeration.lt\\\/produktas\\\/fermod-slegio-voztuvas-kameroms-2220-iki-75-m3-10427\\\/#breadcrumb\",\"itemListElement\":[{\"@type\":\"ListItem\",\"position\":1,\"name\":\"Home\",\"item\":\"https:\\\/\\\/refrigeration.lt\\\/\"},{\"@type\":\"ListItem\",\"position\":2,\"name\":\"Visos prek\u0117s\",\"item\":\"https:\\\/\\\/refrigeration.lt\\\/parduotuve\\\/\"},{\"@type\":\"ListItem\",\"position\":3,\"name\":\"FERMOD sl\u0117gio vo\u017etuvas kameroms 2220, iki 75 m3\"}]},{\"@type\":\"WebSite\",\"@id\":\"https:\\\/\\\/refrigeration.lt\\\/#website\",\"url\":\"https:\\\/\\\/refrigeration.lt\\\/\",\"name\":\"Beijer Ref\",\"description\":\"Tarptautin\u0117 didmeninink\u0173 grup\u0117, veikianti komercinio \u0161aldymo, komforto \u0161aldymo, pramoninio \u0161aldymo ir susijusiuose sektoriuose.\",\"publisher\":{\"@id\":\"https:\\\/\\\/refrigeration.lt\\\/#organization\"},\"potentialAction\":[{\"@type\":\"SearchAction\",\"target\":{\"@type\":\"EntryPoint\",\"urlTemplate\":\"https:\\\/\\\/refrigeration.lt\\\/?s={search_term_string}\"},\"query-input\":{\"@type\":\"PropertyValueSpecification\",\"valueRequired\":true,\"valueName\":\"search_term_string\"}}],\"inLanguage\":\"en-US\"},{\"@type\":\"Organization\",\"@id\":\"https:\\\/\\\/refrigeration.lt\\\/#organization\",\"name\":\"Beijer Ref\",\"url\":\"https:\\\/\\\/refrigeration.lt\\\/\",\"logo\":{\"@type\":\"ImageObject\",\"inLanguage\":\"en-US\",\"@id\":\"https:\\\/\\\/refrigeration.lt\\\/#\\\/schema\\\/logo\\\/image\\\/\",\"url\":\"https:\\\/\\\/refrigeration.lt\\\/wp-content\\\/uploads\\\/2025\\\/09\\\/Beijer-Ref-LT-logo.png\",\"contentUrl\":\"https:\\\/\\\/refrigeration.lt\\\/wp-content\\\/uploads\\\/2025\\\/09\\\/Beijer-Ref-LT-logo.png\",\"width\":161,\"height\":38,\"caption\":\"Beijer Ref\"},\"image\":{\"@id\":\"https:\\\/\\\/refrigeration.lt\\\/#\\\/schema\\\/logo\\\/image\\\/\"}}]}<\/script>\n<!-- \/ Yoast SEO plugin. -->","yoast_head_json":{"title":"FERMOD sl\u0117gio vo\u017etuvas kameroms 2220, iki 75 m3 | Beijer Ref","description":"FERMOD sl\u0117gio vo\u017etuvas kameroms 2220, iki 75 m3. Pirkite internetu arba pateikite u\u017eklaus\u0105.","robots":{"index":"index","follow":"follow","max-snippet":"max-snippet:-1","max-image-preview":"max-image-preview:large","max-video-preview":"max-video-preview:-1"},"canonical":"https:\/\/refrigeration.lt\/en\/product\/fermod-slegio-voztuvas-kameroms-2220-iki-75-m3-10427\/","og_locale":"en_US","og_type":"article","og_title":"FERMOD sl\u0117gio vo\u017etuvas kameroms 2220, iki 75 m3 | Beijer Ref","og_description":"FERMOD sl\u0117gio vo\u017etuvas kameroms 2220, iki 75 m3. Pirkite internetu arba pateikite u\u017eklaus\u0105.","og_url":"https:\/\/refrigeration.lt\/en\/product\/fermod-slegio-voztuvas-kameroms-2220-iki-75-m3-10427\/","og_site_name":"Beijer Ref","og_image":[{"width":500,"height":500,"url":"https:\/\/refrigeration.lt\/wp-content\/uploads\/2025\/06\/fermod-slegio-voztuvas-kameroms-2220-iki-75-m3-10427.jpg","type":"image\/jpeg"}],"twitter_card":"summary_large_image","schema":{"@context":"https:\/\/schema.org","@graph":[{"@type":"WebPage","@id":"https:\/\/refrigeration.lt\/produktas\/fermod-slegio-voztuvas-kameroms-2220-iki-75-m3-10427\/","url":"https:\/\/refrigeration.lt\/produktas\/fermod-slegio-voztuvas-kameroms-2220-iki-75-m3-10427\/","name":"FERMOD sl\u0117gio vo\u017etuvas kameroms 2220, iki 75 m3 | Beijer Ref","isPartOf":{"@id":"https:\/\/refrigeration.lt\/#website"},"primaryImageOfPage":{"@id":"https:\/\/refrigeration.lt\/produktas\/fermod-slegio-voztuvas-kameroms-2220-iki-75-m3-10427\/#primaryimage"},"image":{"@id":"https:\/\/refrigeration.lt\/produktas\/fermod-slegio-voztuvas-kameroms-2220-iki-75-m3-10427\/#primaryimage"},"thumbnailUrl":"https:\/\/refrigeration.lt\/wp-content\/uploads\/2025\/06\/fermod-slegio-voztuvas-kameroms-2220-iki-75-m3-10427.jpg","datePublished":"2025-06-27T08:29:51+00:00","description":"FERMOD sl\u0117gio vo\u017etuvas kameroms 2220, iki 75 m3. Pirkite internetu arba pateikite u\u017eklaus\u0105.","breadcrumb":{"@id":"https:\/\/refrigeration.lt\/produktas\/fermod-slegio-voztuvas-kameroms-2220-iki-75-m3-10427\/#breadcrumb"},"inLanguage":"en-US","potentialAction":[{"@type":"ReadAction","target":["https:\/\/refrigeration.lt\/produktas\/fermod-slegio-voztuvas-kameroms-2220-iki-75-m3-10427\/"]}]},{"@type":"ImageObject","inLanguage":"en-US","@id":"https:\/\/refrigeration.lt\/produktas\/fermod-slegio-voztuvas-kameroms-2220-iki-75-m3-10427\/#primaryimage","url":"https:\/\/refrigeration.lt\/wp-content\/uploads\/2025\/06\/fermod-slegio-voztuvas-kameroms-2220-iki-75-m3-10427.jpg","contentUrl":"https:\/\/refrigeration.lt\/wp-content\/uploads\/2025\/06\/fermod-slegio-voztuvas-kameroms-2220-iki-75-m3-10427.jpg","width":500,"height":500,"caption":"FERMOD sl\u0117gio vo\u017etuvas kameroms 2220, iki 75 m3"},{"@type":"BreadcrumbList","@id":"https:\/\/refrigeration.lt\/produktas\/fermod-slegio-voztuvas-kameroms-2220-iki-75-m3-10427\/#breadcrumb","itemListElement":[{"@type":"ListItem","position":1,"name":"Home","item":"https:\/\/refrigeration.lt\/"},{"@type":"ListItem","position":2,"name":"Visos prek\u0117s","item":"https:\/\/refrigeration.lt\/parduotuve\/"},{"@type":"ListItem","position":3,"name":"FERMOD sl\u0117gio vo\u017etuvas kameroms 2220, iki 75 m3"}]},{"@type":"WebSite","@id":"https:\/\/refrigeration.lt\/#website","url":"https:\/\/refrigeration.lt\/","name":"Beijer Ref","description":"Tarptautin\u0117 didmeninink\u0173 grup\u0117, veikianti komercinio \u0161aldymo, komforto \u0161aldymo, pramoninio \u0161aldymo ir susijusiuose sektoriuose.","publisher":{"@id":"https:\/\/refrigeration.lt\/#organization"},"potentialAction":[{"@type":"SearchAction","target":{"@type":"EntryPoint","urlTemplate":"https:\/\/refrigeration.lt\/?s={search_term_string}"},"query-input":{"@type":"PropertyValueSpecification","valueRequired":true,"valueName":"search_term_string"}}],"inLanguage":"en-US"},{"@type":"Organization","@id":"https:\/\/refrigeration.lt\/#organization","name":"Beijer Ref","url":"https:\/\/refrigeration.lt\/","logo":{"@type":"ImageObject","inLanguage":"en-US","@id":"https:\/\/refrigeration.lt\/#\/schema\/logo\/image\/","url":"https:\/\/refrigeration.lt\/wp-content\/uploads\/2025\/09\/Beijer-Ref-LT-logo.png","contentUrl":"https:\/\/refrigeration.lt\/wp-content\/uploads\/2025\/09\/Beijer-Ref-LT-logo.png","width":161,"height":38,"caption":"Beijer Ref"},"image":{"@id":"https:\/\/refrigeration.lt\/#\/schema\/logo\/image\/"}}]}},"_links":{"self":[{"href":"https:\/\/refrigeration.lt\/en\/wp-json\/wp\/v2\/product\/10427","targetHints":{"allow":["GET"]}}],"collection":[{"href":"https:\/\/refrigeration.lt\/en\/wp-json\/wp\/v2\/product"}],"about":[{"href":"https:\/\/refrigeration.lt\/en\/wp-json\/wp\/v2\/types\/product"}],"replies":[{"embeddable":true,"href":"https:\/\/refrigeration.lt\/en\/wp-json\/wp\/v2\/comments?post=10427"}],"wp:featuredmedia":[{"embeddable":true,"href":"https:\/\/refrigeration.lt\/en\/wp-json\/wp\/v2\/media\/10428"}],"wp:attachment":[{"href":"https:\/\/refrigeration.lt\/en\/wp-json\/wp\/v2\/media?parent=10427"}],"wp:term":[{"taxonomy":"product_brand","embeddable":true,"href":"https:\/\/refrigeration.lt\/en\/wp-json\/wp\/v2\/product_brand?post=10427"},{"taxonomy":"product_cat","embeddable":true,"href":"https:\/\/refrigeration.lt\/en\/wp-json\/wp\/v2\/product_cat?post=10427"},{"taxonomy":"product_tag","embeddable":true,"href":"https:\/\/refrigeration.lt\/en\/wp-json\/wp\/v2\/product_tag?post=10427"}],"curies":[{"name":"wp","href":"https:\/\/api.w.org\/{rel}","templated":true}]}}