{"id":10448,"date":"2025-06-27T08:30:52","date_gmt":"2025-06-27T08:30:52","guid":{"rendered":"https:\/\/refrigeration.webdemo.lt\/?post_type=product&p=10448"},"modified":"2025-06-27T08:30:52","modified_gmt":"2025-06-27T08:30:52","slug":"copeland-ps3-n15-kabelis-ps3-10448","status":"publish","type":"product","link":"https:\/\/refrigeration.lt\/en\/product\/copeland-ps3-n15-kabelis-ps3-10448\/","title":{"rendered":"COPELAND PS3-N15 Cable for PS3"},"content":{"rendered":"<p>Cable with plug, Alco Pressure switch, PS3-N15, 804580, 1.5 m, 3 x 0.75 mm\u00b2 <\/p>\n<p> COPELAND products are supplied upon request.<br \/>\n You can view the manufacturer&#8217;s full range by clicking on the following links: https:\/\/www.copeland.com\/en-us\/products<br \/>\n To request a specific product, please leave a comment indicating the desired item, model, and quantity. Once we receive your inquiry, we will prepare an offer and send it to the contact details provided in the request form.<\/p>","protected":false},"excerpt":{"rendered":"<p>Cable with plug, Alco Pressure switch, PS3-N15, 804580, 1.5 m, 3 x 0.75 mm\u00b2 <\/p>\n<p> COPELAND products are supplied upon request.<br \/>\n You can view the manufacturer&#8217;s full range by clicking on the following links: https:\/\/www.copeland.com\/en-us\/products<br \/>\n To request a specific product, please leave a comment indicating the desired item, model, and quantity. Once we receive your inquiry, we will prepare an offer and send it to the contact details provided in the request form.<\/p>","protected":false},"featured_media":10449,"comment_status":"open","ping_status":"closed","template":"","meta":{"_acf_changed":false},"product_brand":[],"product_cat":[98,83],"product_tag":[],"class_list":{"0":"post-10448","1":"product","2":"type-product","3":"status-publish","4":"has-post-thumbnail","6":"product_cat-copeland","7":"product_cat-gamintojai","9":"first","10":"instock","11":"taxable","12":"shipping-taxable","13":"purchasable","14":"product-type-simple"},"acf":[],"yoast_head":"<!-- This site is optimized with the Yoast SEO plugin v27.4 - https:\/\/yoast.com\/product\/yoast-seo-wordpress\/ -->\n<title>COPELAND PS3-N15 kabelis PS3 | Beijer Ref<\/title>\n<meta name=\"description\" content=\"COPELAND PS3-N15 kabelis PS3. Pirkite internetu arba pateikite u\u017eklaus\u0105.\" \/>\n<meta name=\"robots\" content=\"index, follow, max-snippet:-1, max-image-preview:large, max-video-preview:-1\" \/>\n<link rel=\"canonical\" href=\"https:\/\/refrigeration.lt\/en\/product\/copeland-ps3-n15-kabelis-ps3-10448\/\" \/>\n<meta property=\"og:locale\" content=\"en_US\" \/>\n<meta property=\"og:type\" content=\"article\" \/>\n<meta property=\"og:title\" content=\"COPELAND PS3-N15 kabelis PS3 | Beijer Ref\" \/>\n<meta property=\"og:description\" content=\"COPELAND PS3-N15 kabelis PS3. Pirkite internetu arba pateikite u\u017eklaus\u0105.\" \/>\n<meta property=\"og:url\" content=\"https:\/\/refrigeration.lt\/en\/product\/copeland-ps3-n15-kabelis-ps3-10448\/\" \/>\n<meta property=\"og:site_name\" content=\"Beijer Ref\" \/>\n<meta property=\"og:image\" content=\"https:\/\/refrigeration.lt\/wp-content\/uploads\/2025\/06\/copeland-ps3-n15-kabelis-ps3-10448.jpg\" \/>\n\t<meta property=\"og:image:width\" content=\"1120\" \/>\n\t<meta property=\"og:image:height\" content=\"1120\" \/>\n\t<meta property=\"og:image:type\" content=\"image\/jpeg\" \/>\n<meta name=\"twitter:card\" content=\"summary_large_image\" \/>\n<script type=\"application\/ld+json\" class=\"yoast-schema-graph\">{\"@context\":\"https:\\\/\\\/schema.org\",\"@graph\":[{\"@type\":\"WebPage\",\"@id\":\"https:\\\/\\\/refrigeration.lt\\\/produktas\\\/copeland-ps3-n15-kabelis-ps3-10448\\\/\",\"url\":\"https:\\\/\\\/refrigeration.lt\\\/produktas\\\/copeland-ps3-n15-kabelis-ps3-10448\\\/\",\"name\":\"COPELAND PS3-N15 kabelis PS3 | Beijer Ref\",\"isPartOf\":{\"@id\":\"https:\\\/\\\/refrigeration.lt\\\/#website\"},\"primaryImageOfPage\":{\"@id\":\"https:\\\/\\\/refrigeration.lt\\\/produktas\\\/copeland-ps3-n15-kabelis-ps3-10448\\\/#primaryimage\"},\"image\":{\"@id\":\"https:\\\/\\\/refrigeration.lt\\\/produktas\\\/copeland-ps3-n15-kabelis-ps3-10448\\\/#primaryimage\"},\"thumbnailUrl\":\"https:\\\/\\\/refrigeration.lt\\\/wp-content\\\/uploads\\\/2025\\\/06\\\/copeland-ps3-n15-kabelis-ps3-10448.jpg\",\"datePublished\":\"2025-06-27T08:30:52+00:00\",\"description\":\"COPELAND PS3-N15 kabelis PS3. Pirkite internetu arba pateikite u\u017eklaus\u0105.\",\"breadcrumb\":{\"@id\":\"https:\\\/\\\/refrigeration.lt\\\/produktas\\\/copeland-ps3-n15-kabelis-ps3-10448\\\/#breadcrumb\"},\"inLanguage\":\"en-US\",\"potentialAction\":[{\"@type\":\"ReadAction\",\"target\":[\"https:\\\/\\\/refrigeration.lt\\\/produktas\\\/copeland-ps3-n15-kabelis-ps3-10448\\\/\"]}]},{\"@type\":\"ImageObject\",\"inLanguage\":\"en-US\",\"@id\":\"https:\\\/\\\/refrigeration.lt\\\/produktas\\\/copeland-ps3-n15-kabelis-ps3-10448\\\/#primaryimage\",\"url\":\"https:\\\/\\\/refrigeration.lt\\\/wp-content\\\/uploads\\\/2025\\\/06\\\/copeland-ps3-n15-kabelis-ps3-10448.jpg\",\"contentUrl\":\"https:\\\/\\\/refrigeration.lt\\\/wp-content\\\/uploads\\\/2025\\\/06\\\/copeland-ps3-n15-kabelis-ps3-10448.jpg\",\"width\":1120,\"height\":1120,\"caption\":\"COPELAND PS3-N15 kabelis PS3\"},{\"@type\":\"BreadcrumbList\",\"@id\":\"https:\\\/\\\/refrigeration.lt\\\/produktas\\\/copeland-ps3-n15-kabelis-ps3-10448\\\/#breadcrumb\",\"itemListElement\":[{\"@type\":\"ListItem\",\"position\":1,\"name\":\"Home\",\"item\":\"https:\\\/\\\/refrigeration.lt\\\/\"},{\"@type\":\"ListItem\",\"position\":2,\"name\":\"Visos prek\u0117s\",\"item\":\"https:\\\/\\\/refrigeration.lt\\\/parduotuve\\\/\"},{\"@type\":\"ListItem\",\"position\":3,\"name\":\"COPELAND PS3-N15 kabelis PS3\"}]},{\"@type\":\"WebSite\",\"@id\":\"https:\\\/\\\/refrigeration.lt\\\/#website\",\"url\":\"https:\\\/\\\/refrigeration.lt\\\/\",\"name\":\"Beijer Ref\",\"description\":\"Tarptautin\u0117 didmeninink\u0173 grup\u0117, veikianti komercinio \u0161aldymo, komforto \u0161aldymo, pramoninio \u0161aldymo ir susijusiuose sektoriuose.\",\"publisher\":{\"@id\":\"https:\\\/\\\/refrigeration.lt\\\/#organization\"},\"potentialAction\":[{\"@type\":\"SearchAction\",\"target\":{\"@type\":\"EntryPoint\",\"urlTemplate\":\"https:\\\/\\\/refrigeration.lt\\\/?s={search_term_string}\"},\"query-input\":{\"@type\":\"PropertyValueSpecification\",\"valueRequired\":true,\"valueName\":\"search_term_string\"}}],\"inLanguage\":\"en-US\"},{\"@type\":\"Organization\",\"@id\":\"https:\\\/\\\/refrigeration.lt\\\/#organization\",\"name\":\"Beijer Ref\",\"url\":\"https:\\\/\\\/refrigeration.lt\\\/\",\"logo\":{\"@type\":\"ImageObject\",\"inLanguage\":\"en-US\",\"@id\":\"https:\\\/\\\/refrigeration.lt\\\/#\\\/schema\\\/logo\\\/image\\\/\",\"url\":\"https:\\\/\\\/refrigeration.lt\\\/wp-content\\\/uploads\\\/2025\\\/09\\\/Beijer-Ref-LT-logo.png\",\"contentUrl\":\"https:\\\/\\\/refrigeration.lt\\\/wp-content\\\/uploads\\\/2025\\\/09\\\/Beijer-Ref-LT-logo.png\",\"width\":161,\"height\":38,\"caption\":\"Beijer Ref\"},\"image\":{\"@id\":\"https:\\\/\\\/refrigeration.lt\\\/#\\\/schema\\\/logo\\\/image\\\/\"}}]}<\/script>\n<!-- \/ Yoast SEO plugin. -->","yoast_head_json":{"title":"COPELAND PS3-N15 kabelis PS3 | Beijer Ref","description":"COPELAND PS3-N15 kabelis PS3. Pirkite internetu arba pateikite u\u017eklaus\u0105.","robots":{"index":"index","follow":"follow","max-snippet":"max-snippet:-1","max-image-preview":"max-image-preview:large","max-video-preview":"max-video-preview:-1"},"canonical":"https:\/\/refrigeration.lt\/en\/product\/copeland-ps3-n15-kabelis-ps3-10448\/","og_locale":"en_US","og_type":"article","og_title":"COPELAND PS3-N15 kabelis PS3 | Beijer Ref","og_description":"COPELAND PS3-N15 kabelis PS3. Pirkite internetu arba pateikite u\u017eklaus\u0105.","og_url":"https:\/\/refrigeration.lt\/en\/product\/copeland-ps3-n15-kabelis-ps3-10448\/","og_site_name":"Beijer Ref","og_image":[{"width":1120,"height":1120,"url":"https:\/\/refrigeration.lt\/wp-content\/uploads\/2025\/06\/copeland-ps3-n15-kabelis-ps3-10448.jpg","type":"image\/jpeg"}],"twitter_card":"summary_large_image","schema":{"@context":"https:\/\/schema.org","@graph":[{"@type":"WebPage","@id":"https:\/\/refrigeration.lt\/produktas\/copeland-ps3-n15-kabelis-ps3-10448\/","url":"https:\/\/refrigeration.lt\/produktas\/copeland-ps3-n15-kabelis-ps3-10448\/","name":"COPELAND PS3-N15 kabelis PS3 | Beijer Ref","isPartOf":{"@id":"https:\/\/refrigeration.lt\/#website"},"primaryImageOfPage":{"@id":"https:\/\/refrigeration.lt\/produktas\/copeland-ps3-n15-kabelis-ps3-10448\/#primaryimage"},"image":{"@id":"https:\/\/refrigeration.lt\/produktas\/copeland-ps3-n15-kabelis-ps3-10448\/#primaryimage"},"thumbnailUrl":"https:\/\/refrigeration.lt\/wp-content\/uploads\/2025\/06\/copeland-ps3-n15-kabelis-ps3-10448.jpg","datePublished":"2025-06-27T08:30:52+00:00","description":"COPELAND PS3-N15 kabelis PS3. Pirkite internetu arba pateikite u\u017eklaus\u0105.","breadcrumb":{"@id":"https:\/\/refrigeration.lt\/produktas\/copeland-ps3-n15-kabelis-ps3-10448\/#breadcrumb"},"inLanguage":"en-US","potentialAction":[{"@type":"ReadAction","target":["https:\/\/refrigeration.lt\/produktas\/copeland-ps3-n15-kabelis-ps3-10448\/"]}]},{"@type":"ImageObject","inLanguage":"en-US","@id":"https:\/\/refrigeration.lt\/produktas\/copeland-ps3-n15-kabelis-ps3-10448\/#primaryimage","url":"https:\/\/refrigeration.lt\/wp-content\/uploads\/2025\/06\/copeland-ps3-n15-kabelis-ps3-10448.jpg","contentUrl":"https:\/\/refrigeration.lt\/wp-content\/uploads\/2025\/06\/copeland-ps3-n15-kabelis-ps3-10448.jpg","width":1120,"height":1120,"caption":"COPELAND PS3-N15 kabelis PS3"},{"@type":"BreadcrumbList","@id":"https:\/\/refrigeration.lt\/produktas\/copeland-ps3-n15-kabelis-ps3-10448\/#breadcrumb","itemListElement":[{"@type":"ListItem","position":1,"name":"Home","item":"https:\/\/refrigeration.lt\/"},{"@type":"ListItem","position":2,"name":"Visos prek\u0117s","item":"https:\/\/refrigeration.lt\/parduotuve\/"},{"@type":"ListItem","position":3,"name":"COPELAND PS3-N15 kabelis PS3"}]},{"@type":"WebSite","@id":"https:\/\/refrigeration.lt\/#website","url":"https:\/\/refrigeration.lt\/","name":"Beijer Ref","description":"Tarptautin\u0117 didmeninink\u0173 grup\u0117, veikianti komercinio \u0161aldymo, komforto \u0161aldymo, pramoninio \u0161aldymo ir susijusiuose sektoriuose.","publisher":{"@id":"https:\/\/refrigeration.lt\/#organization"},"potentialAction":[{"@type":"SearchAction","target":{"@type":"EntryPoint","urlTemplate":"https:\/\/refrigeration.lt\/?s={search_term_string}"},"query-input":{"@type":"PropertyValueSpecification","valueRequired":true,"valueName":"search_term_string"}}],"inLanguage":"en-US"},{"@type":"Organization","@id":"https:\/\/refrigeration.lt\/#organization","name":"Beijer Ref","url":"https:\/\/refrigeration.lt\/","logo":{"@type":"ImageObject","inLanguage":"en-US","@id":"https:\/\/refrigeration.lt\/#\/schema\/logo\/image\/","url":"https:\/\/refrigeration.lt\/wp-content\/uploads\/2025\/09\/Beijer-Ref-LT-logo.png","contentUrl":"https:\/\/refrigeration.lt\/wp-content\/uploads\/2025\/09\/Beijer-Ref-LT-logo.png","width":161,"height":38,"caption":"Beijer Ref"},"image":{"@id":"https:\/\/refrigeration.lt\/#\/schema\/logo\/image\/"}}]}},"_links":{"self":[{"href":"https:\/\/refrigeration.lt\/en\/wp-json\/wp\/v2\/product\/10448","targetHints":{"allow":["GET"]}}],"collection":[{"href":"https:\/\/refrigeration.lt\/en\/wp-json\/wp\/v2\/product"}],"about":[{"href":"https:\/\/refrigeration.lt\/en\/wp-json\/wp\/v2\/types\/product"}],"replies":[{"embeddable":true,"href":"https:\/\/refrigeration.lt\/en\/wp-json\/wp\/v2\/comments?post=10448"}],"wp:featuredmedia":[{"embeddable":true,"href":"https:\/\/refrigeration.lt\/en\/wp-json\/wp\/v2\/media\/10449"}],"wp:attachment":[{"href":"https:\/\/refrigeration.lt\/en\/wp-json\/wp\/v2\/media?parent=10448"}],"wp:term":[{"taxonomy":"product_brand","embeddable":true,"href":"https:\/\/refrigeration.lt\/en\/wp-json\/wp\/v2\/product_brand?post=10448"},{"taxonomy":"product_cat","embeddable":true,"href":"https:\/\/refrigeration.lt\/en\/wp-json\/wp\/v2\/product_cat?post=10448"},{"taxonomy":"product_tag","embeddable":true,"href":"https:\/\/refrigeration.lt\/en\/wp-json\/wp\/v2\/product_tag?post=10448"}],"curies":[{"name":"wp","href":"https:\/\/api.w.org\/{rel}","templated":true}]}}