{"id":10461,"date":"2025-06-27T08:31:01","date_gmt":"2025-06-27T08:31:01","guid":{"rendered":"https:\/\/refrigeration.webdemo.lt\/?post_type=product&p=10461"},"modified":"2025-06-27T08:31:01","modified_gmt":"2025-06-27T08:31:01","slug":"copeland-kabelis-su-jungtimi-exv-m60-6-0-m-ilgio-10461","status":"publish","type":"product","link":"https:\/\/refrigeration.lt\/en\/product\/copeland-kabelis-su-jungtimi-exv-m60-6-0-m-ilgio-10461\/","title":{"rendered":"COPELAND Cable with Connector EXV-M60, 6.0 m Length"},"content":{"rendered":"<p>&#8211; Fully hermetic design<br \/>\n &#8211; Fast full stroke time<br \/>\n &#8211; Applicable to all common refrigerants (HCFC, HFC), for subcritical R-744 applications<br \/>\n &#8211; High resolution and excellent repeatability<br \/>\n &#8211; Bi-directional versions for heat pump applications<br \/>\n &#8211; Positive shut-off function to eliminate the use of an additional solenoid valve<br \/>\n &#8211; Linear flow capacity<br \/>\n &#8211; Wide capacity range (10 &#8211; 100%)<br \/>\n &#8211; Continuous modulation of mass flow, no stress (liquid hammering) in the refrigeration circuit<br \/>\n &#8211; Direct coupling of motor and valve for high reliability (no gear mechanism) <\/p>\n<p> COPELAND products are supplied upon request.<br \/>\n You can view the manufacturer&#8217;s full range by clicking on the following links: https:\/\/www.copeland.com\/en-us\/products<br \/>\n To request a specific product, please leave a comment indicating the desired item, model, and quantity. Once we receive your inquiry, we will prepare an offer and send it to the contact details provided in the request form.<\/p>","protected":false},"excerpt":{"rendered":"<p>The EX4-EX8 are stepper motor driven valves that are optimized for the control of liquid or gaseous mass flow in refrigeration systems.. Multifunction capability as expansion valve, hot gas bypass, suction gas throttling, head pressure, liquid line actuator and other applications systems..<br \/>\n COPELAND products are supplied upon request.<br \/>\n You can view the manufacturer&#8217;s full range by clicking on the following links: https:\/\/www.copeland.com\/en-us\/products<br \/>\n To request a specific product, please leave a comment indicating the desired item, model, and quantity. Once we receive your inquiry, we will prepare an offer and send it to the contact details provided in the request form.<\/p>","protected":false},"featured_media":0,"comment_status":"open","ping_status":"closed","template":"","meta":{"_acf_changed":false},"product_brand":[],"product_cat":[98,83],"product_tag":[],"class_list":{"0":"post-10461","1":"product","2":"type-product","3":"status-publish","5":"product_cat-copeland","6":"product_cat-gamintojai","8":"first","9":"instock","10":"taxable","11":"shipping-taxable","12":"purchasable","13":"product-type-simple"},"acf":[],"yoast_head":"<!-- This site is optimized with the Yoast SEO plugin v27.4 - https:\/\/yoast.com\/product\/yoast-seo-wordpress\/ -->\n<title>COPELAND Kab\u0117lis su jungtimi EXV-M60, 6.0 m. ilgio | Beijer Ref<\/title>\n<meta name=\"description\" content=\"COPELAND Kab\u0117lis su jungtimi EXV-M60, 6.0 m. ilgio. Pirkite internetu arba pateikite u\u017eklaus\u0105.\" \/>\n<meta name=\"robots\" content=\"index, follow, max-snippet:-1, max-image-preview:large, max-video-preview:-1\" \/>\n<link rel=\"canonical\" href=\"https:\/\/refrigeration.lt\/en\/product\/copeland-kabelis-su-jungtimi-exv-m60-6-0-m-ilgio-10461\/\" \/>\n<meta property=\"og:locale\" content=\"en_US\" \/>\n<meta property=\"og:type\" content=\"article\" \/>\n<meta property=\"og:title\" content=\"COPELAND Kab\u0117lis su jungtimi EXV-M60, 6.0 m. ilgio | Beijer Ref\" \/>\n<meta property=\"og:description\" content=\"COPELAND Kab\u0117lis su jungtimi EXV-M60, 6.0 m. ilgio. Pirkite internetu arba pateikite u\u017eklaus\u0105.\" \/>\n<meta property=\"og:url\" content=\"https:\/\/refrigeration.lt\/en\/product\/copeland-kabelis-su-jungtimi-exv-m60-6-0-m-ilgio-10461\/\" \/>\n<meta property=\"og:site_name\" content=\"Beijer Ref\" \/>\n<meta name=\"twitter:card\" content=\"summary_large_image\" \/>\n<meta name=\"twitter:label1\" content=\"Est. reading time\" \/>\n\t<meta name=\"twitter:data1\" content=\"1 minute\" \/>\n<script type=\"application\/ld+json\" class=\"yoast-schema-graph\">{\"@context\":\"https:\\\/\\\/schema.org\",\"@graph\":[{\"@type\":\"WebPage\",\"@id\":\"https:\\\/\\\/refrigeration.lt\\\/produktas\\\/copeland-kabelis-su-jungtimi-exv-m60-6-0-m-ilgio-10461\\\/\",\"url\":\"https:\\\/\\\/refrigeration.lt\\\/produktas\\\/copeland-kabelis-su-jungtimi-exv-m60-6-0-m-ilgio-10461\\\/\",\"name\":\"COPELAND Kab\u0117lis su jungtimi EXV-M60, 6.0 m. ilgio | Beijer Ref\",\"isPartOf\":{\"@id\":\"https:\\\/\\\/refrigeration.lt\\\/#website\"},\"datePublished\":\"2025-06-27T08:31:01+00:00\",\"description\":\"COPELAND Kab\u0117lis su jungtimi EXV-M60, 6.0 m. ilgio. Pirkite internetu arba pateikite u\u017eklaus\u0105.\",\"breadcrumb\":{\"@id\":\"https:\\\/\\\/refrigeration.lt\\\/produktas\\\/copeland-kabelis-su-jungtimi-exv-m60-6-0-m-ilgio-10461\\\/#breadcrumb\"},\"inLanguage\":\"en-US\",\"potentialAction\":[{\"@type\":\"ReadAction\",\"target\":[\"https:\\\/\\\/refrigeration.lt\\\/produktas\\\/copeland-kabelis-su-jungtimi-exv-m60-6-0-m-ilgio-10461\\\/\"]}]},{\"@type\":\"BreadcrumbList\",\"@id\":\"https:\\\/\\\/refrigeration.lt\\\/produktas\\\/copeland-kabelis-su-jungtimi-exv-m60-6-0-m-ilgio-10461\\\/#breadcrumb\",\"itemListElement\":[{\"@type\":\"ListItem\",\"position\":1,\"name\":\"Home\",\"item\":\"https:\\\/\\\/refrigeration.lt\\\/\"},{\"@type\":\"ListItem\",\"position\":2,\"name\":\"Visos prek\u0117s\",\"item\":\"https:\\\/\\\/refrigeration.lt\\\/parduotuve\\\/\"},{\"@type\":\"ListItem\",\"position\":3,\"name\":\"COPELAND Kab\u0117lis su jungtimi EXV-M60, 6.0 m. ilgio\"}]},{\"@type\":\"WebSite\",\"@id\":\"https:\\\/\\\/refrigeration.lt\\\/#website\",\"url\":\"https:\\\/\\\/refrigeration.lt\\\/\",\"name\":\"Beijer Ref\",\"description\":\"Tarptautin\u0117 didmeninink\u0173 grup\u0117, veikianti komercinio \u0161aldymo, komforto \u0161aldymo, pramoninio \u0161aldymo ir susijusiuose sektoriuose.\",\"publisher\":{\"@id\":\"https:\\\/\\\/refrigeration.lt\\\/#organization\"},\"potentialAction\":[{\"@type\":\"SearchAction\",\"target\":{\"@type\":\"EntryPoint\",\"urlTemplate\":\"https:\\\/\\\/refrigeration.lt\\\/?s={search_term_string}\"},\"query-input\":{\"@type\":\"PropertyValueSpecification\",\"valueRequired\":true,\"valueName\":\"search_term_string\"}}],\"inLanguage\":\"en-US\"},{\"@type\":\"Organization\",\"@id\":\"https:\\\/\\\/refrigeration.lt\\\/#organization\",\"name\":\"Beijer Ref\",\"url\":\"https:\\\/\\\/refrigeration.lt\\\/\",\"logo\":{\"@type\":\"ImageObject\",\"inLanguage\":\"en-US\",\"@id\":\"https:\\\/\\\/refrigeration.lt\\\/#\\\/schema\\\/logo\\\/image\\\/\",\"url\":\"https:\\\/\\\/refrigeration.lt\\\/wp-content\\\/uploads\\\/2025\\\/09\\\/Beijer-Ref-LT-logo.png\",\"contentUrl\":\"https:\\\/\\\/refrigeration.lt\\\/wp-content\\\/uploads\\\/2025\\\/09\\\/Beijer-Ref-LT-logo.png\",\"width\":161,\"height\":38,\"caption\":\"Beijer Ref\"},\"image\":{\"@id\":\"https:\\\/\\\/refrigeration.lt\\\/#\\\/schema\\\/logo\\\/image\\\/\"}}]}<\/script>\n<!-- \/ Yoast SEO plugin. -->","yoast_head_json":{"title":"COPELAND Kab\u0117lis su jungtimi EXV-M60, 6.0 m. ilgio | Beijer Ref","description":"COPELAND Kab\u0117lis su jungtimi EXV-M60, 6.0 m. ilgio. Pirkite internetu arba pateikite u\u017eklaus\u0105.","robots":{"index":"index","follow":"follow","max-snippet":"max-snippet:-1","max-image-preview":"max-image-preview:large","max-video-preview":"max-video-preview:-1"},"canonical":"https:\/\/refrigeration.lt\/en\/product\/copeland-kabelis-su-jungtimi-exv-m60-6-0-m-ilgio-10461\/","og_locale":"en_US","og_type":"article","og_title":"COPELAND Kab\u0117lis su jungtimi EXV-M60, 6.0 m. ilgio | Beijer Ref","og_description":"COPELAND Kab\u0117lis su jungtimi EXV-M60, 6.0 m. ilgio. Pirkite internetu arba pateikite u\u017eklaus\u0105.","og_url":"https:\/\/refrigeration.lt\/en\/product\/copeland-kabelis-su-jungtimi-exv-m60-6-0-m-ilgio-10461\/","og_site_name":"Beijer Ref","twitter_card":"summary_large_image","twitter_misc":{"Est. reading time":"1 minute"},"schema":{"@context":"https:\/\/schema.org","@graph":[{"@type":"WebPage","@id":"https:\/\/refrigeration.lt\/produktas\/copeland-kabelis-su-jungtimi-exv-m60-6-0-m-ilgio-10461\/","url":"https:\/\/refrigeration.lt\/produktas\/copeland-kabelis-su-jungtimi-exv-m60-6-0-m-ilgio-10461\/","name":"COPELAND Kab\u0117lis su jungtimi EXV-M60, 6.0 m. ilgio | Beijer Ref","isPartOf":{"@id":"https:\/\/refrigeration.lt\/#website"},"datePublished":"2025-06-27T08:31:01+00:00","description":"COPELAND Kab\u0117lis su jungtimi EXV-M60, 6.0 m. ilgio. Pirkite internetu arba pateikite u\u017eklaus\u0105.","breadcrumb":{"@id":"https:\/\/refrigeration.lt\/produktas\/copeland-kabelis-su-jungtimi-exv-m60-6-0-m-ilgio-10461\/#breadcrumb"},"inLanguage":"en-US","potentialAction":[{"@type":"ReadAction","target":["https:\/\/refrigeration.lt\/produktas\/copeland-kabelis-su-jungtimi-exv-m60-6-0-m-ilgio-10461\/"]}]},{"@type":"BreadcrumbList","@id":"https:\/\/refrigeration.lt\/produktas\/copeland-kabelis-su-jungtimi-exv-m60-6-0-m-ilgio-10461\/#breadcrumb","itemListElement":[{"@type":"ListItem","position":1,"name":"Home","item":"https:\/\/refrigeration.lt\/"},{"@type":"ListItem","position":2,"name":"Visos prek\u0117s","item":"https:\/\/refrigeration.lt\/parduotuve\/"},{"@type":"ListItem","position":3,"name":"COPELAND Kab\u0117lis su jungtimi EXV-M60, 6.0 m. ilgio"}]},{"@type":"WebSite","@id":"https:\/\/refrigeration.lt\/#website","url":"https:\/\/refrigeration.lt\/","name":"Beijer Ref","description":"Tarptautin\u0117 didmeninink\u0173 grup\u0117, veikianti komercinio \u0161aldymo, komforto \u0161aldymo, pramoninio \u0161aldymo ir susijusiuose sektoriuose.","publisher":{"@id":"https:\/\/refrigeration.lt\/#organization"},"potentialAction":[{"@type":"SearchAction","target":{"@type":"EntryPoint","urlTemplate":"https:\/\/refrigeration.lt\/?s={search_term_string}"},"query-input":{"@type":"PropertyValueSpecification","valueRequired":true,"valueName":"search_term_string"}}],"inLanguage":"en-US"},{"@type":"Organization","@id":"https:\/\/refrigeration.lt\/#organization","name":"Beijer Ref","url":"https:\/\/refrigeration.lt\/","logo":{"@type":"ImageObject","inLanguage":"en-US","@id":"https:\/\/refrigeration.lt\/#\/schema\/logo\/image\/","url":"https:\/\/refrigeration.lt\/wp-content\/uploads\/2025\/09\/Beijer-Ref-LT-logo.png","contentUrl":"https:\/\/refrigeration.lt\/wp-content\/uploads\/2025\/09\/Beijer-Ref-LT-logo.png","width":161,"height":38,"caption":"Beijer Ref"},"image":{"@id":"https:\/\/refrigeration.lt\/#\/schema\/logo\/image\/"}}]}},"_links":{"self":[{"href":"https:\/\/refrigeration.lt\/en\/wp-json\/wp\/v2\/product\/10461","targetHints":{"allow":["GET"]}}],"collection":[{"href":"https:\/\/refrigeration.lt\/en\/wp-json\/wp\/v2\/product"}],"about":[{"href":"https:\/\/refrigeration.lt\/en\/wp-json\/wp\/v2\/types\/product"}],"replies":[{"embeddable":true,"href":"https:\/\/refrigeration.lt\/en\/wp-json\/wp\/v2\/comments?post=10461"}],"wp:attachment":[{"href":"https:\/\/refrigeration.lt\/en\/wp-json\/wp\/v2\/media?parent=10461"}],"wp:term":[{"taxonomy":"product_brand","embeddable":true,"href":"https:\/\/refrigeration.lt\/en\/wp-json\/wp\/v2\/product_brand?post=10461"},{"taxonomy":"product_cat","embeddable":true,"href":"https:\/\/refrigeration.lt\/en\/wp-json\/wp\/v2\/product_cat?post=10461"},{"taxonomy":"product_tag","embeddable":true,"href":"https:\/\/refrigeration.lt\/en\/wp-json\/wp\/v2\/product_tag?post=10461"}],"curies":[{"name":"wp","href":"https:\/\/api.w.org\/{rel}","templated":true}]}}