{"id":10462,"date":"2025-06-27T08:43:24","date_gmt":"2025-06-27T08:43:24","guid":{"rendered":"https:\/\/refrigeration.webdemo.lt\/?post_type=product&p=10462"},"modified":"2025-06-27T08:43:24","modified_gmt":"2025-06-27T08:43:24","slug":"ebmpapst-ventiliatorius-asinis-8221-v-8221-a4e-400-ap-02-01-10462","status":"publish","type":"product","link":"https:\/\/refrigeration.lt\/en\/product\/ebmpapst-ventiliatorius-asinis-8221-v-8221-a4e-400-ap-02-01-10462\/","title":{"rendered":"EBMPAPST Ventiliatorius a\u0161inis &#8221;V&#8221; A4E 400 AP 02-01 EBM PAPST"},"content":{"rendered":"<p>With axial fans, which function similarly to a propeller, the air is conveyed in axial direction in parallel with the rotating motor shaft. The ebm\u2011papst external rotor motor is integrated directly into the axial impeller, forming a compact axial fan unit. For mounting, use is generally made of fan housings in short or long nozzles. <\/p>\n<p> The combination of ebm\u2011papst GreenTech EC technology, intelligent sensors and control electronics turns the fans into smart solutions for all purposes. Whether condition monitoring, economical remote maintenance or automatic speed adjustment as contamination increases, ebm\u2011papst supplies everything from a single source for customized intelligent solutions. <\/p>\n<p> EBMPAPST products are supplied upon request.<br \/>\n You can view the manufacturer&#8217;s full range by clicking on the following links: https:\/\/www.ebmpapst.com\/de\/en\/products.html<br \/>\n To request a specific product, please leave a comment indicating the desired item, model, and quantity. Once we receive your inquiry, we will prepare an offer and send it to the contact details provided in the request form.<\/p>","protected":false},"excerpt":{"rendered":"<p>The truly space-saving ebm\u00ad-papst axial fans are used to exchange hot and cold air in all sorts of devices and systems. Their outstanding features include a shallow installation depth, low noise level and excellent efficiency, making them particularly suitable for conveying air through heat exchangers.<br \/>\n EBMPAPST products are supplied upon request.<br \/>\n You can view the manufacturer&#8217;s full range by clicking on the following links: https:\/\/www.ebmpapst.com\/de\/en\/products.html<br \/>\n To request a specific product, please leave a comment indicating the desired item, model, and quantity. Once we receive your inquiry, we will prepare an offer and send it to the contact details provided in the request form.<\/p>","protected":false},"featured_media":0,"comment_status":"open","ping_status":"closed","template":"","meta":{"_acf_changed":false},"product_brand":[],"product_cat":[101,83],"product_tag":[],"class_list":{"0":"post-10462","1":"product","2":"type-product","3":"status-publish","5":"product_cat-ebmpapst","6":"product_cat-gamintojai","8":"first","9":"instock","10":"taxable","11":"shipping-taxable","12":"purchasable","13":"product-type-simple"},"acf":[],"yoast_head":"<!-- This site is optimized with the Yoast SEO plugin v27.4 - https:\/\/yoast.com\/product\/yoast-seo-wordpress\/ -->\n<title>EBMPAPST Ventiliatorius a\u0161inis &#8221;V&#8221; A4E 400 AP 02-01 EBM PAPST | Beijer Ref<\/title>\n<meta name=\"description\" content=\"EBMPAPST Ventiliatorius a\u0161inis &#8221;V&#8221; A4E 400 AP 02-01 EBM PAPST. Pirkite internetu arba pateikite u\u017eklaus\u0105.\" \/>\n<meta name=\"robots\" content=\"index, follow, max-snippet:-1, max-image-preview:large, max-video-preview:-1\" \/>\n<link rel=\"canonical\" href=\"https:\/\/refrigeration.lt\/en\/product\/ebmpapst-ventiliatorius-asinis-8221-v-8221-a4e-400-ap-02-01-10462\/\" \/>\n<meta property=\"og:locale\" content=\"en_US\" \/>\n<meta property=\"og:type\" content=\"article\" \/>\n<meta property=\"og:title\" content=\"EBMPAPST Ventiliatorius a\u0161inis &#8221;V&#8221; A4E 400 AP 02-01 EBM PAPST | Beijer Ref\" \/>\n<meta property=\"og:description\" content=\"EBMPAPST Ventiliatorius a\u0161inis &#8221;V&#8221; A4E 400 AP 02-01 EBM PAPST. Pirkite internetu arba pateikite u\u017eklaus\u0105.\" \/>\n<meta property=\"og:url\" content=\"https:\/\/refrigeration.lt\/en\/product\/ebmpapst-ventiliatorius-asinis-8221-v-8221-a4e-400-ap-02-01-10462\/\" \/>\n<meta property=\"og:site_name\" content=\"Beijer Ref\" \/>\n<meta name=\"twitter:card\" content=\"summary_large_image\" \/>\n<meta name=\"twitter:label1\" content=\"Est. reading time\" \/>\n\t<meta name=\"twitter:data1\" content=\"1 minute\" \/>\n<script type=\"application\/ld+json\" class=\"yoast-schema-graph\">{\"@context\":\"https:\\\/\\\/schema.org\",\"@graph\":[{\"@type\":\"WebPage\",\"@id\":\"https:\\\/\\\/refrigeration.lt\\\/produktas\\\/ebmpapst-ventiliatorius-asinis-8221-v-8221-a4e-400-ap-02-01-10462\\\/\",\"url\":\"https:\\\/\\\/refrigeration.lt\\\/produktas\\\/ebmpapst-ventiliatorius-asinis-8221-v-8221-a4e-400-ap-02-01-10462\\\/\",\"name\":\"EBMPAPST Ventiliatorius a\u0161inis &#8221;V&#8221; A4E 400 AP 02-01 EBM PAPST | Beijer Ref\",\"isPartOf\":{\"@id\":\"https:\\\/\\\/refrigeration.lt\\\/#website\"},\"datePublished\":\"2025-06-27T08:43:24+00:00\",\"description\":\"EBMPAPST Ventiliatorius a\u0161inis &#8221;V&#8221; A4E 400 AP 02-01 EBM PAPST. Pirkite internetu arba pateikite u\u017eklaus\u0105.\",\"breadcrumb\":{\"@id\":\"https:\\\/\\\/refrigeration.lt\\\/produktas\\\/ebmpapst-ventiliatorius-asinis-8221-v-8221-a4e-400-ap-02-01-10462\\\/#breadcrumb\"},\"inLanguage\":\"en-US\",\"potentialAction\":[{\"@type\":\"ReadAction\",\"target\":[\"https:\\\/\\\/refrigeration.lt\\\/produktas\\\/ebmpapst-ventiliatorius-asinis-8221-v-8221-a4e-400-ap-02-01-10462\\\/\"]}]},{\"@type\":\"BreadcrumbList\",\"@id\":\"https:\\\/\\\/refrigeration.lt\\\/produktas\\\/ebmpapst-ventiliatorius-asinis-8221-v-8221-a4e-400-ap-02-01-10462\\\/#breadcrumb\",\"itemListElement\":[{\"@type\":\"ListItem\",\"position\":1,\"name\":\"Home\",\"item\":\"https:\\\/\\\/refrigeration.lt\\\/\"},{\"@type\":\"ListItem\",\"position\":2,\"name\":\"Visos prek\u0117s\",\"item\":\"https:\\\/\\\/refrigeration.lt\\\/parduotuve\\\/\"},{\"@type\":\"ListItem\",\"position\":3,\"name\":\"EBMPAPST Ventiliatorius a\u0161inis &#8221;V&#8221; A4E 400 AP 02-01 EBM PAPST\"}]},{\"@type\":\"WebSite\",\"@id\":\"https:\\\/\\\/refrigeration.lt\\\/#website\",\"url\":\"https:\\\/\\\/refrigeration.lt\\\/\",\"name\":\"Beijer Ref\",\"description\":\"Tarptautin\u0117 didmeninink\u0173 grup\u0117, veikianti komercinio \u0161aldymo, komforto \u0161aldymo, pramoninio \u0161aldymo ir susijusiuose sektoriuose.\",\"publisher\":{\"@id\":\"https:\\\/\\\/refrigeration.lt\\\/#organization\"},\"potentialAction\":[{\"@type\":\"SearchAction\",\"target\":{\"@type\":\"EntryPoint\",\"urlTemplate\":\"https:\\\/\\\/refrigeration.lt\\\/?s={search_term_string}\"},\"query-input\":{\"@type\":\"PropertyValueSpecification\",\"valueRequired\":true,\"valueName\":\"search_term_string\"}}],\"inLanguage\":\"en-US\"},{\"@type\":\"Organization\",\"@id\":\"https:\\\/\\\/refrigeration.lt\\\/#organization\",\"name\":\"Beijer Ref\",\"url\":\"https:\\\/\\\/refrigeration.lt\\\/\",\"logo\":{\"@type\":\"ImageObject\",\"inLanguage\":\"en-US\",\"@id\":\"https:\\\/\\\/refrigeration.lt\\\/#\\\/schema\\\/logo\\\/image\\\/\",\"url\":\"https:\\\/\\\/refrigeration.lt\\\/wp-content\\\/uploads\\\/2025\\\/09\\\/Beijer-Ref-LT-logo.png\",\"contentUrl\":\"https:\\\/\\\/refrigeration.lt\\\/wp-content\\\/uploads\\\/2025\\\/09\\\/Beijer-Ref-LT-logo.png\",\"width\":161,\"height\":38,\"caption\":\"Beijer Ref\"},\"image\":{\"@id\":\"https:\\\/\\\/refrigeration.lt\\\/#\\\/schema\\\/logo\\\/image\\\/\"}}]}<\/script>\n<!-- \/ Yoast SEO plugin. -->","yoast_head_json":{"title":"EBMPAPST Ventiliatorius a\u0161inis &#8221;V&#8221; A4E 400 AP 02-01 EBM PAPST | Beijer Ref","description":"EBMPAPST Ventiliatorius a\u0161inis &#8221;V&#8221; A4E 400 AP 02-01 EBM PAPST. Pirkite internetu arba pateikite u\u017eklaus\u0105.","robots":{"index":"index","follow":"follow","max-snippet":"max-snippet:-1","max-image-preview":"max-image-preview:large","max-video-preview":"max-video-preview:-1"},"canonical":"https:\/\/refrigeration.lt\/en\/product\/ebmpapst-ventiliatorius-asinis-8221-v-8221-a4e-400-ap-02-01-10462\/","og_locale":"en_US","og_type":"article","og_title":"EBMPAPST Ventiliatorius a\u0161inis &#8221;V&#8221; A4E 400 AP 02-01 EBM PAPST | Beijer Ref","og_description":"EBMPAPST Ventiliatorius a\u0161inis &#8221;V&#8221; A4E 400 AP 02-01 EBM PAPST. Pirkite internetu arba pateikite u\u017eklaus\u0105.","og_url":"https:\/\/refrigeration.lt\/en\/product\/ebmpapst-ventiliatorius-asinis-8221-v-8221-a4e-400-ap-02-01-10462\/","og_site_name":"Beijer Ref","twitter_card":"summary_large_image","twitter_misc":{"Est. reading time":"1 minute"},"schema":{"@context":"https:\/\/schema.org","@graph":[{"@type":"WebPage","@id":"https:\/\/refrigeration.lt\/produktas\/ebmpapst-ventiliatorius-asinis-8221-v-8221-a4e-400-ap-02-01-10462\/","url":"https:\/\/refrigeration.lt\/produktas\/ebmpapst-ventiliatorius-asinis-8221-v-8221-a4e-400-ap-02-01-10462\/","name":"EBMPAPST Ventiliatorius a\u0161inis &#8221;V&#8221; A4E 400 AP 02-01 EBM PAPST | Beijer Ref","isPartOf":{"@id":"https:\/\/refrigeration.lt\/#website"},"datePublished":"2025-06-27T08:43:24+00:00","description":"EBMPAPST Ventiliatorius a\u0161inis &#8221;V&#8221; A4E 400 AP 02-01 EBM PAPST. Pirkite internetu arba pateikite u\u017eklaus\u0105.","breadcrumb":{"@id":"https:\/\/refrigeration.lt\/produktas\/ebmpapst-ventiliatorius-asinis-8221-v-8221-a4e-400-ap-02-01-10462\/#breadcrumb"},"inLanguage":"en-US","potentialAction":[{"@type":"ReadAction","target":["https:\/\/refrigeration.lt\/produktas\/ebmpapst-ventiliatorius-asinis-8221-v-8221-a4e-400-ap-02-01-10462\/"]}]},{"@type":"BreadcrumbList","@id":"https:\/\/refrigeration.lt\/produktas\/ebmpapst-ventiliatorius-asinis-8221-v-8221-a4e-400-ap-02-01-10462\/#breadcrumb","itemListElement":[{"@type":"ListItem","position":1,"name":"Home","item":"https:\/\/refrigeration.lt\/"},{"@type":"ListItem","position":2,"name":"Visos prek\u0117s","item":"https:\/\/refrigeration.lt\/parduotuve\/"},{"@type":"ListItem","position":3,"name":"EBMPAPST Ventiliatorius a\u0161inis &#8221;V&#8221; A4E 400 AP 02-01 EBM PAPST"}]},{"@type":"WebSite","@id":"https:\/\/refrigeration.lt\/#website","url":"https:\/\/refrigeration.lt\/","name":"Beijer Ref","description":"Tarptautin\u0117 didmeninink\u0173 grup\u0117, veikianti komercinio \u0161aldymo, komforto \u0161aldymo, pramoninio \u0161aldymo ir susijusiuose sektoriuose.","publisher":{"@id":"https:\/\/refrigeration.lt\/#organization"},"potentialAction":[{"@type":"SearchAction","target":{"@type":"EntryPoint","urlTemplate":"https:\/\/refrigeration.lt\/?s={search_term_string}"},"query-input":{"@type":"PropertyValueSpecification","valueRequired":true,"valueName":"search_term_string"}}],"inLanguage":"en-US"},{"@type":"Organization","@id":"https:\/\/refrigeration.lt\/#organization","name":"Beijer Ref","url":"https:\/\/refrigeration.lt\/","logo":{"@type":"ImageObject","inLanguage":"en-US","@id":"https:\/\/refrigeration.lt\/#\/schema\/logo\/image\/","url":"https:\/\/refrigeration.lt\/wp-content\/uploads\/2025\/09\/Beijer-Ref-LT-logo.png","contentUrl":"https:\/\/refrigeration.lt\/wp-content\/uploads\/2025\/09\/Beijer-Ref-LT-logo.png","width":161,"height":38,"caption":"Beijer Ref"},"image":{"@id":"https:\/\/refrigeration.lt\/#\/schema\/logo\/image\/"}}]}},"_links":{"self":[{"href":"https:\/\/refrigeration.lt\/en\/wp-json\/wp\/v2\/product\/10462","targetHints":{"allow":["GET"]}}],"collection":[{"href":"https:\/\/refrigeration.lt\/en\/wp-json\/wp\/v2\/product"}],"about":[{"href":"https:\/\/refrigeration.lt\/en\/wp-json\/wp\/v2\/types\/product"}],"replies":[{"embeddable":true,"href":"https:\/\/refrigeration.lt\/en\/wp-json\/wp\/v2\/comments?post=10462"}],"wp:attachment":[{"href":"https:\/\/refrigeration.lt\/en\/wp-json\/wp\/v2\/media?parent=10462"}],"wp:term":[{"taxonomy":"product_brand","embeddable":true,"href":"https:\/\/refrigeration.lt\/en\/wp-json\/wp\/v2\/product_brand?post=10462"},{"taxonomy":"product_cat","embeddable":true,"href":"https:\/\/refrigeration.lt\/en\/wp-json\/wp\/v2\/product_cat?post=10462"},{"taxonomy":"product_tag","embeddable":true,"href":"https:\/\/refrigeration.lt\/en\/wp-json\/wp\/v2\/product_tag?post=10462"}],"curies":[{"name":"wp","href":"https:\/\/api.w.org\/{rel}","templated":true}]}}