{"id":12054,"date":"2025-07-14T14:19:17","date_gmt":"2025-07-14T14:19:17","guid":{"rendered":"https:\/\/refrigeration.webdemo.lt\/?post_type=product&p=12054"},"modified":"2025-07-14T14:19:17","modified_gmt":"2025-07-14T14:19:17","slug":"bitzer-0-viiopen2014-kompresorius-12054","status":"publish","type":"product","link":"https:\/\/refrigeration.lt\/en\/product\/bitzer-0-viiopen2014-kompresorius-12054\/","title":{"rendered":"Bitzer 0-VIIopen2014 compressor"},"content":{"rendered":"<p>null<\/p>","protected":false},"excerpt":{"rendered":"<p>null<\/p>","protected":false},"featured_media":14203,"comment_status":"open","ping_status":"closed","template":"","meta":{"_acf_changed":false},"product_brand":[],"product_cat":[106,83,65],"product_tag":[],"class_list":{"0":"post-12054","1":"product","2":"type-product","3":"status-publish","4":"has-post-thumbnail","6":"product_cat-bitzer","7":"product_cat-gamintojai","8":"product_cat-kompresoriai","10":"first","11":"instock","12":"taxable","13":"shipping-taxable","14":"purchasable","15":"product-type-simple"},"acf":[],"yoast_head":"<!-- This site is optimized with the Yoast SEO plugin v27.4 - https:\/\/yoast.com\/product\/yoast-seo-wordpress\/ -->\n<title>Bitzer 0-VIIopen2014 kompresorius | Beijer Ref<\/title>\n<meta name=\"description\" content=\"Bitzer 0-VIIopen2014 kompresorius. Pirkite internetu arba pateikite u\u017eklaus\u0105.\" \/>\n<meta name=\"robots\" content=\"index, follow, max-snippet:-1, max-image-preview:large, max-video-preview:-1\" \/>\n<link rel=\"canonical\" href=\"https:\/\/refrigeration.lt\/en\/product\/bitzer-0-viiopen2014-kompresorius-12054\/\" \/>\n<meta property=\"og:locale\" content=\"en_US\" \/>\n<meta property=\"og:type\" content=\"article\" \/>\n<meta property=\"og:title\" content=\"Bitzer 0-VIIopen2014 kompresorius | Beijer Ref\" \/>\n<meta property=\"og:description\" content=\"Bitzer 0-VIIopen2014 kompresorius. Pirkite internetu arba pateikite u\u017eklaus\u0105.\" \/>\n<meta property=\"og:url\" content=\"https:\/\/refrigeration.lt\/en\/product\/bitzer-0-viiopen2014-kompresorius-12054\/\" \/>\n<meta property=\"og:site_name\" content=\"Beijer Ref\" \/>\n<meta property=\"og:image\" content=\"https:\/\/refrigeration.lt\/wp-content\/uploads\/2025\/07\/updated-featured-137.jpg\" \/>\n\t<meta property=\"og:image:width\" content=\"200\" \/>\n\t<meta property=\"og:image:height\" content=\"200\" \/>\n\t<meta property=\"og:image:type\" content=\"image\/jpeg\" \/>\n<meta name=\"twitter:card\" content=\"summary_large_image\" \/>\n<script type=\"application\/ld+json\" class=\"yoast-schema-graph\">{\"@context\":\"https:\\\/\\\/schema.org\",\"@graph\":[{\"@type\":\"WebPage\",\"@id\":\"https:\\\/\\\/refrigeration.lt\\\/produktas\\\/bitzer-0-viiopen2014-kompresorius-12054\\\/\",\"url\":\"https:\\\/\\\/refrigeration.lt\\\/produktas\\\/bitzer-0-viiopen2014-kompresorius-12054\\\/\",\"name\":\"Bitzer 0-VIIopen2014 kompresorius | Beijer Ref\",\"isPartOf\":{\"@id\":\"https:\\\/\\\/refrigeration.lt\\\/#website\"},\"primaryImageOfPage\":{\"@id\":\"https:\\\/\\\/refrigeration.lt\\\/produktas\\\/bitzer-0-viiopen2014-kompresorius-12054\\\/#primaryimage\"},\"image\":{\"@id\":\"https:\\\/\\\/refrigeration.lt\\\/produktas\\\/bitzer-0-viiopen2014-kompresorius-12054\\\/#primaryimage\"},\"thumbnailUrl\":\"https:\\\/\\\/refrigeration.lt\\\/wp-content\\\/uploads\\\/2025\\\/07\\\/updated-featured-137.jpg\",\"datePublished\":\"2025-07-14T14:19:17+00:00\",\"description\":\"Bitzer 0-VIIopen2014 kompresorius. Pirkite internetu arba pateikite u\u017eklaus\u0105.\",\"breadcrumb\":{\"@id\":\"https:\\\/\\\/refrigeration.lt\\\/produktas\\\/bitzer-0-viiopen2014-kompresorius-12054\\\/#breadcrumb\"},\"inLanguage\":\"en-US\",\"potentialAction\":[{\"@type\":\"ReadAction\",\"target\":[\"https:\\\/\\\/refrigeration.lt\\\/produktas\\\/bitzer-0-viiopen2014-kompresorius-12054\\\/\"]}]},{\"@type\":\"ImageObject\",\"inLanguage\":\"en-US\",\"@id\":\"https:\\\/\\\/refrigeration.lt\\\/produktas\\\/bitzer-0-viiopen2014-kompresorius-12054\\\/#primaryimage\",\"url\":\"https:\\\/\\\/refrigeration.lt\\\/wp-content\\\/uploads\\\/2025\\\/07\\\/updated-featured-137.jpg\",\"contentUrl\":\"https:\\\/\\\/refrigeration.lt\\\/wp-content\\\/uploads\\\/2025\\\/07\\\/updated-featured-137.jpg\",\"width\":200,\"height\":200,\"caption\":\"Bitzer 0-VIIopen2014 kompresorius\"},{\"@type\":\"BreadcrumbList\",\"@id\":\"https:\\\/\\\/refrigeration.lt\\\/produktas\\\/bitzer-0-viiopen2014-kompresorius-12054\\\/#breadcrumb\",\"itemListElement\":[{\"@type\":\"ListItem\",\"position\":1,\"name\":\"Home\",\"item\":\"https:\\\/\\\/refrigeration.lt\\\/\"},{\"@type\":\"ListItem\",\"position\":2,\"name\":\"Visos prek\u0117s\",\"item\":\"https:\\\/\\\/refrigeration.lt\\\/parduotuve\\\/\"},{\"@type\":\"ListItem\",\"position\":3,\"name\":\"Bitzer 0-VIIopen2014 kompresorius\"}]},{\"@type\":\"WebSite\",\"@id\":\"https:\\\/\\\/refrigeration.lt\\\/#website\",\"url\":\"https:\\\/\\\/refrigeration.lt\\\/\",\"name\":\"Beijer Ref\",\"description\":\"Tarptautin\u0117 didmeninink\u0173 grup\u0117, veikianti komercinio \u0161aldymo, komforto \u0161aldymo, pramoninio \u0161aldymo ir susijusiuose sektoriuose.\",\"publisher\":{\"@id\":\"https:\\\/\\\/refrigeration.lt\\\/#organization\"},\"potentialAction\":[{\"@type\":\"SearchAction\",\"target\":{\"@type\":\"EntryPoint\",\"urlTemplate\":\"https:\\\/\\\/refrigeration.lt\\\/?s={search_term_string}\"},\"query-input\":{\"@type\":\"PropertyValueSpecification\",\"valueRequired\":true,\"valueName\":\"search_term_string\"}}],\"inLanguage\":\"en-US\"},{\"@type\":\"Organization\",\"@id\":\"https:\\\/\\\/refrigeration.lt\\\/#organization\",\"name\":\"Beijer Ref\",\"url\":\"https:\\\/\\\/refrigeration.lt\\\/\",\"logo\":{\"@type\":\"ImageObject\",\"inLanguage\":\"en-US\",\"@id\":\"https:\\\/\\\/refrigeration.lt\\\/#\\\/schema\\\/logo\\\/image\\\/\",\"url\":\"https:\\\/\\\/refrigeration.lt\\\/wp-content\\\/uploads\\\/2025\\\/09\\\/Beijer-Ref-LT-logo.png\",\"contentUrl\":\"https:\\\/\\\/refrigeration.lt\\\/wp-content\\\/uploads\\\/2025\\\/09\\\/Beijer-Ref-LT-logo.png\",\"width\":161,\"height\":38,\"caption\":\"Beijer Ref\"},\"image\":{\"@id\":\"https:\\\/\\\/refrigeration.lt\\\/#\\\/schema\\\/logo\\\/image\\\/\"}}]}<\/script>\n<!-- \/ Yoast SEO plugin. -->","yoast_head_json":{"title":"Bitzer 0-VIIopen2014 kompresorius | Beijer Ref","description":"Bitzer 0-VIIopen2014 kompresorius. Pirkite internetu arba pateikite u\u017eklaus\u0105.","robots":{"index":"index","follow":"follow","max-snippet":"max-snippet:-1","max-image-preview":"max-image-preview:large","max-video-preview":"max-video-preview:-1"},"canonical":"https:\/\/refrigeration.lt\/en\/product\/bitzer-0-viiopen2014-kompresorius-12054\/","og_locale":"en_US","og_type":"article","og_title":"Bitzer 0-VIIopen2014 kompresorius | Beijer Ref","og_description":"Bitzer 0-VIIopen2014 kompresorius. Pirkite internetu arba pateikite u\u017eklaus\u0105.","og_url":"https:\/\/refrigeration.lt\/en\/product\/bitzer-0-viiopen2014-kompresorius-12054\/","og_site_name":"Beijer Ref","og_image":[{"width":200,"height":200,"url":"https:\/\/refrigeration.lt\/wp-content\/uploads\/2025\/07\/updated-featured-137.jpg","type":"image\/jpeg"}],"twitter_card":"summary_large_image","schema":{"@context":"https:\/\/schema.org","@graph":[{"@type":"WebPage","@id":"https:\/\/refrigeration.lt\/produktas\/bitzer-0-viiopen2014-kompresorius-12054\/","url":"https:\/\/refrigeration.lt\/produktas\/bitzer-0-viiopen2014-kompresorius-12054\/","name":"Bitzer 0-VIIopen2014 kompresorius | Beijer Ref","isPartOf":{"@id":"https:\/\/refrigeration.lt\/#website"},"primaryImageOfPage":{"@id":"https:\/\/refrigeration.lt\/produktas\/bitzer-0-viiopen2014-kompresorius-12054\/#primaryimage"},"image":{"@id":"https:\/\/refrigeration.lt\/produktas\/bitzer-0-viiopen2014-kompresorius-12054\/#primaryimage"},"thumbnailUrl":"https:\/\/refrigeration.lt\/wp-content\/uploads\/2025\/07\/updated-featured-137.jpg","datePublished":"2025-07-14T14:19:17+00:00","description":"Bitzer 0-VIIopen2014 kompresorius. Pirkite internetu arba pateikite u\u017eklaus\u0105.","breadcrumb":{"@id":"https:\/\/refrigeration.lt\/produktas\/bitzer-0-viiopen2014-kompresorius-12054\/#breadcrumb"},"inLanguage":"en-US","potentialAction":[{"@type":"ReadAction","target":["https:\/\/refrigeration.lt\/produktas\/bitzer-0-viiopen2014-kompresorius-12054\/"]}]},{"@type":"ImageObject","inLanguage":"en-US","@id":"https:\/\/refrigeration.lt\/produktas\/bitzer-0-viiopen2014-kompresorius-12054\/#primaryimage","url":"https:\/\/refrigeration.lt\/wp-content\/uploads\/2025\/07\/updated-featured-137.jpg","contentUrl":"https:\/\/refrigeration.lt\/wp-content\/uploads\/2025\/07\/updated-featured-137.jpg","width":200,"height":200,"caption":"Bitzer 0-VIIopen2014 kompresorius"},{"@type":"BreadcrumbList","@id":"https:\/\/refrigeration.lt\/produktas\/bitzer-0-viiopen2014-kompresorius-12054\/#breadcrumb","itemListElement":[{"@type":"ListItem","position":1,"name":"Home","item":"https:\/\/refrigeration.lt\/"},{"@type":"ListItem","position":2,"name":"Visos prek\u0117s","item":"https:\/\/refrigeration.lt\/parduotuve\/"},{"@type":"ListItem","position":3,"name":"Bitzer 0-VIIopen2014 kompresorius"}]},{"@type":"WebSite","@id":"https:\/\/refrigeration.lt\/#website","url":"https:\/\/refrigeration.lt\/","name":"Beijer Ref","description":"Tarptautin\u0117 didmeninink\u0173 grup\u0117, veikianti komercinio \u0161aldymo, komforto \u0161aldymo, pramoninio \u0161aldymo ir susijusiuose sektoriuose.","publisher":{"@id":"https:\/\/refrigeration.lt\/#organization"},"potentialAction":[{"@type":"SearchAction","target":{"@type":"EntryPoint","urlTemplate":"https:\/\/refrigeration.lt\/?s={search_term_string}"},"query-input":{"@type":"PropertyValueSpecification","valueRequired":true,"valueName":"search_term_string"}}],"inLanguage":"en-US"},{"@type":"Organization","@id":"https:\/\/refrigeration.lt\/#organization","name":"Beijer Ref","url":"https:\/\/refrigeration.lt\/","logo":{"@type":"ImageObject","inLanguage":"en-US","@id":"https:\/\/refrigeration.lt\/#\/schema\/logo\/image\/","url":"https:\/\/refrigeration.lt\/wp-content\/uploads\/2025\/09\/Beijer-Ref-LT-logo.png","contentUrl":"https:\/\/refrigeration.lt\/wp-content\/uploads\/2025\/09\/Beijer-Ref-LT-logo.png","width":161,"height":38,"caption":"Beijer Ref"},"image":{"@id":"https:\/\/refrigeration.lt\/#\/schema\/logo\/image\/"}}]}},"_links":{"self":[{"href":"https:\/\/refrigeration.lt\/en\/wp-json\/wp\/v2\/product\/12054","targetHints":{"allow":["GET"]}}],"collection":[{"href":"https:\/\/refrigeration.lt\/en\/wp-json\/wp\/v2\/product"}],"about":[{"href":"https:\/\/refrigeration.lt\/en\/wp-json\/wp\/v2\/types\/product"}],"replies":[{"embeddable":true,"href":"https:\/\/refrigeration.lt\/en\/wp-json\/wp\/v2\/comments?post=12054"}],"wp:featuredmedia":[{"embeddable":true,"href":"https:\/\/refrigeration.lt\/en\/wp-json\/wp\/v2\/media\/14203"}],"wp:attachment":[{"href":"https:\/\/refrigeration.lt\/en\/wp-json\/wp\/v2\/media?parent=12054"}],"wp:term":[{"taxonomy":"product_brand","embeddable":true,"href":"https:\/\/refrigeration.lt\/en\/wp-json\/wp\/v2\/product_brand?post=12054"},{"taxonomy":"product_cat","embeddable":true,"href":"https:\/\/refrigeration.lt\/en\/wp-json\/wp\/v2\/product_cat?post=12054"},{"taxonomy":"product_tag","embeddable":true,"href":"https:\/\/refrigeration.lt\/en\/wp-json\/wp\/v2\/product_tag?post=12054"}],"curies":[{"name":"wp","href":"https:\/\/api.w.org\/{rel}","templated":true}]}}