{"id":13831,"date":"2025-07-14T14:59:59","date_gmt":"2025-07-14T14:59:59","guid":{"rendered":"https:\/\/refrigeration.webdemo.lt\/?post_type=product&#038;p=13831"},"modified":"2025-07-16T19:52:58","modified_gmt":"2025-07-16T16:52:58","slug":"scm-prekiu-uzklausos-13831","status":"publish","type":"product","link":"https:\/\/refrigeration.lt\/en\/product\/scm-prekiu-uzklausos-13831\/","title":{"rendered":"SCM product requests"},"content":{"rendered":"<p>SCM products are supplied upon request.<br \/>\nPer\u017ei\u016br\u0117ti gamintojo asortiment\u0105 galite paspaud\u0119 ant \u0161ios nuorodos: <a href=\"https:\/\/www.scmfrigo.com\/en\/products\/\">https:\/\/www.scmfrigo.com\/en\/products\/<\/a><br \/>\nTo request a specific product, please leave a comment indicating the desired item, model, and quantity. Once we receive your inquiry, we will prepare an offer and send it to the contact details provided in the request form.<\/p>","protected":false},"excerpt":{"rendered":"<p>SCM products are supplied upon request.<br \/>\nPer\u017ei\u016br\u0117ti gamintojo asortiment\u0105 galite paspaud\u0119 ant \u0161ios nuorodos: <a href=\"https:\/\/www.scmfrigo.com\/en\/products\/\">https:\/\/www.scmfrigo.com\/en\/products\/<\/a><br \/>\nTo request a specific product, please leave a comment indicating the desired item, model, and quantity. Once we receive your inquiry, we will prepare an offer and send it to the contact details provided in the request form.<\/p>","protected":false},"featured_media":13832,"comment_status":"open","ping_status":"closed","template":"","meta":{"_acf_changed":false},"product_brand":[],"product_cat":[83,219,108],"product_tag":[],"class_list":{"0":"post-13831","1":"product","2":"type-product","3":"status-publish","4":"has-post-thumbnail","6":"product_cat-gamintojai","7":"product_cat-produktu-uzklausos","8":"product_cat-scm","10":"first","11":"instock","12":"taxable","13":"shipping-taxable","14":"purchasable","15":"product-type-simple"},"acf":[],"yoast_head":"<!-- This site is optimized with the Yoast SEO plugin v27.4 - https:\/\/yoast.com\/product\/yoast-seo-wordpress\/ -->\n<title>SCM PREKI\u0172 U\u017dKLAUSOS | Beijer Ref<\/title>\n<meta name=\"description\" content=\"SCM PREKI\u0172 U\u017dKLAUSOS. Pirkite internetu arba pateikite u\u017eklaus\u0105.\" \/>\n<meta name=\"robots\" content=\"index, follow, max-snippet:-1, max-image-preview:large, max-video-preview:-1\" \/>\n<link rel=\"canonical\" href=\"https:\/\/refrigeration.lt\/en\/product\/scm-prekiu-uzklausos-13831\/\" \/>\n<meta property=\"og:locale\" content=\"en_US\" \/>\n<meta property=\"og:type\" content=\"article\" \/>\n<meta property=\"og:title\" content=\"SCM PREKI\u0172 U\u017dKLAUSOS | Beijer Ref\" \/>\n<meta property=\"og:description\" content=\"SCM PREKI\u0172 U\u017dKLAUSOS. Pirkite internetu arba pateikite u\u017eklaus\u0105.\" \/>\n<meta property=\"og:url\" content=\"https:\/\/refrigeration.lt\/en\/product\/scm-prekiu-uzklausos-13831\/\" \/>\n<meta property=\"og:site_name\" content=\"Beijer Ref\" \/>\n<meta property=\"article:modified_time\" content=\"2025-07-16T16:52:58+00:00\" \/>\n<meta property=\"og:image\" content=\"https:\/\/refrigeration.lt\/wp-content\/uploads\/2025\/07\/scm-prekiu-uzklausos-13831.png\" \/>\n\t<meta property=\"og:image:width\" content=\"273\" \/>\n\t<meta property=\"og:image:height\" content=\"153\" \/>\n\t<meta property=\"og:image:type\" content=\"image\/png\" \/>\n<meta name=\"twitter:card\" content=\"summary_large_image\" \/>\n<script type=\"application\/ld+json\" class=\"yoast-schema-graph\">{\"@context\":\"https:\\\/\\\/schema.org\",\"@graph\":[{\"@type\":\"WebPage\",\"@id\":\"https:\\\/\\\/refrigeration.lt\\\/produktas\\\/scm-prekiu-uzklausos-13831\\\/\",\"url\":\"https:\\\/\\\/refrigeration.lt\\\/produktas\\\/scm-prekiu-uzklausos-13831\\\/\",\"name\":\"SCM PREKI\u0172 U\u017dKLAUSOS | Beijer Ref\",\"isPartOf\":{\"@id\":\"https:\\\/\\\/refrigeration.lt\\\/#website\"},\"primaryImageOfPage\":{\"@id\":\"https:\\\/\\\/refrigeration.lt\\\/produktas\\\/scm-prekiu-uzklausos-13831\\\/#primaryimage\"},\"image\":{\"@id\":\"https:\\\/\\\/refrigeration.lt\\\/produktas\\\/scm-prekiu-uzklausos-13831\\\/#primaryimage\"},\"thumbnailUrl\":\"https:\\\/\\\/refrigeration.lt\\\/wp-content\\\/uploads\\\/2025\\\/07\\\/scm-prekiu-uzklausos-13831.png\",\"datePublished\":\"2025-07-14T14:59:59+00:00\",\"dateModified\":\"2025-07-16T16:52:58+00:00\",\"description\":\"SCM PREKI\u0172 U\u017dKLAUSOS. Pirkite internetu arba pateikite u\u017eklaus\u0105.\",\"breadcrumb\":{\"@id\":\"https:\\\/\\\/refrigeration.lt\\\/produktas\\\/scm-prekiu-uzklausos-13831\\\/#breadcrumb\"},\"inLanguage\":\"en-US\",\"potentialAction\":[{\"@type\":\"ReadAction\",\"target\":[\"https:\\\/\\\/refrigeration.lt\\\/produktas\\\/scm-prekiu-uzklausos-13831\\\/\"]}]},{\"@type\":\"ImageObject\",\"inLanguage\":\"en-US\",\"@id\":\"https:\\\/\\\/refrigeration.lt\\\/produktas\\\/scm-prekiu-uzklausos-13831\\\/#primaryimage\",\"url\":\"https:\\\/\\\/refrigeration.lt\\\/wp-content\\\/uploads\\\/2025\\\/07\\\/scm-prekiu-uzklausos-13831.png\",\"contentUrl\":\"https:\\\/\\\/refrigeration.lt\\\/wp-content\\\/uploads\\\/2025\\\/07\\\/scm-prekiu-uzklausos-13831.png\",\"width\":273,\"height\":153,\"caption\":\"SCM PREKI\u0172 U\u017dKLAUSOS\"},{\"@type\":\"BreadcrumbList\",\"@id\":\"https:\\\/\\\/refrigeration.lt\\\/produktas\\\/scm-prekiu-uzklausos-13831\\\/#breadcrumb\",\"itemListElement\":[{\"@type\":\"ListItem\",\"position\":1,\"name\":\"Home\",\"item\":\"https:\\\/\\\/refrigeration.lt\\\/\"},{\"@type\":\"ListItem\",\"position\":2,\"name\":\"Visos prek\u0117s\",\"item\":\"https:\\\/\\\/refrigeration.lt\\\/parduotuve\\\/\"},{\"@type\":\"ListItem\",\"position\":3,\"name\":\"SCM PREKI\u0172 U\u017dKLAUSOS\"}]},{\"@type\":\"WebSite\",\"@id\":\"https:\\\/\\\/refrigeration.lt\\\/#website\",\"url\":\"https:\\\/\\\/refrigeration.lt\\\/\",\"name\":\"Beijer Ref\",\"description\":\"Tarptautin\u0117 didmeninink\u0173 grup\u0117, veikianti komercinio \u0161aldymo, komforto \u0161aldymo, pramoninio \u0161aldymo ir susijusiuose sektoriuose.\",\"publisher\":{\"@id\":\"https:\\\/\\\/refrigeration.lt\\\/#organization\"},\"potentialAction\":[{\"@type\":\"SearchAction\",\"target\":{\"@type\":\"EntryPoint\",\"urlTemplate\":\"https:\\\/\\\/refrigeration.lt\\\/?s={search_term_string}\"},\"query-input\":{\"@type\":\"PropertyValueSpecification\",\"valueRequired\":true,\"valueName\":\"search_term_string\"}}],\"inLanguage\":\"en-US\"},{\"@type\":\"Organization\",\"@id\":\"https:\\\/\\\/refrigeration.lt\\\/#organization\",\"name\":\"Beijer Ref\",\"url\":\"https:\\\/\\\/refrigeration.lt\\\/\",\"logo\":{\"@type\":\"ImageObject\",\"inLanguage\":\"en-US\",\"@id\":\"https:\\\/\\\/refrigeration.lt\\\/#\\\/schema\\\/logo\\\/image\\\/\",\"url\":\"https:\\\/\\\/refrigeration.lt\\\/wp-content\\\/uploads\\\/2025\\\/09\\\/Beijer-Ref-LT-logo.png\",\"contentUrl\":\"https:\\\/\\\/refrigeration.lt\\\/wp-content\\\/uploads\\\/2025\\\/09\\\/Beijer-Ref-LT-logo.png\",\"width\":161,\"height\":38,\"caption\":\"Beijer Ref\"},\"image\":{\"@id\":\"https:\\\/\\\/refrigeration.lt\\\/#\\\/schema\\\/logo\\\/image\\\/\"}}]}<\/script>\n<!-- \/ Yoast SEO plugin. -->","yoast_head_json":{"title":"SCM PREKI\u0172 U\u017dKLAUSOS | Beijer Ref","description":"SCM PREKI\u0172 U\u017dKLAUSOS. Pirkite internetu arba pateikite u\u017eklaus\u0105.","robots":{"index":"index","follow":"follow","max-snippet":"max-snippet:-1","max-image-preview":"max-image-preview:large","max-video-preview":"max-video-preview:-1"},"canonical":"https:\/\/refrigeration.lt\/en\/product\/scm-prekiu-uzklausos-13831\/","og_locale":"en_US","og_type":"article","og_title":"SCM PREKI\u0172 U\u017dKLAUSOS | Beijer Ref","og_description":"SCM PREKI\u0172 U\u017dKLAUSOS. Pirkite internetu arba pateikite u\u017eklaus\u0105.","og_url":"https:\/\/refrigeration.lt\/en\/product\/scm-prekiu-uzklausos-13831\/","og_site_name":"Beijer Ref","article_modified_time":"2025-07-16T16:52:58+00:00","og_image":[{"width":273,"height":153,"url":"https:\/\/refrigeration.lt\/wp-content\/uploads\/2025\/07\/scm-prekiu-uzklausos-13831.png","type":"image\/png"}],"twitter_card":"summary_large_image","schema":{"@context":"https:\/\/schema.org","@graph":[{"@type":"WebPage","@id":"https:\/\/refrigeration.lt\/produktas\/scm-prekiu-uzklausos-13831\/","url":"https:\/\/refrigeration.lt\/produktas\/scm-prekiu-uzklausos-13831\/","name":"SCM PREKI\u0172 U\u017dKLAUSOS | Beijer Ref","isPartOf":{"@id":"https:\/\/refrigeration.lt\/#website"},"primaryImageOfPage":{"@id":"https:\/\/refrigeration.lt\/produktas\/scm-prekiu-uzklausos-13831\/#primaryimage"},"image":{"@id":"https:\/\/refrigeration.lt\/produktas\/scm-prekiu-uzklausos-13831\/#primaryimage"},"thumbnailUrl":"https:\/\/refrigeration.lt\/wp-content\/uploads\/2025\/07\/scm-prekiu-uzklausos-13831.png","datePublished":"2025-07-14T14:59:59+00:00","dateModified":"2025-07-16T16:52:58+00:00","description":"SCM PREKI\u0172 U\u017dKLAUSOS. Pirkite internetu arba pateikite u\u017eklaus\u0105.","breadcrumb":{"@id":"https:\/\/refrigeration.lt\/produktas\/scm-prekiu-uzklausos-13831\/#breadcrumb"},"inLanguage":"en-US","potentialAction":[{"@type":"ReadAction","target":["https:\/\/refrigeration.lt\/produktas\/scm-prekiu-uzklausos-13831\/"]}]},{"@type":"ImageObject","inLanguage":"en-US","@id":"https:\/\/refrigeration.lt\/produktas\/scm-prekiu-uzklausos-13831\/#primaryimage","url":"https:\/\/refrigeration.lt\/wp-content\/uploads\/2025\/07\/scm-prekiu-uzklausos-13831.png","contentUrl":"https:\/\/refrigeration.lt\/wp-content\/uploads\/2025\/07\/scm-prekiu-uzklausos-13831.png","width":273,"height":153,"caption":"SCM PREKI\u0172 U\u017dKLAUSOS"},{"@type":"BreadcrumbList","@id":"https:\/\/refrigeration.lt\/produktas\/scm-prekiu-uzklausos-13831\/#breadcrumb","itemListElement":[{"@type":"ListItem","position":1,"name":"Home","item":"https:\/\/refrigeration.lt\/"},{"@type":"ListItem","position":2,"name":"Visos prek\u0117s","item":"https:\/\/refrigeration.lt\/parduotuve\/"},{"@type":"ListItem","position":3,"name":"SCM PREKI\u0172 U\u017dKLAUSOS"}]},{"@type":"WebSite","@id":"https:\/\/refrigeration.lt\/#website","url":"https:\/\/refrigeration.lt\/","name":"Beijer Ref","description":"Tarptautin\u0117 didmeninink\u0173 grup\u0117, veikianti komercinio \u0161aldymo, komforto \u0161aldymo, pramoninio \u0161aldymo ir susijusiuose sektoriuose.","publisher":{"@id":"https:\/\/refrigeration.lt\/#organization"},"potentialAction":[{"@type":"SearchAction","target":{"@type":"EntryPoint","urlTemplate":"https:\/\/refrigeration.lt\/?s={search_term_string}"},"query-input":{"@type":"PropertyValueSpecification","valueRequired":true,"valueName":"search_term_string"}}],"inLanguage":"en-US"},{"@type":"Organization","@id":"https:\/\/refrigeration.lt\/#organization","name":"Beijer Ref","url":"https:\/\/refrigeration.lt\/","logo":{"@type":"ImageObject","inLanguage":"en-US","@id":"https:\/\/refrigeration.lt\/#\/schema\/logo\/image\/","url":"https:\/\/refrigeration.lt\/wp-content\/uploads\/2025\/09\/Beijer-Ref-LT-logo.png","contentUrl":"https:\/\/refrigeration.lt\/wp-content\/uploads\/2025\/09\/Beijer-Ref-LT-logo.png","width":161,"height":38,"caption":"Beijer Ref"},"image":{"@id":"https:\/\/refrigeration.lt\/#\/schema\/logo\/image\/"}}]}},"_links":{"self":[{"href":"https:\/\/refrigeration.lt\/en\/wp-json\/wp\/v2\/product\/13831","targetHints":{"allow":["GET"]}}],"collection":[{"href":"https:\/\/refrigeration.lt\/en\/wp-json\/wp\/v2\/product"}],"about":[{"href":"https:\/\/refrigeration.lt\/en\/wp-json\/wp\/v2\/types\/product"}],"replies":[{"embeddable":true,"href":"https:\/\/refrigeration.lt\/en\/wp-json\/wp\/v2\/comments?post=13831"}],"wp:featuredmedia":[{"embeddable":true,"href":"https:\/\/refrigeration.lt\/en\/wp-json\/wp\/v2\/media\/13832"}],"wp:attachment":[{"href":"https:\/\/refrigeration.lt\/en\/wp-json\/wp\/v2\/media?parent=13831"}],"wp:term":[{"taxonomy":"product_brand","embeddable":true,"href":"https:\/\/refrigeration.lt\/en\/wp-json\/wp\/v2\/product_brand?post=13831"},{"taxonomy":"product_cat","embeddable":true,"href":"https:\/\/refrigeration.lt\/en\/wp-json\/wp\/v2\/product_cat?post=13831"},{"taxonomy":"product_tag","embeddable":true,"href":"https:\/\/refrigeration.lt\/en\/wp-json\/wp\/v2\/product_tag?post=13831"}],"curies":[{"name":"wp","href":"https:\/\/api.w.org\/{rel}","templated":true}]}}