{"id":15186,"date":"2025-07-15T17:40:38","date_gmt":"2025-07-15T17:40:38","guid":{"rendered":"https:\/\/refrigeration.webdemo.lt\/?post_type=product&#038;p=15186"},"modified":"2025-07-15T20:42:46","modified_gmt":"2025-07-15T17:42:46","slug":"entalphia-laikiklis-kondicionieriams-780x350x420mm-150kg-15186","status":"publish","type":"product","link":"https:\/\/refrigeration.lt\/en\/product\/entalphia-laikiklis-kondicionieriams-780x350x420mm-150kg-15186\/","title":{"rendered":"ENTALPIA Air conditioner brackets HL-420 ICOOL"},"content":{"rendered":"<p>Universal waterproof bracket with pre-mounted cross bar (1,5 mm thickness) for easy assembly of the outdoor A\/C unit. Highly weather proof white, powder coated surface of the bracket. Classic and elegant design.<br \/>\n The set includes: anti-vibration rubber accessories and a set of mounting bolt. Adjustable angle of inclination and appropriate spacing of the arms guarantee quick and easy installation. During assembly, the distance from the wall can be adjusted. The horizontal crossbar enables precise leveling of the device.<\/p>","protected":false},"excerpt":{"rendered":"<p>Universal waterproof bracket with pre-mounted cross bar (1,5 mm thickness) for easy assembly of the outdoor A\/C unit. Highly weather proof white, powder coated surface of the bracket. Classic and elegant design.<br \/>\n The set includes: anti-vibration rubber accessories and a set of mounting bolt. Adjustable angle of inclination and appropriate spacing of the arms guarantee quick and easy installation. During assembly, the distance from the wall can be adjusted. The horizontal crossbar enables precise leveling of the device.<\/p>","protected":false},"featured_media":15187,"comment_status":"open","ping_status":"closed","template":"","meta":{"_acf_changed":false},"product_brand":[],"product_cat":[100,83,58,43,36],"product_tag":[],"class_list":{"0":"post-15186","1":"product","2":"type-product","3":"status-publish","4":"has-post-thumbnail","6":"product_cat-entalpia-europe","7":"product_cat-gamintojai","8":"product_cat-kondicionavimas","9":"product_cat-laikikliai","10":"product_cat-montavimo-priedai","12":"first","13":"instock","14":"taxable","15":"shipping-taxable","16":"purchasable","17":"product-type-simple"},"acf":[],"yoast_head":"<!-- This site is optimized with the Yoast SEO plugin v27.4 - https:\/\/yoast.com\/product\/yoast-seo-wordpress\/ -->\n<title>ENTALPIA Laikiklis kondicionieriams 780x350x420mm 150kg | Beijer Ref<\/title>\n<meta name=\"description\" content=\"ENTALPIA Laikiklis kondicionieriams 780x350x420mm 150kg. Pirkite internetu arba pateikite u\u017eklaus\u0105.\" \/>\n<meta name=\"robots\" content=\"index, follow, max-snippet:-1, max-image-preview:large, max-video-preview:-1\" \/>\n<link rel=\"canonical\" href=\"https:\/\/refrigeration.lt\/en\/product\/entalphia-laikiklis-kondicionieriams-780x350x420mm-150kg-15186\/\" \/>\n<meta property=\"og:locale\" content=\"en_US\" \/>\n<meta property=\"og:type\" content=\"article\" \/>\n<meta property=\"og:title\" content=\"ENTALPIA Laikiklis kondicionieriams 780x350x420mm 150kg | Beijer Ref\" \/>\n<meta property=\"og:description\" content=\"ENTALPIA Laikiklis kondicionieriams 780x350x420mm 150kg. Pirkite internetu arba pateikite u\u017eklaus\u0105.\" \/>\n<meta property=\"og:url\" content=\"https:\/\/refrigeration.lt\/en\/product\/entalphia-laikiklis-kondicionieriams-780x350x420mm-150kg-15186\/\" \/>\n<meta property=\"og:site_name\" content=\"Beijer Ref\" \/>\n<meta property=\"article:modified_time\" content=\"2025-07-15T17:42:46+00:00\" \/>\n<meta property=\"og:image\" content=\"https:\/\/refrigeration.lt\/wp-content\/uploads\/2025\/07\/entalphia-laikiklis-kondicionieriams-780x350x420mm-150kg-15186.png\" \/>\n\t<meta property=\"og:image:width\" content=\"768\" \/>\n\t<meta property=\"og:image:height\" content=\"768\" \/>\n\t<meta property=\"og:image:type\" content=\"image\/png\" \/>\n<meta name=\"twitter:card\" content=\"summary_large_image\" \/>\n<script type=\"application\/ld+json\" class=\"yoast-schema-graph\">{\"@context\":\"https:\\\/\\\/schema.org\",\"@graph\":[{\"@type\":\"WebPage\",\"@id\":\"https:\\\/\\\/refrigeration.lt\\\/produktas\\\/entalphia-laikiklis-kondicionieriams-780x350x420mm-150kg-15186\\\/\",\"url\":\"https:\\\/\\\/refrigeration.lt\\\/produktas\\\/entalphia-laikiklis-kondicionieriams-780x350x420mm-150kg-15186\\\/\",\"name\":\"ENTALPIA Laikiklis kondicionieriams 780x350x420mm 150kg | Beijer Ref\",\"isPartOf\":{\"@id\":\"https:\\\/\\\/refrigeration.lt\\\/#website\"},\"primaryImageOfPage\":{\"@id\":\"https:\\\/\\\/refrigeration.lt\\\/produktas\\\/entalphia-laikiklis-kondicionieriams-780x350x420mm-150kg-15186\\\/#primaryimage\"},\"image\":{\"@id\":\"https:\\\/\\\/refrigeration.lt\\\/produktas\\\/entalphia-laikiklis-kondicionieriams-780x350x420mm-150kg-15186\\\/#primaryimage\"},\"thumbnailUrl\":\"https:\\\/\\\/refrigeration.lt\\\/wp-content\\\/uploads\\\/2025\\\/07\\\/entalphia-laikiklis-kondicionieriams-780x350x420mm-150kg-15186.png\",\"datePublished\":\"2025-07-15T17:40:38+00:00\",\"dateModified\":\"2025-07-15T17:42:46+00:00\",\"description\":\"ENTALPIA Laikiklis kondicionieriams 780x350x420mm 150kg. Pirkite internetu arba pateikite u\u017eklaus\u0105.\",\"breadcrumb\":{\"@id\":\"https:\\\/\\\/refrigeration.lt\\\/produktas\\\/entalphia-laikiklis-kondicionieriams-780x350x420mm-150kg-15186\\\/#breadcrumb\"},\"inLanguage\":\"en-US\",\"potentialAction\":[{\"@type\":\"ReadAction\",\"target\":[\"https:\\\/\\\/refrigeration.lt\\\/produktas\\\/entalphia-laikiklis-kondicionieriams-780x350x420mm-150kg-15186\\\/\"]}]},{\"@type\":\"ImageObject\",\"inLanguage\":\"en-US\",\"@id\":\"https:\\\/\\\/refrigeration.lt\\\/produktas\\\/entalphia-laikiklis-kondicionieriams-780x350x420mm-150kg-15186\\\/#primaryimage\",\"url\":\"https:\\\/\\\/refrigeration.lt\\\/wp-content\\\/uploads\\\/2025\\\/07\\\/entalphia-laikiklis-kondicionieriams-780x350x420mm-150kg-15186.png\",\"contentUrl\":\"https:\\\/\\\/refrigeration.lt\\\/wp-content\\\/uploads\\\/2025\\\/07\\\/entalphia-laikiklis-kondicionieriams-780x350x420mm-150kg-15186.png\",\"width\":768,\"height\":768,\"caption\":\"ENTALPHIA Laikiklis kondicionieriams 780x350x420mm 150kg\"},{\"@type\":\"BreadcrumbList\",\"@id\":\"https:\\\/\\\/refrigeration.lt\\\/produktas\\\/entalphia-laikiklis-kondicionieriams-780x350x420mm-150kg-15186\\\/#breadcrumb\",\"itemListElement\":[{\"@type\":\"ListItem\",\"position\":1,\"name\":\"Home\",\"item\":\"https:\\\/\\\/refrigeration.lt\\\/\"},{\"@type\":\"ListItem\",\"position\":2,\"name\":\"Visos prek\u0117s\",\"item\":\"https:\\\/\\\/refrigeration.lt\\\/parduotuve\\\/\"},{\"@type\":\"ListItem\",\"position\":3,\"name\":\"ENTALPIA Laikiklis kondicionieriams 780x350x420mm 150kg\"}]},{\"@type\":\"WebSite\",\"@id\":\"https:\\\/\\\/refrigeration.lt\\\/#website\",\"url\":\"https:\\\/\\\/refrigeration.lt\\\/\",\"name\":\"Beijer Ref\",\"description\":\"Tarptautin\u0117 didmeninink\u0173 grup\u0117, veikianti komercinio \u0161aldymo, komforto \u0161aldymo, pramoninio \u0161aldymo ir susijusiuose sektoriuose.\",\"publisher\":{\"@id\":\"https:\\\/\\\/refrigeration.lt\\\/#organization\"},\"potentialAction\":[{\"@type\":\"SearchAction\",\"target\":{\"@type\":\"EntryPoint\",\"urlTemplate\":\"https:\\\/\\\/refrigeration.lt\\\/?s={search_term_string}\"},\"query-input\":{\"@type\":\"PropertyValueSpecification\",\"valueRequired\":true,\"valueName\":\"search_term_string\"}}],\"inLanguage\":\"en-US\"},{\"@type\":\"Organization\",\"@id\":\"https:\\\/\\\/refrigeration.lt\\\/#organization\",\"name\":\"Beijer Ref\",\"url\":\"https:\\\/\\\/refrigeration.lt\\\/\",\"logo\":{\"@type\":\"ImageObject\",\"inLanguage\":\"en-US\",\"@id\":\"https:\\\/\\\/refrigeration.lt\\\/#\\\/schema\\\/logo\\\/image\\\/\",\"url\":\"https:\\\/\\\/refrigeration.lt\\\/wp-content\\\/uploads\\\/2025\\\/09\\\/Beijer-Ref-LT-logo.png\",\"contentUrl\":\"https:\\\/\\\/refrigeration.lt\\\/wp-content\\\/uploads\\\/2025\\\/09\\\/Beijer-Ref-LT-logo.png\",\"width\":161,\"height\":38,\"caption\":\"Beijer Ref\"},\"image\":{\"@id\":\"https:\\\/\\\/refrigeration.lt\\\/#\\\/schema\\\/logo\\\/image\\\/\"}}]}<\/script>\n<!-- \/ Yoast SEO plugin. -->","yoast_head_json":{"title":"ENTALPIA Laikiklis kondicionieriams 780x350x420mm 150kg | Beijer Ref","description":"ENTALPIA Laikiklis kondicionieriams 780x350x420mm 150kg. Pirkite internetu arba pateikite u\u017eklaus\u0105.","robots":{"index":"index","follow":"follow","max-snippet":"max-snippet:-1","max-image-preview":"max-image-preview:large","max-video-preview":"max-video-preview:-1"},"canonical":"https:\/\/refrigeration.lt\/en\/product\/entalphia-laikiklis-kondicionieriams-780x350x420mm-150kg-15186\/","og_locale":"en_US","og_type":"article","og_title":"ENTALPIA Laikiklis kondicionieriams 780x350x420mm 150kg | Beijer Ref","og_description":"ENTALPIA Laikiklis kondicionieriams 780x350x420mm 150kg. Pirkite internetu arba pateikite u\u017eklaus\u0105.","og_url":"https:\/\/refrigeration.lt\/en\/product\/entalphia-laikiklis-kondicionieriams-780x350x420mm-150kg-15186\/","og_site_name":"Beijer Ref","article_modified_time":"2025-07-15T17:42:46+00:00","og_image":[{"width":768,"height":768,"url":"https:\/\/refrigeration.lt\/wp-content\/uploads\/2025\/07\/entalphia-laikiklis-kondicionieriams-780x350x420mm-150kg-15186.png","type":"image\/png"}],"twitter_card":"summary_large_image","schema":{"@context":"https:\/\/schema.org","@graph":[{"@type":"WebPage","@id":"https:\/\/refrigeration.lt\/produktas\/entalphia-laikiklis-kondicionieriams-780x350x420mm-150kg-15186\/","url":"https:\/\/refrigeration.lt\/produktas\/entalphia-laikiklis-kondicionieriams-780x350x420mm-150kg-15186\/","name":"ENTALPIA Laikiklis kondicionieriams 780x350x420mm 150kg | Beijer Ref","isPartOf":{"@id":"https:\/\/refrigeration.lt\/#website"},"primaryImageOfPage":{"@id":"https:\/\/refrigeration.lt\/produktas\/entalphia-laikiklis-kondicionieriams-780x350x420mm-150kg-15186\/#primaryimage"},"image":{"@id":"https:\/\/refrigeration.lt\/produktas\/entalphia-laikiklis-kondicionieriams-780x350x420mm-150kg-15186\/#primaryimage"},"thumbnailUrl":"https:\/\/refrigeration.lt\/wp-content\/uploads\/2025\/07\/entalphia-laikiklis-kondicionieriams-780x350x420mm-150kg-15186.png","datePublished":"2025-07-15T17:40:38+00:00","dateModified":"2025-07-15T17:42:46+00:00","description":"ENTALPIA Laikiklis kondicionieriams 780x350x420mm 150kg. Pirkite internetu arba pateikite u\u017eklaus\u0105.","breadcrumb":{"@id":"https:\/\/refrigeration.lt\/produktas\/entalphia-laikiklis-kondicionieriams-780x350x420mm-150kg-15186\/#breadcrumb"},"inLanguage":"en-US","potentialAction":[{"@type":"ReadAction","target":["https:\/\/refrigeration.lt\/produktas\/entalphia-laikiklis-kondicionieriams-780x350x420mm-150kg-15186\/"]}]},{"@type":"ImageObject","inLanguage":"en-US","@id":"https:\/\/refrigeration.lt\/produktas\/entalphia-laikiklis-kondicionieriams-780x350x420mm-150kg-15186\/#primaryimage","url":"https:\/\/refrigeration.lt\/wp-content\/uploads\/2025\/07\/entalphia-laikiklis-kondicionieriams-780x350x420mm-150kg-15186.png","contentUrl":"https:\/\/refrigeration.lt\/wp-content\/uploads\/2025\/07\/entalphia-laikiklis-kondicionieriams-780x350x420mm-150kg-15186.png","width":768,"height":768,"caption":"ENTALPHIA Laikiklis kondicionieriams 780x350x420mm 150kg"},{"@type":"BreadcrumbList","@id":"https:\/\/refrigeration.lt\/produktas\/entalphia-laikiklis-kondicionieriams-780x350x420mm-150kg-15186\/#breadcrumb","itemListElement":[{"@type":"ListItem","position":1,"name":"Home","item":"https:\/\/refrigeration.lt\/"},{"@type":"ListItem","position":2,"name":"Visos prek\u0117s","item":"https:\/\/refrigeration.lt\/parduotuve\/"},{"@type":"ListItem","position":3,"name":"ENTALPIA Laikiklis kondicionieriams 780x350x420mm 150kg"}]},{"@type":"WebSite","@id":"https:\/\/refrigeration.lt\/#website","url":"https:\/\/refrigeration.lt\/","name":"Beijer Ref","description":"Tarptautin\u0117 didmeninink\u0173 grup\u0117, veikianti komercinio \u0161aldymo, komforto \u0161aldymo, pramoninio \u0161aldymo ir susijusiuose sektoriuose.","publisher":{"@id":"https:\/\/refrigeration.lt\/#organization"},"potentialAction":[{"@type":"SearchAction","target":{"@type":"EntryPoint","urlTemplate":"https:\/\/refrigeration.lt\/?s={search_term_string}"},"query-input":{"@type":"PropertyValueSpecification","valueRequired":true,"valueName":"search_term_string"}}],"inLanguage":"en-US"},{"@type":"Organization","@id":"https:\/\/refrigeration.lt\/#organization","name":"Beijer Ref","url":"https:\/\/refrigeration.lt\/","logo":{"@type":"ImageObject","inLanguage":"en-US","@id":"https:\/\/refrigeration.lt\/#\/schema\/logo\/image\/","url":"https:\/\/refrigeration.lt\/wp-content\/uploads\/2025\/09\/Beijer-Ref-LT-logo.png","contentUrl":"https:\/\/refrigeration.lt\/wp-content\/uploads\/2025\/09\/Beijer-Ref-LT-logo.png","width":161,"height":38,"caption":"Beijer Ref"},"image":{"@id":"https:\/\/refrigeration.lt\/#\/schema\/logo\/image\/"}}]}},"_links":{"self":[{"href":"https:\/\/refrigeration.lt\/en\/wp-json\/wp\/v2\/product\/15186","targetHints":{"allow":["GET"]}}],"collection":[{"href":"https:\/\/refrigeration.lt\/en\/wp-json\/wp\/v2\/product"}],"about":[{"href":"https:\/\/refrigeration.lt\/en\/wp-json\/wp\/v2\/types\/product"}],"replies":[{"embeddable":true,"href":"https:\/\/refrigeration.lt\/en\/wp-json\/wp\/v2\/comments?post=15186"}],"wp:featuredmedia":[{"embeddable":true,"href":"https:\/\/refrigeration.lt\/en\/wp-json\/wp\/v2\/media\/15187"}],"wp:attachment":[{"href":"https:\/\/refrigeration.lt\/en\/wp-json\/wp\/v2\/media?parent=15186"}],"wp:term":[{"taxonomy":"product_brand","embeddable":true,"href":"https:\/\/refrigeration.lt\/en\/wp-json\/wp\/v2\/product_brand?post=15186"},{"taxonomy":"product_cat","embeddable":true,"href":"https:\/\/refrigeration.lt\/en\/wp-json\/wp\/v2\/product_cat?post=15186"},{"taxonomy":"product_tag","embeddable":true,"href":"https:\/\/refrigeration.lt\/en\/wp-json\/wp\/v2\/product_tag?post=15186"}],"curies":[{"name":"wp","href":"https:\/\/api.w.org\/{rel}","templated":true}]}}