{"id":15336,"date":"2025-09-04T17:31:33","date_gmt":"2025-09-04T17:31:33","guid":{"rendered":"https:\/\/refrigeration.webdemo.lt\/?post_type=product&#038;p=15336"},"modified":"2026-02-08T12:14:56","modified_gmt":"2026-02-08T10:14:56","slug":"laidas-kaitinimo-ky-50-220-2486614-53w-5m-15336","status":"publish","type":"product","link":"https:\/\/refrigeration.lt\/en\/product\/laidas-kaitinimo-ky-50-220-2486614-53w-5m-15336\/","title":{"rendered":"Laidas kaitinimo KY 50\/220 2486614 53W 5m"},"content":{"rendered":"","protected":false},"excerpt":{"rendered":"<p>Please note: the product image displayed on your screen may differ from the actual item.<\/p>","protected":false},"featured_media":15337,"comment_status":"open","ping_status":"closed","template":"","meta":{"_acf_changed":false},"product_brand":[],"product_cat":[184,83,230],"product_tag":[],"class_list":{"0":"post-15336","1":"product","2":"type-product","3":"status-publish","4":"has-post-thumbnail","6":"product_cat-akcija1","7":"product_cat-gamintojai","8":"product_cat-nukainuotos-prekes","10":"first","11":"instock","12":"taxable","13":"shipping-taxable","14":"purchasable","15":"product-type-simple"},"acf":[],"yoast_head":"<!-- This site is optimized with the Yoast SEO plugin v27.0 - https:\/\/yoast.com\/product\/yoast-seo-wordpress\/ -->\n<title>Laidas kaitinimo KY 50\/220 2486614 53W 5m | Beijer Ref<\/title>\n<meta name=\"description\" content=\"Laidas kaitinimo KY 50\/220 2486614 53W 5m. Pirkite internetu arba pateikite u\u017eklaus\u0105.\" \/>\n<meta name=\"robots\" content=\"index, follow, max-snippet:-1, max-image-preview:large, max-video-preview:-1\" \/>\n<link rel=\"canonical\" href=\"https:\/\/refrigeration.lt\/en\/product\/laidas-kaitinimo-ky-50-220-2486614-53w-5m-15336\/\" \/>\n<meta property=\"og:locale\" content=\"en_US\" \/>\n<meta property=\"og:type\" content=\"article\" \/>\n<meta property=\"og:title\" content=\"Laidas kaitinimo KY 50\/220 2486614 53W 5m | Beijer Ref\" \/>\n<meta property=\"og:description\" content=\"Laidas kaitinimo KY 50\/220 2486614 53W 5m. Pirkite internetu arba pateikite u\u017eklaus\u0105.\" \/>\n<meta property=\"og:url\" content=\"https:\/\/refrigeration.lt\/en\/product\/laidas-kaitinimo-ky-50-220-2486614-53w-5m-15336\/\" \/>\n<meta property=\"og:site_name\" content=\"Beijer Ref\" \/>\n<meta property=\"article:modified_time\" content=\"2026-02-08T10:14:56+00:00\" \/>\n<meta property=\"og:image\" content=\"https:\/\/refrigeration.lt\/wp-content\/uploads\/2025\/09\/laidas-kaitinimo-ky-50-220-2486614-53w-5m-15336.jpg\" \/>\n\t<meta property=\"og:image:width\" content=\"550\" \/>\n\t<meta property=\"og:image:height\" content=\"550\" \/>\n\t<meta property=\"og:image:type\" content=\"image\/jpeg\" \/>\n<meta name=\"twitter:card\" content=\"summary_large_image\" \/>\n<meta name=\"twitter:label1\" content=\"Est. reading time\" \/>\n\t<meta name=\"twitter:data1\" content=\"1 minute\" \/>\n<script type=\"application\/ld+json\" class=\"yoast-schema-graph\">{\"@context\":\"https:\/\/schema.org\",\"@graph\":[{\"@type\":\"WebPage\",\"@id\":\"https:\/\/refrigeration.lt\/produktas\/laidas-kaitinimo-ky-50-220-2486614-53w-5m-15336\/\",\"url\":\"https:\/\/refrigeration.lt\/produktas\/laidas-kaitinimo-ky-50-220-2486614-53w-5m-15336\/\",\"name\":\"Laidas kaitinimo KY 50\/220 2486614 53W 5m | Beijer Ref\",\"isPartOf\":{\"@id\":\"https:\/\/refrigeration.lt\/#website\"},\"primaryImageOfPage\":{\"@id\":\"https:\/\/refrigeration.lt\/produktas\/laidas-kaitinimo-ky-50-220-2486614-53w-5m-15336\/#primaryimage\"},\"image\":{\"@id\":\"https:\/\/refrigeration.lt\/produktas\/laidas-kaitinimo-ky-50-220-2486614-53w-5m-15336\/#primaryimage\"},\"thumbnailUrl\":\"https:\/\/refrigeration.lt\/wp-content\/uploads\/2025\/09\/laidas-kaitinimo-ky-50-220-2486614-53w-5m-15336.jpg\",\"datePublished\":\"2025-09-04T17:31:33+00:00\",\"dateModified\":\"2026-02-08T10:14:56+00:00\",\"description\":\"Laidas kaitinimo KY 50\/220 2486614 53W 5m. Pirkite internetu arba pateikite u\u017eklaus\u0105.\",\"breadcrumb\":{\"@id\":\"https:\/\/refrigeration.lt\/produktas\/laidas-kaitinimo-ky-50-220-2486614-53w-5m-15336\/#breadcrumb\"},\"inLanguage\":\"en-US\",\"potentialAction\":[{\"@type\":\"ReadAction\",\"target\":[\"https:\/\/refrigeration.lt\/produktas\/laidas-kaitinimo-ky-50-220-2486614-53w-5m-15336\/\"]}]},{\"@type\":\"ImageObject\",\"inLanguage\":\"en-US\",\"@id\":\"https:\/\/refrigeration.lt\/produktas\/laidas-kaitinimo-ky-50-220-2486614-53w-5m-15336\/#primaryimage\",\"url\":\"https:\/\/refrigeration.lt\/wp-content\/uploads\/2025\/09\/laidas-kaitinimo-ky-50-220-2486614-53w-5m-15336.jpg\",\"contentUrl\":\"https:\/\/refrigeration.lt\/wp-content\/uploads\/2025\/09\/laidas-kaitinimo-ky-50-220-2486614-53w-5m-15336.jpg\",\"width\":550,\"height\":550,\"caption\":\"Laidas kaitinimo KY 50\/220 2486614 53W 5m\"},{\"@type\":\"BreadcrumbList\",\"@id\":\"https:\/\/refrigeration.lt\/produktas\/laidas-kaitinimo-ky-50-220-2486614-53w-5m-15336\/#breadcrumb\",\"itemListElement\":[{\"@type\":\"ListItem\",\"position\":1,\"name\":\"Home\",\"item\":\"https:\/\/refrigeration.lt\/\"},{\"@type\":\"ListItem\",\"position\":2,\"name\":\"Visos prek\u0117s\",\"item\":\"https:\/\/refrigeration.lt\/parduotuve\/\"},{\"@type\":\"ListItem\",\"position\":3,\"name\":\"Laidas kaitinimo KY 50\/220 2486614 53W 5m\"}]},{\"@type\":\"WebSite\",\"@id\":\"https:\/\/refrigeration.lt\/#website\",\"url\":\"https:\/\/refrigeration.lt\/\",\"name\":\"Beijer Ref\",\"description\":\"Tarptautin\u0117 didmeninink\u0173 grup\u0117, veikianti komercinio \u0161aldymo, komforto \u0161aldymo, pramoninio \u0161aldymo ir susijusiuose sektoriuose.\",\"publisher\":{\"@id\":\"https:\/\/refrigeration.lt\/#organization\"},\"potentialAction\":[{\"@type\":\"SearchAction\",\"target\":{\"@type\":\"EntryPoint\",\"urlTemplate\":\"https:\/\/refrigeration.lt\/?s={search_term_string}\"},\"query-input\":{\"@type\":\"PropertyValueSpecification\",\"valueRequired\":true,\"valueName\":\"search_term_string\"}}],\"inLanguage\":\"en-US\"},{\"@type\":\"Organization\",\"@id\":\"https:\/\/refrigeration.lt\/#organization\",\"name\":\"Beijer Ref\",\"url\":\"https:\/\/refrigeration.lt\/\",\"logo\":{\"@type\":\"ImageObject\",\"inLanguage\":\"en-US\",\"@id\":\"https:\/\/refrigeration.lt\/#\/schema\/logo\/image\/\",\"url\":\"https:\/\/refrigeration.lt\/wp-content\/uploads\/2025\/09\/Beijer-Ref-LT-logo.png\",\"contentUrl\":\"https:\/\/refrigeration.lt\/wp-content\/uploads\/2025\/09\/Beijer-Ref-LT-logo.png\",\"width\":161,\"height\":38,\"caption\":\"Beijer Ref\"},\"image\":{\"@id\":\"https:\/\/refrigeration.lt\/#\/schema\/logo\/image\/\"}}]}<\/script>\n<!-- \/ Yoast SEO plugin. -->","yoast_head_json":{"title":"Laidas kaitinimo KY 50\/220 2486614 53W 5m | Beijer Ref","description":"Laidas kaitinimo KY 50\/220 2486614 53W 5m. Pirkite internetu arba pateikite u\u017eklaus\u0105.","robots":{"index":"index","follow":"follow","max-snippet":"max-snippet:-1","max-image-preview":"max-image-preview:large","max-video-preview":"max-video-preview:-1"},"canonical":"https:\/\/refrigeration.lt\/en\/product\/laidas-kaitinimo-ky-50-220-2486614-53w-5m-15336\/","og_locale":"en_US","og_type":"article","og_title":"Laidas kaitinimo KY 50\/220 2486614 53W 5m | Beijer Ref","og_description":"Laidas kaitinimo KY 50\/220 2486614 53W 5m. Pirkite internetu arba pateikite u\u017eklaus\u0105.","og_url":"https:\/\/refrigeration.lt\/en\/product\/laidas-kaitinimo-ky-50-220-2486614-53w-5m-15336\/","og_site_name":"Beijer Ref","article_modified_time":"2026-02-08T10:14:56+00:00","og_image":[{"width":550,"height":550,"url":"https:\/\/refrigeration.lt\/wp-content\/uploads\/2025\/09\/laidas-kaitinimo-ky-50-220-2486614-53w-5m-15336.jpg","type":"image\/jpeg"}],"twitter_card":"summary_large_image","twitter_misc":{"Est. reading time":"1 minute"},"schema":{"@context":"https:\/\/schema.org","@graph":[{"@type":"WebPage","@id":"https:\/\/refrigeration.lt\/produktas\/laidas-kaitinimo-ky-50-220-2486614-53w-5m-15336\/","url":"https:\/\/refrigeration.lt\/produktas\/laidas-kaitinimo-ky-50-220-2486614-53w-5m-15336\/","name":"Laidas kaitinimo KY 50\/220 2486614 53W 5m | Beijer Ref","isPartOf":{"@id":"https:\/\/refrigeration.lt\/#website"},"primaryImageOfPage":{"@id":"https:\/\/refrigeration.lt\/produktas\/laidas-kaitinimo-ky-50-220-2486614-53w-5m-15336\/#primaryimage"},"image":{"@id":"https:\/\/refrigeration.lt\/produktas\/laidas-kaitinimo-ky-50-220-2486614-53w-5m-15336\/#primaryimage"},"thumbnailUrl":"https:\/\/refrigeration.lt\/wp-content\/uploads\/2025\/09\/laidas-kaitinimo-ky-50-220-2486614-53w-5m-15336.jpg","datePublished":"2025-09-04T17:31:33+00:00","dateModified":"2026-02-08T10:14:56+00:00","description":"Laidas kaitinimo KY 50\/220 2486614 53W 5m. Pirkite internetu arba pateikite u\u017eklaus\u0105.","breadcrumb":{"@id":"https:\/\/refrigeration.lt\/produktas\/laidas-kaitinimo-ky-50-220-2486614-53w-5m-15336\/#breadcrumb"},"inLanguage":"en-US","potentialAction":[{"@type":"ReadAction","target":["https:\/\/refrigeration.lt\/produktas\/laidas-kaitinimo-ky-50-220-2486614-53w-5m-15336\/"]}]},{"@type":"ImageObject","inLanguage":"en-US","@id":"https:\/\/refrigeration.lt\/produktas\/laidas-kaitinimo-ky-50-220-2486614-53w-5m-15336\/#primaryimage","url":"https:\/\/refrigeration.lt\/wp-content\/uploads\/2025\/09\/laidas-kaitinimo-ky-50-220-2486614-53w-5m-15336.jpg","contentUrl":"https:\/\/refrigeration.lt\/wp-content\/uploads\/2025\/09\/laidas-kaitinimo-ky-50-220-2486614-53w-5m-15336.jpg","width":550,"height":550,"caption":"Laidas kaitinimo KY 50\/220 2486614 53W 5m"},{"@type":"BreadcrumbList","@id":"https:\/\/refrigeration.lt\/produktas\/laidas-kaitinimo-ky-50-220-2486614-53w-5m-15336\/#breadcrumb","itemListElement":[{"@type":"ListItem","position":1,"name":"Home","item":"https:\/\/refrigeration.lt\/"},{"@type":"ListItem","position":2,"name":"Visos prek\u0117s","item":"https:\/\/refrigeration.lt\/parduotuve\/"},{"@type":"ListItem","position":3,"name":"Laidas kaitinimo KY 50\/220 2486614 53W 5m"}]},{"@type":"WebSite","@id":"https:\/\/refrigeration.lt\/#website","url":"https:\/\/refrigeration.lt\/","name":"Beijer Ref","description":"Tarptautin\u0117 didmeninink\u0173 grup\u0117, veikianti komercinio \u0161aldymo, komforto \u0161aldymo, pramoninio \u0161aldymo ir susijusiuose sektoriuose.","publisher":{"@id":"https:\/\/refrigeration.lt\/#organization"},"potentialAction":[{"@type":"SearchAction","target":{"@type":"EntryPoint","urlTemplate":"https:\/\/refrigeration.lt\/?s={search_term_string}"},"query-input":{"@type":"PropertyValueSpecification","valueRequired":true,"valueName":"search_term_string"}}],"inLanguage":"en-US"},{"@type":"Organization","@id":"https:\/\/refrigeration.lt\/#organization","name":"Beijer Ref","url":"https:\/\/refrigeration.lt\/","logo":{"@type":"ImageObject","inLanguage":"en-US","@id":"https:\/\/refrigeration.lt\/#\/schema\/logo\/image\/","url":"https:\/\/refrigeration.lt\/wp-content\/uploads\/2025\/09\/Beijer-Ref-LT-logo.png","contentUrl":"https:\/\/refrigeration.lt\/wp-content\/uploads\/2025\/09\/Beijer-Ref-LT-logo.png","width":161,"height":38,"caption":"Beijer Ref"},"image":{"@id":"https:\/\/refrigeration.lt\/#\/schema\/logo\/image\/"}}]}},"_links":{"self":[{"href":"https:\/\/refrigeration.lt\/en\/wp-json\/wp\/v2\/product\/15336","targetHints":{"allow":["GET"]}}],"collection":[{"href":"https:\/\/refrigeration.lt\/en\/wp-json\/wp\/v2\/product"}],"about":[{"href":"https:\/\/refrigeration.lt\/en\/wp-json\/wp\/v2\/types\/product"}],"replies":[{"embeddable":true,"href":"https:\/\/refrigeration.lt\/en\/wp-json\/wp\/v2\/comments?post=15336"}],"wp:featuredmedia":[{"embeddable":true,"href":"https:\/\/refrigeration.lt\/en\/wp-json\/wp\/v2\/media\/15337"}],"wp:attachment":[{"href":"https:\/\/refrigeration.lt\/en\/wp-json\/wp\/v2\/media?parent=15336"}],"wp:term":[{"taxonomy":"product_brand","embeddable":true,"href":"https:\/\/refrigeration.lt\/en\/wp-json\/wp\/v2\/product_brand?post=15336"},{"taxonomy":"product_cat","embeddable":true,"href":"https:\/\/refrigeration.lt\/en\/wp-json\/wp\/v2\/product_cat?post=15336"},{"taxonomy":"product_tag","embeddable":true,"href":"https:\/\/refrigeration.lt\/en\/wp-json\/wp\/v2\/product_tag?post=15336"}],"curies":[{"name":"wp","href":"https:\/\/api.w.org\/{rel}","templated":true}]}}