{"id":15402,"date":"2025-09-04T17:32:23","date_gmt":"2025-09-04T17:32:23","guid":{"rendered":"https:\/\/refrigeration.webdemo.lt\/?post_type=product&#038;p=15402"},"modified":"2025-10-13T21:18:27","modified_gmt":"2025-10-13T18:18:27","slug":"kabelis-davikliui-pt1000-3-0m-15402","status":"publish","type":"product","link":"https:\/\/refrigeration.lt\/en\/product\/kabelis-davikliui-pt1000-3-0m-15402\/","title":{"rendered":"Kabelis davikliui PT1000 3.0M"},"content":{"rendered":"","protected":false},"excerpt":{"rendered":"<p>Please note: the product image displayed on your screen may differ from the actual item.<\/p>","protected":false},"featured_media":0,"comment_status":"open","ping_status":"closed","template":"","meta":{"_acf_changed":false},"product_brand":[],"product_cat":[186,83,230],"product_tag":[],"class_list":{"0":"post-15402","1":"product","2":"type-product","3":"status-publish","5":"product_cat-akcija3","6":"product_cat-gamintojai","7":"product_cat-nukainuotos-prekes","9":"first","10":"instock","11":"taxable","12":"shipping-taxable","13":"purchasable","14":"product-type-simple"},"acf":[],"yoast_head":"<!-- This site is optimized with the Yoast SEO plugin v27.0 - https:\/\/yoast.com\/product\/yoast-seo-wordpress\/ -->\n<title>Kabelis davikliui PT1000 3.0M | Beijer Ref<\/title>\n<meta name=\"description\" content=\"Kabelis davikliui PT1000 3.0M. Pirkite internetu arba pateikite u\u017eklaus\u0105.\" \/>\n<meta name=\"robots\" content=\"index, follow, max-snippet:-1, max-image-preview:large, max-video-preview:-1\" \/>\n<link rel=\"canonical\" href=\"https:\/\/refrigeration.lt\/en\/product\/kabelis-davikliui-pt1000-3-0m-15402\/\" \/>\n<meta property=\"og:locale\" content=\"en_US\" \/>\n<meta property=\"og:type\" content=\"article\" \/>\n<meta property=\"og:title\" content=\"Kabelis davikliui PT1000 3.0M | Beijer Ref\" \/>\n<meta property=\"og:description\" content=\"Kabelis davikliui PT1000 3.0M. Pirkite internetu arba pateikite u\u017eklaus\u0105.\" \/>\n<meta property=\"og:url\" content=\"https:\/\/refrigeration.lt\/en\/product\/kabelis-davikliui-pt1000-3-0m-15402\/\" \/>\n<meta property=\"og:site_name\" content=\"Beijer Ref\" \/>\n<meta property=\"article:modified_time\" content=\"2025-10-13T18:18:27+00:00\" \/>\n<meta name=\"twitter:card\" content=\"summary_large_image\" \/>\n<script type=\"application\/ld+json\" class=\"yoast-schema-graph\">{\"@context\":\"https:\/\/schema.org\",\"@graph\":[{\"@type\":\"WebPage\",\"@id\":\"https:\/\/refrigeration.lt\/produktas\/kabelis-davikliui-pt1000-3-0m-15402\/\",\"url\":\"https:\/\/refrigeration.lt\/produktas\/kabelis-davikliui-pt1000-3-0m-15402\/\",\"name\":\"Kabelis davikliui PT1000 3.0M | Beijer Ref\",\"isPartOf\":{\"@id\":\"https:\/\/refrigeration.lt\/#website\"},\"datePublished\":\"2025-09-04T17:32:23+00:00\",\"dateModified\":\"2025-10-13T18:18:27+00:00\",\"description\":\"Kabelis davikliui PT1000 3.0M. Pirkite internetu arba pateikite u\u017eklaus\u0105.\",\"breadcrumb\":{\"@id\":\"https:\/\/refrigeration.lt\/produktas\/kabelis-davikliui-pt1000-3-0m-15402\/#breadcrumb\"},\"inLanguage\":\"en-US\",\"potentialAction\":[{\"@type\":\"ReadAction\",\"target\":[\"https:\/\/refrigeration.lt\/produktas\/kabelis-davikliui-pt1000-3-0m-15402\/\"]}]},{\"@type\":\"BreadcrumbList\",\"@id\":\"https:\/\/refrigeration.lt\/produktas\/kabelis-davikliui-pt1000-3-0m-15402\/#breadcrumb\",\"itemListElement\":[{\"@type\":\"ListItem\",\"position\":1,\"name\":\"Home\",\"item\":\"https:\/\/refrigeration.lt\/\"},{\"@type\":\"ListItem\",\"position\":2,\"name\":\"Visos prek\u0117s\",\"item\":\"https:\/\/refrigeration.lt\/parduotuve\/\"},{\"@type\":\"ListItem\",\"position\":3,\"name\":\"Kabelis davikliui PT1000 3.0M\"}]},{\"@type\":\"WebSite\",\"@id\":\"https:\/\/refrigeration.lt\/#website\",\"url\":\"https:\/\/refrigeration.lt\/\",\"name\":\"Beijer Ref\",\"description\":\"Tarptautin\u0117 didmeninink\u0173 grup\u0117, veikianti komercinio \u0161aldymo, komforto \u0161aldymo, pramoninio \u0161aldymo ir susijusiuose sektoriuose.\",\"publisher\":{\"@id\":\"https:\/\/refrigeration.lt\/#organization\"},\"potentialAction\":[{\"@type\":\"SearchAction\",\"target\":{\"@type\":\"EntryPoint\",\"urlTemplate\":\"https:\/\/refrigeration.lt\/?s={search_term_string}\"},\"query-input\":{\"@type\":\"PropertyValueSpecification\",\"valueRequired\":true,\"valueName\":\"search_term_string\"}}],\"inLanguage\":\"en-US\"},{\"@type\":\"Organization\",\"@id\":\"https:\/\/refrigeration.lt\/#organization\",\"name\":\"Beijer Ref\",\"url\":\"https:\/\/refrigeration.lt\/\",\"logo\":{\"@type\":\"ImageObject\",\"inLanguage\":\"en-US\",\"@id\":\"https:\/\/refrigeration.lt\/#\/schema\/logo\/image\/\",\"url\":\"https:\/\/refrigeration.lt\/wp-content\/uploads\/2025\/09\/Beijer-Ref-LT-logo.png\",\"contentUrl\":\"https:\/\/refrigeration.lt\/wp-content\/uploads\/2025\/09\/Beijer-Ref-LT-logo.png\",\"width\":161,\"height\":38,\"caption\":\"Beijer Ref\"},\"image\":{\"@id\":\"https:\/\/refrigeration.lt\/#\/schema\/logo\/image\/\"}}]}<\/script>\n<!-- \/ Yoast SEO plugin. -->","yoast_head_json":{"title":"Kabelis davikliui PT1000 3.0M | Beijer Ref","description":"Kabelis davikliui PT1000 3.0M. Pirkite internetu arba pateikite u\u017eklaus\u0105.","robots":{"index":"index","follow":"follow","max-snippet":"max-snippet:-1","max-image-preview":"max-image-preview:large","max-video-preview":"max-video-preview:-1"},"canonical":"https:\/\/refrigeration.lt\/en\/product\/kabelis-davikliui-pt1000-3-0m-15402\/","og_locale":"en_US","og_type":"article","og_title":"Kabelis davikliui PT1000 3.0M | Beijer Ref","og_description":"Kabelis davikliui PT1000 3.0M. Pirkite internetu arba pateikite u\u017eklaus\u0105.","og_url":"https:\/\/refrigeration.lt\/en\/product\/kabelis-davikliui-pt1000-3-0m-15402\/","og_site_name":"Beijer Ref","article_modified_time":"2025-10-13T18:18:27+00:00","twitter_card":"summary_large_image","schema":{"@context":"https:\/\/schema.org","@graph":[{"@type":"WebPage","@id":"https:\/\/refrigeration.lt\/produktas\/kabelis-davikliui-pt1000-3-0m-15402\/","url":"https:\/\/refrigeration.lt\/produktas\/kabelis-davikliui-pt1000-3-0m-15402\/","name":"Kabelis davikliui PT1000 3.0M | Beijer Ref","isPartOf":{"@id":"https:\/\/refrigeration.lt\/#website"},"datePublished":"2025-09-04T17:32:23+00:00","dateModified":"2025-10-13T18:18:27+00:00","description":"Kabelis davikliui PT1000 3.0M. Pirkite internetu arba pateikite u\u017eklaus\u0105.","breadcrumb":{"@id":"https:\/\/refrigeration.lt\/produktas\/kabelis-davikliui-pt1000-3-0m-15402\/#breadcrumb"},"inLanguage":"en-US","potentialAction":[{"@type":"ReadAction","target":["https:\/\/refrigeration.lt\/produktas\/kabelis-davikliui-pt1000-3-0m-15402\/"]}]},{"@type":"BreadcrumbList","@id":"https:\/\/refrigeration.lt\/produktas\/kabelis-davikliui-pt1000-3-0m-15402\/#breadcrumb","itemListElement":[{"@type":"ListItem","position":1,"name":"Home","item":"https:\/\/refrigeration.lt\/"},{"@type":"ListItem","position":2,"name":"Visos prek\u0117s","item":"https:\/\/refrigeration.lt\/parduotuve\/"},{"@type":"ListItem","position":3,"name":"Kabelis davikliui PT1000 3.0M"}]},{"@type":"WebSite","@id":"https:\/\/refrigeration.lt\/#website","url":"https:\/\/refrigeration.lt\/","name":"Beijer Ref","description":"Tarptautin\u0117 didmeninink\u0173 grup\u0117, veikianti komercinio \u0161aldymo, komforto \u0161aldymo, pramoninio \u0161aldymo ir susijusiuose sektoriuose.","publisher":{"@id":"https:\/\/refrigeration.lt\/#organization"},"potentialAction":[{"@type":"SearchAction","target":{"@type":"EntryPoint","urlTemplate":"https:\/\/refrigeration.lt\/?s={search_term_string}"},"query-input":{"@type":"PropertyValueSpecification","valueRequired":true,"valueName":"search_term_string"}}],"inLanguage":"en-US"},{"@type":"Organization","@id":"https:\/\/refrigeration.lt\/#organization","name":"Beijer Ref","url":"https:\/\/refrigeration.lt\/","logo":{"@type":"ImageObject","inLanguage":"en-US","@id":"https:\/\/refrigeration.lt\/#\/schema\/logo\/image\/","url":"https:\/\/refrigeration.lt\/wp-content\/uploads\/2025\/09\/Beijer-Ref-LT-logo.png","contentUrl":"https:\/\/refrigeration.lt\/wp-content\/uploads\/2025\/09\/Beijer-Ref-LT-logo.png","width":161,"height":38,"caption":"Beijer Ref"},"image":{"@id":"https:\/\/refrigeration.lt\/#\/schema\/logo\/image\/"}}]}},"_links":{"self":[{"href":"https:\/\/refrigeration.lt\/en\/wp-json\/wp\/v2\/product\/15402","targetHints":{"allow":["GET"]}}],"collection":[{"href":"https:\/\/refrigeration.lt\/en\/wp-json\/wp\/v2\/product"}],"about":[{"href":"https:\/\/refrigeration.lt\/en\/wp-json\/wp\/v2\/types\/product"}],"replies":[{"embeddable":true,"href":"https:\/\/refrigeration.lt\/en\/wp-json\/wp\/v2\/comments?post=15402"}],"wp:attachment":[{"href":"https:\/\/refrigeration.lt\/en\/wp-json\/wp\/v2\/media?parent=15402"}],"wp:term":[{"taxonomy":"product_brand","embeddable":true,"href":"https:\/\/refrigeration.lt\/en\/wp-json\/wp\/v2\/product_brand?post=15402"},{"taxonomy":"product_cat","embeddable":true,"href":"https:\/\/refrigeration.lt\/en\/wp-json\/wp\/v2\/product_cat?post=15402"},{"taxonomy":"product_tag","embeddable":true,"href":"https:\/\/refrigeration.lt\/en\/wp-json\/wp\/v2\/product_tag?post=15402"}],"curies":[{"name":"wp","href":"https:\/\/api.w.org\/{rel}","templated":true}]}}