{"id":15456,"date":"2025-09-04T17:33:53","date_gmt":"2025-09-04T17:33:53","guid":{"rendered":"https:\/\/refrigeration.webdemo.lt\/?post_type=product&#038;p=15456"},"modified":"2025-10-13T21:06:13","modified_gmt":"2025-10-13T18:06:13","slug":"rotalock-ventilis-15-88mm-5-8-8217-8217-x-1-1-4-8217-8217-15456","status":"publish","type":"product","link":"https:\/\/refrigeration.lt\/en\/product\/rotalock-ventilis-15-88mm-5-8-8217-8217-x-1-1-4-8217-8217-15456\/","title":{"rendered":"Rotalock ventilis 15,88mm 5\/8&#8221; x 1 1\/4&#8221;"},"content":{"rendered":"","protected":false},"excerpt":{"rendered":"<p>Please note: the product image displayed on your screen may differ from the actual item.<\/p>","protected":false},"featured_media":15457,"comment_status":"open","ping_status":"closed","template":"","meta":{"_acf_changed":false},"product_brand":[],"product_cat":[185,83,230],"product_tag":[],"class_list":{"0":"post-15456","1":"product","2":"type-product","3":"status-publish","4":"has-post-thumbnail","6":"product_cat-akcija2","7":"product_cat-gamintojai","8":"product_cat-nukainuotos-prekes","10":"first","11":"instock","12":"taxable","13":"shipping-taxable","14":"purchasable","15":"product-type-simple"},"acf":[],"yoast_head":"<!-- This site is optimized with the Yoast SEO plugin v27.0 - https:\/\/yoast.com\/product\/yoast-seo-wordpress\/ -->\n<title>Rotalock ventilis 15,88mm 5\/8&#8221; x 1 1\/4&#8221; | Beijer Ref<\/title>\n<meta name=\"description\" content=\"Rotalock ventilis 15,88mm 5\/8&#8221; x 1 1\/4&#8221;. Pirkite internetu arba pateikite u\u017eklaus\u0105.\" \/>\n<meta name=\"robots\" content=\"index, follow, max-snippet:-1, max-image-preview:large, max-video-preview:-1\" \/>\n<link rel=\"canonical\" href=\"https:\/\/refrigeration.lt\/en\/product\/rotalock-ventilis-15-88mm-5-8-8217-8217-x-1-1-4-8217-8217-15456\/\" \/>\n<meta property=\"og:locale\" content=\"en_US\" \/>\n<meta property=\"og:type\" content=\"article\" \/>\n<meta property=\"og:title\" content=\"Rotalock ventilis 15,88mm 5\/8&#8221; x 1 1\/4&#8221; | Beijer Ref\" \/>\n<meta property=\"og:description\" content=\"Rotalock ventilis 15,88mm 5\/8&#8221; x 1 1\/4&#8221;. Pirkite internetu arba pateikite u\u017eklaus\u0105.\" \/>\n<meta property=\"og:url\" content=\"https:\/\/refrigeration.lt\/en\/product\/rotalock-ventilis-15-88mm-5-8-8217-8217-x-1-1-4-8217-8217-15456\/\" \/>\n<meta property=\"og:site_name\" content=\"Beijer Ref\" \/>\n<meta property=\"article:modified_time\" content=\"2025-10-13T18:06:13+00:00\" \/>\n<meta property=\"og:image\" content=\"https:\/\/refrigeration.lt\/wp-content\/uploads\/2025\/09\/rotalock-ventilis-15-88mm-5-8-8217-8217-x-1-1-4-8217-8217-15456.jpg\" \/>\n\t<meta property=\"og:image:width\" content=\"200\" \/>\n\t<meta property=\"og:image:height\" content=\"160\" \/>\n\t<meta property=\"og:image:type\" content=\"image\/jpeg\" \/>\n<meta name=\"twitter:card\" content=\"summary_large_image\" \/>\n<script type=\"application\/ld+json\" class=\"yoast-schema-graph\">{\"@context\":\"https:\/\/schema.org\",\"@graph\":[{\"@type\":\"WebPage\",\"@id\":\"https:\/\/refrigeration.lt\/produktas\/rotalock-ventilis-15-88mm-5-8-8217-8217-x-1-1-4-8217-8217-15456\/\",\"url\":\"https:\/\/refrigeration.lt\/produktas\/rotalock-ventilis-15-88mm-5-8-8217-8217-x-1-1-4-8217-8217-15456\/\",\"name\":\"Rotalock ventilis 15,88mm 5\/8&#8221; x 1 1\/4&#8221; | Beijer Ref\",\"isPartOf\":{\"@id\":\"https:\/\/refrigeration.lt\/#website\"},\"primaryImageOfPage\":{\"@id\":\"https:\/\/refrigeration.lt\/produktas\/rotalock-ventilis-15-88mm-5-8-8217-8217-x-1-1-4-8217-8217-15456\/#primaryimage\"},\"image\":{\"@id\":\"https:\/\/refrigeration.lt\/produktas\/rotalock-ventilis-15-88mm-5-8-8217-8217-x-1-1-4-8217-8217-15456\/#primaryimage\"},\"thumbnailUrl\":\"https:\/\/refrigeration.lt\/wp-content\/uploads\/2025\/09\/rotalock-ventilis-15-88mm-5-8-8217-8217-x-1-1-4-8217-8217-15456.jpg\",\"datePublished\":\"2025-09-04T17:33:53+00:00\",\"dateModified\":\"2025-10-13T18:06:13+00:00\",\"description\":\"Rotalock ventilis 15,88mm 5\/8&#8221; x 1 1\/4&#8221;. Pirkite internetu arba pateikite u\u017eklaus\u0105.\",\"breadcrumb\":{\"@id\":\"https:\/\/refrigeration.lt\/produktas\/rotalock-ventilis-15-88mm-5-8-8217-8217-x-1-1-4-8217-8217-15456\/#breadcrumb\"},\"inLanguage\":\"en-US\",\"potentialAction\":[{\"@type\":\"ReadAction\",\"target\":[\"https:\/\/refrigeration.lt\/produktas\/rotalock-ventilis-15-88mm-5-8-8217-8217-x-1-1-4-8217-8217-15456\/\"]}]},{\"@type\":\"ImageObject\",\"inLanguage\":\"en-US\",\"@id\":\"https:\/\/refrigeration.lt\/produktas\/rotalock-ventilis-15-88mm-5-8-8217-8217-x-1-1-4-8217-8217-15456\/#primaryimage\",\"url\":\"https:\/\/refrigeration.lt\/wp-content\/uploads\/2025\/09\/rotalock-ventilis-15-88mm-5-8-8217-8217-x-1-1-4-8217-8217-15456.jpg\",\"contentUrl\":\"https:\/\/refrigeration.lt\/wp-content\/uploads\/2025\/09\/rotalock-ventilis-15-88mm-5-8-8217-8217-x-1-1-4-8217-8217-15456.jpg\",\"width\":200,\"height\":160,\"caption\":\"Rotalock ventilis 15,88mm 5\/8&#8217;&#8217; x 1 1\/4&#8217;&#8217;\"},{\"@type\":\"BreadcrumbList\",\"@id\":\"https:\/\/refrigeration.lt\/produktas\/rotalock-ventilis-15-88mm-5-8-8217-8217-x-1-1-4-8217-8217-15456\/#breadcrumb\",\"itemListElement\":[{\"@type\":\"ListItem\",\"position\":1,\"name\":\"Home\",\"item\":\"https:\/\/refrigeration.lt\/\"},{\"@type\":\"ListItem\",\"position\":2,\"name\":\"Visos prek\u0117s\",\"item\":\"https:\/\/refrigeration.lt\/parduotuve\/\"},{\"@type\":\"ListItem\",\"position\":3,\"name\":\"Rotalock ventilis 15,88mm 5\/8&#8221; x 1 1\/4&#8221;\"}]},{\"@type\":\"WebSite\",\"@id\":\"https:\/\/refrigeration.lt\/#website\",\"url\":\"https:\/\/refrigeration.lt\/\",\"name\":\"Beijer Ref\",\"description\":\"Tarptautin\u0117 didmeninink\u0173 grup\u0117, veikianti komercinio \u0161aldymo, komforto \u0161aldymo, pramoninio \u0161aldymo ir susijusiuose sektoriuose.\",\"publisher\":{\"@id\":\"https:\/\/refrigeration.lt\/#organization\"},\"potentialAction\":[{\"@type\":\"SearchAction\",\"target\":{\"@type\":\"EntryPoint\",\"urlTemplate\":\"https:\/\/refrigeration.lt\/?s={search_term_string}\"},\"query-input\":{\"@type\":\"PropertyValueSpecification\",\"valueRequired\":true,\"valueName\":\"search_term_string\"}}],\"inLanguage\":\"en-US\"},{\"@type\":\"Organization\",\"@id\":\"https:\/\/refrigeration.lt\/#organization\",\"name\":\"Beijer Ref\",\"url\":\"https:\/\/refrigeration.lt\/\",\"logo\":{\"@type\":\"ImageObject\",\"inLanguage\":\"en-US\",\"@id\":\"https:\/\/refrigeration.lt\/#\/schema\/logo\/image\/\",\"url\":\"https:\/\/refrigeration.lt\/wp-content\/uploads\/2025\/09\/Beijer-Ref-LT-logo.png\",\"contentUrl\":\"https:\/\/refrigeration.lt\/wp-content\/uploads\/2025\/09\/Beijer-Ref-LT-logo.png\",\"width\":161,\"height\":38,\"caption\":\"Beijer Ref\"},\"image\":{\"@id\":\"https:\/\/refrigeration.lt\/#\/schema\/logo\/image\/\"}}]}<\/script>\n<!-- \/ Yoast SEO plugin. -->","yoast_head_json":{"title":"Rotalock ventilis 15,88mm 5\/8&#8221; x 1 1\/4&#8221; | Beijer Ref","description":"Rotalock ventilis 15,88mm 5\/8&#8221; x 1 1\/4&#8221;. Pirkite internetu arba pateikite u\u017eklaus\u0105.","robots":{"index":"index","follow":"follow","max-snippet":"max-snippet:-1","max-image-preview":"max-image-preview:large","max-video-preview":"max-video-preview:-1"},"canonical":"https:\/\/refrigeration.lt\/en\/product\/rotalock-ventilis-15-88mm-5-8-8217-8217-x-1-1-4-8217-8217-15456\/","og_locale":"en_US","og_type":"article","og_title":"Rotalock ventilis 15,88mm 5\/8&#8221; x 1 1\/4&#8221; | Beijer Ref","og_description":"Rotalock ventilis 15,88mm 5\/8&#8221; x 1 1\/4&#8221;. Pirkite internetu arba pateikite u\u017eklaus\u0105.","og_url":"https:\/\/refrigeration.lt\/en\/product\/rotalock-ventilis-15-88mm-5-8-8217-8217-x-1-1-4-8217-8217-15456\/","og_site_name":"Beijer Ref","article_modified_time":"2025-10-13T18:06:13+00:00","og_image":[{"width":200,"height":160,"url":"https:\/\/refrigeration.lt\/wp-content\/uploads\/2025\/09\/rotalock-ventilis-15-88mm-5-8-8217-8217-x-1-1-4-8217-8217-15456.jpg","type":"image\/jpeg"}],"twitter_card":"summary_large_image","schema":{"@context":"https:\/\/schema.org","@graph":[{"@type":"WebPage","@id":"https:\/\/refrigeration.lt\/produktas\/rotalock-ventilis-15-88mm-5-8-8217-8217-x-1-1-4-8217-8217-15456\/","url":"https:\/\/refrigeration.lt\/produktas\/rotalock-ventilis-15-88mm-5-8-8217-8217-x-1-1-4-8217-8217-15456\/","name":"Rotalock ventilis 15,88mm 5\/8&#8221; x 1 1\/4&#8221; | Beijer Ref","isPartOf":{"@id":"https:\/\/refrigeration.lt\/#website"},"primaryImageOfPage":{"@id":"https:\/\/refrigeration.lt\/produktas\/rotalock-ventilis-15-88mm-5-8-8217-8217-x-1-1-4-8217-8217-15456\/#primaryimage"},"image":{"@id":"https:\/\/refrigeration.lt\/produktas\/rotalock-ventilis-15-88mm-5-8-8217-8217-x-1-1-4-8217-8217-15456\/#primaryimage"},"thumbnailUrl":"https:\/\/refrigeration.lt\/wp-content\/uploads\/2025\/09\/rotalock-ventilis-15-88mm-5-8-8217-8217-x-1-1-4-8217-8217-15456.jpg","datePublished":"2025-09-04T17:33:53+00:00","dateModified":"2025-10-13T18:06:13+00:00","description":"Rotalock ventilis 15,88mm 5\/8&#8221; x 1 1\/4&#8221;. Pirkite internetu arba pateikite u\u017eklaus\u0105.","breadcrumb":{"@id":"https:\/\/refrigeration.lt\/produktas\/rotalock-ventilis-15-88mm-5-8-8217-8217-x-1-1-4-8217-8217-15456\/#breadcrumb"},"inLanguage":"en-US","potentialAction":[{"@type":"ReadAction","target":["https:\/\/refrigeration.lt\/produktas\/rotalock-ventilis-15-88mm-5-8-8217-8217-x-1-1-4-8217-8217-15456\/"]}]},{"@type":"ImageObject","inLanguage":"en-US","@id":"https:\/\/refrigeration.lt\/produktas\/rotalock-ventilis-15-88mm-5-8-8217-8217-x-1-1-4-8217-8217-15456\/#primaryimage","url":"https:\/\/refrigeration.lt\/wp-content\/uploads\/2025\/09\/rotalock-ventilis-15-88mm-5-8-8217-8217-x-1-1-4-8217-8217-15456.jpg","contentUrl":"https:\/\/refrigeration.lt\/wp-content\/uploads\/2025\/09\/rotalock-ventilis-15-88mm-5-8-8217-8217-x-1-1-4-8217-8217-15456.jpg","width":200,"height":160,"caption":"Rotalock ventilis 15,88mm 5\/8&#8217;&#8217; x 1 1\/4&#8217;&#8217;"},{"@type":"BreadcrumbList","@id":"https:\/\/refrigeration.lt\/produktas\/rotalock-ventilis-15-88mm-5-8-8217-8217-x-1-1-4-8217-8217-15456\/#breadcrumb","itemListElement":[{"@type":"ListItem","position":1,"name":"Home","item":"https:\/\/refrigeration.lt\/"},{"@type":"ListItem","position":2,"name":"Visos prek\u0117s","item":"https:\/\/refrigeration.lt\/parduotuve\/"},{"@type":"ListItem","position":3,"name":"Rotalock ventilis 15,88mm 5\/8&#8221; x 1 1\/4&#8221;"}]},{"@type":"WebSite","@id":"https:\/\/refrigeration.lt\/#website","url":"https:\/\/refrigeration.lt\/","name":"Beijer Ref","description":"Tarptautin\u0117 didmeninink\u0173 grup\u0117, veikianti komercinio \u0161aldymo, komforto \u0161aldymo, pramoninio \u0161aldymo ir susijusiuose sektoriuose.","publisher":{"@id":"https:\/\/refrigeration.lt\/#organization"},"potentialAction":[{"@type":"SearchAction","target":{"@type":"EntryPoint","urlTemplate":"https:\/\/refrigeration.lt\/?s={search_term_string}"},"query-input":{"@type":"PropertyValueSpecification","valueRequired":true,"valueName":"search_term_string"}}],"inLanguage":"en-US"},{"@type":"Organization","@id":"https:\/\/refrigeration.lt\/#organization","name":"Beijer Ref","url":"https:\/\/refrigeration.lt\/","logo":{"@type":"ImageObject","inLanguage":"en-US","@id":"https:\/\/refrigeration.lt\/#\/schema\/logo\/image\/","url":"https:\/\/refrigeration.lt\/wp-content\/uploads\/2025\/09\/Beijer-Ref-LT-logo.png","contentUrl":"https:\/\/refrigeration.lt\/wp-content\/uploads\/2025\/09\/Beijer-Ref-LT-logo.png","width":161,"height":38,"caption":"Beijer Ref"},"image":{"@id":"https:\/\/refrigeration.lt\/#\/schema\/logo\/image\/"}}]}},"_links":{"self":[{"href":"https:\/\/refrigeration.lt\/en\/wp-json\/wp\/v2\/product\/15456","targetHints":{"allow":["GET"]}}],"collection":[{"href":"https:\/\/refrigeration.lt\/en\/wp-json\/wp\/v2\/product"}],"about":[{"href":"https:\/\/refrigeration.lt\/en\/wp-json\/wp\/v2\/types\/product"}],"replies":[{"embeddable":true,"href":"https:\/\/refrigeration.lt\/en\/wp-json\/wp\/v2\/comments?post=15456"}],"wp:featuredmedia":[{"embeddable":true,"href":"https:\/\/refrigeration.lt\/en\/wp-json\/wp\/v2\/media\/15457"}],"wp:attachment":[{"href":"https:\/\/refrigeration.lt\/en\/wp-json\/wp\/v2\/media?parent=15456"}],"wp:term":[{"taxonomy":"product_brand","embeddable":true,"href":"https:\/\/refrigeration.lt\/en\/wp-json\/wp\/v2\/product_brand?post=15456"},{"taxonomy":"product_cat","embeddable":true,"href":"https:\/\/refrigeration.lt\/en\/wp-json\/wp\/v2\/product_cat?post=15456"},{"taxonomy":"product_tag","embeddable":true,"href":"https:\/\/refrigeration.lt\/en\/wp-json\/wp\/v2\/product_tag?post=15456"}],"curies":[{"name":"wp","href":"https:\/\/api.w.org\/{rel}","templated":true}]}}