{"id":15670,"date":"2025-09-17T18:02:52","date_gmt":"2025-09-17T18:02:52","guid":{"rendered":"https:\/\/refrigeration.webdemo.lt\/?post_type=product&p=15670"},"modified":"2025-09-17T18:02:52","modified_gmt":"2025-09-17T18:02:52","slug":"elke-poe-32-alyva-1000-ml-15670","status":"publish","type":"product","link":"https:\/\/refrigeration.lt\/en\/product\/elke-poe-32-alyva-1000-ml-15670\/","title":{"rendered":"ELKE POE 32 1000 ML"},"content":{"rendered":"<p>ELKE POE 32 is a specialized polyolester (POE) based oil designed for refrigeration and air conditioning (HVAC) systems, especially those using modern refrigerants. This oil provides excellent lubrication, protects components from wear and corrosion, and is resistant to high pressures and temperatures.<br \/>\n The 1000 ml packaging is ideal for professional use in service and maintenance work. <\/p>\n<p> Key benefits:<br \/>\n &#8211; Polyolester (POE) base &#8211; compatible with the latest refrigerants<br \/>\n &#8211; High resistance to oxidation and corrosion<br \/>\n &#8211; Excellent lubrication performance<br \/>\n &#8211; Suitable for various HVAC systems<\/p>","protected":false},"excerpt":{"rendered":"<p>ELKE POE 32 oil, 1000 ml &#8211; high-quality polyolester (POE) based oil for refrigeration and air conditioning systems.<\/p>","protected":false},"featured_media":15671,"comment_status":"open","ping_status":"closed","template":"","meta":{"_acf_changed":false},"product_brand":[],"product_cat":[61,97,83,59],"product_tag":[],"class_list":{"0":"post-15670","1":"product","2":"type-product","3":"status-publish","4":"has-post-thumbnail","6":"product_cat-chemines-medziagos","7":"product_cat-elke","8":"product_cat-gamintojai","9":"product_cat-saldymas","11":"first","12":"instock","13":"taxable","14":"shipping-taxable","15":"purchasable","16":"product-type-simple"},"acf":[],"yoast_head":"<!-- This site is optimized with the Yoast SEO plugin v27.4 - https:\/\/yoast.com\/product\/yoast-seo-wordpress\/ -->\n<title>ELKE POE 32 alyva, 1000 ml | Beijer Ref<\/title>\n<meta name=\"description\" content=\"ELKE POE 32 alyva, 1000 ml. Pirkite internetu arba pateikite u\u017eklaus\u0105.\" \/>\n<meta name=\"robots\" content=\"index, follow, max-snippet:-1, max-image-preview:large, max-video-preview:-1\" \/>\n<link rel=\"canonical\" href=\"https:\/\/refrigeration.lt\/en\/product\/elke-poe-32-alyva-1000-ml-15670\/\" \/>\n<meta property=\"og:locale\" content=\"en_US\" \/>\n<meta property=\"og:type\" content=\"article\" \/>\n<meta property=\"og:title\" content=\"ELKE POE 32 alyva, 1000 ml | Beijer Ref\" \/>\n<meta property=\"og:description\" content=\"ELKE POE 32 alyva, 1000 ml. Pirkite internetu arba pateikite u\u017eklaus\u0105.\" \/>\n<meta property=\"og:url\" content=\"https:\/\/refrigeration.lt\/en\/product\/elke-poe-32-alyva-1000-ml-15670\/\" \/>\n<meta property=\"og:site_name\" content=\"Beijer Ref\" \/>\n<meta property=\"og:image\" content=\"https:\/\/refrigeration.lt\/wp-content\/uploads\/2025\/09\/elke-poe-32-alyva-1000-ml-15670.png\" \/>\n\t<meta property=\"og:image:width\" content=\"1174\" \/>\n\t<meta property=\"og:image:height\" content=\"2310\" \/>\n\t<meta property=\"og:image:type\" content=\"image\/png\" \/>\n<meta name=\"twitter:card\" content=\"summary_large_image\" \/>\n<script type=\"application\/ld+json\" class=\"yoast-schema-graph\">{\"@context\":\"https:\\\/\\\/schema.org\",\"@graph\":[{\"@type\":\"WebPage\",\"@id\":\"https:\\\/\\\/refrigeration.lt\\\/produktas\\\/elke-poe-32-alyva-1000-ml-15670\\\/\",\"url\":\"https:\\\/\\\/refrigeration.lt\\\/produktas\\\/elke-poe-32-alyva-1000-ml-15670\\\/\",\"name\":\"ELKE POE 32 alyva, 1000 ml | Beijer Ref\",\"isPartOf\":{\"@id\":\"https:\\\/\\\/refrigeration.lt\\\/#website\"},\"primaryImageOfPage\":{\"@id\":\"https:\\\/\\\/refrigeration.lt\\\/produktas\\\/elke-poe-32-alyva-1000-ml-15670\\\/#primaryimage\"},\"image\":{\"@id\":\"https:\\\/\\\/refrigeration.lt\\\/produktas\\\/elke-poe-32-alyva-1000-ml-15670\\\/#primaryimage\"},\"thumbnailUrl\":\"https:\\\/\\\/refrigeration.lt\\\/wp-content\\\/uploads\\\/2025\\\/09\\\/elke-poe-32-alyva-1000-ml-15670.png\",\"datePublished\":\"2025-09-17T18:02:52+00:00\",\"description\":\"ELKE POE 32 alyva, 1000 ml. Pirkite internetu arba pateikite u\u017eklaus\u0105.\",\"breadcrumb\":{\"@id\":\"https:\\\/\\\/refrigeration.lt\\\/produktas\\\/elke-poe-32-alyva-1000-ml-15670\\\/#breadcrumb\"},\"inLanguage\":\"en-US\",\"potentialAction\":[{\"@type\":\"ReadAction\",\"target\":[\"https:\\\/\\\/refrigeration.lt\\\/produktas\\\/elke-poe-32-alyva-1000-ml-15670\\\/\"]}]},{\"@type\":\"ImageObject\",\"inLanguage\":\"en-US\",\"@id\":\"https:\\\/\\\/refrigeration.lt\\\/produktas\\\/elke-poe-32-alyva-1000-ml-15670\\\/#primaryimage\",\"url\":\"https:\\\/\\\/refrigeration.lt\\\/wp-content\\\/uploads\\\/2025\\\/09\\\/elke-poe-32-alyva-1000-ml-15670.png\",\"contentUrl\":\"https:\\\/\\\/refrigeration.lt\\\/wp-content\\\/uploads\\\/2025\\\/09\\\/elke-poe-32-alyva-1000-ml-15670.png\",\"width\":1174,\"height\":2310,\"caption\":\"ELKE POE 32 alyva, 1000 ml\"},{\"@type\":\"BreadcrumbList\",\"@id\":\"https:\\\/\\\/refrigeration.lt\\\/produktas\\\/elke-poe-32-alyva-1000-ml-15670\\\/#breadcrumb\",\"itemListElement\":[{\"@type\":\"ListItem\",\"position\":1,\"name\":\"Home\",\"item\":\"https:\\\/\\\/refrigeration.lt\\\/\"},{\"@type\":\"ListItem\",\"position\":2,\"name\":\"Visos prek\u0117s\",\"item\":\"https:\\\/\\\/refrigeration.lt\\\/parduotuve\\\/\"},{\"@type\":\"ListItem\",\"position\":3,\"name\":\"ELKE POE 32 alyva, 1000 ml\"}]},{\"@type\":\"WebSite\",\"@id\":\"https:\\\/\\\/refrigeration.lt\\\/#website\",\"url\":\"https:\\\/\\\/refrigeration.lt\\\/\",\"name\":\"Beijer Ref\",\"description\":\"Tarptautin\u0117 didmeninink\u0173 grup\u0117, veikianti komercinio \u0161aldymo, komforto \u0161aldymo, pramoninio \u0161aldymo ir susijusiuose sektoriuose.\",\"publisher\":{\"@id\":\"https:\\\/\\\/refrigeration.lt\\\/#organization\"},\"potentialAction\":[{\"@type\":\"SearchAction\",\"target\":{\"@type\":\"EntryPoint\",\"urlTemplate\":\"https:\\\/\\\/refrigeration.lt\\\/?s={search_term_string}\"},\"query-input\":{\"@type\":\"PropertyValueSpecification\",\"valueRequired\":true,\"valueName\":\"search_term_string\"}}],\"inLanguage\":\"en-US\"},{\"@type\":\"Organization\",\"@id\":\"https:\\\/\\\/refrigeration.lt\\\/#organization\",\"name\":\"Beijer Ref\",\"url\":\"https:\\\/\\\/refrigeration.lt\\\/\",\"logo\":{\"@type\":\"ImageObject\",\"inLanguage\":\"en-US\",\"@id\":\"https:\\\/\\\/refrigeration.lt\\\/#\\\/schema\\\/logo\\\/image\\\/\",\"url\":\"https:\\\/\\\/refrigeration.lt\\\/wp-content\\\/uploads\\\/2025\\\/09\\\/Beijer-Ref-LT-logo.png\",\"contentUrl\":\"https:\\\/\\\/refrigeration.lt\\\/wp-content\\\/uploads\\\/2025\\\/09\\\/Beijer-Ref-LT-logo.png\",\"width\":161,\"height\":38,\"caption\":\"Beijer Ref\"},\"image\":{\"@id\":\"https:\\\/\\\/refrigeration.lt\\\/#\\\/schema\\\/logo\\\/image\\\/\"}}]}<\/script>\n<!-- \/ Yoast SEO plugin. -->","yoast_head_json":{"title":"ELKE POE 32 alyva, 1000 ml | Beijer Ref","description":"ELKE POE 32 alyva, 1000 ml. Pirkite internetu arba pateikite u\u017eklaus\u0105.","robots":{"index":"index","follow":"follow","max-snippet":"max-snippet:-1","max-image-preview":"max-image-preview:large","max-video-preview":"max-video-preview:-1"},"canonical":"https:\/\/refrigeration.lt\/en\/product\/elke-poe-32-alyva-1000-ml-15670\/","og_locale":"en_US","og_type":"article","og_title":"ELKE POE 32 alyva, 1000 ml | Beijer Ref","og_description":"ELKE POE 32 alyva, 1000 ml. Pirkite internetu arba pateikite u\u017eklaus\u0105.","og_url":"https:\/\/refrigeration.lt\/en\/product\/elke-poe-32-alyva-1000-ml-15670\/","og_site_name":"Beijer Ref","og_image":[{"width":1174,"height":2310,"url":"https:\/\/refrigeration.lt\/wp-content\/uploads\/2025\/09\/elke-poe-32-alyva-1000-ml-15670.png","type":"image\/png"}],"twitter_card":"summary_large_image","schema":{"@context":"https:\/\/schema.org","@graph":[{"@type":"WebPage","@id":"https:\/\/refrigeration.lt\/produktas\/elke-poe-32-alyva-1000-ml-15670\/","url":"https:\/\/refrigeration.lt\/produktas\/elke-poe-32-alyva-1000-ml-15670\/","name":"ELKE POE 32 alyva, 1000 ml | Beijer Ref","isPartOf":{"@id":"https:\/\/refrigeration.lt\/#website"},"primaryImageOfPage":{"@id":"https:\/\/refrigeration.lt\/produktas\/elke-poe-32-alyva-1000-ml-15670\/#primaryimage"},"image":{"@id":"https:\/\/refrigeration.lt\/produktas\/elke-poe-32-alyva-1000-ml-15670\/#primaryimage"},"thumbnailUrl":"https:\/\/refrigeration.lt\/wp-content\/uploads\/2025\/09\/elke-poe-32-alyva-1000-ml-15670.png","datePublished":"2025-09-17T18:02:52+00:00","description":"ELKE POE 32 alyva, 1000 ml. Pirkite internetu arba pateikite u\u017eklaus\u0105.","breadcrumb":{"@id":"https:\/\/refrigeration.lt\/produktas\/elke-poe-32-alyva-1000-ml-15670\/#breadcrumb"},"inLanguage":"en-US","potentialAction":[{"@type":"ReadAction","target":["https:\/\/refrigeration.lt\/produktas\/elke-poe-32-alyva-1000-ml-15670\/"]}]},{"@type":"ImageObject","inLanguage":"en-US","@id":"https:\/\/refrigeration.lt\/produktas\/elke-poe-32-alyva-1000-ml-15670\/#primaryimage","url":"https:\/\/refrigeration.lt\/wp-content\/uploads\/2025\/09\/elke-poe-32-alyva-1000-ml-15670.png","contentUrl":"https:\/\/refrigeration.lt\/wp-content\/uploads\/2025\/09\/elke-poe-32-alyva-1000-ml-15670.png","width":1174,"height":2310,"caption":"ELKE POE 32 alyva, 1000 ml"},{"@type":"BreadcrumbList","@id":"https:\/\/refrigeration.lt\/produktas\/elke-poe-32-alyva-1000-ml-15670\/#breadcrumb","itemListElement":[{"@type":"ListItem","position":1,"name":"Home","item":"https:\/\/refrigeration.lt\/"},{"@type":"ListItem","position":2,"name":"Visos prek\u0117s","item":"https:\/\/refrigeration.lt\/parduotuve\/"},{"@type":"ListItem","position":3,"name":"ELKE POE 32 alyva, 1000 ml"}]},{"@type":"WebSite","@id":"https:\/\/refrigeration.lt\/#website","url":"https:\/\/refrigeration.lt\/","name":"Beijer Ref","description":"Tarptautin\u0117 didmeninink\u0173 grup\u0117, veikianti komercinio \u0161aldymo, komforto \u0161aldymo, pramoninio \u0161aldymo ir susijusiuose sektoriuose.","publisher":{"@id":"https:\/\/refrigeration.lt\/#organization"},"potentialAction":[{"@type":"SearchAction","target":{"@type":"EntryPoint","urlTemplate":"https:\/\/refrigeration.lt\/?s={search_term_string}"},"query-input":{"@type":"PropertyValueSpecification","valueRequired":true,"valueName":"search_term_string"}}],"inLanguage":"en-US"},{"@type":"Organization","@id":"https:\/\/refrigeration.lt\/#organization","name":"Beijer Ref","url":"https:\/\/refrigeration.lt\/","logo":{"@type":"ImageObject","inLanguage":"en-US","@id":"https:\/\/refrigeration.lt\/#\/schema\/logo\/image\/","url":"https:\/\/refrigeration.lt\/wp-content\/uploads\/2025\/09\/Beijer-Ref-LT-logo.png","contentUrl":"https:\/\/refrigeration.lt\/wp-content\/uploads\/2025\/09\/Beijer-Ref-LT-logo.png","width":161,"height":38,"caption":"Beijer Ref"},"image":{"@id":"https:\/\/refrigeration.lt\/#\/schema\/logo\/image\/"}}]}},"_links":{"self":[{"href":"https:\/\/refrigeration.lt\/en\/wp-json\/wp\/v2\/product\/15670","targetHints":{"allow":["GET"]}}],"collection":[{"href":"https:\/\/refrigeration.lt\/en\/wp-json\/wp\/v2\/product"}],"about":[{"href":"https:\/\/refrigeration.lt\/en\/wp-json\/wp\/v2\/types\/product"}],"replies":[{"embeddable":true,"href":"https:\/\/refrigeration.lt\/en\/wp-json\/wp\/v2\/comments?post=15670"}],"wp:featuredmedia":[{"embeddable":true,"href":"https:\/\/refrigeration.lt\/en\/wp-json\/wp\/v2\/media\/15671"}],"wp:attachment":[{"href":"https:\/\/refrigeration.lt\/en\/wp-json\/wp\/v2\/media?parent=15670"}],"wp:term":[{"taxonomy":"product_brand","embeddable":true,"href":"https:\/\/refrigeration.lt\/en\/wp-json\/wp\/v2\/product_brand?post=15670"},{"taxonomy":"product_cat","embeddable":true,"href":"https:\/\/refrigeration.lt\/en\/wp-json\/wp\/v2\/product_cat?post=15670"},{"taxonomy":"product_tag","embeddable":true,"href":"https:\/\/refrigeration.lt\/en\/wp-json\/wp\/v2\/product_tag?post=15670"}],"curies":[{"name":"wp","href":"https:\/\/api.w.org\/{rel}","templated":true}]}}