{"id":15790,"date":"2025-09-22T14:10:13","date_gmt":"2025-09-22T14:10:13","guid":{"rendered":"https:\/\/refrigeration.webdemo.lt\/?post_type=product&p=15790"},"modified":"2025-09-22T14:10:13","modified_gmt":"2025-09-22T14:10:13","slug":"elke-lameliu-tiesintuvas-15790","status":"publish","type":"product","link":"https:\/\/refrigeration.lt\/en\/product\/elke-lameliu-tiesintuvas-15790\/","title":{"rendered":"ELKE FIN STRAIGHTENER"},"content":{"rendered":"<p>The ELKE FIN STRAIGHTENER is a versatile and easy-to-use tool designed to straighten bent or damaged fins on condensers and evaporators in air conditioning and refrigeration systems. It helps maintain optimal airflow and improves the overall efficiency of heat exchange surfaces.<br \/>\n Equipped with adjustable combs, it fits a range of fin spacings, making it ideal for various equipment types. Compact and convenient, it&#8217;s a must-have for both professionals and DIY users. <\/p>\n<p> Key benefits:<br \/>\n &#8211; Straightens damaged fins without replacement<br \/>\n &#8211; Fits multiple fin spacing types<br \/>\n &#8211; Improves airflow and system efficiency<br \/>\n &#8211; Easy to handle and transport<\/p>","protected":false},"excerpt":{"rendered":"<p>ELKE Fin Straightener &#8211; a practical tool for straightening condenser and evaporator fins, restoring airflow and heat exchange efficiency.<\/p>","protected":false},"featured_media":15791,"comment_status":"open","ping_status":"closed","template":"","meta":{"_acf_changed":false},"product_brand":[],"product_cat":[58,49,36],"product_tag":[],"class_list":{"0":"post-15790","1":"product","2":"type-product","3":"status-publish","4":"has-post-thumbnail","6":"product_cat-kondicionavimas","7":"product_cat-kondicionieriu-serviso-priedai","8":"product_cat-montavimo-priedai","10":"first","11":"instock","12":"taxable","13":"shipping-taxable","14":"purchasable","15":"product-type-simple"},"acf":[],"yoast_head":"<!-- This site is optimized with the Yoast SEO plugin v27.4 - https:\/\/yoast.com\/product\/yoast-seo-wordpress\/ -->\n<title>ELKE lameli\u0173 tiesintuvas | Beijer Ref<\/title>\n<meta name=\"description\" content=\"ELKE lameli\u0173 tiesintuvas. Pirkite internetu arba pateikite u\u017eklaus\u0105.\" \/>\n<meta name=\"robots\" content=\"index, follow, max-snippet:-1, max-image-preview:large, max-video-preview:-1\" \/>\n<link rel=\"canonical\" href=\"https:\/\/refrigeration.lt\/en\/product\/elke-lameliu-tiesintuvas-15790\/\" \/>\n<meta property=\"og:locale\" content=\"en_US\" \/>\n<meta property=\"og:type\" content=\"article\" \/>\n<meta property=\"og:title\" content=\"ELKE lameli\u0173 tiesintuvas | Beijer Ref\" \/>\n<meta property=\"og:description\" content=\"ELKE lameli\u0173 tiesintuvas. Pirkite internetu arba pateikite u\u017eklaus\u0105.\" \/>\n<meta property=\"og:url\" content=\"https:\/\/refrigeration.lt\/en\/product\/elke-lameliu-tiesintuvas-15790\/\" \/>\n<meta property=\"og:site_name\" content=\"Beijer Ref\" \/>\n<meta property=\"og:image\" content=\"https:\/\/refrigeration.lt\/wp-content\/uploads\/2025\/09\/elke-lameliu-tiesintuvas-15790.png\" \/>\n\t<meta property=\"og:image:width\" content=\"528\" \/>\n\t<meta property=\"og:image:height\" content=\"460\" \/>\n\t<meta property=\"og:image:type\" content=\"image\/png\" \/>\n<meta name=\"twitter:card\" content=\"summary_large_image\" \/>\n<script type=\"application\/ld+json\" class=\"yoast-schema-graph\">{\"@context\":\"https:\\\/\\\/schema.org\",\"@graph\":[{\"@type\":\"WebPage\",\"@id\":\"https:\\\/\\\/refrigeration.lt\\\/produktas\\\/elke-lameliu-tiesintuvas-15790\\\/\",\"url\":\"https:\\\/\\\/refrigeration.lt\\\/produktas\\\/elke-lameliu-tiesintuvas-15790\\\/\",\"name\":\"ELKE lameli\u0173 tiesintuvas | Beijer Ref\",\"isPartOf\":{\"@id\":\"https:\\\/\\\/refrigeration.lt\\\/#website\"},\"primaryImageOfPage\":{\"@id\":\"https:\\\/\\\/refrigeration.lt\\\/produktas\\\/elke-lameliu-tiesintuvas-15790\\\/#primaryimage\"},\"image\":{\"@id\":\"https:\\\/\\\/refrigeration.lt\\\/produktas\\\/elke-lameliu-tiesintuvas-15790\\\/#primaryimage\"},\"thumbnailUrl\":\"https:\\\/\\\/refrigeration.lt\\\/wp-content\\\/uploads\\\/2025\\\/09\\\/elke-lameliu-tiesintuvas-15790.png\",\"datePublished\":\"2025-09-22T14:10:13+00:00\",\"description\":\"ELKE lameli\u0173 tiesintuvas. Pirkite internetu arba pateikite u\u017eklaus\u0105.\",\"breadcrumb\":{\"@id\":\"https:\\\/\\\/refrigeration.lt\\\/produktas\\\/elke-lameliu-tiesintuvas-15790\\\/#breadcrumb\"},\"inLanguage\":\"en-US\",\"potentialAction\":[{\"@type\":\"ReadAction\",\"target\":[\"https:\\\/\\\/refrigeration.lt\\\/produktas\\\/elke-lameliu-tiesintuvas-15790\\\/\"]}]},{\"@type\":\"ImageObject\",\"inLanguage\":\"en-US\",\"@id\":\"https:\\\/\\\/refrigeration.lt\\\/produktas\\\/elke-lameliu-tiesintuvas-15790\\\/#primaryimage\",\"url\":\"https:\\\/\\\/refrigeration.lt\\\/wp-content\\\/uploads\\\/2025\\\/09\\\/elke-lameliu-tiesintuvas-15790.png\",\"contentUrl\":\"https:\\\/\\\/refrigeration.lt\\\/wp-content\\\/uploads\\\/2025\\\/09\\\/elke-lameliu-tiesintuvas-15790.png\",\"width\":528,\"height\":460,\"caption\":\"ELKE lameli\u0173 tiesintuvas\"},{\"@type\":\"BreadcrumbList\",\"@id\":\"https:\\\/\\\/refrigeration.lt\\\/produktas\\\/elke-lameliu-tiesintuvas-15790\\\/#breadcrumb\",\"itemListElement\":[{\"@type\":\"ListItem\",\"position\":1,\"name\":\"Home\",\"item\":\"https:\\\/\\\/refrigeration.lt\\\/\"},{\"@type\":\"ListItem\",\"position\":2,\"name\":\"Visos prek\u0117s\",\"item\":\"https:\\\/\\\/refrigeration.lt\\\/parduotuve\\\/\"},{\"@type\":\"ListItem\",\"position\":3,\"name\":\"ELKE lameli\u0173 tiesintuvas\"}]},{\"@type\":\"WebSite\",\"@id\":\"https:\\\/\\\/refrigeration.lt\\\/#website\",\"url\":\"https:\\\/\\\/refrigeration.lt\\\/\",\"name\":\"Beijer Ref\",\"description\":\"Tarptautin\u0117 didmeninink\u0173 grup\u0117, veikianti komercinio \u0161aldymo, komforto \u0161aldymo, pramoninio \u0161aldymo ir susijusiuose sektoriuose.\",\"publisher\":{\"@id\":\"https:\\\/\\\/refrigeration.lt\\\/#organization\"},\"potentialAction\":[{\"@type\":\"SearchAction\",\"target\":{\"@type\":\"EntryPoint\",\"urlTemplate\":\"https:\\\/\\\/refrigeration.lt\\\/?s={search_term_string}\"},\"query-input\":{\"@type\":\"PropertyValueSpecification\",\"valueRequired\":true,\"valueName\":\"search_term_string\"}}],\"inLanguage\":\"en-US\"},{\"@type\":\"Organization\",\"@id\":\"https:\\\/\\\/refrigeration.lt\\\/#organization\",\"name\":\"Beijer Ref\",\"url\":\"https:\\\/\\\/refrigeration.lt\\\/\",\"logo\":{\"@type\":\"ImageObject\",\"inLanguage\":\"en-US\",\"@id\":\"https:\\\/\\\/refrigeration.lt\\\/#\\\/schema\\\/logo\\\/image\\\/\",\"url\":\"https:\\\/\\\/refrigeration.lt\\\/wp-content\\\/uploads\\\/2025\\\/09\\\/Beijer-Ref-LT-logo.png\",\"contentUrl\":\"https:\\\/\\\/refrigeration.lt\\\/wp-content\\\/uploads\\\/2025\\\/09\\\/Beijer-Ref-LT-logo.png\",\"width\":161,\"height\":38,\"caption\":\"Beijer Ref\"},\"image\":{\"@id\":\"https:\\\/\\\/refrigeration.lt\\\/#\\\/schema\\\/logo\\\/image\\\/\"}}]}<\/script>\n<!-- \/ Yoast SEO plugin. -->","yoast_head_json":{"title":"ELKE lameli\u0173 tiesintuvas | Beijer Ref","description":"ELKE lameli\u0173 tiesintuvas. Pirkite internetu arba pateikite u\u017eklaus\u0105.","robots":{"index":"index","follow":"follow","max-snippet":"max-snippet:-1","max-image-preview":"max-image-preview:large","max-video-preview":"max-video-preview:-1"},"canonical":"https:\/\/refrigeration.lt\/en\/product\/elke-lameliu-tiesintuvas-15790\/","og_locale":"en_US","og_type":"article","og_title":"ELKE lameli\u0173 tiesintuvas | Beijer Ref","og_description":"ELKE lameli\u0173 tiesintuvas. Pirkite internetu arba pateikite u\u017eklaus\u0105.","og_url":"https:\/\/refrigeration.lt\/en\/product\/elke-lameliu-tiesintuvas-15790\/","og_site_name":"Beijer Ref","og_image":[{"width":528,"height":460,"url":"https:\/\/refrigeration.lt\/wp-content\/uploads\/2025\/09\/elke-lameliu-tiesintuvas-15790.png","type":"image\/png"}],"twitter_card":"summary_large_image","schema":{"@context":"https:\/\/schema.org","@graph":[{"@type":"WebPage","@id":"https:\/\/refrigeration.lt\/produktas\/elke-lameliu-tiesintuvas-15790\/","url":"https:\/\/refrigeration.lt\/produktas\/elke-lameliu-tiesintuvas-15790\/","name":"ELKE lameli\u0173 tiesintuvas | Beijer Ref","isPartOf":{"@id":"https:\/\/refrigeration.lt\/#website"},"primaryImageOfPage":{"@id":"https:\/\/refrigeration.lt\/produktas\/elke-lameliu-tiesintuvas-15790\/#primaryimage"},"image":{"@id":"https:\/\/refrigeration.lt\/produktas\/elke-lameliu-tiesintuvas-15790\/#primaryimage"},"thumbnailUrl":"https:\/\/refrigeration.lt\/wp-content\/uploads\/2025\/09\/elke-lameliu-tiesintuvas-15790.png","datePublished":"2025-09-22T14:10:13+00:00","description":"ELKE lameli\u0173 tiesintuvas. Pirkite internetu arba pateikite u\u017eklaus\u0105.","breadcrumb":{"@id":"https:\/\/refrigeration.lt\/produktas\/elke-lameliu-tiesintuvas-15790\/#breadcrumb"},"inLanguage":"en-US","potentialAction":[{"@type":"ReadAction","target":["https:\/\/refrigeration.lt\/produktas\/elke-lameliu-tiesintuvas-15790\/"]}]},{"@type":"ImageObject","inLanguage":"en-US","@id":"https:\/\/refrigeration.lt\/produktas\/elke-lameliu-tiesintuvas-15790\/#primaryimage","url":"https:\/\/refrigeration.lt\/wp-content\/uploads\/2025\/09\/elke-lameliu-tiesintuvas-15790.png","contentUrl":"https:\/\/refrigeration.lt\/wp-content\/uploads\/2025\/09\/elke-lameliu-tiesintuvas-15790.png","width":528,"height":460,"caption":"ELKE lameli\u0173 tiesintuvas"},{"@type":"BreadcrumbList","@id":"https:\/\/refrigeration.lt\/produktas\/elke-lameliu-tiesintuvas-15790\/#breadcrumb","itemListElement":[{"@type":"ListItem","position":1,"name":"Home","item":"https:\/\/refrigeration.lt\/"},{"@type":"ListItem","position":2,"name":"Visos prek\u0117s","item":"https:\/\/refrigeration.lt\/parduotuve\/"},{"@type":"ListItem","position":3,"name":"ELKE lameli\u0173 tiesintuvas"}]},{"@type":"WebSite","@id":"https:\/\/refrigeration.lt\/#website","url":"https:\/\/refrigeration.lt\/","name":"Beijer Ref","description":"Tarptautin\u0117 didmeninink\u0173 grup\u0117, veikianti komercinio \u0161aldymo, komforto \u0161aldymo, pramoninio \u0161aldymo ir susijusiuose sektoriuose.","publisher":{"@id":"https:\/\/refrigeration.lt\/#organization"},"potentialAction":[{"@type":"SearchAction","target":{"@type":"EntryPoint","urlTemplate":"https:\/\/refrigeration.lt\/?s={search_term_string}"},"query-input":{"@type":"PropertyValueSpecification","valueRequired":true,"valueName":"search_term_string"}}],"inLanguage":"en-US"},{"@type":"Organization","@id":"https:\/\/refrigeration.lt\/#organization","name":"Beijer Ref","url":"https:\/\/refrigeration.lt\/","logo":{"@type":"ImageObject","inLanguage":"en-US","@id":"https:\/\/refrigeration.lt\/#\/schema\/logo\/image\/","url":"https:\/\/refrigeration.lt\/wp-content\/uploads\/2025\/09\/Beijer-Ref-LT-logo.png","contentUrl":"https:\/\/refrigeration.lt\/wp-content\/uploads\/2025\/09\/Beijer-Ref-LT-logo.png","width":161,"height":38,"caption":"Beijer Ref"},"image":{"@id":"https:\/\/refrigeration.lt\/#\/schema\/logo\/image\/"}}]}},"_links":{"self":[{"href":"https:\/\/refrigeration.lt\/en\/wp-json\/wp\/v2\/product\/15790","targetHints":{"allow":["GET"]}}],"collection":[{"href":"https:\/\/refrigeration.lt\/en\/wp-json\/wp\/v2\/product"}],"about":[{"href":"https:\/\/refrigeration.lt\/en\/wp-json\/wp\/v2\/types\/product"}],"replies":[{"embeddable":true,"href":"https:\/\/refrigeration.lt\/en\/wp-json\/wp\/v2\/comments?post=15790"}],"wp:featuredmedia":[{"embeddable":true,"href":"https:\/\/refrigeration.lt\/en\/wp-json\/wp\/v2\/media\/15791"}],"wp:attachment":[{"href":"https:\/\/refrigeration.lt\/en\/wp-json\/wp\/v2\/media?parent=15790"}],"wp:term":[{"taxonomy":"product_brand","embeddable":true,"href":"https:\/\/refrigeration.lt\/en\/wp-json\/wp\/v2\/product_brand?post=15790"},{"taxonomy":"product_cat","embeddable":true,"href":"https:\/\/refrigeration.lt\/en\/wp-json\/wp\/v2\/product_cat?post=15790"},{"taxonomy":"product_tag","embeddable":true,"href":"https:\/\/refrigeration.lt\/en\/wp-json\/wp\/v2\/product_tag?post=15790"}],"curies":[{"name":"wp","href":"https:\/\/api.w.org\/{rel}","templated":true}]}}