{"id":15827,"date":"2025-09-22T15:03:08","date_gmt":"2025-09-22T15:03:08","guid":{"rendered":"https:\/\/refrigeration.webdemo.lt\/?post_type=product&#038;p=15827"},"modified":"2026-01-15T19:54:36","modified_gmt":"2026-01-15T17:54:36","slug":"cuprumfoma-vamzdis-a-c-7-8-8221-x-1mm-9mm-izoliacija-25-m-15827","status":"publish","type":"product","link":"https:\/\/refrigeration.lt\/en\/product\/cuprumfoma-vamzdis-a-c-7-8-8221-x-1mm-9mm-izoliacija-25-m-15827\/","title":{"rendered":"CUPRUMFOMA Vamzdis A\/C 7\/8\u2033x 1mm 9mm izoliacija 25 m rulone"},"content":{"rendered":"<p>Use:<br \/>\n\u2013 Oro kondicionavimo ir \u0161aldymo sistemos<br \/>\n\u2013 \u0160ilumos siurbli\u0173 sistemos<\/p>\n<p>Insulation characteristics:<br \/>\n\u2013 Izoliacin\u0117 med\u017eiaga: i\u0161pl\u0117stas polietilenas (PE)<br \/>\n\u2013 Pagaminta pagal L 10\/91 reikalavimus<\/p>\n<p>Colour: WHITE<br \/>\nInsulation thickness: approx. 7 &#8211; 9 mm<br \/>\nFire resistance: self extinguishing according to M1 Certification<br \/>\nMarking: by laser at every meter<br \/>\nOdourless<br \/>\nnon-toxic &#8211; CFC free<br \/>\nThermal conductivity at 40\u00b0C =&lt;0,040 W\/m K<br \/>\nAverage density: approx. 30 kg\/m\u00b3<br \/>\nOperating temperature: -70\u00b0 + 120\u00b0C<\/p>\n<p>Packaging:<br \/>\nThis product is the coupling of two insulated copper pipes.<\/p>","protected":false},"excerpt":{"rendered":"<p>The copper tube CUPRUMFOMA FROSTEN can be used in all plants for air conditioning and refrigeration and it is suitable for the use of refrigerating gas consistent with copper like R407 and R410A.<br \/>\nGamybos kokyb\u0117s kontrol\u0117 atliekama naudojant \u201eDefectomat\u201d sistem\u0105, kuri aptinka defektus gamybos metu, taip pat nuolat tikrinami i\u0161orinis skersmuo ir sienel\u0117s storis \u2013 tai u\u017etikrina maksimali\u0105 CUPRUMFORMA FROSTEN vamzd\u017ei\u0173 saug\u0105.<br \/>\nThe tubes are supplied clean, internally degreased and capped. They are produced according to the EN 12735-1 and -2 standards and they also comply with the ASTM B280 specifications.<\/p>","protected":false},"featured_media":0,"comment_status":"open","ping_status":"closed","template":"","meta":{"_acf_changed":false},"product_brand":[],"product_cat":[87,83,238,236,58,36,59,37,237],"product_tag":[],"class_list":{"0":"post-15827","1":"product","2":"type-product","3":"status-publish","5":"product_cat-cuprumfoma","6":"product_cat-gamintojai","7":"product_cat-izoliuoti-variniai-vamzdziai-saldymas","8":"product_cat-izoliuoti-variniai-vamzdziai-kondicionavimas","9":"product_cat-kondicionavimas","10":"product_cat-montavimo-priedai","11":"product_cat-saldymas","12":"product_cat-variniai-vamzdziai","13":"product_cat-variniai-vamzdziai-saldymas","15":"first","16":"instock","17":"taxable","18":"shipping-taxable","19":"purchasable","20":"product-type-simple"},"acf":[],"yoast_head":"<!-- This site is optimized with the Yoast SEO plugin v27.4 - https:\/\/yoast.com\/product\/yoast-seo-wordpress\/ -->\n<title>CUPRUMFOMA Vamzdis A\/C 7\/8\u2033x 1mm 9mm izoliacija 25 m rulone | Beijer Ref<\/title>\n<meta name=\"description\" content=\"CUPRUMFOMA Vamzdis A\/C 7\/8\u2033x 1mm 9mm izoliacija 25 m rulone. Pirkite internetu arba pateikite u\u017eklaus\u0105.\" \/>\n<meta name=\"robots\" content=\"index, follow, max-snippet:-1, max-image-preview:large, max-video-preview:-1\" \/>\n<link rel=\"canonical\" href=\"https:\/\/refrigeration.lt\/en\/product\/cuprumfoma-vamzdis-a-c-7-8-8221-x-1mm-9mm-izoliacija-25-m-15827\/\" \/>\n<meta property=\"og:locale\" content=\"en_US\" \/>\n<meta property=\"og:type\" content=\"article\" \/>\n<meta property=\"og:title\" content=\"CUPRUMFOMA Vamzdis A\/C 7\/8\u2033x 1mm 9mm izoliacija 25 m rulone | Beijer Ref\" \/>\n<meta property=\"og:description\" content=\"CUPRUMFOMA Vamzdis A\/C 7\/8\u2033x 1mm 9mm izoliacija 25 m rulone. Pirkite internetu arba pateikite u\u017eklaus\u0105.\" \/>\n<meta property=\"og:url\" content=\"https:\/\/refrigeration.lt\/en\/product\/cuprumfoma-vamzdis-a-c-7-8-8221-x-1mm-9mm-izoliacija-25-m-15827\/\" \/>\n<meta property=\"og:site_name\" content=\"Beijer Ref\" \/>\n<meta property=\"article:modified_time\" content=\"2026-01-15T17:54:36+00:00\" \/>\n<meta property=\"og:image\" content=\"https:\/\/refrigeration.lt\/wp-content\/uploads\/2025\/06\/Rura-miedziana-w-otulinie-3-4-1szt-1mb.webp\" \/>\n\t<meta property=\"og:image:width\" content=\"512\" \/>\n\t<meta property=\"og:image:height\" content=\"409\" \/>\n\t<meta property=\"og:image:type\" content=\"image\/webp\" \/>\n<meta name=\"twitter:card\" content=\"summary_large_image\" \/>\n<meta name=\"twitter:label1\" content=\"Est. reading time\" \/>\n\t<meta name=\"twitter:data1\" content=\"1 minute\" \/>\n<script type=\"application\/ld+json\" class=\"yoast-schema-graph\">{\"@context\":\"https:\\\/\\\/schema.org\",\"@graph\":[{\"@type\":\"WebPage\",\"@id\":\"https:\\\/\\\/refrigeration.lt\\\/produktas\\\/cuprumfoma-vamzdis-a-c-7-8-8221-x-1mm-9mm-izoliacija-25-m-15827\\\/\",\"url\":\"https:\\\/\\\/refrigeration.lt\\\/produktas\\\/cuprumfoma-vamzdis-a-c-7-8-8221-x-1mm-9mm-izoliacija-25-m-15827\\\/\",\"name\":\"CUPRUMFOMA Vamzdis A\\\/C 7\\\/8\u2033x 1mm 9mm izoliacija 25 m rulone | Beijer Ref\",\"isPartOf\":{\"@id\":\"https:\\\/\\\/refrigeration.lt\\\/#website\"},\"datePublished\":\"2025-09-22T15:03:08+00:00\",\"dateModified\":\"2026-01-15T17:54:36+00:00\",\"description\":\"CUPRUMFOMA Vamzdis A\\\/C 7\\\/8\u2033x 1mm 9mm izoliacija 25 m rulone. Pirkite internetu arba pateikite u\u017eklaus\u0105.\",\"breadcrumb\":{\"@id\":\"https:\\\/\\\/refrigeration.lt\\\/produktas\\\/cuprumfoma-vamzdis-a-c-7-8-8221-x-1mm-9mm-izoliacija-25-m-15827\\\/#breadcrumb\"},\"inLanguage\":\"en-US\",\"potentialAction\":[{\"@type\":\"ReadAction\",\"target\":[\"https:\\\/\\\/refrigeration.lt\\\/produktas\\\/cuprumfoma-vamzdis-a-c-7-8-8221-x-1mm-9mm-izoliacija-25-m-15827\\\/\"]}]},{\"@type\":\"BreadcrumbList\",\"@id\":\"https:\\\/\\\/refrigeration.lt\\\/produktas\\\/cuprumfoma-vamzdis-a-c-7-8-8221-x-1mm-9mm-izoliacija-25-m-15827\\\/#breadcrumb\",\"itemListElement\":[{\"@type\":\"ListItem\",\"position\":1,\"name\":\"Home\",\"item\":\"https:\\\/\\\/refrigeration.lt\\\/\"},{\"@type\":\"ListItem\",\"position\":2,\"name\":\"Visos prek\u0117s\",\"item\":\"https:\\\/\\\/refrigeration.lt\\\/parduotuve\\\/\"},{\"@type\":\"ListItem\",\"position\":3,\"name\":\"CUPRUMFOMA Vamzdis A\\\/C 7\\\/8\u2033x 1mm 9mm izoliacija 25 m rulone\"}]},{\"@type\":\"WebSite\",\"@id\":\"https:\\\/\\\/refrigeration.lt\\\/#website\",\"url\":\"https:\\\/\\\/refrigeration.lt\\\/\",\"name\":\"Beijer Ref\",\"description\":\"Tarptautin\u0117 didmeninink\u0173 grup\u0117, veikianti komercinio \u0161aldymo, komforto \u0161aldymo, pramoninio \u0161aldymo ir susijusiuose sektoriuose.\",\"publisher\":{\"@id\":\"https:\\\/\\\/refrigeration.lt\\\/#organization\"},\"potentialAction\":[{\"@type\":\"SearchAction\",\"target\":{\"@type\":\"EntryPoint\",\"urlTemplate\":\"https:\\\/\\\/refrigeration.lt\\\/?s={search_term_string}\"},\"query-input\":{\"@type\":\"PropertyValueSpecification\",\"valueRequired\":true,\"valueName\":\"search_term_string\"}}],\"inLanguage\":\"en-US\"},{\"@type\":\"Organization\",\"@id\":\"https:\\\/\\\/refrigeration.lt\\\/#organization\",\"name\":\"Beijer Ref\",\"url\":\"https:\\\/\\\/refrigeration.lt\\\/\",\"logo\":{\"@type\":\"ImageObject\",\"inLanguage\":\"en-US\",\"@id\":\"https:\\\/\\\/refrigeration.lt\\\/#\\\/schema\\\/logo\\\/image\\\/\",\"url\":\"https:\\\/\\\/refrigeration.lt\\\/wp-content\\\/uploads\\\/2025\\\/09\\\/Beijer-Ref-LT-logo.png\",\"contentUrl\":\"https:\\\/\\\/refrigeration.lt\\\/wp-content\\\/uploads\\\/2025\\\/09\\\/Beijer-Ref-LT-logo.png\",\"width\":161,\"height\":38,\"caption\":\"Beijer Ref\"},\"image\":{\"@id\":\"https:\\\/\\\/refrigeration.lt\\\/#\\\/schema\\\/logo\\\/image\\\/\"}}]}<\/script>\n<!-- \/ Yoast SEO plugin. -->","yoast_head_json":{"title":"CUPRUMFOMA Vamzdis A\/C 7\/8\u2033x 1mm 9mm izoliacija 25 m rulone | Beijer Ref","description":"CUPRUMFOMA Vamzdis A\/C 7\/8\u2033x 1mm 9mm izoliacija 25 m rulone. Pirkite internetu arba pateikite u\u017eklaus\u0105.","robots":{"index":"index","follow":"follow","max-snippet":"max-snippet:-1","max-image-preview":"max-image-preview:large","max-video-preview":"max-video-preview:-1"},"canonical":"https:\/\/refrigeration.lt\/en\/product\/cuprumfoma-vamzdis-a-c-7-8-8221-x-1mm-9mm-izoliacija-25-m-15827\/","og_locale":"en_US","og_type":"article","og_title":"CUPRUMFOMA Vamzdis A\/C 7\/8\u2033x 1mm 9mm izoliacija 25 m rulone | Beijer Ref","og_description":"CUPRUMFOMA Vamzdis A\/C 7\/8\u2033x 1mm 9mm izoliacija 25 m rulone. Pirkite internetu arba pateikite u\u017eklaus\u0105.","og_url":"https:\/\/refrigeration.lt\/en\/product\/cuprumfoma-vamzdis-a-c-7-8-8221-x-1mm-9mm-izoliacija-25-m-15827\/","og_site_name":"Beijer Ref","article_modified_time":"2026-01-15T17:54:36+00:00","og_image":[{"width":512,"height":409,"url":"https:\/\/refrigeration.lt\/wp-content\/uploads\/2025\/06\/Rura-miedziana-w-otulinie-3-4-1szt-1mb.webp","type":"image\/webp"}],"twitter_card":"summary_large_image","twitter_misc":{"Est. reading time":"1 minute"},"schema":{"@context":"https:\/\/schema.org","@graph":[{"@type":"WebPage","@id":"https:\/\/refrigeration.lt\/produktas\/cuprumfoma-vamzdis-a-c-7-8-8221-x-1mm-9mm-izoliacija-25-m-15827\/","url":"https:\/\/refrigeration.lt\/produktas\/cuprumfoma-vamzdis-a-c-7-8-8221-x-1mm-9mm-izoliacija-25-m-15827\/","name":"CUPRUMFOMA Vamzdis A\/C 7\/8\u2033x 1mm 9mm izoliacija 25 m rulone | Beijer Ref","isPartOf":{"@id":"https:\/\/refrigeration.lt\/#website"},"datePublished":"2025-09-22T15:03:08+00:00","dateModified":"2026-01-15T17:54:36+00:00","description":"CUPRUMFOMA Vamzdis A\/C 7\/8\u2033x 1mm 9mm izoliacija 25 m rulone. Pirkite internetu arba pateikite u\u017eklaus\u0105.","breadcrumb":{"@id":"https:\/\/refrigeration.lt\/produktas\/cuprumfoma-vamzdis-a-c-7-8-8221-x-1mm-9mm-izoliacija-25-m-15827\/#breadcrumb"},"inLanguage":"en-US","potentialAction":[{"@type":"ReadAction","target":["https:\/\/refrigeration.lt\/produktas\/cuprumfoma-vamzdis-a-c-7-8-8221-x-1mm-9mm-izoliacija-25-m-15827\/"]}]},{"@type":"BreadcrumbList","@id":"https:\/\/refrigeration.lt\/produktas\/cuprumfoma-vamzdis-a-c-7-8-8221-x-1mm-9mm-izoliacija-25-m-15827\/#breadcrumb","itemListElement":[{"@type":"ListItem","position":1,"name":"Home","item":"https:\/\/refrigeration.lt\/"},{"@type":"ListItem","position":2,"name":"Visos prek\u0117s","item":"https:\/\/refrigeration.lt\/parduotuve\/"},{"@type":"ListItem","position":3,"name":"CUPRUMFOMA Vamzdis A\/C 7\/8\u2033x 1mm 9mm izoliacija 25 m rulone"}]},{"@type":"WebSite","@id":"https:\/\/refrigeration.lt\/#website","url":"https:\/\/refrigeration.lt\/","name":"Beijer Ref","description":"Tarptautin\u0117 didmeninink\u0173 grup\u0117, veikianti komercinio \u0161aldymo, komforto \u0161aldymo, pramoninio \u0161aldymo ir susijusiuose sektoriuose.","publisher":{"@id":"https:\/\/refrigeration.lt\/#organization"},"potentialAction":[{"@type":"SearchAction","target":{"@type":"EntryPoint","urlTemplate":"https:\/\/refrigeration.lt\/?s={search_term_string}"},"query-input":{"@type":"PropertyValueSpecification","valueRequired":true,"valueName":"search_term_string"}}],"inLanguage":"en-US"},{"@type":"Organization","@id":"https:\/\/refrigeration.lt\/#organization","name":"Beijer Ref","url":"https:\/\/refrigeration.lt\/","logo":{"@type":"ImageObject","inLanguage":"en-US","@id":"https:\/\/refrigeration.lt\/#\/schema\/logo\/image\/","url":"https:\/\/refrigeration.lt\/wp-content\/uploads\/2025\/09\/Beijer-Ref-LT-logo.png","contentUrl":"https:\/\/refrigeration.lt\/wp-content\/uploads\/2025\/09\/Beijer-Ref-LT-logo.png","width":161,"height":38,"caption":"Beijer Ref"},"image":{"@id":"https:\/\/refrigeration.lt\/#\/schema\/logo\/image\/"}}]}},"_links":{"self":[{"href":"https:\/\/refrigeration.lt\/en\/wp-json\/wp\/v2\/product\/15827","targetHints":{"allow":["GET"]}}],"collection":[{"href":"https:\/\/refrigeration.lt\/en\/wp-json\/wp\/v2\/product"}],"about":[{"href":"https:\/\/refrigeration.lt\/en\/wp-json\/wp\/v2\/types\/product"}],"replies":[{"embeddable":true,"href":"https:\/\/refrigeration.lt\/en\/wp-json\/wp\/v2\/comments?post=15827"}],"wp:attachment":[{"href":"https:\/\/refrigeration.lt\/en\/wp-json\/wp\/v2\/media?parent=15827"}],"wp:term":[{"taxonomy":"product_brand","embeddable":true,"href":"https:\/\/refrigeration.lt\/en\/wp-json\/wp\/v2\/product_brand?post=15827"},{"taxonomy":"product_cat","embeddable":true,"href":"https:\/\/refrigeration.lt\/en\/wp-json\/wp\/v2\/product_cat?post=15827"},{"taxonomy":"product_tag","embeddable":true,"href":"https:\/\/refrigeration.lt\/en\/wp-json\/wp\/v2\/product_tag?post=15827"}],"curies":[{"name":"wp","href":"https:\/\/api.w.org\/{rel}","templated":true}]}}