{"id":15968,"date":"2025-12-18T10:37:33","date_gmt":"2025-12-18T10:37:33","guid":{"rendered":"https:\/\/refrigeration.webdemo.lt\/?post_type=product&#038;p=15968"},"modified":"2025-12-18T12:55:06","modified_gmt":"2025-12-18T10:55:06","slug":"inventor-vero-2-6kw-sieninis-oro-kondicionierius-15968","status":"publish","type":"product","link":"https:\/\/refrigeration.lt\/en\/product\/inventor-vero-2-6kw-sieninis-oro-kondicionierius-15968\/","title":{"rendered":"INVENTOR VERO 2.6kW &#8211; Wall-Mounted Air Conditioner"},"content":{"rendered":"<p>The INVENTOR Vero series offers high-performance air conditioning solutions with a focus on energy savings and daily comfort. Using the iA Plus (Inverter Algorithm Plus) technology, Vero units continuously adjust compressor operation according to internal and external conditions, ensuring stable climate control, reduced noise, and optimized power usage.<br \/>\n The Vero series includes both ECO and GEAR modes to further improve energy efficiency and lower operating costs. Users can manage the system remotely via Wi-Fi control with voice command capabilities, providing flexibility and ease of use. Integrated air ionizer technology contributes to cleaner and healthier indoor air.<br \/>\n Available in various capacity configurations, Vero units are suitable for homes, offices, and medium-sized spaces where balanced performance, energy efficiency, and convenience are important.<\/p>","protected":false},"excerpt":{"rendered":"<p>INVENTOR Vero air conditioners are reliable, energy-efficient wall-mounted units designed for comfortable year-round cooling and heating. Featuring advanced iA Plus technology, Vero delivers smooth performance with efficient energy consumption and low noise. The series includes ECO and GEAR modes, Wi-Fi control with voice command, and a built-in ionizer for cleaner indoor air.<\/p>","protected":false},"featured_media":15969,"comment_status":"open","ping_status":"closed","template":"","meta":{"_acf_changed":false},"product_brand":[],"product_cat":[26,83,84,58],"product_tag":[],"class_list":{"0":"post-15968","1":"product","2":"type-product","3":"status-publish","4":"has-post-thumbnail","6":"product_cat-buitiniai-oro-kondicionieriai","7":"product_cat-gamintojai","8":"product_cat-inventor","9":"product_cat-kondicionavimas","11":"first","12":"instock","13":"taxable","14":"shipping-taxable","15":"purchasable","16":"product-type-simple"},"acf":[],"yoast_head":"<!-- This site is optimized with the Yoast SEO plugin v27.4 - https:\/\/yoast.com\/product\/yoast-seo-wordpress\/ -->\n<title>INVENTOR VERO 2.6kW- sieninis oro kondicionierius | Beijer Ref<\/title>\n<meta name=\"description\" content=\"INVENTOR VERO 2.6kW- sieninis oro kondicionierius. Pirkite internetu arba pateikite u\u017eklaus\u0105.\" \/>\n<meta name=\"robots\" content=\"index, follow, max-snippet:-1, max-image-preview:large, max-video-preview:-1\" \/>\n<link rel=\"canonical\" href=\"https:\/\/refrigeration.lt\/en\/product\/inventor-vero-2-6kw-sieninis-oro-kondicionierius-15968\/\" \/>\n<meta property=\"og:locale\" content=\"en_US\" \/>\n<meta property=\"og:type\" content=\"article\" \/>\n<meta property=\"og:title\" content=\"INVENTOR VERO 2.6kW- sieninis oro kondicionierius | Beijer Ref\" \/>\n<meta property=\"og:description\" content=\"INVENTOR VERO 2.6kW- sieninis oro kondicionierius. Pirkite internetu arba pateikite u\u017eklaus\u0105.\" \/>\n<meta property=\"og:url\" content=\"https:\/\/refrigeration.lt\/en\/product\/inventor-vero-2-6kw-sieninis-oro-kondicionierius-15968\/\" \/>\n<meta property=\"og:site_name\" content=\"Beijer Ref\" \/>\n<meta property=\"article:modified_time\" content=\"2025-12-18T10:55:06+00:00\" \/>\n<meta property=\"og:image\" content=\"https:\/\/refrigeration.lt\/wp-content\/uploads\/2025\/12\/inventor-vero-2-6kw-sieninis-oro-kondicionierius-15968.jpg\" \/>\n\t<meta property=\"og:image:width\" content=\"952\" \/>\n\t<meta property=\"og:image:height\" content=\"535\" \/>\n\t<meta property=\"og:image:type\" content=\"image\/jpeg\" \/>\n<meta name=\"twitter:card\" content=\"summary_large_image\" \/>\n<meta name=\"twitter:label1\" content=\"Est. reading time\" \/>\n\t<meta name=\"twitter:data1\" content=\"1 minute\" \/>\n<script type=\"application\/ld+json\" class=\"yoast-schema-graph\">{\"@context\":\"https:\\\/\\\/schema.org\",\"@graph\":[{\"@type\":\"WebPage\",\"@id\":\"https:\\\/\\\/refrigeration.lt\\\/produktas\\\/inventor-vero-2-6kw-sieninis-oro-kondicionierius-15968\\\/\",\"url\":\"https:\\\/\\\/refrigeration.lt\\\/produktas\\\/inventor-vero-2-6kw-sieninis-oro-kondicionierius-15968\\\/\",\"name\":\"INVENTOR VERO 2.6kW- sieninis oro kondicionierius | Beijer Ref\",\"isPartOf\":{\"@id\":\"https:\\\/\\\/refrigeration.lt\\\/#website\"},\"primaryImageOfPage\":{\"@id\":\"https:\\\/\\\/refrigeration.lt\\\/produktas\\\/inventor-vero-2-6kw-sieninis-oro-kondicionierius-15968\\\/#primaryimage\"},\"image\":{\"@id\":\"https:\\\/\\\/refrigeration.lt\\\/produktas\\\/inventor-vero-2-6kw-sieninis-oro-kondicionierius-15968\\\/#primaryimage\"},\"thumbnailUrl\":\"https:\\\/\\\/refrigeration.lt\\\/wp-content\\\/uploads\\\/2025\\\/12\\\/inventor-vero-2-6kw-sieninis-oro-kondicionierius-15968.jpg\",\"datePublished\":\"2025-12-18T10:37:33+00:00\",\"dateModified\":\"2025-12-18T10:55:06+00:00\",\"description\":\"INVENTOR VERO 2.6kW- sieninis oro kondicionierius. Pirkite internetu arba pateikite u\u017eklaus\u0105.\",\"breadcrumb\":{\"@id\":\"https:\\\/\\\/refrigeration.lt\\\/produktas\\\/inventor-vero-2-6kw-sieninis-oro-kondicionierius-15968\\\/#breadcrumb\"},\"inLanguage\":\"en-US\",\"potentialAction\":[{\"@type\":\"ReadAction\",\"target\":[\"https:\\\/\\\/refrigeration.lt\\\/produktas\\\/inventor-vero-2-6kw-sieninis-oro-kondicionierius-15968\\\/\"]}]},{\"@type\":\"ImageObject\",\"inLanguage\":\"en-US\",\"@id\":\"https:\\\/\\\/refrigeration.lt\\\/produktas\\\/inventor-vero-2-6kw-sieninis-oro-kondicionierius-15968\\\/#primaryimage\",\"url\":\"https:\\\/\\\/refrigeration.lt\\\/wp-content\\\/uploads\\\/2025\\\/12\\\/inventor-vero-2-6kw-sieninis-oro-kondicionierius-15968.jpg\",\"contentUrl\":\"https:\\\/\\\/refrigeration.lt\\\/wp-content\\\/uploads\\\/2025\\\/12\\\/inventor-vero-2-6kw-sieninis-oro-kondicionierius-15968.jpg\",\"width\":952,\"height\":535,\"caption\":\"INVENTOR VERO 2.6kW- sieninis oro kondicionierius\"},{\"@type\":\"BreadcrumbList\",\"@id\":\"https:\\\/\\\/refrigeration.lt\\\/produktas\\\/inventor-vero-2-6kw-sieninis-oro-kondicionierius-15968\\\/#breadcrumb\",\"itemListElement\":[{\"@type\":\"ListItem\",\"position\":1,\"name\":\"Home\",\"item\":\"https:\\\/\\\/refrigeration.lt\\\/\"},{\"@type\":\"ListItem\",\"position\":2,\"name\":\"Visos prek\u0117s\",\"item\":\"https:\\\/\\\/refrigeration.lt\\\/parduotuve\\\/\"},{\"@type\":\"ListItem\",\"position\":3,\"name\":\"INVENTOR VERO 2.6kW- sieninis oro kondicionierius\"}]},{\"@type\":\"WebSite\",\"@id\":\"https:\\\/\\\/refrigeration.lt\\\/#website\",\"url\":\"https:\\\/\\\/refrigeration.lt\\\/\",\"name\":\"Beijer Ref\",\"description\":\"Tarptautin\u0117 didmeninink\u0173 grup\u0117, veikianti komercinio \u0161aldymo, komforto \u0161aldymo, pramoninio \u0161aldymo ir susijusiuose sektoriuose.\",\"publisher\":{\"@id\":\"https:\\\/\\\/refrigeration.lt\\\/#organization\"},\"potentialAction\":[{\"@type\":\"SearchAction\",\"target\":{\"@type\":\"EntryPoint\",\"urlTemplate\":\"https:\\\/\\\/refrigeration.lt\\\/?s={search_term_string}\"},\"query-input\":{\"@type\":\"PropertyValueSpecification\",\"valueRequired\":true,\"valueName\":\"search_term_string\"}}],\"inLanguage\":\"en-US\"},{\"@type\":\"Organization\",\"@id\":\"https:\\\/\\\/refrigeration.lt\\\/#organization\",\"name\":\"Beijer Ref\",\"url\":\"https:\\\/\\\/refrigeration.lt\\\/\",\"logo\":{\"@type\":\"ImageObject\",\"inLanguage\":\"en-US\",\"@id\":\"https:\\\/\\\/refrigeration.lt\\\/#\\\/schema\\\/logo\\\/image\\\/\",\"url\":\"https:\\\/\\\/refrigeration.lt\\\/wp-content\\\/uploads\\\/2025\\\/09\\\/Beijer-Ref-LT-logo.png\",\"contentUrl\":\"https:\\\/\\\/refrigeration.lt\\\/wp-content\\\/uploads\\\/2025\\\/09\\\/Beijer-Ref-LT-logo.png\",\"width\":161,\"height\":38,\"caption\":\"Beijer Ref\"},\"image\":{\"@id\":\"https:\\\/\\\/refrigeration.lt\\\/#\\\/schema\\\/logo\\\/image\\\/\"}}]}<\/script>\n<!-- \/ Yoast SEO plugin. -->","yoast_head_json":{"title":"INVENTOR VERO 2.6kW- sieninis oro kondicionierius | Beijer Ref","description":"INVENTOR VERO 2.6kW- sieninis oro kondicionierius. Pirkite internetu arba pateikite u\u017eklaus\u0105.","robots":{"index":"index","follow":"follow","max-snippet":"max-snippet:-1","max-image-preview":"max-image-preview:large","max-video-preview":"max-video-preview:-1"},"canonical":"https:\/\/refrigeration.lt\/en\/product\/inventor-vero-2-6kw-sieninis-oro-kondicionierius-15968\/","og_locale":"en_US","og_type":"article","og_title":"INVENTOR VERO 2.6kW- sieninis oro kondicionierius | Beijer Ref","og_description":"INVENTOR VERO 2.6kW- sieninis oro kondicionierius. Pirkite internetu arba pateikite u\u017eklaus\u0105.","og_url":"https:\/\/refrigeration.lt\/en\/product\/inventor-vero-2-6kw-sieninis-oro-kondicionierius-15968\/","og_site_name":"Beijer Ref","article_modified_time":"2025-12-18T10:55:06+00:00","og_image":[{"width":952,"height":535,"url":"https:\/\/refrigeration.lt\/wp-content\/uploads\/2025\/12\/inventor-vero-2-6kw-sieninis-oro-kondicionierius-15968.jpg","type":"image\/jpeg"}],"twitter_card":"summary_large_image","twitter_misc":{"Est. reading time":"1 minute"},"schema":{"@context":"https:\/\/schema.org","@graph":[{"@type":"WebPage","@id":"https:\/\/refrigeration.lt\/produktas\/inventor-vero-2-6kw-sieninis-oro-kondicionierius-15968\/","url":"https:\/\/refrigeration.lt\/produktas\/inventor-vero-2-6kw-sieninis-oro-kondicionierius-15968\/","name":"INVENTOR VERO 2.6kW- sieninis oro kondicionierius | Beijer Ref","isPartOf":{"@id":"https:\/\/refrigeration.lt\/#website"},"primaryImageOfPage":{"@id":"https:\/\/refrigeration.lt\/produktas\/inventor-vero-2-6kw-sieninis-oro-kondicionierius-15968\/#primaryimage"},"image":{"@id":"https:\/\/refrigeration.lt\/produktas\/inventor-vero-2-6kw-sieninis-oro-kondicionierius-15968\/#primaryimage"},"thumbnailUrl":"https:\/\/refrigeration.lt\/wp-content\/uploads\/2025\/12\/inventor-vero-2-6kw-sieninis-oro-kondicionierius-15968.jpg","datePublished":"2025-12-18T10:37:33+00:00","dateModified":"2025-12-18T10:55:06+00:00","description":"INVENTOR VERO 2.6kW- sieninis oro kondicionierius. Pirkite internetu arba pateikite u\u017eklaus\u0105.","breadcrumb":{"@id":"https:\/\/refrigeration.lt\/produktas\/inventor-vero-2-6kw-sieninis-oro-kondicionierius-15968\/#breadcrumb"},"inLanguage":"en-US","potentialAction":[{"@type":"ReadAction","target":["https:\/\/refrigeration.lt\/produktas\/inventor-vero-2-6kw-sieninis-oro-kondicionierius-15968\/"]}]},{"@type":"ImageObject","inLanguage":"en-US","@id":"https:\/\/refrigeration.lt\/produktas\/inventor-vero-2-6kw-sieninis-oro-kondicionierius-15968\/#primaryimage","url":"https:\/\/refrigeration.lt\/wp-content\/uploads\/2025\/12\/inventor-vero-2-6kw-sieninis-oro-kondicionierius-15968.jpg","contentUrl":"https:\/\/refrigeration.lt\/wp-content\/uploads\/2025\/12\/inventor-vero-2-6kw-sieninis-oro-kondicionierius-15968.jpg","width":952,"height":535,"caption":"INVENTOR VERO 2.6kW- sieninis oro kondicionierius"},{"@type":"BreadcrumbList","@id":"https:\/\/refrigeration.lt\/produktas\/inventor-vero-2-6kw-sieninis-oro-kondicionierius-15968\/#breadcrumb","itemListElement":[{"@type":"ListItem","position":1,"name":"Home","item":"https:\/\/refrigeration.lt\/"},{"@type":"ListItem","position":2,"name":"Visos prek\u0117s","item":"https:\/\/refrigeration.lt\/parduotuve\/"},{"@type":"ListItem","position":3,"name":"INVENTOR VERO 2.6kW- sieninis oro kondicionierius"}]},{"@type":"WebSite","@id":"https:\/\/refrigeration.lt\/#website","url":"https:\/\/refrigeration.lt\/","name":"Beijer Ref","description":"Tarptautin\u0117 didmeninink\u0173 grup\u0117, veikianti komercinio \u0161aldymo, komforto \u0161aldymo, pramoninio \u0161aldymo ir susijusiuose sektoriuose.","publisher":{"@id":"https:\/\/refrigeration.lt\/#organization"},"potentialAction":[{"@type":"SearchAction","target":{"@type":"EntryPoint","urlTemplate":"https:\/\/refrigeration.lt\/?s={search_term_string}"},"query-input":{"@type":"PropertyValueSpecification","valueRequired":true,"valueName":"search_term_string"}}],"inLanguage":"en-US"},{"@type":"Organization","@id":"https:\/\/refrigeration.lt\/#organization","name":"Beijer Ref","url":"https:\/\/refrigeration.lt\/","logo":{"@type":"ImageObject","inLanguage":"en-US","@id":"https:\/\/refrigeration.lt\/#\/schema\/logo\/image\/","url":"https:\/\/refrigeration.lt\/wp-content\/uploads\/2025\/09\/Beijer-Ref-LT-logo.png","contentUrl":"https:\/\/refrigeration.lt\/wp-content\/uploads\/2025\/09\/Beijer-Ref-LT-logo.png","width":161,"height":38,"caption":"Beijer Ref"},"image":{"@id":"https:\/\/refrigeration.lt\/#\/schema\/logo\/image\/"}}]}},"_links":{"self":[{"href":"https:\/\/refrigeration.lt\/en\/wp-json\/wp\/v2\/product\/15968","targetHints":{"allow":["GET"]}}],"collection":[{"href":"https:\/\/refrigeration.lt\/en\/wp-json\/wp\/v2\/product"}],"about":[{"href":"https:\/\/refrigeration.lt\/en\/wp-json\/wp\/v2\/types\/product"}],"replies":[{"embeddable":true,"href":"https:\/\/refrigeration.lt\/en\/wp-json\/wp\/v2\/comments?post=15968"}],"wp:featuredmedia":[{"embeddable":true,"href":"https:\/\/refrigeration.lt\/en\/wp-json\/wp\/v2\/media\/15969"}],"wp:attachment":[{"href":"https:\/\/refrigeration.lt\/en\/wp-json\/wp\/v2\/media?parent=15968"}],"wp:term":[{"taxonomy":"product_brand","embeddable":true,"href":"https:\/\/refrigeration.lt\/en\/wp-json\/wp\/v2\/product_brand?post=15968"},{"taxonomy":"product_cat","embeddable":true,"href":"https:\/\/refrigeration.lt\/en\/wp-json\/wp\/v2\/product_cat?post=15968"},{"taxonomy":"product_tag","embeddable":true,"href":"https:\/\/refrigeration.lt\/en\/wp-json\/wp\/v2\/product_tag?post=15968"}],"curies":[{"name":"wp","href":"https:\/\/api.w.org\/{rel}","templated":true}]}}