{"id":15977,"date":"2026-01-11T17:03:40","date_gmt":"2026-01-11T17:03:40","guid":{"rendered":"https:\/\/refrigeration.webdemo.lt\/?post_type=product&p=15977"},"modified":"2026-01-11T17:03:40","modified_gmt":"2026-01-11T17:03:40","slug":"aspen-pipelounge-pl150-8211-keliu-vamzdziu-laikiklis-atrama-15977","status":"publish","type":"product","link":"https:\/\/refrigeration.lt\/en\/product\/aspen-pipelounge-pl150-8211-keliu-vamzdziu-laikiklis-atrama-15977\/","title":{"rendered":"Aspen PipeLounge PL150 &#8211; Multi-Pipe Support System (150 mm)"},"content":{"rendered":"<p>The Aspen PipeLounge PL150 is a high-quality multi-pipe support solution engineered for efficient and orderly pipe installations. Made from tough flame-resistant ABS plastic, this support system delivers:<br \/>\n &#8211; Professional finish: Keeps insulated pipes neatly organised and securely supported throughout the run.<br \/>\n &#8211; Thermal flexibility: Allows pipes to expand and contract naturally without compromising system integrity.<br \/>\n &#8211; Flexible installation: Easily mounts on M10 threaded rods and can be connected horizontally or stacked vertically to suit the job site layout.<br \/>\n &#8211; Reliable load capacity: Supports up to 50 kg without additional metal support, making it suitable for a wide range of installations.<br \/>\n &#8211; Durability and safety: Made from flame-resistant ABS and fully recyclable material. <\/p>\n<p> PipeLounge PL150 is a practical and cost-effective choice for professional installers in HVAC\/R and plumbing, offering speed, quality, and tidy results for both new builds and retrofit projects.<\/p>","protected":false},"excerpt":{"rendered":"<p>Aspen PipeLounge PL150 is a robust multi-pipe support designed to keep insulated pipe runs neat and aligned, allowing for natural expansion and contraction while simplifying the installation process. Ideal for professional HVAC\/R and plumbing applications.<\/p>","protected":false},"featured_media":15978,"comment_status":"open","ping_status":"closed","template":"","meta":{"_acf_changed":false},"product_brand":[],"product_cat":[187,83,58,36,37],"product_tag":[],"class_list":{"0":"post-15977","1":"product","2":"type-product","3":"status-publish","4":"has-post-thumbnail","6":"product_cat-aspen-pump-group","7":"product_cat-gamintojai","8":"product_cat-kondicionavimas","9":"product_cat-montavimo-priedai","10":"product_cat-variniai-vamzdziai","12":"first","13":"instock","14":"taxable","15":"shipping-taxable","16":"purchasable","17":"product-type-simple"},"acf":[],"yoast_head":"<!-- This site is optimized with the Yoast SEO plugin v27.4 - https:\/\/yoast.com\/product\/yoast-seo-wordpress\/ -->\n<title>Aspen PipeLounge PL150 &#8211; keli\u0173 vamzd\u017ei\u0173 laikiklis \/ atrama (150 mm) | Beijer Ref<\/title>\n<meta name=\"description\" content=\"Aspen PipeLounge PL150 &#8211; keli\u0173 vamzd\u017ei\u0173 laikiklis \/ atrama (150 mm). Pirkite internetu arba pateikite u\u017eklaus\u0105.\" \/>\n<meta name=\"robots\" content=\"index, follow, max-snippet:-1, max-image-preview:large, max-video-preview:-1\" \/>\n<link rel=\"canonical\" href=\"https:\/\/refrigeration.lt\/en\/product\/aspen-pipelounge-pl150-8211-keliu-vamzdziu-laikiklis-atrama-15977\/\" \/>\n<meta property=\"og:locale\" content=\"en_US\" \/>\n<meta property=\"og:type\" content=\"article\" \/>\n<meta property=\"og:title\" content=\"Aspen PipeLounge PL150 &#8211; keli\u0173 vamzd\u017ei\u0173 laikiklis \/ atrama (150 mm) | Beijer Ref\" \/>\n<meta property=\"og:description\" content=\"Aspen PipeLounge PL150 &#8211; keli\u0173 vamzd\u017ei\u0173 laikiklis \/ atrama (150 mm). Pirkite internetu arba pateikite u\u017eklaus\u0105.\" \/>\n<meta property=\"og:url\" content=\"https:\/\/refrigeration.lt\/en\/product\/aspen-pipelounge-pl150-8211-keliu-vamzdziu-laikiklis-atrama-15977\/\" \/>\n<meta property=\"og:site_name\" content=\"Beijer Ref\" \/>\n<meta property=\"og:image\" content=\"https:\/\/refrigeration.lt\/wp-content\/uploads\/2026\/01\/aspen-pipelounge-pl150-8211-keliu-vamzdziu-laikiklis-atrama-15977.png\" \/>\n\t<meta property=\"og:image:width\" content=\"810\" \/>\n\t<meta property=\"og:image:height\" content=\"810\" \/>\n\t<meta property=\"og:image:type\" content=\"image\/png\" \/>\n<meta name=\"twitter:card\" content=\"summary_large_image\" \/>\n<meta name=\"twitter:label1\" content=\"Est. reading time\" \/>\n\t<meta name=\"twitter:data1\" content=\"1 minute\" \/>\n<script type=\"application\/ld+json\" class=\"yoast-schema-graph\">{\"@context\":\"https:\\\/\\\/schema.org\",\"@graph\":[{\"@type\":\"WebPage\",\"@id\":\"https:\\\/\\\/refrigeration.lt\\\/produktas\\\/aspen-pipelounge-pl150-8211-keliu-vamzdziu-laikiklis-atrama-15977\\\/\",\"url\":\"https:\\\/\\\/refrigeration.lt\\\/produktas\\\/aspen-pipelounge-pl150-8211-keliu-vamzdziu-laikiklis-atrama-15977\\\/\",\"name\":\"Aspen PipeLounge PL150 &#8211; keli\u0173 vamzd\u017ei\u0173 laikiklis \\\/ atrama (150 mm) | Beijer Ref\",\"isPartOf\":{\"@id\":\"https:\\\/\\\/refrigeration.lt\\\/#website\"},\"primaryImageOfPage\":{\"@id\":\"https:\\\/\\\/refrigeration.lt\\\/produktas\\\/aspen-pipelounge-pl150-8211-keliu-vamzdziu-laikiklis-atrama-15977\\\/#primaryimage\"},\"image\":{\"@id\":\"https:\\\/\\\/refrigeration.lt\\\/produktas\\\/aspen-pipelounge-pl150-8211-keliu-vamzdziu-laikiklis-atrama-15977\\\/#primaryimage\"},\"thumbnailUrl\":\"https:\\\/\\\/refrigeration.lt\\\/wp-content\\\/uploads\\\/2026\\\/01\\\/aspen-pipelounge-pl150-8211-keliu-vamzdziu-laikiklis-atrama-15977.png\",\"datePublished\":\"2026-01-11T17:03:40+00:00\",\"description\":\"Aspen PipeLounge PL150 &#8211; keli\u0173 vamzd\u017ei\u0173 laikiklis \\\/ atrama (150 mm). Pirkite internetu arba pateikite u\u017eklaus\u0105.\",\"breadcrumb\":{\"@id\":\"https:\\\/\\\/refrigeration.lt\\\/produktas\\\/aspen-pipelounge-pl150-8211-keliu-vamzdziu-laikiklis-atrama-15977\\\/#breadcrumb\"},\"inLanguage\":\"en-US\",\"potentialAction\":[{\"@type\":\"ReadAction\",\"target\":[\"https:\\\/\\\/refrigeration.lt\\\/produktas\\\/aspen-pipelounge-pl150-8211-keliu-vamzdziu-laikiklis-atrama-15977\\\/\"]}]},{\"@type\":\"ImageObject\",\"inLanguage\":\"en-US\",\"@id\":\"https:\\\/\\\/refrigeration.lt\\\/produktas\\\/aspen-pipelounge-pl150-8211-keliu-vamzdziu-laikiklis-atrama-15977\\\/#primaryimage\",\"url\":\"https:\\\/\\\/refrigeration.lt\\\/wp-content\\\/uploads\\\/2026\\\/01\\\/aspen-pipelounge-pl150-8211-keliu-vamzdziu-laikiklis-atrama-15977.png\",\"contentUrl\":\"https:\\\/\\\/refrigeration.lt\\\/wp-content\\\/uploads\\\/2026\\\/01\\\/aspen-pipelounge-pl150-8211-keliu-vamzdziu-laikiklis-atrama-15977.png\",\"width\":810,\"height\":810,\"caption\":\"Aspen PipeLounge PL150 &#8211; keli\u0173 vamzd\u017ei\u0173 laikiklis \\\/ atrama (150 mm)\"},{\"@type\":\"BreadcrumbList\",\"@id\":\"https:\\\/\\\/refrigeration.lt\\\/produktas\\\/aspen-pipelounge-pl150-8211-keliu-vamzdziu-laikiklis-atrama-15977\\\/#breadcrumb\",\"itemListElement\":[{\"@type\":\"ListItem\",\"position\":1,\"name\":\"Home\",\"item\":\"https:\\\/\\\/refrigeration.lt\\\/\"},{\"@type\":\"ListItem\",\"position\":2,\"name\":\"Visos prek\u0117s\",\"item\":\"https:\\\/\\\/refrigeration.lt\\\/parduotuve\\\/\"},{\"@type\":\"ListItem\",\"position\":3,\"name\":\"Aspen PipeLounge PL150 &#8211; keli\u0173 vamzd\u017ei\u0173 laikiklis \\\/ atrama (150 mm)\"}]},{\"@type\":\"WebSite\",\"@id\":\"https:\\\/\\\/refrigeration.lt\\\/#website\",\"url\":\"https:\\\/\\\/refrigeration.lt\\\/\",\"name\":\"Beijer Ref\",\"description\":\"Tarptautin\u0117 didmeninink\u0173 grup\u0117, veikianti komercinio \u0161aldymo, komforto \u0161aldymo, pramoninio \u0161aldymo ir susijusiuose sektoriuose.\",\"publisher\":{\"@id\":\"https:\\\/\\\/refrigeration.lt\\\/#organization\"},\"potentialAction\":[{\"@type\":\"SearchAction\",\"target\":{\"@type\":\"EntryPoint\",\"urlTemplate\":\"https:\\\/\\\/refrigeration.lt\\\/?s={search_term_string}\"},\"query-input\":{\"@type\":\"PropertyValueSpecification\",\"valueRequired\":true,\"valueName\":\"search_term_string\"}}],\"inLanguage\":\"en-US\"},{\"@type\":\"Organization\",\"@id\":\"https:\\\/\\\/refrigeration.lt\\\/#organization\",\"name\":\"Beijer Ref\",\"url\":\"https:\\\/\\\/refrigeration.lt\\\/\",\"logo\":{\"@type\":\"ImageObject\",\"inLanguage\":\"en-US\",\"@id\":\"https:\\\/\\\/refrigeration.lt\\\/#\\\/schema\\\/logo\\\/image\\\/\",\"url\":\"https:\\\/\\\/refrigeration.lt\\\/wp-content\\\/uploads\\\/2025\\\/09\\\/Beijer-Ref-LT-logo.png\",\"contentUrl\":\"https:\\\/\\\/refrigeration.lt\\\/wp-content\\\/uploads\\\/2025\\\/09\\\/Beijer-Ref-LT-logo.png\",\"width\":161,\"height\":38,\"caption\":\"Beijer Ref\"},\"image\":{\"@id\":\"https:\\\/\\\/refrigeration.lt\\\/#\\\/schema\\\/logo\\\/image\\\/\"}}]}<\/script>\n<!-- \/ Yoast SEO plugin. -->","yoast_head_json":{"title":"Aspen PipeLounge PL150 &#8211; keli\u0173 vamzd\u017ei\u0173 laikiklis \/ atrama (150 mm) | Beijer Ref","description":"Aspen PipeLounge PL150 &#8211; keli\u0173 vamzd\u017ei\u0173 laikiklis \/ atrama (150 mm). Pirkite internetu arba pateikite u\u017eklaus\u0105.","robots":{"index":"index","follow":"follow","max-snippet":"max-snippet:-1","max-image-preview":"max-image-preview:large","max-video-preview":"max-video-preview:-1"},"canonical":"https:\/\/refrigeration.lt\/en\/product\/aspen-pipelounge-pl150-8211-keliu-vamzdziu-laikiklis-atrama-15977\/","og_locale":"en_US","og_type":"article","og_title":"Aspen PipeLounge PL150 &#8211; keli\u0173 vamzd\u017ei\u0173 laikiklis \/ atrama (150 mm) | Beijer Ref","og_description":"Aspen PipeLounge PL150 &#8211; keli\u0173 vamzd\u017ei\u0173 laikiklis \/ atrama (150 mm). Pirkite internetu arba pateikite u\u017eklaus\u0105.","og_url":"https:\/\/refrigeration.lt\/en\/product\/aspen-pipelounge-pl150-8211-keliu-vamzdziu-laikiklis-atrama-15977\/","og_site_name":"Beijer Ref","og_image":[{"width":810,"height":810,"url":"https:\/\/refrigeration.lt\/wp-content\/uploads\/2026\/01\/aspen-pipelounge-pl150-8211-keliu-vamzdziu-laikiklis-atrama-15977.png","type":"image\/png"}],"twitter_card":"summary_large_image","twitter_misc":{"Est. reading time":"1 minute"},"schema":{"@context":"https:\/\/schema.org","@graph":[{"@type":"WebPage","@id":"https:\/\/refrigeration.lt\/produktas\/aspen-pipelounge-pl150-8211-keliu-vamzdziu-laikiklis-atrama-15977\/","url":"https:\/\/refrigeration.lt\/produktas\/aspen-pipelounge-pl150-8211-keliu-vamzdziu-laikiklis-atrama-15977\/","name":"Aspen PipeLounge PL150 &#8211; keli\u0173 vamzd\u017ei\u0173 laikiklis \/ atrama (150 mm) | Beijer Ref","isPartOf":{"@id":"https:\/\/refrigeration.lt\/#website"},"primaryImageOfPage":{"@id":"https:\/\/refrigeration.lt\/produktas\/aspen-pipelounge-pl150-8211-keliu-vamzdziu-laikiklis-atrama-15977\/#primaryimage"},"image":{"@id":"https:\/\/refrigeration.lt\/produktas\/aspen-pipelounge-pl150-8211-keliu-vamzdziu-laikiklis-atrama-15977\/#primaryimage"},"thumbnailUrl":"https:\/\/refrigeration.lt\/wp-content\/uploads\/2026\/01\/aspen-pipelounge-pl150-8211-keliu-vamzdziu-laikiklis-atrama-15977.png","datePublished":"2026-01-11T17:03:40+00:00","description":"Aspen PipeLounge PL150 &#8211; keli\u0173 vamzd\u017ei\u0173 laikiklis \/ atrama (150 mm). Pirkite internetu arba pateikite u\u017eklaus\u0105.","breadcrumb":{"@id":"https:\/\/refrigeration.lt\/produktas\/aspen-pipelounge-pl150-8211-keliu-vamzdziu-laikiklis-atrama-15977\/#breadcrumb"},"inLanguage":"en-US","potentialAction":[{"@type":"ReadAction","target":["https:\/\/refrigeration.lt\/produktas\/aspen-pipelounge-pl150-8211-keliu-vamzdziu-laikiklis-atrama-15977\/"]}]},{"@type":"ImageObject","inLanguage":"en-US","@id":"https:\/\/refrigeration.lt\/produktas\/aspen-pipelounge-pl150-8211-keliu-vamzdziu-laikiklis-atrama-15977\/#primaryimage","url":"https:\/\/refrigeration.lt\/wp-content\/uploads\/2026\/01\/aspen-pipelounge-pl150-8211-keliu-vamzdziu-laikiklis-atrama-15977.png","contentUrl":"https:\/\/refrigeration.lt\/wp-content\/uploads\/2026\/01\/aspen-pipelounge-pl150-8211-keliu-vamzdziu-laikiklis-atrama-15977.png","width":810,"height":810,"caption":"Aspen PipeLounge PL150 &#8211; keli\u0173 vamzd\u017ei\u0173 laikiklis \/ atrama (150 mm)"},{"@type":"BreadcrumbList","@id":"https:\/\/refrigeration.lt\/produktas\/aspen-pipelounge-pl150-8211-keliu-vamzdziu-laikiklis-atrama-15977\/#breadcrumb","itemListElement":[{"@type":"ListItem","position":1,"name":"Home","item":"https:\/\/refrigeration.lt\/"},{"@type":"ListItem","position":2,"name":"Visos prek\u0117s","item":"https:\/\/refrigeration.lt\/parduotuve\/"},{"@type":"ListItem","position":3,"name":"Aspen PipeLounge PL150 &#8211; keli\u0173 vamzd\u017ei\u0173 laikiklis \/ atrama (150 mm)"}]},{"@type":"WebSite","@id":"https:\/\/refrigeration.lt\/#website","url":"https:\/\/refrigeration.lt\/","name":"Beijer Ref","description":"Tarptautin\u0117 didmeninink\u0173 grup\u0117, veikianti komercinio \u0161aldymo, komforto \u0161aldymo, pramoninio \u0161aldymo ir susijusiuose sektoriuose.","publisher":{"@id":"https:\/\/refrigeration.lt\/#organization"},"potentialAction":[{"@type":"SearchAction","target":{"@type":"EntryPoint","urlTemplate":"https:\/\/refrigeration.lt\/?s={search_term_string}"},"query-input":{"@type":"PropertyValueSpecification","valueRequired":true,"valueName":"search_term_string"}}],"inLanguage":"en-US"},{"@type":"Organization","@id":"https:\/\/refrigeration.lt\/#organization","name":"Beijer Ref","url":"https:\/\/refrigeration.lt\/","logo":{"@type":"ImageObject","inLanguage":"en-US","@id":"https:\/\/refrigeration.lt\/#\/schema\/logo\/image\/","url":"https:\/\/refrigeration.lt\/wp-content\/uploads\/2025\/09\/Beijer-Ref-LT-logo.png","contentUrl":"https:\/\/refrigeration.lt\/wp-content\/uploads\/2025\/09\/Beijer-Ref-LT-logo.png","width":161,"height":38,"caption":"Beijer Ref"},"image":{"@id":"https:\/\/refrigeration.lt\/#\/schema\/logo\/image\/"}}]}},"_links":{"self":[{"href":"https:\/\/refrigeration.lt\/en\/wp-json\/wp\/v2\/product\/15977","targetHints":{"allow":["GET"]}}],"collection":[{"href":"https:\/\/refrigeration.lt\/en\/wp-json\/wp\/v2\/product"}],"about":[{"href":"https:\/\/refrigeration.lt\/en\/wp-json\/wp\/v2\/types\/product"}],"replies":[{"embeddable":true,"href":"https:\/\/refrigeration.lt\/en\/wp-json\/wp\/v2\/comments?post=15977"}],"wp:featuredmedia":[{"embeddable":true,"href":"https:\/\/refrigeration.lt\/en\/wp-json\/wp\/v2\/media\/15978"}],"wp:attachment":[{"href":"https:\/\/refrigeration.lt\/en\/wp-json\/wp\/v2\/media?parent=15977"}],"wp:term":[{"taxonomy":"product_brand","embeddable":true,"href":"https:\/\/refrigeration.lt\/en\/wp-json\/wp\/v2\/product_brand?post=15977"},{"taxonomy":"product_cat","embeddable":true,"href":"https:\/\/refrigeration.lt\/en\/wp-json\/wp\/v2\/product_cat?post=15977"},{"taxonomy":"product_tag","embeddable":true,"href":"https:\/\/refrigeration.lt\/en\/wp-json\/wp\/v2\/product_tag?post=15977"}],"curies":[{"name":"wp","href":"https:\/\/api.w.org\/{rel}","templated":true}]}}