{"id":15991,"date":"2026-01-11T17:03:54","date_gmt":"2026-01-11T17:03:54","guid":{"rendered":"https:\/\/refrigeration.webdemo.lt\/?post_type=product&p=15991"},"modified":"2026-01-11T17:03:54","modified_gmt":"2026-01-11T17:03:54","slug":"aspen-pipelounge-plmini-8211-kompaktiska-vieno-vamzdzio-15991","status":"publish","type":"product","link":"https:\/\/refrigeration.lt\/en\/product\/aspen-pipelounge-plmini-8211-kompaktiska-vieno-vamzdzio-15991\/","title":{"rendered":"Aspen PipeLounge PLmini &#8211; Compact Single Pipe Support (113 mm)"},"content":{"rendered":"<p>The Aspen PipeLounge PLmini is a single-pipe support unit engineered to provide orderly and reliable support for smaller insulated pipework &#8211; especially where space is limited. As part of the Pipelounge system, it offers the same performance benefits as the full range:<br \/>\n &#8211; Compact design &#8211; perfect for tight spaces and constrained installations.<br \/>\n &#8211; Thermal movement allowance &#8211; allows pipes to expand and contract naturally without stress.<br \/>\n &#8211; Quick installation: easily mounts to M10 threaded rod, saving time during installation.<br \/>\n &#8211; Professional finish: ensures a neat appearance in both new builds and retrofit projects.<br \/>\n &#8211; Robust construction: made from flame-resistant ABS rated to UL94 V0, with a load capacity of up to 50 kg without the need for metal support. <\/p>\n<p> The PLmini is a cost-effective choice for installers who need tidy, dependable support for small pipe runs in HVAC\/R and plumbing systems.<\/p>","protected":false},"excerpt":{"rendered":"<p>Aspen PipeLounge PLmini is a compact pipe support designed for small-diameter insulated pipes, ideal for confined spaces while delivering the same neat and professional finish as the larger Pipelounge range.<\/p>","protected":false},"featured_media":15992,"comment_status":"open","ping_status":"closed","template":"","meta":{"_acf_changed":false},"product_brand":[],"product_cat":[187,83,58,36,37],"product_tag":[],"class_list":{"0":"post-15991","1":"product","2":"type-product","3":"status-publish","4":"has-post-thumbnail","6":"product_cat-aspen-pump-group","7":"product_cat-gamintojai","8":"product_cat-kondicionavimas","9":"product_cat-montavimo-priedai","10":"product_cat-variniai-vamzdziai","12":"first","13":"instock","14":"taxable","15":"shipping-taxable","16":"purchasable","17":"product-type-simple"},"acf":[],"yoast_head":"<!-- This site is optimized with the Yoast SEO plugin v27.4 - https:\/\/yoast.com\/product\/yoast-seo-wordpress\/ -->\n<title>Aspen PipeLounge PLmini &#8211; kompakti\u0161ka vieno vamzd\u017eio atrama (113 mm) | Beijer Ref<\/title>\n<meta name=\"description\" content=\"Aspen PipeLounge PLmini &#8211; kompakti\u0161ka vieno vamzd\u017eio atrama (113 mm). Pirkite internetu arba pateikite u\u017eklaus\u0105.\" \/>\n<meta name=\"robots\" content=\"index, follow, max-snippet:-1, max-image-preview:large, max-video-preview:-1\" \/>\n<link rel=\"canonical\" href=\"https:\/\/refrigeration.lt\/en\/product\/aspen-pipelounge-plmini-8211-kompaktiska-vieno-vamzdzio-15991\/\" \/>\n<meta property=\"og:locale\" content=\"en_US\" \/>\n<meta property=\"og:type\" content=\"article\" \/>\n<meta property=\"og:title\" content=\"Aspen PipeLounge PLmini &#8211; kompakti\u0161ka vieno vamzd\u017eio atrama (113 mm) | Beijer Ref\" \/>\n<meta property=\"og:description\" content=\"Aspen PipeLounge PLmini &#8211; kompakti\u0161ka vieno vamzd\u017eio atrama (113 mm). Pirkite internetu arba pateikite u\u017eklaus\u0105.\" \/>\n<meta property=\"og:url\" content=\"https:\/\/refrigeration.lt\/en\/product\/aspen-pipelounge-plmini-8211-kompaktiska-vieno-vamzdzio-15991\/\" \/>\n<meta property=\"og:site_name\" content=\"Beijer Ref\" \/>\n<meta property=\"og:image\" content=\"https:\/\/refrigeration.lt\/wp-content\/uploads\/2026\/01\/aspen-pipelounge-plmini-8211-kompaktiska-vieno-vamzdzio-15991.jpg\" \/>\n\t<meta property=\"og:image:width\" content=\"1080\" \/>\n\t<meta property=\"og:image:height\" content=\"1080\" \/>\n\t<meta property=\"og:image:type\" content=\"image\/jpeg\" \/>\n<meta name=\"twitter:card\" content=\"summary_large_image\" \/>\n<meta name=\"twitter:label1\" content=\"Est. reading time\" \/>\n\t<meta name=\"twitter:data1\" content=\"1 minute\" \/>\n<script type=\"application\/ld+json\" class=\"yoast-schema-graph\">{\"@context\":\"https:\\\/\\\/schema.org\",\"@graph\":[{\"@type\":\"WebPage\",\"@id\":\"https:\\\/\\\/refrigeration.lt\\\/produktas\\\/aspen-pipelounge-plmini-8211-kompaktiska-vieno-vamzdzio-15991\\\/\",\"url\":\"https:\\\/\\\/refrigeration.lt\\\/produktas\\\/aspen-pipelounge-plmini-8211-kompaktiska-vieno-vamzdzio-15991\\\/\",\"name\":\"Aspen PipeLounge PLmini &#8211; kompakti\u0161ka vieno vamzd\u017eio atrama (113 mm) | Beijer Ref\",\"isPartOf\":{\"@id\":\"https:\\\/\\\/refrigeration.lt\\\/#website\"},\"primaryImageOfPage\":{\"@id\":\"https:\\\/\\\/refrigeration.lt\\\/produktas\\\/aspen-pipelounge-plmini-8211-kompaktiska-vieno-vamzdzio-15991\\\/#primaryimage\"},\"image\":{\"@id\":\"https:\\\/\\\/refrigeration.lt\\\/produktas\\\/aspen-pipelounge-plmini-8211-kompaktiska-vieno-vamzdzio-15991\\\/#primaryimage\"},\"thumbnailUrl\":\"https:\\\/\\\/refrigeration.lt\\\/wp-content\\\/uploads\\\/2026\\\/01\\\/aspen-pipelounge-plmini-8211-kompaktiska-vieno-vamzdzio-15991.jpg\",\"datePublished\":\"2026-01-11T17:03:54+00:00\",\"description\":\"Aspen PipeLounge PLmini &#8211; kompakti\u0161ka vieno vamzd\u017eio atrama (113 mm). Pirkite internetu arba pateikite u\u017eklaus\u0105.\",\"breadcrumb\":{\"@id\":\"https:\\\/\\\/refrigeration.lt\\\/produktas\\\/aspen-pipelounge-plmini-8211-kompaktiska-vieno-vamzdzio-15991\\\/#breadcrumb\"},\"inLanguage\":\"en-US\",\"potentialAction\":[{\"@type\":\"ReadAction\",\"target\":[\"https:\\\/\\\/refrigeration.lt\\\/produktas\\\/aspen-pipelounge-plmini-8211-kompaktiska-vieno-vamzdzio-15991\\\/\"]}]},{\"@type\":\"ImageObject\",\"inLanguage\":\"en-US\",\"@id\":\"https:\\\/\\\/refrigeration.lt\\\/produktas\\\/aspen-pipelounge-plmini-8211-kompaktiska-vieno-vamzdzio-15991\\\/#primaryimage\",\"url\":\"https:\\\/\\\/refrigeration.lt\\\/wp-content\\\/uploads\\\/2026\\\/01\\\/aspen-pipelounge-plmini-8211-kompaktiska-vieno-vamzdzio-15991.jpg\",\"contentUrl\":\"https:\\\/\\\/refrigeration.lt\\\/wp-content\\\/uploads\\\/2026\\\/01\\\/aspen-pipelounge-plmini-8211-kompaktiska-vieno-vamzdzio-15991.jpg\",\"width\":1080,\"height\":1080,\"caption\":\"Aspen PipeLounge PLmini &#8211; kompakti\u0161ka vieno vamzd\u017eio atrama (113 mm)\"},{\"@type\":\"BreadcrumbList\",\"@id\":\"https:\\\/\\\/refrigeration.lt\\\/produktas\\\/aspen-pipelounge-plmini-8211-kompaktiska-vieno-vamzdzio-15991\\\/#breadcrumb\",\"itemListElement\":[{\"@type\":\"ListItem\",\"position\":1,\"name\":\"Home\",\"item\":\"https:\\\/\\\/refrigeration.lt\\\/\"},{\"@type\":\"ListItem\",\"position\":2,\"name\":\"Visos prek\u0117s\",\"item\":\"https:\\\/\\\/refrigeration.lt\\\/parduotuve\\\/\"},{\"@type\":\"ListItem\",\"position\":3,\"name\":\"Aspen PipeLounge PLmini &#8211; kompakti\u0161ka vieno vamzd\u017eio atrama (113 mm)\"}]},{\"@type\":\"WebSite\",\"@id\":\"https:\\\/\\\/refrigeration.lt\\\/#website\",\"url\":\"https:\\\/\\\/refrigeration.lt\\\/\",\"name\":\"Beijer Ref\",\"description\":\"Tarptautin\u0117 didmeninink\u0173 grup\u0117, veikianti komercinio \u0161aldymo, komforto \u0161aldymo, pramoninio \u0161aldymo ir susijusiuose sektoriuose.\",\"publisher\":{\"@id\":\"https:\\\/\\\/refrigeration.lt\\\/#organization\"},\"potentialAction\":[{\"@type\":\"SearchAction\",\"target\":{\"@type\":\"EntryPoint\",\"urlTemplate\":\"https:\\\/\\\/refrigeration.lt\\\/?s={search_term_string}\"},\"query-input\":{\"@type\":\"PropertyValueSpecification\",\"valueRequired\":true,\"valueName\":\"search_term_string\"}}],\"inLanguage\":\"en-US\"},{\"@type\":\"Organization\",\"@id\":\"https:\\\/\\\/refrigeration.lt\\\/#organization\",\"name\":\"Beijer Ref\",\"url\":\"https:\\\/\\\/refrigeration.lt\\\/\",\"logo\":{\"@type\":\"ImageObject\",\"inLanguage\":\"en-US\",\"@id\":\"https:\\\/\\\/refrigeration.lt\\\/#\\\/schema\\\/logo\\\/image\\\/\",\"url\":\"https:\\\/\\\/refrigeration.lt\\\/wp-content\\\/uploads\\\/2025\\\/09\\\/Beijer-Ref-LT-logo.png\",\"contentUrl\":\"https:\\\/\\\/refrigeration.lt\\\/wp-content\\\/uploads\\\/2025\\\/09\\\/Beijer-Ref-LT-logo.png\",\"width\":161,\"height\":38,\"caption\":\"Beijer Ref\"},\"image\":{\"@id\":\"https:\\\/\\\/refrigeration.lt\\\/#\\\/schema\\\/logo\\\/image\\\/\"}}]}<\/script>\n<!-- \/ Yoast SEO plugin. -->","yoast_head_json":{"title":"Aspen PipeLounge PLmini &#8211; kompakti\u0161ka vieno vamzd\u017eio atrama (113 mm) | Beijer Ref","description":"Aspen PipeLounge PLmini &#8211; kompakti\u0161ka vieno vamzd\u017eio atrama (113 mm). Pirkite internetu arba pateikite u\u017eklaus\u0105.","robots":{"index":"index","follow":"follow","max-snippet":"max-snippet:-1","max-image-preview":"max-image-preview:large","max-video-preview":"max-video-preview:-1"},"canonical":"https:\/\/refrigeration.lt\/en\/product\/aspen-pipelounge-plmini-8211-kompaktiska-vieno-vamzdzio-15991\/","og_locale":"en_US","og_type":"article","og_title":"Aspen PipeLounge PLmini &#8211; kompakti\u0161ka vieno vamzd\u017eio atrama (113 mm) | Beijer Ref","og_description":"Aspen PipeLounge PLmini &#8211; kompakti\u0161ka vieno vamzd\u017eio atrama (113 mm). Pirkite internetu arba pateikite u\u017eklaus\u0105.","og_url":"https:\/\/refrigeration.lt\/en\/product\/aspen-pipelounge-plmini-8211-kompaktiska-vieno-vamzdzio-15991\/","og_site_name":"Beijer Ref","og_image":[{"width":1080,"height":1080,"url":"https:\/\/refrigeration.lt\/wp-content\/uploads\/2026\/01\/aspen-pipelounge-plmini-8211-kompaktiska-vieno-vamzdzio-15991.jpg","type":"image\/jpeg"}],"twitter_card":"summary_large_image","twitter_misc":{"Est. reading time":"1 minute"},"schema":{"@context":"https:\/\/schema.org","@graph":[{"@type":"WebPage","@id":"https:\/\/refrigeration.lt\/produktas\/aspen-pipelounge-plmini-8211-kompaktiska-vieno-vamzdzio-15991\/","url":"https:\/\/refrigeration.lt\/produktas\/aspen-pipelounge-plmini-8211-kompaktiska-vieno-vamzdzio-15991\/","name":"Aspen PipeLounge PLmini &#8211; kompakti\u0161ka vieno vamzd\u017eio atrama (113 mm) | Beijer Ref","isPartOf":{"@id":"https:\/\/refrigeration.lt\/#website"},"primaryImageOfPage":{"@id":"https:\/\/refrigeration.lt\/produktas\/aspen-pipelounge-plmini-8211-kompaktiska-vieno-vamzdzio-15991\/#primaryimage"},"image":{"@id":"https:\/\/refrigeration.lt\/produktas\/aspen-pipelounge-plmini-8211-kompaktiska-vieno-vamzdzio-15991\/#primaryimage"},"thumbnailUrl":"https:\/\/refrigeration.lt\/wp-content\/uploads\/2026\/01\/aspen-pipelounge-plmini-8211-kompaktiska-vieno-vamzdzio-15991.jpg","datePublished":"2026-01-11T17:03:54+00:00","description":"Aspen PipeLounge PLmini &#8211; kompakti\u0161ka vieno vamzd\u017eio atrama (113 mm). Pirkite internetu arba pateikite u\u017eklaus\u0105.","breadcrumb":{"@id":"https:\/\/refrigeration.lt\/produktas\/aspen-pipelounge-plmini-8211-kompaktiska-vieno-vamzdzio-15991\/#breadcrumb"},"inLanguage":"en-US","potentialAction":[{"@type":"ReadAction","target":["https:\/\/refrigeration.lt\/produktas\/aspen-pipelounge-plmini-8211-kompaktiska-vieno-vamzdzio-15991\/"]}]},{"@type":"ImageObject","inLanguage":"en-US","@id":"https:\/\/refrigeration.lt\/produktas\/aspen-pipelounge-plmini-8211-kompaktiska-vieno-vamzdzio-15991\/#primaryimage","url":"https:\/\/refrigeration.lt\/wp-content\/uploads\/2026\/01\/aspen-pipelounge-plmini-8211-kompaktiska-vieno-vamzdzio-15991.jpg","contentUrl":"https:\/\/refrigeration.lt\/wp-content\/uploads\/2026\/01\/aspen-pipelounge-plmini-8211-kompaktiska-vieno-vamzdzio-15991.jpg","width":1080,"height":1080,"caption":"Aspen PipeLounge PLmini &#8211; kompakti\u0161ka vieno vamzd\u017eio atrama (113 mm)"},{"@type":"BreadcrumbList","@id":"https:\/\/refrigeration.lt\/produktas\/aspen-pipelounge-plmini-8211-kompaktiska-vieno-vamzdzio-15991\/#breadcrumb","itemListElement":[{"@type":"ListItem","position":1,"name":"Home","item":"https:\/\/refrigeration.lt\/"},{"@type":"ListItem","position":2,"name":"Visos prek\u0117s","item":"https:\/\/refrigeration.lt\/parduotuve\/"},{"@type":"ListItem","position":3,"name":"Aspen PipeLounge PLmini &#8211; kompakti\u0161ka vieno vamzd\u017eio atrama (113 mm)"}]},{"@type":"WebSite","@id":"https:\/\/refrigeration.lt\/#website","url":"https:\/\/refrigeration.lt\/","name":"Beijer Ref","description":"Tarptautin\u0117 didmeninink\u0173 grup\u0117, veikianti komercinio \u0161aldymo, komforto \u0161aldymo, pramoninio \u0161aldymo ir susijusiuose sektoriuose.","publisher":{"@id":"https:\/\/refrigeration.lt\/#organization"},"potentialAction":[{"@type":"SearchAction","target":{"@type":"EntryPoint","urlTemplate":"https:\/\/refrigeration.lt\/?s={search_term_string}"},"query-input":{"@type":"PropertyValueSpecification","valueRequired":true,"valueName":"search_term_string"}}],"inLanguage":"en-US"},{"@type":"Organization","@id":"https:\/\/refrigeration.lt\/#organization","name":"Beijer Ref","url":"https:\/\/refrigeration.lt\/","logo":{"@type":"ImageObject","inLanguage":"en-US","@id":"https:\/\/refrigeration.lt\/#\/schema\/logo\/image\/","url":"https:\/\/refrigeration.lt\/wp-content\/uploads\/2025\/09\/Beijer-Ref-LT-logo.png","contentUrl":"https:\/\/refrigeration.lt\/wp-content\/uploads\/2025\/09\/Beijer-Ref-LT-logo.png","width":161,"height":38,"caption":"Beijer Ref"},"image":{"@id":"https:\/\/refrigeration.lt\/#\/schema\/logo\/image\/"}}]}},"_links":{"self":[{"href":"https:\/\/refrigeration.lt\/en\/wp-json\/wp\/v2\/product\/15991","targetHints":{"allow":["GET"]}}],"collection":[{"href":"https:\/\/refrigeration.lt\/en\/wp-json\/wp\/v2\/product"}],"about":[{"href":"https:\/\/refrigeration.lt\/en\/wp-json\/wp\/v2\/types\/product"}],"replies":[{"embeddable":true,"href":"https:\/\/refrigeration.lt\/en\/wp-json\/wp\/v2\/comments?post=15991"}],"wp:featuredmedia":[{"embeddable":true,"href":"https:\/\/refrigeration.lt\/en\/wp-json\/wp\/v2\/media\/15992"}],"wp:attachment":[{"href":"https:\/\/refrigeration.lt\/en\/wp-json\/wp\/v2\/media?parent=15991"}],"wp:term":[{"taxonomy":"product_brand","embeddable":true,"href":"https:\/\/refrigeration.lt\/en\/wp-json\/wp\/v2\/product_brand?post=15991"},{"taxonomy":"product_cat","embeddable":true,"href":"https:\/\/refrigeration.lt\/en\/wp-json\/wp\/v2\/product_cat?post=15991"},{"taxonomy":"product_tag","embeddable":true,"href":"https:\/\/refrigeration.lt\/en\/wp-json\/wp\/v2\/product_tag?post=15991"}],"curies":[{"name":"wp","href":"https:\/\/api.w.org\/{rel}","templated":true}]}}