{"id":16049,"date":"2026-01-20T16:54:46","date_gmt":"2026-01-20T16:54:46","guid":{"rendered":"https:\/\/refrigeration.webdemo.lt\/?post_type=product&p=16049"},"modified":"2026-01-20T16:54:46","modified_gmt":"2026-01-20T16:54:46","slug":"refco-eco-2-a2l-e-dvieju-pakopu-ikraunamas-akumuliatorinis-16049","status":"publish","type":"product","link":"https:\/\/refrigeration.lt\/en\/product\/refco-eco-2-a2l-e-dvieju-pakopu-ikraunamas-akumuliatorinis-16049\/","title":{"rendered":"REFCO ECO-2-A2L-e &#8211; 2-stage rechargeable battery vacuum pump without battery and charger"},"content":{"rendered":"<p>The two-stage rechargeable battery vacuum pump ECO-2-A2L-e is perfect for use in hard-to-reach areas without a power connection. An integrated solenoid valve prevents the loss of the already generated vacuum in case of accidental shutdown.<br \/>\n &#8211; Weighing only 3.2 kg and featuring compact dimensions, it is ideal for mobile use. The pump is compatible with all common refrigerants, including A2L. The vacuum pump is supplied without a battery but includes an adapter for an 18V battery from a renowned European manufacturer of high-quality battery tools.<br \/>\n The robust aluminum housing and sturdy handle ensure durability and easy handling. The high pumping capacity shortens evacuation time, while the operation remains very quiet.<br \/>\n Equipped with a 1\/4&#8243; SAE intake port, the pump is easy to use and maintain.<br \/>\n &#8211; Suitable for A2L refrigerants<br \/>\n &#8211; Integrated solenoid valve prevents vacuum loss during accidental shutdowns<br \/>\n &#8211; Performance: 57 l\/min<br \/>\n &#8211; Supplied with an adapter for using an 18V battery from a renowned European manufacturer of high-quality battery tools (battery not included)<br \/>\n &#8211; Includes vacuum pump oil<br \/>\n &#8211; Compact aluminium housing with a sturdy handle, dimensions: 225 \u00d7 105 \u00d7195 mm<br \/>\n &#8211; Lightweight at only 3.2 kg<\/p>","protected":false},"excerpt":{"rendered":"<p>2-stage rechargeable battery vacuum pump without battery and charger Capacity; 57 l\/min Connection; \u00bc&#8221; SAE Oil capacity: 160ml<\/p>","protected":false},"featured_media":16050,"comment_status":"open","ping_status":"closed","template":"","meta":{"_acf_changed":false},"product_brand":[],"product_cat":[83,69,104,73],"product_tag":[],"class_list":{"0":"post-16049","1":"product","2":"type-product","3":"status-publish","4":"has-post-thumbnail","6":"product_cat-gamintojai","7":"product_cat-irankiai","8":"product_cat-refco","9":"product_cat-vakuumo-siurbliukai","11":"first","12":"instock","13":"taxable","14":"shipping-taxable","15":"purchasable","16":"product-type-simple"},"acf":[],"yoast_head":"<!-- This site is optimized with the Yoast SEO plugin v27.4 - https:\/\/yoast.com\/product\/yoast-seo-wordpress\/ -->\n<title>REFCO ECO-2-A2L-e- Dviej\u0173 pakop\u0173 \u012fkraunamas akumuliatorinis vakuuminis siurblys be akumuliatoriaus ir \u012fkroviklio | Beijer Ref<\/title>\n<meta name=\"description\" content=\"REFCO ECO-2-A2L-e- Dviej\u0173 pakop\u0173 \u012fkraunamas akumuliatorinis vakuuminis siurblys be akumuliatoriaus ir \u012fkroviklio. Pirkite internetu arba pateikite u\u017eklaus\u0105.\" \/>\n<meta name=\"robots\" content=\"index, follow, max-snippet:-1, max-image-preview:large, max-video-preview:-1\" \/>\n<link rel=\"canonical\" href=\"https:\/\/refrigeration.lt\/en\/product\/refco-eco-2-a2l-e-dvieju-pakopu-ikraunamas-akumuliatorinis-16049\/\" \/>\n<meta property=\"og:locale\" content=\"en_US\" \/>\n<meta property=\"og:type\" content=\"article\" \/>\n<meta property=\"og:title\" content=\"REFCO ECO-2-A2L-e- Dviej\u0173 pakop\u0173 \u012fkraunamas akumuliatorinis vakuuminis siurblys be akumuliatoriaus ir \u012fkroviklio | Beijer Ref\" \/>\n<meta property=\"og:description\" content=\"REFCO ECO-2-A2L-e- Dviej\u0173 pakop\u0173 \u012fkraunamas akumuliatorinis vakuuminis siurblys be akumuliatoriaus ir \u012fkroviklio. Pirkite internetu arba pateikite u\u017eklaus\u0105.\" \/>\n<meta property=\"og:url\" content=\"https:\/\/refrigeration.lt\/en\/product\/refco-eco-2-a2l-e-dvieju-pakopu-ikraunamas-akumuliatorinis-16049\/\" \/>\n<meta property=\"og:site_name\" content=\"Beijer Ref\" \/>\n<meta property=\"og:image\" content=\"https:\/\/refrigeration.lt\/wp-content\/uploads\/2026\/01\/refco-eco-2-a2l-e-dvieju-pakopu-ikraunamas-akumuliatorinis-16049.png\" \/>\n\t<meta property=\"og:image:width\" content=\"1000\" \/>\n\t<meta property=\"og:image:height\" content=\"563\" \/>\n\t<meta property=\"og:image:type\" content=\"image\/png\" \/>\n<meta name=\"twitter:card\" content=\"summary_large_image\" \/>\n<meta name=\"twitter:label1\" content=\"Est. reading time\" \/>\n\t<meta name=\"twitter:data1\" content=\"1 minute\" \/>\n<script type=\"application\/ld+json\" class=\"yoast-schema-graph\">{\"@context\":\"https:\\\/\\\/schema.org\",\"@graph\":[{\"@type\":\"WebPage\",\"@id\":\"https:\\\/\\\/refrigeration.lt\\\/produktas\\\/refco-eco-2-a2l-e-dvieju-pakopu-ikraunamas-akumuliatorinis-16049\\\/\",\"url\":\"https:\\\/\\\/refrigeration.lt\\\/produktas\\\/refco-eco-2-a2l-e-dvieju-pakopu-ikraunamas-akumuliatorinis-16049\\\/\",\"name\":\"REFCO ECO-2-A2L-e- Dviej\u0173 pakop\u0173 \u012fkraunamas akumuliatorinis vakuuminis siurblys be akumuliatoriaus ir \u012fkroviklio | Beijer Ref\",\"isPartOf\":{\"@id\":\"https:\\\/\\\/refrigeration.lt\\\/#website\"},\"primaryImageOfPage\":{\"@id\":\"https:\\\/\\\/refrigeration.lt\\\/produktas\\\/refco-eco-2-a2l-e-dvieju-pakopu-ikraunamas-akumuliatorinis-16049\\\/#primaryimage\"},\"image\":{\"@id\":\"https:\\\/\\\/refrigeration.lt\\\/produktas\\\/refco-eco-2-a2l-e-dvieju-pakopu-ikraunamas-akumuliatorinis-16049\\\/#primaryimage\"},\"thumbnailUrl\":\"https:\\\/\\\/refrigeration.lt\\\/wp-content\\\/uploads\\\/2026\\\/01\\\/refco-eco-2-a2l-e-dvieju-pakopu-ikraunamas-akumuliatorinis-16049.png\",\"datePublished\":\"2026-01-20T16:54:46+00:00\",\"description\":\"REFCO ECO-2-A2L-e- Dviej\u0173 pakop\u0173 \u012fkraunamas akumuliatorinis vakuuminis siurblys be akumuliatoriaus ir \u012fkroviklio. Pirkite internetu arba pateikite u\u017eklaus\u0105.\",\"breadcrumb\":{\"@id\":\"https:\\\/\\\/refrigeration.lt\\\/produktas\\\/refco-eco-2-a2l-e-dvieju-pakopu-ikraunamas-akumuliatorinis-16049\\\/#breadcrumb\"},\"inLanguage\":\"en-US\",\"potentialAction\":[{\"@type\":\"ReadAction\",\"target\":[\"https:\\\/\\\/refrigeration.lt\\\/produktas\\\/refco-eco-2-a2l-e-dvieju-pakopu-ikraunamas-akumuliatorinis-16049\\\/\"]}]},{\"@type\":\"ImageObject\",\"inLanguage\":\"en-US\",\"@id\":\"https:\\\/\\\/refrigeration.lt\\\/produktas\\\/refco-eco-2-a2l-e-dvieju-pakopu-ikraunamas-akumuliatorinis-16049\\\/#primaryimage\",\"url\":\"https:\\\/\\\/refrigeration.lt\\\/wp-content\\\/uploads\\\/2026\\\/01\\\/refco-eco-2-a2l-e-dvieju-pakopu-ikraunamas-akumuliatorinis-16049.png\",\"contentUrl\":\"https:\\\/\\\/refrigeration.lt\\\/wp-content\\\/uploads\\\/2026\\\/01\\\/refco-eco-2-a2l-e-dvieju-pakopu-ikraunamas-akumuliatorinis-16049.png\",\"width\":1000,\"height\":563,\"caption\":\"REFCO ECO-2-A2L-e- Dviej\u0173 pakop\u0173 \u012fkraunamas akumuliatorinis vakuuminis siurblys be akumuliatoriaus ir \u012fkroviklio\"},{\"@type\":\"BreadcrumbList\",\"@id\":\"https:\\\/\\\/refrigeration.lt\\\/produktas\\\/refco-eco-2-a2l-e-dvieju-pakopu-ikraunamas-akumuliatorinis-16049\\\/#breadcrumb\",\"itemListElement\":[{\"@type\":\"ListItem\",\"position\":1,\"name\":\"Home\",\"item\":\"https:\\\/\\\/refrigeration.lt\\\/\"},{\"@type\":\"ListItem\",\"position\":2,\"name\":\"Visos prek\u0117s\",\"item\":\"https:\\\/\\\/refrigeration.lt\\\/parduotuve\\\/\"},{\"@type\":\"ListItem\",\"position\":3,\"name\":\"REFCO ECO-2-A2L-e- Dviej\u0173 pakop\u0173 \u012fkraunamas akumuliatorinis vakuuminis siurblys be akumuliatoriaus ir \u012fkroviklio\"}]},{\"@type\":\"WebSite\",\"@id\":\"https:\\\/\\\/refrigeration.lt\\\/#website\",\"url\":\"https:\\\/\\\/refrigeration.lt\\\/\",\"name\":\"Beijer Ref\",\"description\":\"Tarptautin\u0117 didmeninink\u0173 grup\u0117, veikianti komercinio \u0161aldymo, komforto \u0161aldymo, pramoninio \u0161aldymo ir susijusiuose sektoriuose.\",\"publisher\":{\"@id\":\"https:\\\/\\\/refrigeration.lt\\\/#organization\"},\"potentialAction\":[{\"@type\":\"SearchAction\",\"target\":{\"@type\":\"EntryPoint\",\"urlTemplate\":\"https:\\\/\\\/refrigeration.lt\\\/?s={search_term_string}\"},\"query-input\":{\"@type\":\"PropertyValueSpecification\",\"valueRequired\":true,\"valueName\":\"search_term_string\"}}],\"inLanguage\":\"en-US\"},{\"@type\":\"Organization\",\"@id\":\"https:\\\/\\\/refrigeration.lt\\\/#organization\",\"name\":\"Beijer Ref\",\"url\":\"https:\\\/\\\/refrigeration.lt\\\/\",\"logo\":{\"@type\":\"ImageObject\",\"inLanguage\":\"en-US\",\"@id\":\"https:\\\/\\\/refrigeration.lt\\\/#\\\/schema\\\/logo\\\/image\\\/\",\"url\":\"https:\\\/\\\/refrigeration.lt\\\/wp-content\\\/uploads\\\/2025\\\/09\\\/Beijer-Ref-LT-logo.png\",\"contentUrl\":\"https:\\\/\\\/refrigeration.lt\\\/wp-content\\\/uploads\\\/2025\\\/09\\\/Beijer-Ref-LT-logo.png\",\"width\":161,\"height\":38,\"caption\":\"Beijer Ref\"},\"image\":{\"@id\":\"https:\\\/\\\/refrigeration.lt\\\/#\\\/schema\\\/logo\\\/image\\\/\"}}]}<\/script>\n<!-- \/ Yoast SEO plugin. -->","yoast_head_json":{"title":"REFCO ECO-2-A2L-e- Dviej\u0173 pakop\u0173 \u012fkraunamas akumuliatorinis vakuuminis siurblys be akumuliatoriaus ir \u012fkroviklio | Beijer Ref","description":"REFCO ECO-2-A2L-e- Dviej\u0173 pakop\u0173 \u012fkraunamas akumuliatorinis vakuuminis siurblys be akumuliatoriaus ir \u012fkroviklio. Pirkite internetu arba pateikite u\u017eklaus\u0105.","robots":{"index":"index","follow":"follow","max-snippet":"max-snippet:-1","max-image-preview":"max-image-preview:large","max-video-preview":"max-video-preview:-1"},"canonical":"https:\/\/refrigeration.lt\/en\/product\/refco-eco-2-a2l-e-dvieju-pakopu-ikraunamas-akumuliatorinis-16049\/","og_locale":"en_US","og_type":"article","og_title":"REFCO ECO-2-A2L-e- Dviej\u0173 pakop\u0173 \u012fkraunamas akumuliatorinis vakuuminis siurblys be akumuliatoriaus ir \u012fkroviklio | Beijer Ref","og_description":"REFCO ECO-2-A2L-e- Dviej\u0173 pakop\u0173 \u012fkraunamas akumuliatorinis vakuuminis siurblys be akumuliatoriaus ir \u012fkroviklio. Pirkite internetu arba pateikite u\u017eklaus\u0105.","og_url":"https:\/\/refrigeration.lt\/en\/product\/refco-eco-2-a2l-e-dvieju-pakopu-ikraunamas-akumuliatorinis-16049\/","og_site_name":"Beijer Ref","og_image":[{"width":1000,"height":563,"url":"https:\/\/refrigeration.lt\/wp-content\/uploads\/2026\/01\/refco-eco-2-a2l-e-dvieju-pakopu-ikraunamas-akumuliatorinis-16049.png","type":"image\/png"}],"twitter_card":"summary_large_image","twitter_misc":{"Est. reading time":"1 minute"},"schema":{"@context":"https:\/\/schema.org","@graph":[{"@type":"WebPage","@id":"https:\/\/refrigeration.lt\/produktas\/refco-eco-2-a2l-e-dvieju-pakopu-ikraunamas-akumuliatorinis-16049\/","url":"https:\/\/refrigeration.lt\/produktas\/refco-eco-2-a2l-e-dvieju-pakopu-ikraunamas-akumuliatorinis-16049\/","name":"REFCO ECO-2-A2L-e- Dviej\u0173 pakop\u0173 \u012fkraunamas akumuliatorinis vakuuminis siurblys be akumuliatoriaus ir \u012fkroviklio | Beijer Ref","isPartOf":{"@id":"https:\/\/refrigeration.lt\/#website"},"primaryImageOfPage":{"@id":"https:\/\/refrigeration.lt\/produktas\/refco-eco-2-a2l-e-dvieju-pakopu-ikraunamas-akumuliatorinis-16049\/#primaryimage"},"image":{"@id":"https:\/\/refrigeration.lt\/produktas\/refco-eco-2-a2l-e-dvieju-pakopu-ikraunamas-akumuliatorinis-16049\/#primaryimage"},"thumbnailUrl":"https:\/\/refrigeration.lt\/wp-content\/uploads\/2026\/01\/refco-eco-2-a2l-e-dvieju-pakopu-ikraunamas-akumuliatorinis-16049.png","datePublished":"2026-01-20T16:54:46+00:00","description":"REFCO ECO-2-A2L-e- Dviej\u0173 pakop\u0173 \u012fkraunamas akumuliatorinis vakuuminis siurblys be akumuliatoriaus ir \u012fkroviklio. Pirkite internetu arba pateikite u\u017eklaus\u0105.","breadcrumb":{"@id":"https:\/\/refrigeration.lt\/produktas\/refco-eco-2-a2l-e-dvieju-pakopu-ikraunamas-akumuliatorinis-16049\/#breadcrumb"},"inLanguage":"en-US","potentialAction":[{"@type":"ReadAction","target":["https:\/\/refrigeration.lt\/produktas\/refco-eco-2-a2l-e-dvieju-pakopu-ikraunamas-akumuliatorinis-16049\/"]}]},{"@type":"ImageObject","inLanguage":"en-US","@id":"https:\/\/refrigeration.lt\/produktas\/refco-eco-2-a2l-e-dvieju-pakopu-ikraunamas-akumuliatorinis-16049\/#primaryimage","url":"https:\/\/refrigeration.lt\/wp-content\/uploads\/2026\/01\/refco-eco-2-a2l-e-dvieju-pakopu-ikraunamas-akumuliatorinis-16049.png","contentUrl":"https:\/\/refrigeration.lt\/wp-content\/uploads\/2026\/01\/refco-eco-2-a2l-e-dvieju-pakopu-ikraunamas-akumuliatorinis-16049.png","width":1000,"height":563,"caption":"REFCO ECO-2-A2L-e- Dviej\u0173 pakop\u0173 \u012fkraunamas akumuliatorinis vakuuminis siurblys be akumuliatoriaus ir \u012fkroviklio"},{"@type":"BreadcrumbList","@id":"https:\/\/refrigeration.lt\/produktas\/refco-eco-2-a2l-e-dvieju-pakopu-ikraunamas-akumuliatorinis-16049\/#breadcrumb","itemListElement":[{"@type":"ListItem","position":1,"name":"Home","item":"https:\/\/refrigeration.lt\/"},{"@type":"ListItem","position":2,"name":"Visos prek\u0117s","item":"https:\/\/refrigeration.lt\/parduotuve\/"},{"@type":"ListItem","position":3,"name":"REFCO ECO-2-A2L-e- Dviej\u0173 pakop\u0173 \u012fkraunamas akumuliatorinis vakuuminis siurblys be akumuliatoriaus ir \u012fkroviklio"}]},{"@type":"WebSite","@id":"https:\/\/refrigeration.lt\/#website","url":"https:\/\/refrigeration.lt\/","name":"Beijer Ref","description":"Tarptautin\u0117 didmeninink\u0173 grup\u0117, veikianti komercinio \u0161aldymo, komforto \u0161aldymo, pramoninio \u0161aldymo ir susijusiuose sektoriuose.","publisher":{"@id":"https:\/\/refrigeration.lt\/#organization"},"potentialAction":[{"@type":"SearchAction","target":{"@type":"EntryPoint","urlTemplate":"https:\/\/refrigeration.lt\/?s={search_term_string}"},"query-input":{"@type":"PropertyValueSpecification","valueRequired":true,"valueName":"search_term_string"}}],"inLanguage":"en-US"},{"@type":"Organization","@id":"https:\/\/refrigeration.lt\/#organization","name":"Beijer Ref","url":"https:\/\/refrigeration.lt\/","logo":{"@type":"ImageObject","inLanguage":"en-US","@id":"https:\/\/refrigeration.lt\/#\/schema\/logo\/image\/","url":"https:\/\/refrigeration.lt\/wp-content\/uploads\/2025\/09\/Beijer-Ref-LT-logo.png","contentUrl":"https:\/\/refrigeration.lt\/wp-content\/uploads\/2025\/09\/Beijer-Ref-LT-logo.png","width":161,"height":38,"caption":"Beijer Ref"},"image":{"@id":"https:\/\/refrigeration.lt\/#\/schema\/logo\/image\/"}}]}},"_links":{"self":[{"href":"https:\/\/refrigeration.lt\/en\/wp-json\/wp\/v2\/product\/16049","targetHints":{"allow":["GET"]}}],"collection":[{"href":"https:\/\/refrigeration.lt\/en\/wp-json\/wp\/v2\/product"}],"about":[{"href":"https:\/\/refrigeration.lt\/en\/wp-json\/wp\/v2\/types\/product"}],"replies":[{"embeddable":true,"href":"https:\/\/refrigeration.lt\/en\/wp-json\/wp\/v2\/comments?post=16049"}],"wp:featuredmedia":[{"embeddable":true,"href":"https:\/\/refrigeration.lt\/en\/wp-json\/wp\/v2\/media\/16050"}],"wp:attachment":[{"href":"https:\/\/refrigeration.lt\/en\/wp-json\/wp\/v2\/media?parent=16049"}],"wp:term":[{"taxonomy":"product_brand","embeddable":true,"href":"https:\/\/refrigeration.lt\/en\/wp-json\/wp\/v2\/product_brand?post=16049"},{"taxonomy":"product_cat","embeddable":true,"href":"https:\/\/refrigeration.lt\/en\/wp-json\/wp\/v2\/product_cat?post=16049"},{"taxonomy":"product_tag","embeddable":true,"href":"https:\/\/refrigeration.lt\/en\/wp-json\/wp\/v2\/product_tag?post=16049"}],"curies":[{"name":"wp","href":"https:\/\/api.w.org\/{rel}","templated":true}]}}