{"id":16087,"date":"2026-01-20T16:55:41","date_gmt":"2026-01-20T16:55:41","guid":{"rendered":"https:\/\/refrigeration.webdemo.lt\/?post_type=product&#038;p=16087"},"modified":"2026-01-20T19:00:17","modified_gmt":"2026-01-20T17:00:17","slug":"refco-vamp-x-8211-drenazo-siurbliukas-16087","status":"publish","type":"product","link":"https:\/\/refrigeration.lt\/en\/product\/refco-vamp-x-8211-drenazo-siurbliukas-16087\/","title":{"rendered":"REFCO VAMP-X &#8211; Condensate pump"},"content":{"rendered":"<p>Quick and easy to install, highly versatile, exceptionally quiet, and the smallest of its kind on the market &#8211; this is the new condensate pump from the VAMP series. It combines innovative technology with practical benefits. Proven and interference-resistant optical sensor technology is paired with the reliable and silent operation of a diaphragm pump. In the development process, we focused on using as few components as possible to make installation and handling easy and fast for the user. In the VAMP-X, the sensor is located in an external reservoir, giving the user maximum flexibility. The adapter plug enables seamless integration into existing installations, making it an ideal replacement for other condensate pumps.<br \/>\n Suitable for refrigerants of class A2L, A2, and A3 (ATEX-certified device II 3G EX EC ic NC h IIA T4 Gc).<br \/>\n Quiet operation: Thanks to advanced diaphragm pump technology and effective vibration dampening, the pump operates at less than 18 dB(A).<br \/>\n Tool-Free Installation: The posable hose serves as a reservoir replacement (with filter and adapter) for direct connection to the condensate tray.<br \/>\n Versatile applications: Suitable for wall-mounted units, ceiling units, and floor units.<br \/>\n Pump Capacity: Handles up to 22 liters per hour.<br \/>\n Discharge height: Capable of up to 15 meters.<br \/>\n Integrated switching power supply: Operates universally with input voltages ranging from 100-240 VAC.<br \/>\n Optical level sensing technology: Reliable operation ensured by proven optical sensor.<br \/>\n Easy retrofitting: Adapter plug for existing installations.<br \/>\n Spare parts and accessories available.<br \/>\n Sustainable: Housing made from plant-based material.<br \/>\n Manufactured in Switzerland.<br \/>\n Manufactured in Switzerland.<\/p>","protected":false},"excerpt":{"rendered":"<p>Condensate pump with external optical sensor for flexible installations, even in confined spaces.<\/p>","protected":false},"featured_media":16088,"comment_status":"open","ping_status":"closed","template":"","meta":{"_acf_changed":false},"product_brand":[],"product_cat":[46,83,58,36,104,183],"product_tag":[],"class_list":{"0":"post-16087","1":"product","2":"type-product","3":"status-publish","4":"has-post-thumbnail","6":"product_cat-drenazo-siurbliukai","7":"product_cat-gamintojai","8":"product_cat-kondicionavimas","9":"product_cat-montavimo-priedai","10":"product_cat-refco","11":"product_cat-top","13":"first","14":"instock","15":"taxable","16":"shipping-taxable","17":"purchasable","18":"product-type-simple"},"acf":[],"yoast_head":"<!-- This site is optimized with the Yoast SEO plugin v27.4 - https:\/\/yoast.com\/product\/yoast-seo-wordpress\/ -->\n<title>REFCO VAMP-X &#8211; drena\u017eo siurbliukas | Beijer Ref<\/title>\n<meta name=\"description\" content=\"REFCO VAMP-X &#8211; drena\u017eo siurbliukas. Pirkite internetu arba pateikite u\u017eklaus\u0105.\" \/>\n<meta name=\"robots\" content=\"index, follow, max-snippet:-1, max-image-preview:large, max-video-preview:-1\" \/>\n<link rel=\"canonical\" href=\"https:\/\/refrigeration.lt\/en\/product\/refco-vamp-x-8211-drenazo-siurbliukas-16087\/\" \/>\n<meta property=\"og:locale\" content=\"en_US\" \/>\n<meta property=\"og:type\" content=\"article\" \/>\n<meta property=\"og:title\" content=\"REFCO VAMP-X &#8211; drena\u017eo siurbliukas | Beijer Ref\" \/>\n<meta property=\"og:description\" content=\"REFCO VAMP-X &#8211; drena\u017eo siurbliukas. Pirkite internetu arba pateikite u\u017eklaus\u0105.\" \/>\n<meta property=\"og:url\" content=\"https:\/\/refrigeration.lt\/en\/product\/refco-vamp-x-8211-drenazo-siurbliukas-16087\/\" \/>\n<meta property=\"og:site_name\" content=\"Beijer Ref\" \/>\n<meta property=\"article:modified_time\" content=\"2026-01-20T17:00:17+00:00\" \/>\n<meta property=\"og:image\" content=\"https:\/\/refrigeration.lt\/wp-content\/uploads\/2026\/01\/refco-vamp-x-8211-drenazo-siurbliukas-16087.png\" \/>\n\t<meta property=\"og:image:width\" content=\"1000\" \/>\n\t<meta property=\"og:image:height\" content=\"563\" \/>\n\t<meta property=\"og:image:type\" content=\"image\/png\" \/>\n<meta name=\"twitter:card\" content=\"summary_large_image\" \/>\n<meta name=\"twitter:label1\" content=\"Est. reading time\" \/>\n\t<meta name=\"twitter:data1\" content=\"1 minute\" \/>\n<script type=\"application\/ld+json\" class=\"yoast-schema-graph\">{\"@context\":\"https:\\\/\\\/schema.org\",\"@graph\":[{\"@type\":\"WebPage\",\"@id\":\"https:\\\/\\\/refrigeration.lt\\\/produktas\\\/refco-vamp-x-8211-drenazo-siurbliukas-16087\\\/\",\"url\":\"https:\\\/\\\/refrigeration.lt\\\/produktas\\\/refco-vamp-x-8211-drenazo-siurbliukas-16087\\\/\",\"name\":\"REFCO VAMP-X &#8211; drena\u017eo siurbliukas | Beijer Ref\",\"isPartOf\":{\"@id\":\"https:\\\/\\\/refrigeration.lt\\\/#website\"},\"primaryImageOfPage\":{\"@id\":\"https:\\\/\\\/refrigeration.lt\\\/produktas\\\/refco-vamp-x-8211-drenazo-siurbliukas-16087\\\/#primaryimage\"},\"image\":{\"@id\":\"https:\\\/\\\/refrigeration.lt\\\/produktas\\\/refco-vamp-x-8211-drenazo-siurbliukas-16087\\\/#primaryimage\"},\"thumbnailUrl\":\"https:\\\/\\\/refrigeration.lt\\\/wp-content\\\/uploads\\\/2026\\\/01\\\/refco-vamp-x-8211-drenazo-siurbliukas-16087.png\",\"datePublished\":\"2026-01-20T16:55:41+00:00\",\"dateModified\":\"2026-01-20T17:00:17+00:00\",\"description\":\"REFCO VAMP-X &#8211; drena\u017eo siurbliukas. Pirkite internetu arba pateikite u\u017eklaus\u0105.\",\"breadcrumb\":{\"@id\":\"https:\\\/\\\/refrigeration.lt\\\/produktas\\\/refco-vamp-x-8211-drenazo-siurbliukas-16087\\\/#breadcrumb\"},\"inLanguage\":\"en-US\",\"potentialAction\":[{\"@type\":\"ReadAction\",\"target\":[\"https:\\\/\\\/refrigeration.lt\\\/produktas\\\/refco-vamp-x-8211-drenazo-siurbliukas-16087\\\/\"]}]},{\"@type\":\"ImageObject\",\"inLanguage\":\"en-US\",\"@id\":\"https:\\\/\\\/refrigeration.lt\\\/produktas\\\/refco-vamp-x-8211-drenazo-siurbliukas-16087\\\/#primaryimage\",\"url\":\"https:\\\/\\\/refrigeration.lt\\\/wp-content\\\/uploads\\\/2026\\\/01\\\/refco-vamp-x-8211-drenazo-siurbliukas-16087.png\",\"contentUrl\":\"https:\\\/\\\/refrigeration.lt\\\/wp-content\\\/uploads\\\/2026\\\/01\\\/refco-vamp-x-8211-drenazo-siurbliukas-16087.png\",\"width\":1000,\"height\":563,\"caption\":\"REFCO VAMP-X &#8211; drena\u017eo siurbliukas\"},{\"@type\":\"BreadcrumbList\",\"@id\":\"https:\\\/\\\/refrigeration.lt\\\/produktas\\\/refco-vamp-x-8211-drenazo-siurbliukas-16087\\\/#breadcrumb\",\"itemListElement\":[{\"@type\":\"ListItem\",\"position\":1,\"name\":\"Home\",\"item\":\"https:\\\/\\\/refrigeration.lt\\\/\"},{\"@type\":\"ListItem\",\"position\":2,\"name\":\"Visos prek\u0117s\",\"item\":\"https:\\\/\\\/refrigeration.lt\\\/parduotuve\\\/\"},{\"@type\":\"ListItem\",\"position\":3,\"name\":\"REFCO VAMP-X &#8211; drena\u017eo siurbliukas\"}]},{\"@type\":\"WebSite\",\"@id\":\"https:\\\/\\\/refrigeration.lt\\\/#website\",\"url\":\"https:\\\/\\\/refrigeration.lt\\\/\",\"name\":\"Beijer Ref\",\"description\":\"Tarptautin\u0117 didmeninink\u0173 grup\u0117, veikianti komercinio \u0161aldymo, komforto \u0161aldymo, pramoninio \u0161aldymo ir susijusiuose sektoriuose.\",\"publisher\":{\"@id\":\"https:\\\/\\\/refrigeration.lt\\\/#organization\"},\"potentialAction\":[{\"@type\":\"SearchAction\",\"target\":{\"@type\":\"EntryPoint\",\"urlTemplate\":\"https:\\\/\\\/refrigeration.lt\\\/?s={search_term_string}\"},\"query-input\":{\"@type\":\"PropertyValueSpecification\",\"valueRequired\":true,\"valueName\":\"search_term_string\"}}],\"inLanguage\":\"en-US\"},{\"@type\":\"Organization\",\"@id\":\"https:\\\/\\\/refrigeration.lt\\\/#organization\",\"name\":\"Beijer Ref\",\"url\":\"https:\\\/\\\/refrigeration.lt\\\/\",\"logo\":{\"@type\":\"ImageObject\",\"inLanguage\":\"en-US\",\"@id\":\"https:\\\/\\\/refrigeration.lt\\\/#\\\/schema\\\/logo\\\/image\\\/\",\"url\":\"https:\\\/\\\/refrigeration.lt\\\/wp-content\\\/uploads\\\/2025\\\/09\\\/Beijer-Ref-LT-logo.png\",\"contentUrl\":\"https:\\\/\\\/refrigeration.lt\\\/wp-content\\\/uploads\\\/2025\\\/09\\\/Beijer-Ref-LT-logo.png\",\"width\":161,\"height\":38,\"caption\":\"Beijer Ref\"},\"image\":{\"@id\":\"https:\\\/\\\/refrigeration.lt\\\/#\\\/schema\\\/logo\\\/image\\\/\"}}]}<\/script>\n<!-- \/ Yoast SEO plugin. -->","yoast_head_json":{"title":"REFCO VAMP-X &#8211; drena\u017eo siurbliukas | Beijer Ref","description":"REFCO VAMP-X &#8211; drena\u017eo siurbliukas. Pirkite internetu arba pateikite u\u017eklaus\u0105.","robots":{"index":"index","follow":"follow","max-snippet":"max-snippet:-1","max-image-preview":"max-image-preview:large","max-video-preview":"max-video-preview:-1"},"canonical":"https:\/\/refrigeration.lt\/en\/product\/refco-vamp-x-8211-drenazo-siurbliukas-16087\/","og_locale":"en_US","og_type":"article","og_title":"REFCO VAMP-X &#8211; drena\u017eo siurbliukas | Beijer Ref","og_description":"REFCO VAMP-X &#8211; drena\u017eo siurbliukas. Pirkite internetu arba pateikite u\u017eklaus\u0105.","og_url":"https:\/\/refrigeration.lt\/en\/product\/refco-vamp-x-8211-drenazo-siurbliukas-16087\/","og_site_name":"Beijer Ref","article_modified_time":"2026-01-20T17:00:17+00:00","og_image":[{"width":1000,"height":563,"url":"https:\/\/refrigeration.lt\/wp-content\/uploads\/2026\/01\/refco-vamp-x-8211-drenazo-siurbliukas-16087.png","type":"image\/png"}],"twitter_card":"summary_large_image","twitter_misc":{"Est. reading time":"1 minute"},"schema":{"@context":"https:\/\/schema.org","@graph":[{"@type":"WebPage","@id":"https:\/\/refrigeration.lt\/produktas\/refco-vamp-x-8211-drenazo-siurbliukas-16087\/","url":"https:\/\/refrigeration.lt\/produktas\/refco-vamp-x-8211-drenazo-siurbliukas-16087\/","name":"REFCO VAMP-X &#8211; drena\u017eo siurbliukas | Beijer Ref","isPartOf":{"@id":"https:\/\/refrigeration.lt\/#website"},"primaryImageOfPage":{"@id":"https:\/\/refrigeration.lt\/produktas\/refco-vamp-x-8211-drenazo-siurbliukas-16087\/#primaryimage"},"image":{"@id":"https:\/\/refrigeration.lt\/produktas\/refco-vamp-x-8211-drenazo-siurbliukas-16087\/#primaryimage"},"thumbnailUrl":"https:\/\/refrigeration.lt\/wp-content\/uploads\/2026\/01\/refco-vamp-x-8211-drenazo-siurbliukas-16087.png","datePublished":"2026-01-20T16:55:41+00:00","dateModified":"2026-01-20T17:00:17+00:00","description":"REFCO VAMP-X &#8211; drena\u017eo siurbliukas. Pirkite internetu arba pateikite u\u017eklaus\u0105.","breadcrumb":{"@id":"https:\/\/refrigeration.lt\/produktas\/refco-vamp-x-8211-drenazo-siurbliukas-16087\/#breadcrumb"},"inLanguage":"en-US","potentialAction":[{"@type":"ReadAction","target":["https:\/\/refrigeration.lt\/produktas\/refco-vamp-x-8211-drenazo-siurbliukas-16087\/"]}]},{"@type":"ImageObject","inLanguage":"en-US","@id":"https:\/\/refrigeration.lt\/produktas\/refco-vamp-x-8211-drenazo-siurbliukas-16087\/#primaryimage","url":"https:\/\/refrigeration.lt\/wp-content\/uploads\/2026\/01\/refco-vamp-x-8211-drenazo-siurbliukas-16087.png","contentUrl":"https:\/\/refrigeration.lt\/wp-content\/uploads\/2026\/01\/refco-vamp-x-8211-drenazo-siurbliukas-16087.png","width":1000,"height":563,"caption":"REFCO VAMP-X &#8211; drena\u017eo siurbliukas"},{"@type":"BreadcrumbList","@id":"https:\/\/refrigeration.lt\/produktas\/refco-vamp-x-8211-drenazo-siurbliukas-16087\/#breadcrumb","itemListElement":[{"@type":"ListItem","position":1,"name":"Home","item":"https:\/\/refrigeration.lt\/"},{"@type":"ListItem","position":2,"name":"Visos prek\u0117s","item":"https:\/\/refrigeration.lt\/parduotuve\/"},{"@type":"ListItem","position":3,"name":"REFCO VAMP-X &#8211; drena\u017eo siurbliukas"}]},{"@type":"WebSite","@id":"https:\/\/refrigeration.lt\/#website","url":"https:\/\/refrigeration.lt\/","name":"Beijer Ref","description":"Tarptautin\u0117 didmeninink\u0173 grup\u0117, veikianti komercinio \u0161aldymo, komforto \u0161aldymo, pramoninio \u0161aldymo ir susijusiuose sektoriuose.","publisher":{"@id":"https:\/\/refrigeration.lt\/#organization"},"potentialAction":[{"@type":"SearchAction","target":{"@type":"EntryPoint","urlTemplate":"https:\/\/refrigeration.lt\/?s={search_term_string}"},"query-input":{"@type":"PropertyValueSpecification","valueRequired":true,"valueName":"search_term_string"}}],"inLanguage":"en-US"},{"@type":"Organization","@id":"https:\/\/refrigeration.lt\/#organization","name":"Beijer Ref","url":"https:\/\/refrigeration.lt\/","logo":{"@type":"ImageObject","inLanguage":"en-US","@id":"https:\/\/refrigeration.lt\/#\/schema\/logo\/image\/","url":"https:\/\/refrigeration.lt\/wp-content\/uploads\/2025\/09\/Beijer-Ref-LT-logo.png","contentUrl":"https:\/\/refrigeration.lt\/wp-content\/uploads\/2025\/09\/Beijer-Ref-LT-logo.png","width":161,"height":38,"caption":"Beijer Ref"},"image":{"@id":"https:\/\/refrigeration.lt\/#\/schema\/logo\/image\/"}}]}},"_links":{"self":[{"href":"https:\/\/refrigeration.lt\/en\/wp-json\/wp\/v2\/product\/16087","targetHints":{"allow":["GET"]}}],"collection":[{"href":"https:\/\/refrigeration.lt\/en\/wp-json\/wp\/v2\/product"}],"about":[{"href":"https:\/\/refrigeration.lt\/en\/wp-json\/wp\/v2\/types\/product"}],"replies":[{"embeddable":true,"href":"https:\/\/refrigeration.lt\/en\/wp-json\/wp\/v2\/comments?post=16087"}],"wp:featuredmedia":[{"embeddable":true,"href":"https:\/\/refrigeration.lt\/en\/wp-json\/wp\/v2\/media\/16088"}],"wp:attachment":[{"href":"https:\/\/refrigeration.lt\/en\/wp-json\/wp\/v2\/media?parent=16087"}],"wp:term":[{"taxonomy":"product_brand","embeddable":true,"href":"https:\/\/refrigeration.lt\/en\/wp-json\/wp\/v2\/product_brand?post=16087"},{"taxonomy":"product_cat","embeddable":true,"href":"https:\/\/refrigeration.lt\/en\/wp-json\/wp\/v2\/product_cat?post=16087"},{"taxonomy":"product_tag","embeddable":true,"href":"https:\/\/refrigeration.lt\/en\/wp-json\/wp\/v2\/product_tag?post=16087"}],"curies":[{"name":"wp","href":"https:\/\/api.w.org\/{rel}","templated":true}]}}