{"id":16089,"date":"2026-01-20T16:55:43","date_gmt":"2026-01-20T16:55:43","guid":{"rendered":"https:\/\/refrigeration.webdemo.lt\/?post_type=product&#038;p=16089"},"modified":"2026-01-20T18:59:49","modified_gmt":"2026-01-20T16:59:49","slug":"refco-vamp-c-8211-drenazo-siurbliukas-16089","status":"publish","type":"product","link":"https:\/\/refrigeration.lt\/en\/product\/refco-vamp-c-8211-drenazo-siurbliukas-16089\/","title":{"rendered":"REFCO VAMP-C &#8211; Condensate pump"},"content":{"rendered":"<p>The flexible replacement corner condensate pump Plug in, connect, done. The VAMP-C is the compact solution for replacing corner condensate pumps. Its interface shell fits directly into the corner duct of existing setups and can be trimmed if needed &#8211; for seamless integration. It is made of vibration-damping, non-flammable material. A side cutout provides visibility of the water level sensor once the corner front cover is removed. Simple connection &#8211; no rewiring required: An optional adapter penables fast electrical integration &#8211; the existing cable can continue to be used. The existing corner duct and all plastic components can remain in place. Only the pump is replaced and connected to the condensate tray using the included corner hose. Quiet, precise, powerful: With a noise level below 18 dB(A), the VAMP-C operates whisper-quietly &#8211; ideal for use in noise-sensitive environments. The optical sensor ensures precise level measurement &#8211; for reliable, low-maintenance operation.<br \/>\n Suitable for refrigerants of class A2L, A2, and A3 (ATEX-certified device II 3G EX EC ic NC h IIA T4 Gc).<br \/>\n Interface shell: Made from non-flammable, vibration-damping material; can be trimmed as needed &#8211; adapts to any installation scenario.<br \/>\n Optional adapter: For electrical connection without rewiring &#8211; existing connections can be reused.<br \/>\n Compatible with multiple duct systems Tool-free installation.<br \/>\n Expandable corner hose: Also serves as a water reservoir (with filter and adapter).<br \/>\n Whisper-quiet operation: Advanced diaphragm pump technology and effective vibration damping &#8211; with a sound level below 18 dB(A).<br \/>\n Itin tylus veikimas: pa\u017eangi diafragminio siurblio technologija ir efektyvus vibracij\u0173 slopinimas (<18 dB(A)). \n Siurblio na\u0161umas: iki 22 l\/val. \n Pak\u0117limo auk\u0161tis: iki 15 m. \n Optin\u0117 lygio nustatymo technologija: patikimas darbas d\u0117l patikrinto optinio jutiklio. \n Integruotas impulsinis maitinimo \u0161altinis: universalus veikimas, 100-240 VAC. \n Tvarus sprendimas: korpusas i\u0161 augalin\u0117s kilm\u0117s med\u017eiagos. \n Pagaminta \u0160veicarijoje.\n<\/p>","protected":false},"excerpt":{"rendered":"<p>Replacement corner condensate pump with integrated reservoir and optical level sensor for installation in duct corners.<\/p>","protected":false},"featured_media":16090,"comment_status":"open","ping_status":"closed","template":"","meta":{"_acf_changed":false},"product_brand":[],"product_cat":[46,83,58,36,104,183],"product_tag":[],"class_list":{"0":"post-16089","1":"product","2":"type-product","3":"status-publish","4":"has-post-thumbnail","6":"product_cat-drenazo-siurbliukai","7":"product_cat-gamintojai","8":"product_cat-kondicionavimas","9":"product_cat-montavimo-priedai","10":"product_cat-refco","11":"product_cat-top","13":"first","14":"instock","15":"taxable","16":"shipping-taxable","17":"purchasable","18":"product-type-simple"},"acf":[],"yoast_head":"<!-- This site is optimized with the Yoast SEO plugin v27.4 - https:\/\/yoast.com\/product\/yoast-seo-wordpress\/ -->\n<title>REFCO VAMP-C &#8211; drena\u017eo siurbliukas | Beijer Ref<\/title>\n<meta name=\"description\" content=\"REFCO VAMP-C &#8211; drena\u017eo siurbliukas. Pirkite internetu arba pateikite u\u017eklaus\u0105.\" \/>\n<meta name=\"robots\" content=\"index, follow, max-snippet:-1, max-image-preview:large, max-video-preview:-1\" \/>\n<link rel=\"canonical\" href=\"https:\/\/refrigeration.lt\/en\/product\/refco-vamp-c-8211-drenazo-siurbliukas-16089\/\" \/>\n<meta property=\"og:locale\" content=\"en_US\" \/>\n<meta property=\"og:type\" content=\"article\" \/>\n<meta property=\"og:title\" content=\"REFCO VAMP-C &#8211; drena\u017eo siurbliukas | Beijer Ref\" \/>\n<meta property=\"og:description\" content=\"REFCO VAMP-C &#8211; drena\u017eo siurbliukas. Pirkite internetu arba pateikite u\u017eklaus\u0105.\" \/>\n<meta property=\"og:url\" content=\"https:\/\/refrigeration.lt\/en\/product\/refco-vamp-c-8211-drenazo-siurbliukas-16089\/\" \/>\n<meta property=\"og:site_name\" content=\"Beijer Ref\" \/>\n<meta property=\"article:modified_time\" content=\"2026-01-20T16:59:49+00:00\" \/>\n<meta property=\"og:image\" content=\"https:\/\/refrigeration.lt\/wp-content\/uploads\/2026\/01\/refco-vamp-c-8211-drenazo-siurbliukas-16089.png\" \/>\n\t<meta property=\"og:image:width\" content=\"1000\" \/>\n\t<meta property=\"og:image:height\" content=\"563\" \/>\n\t<meta property=\"og:image:type\" content=\"image\/png\" \/>\n<meta name=\"twitter:card\" content=\"summary_large_image\" \/>\n<meta name=\"twitter:label1\" content=\"Est. reading time\" \/>\n\t<meta name=\"twitter:data1\" content=\"1 minute\" \/>\n<script type=\"application\/ld+json\" class=\"yoast-schema-graph\">{\"@context\":\"https:\\\/\\\/schema.org\",\"@graph\":[{\"@type\":\"WebPage\",\"@id\":\"https:\\\/\\\/refrigeration.lt\\\/produktas\\\/refco-vamp-c-8211-drenazo-siurbliukas-16089\\\/\",\"url\":\"https:\\\/\\\/refrigeration.lt\\\/produktas\\\/refco-vamp-c-8211-drenazo-siurbliukas-16089\\\/\",\"name\":\"REFCO VAMP-C &#8211; drena\u017eo siurbliukas | Beijer Ref\",\"isPartOf\":{\"@id\":\"https:\\\/\\\/refrigeration.lt\\\/#website\"},\"primaryImageOfPage\":{\"@id\":\"https:\\\/\\\/refrigeration.lt\\\/produktas\\\/refco-vamp-c-8211-drenazo-siurbliukas-16089\\\/#primaryimage\"},\"image\":{\"@id\":\"https:\\\/\\\/refrigeration.lt\\\/produktas\\\/refco-vamp-c-8211-drenazo-siurbliukas-16089\\\/#primaryimage\"},\"thumbnailUrl\":\"https:\\\/\\\/refrigeration.lt\\\/wp-content\\\/uploads\\\/2026\\\/01\\\/refco-vamp-c-8211-drenazo-siurbliukas-16089.png\",\"datePublished\":\"2026-01-20T16:55:43+00:00\",\"dateModified\":\"2026-01-20T16:59:49+00:00\",\"description\":\"REFCO VAMP-C &#8211; drena\u017eo siurbliukas. Pirkite internetu arba pateikite u\u017eklaus\u0105.\",\"breadcrumb\":{\"@id\":\"https:\\\/\\\/refrigeration.lt\\\/produktas\\\/refco-vamp-c-8211-drenazo-siurbliukas-16089\\\/#breadcrumb\"},\"inLanguage\":\"en-US\",\"potentialAction\":[{\"@type\":\"ReadAction\",\"target\":[\"https:\\\/\\\/refrigeration.lt\\\/produktas\\\/refco-vamp-c-8211-drenazo-siurbliukas-16089\\\/\"]}]},{\"@type\":\"ImageObject\",\"inLanguage\":\"en-US\",\"@id\":\"https:\\\/\\\/refrigeration.lt\\\/produktas\\\/refco-vamp-c-8211-drenazo-siurbliukas-16089\\\/#primaryimage\",\"url\":\"https:\\\/\\\/refrigeration.lt\\\/wp-content\\\/uploads\\\/2026\\\/01\\\/refco-vamp-c-8211-drenazo-siurbliukas-16089.png\",\"contentUrl\":\"https:\\\/\\\/refrigeration.lt\\\/wp-content\\\/uploads\\\/2026\\\/01\\\/refco-vamp-c-8211-drenazo-siurbliukas-16089.png\",\"width\":1000,\"height\":563,\"caption\":\"REFCO VAMP-C &#8211; drena\u017eo siurbliukas\"},{\"@type\":\"BreadcrumbList\",\"@id\":\"https:\\\/\\\/refrigeration.lt\\\/produktas\\\/refco-vamp-c-8211-drenazo-siurbliukas-16089\\\/#breadcrumb\",\"itemListElement\":[{\"@type\":\"ListItem\",\"position\":1,\"name\":\"Home\",\"item\":\"https:\\\/\\\/refrigeration.lt\\\/\"},{\"@type\":\"ListItem\",\"position\":2,\"name\":\"Visos prek\u0117s\",\"item\":\"https:\\\/\\\/refrigeration.lt\\\/parduotuve\\\/\"},{\"@type\":\"ListItem\",\"position\":3,\"name\":\"REFCO VAMP-C &#8211; drena\u017eo siurbliukas\"}]},{\"@type\":\"WebSite\",\"@id\":\"https:\\\/\\\/refrigeration.lt\\\/#website\",\"url\":\"https:\\\/\\\/refrigeration.lt\\\/\",\"name\":\"Beijer Ref\",\"description\":\"Tarptautin\u0117 didmeninink\u0173 grup\u0117, veikianti komercinio \u0161aldymo, komforto \u0161aldymo, pramoninio \u0161aldymo ir susijusiuose sektoriuose.\",\"publisher\":{\"@id\":\"https:\\\/\\\/refrigeration.lt\\\/#organization\"},\"potentialAction\":[{\"@type\":\"SearchAction\",\"target\":{\"@type\":\"EntryPoint\",\"urlTemplate\":\"https:\\\/\\\/refrigeration.lt\\\/?s={search_term_string}\"},\"query-input\":{\"@type\":\"PropertyValueSpecification\",\"valueRequired\":true,\"valueName\":\"search_term_string\"}}],\"inLanguage\":\"en-US\"},{\"@type\":\"Organization\",\"@id\":\"https:\\\/\\\/refrigeration.lt\\\/#organization\",\"name\":\"Beijer Ref\",\"url\":\"https:\\\/\\\/refrigeration.lt\\\/\",\"logo\":{\"@type\":\"ImageObject\",\"inLanguage\":\"en-US\",\"@id\":\"https:\\\/\\\/refrigeration.lt\\\/#\\\/schema\\\/logo\\\/image\\\/\",\"url\":\"https:\\\/\\\/refrigeration.lt\\\/wp-content\\\/uploads\\\/2025\\\/09\\\/Beijer-Ref-LT-logo.png\",\"contentUrl\":\"https:\\\/\\\/refrigeration.lt\\\/wp-content\\\/uploads\\\/2025\\\/09\\\/Beijer-Ref-LT-logo.png\",\"width\":161,\"height\":38,\"caption\":\"Beijer Ref\"},\"image\":{\"@id\":\"https:\\\/\\\/refrigeration.lt\\\/#\\\/schema\\\/logo\\\/image\\\/\"}}]}<\/script>\n<!-- \/ Yoast SEO plugin. -->","yoast_head_json":{"title":"REFCO VAMP-C &#8211; drena\u017eo siurbliukas | Beijer Ref","description":"REFCO VAMP-C &#8211; drena\u017eo siurbliukas. Pirkite internetu arba pateikite u\u017eklaus\u0105.","robots":{"index":"index","follow":"follow","max-snippet":"max-snippet:-1","max-image-preview":"max-image-preview:large","max-video-preview":"max-video-preview:-1"},"canonical":"https:\/\/refrigeration.lt\/en\/product\/refco-vamp-c-8211-drenazo-siurbliukas-16089\/","og_locale":"en_US","og_type":"article","og_title":"REFCO VAMP-C &#8211; drena\u017eo siurbliukas | Beijer Ref","og_description":"REFCO VAMP-C &#8211; drena\u017eo siurbliukas. Pirkite internetu arba pateikite u\u017eklaus\u0105.","og_url":"https:\/\/refrigeration.lt\/en\/product\/refco-vamp-c-8211-drenazo-siurbliukas-16089\/","og_site_name":"Beijer Ref","article_modified_time":"2026-01-20T16:59:49+00:00","og_image":[{"width":1000,"height":563,"url":"https:\/\/refrigeration.lt\/wp-content\/uploads\/2026\/01\/refco-vamp-c-8211-drenazo-siurbliukas-16089.png","type":"image\/png"}],"twitter_card":"summary_large_image","twitter_misc":{"Est. reading time":"1 minute"},"schema":{"@context":"https:\/\/schema.org","@graph":[{"@type":"WebPage","@id":"https:\/\/refrigeration.lt\/produktas\/refco-vamp-c-8211-drenazo-siurbliukas-16089\/","url":"https:\/\/refrigeration.lt\/produktas\/refco-vamp-c-8211-drenazo-siurbliukas-16089\/","name":"REFCO VAMP-C &#8211; drena\u017eo siurbliukas | Beijer Ref","isPartOf":{"@id":"https:\/\/refrigeration.lt\/#website"},"primaryImageOfPage":{"@id":"https:\/\/refrigeration.lt\/produktas\/refco-vamp-c-8211-drenazo-siurbliukas-16089\/#primaryimage"},"image":{"@id":"https:\/\/refrigeration.lt\/produktas\/refco-vamp-c-8211-drenazo-siurbliukas-16089\/#primaryimage"},"thumbnailUrl":"https:\/\/refrigeration.lt\/wp-content\/uploads\/2026\/01\/refco-vamp-c-8211-drenazo-siurbliukas-16089.png","datePublished":"2026-01-20T16:55:43+00:00","dateModified":"2026-01-20T16:59:49+00:00","description":"REFCO VAMP-C &#8211; drena\u017eo siurbliukas. Pirkite internetu arba pateikite u\u017eklaus\u0105.","breadcrumb":{"@id":"https:\/\/refrigeration.lt\/produktas\/refco-vamp-c-8211-drenazo-siurbliukas-16089\/#breadcrumb"},"inLanguage":"en-US","potentialAction":[{"@type":"ReadAction","target":["https:\/\/refrigeration.lt\/produktas\/refco-vamp-c-8211-drenazo-siurbliukas-16089\/"]}]},{"@type":"ImageObject","inLanguage":"en-US","@id":"https:\/\/refrigeration.lt\/produktas\/refco-vamp-c-8211-drenazo-siurbliukas-16089\/#primaryimage","url":"https:\/\/refrigeration.lt\/wp-content\/uploads\/2026\/01\/refco-vamp-c-8211-drenazo-siurbliukas-16089.png","contentUrl":"https:\/\/refrigeration.lt\/wp-content\/uploads\/2026\/01\/refco-vamp-c-8211-drenazo-siurbliukas-16089.png","width":1000,"height":563,"caption":"REFCO VAMP-C &#8211; drena\u017eo siurbliukas"},{"@type":"BreadcrumbList","@id":"https:\/\/refrigeration.lt\/produktas\/refco-vamp-c-8211-drenazo-siurbliukas-16089\/#breadcrumb","itemListElement":[{"@type":"ListItem","position":1,"name":"Home","item":"https:\/\/refrigeration.lt\/"},{"@type":"ListItem","position":2,"name":"Visos prek\u0117s","item":"https:\/\/refrigeration.lt\/parduotuve\/"},{"@type":"ListItem","position":3,"name":"REFCO VAMP-C &#8211; drena\u017eo siurbliukas"}]},{"@type":"WebSite","@id":"https:\/\/refrigeration.lt\/#website","url":"https:\/\/refrigeration.lt\/","name":"Beijer Ref","description":"Tarptautin\u0117 didmeninink\u0173 grup\u0117, veikianti komercinio \u0161aldymo, komforto \u0161aldymo, pramoninio \u0161aldymo ir susijusiuose sektoriuose.","publisher":{"@id":"https:\/\/refrigeration.lt\/#organization"},"potentialAction":[{"@type":"SearchAction","target":{"@type":"EntryPoint","urlTemplate":"https:\/\/refrigeration.lt\/?s={search_term_string}"},"query-input":{"@type":"PropertyValueSpecification","valueRequired":true,"valueName":"search_term_string"}}],"inLanguage":"en-US"},{"@type":"Organization","@id":"https:\/\/refrigeration.lt\/#organization","name":"Beijer Ref","url":"https:\/\/refrigeration.lt\/","logo":{"@type":"ImageObject","inLanguage":"en-US","@id":"https:\/\/refrigeration.lt\/#\/schema\/logo\/image\/","url":"https:\/\/refrigeration.lt\/wp-content\/uploads\/2025\/09\/Beijer-Ref-LT-logo.png","contentUrl":"https:\/\/refrigeration.lt\/wp-content\/uploads\/2025\/09\/Beijer-Ref-LT-logo.png","width":161,"height":38,"caption":"Beijer Ref"},"image":{"@id":"https:\/\/refrigeration.lt\/#\/schema\/logo\/image\/"}}]}},"_links":{"self":[{"href":"https:\/\/refrigeration.lt\/en\/wp-json\/wp\/v2\/product\/16089","targetHints":{"allow":["GET"]}}],"collection":[{"href":"https:\/\/refrigeration.lt\/en\/wp-json\/wp\/v2\/product"}],"about":[{"href":"https:\/\/refrigeration.lt\/en\/wp-json\/wp\/v2\/types\/product"}],"replies":[{"embeddable":true,"href":"https:\/\/refrigeration.lt\/en\/wp-json\/wp\/v2\/comments?post=16089"}],"wp:featuredmedia":[{"embeddable":true,"href":"https:\/\/refrigeration.lt\/en\/wp-json\/wp\/v2\/media\/16090"}],"wp:attachment":[{"href":"https:\/\/refrigeration.lt\/en\/wp-json\/wp\/v2\/media?parent=16089"}],"wp:term":[{"taxonomy":"product_brand","embeddable":true,"href":"https:\/\/refrigeration.lt\/en\/wp-json\/wp\/v2\/product_brand?post=16089"},{"taxonomy":"product_cat","embeddable":true,"href":"https:\/\/refrigeration.lt\/en\/wp-json\/wp\/v2\/product_cat?post=16089"},{"taxonomy":"product_tag","embeddable":true,"href":"https:\/\/refrigeration.lt\/en\/wp-json\/wp\/v2\/product_tag?post=16089"}],"curies":[{"name":"wp","href":"https:\/\/api.w.org\/{rel}","templated":true}]}}