{"id":16115,"date":"2026-01-20T17:34:36","date_gmt":"2026-01-20T17:34:36","guid":{"rendered":"https:\/\/refrigeration.webdemo.lt\/?post_type=product&p=16115"},"modified":"2026-01-20T17:34:36","modified_gmt":"2026-01-20T17:34:36","slug":"fuchs-reniso-trinitron-se170-8211-sintetinis-tepalas-5l-16115","status":"publish","type":"product","link":"https:\/\/refrigeration.lt\/en\/product\/fuchs-reniso-trinitron-se170-8211-sintetinis-tepalas-5l-16115\/","title":{"rendered":"FUCHS RENISO Trinitron SE170 &#8211; Synthetic lubricant, 5 L"},"content":{"rendered":"<p>Synthetic oil based on highly stable polyesters (POE). Thanks to their excellent miscibility properties, these ester-based lubricants are ideally suited for use with chlorine-free refrigerants such as R134a, R404A, R407C, and others. All RENISO TRITON SE\/SEZ products are free of impurities and are characterized by stable performance and excellent lubricating properties. Like all ester oils, these products have the ability to absorb moisture. In some cases, excessive water content can alter the properties of the lubricant. Therefore, it is essential to ensure that these products do not come into contact with moisture during storage, handling, or operation. All RENISO TRITON SE\/SEZ products are dry (free of water contamination) and are filled under a nitrogen atmosphere.<\/p>","protected":false},"excerpt":{"rendered":"<p>Synthetic lubricant FUCHS RENISO TRITON SE170 &#8211; ester-based oils manufactured by FUCHS, suitable for use with chlorine-free refrigerants such as R134a, R404A, R407C, and others.<\/p>","protected":false},"featured_media":16116,"comment_status":"open","ping_status":"closed","template":"","meta":{"_acf_changed":false},"product_brand":[],"product_cat":[61,59],"product_tag":[],"class_list":{"0":"post-16115","1":"product","2":"type-product","3":"status-publish","4":"has-post-thumbnail","6":"product_cat-chemines-medziagos","7":"product_cat-saldymas","9":"first","10":"instock","11":"taxable","12":"shipping-taxable","13":"purchasable","14":"product-type-simple"},"acf":[],"yoast_head":"<!-- This site is optimized with the Yoast SEO plugin v27.4 - https:\/\/yoast.com\/product\/yoast-seo-wordpress\/ -->\n<title>FUCHS RENISO Trinitron SE170 &#8211; Sintetinis tepalas 5L | Beijer Ref<\/title>\n<meta name=\"description\" content=\"FUCHS RENISO Trinitron SE170 &#8211; Sintetinis tepalas 5L. Pirkite internetu arba pateikite u\u017eklaus\u0105.\" \/>\n<meta name=\"robots\" content=\"index, follow, max-snippet:-1, max-image-preview:large, max-video-preview:-1\" \/>\n<link rel=\"canonical\" href=\"https:\/\/refrigeration.lt\/en\/product\/fuchs-reniso-trinitron-se170-8211-sintetinis-tepalas-5l-16115\/\" \/>\n<meta property=\"og:locale\" content=\"en_US\" \/>\n<meta property=\"og:type\" content=\"article\" \/>\n<meta property=\"og:title\" content=\"FUCHS RENISO Trinitron SE170 &#8211; Sintetinis tepalas 5L | Beijer Ref\" \/>\n<meta property=\"og:description\" content=\"FUCHS RENISO Trinitron SE170 &#8211; Sintetinis tepalas 5L. Pirkite internetu arba pateikite u\u017eklaus\u0105.\" \/>\n<meta property=\"og:url\" content=\"https:\/\/refrigeration.lt\/en\/product\/fuchs-reniso-trinitron-se170-8211-sintetinis-tepalas-5l-16115\/\" \/>\n<meta property=\"og:site_name\" content=\"Beijer Ref\" \/>\n<meta property=\"og:image\" content=\"https:\/\/refrigeration.lt\/wp-content\/uploads\/2026\/01\/fuchs-reniso-trinitron-se170-8211-sintetinis-tepalas-5l-16115.jpg\" \/>\n\t<meta property=\"og:image:width\" content=\"980\" \/>\n\t<meta property=\"og:image:height\" content=\"890\" \/>\n\t<meta property=\"og:image:type\" content=\"image\/jpeg\" \/>\n<meta name=\"twitter:card\" content=\"summary_large_image\" \/>\n<meta name=\"twitter:label1\" content=\"Est. reading time\" \/>\n\t<meta name=\"twitter:data1\" content=\"1 minute\" \/>\n<script type=\"application\/ld+json\" class=\"yoast-schema-graph\">{\"@context\":\"https:\\\/\\\/schema.org\",\"@graph\":[{\"@type\":\"WebPage\",\"@id\":\"https:\\\/\\\/refrigeration.lt\\\/produktas\\\/fuchs-reniso-trinitron-se170-8211-sintetinis-tepalas-5l-16115\\\/\",\"url\":\"https:\\\/\\\/refrigeration.lt\\\/produktas\\\/fuchs-reniso-trinitron-se170-8211-sintetinis-tepalas-5l-16115\\\/\",\"name\":\"FUCHS RENISO Trinitron SE170 &#8211; Sintetinis tepalas 5L | Beijer Ref\",\"isPartOf\":{\"@id\":\"https:\\\/\\\/refrigeration.lt\\\/#website\"},\"primaryImageOfPage\":{\"@id\":\"https:\\\/\\\/refrigeration.lt\\\/produktas\\\/fuchs-reniso-trinitron-se170-8211-sintetinis-tepalas-5l-16115\\\/#primaryimage\"},\"image\":{\"@id\":\"https:\\\/\\\/refrigeration.lt\\\/produktas\\\/fuchs-reniso-trinitron-se170-8211-sintetinis-tepalas-5l-16115\\\/#primaryimage\"},\"thumbnailUrl\":\"https:\\\/\\\/refrigeration.lt\\\/wp-content\\\/uploads\\\/2026\\\/01\\\/fuchs-reniso-trinitron-se170-8211-sintetinis-tepalas-5l-16115.jpg\",\"datePublished\":\"2026-01-20T17:34:36+00:00\",\"description\":\"FUCHS RENISO Trinitron SE170 &#8211; Sintetinis tepalas 5L. Pirkite internetu arba pateikite u\u017eklaus\u0105.\",\"breadcrumb\":{\"@id\":\"https:\\\/\\\/refrigeration.lt\\\/produktas\\\/fuchs-reniso-trinitron-se170-8211-sintetinis-tepalas-5l-16115\\\/#breadcrumb\"},\"inLanguage\":\"en-US\",\"potentialAction\":[{\"@type\":\"ReadAction\",\"target\":[\"https:\\\/\\\/refrigeration.lt\\\/produktas\\\/fuchs-reniso-trinitron-se170-8211-sintetinis-tepalas-5l-16115\\\/\"]}]},{\"@type\":\"ImageObject\",\"inLanguage\":\"en-US\",\"@id\":\"https:\\\/\\\/refrigeration.lt\\\/produktas\\\/fuchs-reniso-trinitron-se170-8211-sintetinis-tepalas-5l-16115\\\/#primaryimage\",\"url\":\"https:\\\/\\\/refrigeration.lt\\\/wp-content\\\/uploads\\\/2026\\\/01\\\/fuchs-reniso-trinitron-se170-8211-sintetinis-tepalas-5l-16115.jpg\",\"contentUrl\":\"https:\\\/\\\/refrigeration.lt\\\/wp-content\\\/uploads\\\/2026\\\/01\\\/fuchs-reniso-trinitron-se170-8211-sintetinis-tepalas-5l-16115.jpg\",\"width\":980,\"height\":890,\"caption\":\"FUCHS RENISO Trinitron SE170 &#8211; Sintetinis tepalas 5L\"},{\"@type\":\"BreadcrumbList\",\"@id\":\"https:\\\/\\\/refrigeration.lt\\\/produktas\\\/fuchs-reniso-trinitron-se170-8211-sintetinis-tepalas-5l-16115\\\/#breadcrumb\",\"itemListElement\":[{\"@type\":\"ListItem\",\"position\":1,\"name\":\"Home\",\"item\":\"https:\\\/\\\/refrigeration.lt\\\/\"},{\"@type\":\"ListItem\",\"position\":2,\"name\":\"Visos prek\u0117s\",\"item\":\"https:\\\/\\\/refrigeration.lt\\\/parduotuve\\\/\"},{\"@type\":\"ListItem\",\"position\":3,\"name\":\"FUCHS RENISO Trinitron SE170 &#8211; Sintetinis tepalas 5L\"}]},{\"@type\":\"WebSite\",\"@id\":\"https:\\\/\\\/refrigeration.lt\\\/#website\",\"url\":\"https:\\\/\\\/refrigeration.lt\\\/\",\"name\":\"Beijer Ref\",\"description\":\"Tarptautin\u0117 didmeninink\u0173 grup\u0117, veikianti komercinio \u0161aldymo, komforto \u0161aldymo, pramoninio \u0161aldymo ir susijusiuose sektoriuose.\",\"publisher\":{\"@id\":\"https:\\\/\\\/refrigeration.lt\\\/#organization\"},\"potentialAction\":[{\"@type\":\"SearchAction\",\"target\":{\"@type\":\"EntryPoint\",\"urlTemplate\":\"https:\\\/\\\/refrigeration.lt\\\/?s={search_term_string}\"},\"query-input\":{\"@type\":\"PropertyValueSpecification\",\"valueRequired\":true,\"valueName\":\"search_term_string\"}}],\"inLanguage\":\"en-US\"},{\"@type\":\"Organization\",\"@id\":\"https:\\\/\\\/refrigeration.lt\\\/#organization\",\"name\":\"Beijer Ref\",\"url\":\"https:\\\/\\\/refrigeration.lt\\\/\",\"logo\":{\"@type\":\"ImageObject\",\"inLanguage\":\"en-US\",\"@id\":\"https:\\\/\\\/refrigeration.lt\\\/#\\\/schema\\\/logo\\\/image\\\/\",\"url\":\"https:\\\/\\\/refrigeration.lt\\\/wp-content\\\/uploads\\\/2025\\\/09\\\/Beijer-Ref-LT-logo.png\",\"contentUrl\":\"https:\\\/\\\/refrigeration.lt\\\/wp-content\\\/uploads\\\/2025\\\/09\\\/Beijer-Ref-LT-logo.png\",\"width\":161,\"height\":38,\"caption\":\"Beijer Ref\"},\"image\":{\"@id\":\"https:\\\/\\\/refrigeration.lt\\\/#\\\/schema\\\/logo\\\/image\\\/\"}}]}<\/script>\n<!-- \/ Yoast SEO plugin. -->","yoast_head_json":{"title":"FUCHS RENISO Trinitron SE170 &#8211; Sintetinis tepalas 5L | Beijer Ref","description":"FUCHS RENISO Trinitron SE170 &#8211; Sintetinis tepalas 5L. Pirkite internetu arba pateikite u\u017eklaus\u0105.","robots":{"index":"index","follow":"follow","max-snippet":"max-snippet:-1","max-image-preview":"max-image-preview:large","max-video-preview":"max-video-preview:-1"},"canonical":"https:\/\/refrigeration.lt\/en\/product\/fuchs-reniso-trinitron-se170-8211-sintetinis-tepalas-5l-16115\/","og_locale":"en_US","og_type":"article","og_title":"FUCHS RENISO Trinitron SE170 &#8211; Sintetinis tepalas 5L | Beijer Ref","og_description":"FUCHS RENISO Trinitron SE170 &#8211; Sintetinis tepalas 5L. Pirkite internetu arba pateikite u\u017eklaus\u0105.","og_url":"https:\/\/refrigeration.lt\/en\/product\/fuchs-reniso-trinitron-se170-8211-sintetinis-tepalas-5l-16115\/","og_site_name":"Beijer Ref","og_image":[{"width":980,"height":890,"url":"https:\/\/refrigeration.lt\/wp-content\/uploads\/2026\/01\/fuchs-reniso-trinitron-se170-8211-sintetinis-tepalas-5l-16115.jpg","type":"image\/jpeg"}],"twitter_card":"summary_large_image","twitter_misc":{"Est. reading time":"1 minute"},"schema":{"@context":"https:\/\/schema.org","@graph":[{"@type":"WebPage","@id":"https:\/\/refrigeration.lt\/produktas\/fuchs-reniso-trinitron-se170-8211-sintetinis-tepalas-5l-16115\/","url":"https:\/\/refrigeration.lt\/produktas\/fuchs-reniso-trinitron-se170-8211-sintetinis-tepalas-5l-16115\/","name":"FUCHS RENISO Trinitron SE170 &#8211; Sintetinis tepalas 5L | Beijer Ref","isPartOf":{"@id":"https:\/\/refrigeration.lt\/#website"},"primaryImageOfPage":{"@id":"https:\/\/refrigeration.lt\/produktas\/fuchs-reniso-trinitron-se170-8211-sintetinis-tepalas-5l-16115\/#primaryimage"},"image":{"@id":"https:\/\/refrigeration.lt\/produktas\/fuchs-reniso-trinitron-se170-8211-sintetinis-tepalas-5l-16115\/#primaryimage"},"thumbnailUrl":"https:\/\/refrigeration.lt\/wp-content\/uploads\/2026\/01\/fuchs-reniso-trinitron-se170-8211-sintetinis-tepalas-5l-16115.jpg","datePublished":"2026-01-20T17:34:36+00:00","description":"FUCHS RENISO Trinitron SE170 &#8211; Sintetinis tepalas 5L. Pirkite internetu arba pateikite u\u017eklaus\u0105.","breadcrumb":{"@id":"https:\/\/refrigeration.lt\/produktas\/fuchs-reniso-trinitron-se170-8211-sintetinis-tepalas-5l-16115\/#breadcrumb"},"inLanguage":"en-US","potentialAction":[{"@type":"ReadAction","target":["https:\/\/refrigeration.lt\/produktas\/fuchs-reniso-trinitron-se170-8211-sintetinis-tepalas-5l-16115\/"]}]},{"@type":"ImageObject","inLanguage":"en-US","@id":"https:\/\/refrigeration.lt\/produktas\/fuchs-reniso-trinitron-se170-8211-sintetinis-tepalas-5l-16115\/#primaryimage","url":"https:\/\/refrigeration.lt\/wp-content\/uploads\/2026\/01\/fuchs-reniso-trinitron-se170-8211-sintetinis-tepalas-5l-16115.jpg","contentUrl":"https:\/\/refrigeration.lt\/wp-content\/uploads\/2026\/01\/fuchs-reniso-trinitron-se170-8211-sintetinis-tepalas-5l-16115.jpg","width":980,"height":890,"caption":"FUCHS RENISO Trinitron SE170 &#8211; Sintetinis tepalas 5L"},{"@type":"BreadcrumbList","@id":"https:\/\/refrigeration.lt\/produktas\/fuchs-reniso-trinitron-se170-8211-sintetinis-tepalas-5l-16115\/#breadcrumb","itemListElement":[{"@type":"ListItem","position":1,"name":"Home","item":"https:\/\/refrigeration.lt\/"},{"@type":"ListItem","position":2,"name":"Visos prek\u0117s","item":"https:\/\/refrigeration.lt\/parduotuve\/"},{"@type":"ListItem","position":3,"name":"FUCHS RENISO Trinitron SE170 &#8211; Sintetinis tepalas 5L"}]},{"@type":"WebSite","@id":"https:\/\/refrigeration.lt\/#website","url":"https:\/\/refrigeration.lt\/","name":"Beijer Ref","description":"Tarptautin\u0117 didmeninink\u0173 grup\u0117, veikianti komercinio \u0161aldymo, komforto \u0161aldymo, pramoninio \u0161aldymo ir susijusiuose sektoriuose.","publisher":{"@id":"https:\/\/refrigeration.lt\/#organization"},"potentialAction":[{"@type":"SearchAction","target":{"@type":"EntryPoint","urlTemplate":"https:\/\/refrigeration.lt\/?s={search_term_string}"},"query-input":{"@type":"PropertyValueSpecification","valueRequired":true,"valueName":"search_term_string"}}],"inLanguage":"en-US"},{"@type":"Organization","@id":"https:\/\/refrigeration.lt\/#organization","name":"Beijer Ref","url":"https:\/\/refrigeration.lt\/","logo":{"@type":"ImageObject","inLanguage":"en-US","@id":"https:\/\/refrigeration.lt\/#\/schema\/logo\/image\/","url":"https:\/\/refrigeration.lt\/wp-content\/uploads\/2025\/09\/Beijer-Ref-LT-logo.png","contentUrl":"https:\/\/refrigeration.lt\/wp-content\/uploads\/2025\/09\/Beijer-Ref-LT-logo.png","width":161,"height":38,"caption":"Beijer Ref"},"image":{"@id":"https:\/\/refrigeration.lt\/#\/schema\/logo\/image\/"}}]}},"_links":{"self":[{"href":"https:\/\/refrigeration.lt\/en\/wp-json\/wp\/v2\/product\/16115","targetHints":{"allow":["GET"]}}],"collection":[{"href":"https:\/\/refrigeration.lt\/en\/wp-json\/wp\/v2\/product"}],"about":[{"href":"https:\/\/refrigeration.lt\/en\/wp-json\/wp\/v2\/types\/product"}],"replies":[{"embeddable":true,"href":"https:\/\/refrigeration.lt\/en\/wp-json\/wp\/v2\/comments?post=16115"}],"wp:featuredmedia":[{"embeddable":true,"href":"https:\/\/refrigeration.lt\/en\/wp-json\/wp\/v2\/media\/16116"}],"wp:attachment":[{"href":"https:\/\/refrigeration.lt\/en\/wp-json\/wp\/v2\/media?parent=16115"}],"wp:term":[{"taxonomy":"product_brand","embeddable":true,"href":"https:\/\/refrigeration.lt\/en\/wp-json\/wp\/v2\/product_brand?post=16115"},{"taxonomy":"product_cat","embeddable":true,"href":"https:\/\/refrigeration.lt\/en\/wp-json\/wp\/v2\/product_cat?post=16115"},{"taxonomy":"product_tag","embeddable":true,"href":"https:\/\/refrigeration.lt\/en\/wp-json\/wp\/v2\/product_tag?post=16115"}],"curies":[{"name":"wp","href":"https:\/\/api.w.org\/{rel}","templated":true}]}}