{"id":16179,"date":"2026-01-20T17:47:14","date_gmt":"2026-01-20T17:47:14","guid":{"rendered":"https:\/\/refrigeration.webdemo.lt\/?post_type=product&#038;p=16179"},"modified":"2026-01-20T20:55:41","modified_gmt":"2026-01-20T18:55:41","slug":"rutulinis-voztuvas-freddox-co-120-bar-1-2-8221-sv-16179","status":"publish","type":"product","link":"https:\/\/refrigeration.lt\/en\/product\/rutulinis-voztuvas-freddox-co-120-bar-1-2-8221-sv-16179\/","title":{"rendered":"BALL VALVE FREDDOX CO2 120bar 1\/2&#8243; SV"},"content":{"rendered":"<p>Freddox RBV-CO2 ball valves are bi-directional, full bore and suitable for CO2 subcritical applications. They can be used on liquid, suction and hot gas lines in refrigeration and air conditioning systems and can be fully opened or fully closed with only a 1\/4 turn of the valve stem.<\/p>","protected":false},"excerpt":{"rendered":"<p>Freddox RBV-CO2 ball valves are bi-directional, full bore and suitable for CO2 subcritical applications. They can be used on liquid, suction and hot gas lines in refrigeration and air conditioning systems and can be fully opened or fully closed with only a 1\/4 turn of the valve stem.<\/p>","protected":false},"featured_media":0,"comment_status":"open","ping_status":"closed","template":"","meta":{"_acf_changed":false},"product_brand":[],"product_cat":[116,83,59,197,172],"product_tag":[],"class_list":{"0":"post-16179","1":"product","2":"type-product","3":"status-publish","5":"product_cat-freddox","6":"product_cat-gamintojai","7":"product_cat-saldymas","8":"product_cat-uzdarymo","9":"product_cat-voztuvai","11":"first","12":"instock","13":"taxable","14":"shipping-taxable","15":"purchasable","16":"product-type-simple"},"acf":[],"yoast_head":"<!-- This site is optimized with the Yoast SEO plugin v27.4 - https:\/\/yoast.com\/product\/yoast-seo-wordpress\/ -->\n<title>Rutulinis vo\u017etuvas FREDDOX CO\u2082 120 bar 1\/2&#8243; SV | Beijer Ref<\/title>\n<meta name=\"description\" content=\"Rutulinis vo\u017etuvas FREDDOX CO\u2082 120 bar 1\/2&#8243; SV. Pirkite internetu arba pateikite u\u017eklaus\u0105.\" \/>\n<meta name=\"robots\" content=\"index, follow, max-snippet:-1, max-image-preview:large, max-video-preview:-1\" \/>\n<link rel=\"canonical\" href=\"https:\/\/refrigeration.lt\/en\/product\/rutulinis-voztuvas-freddox-co-120-bar-1-2-8221-sv-16179\/\" \/>\n<meta property=\"og:locale\" content=\"en_US\" \/>\n<meta property=\"og:type\" content=\"article\" \/>\n<meta property=\"og:title\" content=\"Rutulinis vo\u017etuvas FREDDOX CO\u2082 120 bar 1\/2&#8243; SV | Beijer Ref\" \/>\n<meta property=\"og:description\" content=\"Rutulinis vo\u017etuvas FREDDOX CO\u2082 120 bar 1\/2&#8243; SV. Pirkite internetu arba pateikite u\u017eklaus\u0105.\" \/>\n<meta property=\"og:url\" content=\"https:\/\/refrigeration.lt\/en\/product\/rutulinis-voztuvas-freddox-co-120-bar-1-2-8221-sv-16179\/\" \/>\n<meta property=\"og:site_name\" content=\"Beijer Ref\" \/>\n<meta property=\"article:modified_time\" content=\"2026-01-20T18:55:41+00:00\" \/>\n<meta name=\"twitter:card\" content=\"summary_large_image\" \/>\n<script type=\"application\/ld+json\" class=\"yoast-schema-graph\">{\"@context\":\"https:\\\/\\\/schema.org\",\"@graph\":[{\"@type\":\"WebPage\",\"@id\":\"https:\\\/\\\/refrigeration.lt\\\/produktas\\\/rutulinis-voztuvas-freddox-co-120-bar-1-2-8221-sv-16179\\\/\",\"url\":\"https:\\\/\\\/refrigeration.lt\\\/produktas\\\/rutulinis-voztuvas-freddox-co-120-bar-1-2-8221-sv-16179\\\/\",\"name\":\"Rutulinis vo\u017etuvas FREDDOX CO\u2082 120 bar 1\\\/2&#8243; SV | Beijer Ref\",\"isPartOf\":{\"@id\":\"https:\\\/\\\/refrigeration.lt\\\/#website\"},\"datePublished\":\"2026-01-20T17:47:14+00:00\",\"dateModified\":\"2026-01-20T18:55:41+00:00\",\"description\":\"Rutulinis vo\u017etuvas FREDDOX CO\u2082 120 bar 1\\\/2&#8243; SV. Pirkite internetu arba pateikite u\u017eklaus\u0105.\",\"breadcrumb\":{\"@id\":\"https:\\\/\\\/refrigeration.lt\\\/produktas\\\/rutulinis-voztuvas-freddox-co-120-bar-1-2-8221-sv-16179\\\/#breadcrumb\"},\"inLanguage\":\"en-US\",\"potentialAction\":[{\"@type\":\"ReadAction\",\"target\":[\"https:\\\/\\\/refrigeration.lt\\\/produktas\\\/rutulinis-voztuvas-freddox-co-120-bar-1-2-8221-sv-16179\\\/\"]}]},{\"@type\":\"BreadcrumbList\",\"@id\":\"https:\\\/\\\/refrigeration.lt\\\/produktas\\\/rutulinis-voztuvas-freddox-co-120-bar-1-2-8221-sv-16179\\\/#breadcrumb\",\"itemListElement\":[{\"@type\":\"ListItem\",\"position\":1,\"name\":\"Home\",\"item\":\"https:\\\/\\\/refrigeration.lt\\\/\"},{\"@type\":\"ListItem\",\"position\":2,\"name\":\"Visos prek\u0117s\",\"item\":\"https:\\\/\\\/refrigeration.lt\\\/parduotuve\\\/\"},{\"@type\":\"ListItem\",\"position\":3,\"name\":\"Rutulinis vo\u017etuvas FREDDOX CO\u2082 120 bar 1\\\/2&#8243; SV\"}]},{\"@type\":\"WebSite\",\"@id\":\"https:\\\/\\\/refrigeration.lt\\\/#website\",\"url\":\"https:\\\/\\\/refrigeration.lt\\\/\",\"name\":\"Beijer Ref\",\"description\":\"Tarptautin\u0117 didmeninink\u0173 grup\u0117, veikianti komercinio \u0161aldymo, komforto \u0161aldymo, pramoninio \u0161aldymo ir susijusiuose sektoriuose.\",\"publisher\":{\"@id\":\"https:\\\/\\\/refrigeration.lt\\\/#organization\"},\"potentialAction\":[{\"@type\":\"SearchAction\",\"target\":{\"@type\":\"EntryPoint\",\"urlTemplate\":\"https:\\\/\\\/refrigeration.lt\\\/?s={search_term_string}\"},\"query-input\":{\"@type\":\"PropertyValueSpecification\",\"valueRequired\":true,\"valueName\":\"search_term_string\"}}],\"inLanguage\":\"en-US\"},{\"@type\":\"Organization\",\"@id\":\"https:\\\/\\\/refrigeration.lt\\\/#organization\",\"name\":\"Beijer Ref\",\"url\":\"https:\\\/\\\/refrigeration.lt\\\/\",\"logo\":{\"@type\":\"ImageObject\",\"inLanguage\":\"en-US\",\"@id\":\"https:\\\/\\\/refrigeration.lt\\\/#\\\/schema\\\/logo\\\/image\\\/\",\"url\":\"https:\\\/\\\/refrigeration.lt\\\/wp-content\\\/uploads\\\/2025\\\/09\\\/Beijer-Ref-LT-logo.png\",\"contentUrl\":\"https:\\\/\\\/refrigeration.lt\\\/wp-content\\\/uploads\\\/2025\\\/09\\\/Beijer-Ref-LT-logo.png\",\"width\":161,\"height\":38,\"caption\":\"Beijer Ref\"},\"image\":{\"@id\":\"https:\\\/\\\/refrigeration.lt\\\/#\\\/schema\\\/logo\\\/image\\\/\"}}]}<\/script>\n<!-- \/ Yoast SEO plugin. -->","yoast_head_json":{"title":"Rutulinis vo\u017etuvas FREDDOX CO\u2082 120 bar 1\/2&#8243; SV | Beijer Ref","description":"Rutulinis vo\u017etuvas FREDDOX CO\u2082 120 bar 1\/2&#8243; SV. Pirkite internetu arba pateikite u\u017eklaus\u0105.","robots":{"index":"index","follow":"follow","max-snippet":"max-snippet:-1","max-image-preview":"max-image-preview:large","max-video-preview":"max-video-preview:-1"},"canonical":"https:\/\/refrigeration.lt\/en\/product\/rutulinis-voztuvas-freddox-co-120-bar-1-2-8221-sv-16179\/","og_locale":"en_US","og_type":"article","og_title":"Rutulinis vo\u017etuvas FREDDOX CO\u2082 120 bar 1\/2&#8243; SV | Beijer Ref","og_description":"Rutulinis vo\u017etuvas FREDDOX CO\u2082 120 bar 1\/2&#8243; SV. Pirkite internetu arba pateikite u\u017eklaus\u0105.","og_url":"https:\/\/refrigeration.lt\/en\/product\/rutulinis-voztuvas-freddox-co-120-bar-1-2-8221-sv-16179\/","og_site_name":"Beijer Ref","article_modified_time":"2026-01-20T18:55:41+00:00","twitter_card":"summary_large_image","schema":{"@context":"https:\/\/schema.org","@graph":[{"@type":"WebPage","@id":"https:\/\/refrigeration.lt\/produktas\/rutulinis-voztuvas-freddox-co-120-bar-1-2-8221-sv-16179\/","url":"https:\/\/refrigeration.lt\/produktas\/rutulinis-voztuvas-freddox-co-120-bar-1-2-8221-sv-16179\/","name":"Rutulinis vo\u017etuvas FREDDOX CO\u2082 120 bar 1\/2&#8243; SV | Beijer Ref","isPartOf":{"@id":"https:\/\/refrigeration.lt\/#website"},"datePublished":"2026-01-20T17:47:14+00:00","dateModified":"2026-01-20T18:55:41+00:00","description":"Rutulinis vo\u017etuvas FREDDOX CO\u2082 120 bar 1\/2&#8243; SV. Pirkite internetu arba pateikite u\u017eklaus\u0105.","breadcrumb":{"@id":"https:\/\/refrigeration.lt\/produktas\/rutulinis-voztuvas-freddox-co-120-bar-1-2-8221-sv-16179\/#breadcrumb"},"inLanguage":"en-US","potentialAction":[{"@type":"ReadAction","target":["https:\/\/refrigeration.lt\/produktas\/rutulinis-voztuvas-freddox-co-120-bar-1-2-8221-sv-16179\/"]}]},{"@type":"BreadcrumbList","@id":"https:\/\/refrigeration.lt\/produktas\/rutulinis-voztuvas-freddox-co-120-bar-1-2-8221-sv-16179\/#breadcrumb","itemListElement":[{"@type":"ListItem","position":1,"name":"Home","item":"https:\/\/refrigeration.lt\/"},{"@type":"ListItem","position":2,"name":"Visos prek\u0117s","item":"https:\/\/refrigeration.lt\/parduotuve\/"},{"@type":"ListItem","position":3,"name":"Rutulinis vo\u017etuvas FREDDOX CO\u2082 120 bar 1\/2&#8243; SV"}]},{"@type":"WebSite","@id":"https:\/\/refrigeration.lt\/#website","url":"https:\/\/refrigeration.lt\/","name":"Beijer Ref","description":"Tarptautin\u0117 didmeninink\u0173 grup\u0117, veikianti komercinio \u0161aldymo, komforto \u0161aldymo, pramoninio \u0161aldymo ir susijusiuose sektoriuose.","publisher":{"@id":"https:\/\/refrigeration.lt\/#organization"},"potentialAction":[{"@type":"SearchAction","target":{"@type":"EntryPoint","urlTemplate":"https:\/\/refrigeration.lt\/?s={search_term_string}"},"query-input":{"@type":"PropertyValueSpecification","valueRequired":true,"valueName":"search_term_string"}}],"inLanguage":"en-US"},{"@type":"Organization","@id":"https:\/\/refrigeration.lt\/#organization","name":"Beijer Ref","url":"https:\/\/refrigeration.lt\/","logo":{"@type":"ImageObject","inLanguage":"en-US","@id":"https:\/\/refrigeration.lt\/#\/schema\/logo\/image\/","url":"https:\/\/refrigeration.lt\/wp-content\/uploads\/2025\/09\/Beijer-Ref-LT-logo.png","contentUrl":"https:\/\/refrigeration.lt\/wp-content\/uploads\/2025\/09\/Beijer-Ref-LT-logo.png","width":161,"height":38,"caption":"Beijer Ref"},"image":{"@id":"https:\/\/refrigeration.lt\/#\/schema\/logo\/image\/"}}]}},"_links":{"self":[{"href":"https:\/\/refrigeration.lt\/en\/wp-json\/wp\/v2\/product\/16179","targetHints":{"allow":["GET"]}}],"collection":[{"href":"https:\/\/refrigeration.lt\/en\/wp-json\/wp\/v2\/product"}],"about":[{"href":"https:\/\/refrigeration.lt\/en\/wp-json\/wp\/v2\/types\/product"}],"replies":[{"embeddable":true,"href":"https:\/\/refrigeration.lt\/en\/wp-json\/wp\/v2\/comments?post=16179"}],"wp:attachment":[{"href":"https:\/\/refrigeration.lt\/en\/wp-json\/wp\/v2\/media?parent=16179"}],"wp:term":[{"taxonomy":"product_brand","embeddable":true,"href":"https:\/\/refrigeration.lt\/en\/wp-json\/wp\/v2\/product_brand?post=16179"},{"taxonomy":"product_cat","embeddable":true,"href":"https:\/\/refrigeration.lt\/en\/wp-json\/wp\/v2\/product_cat?post=16179"},{"taxonomy":"product_tag","embeddable":true,"href":"https:\/\/refrigeration.lt\/en\/wp-json\/wp\/v2\/product_tag?post=16179"}],"curies":[{"name":"wp","href":"https:\/\/api.w.org\/{rel}","templated":true}]}}