{"id":16503,"date":"2026-01-20T17:58:41","date_gmt":"2026-01-20T17:58:41","guid":{"rendered":"https:\/\/refrigeration.webdemo.lt\/?post_type=product&p=16503"},"modified":"2026-01-20T17:58:41","modified_gmt":"2026-01-20T17:58:41","slug":"filtras-sausintuvas-freddox-kietasis-uzpildas-solid-core-16503","status":"publish","type":"product","link":"https:\/\/refrigeration.lt\/en\/product\/filtras-sausintuvas-freddox-kietasis-uzpildas-solid-core-16503\/","title":{"rendered":"FILTER DRIER FREDDOX SOLID CORE DSC0308MMS 8MM ODF"},"content":{"rendered":"<p>Freddox filtrai-sausintuvai u\u017etikrina auk\u0161to lygio apsaug\u0105 \u0161aldymo ir oro kondicionavimo sistem\u0173 skys\u010dio linijose. Jie specialiai sukurti sugerti ir sulaikyti dr\u0117gm\u0119 bei kiet\u0105sias daleles, kurios, cirkuliuodamos sistemoje, gali sudaryti r\u016bg\u0161tis ir pa\u017eeisti kompresori\u0173 bei kitus kont\u016bro komponentus.<br \/>\n Freddox sausintuvai tiekiami keli\u0173 versij\u0173:<br \/>\n lituojami (DSC S),<br \/>\n sriegti su vyri\u0161ka\/vyri\u0161ka (DSC) SAE jungtimi,<br \/>\n sriegti su moteri\u0161ka\/vyri\u0161ka (DSC FM) SAE jungtimi,<br \/>\n tod\u0117l pritaikomi visoms galimoms montavimo konfig\u016bracijoms.<\/p>","protected":false},"excerpt":{"rendered":"<p>Freddox filtrai-sausintuvai u\u017etikrina auk\u0161to lygio apsaug\u0105 \u0161aldymo ir oro kondicionavimo sistem\u0173 skys\u010dio linijose. Jie specialiai sukurti sugerti ir sulaikyti dr\u0117gm\u0119 bei kiet\u0105sias daleles, kurios, cirkuliuodamos sistemoje, gali sudaryti r\u016bg\u0161tis ir pa\u017eeisti kompresori\u0173 bei kitus kont\u016bro komponentus. Freddox sausintuvai tiekiami keli\u0173 versij\u0173: lituojami (DSC S), sriegti su vyri\u0161ka\/vyri\u0161ka (DSC) SAE jungtimi, sriegti su moteri\u0161ka\/vyri\u0161ka (DSC FM) [&hellip;]<\/p>\n","protected":false},"featured_media":16504,"comment_status":"open","ping_status":"closed","template":"","meta":{"_acf_changed":false},"product_brand":[],"product_cat":[177,116,83,176,59],"product_tag":[],"class_list":{"0":"post-16503","1":"product","2":"type-product","3":"status-publish","4":"has-post-thumbnail","6":"product_cat-filtrai-sausintuvai","7":"product_cat-freddox","8":"product_cat-gamintojai","9":"product_cat-komponentai","10":"product_cat-saldymas","12":"first","13":"instock","14":"taxable","15":"shipping-taxable","16":"purchasable","17":"product-type-simple"},"acf":[],"yoast_head":"<!-- This site is optimized with the Yoast SEO plugin v27.4 - https:\/\/yoast.com\/product\/yoast-seo-wordpress\/ -->\n<title>Filtras-sausintuvas FREDDOX, kietasis u\u017epildas (Solid Core) DSC0308MMS 8 mm ODF | Beijer Ref<\/title>\n<meta name=\"description\" content=\"Filtras-sausintuvas FREDDOX, kietasis u\u017epildas (Solid Core) DSC0308MMS 8 mm ODF. Pirkite internetu arba pateikite u\u017eklaus\u0105.\" \/>\n<meta name=\"robots\" content=\"index, follow, max-snippet:-1, max-image-preview:large, max-video-preview:-1\" \/>\n<link rel=\"canonical\" href=\"https:\/\/refrigeration.lt\/en\/product\/filtras-sausintuvas-freddox-kietasis-uzpildas-solid-core-16503\/\" \/>\n<meta property=\"og:locale\" content=\"en_US\" \/>\n<meta property=\"og:type\" content=\"article\" \/>\n<meta property=\"og:title\" content=\"Filtras-sausintuvas FREDDOX, kietasis u\u017epildas (Solid Core) DSC0308MMS 8 mm ODF | Beijer Ref\" \/>\n<meta property=\"og:description\" content=\"Filtras-sausintuvas FREDDOX, kietasis u\u017epildas (Solid Core) DSC0308MMS 8 mm ODF. Pirkite internetu arba pateikite u\u017eklaus\u0105.\" \/>\n<meta property=\"og:url\" content=\"https:\/\/refrigeration.lt\/en\/product\/filtras-sausintuvas-freddox-kietasis-uzpildas-solid-core-16503\/\" \/>\n<meta property=\"og:site_name\" content=\"Beijer Ref\" \/>\n<meta property=\"og:image\" content=\"https:\/\/refrigeration.lt\/wp-content\/uploads\/2026\/01\/filtras-sausintuvas-freddox-kietasis-uzpildas-solid-core-16503.jpg\" \/>\n\t<meta property=\"og:image:width\" content=\"300\" \/>\n\t<meta property=\"og:image:height\" content=\"300\" \/>\n\t<meta property=\"og:image:type\" content=\"image\/jpeg\" \/>\n<meta name=\"twitter:card\" content=\"summary_large_image\" \/>\n<script type=\"application\/ld+json\" class=\"yoast-schema-graph\">{\"@context\":\"https:\\\/\\\/schema.org\",\"@graph\":[{\"@type\":\"WebPage\",\"@id\":\"https:\\\/\\\/refrigeration.lt\\\/produktas\\\/filtras-sausintuvas-freddox-kietasis-uzpildas-solid-core-16503\\\/\",\"url\":\"https:\\\/\\\/refrigeration.lt\\\/produktas\\\/filtras-sausintuvas-freddox-kietasis-uzpildas-solid-core-16503\\\/\",\"name\":\"Filtras-sausintuvas FREDDOX, kietasis u\u017epildas (Solid Core) DSC0308MMS 8 mm ODF | Beijer Ref\",\"isPartOf\":{\"@id\":\"https:\\\/\\\/refrigeration.lt\\\/#website\"},\"primaryImageOfPage\":{\"@id\":\"https:\\\/\\\/refrigeration.lt\\\/produktas\\\/filtras-sausintuvas-freddox-kietasis-uzpildas-solid-core-16503\\\/#primaryimage\"},\"image\":{\"@id\":\"https:\\\/\\\/refrigeration.lt\\\/produktas\\\/filtras-sausintuvas-freddox-kietasis-uzpildas-solid-core-16503\\\/#primaryimage\"},\"thumbnailUrl\":\"https:\\\/\\\/refrigeration.lt\\\/wp-content\\\/uploads\\\/2026\\\/01\\\/filtras-sausintuvas-freddox-kietasis-uzpildas-solid-core-16503.jpg\",\"datePublished\":\"2026-01-20T17:58:41+00:00\",\"description\":\"Filtras-sausintuvas FREDDOX, kietasis u\u017epildas (Solid Core) DSC0308MMS 8 mm ODF. Pirkite internetu arba pateikite u\u017eklaus\u0105.\",\"breadcrumb\":{\"@id\":\"https:\\\/\\\/refrigeration.lt\\\/produktas\\\/filtras-sausintuvas-freddox-kietasis-uzpildas-solid-core-16503\\\/#breadcrumb\"},\"inLanguage\":\"en-US\",\"potentialAction\":[{\"@type\":\"ReadAction\",\"target\":[\"https:\\\/\\\/refrigeration.lt\\\/produktas\\\/filtras-sausintuvas-freddox-kietasis-uzpildas-solid-core-16503\\\/\"]}]},{\"@type\":\"ImageObject\",\"inLanguage\":\"en-US\",\"@id\":\"https:\\\/\\\/refrigeration.lt\\\/produktas\\\/filtras-sausintuvas-freddox-kietasis-uzpildas-solid-core-16503\\\/#primaryimage\",\"url\":\"https:\\\/\\\/refrigeration.lt\\\/wp-content\\\/uploads\\\/2026\\\/01\\\/filtras-sausintuvas-freddox-kietasis-uzpildas-solid-core-16503.jpg\",\"contentUrl\":\"https:\\\/\\\/refrigeration.lt\\\/wp-content\\\/uploads\\\/2026\\\/01\\\/filtras-sausintuvas-freddox-kietasis-uzpildas-solid-core-16503.jpg\",\"width\":300,\"height\":300,\"caption\":\"Filtras-sausintuvas FREDDOX, kietasis u\u017epildas (Solid Core) DSC0308MMS 8 mm ODF\"},{\"@type\":\"BreadcrumbList\",\"@id\":\"https:\\\/\\\/refrigeration.lt\\\/produktas\\\/filtras-sausintuvas-freddox-kietasis-uzpildas-solid-core-16503\\\/#breadcrumb\",\"itemListElement\":[{\"@type\":\"ListItem\",\"position\":1,\"name\":\"Home\",\"item\":\"https:\\\/\\\/refrigeration.lt\\\/\"},{\"@type\":\"ListItem\",\"position\":2,\"name\":\"Visos prek\u0117s\",\"item\":\"https:\\\/\\\/refrigeration.lt\\\/parduotuve\\\/\"},{\"@type\":\"ListItem\",\"position\":3,\"name\":\"Filtras-sausintuvas FREDDOX, kietasis u\u017epildas (Solid Core) DSC0308MMS 8 mm ODF\"}]},{\"@type\":\"WebSite\",\"@id\":\"https:\\\/\\\/refrigeration.lt\\\/#website\",\"url\":\"https:\\\/\\\/refrigeration.lt\\\/\",\"name\":\"Beijer Ref\",\"description\":\"Tarptautin\u0117 didmeninink\u0173 grup\u0117, veikianti komercinio \u0161aldymo, komforto \u0161aldymo, pramoninio \u0161aldymo ir susijusiuose sektoriuose.\",\"publisher\":{\"@id\":\"https:\\\/\\\/refrigeration.lt\\\/#organization\"},\"potentialAction\":[{\"@type\":\"SearchAction\",\"target\":{\"@type\":\"EntryPoint\",\"urlTemplate\":\"https:\\\/\\\/refrigeration.lt\\\/?s={search_term_string}\"},\"query-input\":{\"@type\":\"PropertyValueSpecification\",\"valueRequired\":true,\"valueName\":\"search_term_string\"}}],\"inLanguage\":\"en-US\"},{\"@type\":\"Organization\",\"@id\":\"https:\\\/\\\/refrigeration.lt\\\/#organization\",\"name\":\"Beijer Ref\",\"url\":\"https:\\\/\\\/refrigeration.lt\\\/\",\"logo\":{\"@type\":\"ImageObject\",\"inLanguage\":\"en-US\",\"@id\":\"https:\\\/\\\/refrigeration.lt\\\/#\\\/schema\\\/logo\\\/image\\\/\",\"url\":\"https:\\\/\\\/refrigeration.lt\\\/wp-content\\\/uploads\\\/2025\\\/09\\\/Beijer-Ref-LT-logo.png\",\"contentUrl\":\"https:\\\/\\\/refrigeration.lt\\\/wp-content\\\/uploads\\\/2025\\\/09\\\/Beijer-Ref-LT-logo.png\",\"width\":161,\"height\":38,\"caption\":\"Beijer Ref\"},\"image\":{\"@id\":\"https:\\\/\\\/refrigeration.lt\\\/#\\\/schema\\\/logo\\\/image\\\/\"}}]}<\/script>\n<!-- \/ Yoast SEO plugin. -->","yoast_head_json":{"title":"Filtras-sausintuvas FREDDOX, kietasis u\u017epildas (Solid Core) DSC0308MMS 8 mm ODF | Beijer Ref","description":"Filtras-sausintuvas FREDDOX, kietasis u\u017epildas (Solid Core) DSC0308MMS 8 mm ODF. Pirkite internetu arba pateikite u\u017eklaus\u0105.","robots":{"index":"index","follow":"follow","max-snippet":"max-snippet:-1","max-image-preview":"max-image-preview:large","max-video-preview":"max-video-preview:-1"},"canonical":"https:\/\/refrigeration.lt\/en\/product\/filtras-sausintuvas-freddox-kietasis-uzpildas-solid-core-16503\/","og_locale":"en_US","og_type":"article","og_title":"Filtras-sausintuvas FREDDOX, kietasis u\u017epildas (Solid Core) DSC0308MMS 8 mm ODF | Beijer Ref","og_description":"Filtras-sausintuvas FREDDOX, kietasis u\u017epildas (Solid Core) DSC0308MMS 8 mm ODF. Pirkite internetu arba pateikite u\u017eklaus\u0105.","og_url":"https:\/\/refrigeration.lt\/en\/product\/filtras-sausintuvas-freddox-kietasis-uzpildas-solid-core-16503\/","og_site_name":"Beijer Ref","og_image":[{"width":300,"height":300,"url":"https:\/\/refrigeration.lt\/wp-content\/uploads\/2026\/01\/filtras-sausintuvas-freddox-kietasis-uzpildas-solid-core-16503.jpg","type":"image\/jpeg"}],"twitter_card":"summary_large_image","schema":{"@context":"https:\/\/schema.org","@graph":[{"@type":"WebPage","@id":"https:\/\/refrigeration.lt\/produktas\/filtras-sausintuvas-freddox-kietasis-uzpildas-solid-core-16503\/","url":"https:\/\/refrigeration.lt\/produktas\/filtras-sausintuvas-freddox-kietasis-uzpildas-solid-core-16503\/","name":"Filtras-sausintuvas FREDDOX, kietasis u\u017epildas (Solid Core) DSC0308MMS 8 mm ODF | Beijer Ref","isPartOf":{"@id":"https:\/\/refrigeration.lt\/#website"},"primaryImageOfPage":{"@id":"https:\/\/refrigeration.lt\/produktas\/filtras-sausintuvas-freddox-kietasis-uzpildas-solid-core-16503\/#primaryimage"},"image":{"@id":"https:\/\/refrigeration.lt\/produktas\/filtras-sausintuvas-freddox-kietasis-uzpildas-solid-core-16503\/#primaryimage"},"thumbnailUrl":"https:\/\/refrigeration.lt\/wp-content\/uploads\/2026\/01\/filtras-sausintuvas-freddox-kietasis-uzpildas-solid-core-16503.jpg","datePublished":"2026-01-20T17:58:41+00:00","description":"Filtras-sausintuvas FREDDOX, kietasis u\u017epildas (Solid Core) DSC0308MMS 8 mm ODF. Pirkite internetu arba pateikite u\u017eklaus\u0105.","breadcrumb":{"@id":"https:\/\/refrigeration.lt\/produktas\/filtras-sausintuvas-freddox-kietasis-uzpildas-solid-core-16503\/#breadcrumb"},"inLanguage":"en-US","potentialAction":[{"@type":"ReadAction","target":["https:\/\/refrigeration.lt\/produktas\/filtras-sausintuvas-freddox-kietasis-uzpildas-solid-core-16503\/"]}]},{"@type":"ImageObject","inLanguage":"en-US","@id":"https:\/\/refrigeration.lt\/produktas\/filtras-sausintuvas-freddox-kietasis-uzpildas-solid-core-16503\/#primaryimage","url":"https:\/\/refrigeration.lt\/wp-content\/uploads\/2026\/01\/filtras-sausintuvas-freddox-kietasis-uzpildas-solid-core-16503.jpg","contentUrl":"https:\/\/refrigeration.lt\/wp-content\/uploads\/2026\/01\/filtras-sausintuvas-freddox-kietasis-uzpildas-solid-core-16503.jpg","width":300,"height":300,"caption":"Filtras-sausintuvas FREDDOX, kietasis u\u017epildas (Solid Core) DSC0308MMS 8 mm ODF"},{"@type":"BreadcrumbList","@id":"https:\/\/refrigeration.lt\/produktas\/filtras-sausintuvas-freddox-kietasis-uzpildas-solid-core-16503\/#breadcrumb","itemListElement":[{"@type":"ListItem","position":1,"name":"Home","item":"https:\/\/refrigeration.lt\/"},{"@type":"ListItem","position":2,"name":"Visos prek\u0117s","item":"https:\/\/refrigeration.lt\/parduotuve\/"},{"@type":"ListItem","position":3,"name":"Filtras-sausintuvas FREDDOX, kietasis u\u017epildas (Solid Core) DSC0308MMS 8 mm ODF"}]},{"@type":"WebSite","@id":"https:\/\/refrigeration.lt\/#website","url":"https:\/\/refrigeration.lt\/","name":"Beijer Ref","description":"Tarptautin\u0117 didmeninink\u0173 grup\u0117, veikianti komercinio \u0161aldymo, komforto \u0161aldymo, pramoninio \u0161aldymo ir susijusiuose sektoriuose.","publisher":{"@id":"https:\/\/refrigeration.lt\/#organization"},"potentialAction":[{"@type":"SearchAction","target":{"@type":"EntryPoint","urlTemplate":"https:\/\/refrigeration.lt\/?s={search_term_string}"},"query-input":{"@type":"PropertyValueSpecification","valueRequired":true,"valueName":"search_term_string"}}],"inLanguage":"en-US"},{"@type":"Organization","@id":"https:\/\/refrigeration.lt\/#organization","name":"Beijer Ref","url":"https:\/\/refrigeration.lt\/","logo":{"@type":"ImageObject","inLanguage":"en-US","@id":"https:\/\/refrigeration.lt\/#\/schema\/logo\/image\/","url":"https:\/\/refrigeration.lt\/wp-content\/uploads\/2025\/09\/Beijer-Ref-LT-logo.png","contentUrl":"https:\/\/refrigeration.lt\/wp-content\/uploads\/2025\/09\/Beijer-Ref-LT-logo.png","width":161,"height":38,"caption":"Beijer Ref"},"image":{"@id":"https:\/\/refrigeration.lt\/#\/schema\/logo\/image\/"}}]}},"_links":{"self":[{"href":"https:\/\/refrigeration.lt\/en\/wp-json\/wp\/v2\/product\/16503","targetHints":{"allow":["GET"]}}],"collection":[{"href":"https:\/\/refrigeration.lt\/en\/wp-json\/wp\/v2\/product"}],"about":[{"href":"https:\/\/refrigeration.lt\/en\/wp-json\/wp\/v2\/types\/product"}],"replies":[{"embeddable":true,"href":"https:\/\/refrigeration.lt\/en\/wp-json\/wp\/v2\/comments?post=16503"}],"wp:featuredmedia":[{"embeddable":true,"href":"https:\/\/refrigeration.lt\/en\/wp-json\/wp\/v2\/media\/16504"}],"wp:attachment":[{"href":"https:\/\/refrigeration.lt\/en\/wp-json\/wp\/v2\/media?parent=16503"}],"wp:term":[{"taxonomy":"product_brand","embeddable":true,"href":"https:\/\/refrigeration.lt\/en\/wp-json\/wp\/v2\/product_brand?post=16503"},{"taxonomy":"product_cat","embeddable":true,"href":"https:\/\/refrigeration.lt\/en\/wp-json\/wp\/v2\/product_cat?post=16503"},{"taxonomy":"product_tag","embeddable":true,"href":"https:\/\/refrigeration.lt\/en\/wp-json\/wp\/v2\/product_tag?post=16503"}],"curies":[{"name":"wp","href":"https:\/\/api.w.org\/{rel}","templated":true}]}}