{"id":16698,"date":"2026-01-20T18:02:52","date_gmt":"2026-01-20T18:02:52","guid":{"rendered":"https:\/\/refrigeration.webdemo.lt\/?post_type=product&#038;p=16698"},"modified":"2026-01-20T21:06:39","modified_gmt":"2026-01-20T19:06:39","slug":"hermetine-stebejimo-akute-freddox-hsg38mf-3-8-8221-mf-sae-16698","status":"publish","type":"product","link":"https:\/\/refrigeration.lt\/en\/product\/hermetine-stebejimo-akute-freddox-hsg38mf-3-8-8221-mf-sae-16698\/","title":{"rendered":"FREDDOX HERMETIC SIGHT GLASS HSG38MF 3\/8&#8243;MF SAE"},"content":{"rendered":"<p>Freddox HSG steb\u0117jimo akut\u0117s yra dr\u0117gm\u0117s ir skys\u010dio indikatoriai, skirti nustatyti \u0161altne\u0161io bei filtro-sausintuvo b\u016bkl\u0119 komercin\u0117se \u0161aldymo sistemose, pramoniniame \u0161aldyme ir oro kondicionavimo \u012frenginiuose.<br \/>\n Jos gaminamos hermeti\u0161kai sandariame korpuse, kuriame l\u0119\u0161is yra \u012fmontuotas \u017ealvariniame korpuse, taip i\u0161vengiant bet koki\u0173 galim\u0173 \u0161altne\u0161io nuot\u0117ki\u0173.<br \/>\n Freddox steb\u0117jimo akut\u0117s yra suderinamos su pagrindiniais \u0161altne\u0161iais: HCFC, HFC, HFO ir HFO\/HFC mi\u0161iniais, taip pat su HC \u0161altne\u0161iais iki 45 bar sl\u0117gio.<br \/>\n Jos tiekiamos su lituojamomis (ODF) arba k\u016bgin\u0117mis (flare) jungtimis, dyd\u017eiai nuo 1\/4&#8243; (6 mm) iki 1 1\/8&#8243; (28 mm). <\/p>","protected":false},"excerpt":{"rendered":"<p>Freddox HSG steb\u0117jimo akut\u0117s yra dr\u0117gm\u0117s ir skys\u010dio indikatoriai, skirti nustatyti \u0161altne\u0161io bei filtro-sausintuvo b\u016bkl\u0119 komercin\u0117se \u0161aldymo sistemose, pramoniniame \u0161aldyme ir oro kondicionavimo \u012frenginiuose. Jos gaminamos hermeti\u0161kai sandariame korpuse, kuriame l\u0119\u0161is yra \u012fmontuotas \u017ealvariniame korpuse, taip i\u0161vengiant bet koki\u0173 galim\u0173 \u0161altne\u0161io nuot\u0117ki\u0173. Freddox steb\u0117jimo akut\u0117s yra suderinamos su pagrindiniais \u0161altne\u0161iais: HCFC, HFC, HFO ir HFO\/HFC [&hellip;]<\/p>\n","protected":false},"featured_media":16699,"comment_status":"open","ping_status":"closed","template":"","meta":{"_acf_changed":false},"product_brand":[],"product_cat":[116,83,176,59,178],"product_tag":[],"class_list":{"0":"post-16698","1":"product","2":"type-product","3":"status-publish","4":"has-post-thumbnail","6":"product_cat-freddox","7":"product_cat-gamintojai","8":"product_cat-komponentai","9":"product_cat-saldymas","10":"product_cat-stebejimo-akutes","12":"first","13":"instock","14":"taxable","15":"shipping-taxable","16":"purchasable","17":"product-type-simple"},"acf":[],"yoast_head":"<!-- This site is optimized with the Yoast SEO plugin v27.4 - https:\/\/yoast.com\/product\/yoast-seo-wordpress\/ -->\n<title>Hermetin\u0117 steb\u0117jimo akut\u0117 FREDDOX HSG38MF 3\/8&#8243; MF SAE | Beijer Ref<\/title>\n<meta name=\"description\" content=\"Hermetin\u0117 steb\u0117jimo akut\u0117 FREDDOX HSG38MF 3\/8&#8243; MF SAE. Pirkite internetu arba pateikite u\u017eklaus\u0105.\" \/>\n<meta name=\"robots\" content=\"index, follow, max-snippet:-1, max-image-preview:large, max-video-preview:-1\" \/>\n<link rel=\"canonical\" href=\"https:\/\/refrigeration.lt\/en\/product\/hermetine-stebejimo-akute-freddox-hsg38mf-3-8-8221-mf-sae-16698\/\" \/>\n<meta property=\"og:locale\" content=\"en_US\" \/>\n<meta property=\"og:type\" content=\"article\" \/>\n<meta property=\"og:title\" content=\"Hermetin\u0117 steb\u0117jimo akut\u0117 FREDDOX HSG38MF 3\/8&#8243; MF SAE | Beijer Ref\" \/>\n<meta property=\"og:description\" content=\"Hermetin\u0117 steb\u0117jimo akut\u0117 FREDDOX HSG38MF 3\/8&#8243; MF SAE. Pirkite internetu arba pateikite u\u017eklaus\u0105.\" \/>\n<meta property=\"og:url\" content=\"https:\/\/refrigeration.lt\/en\/product\/hermetine-stebejimo-akute-freddox-hsg38mf-3-8-8221-mf-sae-16698\/\" \/>\n<meta property=\"og:site_name\" content=\"Beijer Ref\" \/>\n<meta property=\"article:modified_time\" content=\"2026-01-20T19:06:39+00:00\" \/>\n<meta property=\"og:image\" content=\"https:\/\/refrigeration.lt\/wp-content\/uploads\/2026\/01\/hermetine-stebejimo-akute-freddox-hsg38mf-3-8-8221-mf-sae-16698.jpg\" \/>\n\t<meta property=\"og:image:width\" content=\"640\" \/>\n\t<meta property=\"og:image:height\" content=\"640\" \/>\n\t<meta property=\"og:image:type\" content=\"image\/jpeg\" \/>\n<meta name=\"twitter:card\" content=\"summary_large_image\" \/>\n<meta name=\"twitter:label1\" content=\"Est. reading time\" \/>\n\t<meta name=\"twitter:data1\" content=\"1 minute\" \/>\n<script type=\"application\/ld+json\" class=\"yoast-schema-graph\">{\"@context\":\"https:\\\/\\\/schema.org\",\"@graph\":[{\"@type\":\"WebPage\",\"@id\":\"https:\\\/\\\/refrigeration.lt\\\/produktas\\\/hermetine-stebejimo-akute-freddox-hsg38mf-3-8-8221-mf-sae-16698\\\/\",\"url\":\"https:\\\/\\\/refrigeration.lt\\\/produktas\\\/hermetine-stebejimo-akute-freddox-hsg38mf-3-8-8221-mf-sae-16698\\\/\",\"name\":\"Hermetin\u0117 steb\u0117jimo akut\u0117 FREDDOX HSG38MF 3\\\/8&#8243; MF SAE | Beijer Ref\",\"isPartOf\":{\"@id\":\"https:\\\/\\\/refrigeration.lt\\\/#website\"},\"primaryImageOfPage\":{\"@id\":\"https:\\\/\\\/refrigeration.lt\\\/produktas\\\/hermetine-stebejimo-akute-freddox-hsg38mf-3-8-8221-mf-sae-16698\\\/#primaryimage\"},\"image\":{\"@id\":\"https:\\\/\\\/refrigeration.lt\\\/produktas\\\/hermetine-stebejimo-akute-freddox-hsg38mf-3-8-8221-mf-sae-16698\\\/#primaryimage\"},\"thumbnailUrl\":\"https:\\\/\\\/refrigeration.lt\\\/wp-content\\\/uploads\\\/2026\\\/01\\\/hermetine-stebejimo-akute-freddox-hsg38mf-3-8-8221-mf-sae-16698.jpg\",\"datePublished\":\"2026-01-20T18:02:52+00:00\",\"dateModified\":\"2026-01-20T19:06:39+00:00\",\"description\":\"Hermetin\u0117 steb\u0117jimo akut\u0117 FREDDOX HSG38MF 3\\\/8&#8243; MF SAE. Pirkite internetu arba pateikite u\u017eklaus\u0105.\",\"breadcrumb\":{\"@id\":\"https:\\\/\\\/refrigeration.lt\\\/produktas\\\/hermetine-stebejimo-akute-freddox-hsg38mf-3-8-8221-mf-sae-16698\\\/#breadcrumb\"},\"inLanguage\":\"en-US\",\"potentialAction\":[{\"@type\":\"ReadAction\",\"target\":[\"https:\\\/\\\/refrigeration.lt\\\/produktas\\\/hermetine-stebejimo-akute-freddox-hsg38mf-3-8-8221-mf-sae-16698\\\/\"]}]},{\"@type\":\"ImageObject\",\"inLanguage\":\"en-US\",\"@id\":\"https:\\\/\\\/refrigeration.lt\\\/produktas\\\/hermetine-stebejimo-akute-freddox-hsg38mf-3-8-8221-mf-sae-16698\\\/#primaryimage\",\"url\":\"https:\\\/\\\/refrigeration.lt\\\/wp-content\\\/uploads\\\/2026\\\/01\\\/hermetine-stebejimo-akute-freddox-hsg38mf-3-8-8221-mf-sae-16698.jpg\",\"contentUrl\":\"https:\\\/\\\/refrigeration.lt\\\/wp-content\\\/uploads\\\/2026\\\/01\\\/hermetine-stebejimo-akute-freddox-hsg38mf-3-8-8221-mf-sae-16698.jpg\",\"width\":640,\"height\":640,\"caption\":\"Hermetin\u0117 steb\u0117jimo akut\u0117 FREDDOX HSG38MF 3\\\/8&#8221; MF SAE\"},{\"@type\":\"BreadcrumbList\",\"@id\":\"https:\\\/\\\/refrigeration.lt\\\/produktas\\\/hermetine-stebejimo-akute-freddox-hsg38mf-3-8-8221-mf-sae-16698\\\/#breadcrumb\",\"itemListElement\":[{\"@type\":\"ListItem\",\"position\":1,\"name\":\"Home\",\"item\":\"https:\\\/\\\/refrigeration.lt\\\/\"},{\"@type\":\"ListItem\",\"position\":2,\"name\":\"Visos prek\u0117s\",\"item\":\"https:\\\/\\\/refrigeration.lt\\\/parduotuve\\\/\"},{\"@type\":\"ListItem\",\"position\":3,\"name\":\"Hermetin\u0117 steb\u0117jimo akut\u0117 FREDDOX HSG38MF 3\\\/8&#8243; MF SAE\"}]},{\"@type\":\"WebSite\",\"@id\":\"https:\\\/\\\/refrigeration.lt\\\/#website\",\"url\":\"https:\\\/\\\/refrigeration.lt\\\/\",\"name\":\"Beijer Ref\",\"description\":\"Tarptautin\u0117 didmeninink\u0173 grup\u0117, veikianti komercinio \u0161aldymo, komforto \u0161aldymo, pramoninio \u0161aldymo ir susijusiuose sektoriuose.\",\"publisher\":{\"@id\":\"https:\\\/\\\/refrigeration.lt\\\/#organization\"},\"potentialAction\":[{\"@type\":\"SearchAction\",\"target\":{\"@type\":\"EntryPoint\",\"urlTemplate\":\"https:\\\/\\\/refrigeration.lt\\\/?s={search_term_string}\"},\"query-input\":{\"@type\":\"PropertyValueSpecification\",\"valueRequired\":true,\"valueName\":\"search_term_string\"}}],\"inLanguage\":\"en-US\"},{\"@type\":\"Organization\",\"@id\":\"https:\\\/\\\/refrigeration.lt\\\/#organization\",\"name\":\"Beijer Ref\",\"url\":\"https:\\\/\\\/refrigeration.lt\\\/\",\"logo\":{\"@type\":\"ImageObject\",\"inLanguage\":\"en-US\",\"@id\":\"https:\\\/\\\/refrigeration.lt\\\/#\\\/schema\\\/logo\\\/image\\\/\",\"url\":\"https:\\\/\\\/refrigeration.lt\\\/wp-content\\\/uploads\\\/2025\\\/09\\\/Beijer-Ref-LT-logo.png\",\"contentUrl\":\"https:\\\/\\\/refrigeration.lt\\\/wp-content\\\/uploads\\\/2025\\\/09\\\/Beijer-Ref-LT-logo.png\",\"width\":161,\"height\":38,\"caption\":\"Beijer Ref\"},\"image\":{\"@id\":\"https:\\\/\\\/refrigeration.lt\\\/#\\\/schema\\\/logo\\\/image\\\/\"}}]}<\/script>\n<!-- \/ Yoast SEO plugin. -->","yoast_head_json":{"title":"Hermetin\u0117 steb\u0117jimo akut\u0117 FREDDOX HSG38MF 3\/8&#8243; MF SAE | Beijer Ref","description":"Hermetin\u0117 steb\u0117jimo akut\u0117 FREDDOX HSG38MF 3\/8&#8243; MF SAE. Pirkite internetu arba pateikite u\u017eklaus\u0105.","robots":{"index":"index","follow":"follow","max-snippet":"max-snippet:-1","max-image-preview":"max-image-preview:large","max-video-preview":"max-video-preview:-1"},"canonical":"https:\/\/refrigeration.lt\/en\/product\/hermetine-stebejimo-akute-freddox-hsg38mf-3-8-8221-mf-sae-16698\/","og_locale":"en_US","og_type":"article","og_title":"Hermetin\u0117 steb\u0117jimo akut\u0117 FREDDOX HSG38MF 3\/8&#8243; MF SAE | Beijer Ref","og_description":"Hermetin\u0117 steb\u0117jimo akut\u0117 FREDDOX HSG38MF 3\/8&#8243; MF SAE. Pirkite internetu arba pateikite u\u017eklaus\u0105.","og_url":"https:\/\/refrigeration.lt\/en\/product\/hermetine-stebejimo-akute-freddox-hsg38mf-3-8-8221-mf-sae-16698\/","og_site_name":"Beijer Ref","article_modified_time":"2026-01-20T19:06:39+00:00","og_image":[{"width":640,"height":640,"url":"https:\/\/refrigeration.lt\/wp-content\/uploads\/2026\/01\/hermetine-stebejimo-akute-freddox-hsg38mf-3-8-8221-mf-sae-16698.jpg","type":"image\/jpeg"}],"twitter_card":"summary_large_image","twitter_misc":{"Est. reading time":"1 minute"},"schema":{"@context":"https:\/\/schema.org","@graph":[{"@type":"WebPage","@id":"https:\/\/refrigeration.lt\/produktas\/hermetine-stebejimo-akute-freddox-hsg38mf-3-8-8221-mf-sae-16698\/","url":"https:\/\/refrigeration.lt\/produktas\/hermetine-stebejimo-akute-freddox-hsg38mf-3-8-8221-mf-sae-16698\/","name":"Hermetin\u0117 steb\u0117jimo akut\u0117 FREDDOX HSG38MF 3\/8&#8243; MF SAE | Beijer Ref","isPartOf":{"@id":"https:\/\/refrigeration.lt\/#website"},"primaryImageOfPage":{"@id":"https:\/\/refrigeration.lt\/produktas\/hermetine-stebejimo-akute-freddox-hsg38mf-3-8-8221-mf-sae-16698\/#primaryimage"},"image":{"@id":"https:\/\/refrigeration.lt\/produktas\/hermetine-stebejimo-akute-freddox-hsg38mf-3-8-8221-mf-sae-16698\/#primaryimage"},"thumbnailUrl":"https:\/\/refrigeration.lt\/wp-content\/uploads\/2026\/01\/hermetine-stebejimo-akute-freddox-hsg38mf-3-8-8221-mf-sae-16698.jpg","datePublished":"2026-01-20T18:02:52+00:00","dateModified":"2026-01-20T19:06:39+00:00","description":"Hermetin\u0117 steb\u0117jimo akut\u0117 FREDDOX HSG38MF 3\/8&#8243; MF SAE. Pirkite internetu arba pateikite u\u017eklaus\u0105.","breadcrumb":{"@id":"https:\/\/refrigeration.lt\/produktas\/hermetine-stebejimo-akute-freddox-hsg38mf-3-8-8221-mf-sae-16698\/#breadcrumb"},"inLanguage":"en-US","potentialAction":[{"@type":"ReadAction","target":["https:\/\/refrigeration.lt\/produktas\/hermetine-stebejimo-akute-freddox-hsg38mf-3-8-8221-mf-sae-16698\/"]}]},{"@type":"ImageObject","inLanguage":"en-US","@id":"https:\/\/refrigeration.lt\/produktas\/hermetine-stebejimo-akute-freddox-hsg38mf-3-8-8221-mf-sae-16698\/#primaryimage","url":"https:\/\/refrigeration.lt\/wp-content\/uploads\/2026\/01\/hermetine-stebejimo-akute-freddox-hsg38mf-3-8-8221-mf-sae-16698.jpg","contentUrl":"https:\/\/refrigeration.lt\/wp-content\/uploads\/2026\/01\/hermetine-stebejimo-akute-freddox-hsg38mf-3-8-8221-mf-sae-16698.jpg","width":640,"height":640,"caption":"Hermetin\u0117 steb\u0117jimo akut\u0117 FREDDOX HSG38MF 3\/8&#8221; MF SAE"},{"@type":"BreadcrumbList","@id":"https:\/\/refrigeration.lt\/produktas\/hermetine-stebejimo-akute-freddox-hsg38mf-3-8-8221-mf-sae-16698\/#breadcrumb","itemListElement":[{"@type":"ListItem","position":1,"name":"Home","item":"https:\/\/refrigeration.lt\/"},{"@type":"ListItem","position":2,"name":"Visos prek\u0117s","item":"https:\/\/refrigeration.lt\/parduotuve\/"},{"@type":"ListItem","position":3,"name":"Hermetin\u0117 steb\u0117jimo akut\u0117 FREDDOX HSG38MF 3\/8&#8243; MF SAE"}]},{"@type":"WebSite","@id":"https:\/\/refrigeration.lt\/#website","url":"https:\/\/refrigeration.lt\/","name":"Beijer Ref","description":"Tarptautin\u0117 didmeninink\u0173 grup\u0117, veikianti komercinio \u0161aldymo, komforto \u0161aldymo, pramoninio \u0161aldymo ir susijusiuose sektoriuose.","publisher":{"@id":"https:\/\/refrigeration.lt\/#organization"},"potentialAction":[{"@type":"SearchAction","target":{"@type":"EntryPoint","urlTemplate":"https:\/\/refrigeration.lt\/?s={search_term_string}"},"query-input":{"@type":"PropertyValueSpecification","valueRequired":true,"valueName":"search_term_string"}}],"inLanguage":"en-US"},{"@type":"Organization","@id":"https:\/\/refrigeration.lt\/#organization","name":"Beijer Ref","url":"https:\/\/refrigeration.lt\/","logo":{"@type":"ImageObject","inLanguage":"en-US","@id":"https:\/\/refrigeration.lt\/#\/schema\/logo\/image\/","url":"https:\/\/refrigeration.lt\/wp-content\/uploads\/2025\/09\/Beijer-Ref-LT-logo.png","contentUrl":"https:\/\/refrigeration.lt\/wp-content\/uploads\/2025\/09\/Beijer-Ref-LT-logo.png","width":161,"height":38,"caption":"Beijer Ref"},"image":{"@id":"https:\/\/refrigeration.lt\/#\/schema\/logo\/image\/"}}]}},"_links":{"self":[{"href":"https:\/\/refrigeration.lt\/en\/wp-json\/wp\/v2\/product\/16698","targetHints":{"allow":["GET"]}}],"collection":[{"href":"https:\/\/refrigeration.lt\/en\/wp-json\/wp\/v2\/product"}],"about":[{"href":"https:\/\/refrigeration.lt\/en\/wp-json\/wp\/v2\/types\/product"}],"replies":[{"embeddable":true,"href":"https:\/\/refrigeration.lt\/en\/wp-json\/wp\/v2\/comments?post=16698"}],"wp:featuredmedia":[{"embeddable":true,"href":"https:\/\/refrigeration.lt\/en\/wp-json\/wp\/v2\/media\/16699"}],"wp:attachment":[{"href":"https:\/\/refrigeration.lt\/en\/wp-json\/wp\/v2\/media?parent=16698"}],"wp:term":[{"taxonomy":"product_brand","embeddable":true,"href":"https:\/\/refrigeration.lt\/en\/wp-json\/wp\/v2\/product_brand?post=16698"},{"taxonomy":"product_cat","embeddable":true,"href":"https:\/\/refrigeration.lt\/en\/wp-json\/wp\/v2\/product_cat?post=16698"},{"taxonomy":"product_tag","embeddable":true,"href":"https:\/\/refrigeration.lt\/en\/wp-json\/wp\/v2\/product_tag?post=16698"}],"curies":[{"name":"wp","href":"https:\/\/api.w.org\/{rel}","templated":true}]}}