{"id":16786,"date":"2026-01-20T18:03:49","date_gmt":"2026-01-20T18:03:49","guid":{"rendered":"https:\/\/refrigeration.webdemo.lt\/?post_type=product&p=16786"},"modified":"2026-01-20T18:03:49","modified_gmt":"2026-01-20T18:03:49","slug":"saltnesio-surinkimo-irenginys-fd-520-eu-p04-16786","status":"publish","type":"product","link":"https:\/\/refrigeration.lt\/en\/product\/saltnesio-surinkimo-irenginys-fd-520-eu-p04-16786\/","title":{"rendered":"RECOVERY UNIT FD-520 EU P04"},"content":{"rendered":"<p>The Freddox FD-520D represents an intelligent unit featuring a brushless motor, a digital pressure gauge, and a digital integration module. The unit excels in facilitating rapid and dependable recovery and filling operations for refrigerant circuits, due to its robust 1HP brushless motor, which employs sparkless technology to ensure compatibility with a wide range of refrigerants, including flammable R32 and R1234yf. The FD-520D is designed for convenience, featuring a compact double cylinder design that provides swift recovery, lightweight portability, and exceptional field performance. It is equipped with a high-definition LCD screen displaying a digital gauge, all controllable with a single button for seamless operation.<\/p>","protected":false},"excerpt":{"rendered":"<p>The Freddox FD-520D represents an intelligent unit featuring a brushless motor, a digital pressure gauge, and a digital integration module. The unit excels in facilitating rapid and dependable recovery and filling operations for refrigerant circuits, due to its robust 1HP brushless motor, which employs sparkless technology to ensure compatibility with a wide range of refrigerants, including flammable R32 and R1234yf. The FD-520D is designed for convenience, featuring a compact double cylinder design that provides swift recovery, lightweight portability, and exceptional field performance. It is equipped with a high-definition LCD screen displaying a digital gauge, all controllable with a single button for seamless operation.<\/p>","protected":false},"featured_media":16787,"comment_status":"open","ping_status":"closed","template":"","meta":{"_acf_changed":false},"product_brand":[],"product_cat":[116,83,69,72],"product_tag":[],"class_list":{"0":"post-16786","1":"product","2":"type-product","3":"status-publish","4":"has-post-thumbnail","6":"product_cat-freddox","7":"product_cat-gamintojai","8":"product_cat-irankiai","9":"product_cat-stoteles","11":"first","12":"instock","13":"taxable","14":"shipping-taxable","15":"purchasable","16":"product-type-simple"},"acf":[],"yoast_head":"<!-- This site is optimized with the Yoast SEO plugin v27.4 - https:\/\/yoast.com\/product\/yoast-seo-wordpress\/ -->\n<title>\u0160altne\u0161io surinkimo \u012frenginys FD-520 EU P04 | Beijer Ref<\/title>\n<meta name=\"description\" content=\"\u0160altne\u0161io surinkimo \u012frenginys FD-520 EU P04. Pirkite internetu arba pateikite u\u017eklaus\u0105.\" \/>\n<meta name=\"robots\" content=\"index, follow, max-snippet:-1, max-image-preview:large, max-video-preview:-1\" \/>\n<link rel=\"canonical\" href=\"https:\/\/refrigeration.lt\/en\/product\/saltnesio-surinkimo-irenginys-fd-520-eu-p04-16786\/\" \/>\n<meta property=\"og:locale\" content=\"en_US\" \/>\n<meta property=\"og:type\" content=\"article\" \/>\n<meta property=\"og:title\" content=\"\u0160altne\u0161io surinkimo \u012frenginys FD-520 EU P04 | Beijer Ref\" \/>\n<meta property=\"og:description\" content=\"\u0160altne\u0161io surinkimo \u012frenginys FD-520 EU P04. Pirkite internetu arba pateikite u\u017eklaus\u0105.\" \/>\n<meta property=\"og:url\" content=\"https:\/\/refrigeration.lt\/en\/product\/saltnesio-surinkimo-irenginys-fd-520-eu-p04-16786\/\" \/>\n<meta property=\"og:site_name\" content=\"Beijer Ref\" \/>\n<meta property=\"og:image\" content=\"https:\/\/refrigeration.lt\/wp-content\/uploads\/2026\/01\/saltnesio-surinkimo-irenginys-fd-520-eu-p04-16786-scaled.jpg\" \/>\n\t<meta property=\"og:image:width\" content=\"2560\" \/>\n\t<meta property=\"og:image:height\" content=\"2181\" \/>\n\t<meta property=\"og:image:type\" content=\"image\/jpeg\" \/>\n<meta name=\"twitter:card\" content=\"summary_large_image\" \/>\n<script type=\"application\/ld+json\" class=\"yoast-schema-graph\">{\"@context\":\"https:\\\/\\\/schema.org\",\"@graph\":[{\"@type\":\"WebPage\",\"@id\":\"https:\\\/\\\/refrigeration.lt\\\/produktas\\\/saltnesio-surinkimo-irenginys-fd-520-eu-p04-16786\\\/\",\"url\":\"https:\\\/\\\/refrigeration.lt\\\/produktas\\\/saltnesio-surinkimo-irenginys-fd-520-eu-p04-16786\\\/\",\"name\":\"\u0160altne\u0161io surinkimo \u012frenginys FD-520 EU P04 | Beijer Ref\",\"isPartOf\":{\"@id\":\"https:\\\/\\\/refrigeration.lt\\\/#website\"},\"primaryImageOfPage\":{\"@id\":\"https:\\\/\\\/refrigeration.lt\\\/produktas\\\/saltnesio-surinkimo-irenginys-fd-520-eu-p04-16786\\\/#primaryimage\"},\"image\":{\"@id\":\"https:\\\/\\\/refrigeration.lt\\\/produktas\\\/saltnesio-surinkimo-irenginys-fd-520-eu-p04-16786\\\/#primaryimage\"},\"thumbnailUrl\":\"https:\\\/\\\/refrigeration.lt\\\/wp-content\\\/uploads\\\/2026\\\/01\\\/saltnesio-surinkimo-irenginys-fd-520-eu-p04-16786-scaled.jpg\",\"datePublished\":\"2026-01-20T18:03:49+00:00\",\"description\":\"\u0160altne\u0161io surinkimo \u012frenginys FD-520 EU P04. Pirkite internetu arba pateikite u\u017eklaus\u0105.\",\"breadcrumb\":{\"@id\":\"https:\\\/\\\/refrigeration.lt\\\/produktas\\\/saltnesio-surinkimo-irenginys-fd-520-eu-p04-16786\\\/#breadcrumb\"},\"inLanguage\":\"en-US\",\"potentialAction\":[{\"@type\":\"ReadAction\",\"target\":[\"https:\\\/\\\/refrigeration.lt\\\/produktas\\\/saltnesio-surinkimo-irenginys-fd-520-eu-p04-16786\\\/\"]}]},{\"@type\":\"ImageObject\",\"inLanguage\":\"en-US\",\"@id\":\"https:\\\/\\\/refrigeration.lt\\\/produktas\\\/saltnesio-surinkimo-irenginys-fd-520-eu-p04-16786\\\/#primaryimage\",\"url\":\"https:\\\/\\\/refrigeration.lt\\\/wp-content\\\/uploads\\\/2026\\\/01\\\/saltnesio-surinkimo-irenginys-fd-520-eu-p04-16786-scaled.jpg\",\"contentUrl\":\"https:\\\/\\\/refrigeration.lt\\\/wp-content\\\/uploads\\\/2026\\\/01\\\/saltnesio-surinkimo-irenginys-fd-520-eu-p04-16786-scaled.jpg\",\"width\":2560,\"height\":2181,\"caption\":\"\u0160altne\u0161io surinkimo \u012frenginys FD-520 EU P04\"},{\"@type\":\"BreadcrumbList\",\"@id\":\"https:\\\/\\\/refrigeration.lt\\\/produktas\\\/saltnesio-surinkimo-irenginys-fd-520-eu-p04-16786\\\/#breadcrumb\",\"itemListElement\":[{\"@type\":\"ListItem\",\"position\":1,\"name\":\"Home\",\"item\":\"https:\\\/\\\/refrigeration.lt\\\/\"},{\"@type\":\"ListItem\",\"position\":2,\"name\":\"Visos prek\u0117s\",\"item\":\"https:\\\/\\\/refrigeration.lt\\\/parduotuve\\\/\"},{\"@type\":\"ListItem\",\"position\":3,\"name\":\"\u0160altne\u0161io surinkimo \u012frenginys FD-520 EU P04\"}]},{\"@type\":\"WebSite\",\"@id\":\"https:\\\/\\\/refrigeration.lt\\\/#website\",\"url\":\"https:\\\/\\\/refrigeration.lt\\\/\",\"name\":\"Beijer Ref\",\"description\":\"Tarptautin\u0117 didmeninink\u0173 grup\u0117, veikianti komercinio \u0161aldymo, komforto \u0161aldymo, pramoninio \u0161aldymo ir susijusiuose sektoriuose.\",\"publisher\":{\"@id\":\"https:\\\/\\\/refrigeration.lt\\\/#organization\"},\"potentialAction\":[{\"@type\":\"SearchAction\",\"target\":{\"@type\":\"EntryPoint\",\"urlTemplate\":\"https:\\\/\\\/refrigeration.lt\\\/?s={search_term_string}\"},\"query-input\":{\"@type\":\"PropertyValueSpecification\",\"valueRequired\":true,\"valueName\":\"search_term_string\"}}],\"inLanguage\":\"en-US\"},{\"@type\":\"Organization\",\"@id\":\"https:\\\/\\\/refrigeration.lt\\\/#organization\",\"name\":\"Beijer Ref\",\"url\":\"https:\\\/\\\/refrigeration.lt\\\/\",\"logo\":{\"@type\":\"ImageObject\",\"inLanguage\":\"en-US\",\"@id\":\"https:\\\/\\\/refrigeration.lt\\\/#\\\/schema\\\/logo\\\/image\\\/\",\"url\":\"https:\\\/\\\/refrigeration.lt\\\/wp-content\\\/uploads\\\/2025\\\/09\\\/Beijer-Ref-LT-logo.png\",\"contentUrl\":\"https:\\\/\\\/refrigeration.lt\\\/wp-content\\\/uploads\\\/2025\\\/09\\\/Beijer-Ref-LT-logo.png\",\"width\":161,\"height\":38,\"caption\":\"Beijer Ref\"},\"image\":{\"@id\":\"https:\\\/\\\/refrigeration.lt\\\/#\\\/schema\\\/logo\\\/image\\\/\"}}]}<\/script>\n<!-- \/ Yoast SEO plugin. -->","yoast_head_json":{"title":"\u0160altne\u0161io surinkimo \u012frenginys FD-520 EU P04 | Beijer Ref","description":"\u0160altne\u0161io surinkimo \u012frenginys FD-520 EU P04. Pirkite internetu arba pateikite u\u017eklaus\u0105.","robots":{"index":"index","follow":"follow","max-snippet":"max-snippet:-1","max-image-preview":"max-image-preview:large","max-video-preview":"max-video-preview:-1"},"canonical":"https:\/\/refrigeration.lt\/en\/product\/saltnesio-surinkimo-irenginys-fd-520-eu-p04-16786\/","og_locale":"en_US","og_type":"article","og_title":"\u0160altne\u0161io surinkimo \u012frenginys FD-520 EU P04 | Beijer Ref","og_description":"\u0160altne\u0161io surinkimo \u012frenginys FD-520 EU P04. Pirkite internetu arba pateikite u\u017eklaus\u0105.","og_url":"https:\/\/refrigeration.lt\/en\/product\/saltnesio-surinkimo-irenginys-fd-520-eu-p04-16786\/","og_site_name":"Beijer Ref","og_image":[{"width":2560,"height":2181,"url":"https:\/\/refrigeration.lt\/wp-content\/uploads\/2026\/01\/saltnesio-surinkimo-irenginys-fd-520-eu-p04-16786-scaled.jpg","type":"image\/jpeg"}],"twitter_card":"summary_large_image","schema":{"@context":"https:\/\/schema.org","@graph":[{"@type":"WebPage","@id":"https:\/\/refrigeration.lt\/produktas\/saltnesio-surinkimo-irenginys-fd-520-eu-p04-16786\/","url":"https:\/\/refrigeration.lt\/produktas\/saltnesio-surinkimo-irenginys-fd-520-eu-p04-16786\/","name":"\u0160altne\u0161io surinkimo \u012frenginys FD-520 EU P04 | Beijer Ref","isPartOf":{"@id":"https:\/\/refrigeration.lt\/#website"},"primaryImageOfPage":{"@id":"https:\/\/refrigeration.lt\/produktas\/saltnesio-surinkimo-irenginys-fd-520-eu-p04-16786\/#primaryimage"},"image":{"@id":"https:\/\/refrigeration.lt\/produktas\/saltnesio-surinkimo-irenginys-fd-520-eu-p04-16786\/#primaryimage"},"thumbnailUrl":"https:\/\/refrigeration.lt\/wp-content\/uploads\/2026\/01\/saltnesio-surinkimo-irenginys-fd-520-eu-p04-16786-scaled.jpg","datePublished":"2026-01-20T18:03:49+00:00","description":"\u0160altne\u0161io surinkimo \u012frenginys FD-520 EU P04. Pirkite internetu arba pateikite u\u017eklaus\u0105.","breadcrumb":{"@id":"https:\/\/refrigeration.lt\/produktas\/saltnesio-surinkimo-irenginys-fd-520-eu-p04-16786\/#breadcrumb"},"inLanguage":"en-US","potentialAction":[{"@type":"ReadAction","target":["https:\/\/refrigeration.lt\/produktas\/saltnesio-surinkimo-irenginys-fd-520-eu-p04-16786\/"]}]},{"@type":"ImageObject","inLanguage":"en-US","@id":"https:\/\/refrigeration.lt\/produktas\/saltnesio-surinkimo-irenginys-fd-520-eu-p04-16786\/#primaryimage","url":"https:\/\/refrigeration.lt\/wp-content\/uploads\/2026\/01\/saltnesio-surinkimo-irenginys-fd-520-eu-p04-16786-scaled.jpg","contentUrl":"https:\/\/refrigeration.lt\/wp-content\/uploads\/2026\/01\/saltnesio-surinkimo-irenginys-fd-520-eu-p04-16786-scaled.jpg","width":2560,"height":2181,"caption":"\u0160altne\u0161io surinkimo \u012frenginys FD-520 EU P04"},{"@type":"BreadcrumbList","@id":"https:\/\/refrigeration.lt\/produktas\/saltnesio-surinkimo-irenginys-fd-520-eu-p04-16786\/#breadcrumb","itemListElement":[{"@type":"ListItem","position":1,"name":"Home","item":"https:\/\/refrigeration.lt\/"},{"@type":"ListItem","position":2,"name":"Visos prek\u0117s","item":"https:\/\/refrigeration.lt\/parduotuve\/"},{"@type":"ListItem","position":3,"name":"\u0160altne\u0161io surinkimo \u012frenginys FD-520 EU P04"}]},{"@type":"WebSite","@id":"https:\/\/refrigeration.lt\/#website","url":"https:\/\/refrigeration.lt\/","name":"Beijer Ref","description":"Tarptautin\u0117 didmeninink\u0173 grup\u0117, veikianti komercinio \u0161aldymo, komforto \u0161aldymo, pramoninio \u0161aldymo ir susijusiuose sektoriuose.","publisher":{"@id":"https:\/\/refrigeration.lt\/#organization"},"potentialAction":[{"@type":"SearchAction","target":{"@type":"EntryPoint","urlTemplate":"https:\/\/refrigeration.lt\/?s={search_term_string}"},"query-input":{"@type":"PropertyValueSpecification","valueRequired":true,"valueName":"search_term_string"}}],"inLanguage":"en-US"},{"@type":"Organization","@id":"https:\/\/refrigeration.lt\/#organization","name":"Beijer Ref","url":"https:\/\/refrigeration.lt\/","logo":{"@type":"ImageObject","inLanguage":"en-US","@id":"https:\/\/refrigeration.lt\/#\/schema\/logo\/image\/","url":"https:\/\/refrigeration.lt\/wp-content\/uploads\/2025\/09\/Beijer-Ref-LT-logo.png","contentUrl":"https:\/\/refrigeration.lt\/wp-content\/uploads\/2025\/09\/Beijer-Ref-LT-logo.png","width":161,"height":38,"caption":"Beijer Ref"},"image":{"@id":"https:\/\/refrigeration.lt\/#\/schema\/logo\/image\/"}}]}},"_links":{"self":[{"href":"https:\/\/refrigeration.lt\/en\/wp-json\/wp\/v2\/product\/16786","targetHints":{"allow":["GET"]}}],"collection":[{"href":"https:\/\/refrigeration.lt\/en\/wp-json\/wp\/v2\/product"}],"about":[{"href":"https:\/\/refrigeration.lt\/en\/wp-json\/wp\/v2\/types\/product"}],"replies":[{"embeddable":true,"href":"https:\/\/refrigeration.lt\/en\/wp-json\/wp\/v2\/comments?post=16786"}],"wp:featuredmedia":[{"embeddable":true,"href":"https:\/\/refrigeration.lt\/en\/wp-json\/wp\/v2\/media\/16787"}],"wp:attachment":[{"href":"https:\/\/refrigeration.lt\/en\/wp-json\/wp\/v2\/media?parent=16786"}],"wp:term":[{"taxonomy":"product_brand","embeddable":true,"href":"https:\/\/refrigeration.lt\/en\/wp-json\/wp\/v2\/product_brand?post=16786"},{"taxonomy":"product_cat","embeddable":true,"href":"https:\/\/refrigeration.lt\/en\/wp-json\/wp\/v2\/product_cat?post=16786"},{"taxonomy":"product_tag","embeddable":true,"href":"https:\/\/refrigeration.lt\/en\/wp-json\/wp\/v2\/product_tag?post=16786"}],"curies":[{"name":"wp","href":"https:\/\/api.w.org\/{rel}","templated":true}]}}