{"id":16847,"date":"2026-01-20T19:01:09","date_gmt":"2026-01-20T19:01:09","guid":{"rendered":"https:\/\/refrigeration.webdemo.lt\/?post_type=product&p=16847"},"modified":"2026-01-20T19:01:09","modified_gmt":"2026-01-20T19:01:09","slug":"kugine-atrama-d105-h95-500-kg-ral-1013-16847","status":"publish","type":"product","link":"https:\/\/refrigeration.lt\/en\/product\/kugine-atrama-d105-h95-500-kg-ral-1013-16847\/","title":{"rendered":"CONE SUPPORT D105x H95 500kg RAL1013"},"content":{"rendered":"<p>K\u016bgin\u0117 atrama oro kondicionavimo \u012frenginiams, sukurta kaip esteti\u0161kai i\u0161skirtinis sprendimas, palyginti su \u012fprastomis pastatomomis atramomis.<br \/>\n Vibracij\u0173 slopinimas u\u017etikrinamas apa\u010dioje esan\u010diu O formos sandarikliu ir mink\u0161ta PVC plok\u0161tele, kuri taip pat leid\u017eia i\u0161lyginti lauko oro kondicionavimo \u012frengin\u012f, naudojant persidengiant\u012f (sluoksniuot\u0105) montavim\u0105.<\/p>","protected":false},"excerpt":{"rendered":"<p>Cone support for air-conditioning units realized to have a different esthetic solution respect to common floor support. Vibration reduction is warranty by o-ring below positioned and soft PVC platelet that also allow to level air conditioning external unit by overlap use.<\/p>","protected":false},"featured_media":16848,"comment_status":"open","ping_status":"closed","template":"","meta":{"_acf_changed":false},"product_brand":[],"product_cat":[116,83,58,43,36,245,68],"product_tag":[],"class_list":{"0":"post-16847","1":"product","2":"type-product","3":"status-publish","4":"has-post-thumbnail","6":"product_cat-freddox","7":"product_cat-gamintojai","8":"product_cat-kondicionavimas","9":"product_cat-laikikliai","10":"product_cat-montavimo-priedai","11":"product_cat-pastatomi","12":"product_cat-sildymas","14":"first","15":"instock","16":"taxable","17":"shipping-taxable","18":"purchasable","19":"product-type-simple"},"acf":[],"yoast_head":"<!-- This site is optimized with the Yoast SEO plugin v27.4 - https:\/\/yoast.com\/product\/yoast-seo-wordpress\/ -->\n<title>K\u016bgin\u0117 atrama D105 \u00d7 H95, 500 kg, RAL 1013 | Beijer Ref<\/title>\n<meta name=\"description\" content=\"K\u016bgin\u0117 atrama D105 \u00d7 H95, 500 kg, RAL 1013. Pirkite internetu arba pateikite u\u017eklaus\u0105.\" \/>\n<meta name=\"robots\" content=\"index, follow, max-snippet:-1, max-image-preview:large, max-video-preview:-1\" \/>\n<link rel=\"canonical\" href=\"https:\/\/refrigeration.lt\/en\/product\/kugine-atrama-d105-h95-500-kg-ral-1013-16847\/\" \/>\n<meta property=\"og:locale\" content=\"en_US\" \/>\n<meta property=\"og:type\" content=\"article\" \/>\n<meta property=\"og:title\" content=\"K\u016bgin\u0117 atrama D105 \u00d7 H95, 500 kg, RAL 1013 | Beijer Ref\" \/>\n<meta property=\"og:description\" content=\"K\u016bgin\u0117 atrama D105 \u00d7 H95, 500 kg, RAL 1013. Pirkite internetu arba pateikite u\u017eklaus\u0105.\" \/>\n<meta property=\"og:url\" content=\"https:\/\/refrigeration.lt\/en\/product\/kugine-atrama-d105-h95-500-kg-ral-1013-16847\/\" \/>\n<meta property=\"og:site_name\" content=\"Beijer Ref\" \/>\n<meta property=\"og:image\" content=\"https:\/\/refrigeration.lt\/wp-content\/uploads\/2026\/01\/kugine-atrama-d105-h95-500-kg-ral-1013-16847.png\" \/>\n\t<meta property=\"og:image:width\" content=\"500\" \/>\n\t<meta property=\"og:image:height\" content=\"350\" \/>\n\t<meta property=\"og:image:type\" content=\"image\/png\" \/>\n<meta name=\"twitter:card\" content=\"summary_large_image\" \/>\n<script type=\"application\/ld+json\" class=\"yoast-schema-graph\">{\"@context\":\"https:\\\/\\\/schema.org\",\"@graph\":[{\"@type\":\"WebPage\",\"@id\":\"https:\\\/\\\/refrigeration.lt\\\/produktas\\\/kugine-atrama-d105-h95-500-kg-ral-1013-16847\\\/\",\"url\":\"https:\\\/\\\/refrigeration.lt\\\/produktas\\\/kugine-atrama-d105-h95-500-kg-ral-1013-16847\\\/\",\"name\":\"K\u016bgin\u0117 atrama D105 \u00d7 H95, 500 kg, RAL 1013 | Beijer Ref\",\"isPartOf\":{\"@id\":\"https:\\\/\\\/refrigeration.lt\\\/#website\"},\"primaryImageOfPage\":{\"@id\":\"https:\\\/\\\/refrigeration.lt\\\/produktas\\\/kugine-atrama-d105-h95-500-kg-ral-1013-16847\\\/#primaryimage\"},\"image\":{\"@id\":\"https:\\\/\\\/refrigeration.lt\\\/produktas\\\/kugine-atrama-d105-h95-500-kg-ral-1013-16847\\\/#primaryimage\"},\"thumbnailUrl\":\"https:\\\/\\\/refrigeration.lt\\\/wp-content\\\/uploads\\\/2026\\\/01\\\/kugine-atrama-d105-h95-500-kg-ral-1013-16847.png\",\"datePublished\":\"2026-01-20T19:01:09+00:00\",\"description\":\"K\u016bgin\u0117 atrama D105 \u00d7 H95, 500 kg, RAL 1013. Pirkite internetu arba pateikite u\u017eklaus\u0105.\",\"breadcrumb\":{\"@id\":\"https:\\\/\\\/refrigeration.lt\\\/produktas\\\/kugine-atrama-d105-h95-500-kg-ral-1013-16847\\\/#breadcrumb\"},\"inLanguage\":\"en-US\",\"potentialAction\":[{\"@type\":\"ReadAction\",\"target\":[\"https:\\\/\\\/refrigeration.lt\\\/produktas\\\/kugine-atrama-d105-h95-500-kg-ral-1013-16847\\\/\"]}]},{\"@type\":\"ImageObject\",\"inLanguage\":\"en-US\",\"@id\":\"https:\\\/\\\/refrigeration.lt\\\/produktas\\\/kugine-atrama-d105-h95-500-kg-ral-1013-16847\\\/#primaryimage\",\"url\":\"https:\\\/\\\/refrigeration.lt\\\/wp-content\\\/uploads\\\/2026\\\/01\\\/kugine-atrama-d105-h95-500-kg-ral-1013-16847.png\",\"contentUrl\":\"https:\\\/\\\/refrigeration.lt\\\/wp-content\\\/uploads\\\/2026\\\/01\\\/kugine-atrama-d105-h95-500-kg-ral-1013-16847.png\",\"width\":500,\"height\":350,\"caption\":\"K\u016bgin\u0117 atrama D105 \u00d7 H95, 500 kg, RAL 1013\"},{\"@type\":\"BreadcrumbList\",\"@id\":\"https:\\\/\\\/refrigeration.lt\\\/produktas\\\/kugine-atrama-d105-h95-500-kg-ral-1013-16847\\\/#breadcrumb\",\"itemListElement\":[{\"@type\":\"ListItem\",\"position\":1,\"name\":\"Home\",\"item\":\"https:\\\/\\\/refrigeration.lt\\\/\"},{\"@type\":\"ListItem\",\"position\":2,\"name\":\"Visos prek\u0117s\",\"item\":\"https:\\\/\\\/refrigeration.lt\\\/parduotuve\\\/\"},{\"@type\":\"ListItem\",\"position\":3,\"name\":\"K\u016bgin\u0117 atrama D105 \u00d7 H95, 500 kg, RAL 1013\"}]},{\"@type\":\"WebSite\",\"@id\":\"https:\\\/\\\/refrigeration.lt\\\/#website\",\"url\":\"https:\\\/\\\/refrigeration.lt\\\/\",\"name\":\"Beijer Ref\",\"description\":\"Tarptautin\u0117 didmeninink\u0173 grup\u0117, veikianti komercinio \u0161aldymo, komforto \u0161aldymo, pramoninio \u0161aldymo ir susijusiuose sektoriuose.\",\"publisher\":{\"@id\":\"https:\\\/\\\/refrigeration.lt\\\/#organization\"},\"potentialAction\":[{\"@type\":\"SearchAction\",\"target\":{\"@type\":\"EntryPoint\",\"urlTemplate\":\"https:\\\/\\\/refrigeration.lt\\\/?s={search_term_string}\"},\"query-input\":{\"@type\":\"PropertyValueSpecification\",\"valueRequired\":true,\"valueName\":\"search_term_string\"}}],\"inLanguage\":\"en-US\"},{\"@type\":\"Organization\",\"@id\":\"https:\\\/\\\/refrigeration.lt\\\/#organization\",\"name\":\"Beijer Ref\",\"url\":\"https:\\\/\\\/refrigeration.lt\\\/\",\"logo\":{\"@type\":\"ImageObject\",\"inLanguage\":\"en-US\",\"@id\":\"https:\\\/\\\/refrigeration.lt\\\/#\\\/schema\\\/logo\\\/image\\\/\",\"url\":\"https:\\\/\\\/refrigeration.lt\\\/wp-content\\\/uploads\\\/2025\\\/09\\\/Beijer-Ref-LT-logo.png\",\"contentUrl\":\"https:\\\/\\\/refrigeration.lt\\\/wp-content\\\/uploads\\\/2025\\\/09\\\/Beijer-Ref-LT-logo.png\",\"width\":161,\"height\":38,\"caption\":\"Beijer Ref\"},\"image\":{\"@id\":\"https:\\\/\\\/refrigeration.lt\\\/#\\\/schema\\\/logo\\\/image\\\/\"}}]}<\/script>\n<!-- \/ Yoast SEO plugin. -->","yoast_head_json":{"title":"K\u016bgin\u0117 atrama D105 \u00d7 H95, 500 kg, RAL 1013 | Beijer Ref","description":"K\u016bgin\u0117 atrama D105 \u00d7 H95, 500 kg, RAL 1013. Pirkite internetu arba pateikite u\u017eklaus\u0105.","robots":{"index":"index","follow":"follow","max-snippet":"max-snippet:-1","max-image-preview":"max-image-preview:large","max-video-preview":"max-video-preview:-1"},"canonical":"https:\/\/refrigeration.lt\/en\/product\/kugine-atrama-d105-h95-500-kg-ral-1013-16847\/","og_locale":"en_US","og_type":"article","og_title":"K\u016bgin\u0117 atrama D105 \u00d7 H95, 500 kg, RAL 1013 | Beijer Ref","og_description":"K\u016bgin\u0117 atrama D105 \u00d7 H95, 500 kg, RAL 1013. Pirkite internetu arba pateikite u\u017eklaus\u0105.","og_url":"https:\/\/refrigeration.lt\/en\/product\/kugine-atrama-d105-h95-500-kg-ral-1013-16847\/","og_site_name":"Beijer Ref","og_image":[{"width":500,"height":350,"url":"https:\/\/refrigeration.lt\/wp-content\/uploads\/2026\/01\/kugine-atrama-d105-h95-500-kg-ral-1013-16847.png","type":"image\/png"}],"twitter_card":"summary_large_image","schema":{"@context":"https:\/\/schema.org","@graph":[{"@type":"WebPage","@id":"https:\/\/refrigeration.lt\/produktas\/kugine-atrama-d105-h95-500-kg-ral-1013-16847\/","url":"https:\/\/refrigeration.lt\/produktas\/kugine-atrama-d105-h95-500-kg-ral-1013-16847\/","name":"K\u016bgin\u0117 atrama D105 \u00d7 H95, 500 kg, RAL 1013 | Beijer Ref","isPartOf":{"@id":"https:\/\/refrigeration.lt\/#website"},"primaryImageOfPage":{"@id":"https:\/\/refrigeration.lt\/produktas\/kugine-atrama-d105-h95-500-kg-ral-1013-16847\/#primaryimage"},"image":{"@id":"https:\/\/refrigeration.lt\/produktas\/kugine-atrama-d105-h95-500-kg-ral-1013-16847\/#primaryimage"},"thumbnailUrl":"https:\/\/refrigeration.lt\/wp-content\/uploads\/2026\/01\/kugine-atrama-d105-h95-500-kg-ral-1013-16847.png","datePublished":"2026-01-20T19:01:09+00:00","description":"K\u016bgin\u0117 atrama D105 \u00d7 H95, 500 kg, RAL 1013. Pirkite internetu arba pateikite u\u017eklaus\u0105.","breadcrumb":{"@id":"https:\/\/refrigeration.lt\/produktas\/kugine-atrama-d105-h95-500-kg-ral-1013-16847\/#breadcrumb"},"inLanguage":"en-US","potentialAction":[{"@type":"ReadAction","target":["https:\/\/refrigeration.lt\/produktas\/kugine-atrama-d105-h95-500-kg-ral-1013-16847\/"]}]},{"@type":"ImageObject","inLanguage":"en-US","@id":"https:\/\/refrigeration.lt\/produktas\/kugine-atrama-d105-h95-500-kg-ral-1013-16847\/#primaryimage","url":"https:\/\/refrigeration.lt\/wp-content\/uploads\/2026\/01\/kugine-atrama-d105-h95-500-kg-ral-1013-16847.png","contentUrl":"https:\/\/refrigeration.lt\/wp-content\/uploads\/2026\/01\/kugine-atrama-d105-h95-500-kg-ral-1013-16847.png","width":500,"height":350,"caption":"K\u016bgin\u0117 atrama D105 \u00d7 H95, 500 kg, RAL 1013"},{"@type":"BreadcrumbList","@id":"https:\/\/refrigeration.lt\/produktas\/kugine-atrama-d105-h95-500-kg-ral-1013-16847\/#breadcrumb","itemListElement":[{"@type":"ListItem","position":1,"name":"Home","item":"https:\/\/refrigeration.lt\/"},{"@type":"ListItem","position":2,"name":"Visos prek\u0117s","item":"https:\/\/refrigeration.lt\/parduotuve\/"},{"@type":"ListItem","position":3,"name":"K\u016bgin\u0117 atrama D105 \u00d7 H95, 500 kg, RAL 1013"}]},{"@type":"WebSite","@id":"https:\/\/refrigeration.lt\/#website","url":"https:\/\/refrigeration.lt\/","name":"Beijer Ref","description":"Tarptautin\u0117 didmeninink\u0173 grup\u0117, veikianti komercinio \u0161aldymo, komforto \u0161aldymo, pramoninio \u0161aldymo ir susijusiuose sektoriuose.","publisher":{"@id":"https:\/\/refrigeration.lt\/#organization"},"potentialAction":[{"@type":"SearchAction","target":{"@type":"EntryPoint","urlTemplate":"https:\/\/refrigeration.lt\/?s={search_term_string}"},"query-input":{"@type":"PropertyValueSpecification","valueRequired":true,"valueName":"search_term_string"}}],"inLanguage":"en-US"},{"@type":"Organization","@id":"https:\/\/refrigeration.lt\/#organization","name":"Beijer Ref","url":"https:\/\/refrigeration.lt\/","logo":{"@type":"ImageObject","inLanguage":"en-US","@id":"https:\/\/refrigeration.lt\/#\/schema\/logo\/image\/","url":"https:\/\/refrigeration.lt\/wp-content\/uploads\/2025\/09\/Beijer-Ref-LT-logo.png","contentUrl":"https:\/\/refrigeration.lt\/wp-content\/uploads\/2025\/09\/Beijer-Ref-LT-logo.png","width":161,"height":38,"caption":"Beijer Ref"},"image":{"@id":"https:\/\/refrigeration.lt\/#\/schema\/logo\/image\/"}}]}},"_links":{"self":[{"href":"https:\/\/refrigeration.lt\/en\/wp-json\/wp\/v2\/product\/16847","targetHints":{"allow":["GET"]}}],"collection":[{"href":"https:\/\/refrigeration.lt\/en\/wp-json\/wp\/v2\/product"}],"about":[{"href":"https:\/\/refrigeration.lt\/en\/wp-json\/wp\/v2\/types\/product"}],"replies":[{"embeddable":true,"href":"https:\/\/refrigeration.lt\/en\/wp-json\/wp\/v2\/comments?post=16847"}],"wp:featuredmedia":[{"embeddable":true,"href":"https:\/\/refrigeration.lt\/en\/wp-json\/wp\/v2\/media\/16848"}],"wp:attachment":[{"href":"https:\/\/refrigeration.lt\/en\/wp-json\/wp\/v2\/media?parent=16847"}],"wp:term":[{"taxonomy":"product_brand","embeddable":true,"href":"https:\/\/refrigeration.lt\/en\/wp-json\/wp\/v2\/product_brand?post=16847"},{"taxonomy":"product_cat","embeddable":true,"href":"https:\/\/refrigeration.lt\/en\/wp-json\/wp\/v2\/product_cat?post=16847"},{"taxonomy":"product_tag","embeddable":true,"href":"https:\/\/refrigeration.lt\/en\/wp-json\/wp\/v2\/product_tag?post=16847"}],"curies":[{"name":"wp","href":"https:\/\/api.w.org\/{rel}","templated":true}]}}