{"id":16859,"date":"2026-01-20T19:01:26","date_gmt":"2026-01-20T19:01:26","guid":{"rendered":"https:\/\/refrigeration.webdemo.lt\/?post_type=product&p=16859"},"modified":"2026-01-20T19:01:26","modified_gmt":"2026-01-20T19:01:26","slug":"kojeliu-komplektas-freddox-2-vnt-400-mm-ilgio-16859","status":"publish","type":"product","link":"https:\/\/refrigeration.lt\/en\/product\/kojeliu-komplektas-freddox-2-vnt-400-mm-ilgio-16859\/","title":{"rendered":"FREDDOX SET FEET (2pc) 400 MM LENGHT"},"content":{"rendered":"<p>Freddox atramos (kojel\u0117s) skirtos lauko oro kondicionavimo \u012frenginiams, \u0161ilumos siurbliams, \u0161aldymo kondensatoriams, vamzdynams, ortakiams ar kabeli\u0173 loveliams montuoti ir paremti. D\u0117l savo geometrijos, perdirbtos gumos ir auk\u0161tos kokyb\u0117s poliuretano konstrukcijos su apsauga nuo dr\u0117gm\u0117s ir UV spinduli\u0173, Freddox atramos efektyviai suma\u017eina vibracij\u0173 perdavim\u0105 ir apkrov\u0105 \u012f pagrind\u0105 (grindis).<br \/>\n Vir\u0161uje esantis standartinis aliuminio profilis, tvirtai integruotas \u012f atram\u0105, leid\u017eia naudoti standartinius var\u017etus ir profilio ver\u017eles, u\u017etikrinant paprast\u0105 ir patikim\u0105 mechanin\u012f tvirtinim\u0105.<\/p>","protected":false},"excerpt":{"rendered":"<p>Freddox atramos (kojel\u0117s) skirtos lauko oro kondicionavimo \u012frenginiams, \u0161ilumos siurbliams, \u0161aldymo kondensatoriams, vamzdynams, ortakiams ar kabeli\u0173 loveliams montuoti ir paremti. D\u0117l savo geometrijos, perdirbtos gumos ir auk\u0161tos kokyb\u0117s poliuretano konstrukcijos su apsauga nuo dr\u0117gm\u0117s ir UV spinduli\u0173, Freddox atramos efektyviai suma\u017eina vibracij\u0173 perdavim\u0105 ir apkrov\u0105 \u012f pagrind\u0105 (grindis). Vir\u0161uje esantis standartinis aliuminio profilis, tvirtai integruotas [&hellip;]<\/p>\n","protected":false},"featured_media":16860,"comment_status":"open","ping_status":"closed","template":"","meta":{"_acf_changed":false},"product_brand":[],"product_cat":[116,83,58,43,36,245,68],"product_tag":[],"class_list":{"0":"post-16859","1":"product","2":"type-product","3":"status-publish","4":"has-post-thumbnail","6":"product_cat-freddox","7":"product_cat-gamintojai","8":"product_cat-kondicionavimas","9":"product_cat-laikikliai","10":"product_cat-montavimo-priedai","11":"product_cat-pastatomi","12":"product_cat-sildymas","14":"first","15":"instock","16":"taxable","17":"shipping-taxable","18":"purchasable","19":"product-type-simple"},"acf":[],"yoast_head":"<!-- This site is optimized with the Yoast SEO plugin v27.4 - https:\/\/yoast.com\/product\/yoast-seo-wordpress\/ -->\n<title>Kojeli\u0173 komplektas FREDDOX (2 vnt.), 400 mm ilgio | Beijer Ref<\/title>\n<meta name=\"description\" content=\"Kojeli\u0173 komplektas FREDDOX (2 vnt.), 400 mm ilgio. Pirkite internetu arba pateikite u\u017eklaus\u0105.\" \/>\n<meta name=\"robots\" content=\"index, follow, max-snippet:-1, max-image-preview:large, max-video-preview:-1\" \/>\n<link rel=\"canonical\" href=\"https:\/\/refrigeration.lt\/en\/product\/kojeliu-komplektas-freddox-2-vnt-400-mm-ilgio-16859\/\" \/>\n<meta property=\"og:locale\" content=\"en_US\" \/>\n<meta property=\"og:type\" content=\"article\" \/>\n<meta property=\"og:title\" content=\"Kojeli\u0173 komplektas FREDDOX (2 vnt.), 400 mm ilgio | Beijer Ref\" \/>\n<meta property=\"og:description\" content=\"Kojeli\u0173 komplektas FREDDOX (2 vnt.), 400 mm ilgio. Pirkite internetu arba pateikite u\u017eklaus\u0105.\" \/>\n<meta property=\"og:url\" content=\"https:\/\/refrigeration.lt\/en\/product\/kojeliu-komplektas-freddox-2-vnt-400-mm-ilgio-16859\/\" \/>\n<meta property=\"og:site_name\" content=\"Beijer Ref\" \/>\n<meta property=\"og:image\" content=\"https:\/\/refrigeration.lt\/wp-content\/uploads\/2026\/01\/kojeliu-komplektas-freddox-2-vnt-400-mm-ilgio-16859-scaled.png\" \/>\n\t<meta property=\"og:image:width\" content=\"2560\" \/>\n\t<meta property=\"og:image:height\" content=\"1440\" \/>\n\t<meta property=\"og:image:type\" content=\"image\/png\" \/>\n<meta name=\"twitter:card\" content=\"summary_large_image\" \/>\n<script type=\"application\/ld+json\" class=\"yoast-schema-graph\">{\"@context\":\"https:\\\/\\\/schema.org\",\"@graph\":[{\"@type\":\"WebPage\",\"@id\":\"https:\\\/\\\/refrigeration.lt\\\/produktas\\\/kojeliu-komplektas-freddox-2-vnt-400-mm-ilgio-16859\\\/\",\"url\":\"https:\\\/\\\/refrigeration.lt\\\/produktas\\\/kojeliu-komplektas-freddox-2-vnt-400-mm-ilgio-16859\\\/\",\"name\":\"Kojeli\u0173 komplektas FREDDOX (2 vnt.), 400 mm ilgio | Beijer Ref\",\"isPartOf\":{\"@id\":\"https:\\\/\\\/refrigeration.lt\\\/#website\"},\"primaryImageOfPage\":{\"@id\":\"https:\\\/\\\/refrigeration.lt\\\/produktas\\\/kojeliu-komplektas-freddox-2-vnt-400-mm-ilgio-16859\\\/#primaryimage\"},\"image\":{\"@id\":\"https:\\\/\\\/refrigeration.lt\\\/produktas\\\/kojeliu-komplektas-freddox-2-vnt-400-mm-ilgio-16859\\\/#primaryimage\"},\"thumbnailUrl\":\"https:\\\/\\\/refrigeration.lt\\\/wp-content\\\/uploads\\\/2026\\\/01\\\/kojeliu-komplektas-freddox-2-vnt-400-mm-ilgio-16859-scaled.png\",\"datePublished\":\"2026-01-20T19:01:26+00:00\",\"description\":\"Kojeli\u0173 komplektas FREDDOX (2 vnt.), 400 mm ilgio. Pirkite internetu arba pateikite u\u017eklaus\u0105.\",\"breadcrumb\":{\"@id\":\"https:\\\/\\\/refrigeration.lt\\\/produktas\\\/kojeliu-komplektas-freddox-2-vnt-400-mm-ilgio-16859\\\/#breadcrumb\"},\"inLanguage\":\"en-US\",\"potentialAction\":[{\"@type\":\"ReadAction\",\"target\":[\"https:\\\/\\\/refrigeration.lt\\\/produktas\\\/kojeliu-komplektas-freddox-2-vnt-400-mm-ilgio-16859\\\/\"]}]},{\"@type\":\"ImageObject\",\"inLanguage\":\"en-US\",\"@id\":\"https:\\\/\\\/refrigeration.lt\\\/produktas\\\/kojeliu-komplektas-freddox-2-vnt-400-mm-ilgio-16859\\\/#primaryimage\",\"url\":\"https:\\\/\\\/refrigeration.lt\\\/wp-content\\\/uploads\\\/2026\\\/01\\\/kojeliu-komplektas-freddox-2-vnt-400-mm-ilgio-16859-scaled.png\",\"contentUrl\":\"https:\\\/\\\/refrigeration.lt\\\/wp-content\\\/uploads\\\/2026\\\/01\\\/kojeliu-komplektas-freddox-2-vnt-400-mm-ilgio-16859-scaled.png\",\"width\":2560,\"height\":1440,\"caption\":\"Kojeli\u0173 komplektas FREDDOX (2 vnt.), 400 mm ilgio\"},{\"@type\":\"BreadcrumbList\",\"@id\":\"https:\\\/\\\/refrigeration.lt\\\/produktas\\\/kojeliu-komplektas-freddox-2-vnt-400-mm-ilgio-16859\\\/#breadcrumb\",\"itemListElement\":[{\"@type\":\"ListItem\",\"position\":1,\"name\":\"Home\",\"item\":\"https:\\\/\\\/refrigeration.lt\\\/\"},{\"@type\":\"ListItem\",\"position\":2,\"name\":\"Visos prek\u0117s\",\"item\":\"https:\\\/\\\/refrigeration.lt\\\/parduotuve\\\/\"},{\"@type\":\"ListItem\",\"position\":3,\"name\":\"Kojeli\u0173 komplektas FREDDOX (2 vnt.), 400 mm ilgio\"}]},{\"@type\":\"WebSite\",\"@id\":\"https:\\\/\\\/refrigeration.lt\\\/#website\",\"url\":\"https:\\\/\\\/refrigeration.lt\\\/\",\"name\":\"Beijer Ref\",\"description\":\"Tarptautin\u0117 didmeninink\u0173 grup\u0117, veikianti komercinio \u0161aldymo, komforto \u0161aldymo, pramoninio \u0161aldymo ir susijusiuose sektoriuose.\",\"publisher\":{\"@id\":\"https:\\\/\\\/refrigeration.lt\\\/#organization\"},\"potentialAction\":[{\"@type\":\"SearchAction\",\"target\":{\"@type\":\"EntryPoint\",\"urlTemplate\":\"https:\\\/\\\/refrigeration.lt\\\/?s={search_term_string}\"},\"query-input\":{\"@type\":\"PropertyValueSpecification\",\"valueRequired\":true,\"valueName\":\"search_term_string\"}}],\"inLanguage\":\"en-US\"},{\"@type\":\"Organization\",\"@id\":\"https:\\\/\\\/refrigeration.lt\\\/#organization\",\"name\":\"Beijer Ref\",\"url\":\"https:\\\/\\\/refrigeration.lt\\\/\",\"logo\":{\"@type\":\"ImageObject\",\"inLanguage\":\"en-US\",\"@id\":\"https:\\\/\\\/refrigeration.lt\\\/#\\\/schema\\\/logo\\\/image\\\/\",\"url\":\"https:\\\/\\\/refrigeration.lt\\\/wp-content\\\/uploads\\\/2025\\\/09\\\/Beijer-Ref-LT-logo.png\",\"contentUrl\":\"https:\\\/\\\/refrigeration.lt\\\/wp-content\\\/uploads\\\/2025\\\/09\\\/Beijer-Ref-LT-logo.png\",\"width\":161,\"height\":38,\"caption\":\"Beijer Ref\"},\"image\":{\"@id\":\"https:\\\/\\\/refrigeration.lt\\\/#\\\/schema\\\/logo\\\/image\\\/\"}}]}<\/script>\n<!-- \/ Yoast SEO plugin. -->","yoast_head_json":{"title":"Kojeli\u0173 komplektas FREDDOX (2 vnt.), 400 mm ilgio | Beijer Ref","description":"Kojeli\u0173 komplektas FREDDOX (2 vnt.), 400 mm ilgio. Pirkite internetu arba pateikite u\u017eklaus\u0105.","robots":{"index":"index","follow":"follow","max-snippet":"max-snippet:-1","max-image-preview":"max-image-preview:large","max-video-preview":"max-video-preview:-1"},"canonical":"https:\/\/refrigeration.lt\/en\/product\/kojeliu-komplektas-freddox-2-vnt-400-mm-ilgio-16859\/","og_locale":"en_US","og_type":"article","og_title":"Kojeli\u0173 komplektas FREDDOX (2 vnt.), 400 mm ilgio | Beijer Ref","og_description":"Kojeli\u0173 komplektas FREDDOX (2 vnt.), 400 mm ilgio. Pirkite internetu arba pateikite u\u017eklaus\u0105.","og_url":"https:\/\/refrigeration.lt\/en\/product\/kojeliu-komplektas-freddox-2-vnt-400-mm-ilgio-16859\/","og_site_name":"Beijer Ref","og_image":[{"width":2560,"height":1440,"url":"https:\/\/refrigeration.lt\/wp-content\/uploads\/2026\/01\/kojeliu-komplektas-freddox-2-vnt-400-mm-ilgio-16859-scaled.png","type":"image\/png"}],"twitter_card":"summary_large_image","schema":{"@context":"https:\/\/schema.org","@graph":[{"@type":"WebPage","@id":"https:\/\/refrigeration.lt\/produktas\/kojeliu-komplektas-freddox-2-vnt-400-mm-ilgio-16859\/","url":"https:\/\/refrigeration.lt\/produktas\/kojeliu-komplektas-freddox-2-vnt-400-mm-ilgio-16859\/","name":"Kojeli\u0173 komplektas FREDDOX (2 vnt.), 400 mm ilgio | Beijer Ref","isPartOf":{"@id":"https:\/\/refrigeration.lt\/#website"},"primaryImageOfPage":{"@id":"https:\/\/refrigeration.lt\/produktas\/kojeliu-komplektas-freddox-2-vnt-400-mm-ilgio-16859\/#primaryimage"},"image":{"@id":"https:\/\/refrigeration.lt\/produktas\/kojeliu-komplektas-freddox-2-vnt-400-mm-ilgio-16859\/#primaryimage"},"thumbnailUrl":"https:\/\/refrigeration.lt\/wp-content\/uploads\/2026\/01\/kojeliu-komplektas-freddox-2-vnt-400-mm-ilgio-16859-scaled.png","datePublished":"2026-01-20T19:01:26+00:00","description":"Kojeli\u0173 komplektas FREDDOX (2 vnt.), 400 mm ilgio. Pirkite internetu arba pateikite u\u017eklaus\u0105.","breadcrumb":{"@id":"https:\/\/refrigeration.lt\/produktas\/kojeliu-komplektas-freddox-2-vnt-400-mm-ilgio-16859\/#breadcrumb"},"inLanguage":"en-US","potentialAction":[{"@type":"ReadAction","target":["https:\/\/refrigeration.lt\/produktas\/kojeliu-komplektas-freddox-2-vnt-400-mm-ilgio-16859\/"]}]},{"@type":"ImageObject","inLanguage":"en-US","@id":"https:\/\/refrigeration.lt\/produktas\/kojeliu-komplektas-freddox-2-vnt-400-mm-ilgio-16859\/#primaryimage","url":"https:\/\/refrigeration.lt\/wp-content\/uploads\/2026\/01\/kojeliu-komplektas-freddox-2-vnt-400-mm-ilgio-16859-scaled.png","contentUrl":"https:\/\/refrigeration.lt\/wp-content\/uploads\/2026\/01\/kojeliu-komplektas-freddox-2-vnt-400-mm-ilgio-16859-scaled.png","width":2560,"height":1440,"caption":"Kojeli\u0173 komplektas FREDDOX (2 vnt.), 400 mm ilgio"},{"@type":"BreadcrumbList","@id":"https:\/\/refrigeration.lt\/produktas\/kojeliu-komplektas-freddox-2-vnt-400-mm-ilgio-16859\/#breadcrumb","itemListElement":[{"@type":"ListItem","position":1,"name":"Home","item":"https:\/\/refrigeration.lt\/"},{"@type":"ListItem","position":2,"name":"Visos prek\u0117s","item":"https:\/\/refrigeration.lt\/parduotuve\/"},{"@type":"ListItem","position":3,"name":"Kojeli\u0173 komplektas FREDDOX (2 vnt.), 400 mm ilgio"}]},{"@type":"WebSite","@id":"https:\/\/refrigeration.lt\/#website","url":"https:\/\/refrigeration.lt\/","name":"Beijer Ref","description":"Tarptautin\u0117 didmeninink\u0173 grup\u0117, veikianti komercinio \u0161aldymo, komforto \u0161aldymo, pramoninio \u0161aldymo ir susijusiuose sektoriuose.","publisher":{"@id":"https:\/\/refrigeration.lt\/#organization"},"potentialAction":[{"@type":"SearchAction","target":{"@type":"EntryPoint","urlTemplate":"https:\/\/refrigeration.lt\/?s={search_term_string}"},"query-input":{"@type":"PropertyValueSpecification","valueRequired":true,"valueName":"search_term_string"}}],"inLanguage":"en-US"},{"@type":"Organization","@id":"https:\/\/refrigeration.lt\/#organization","name":"Beijer Ref","url":"https:\/\/refrigeration.lt\/","logo":{"@type":"ImageObject","inLanguage":"en-US","@id":"https:\/\/refrigeration.lt\/#\/schema\/logo\/image\/","url":"https:\/\/refrigeration.lt\/wp-content\/uploads\/2025\/09\/Beijer-Ref-LT-logo.png","contentUrl":"https:\/\/refrigeration.lt\/wp-content\/uploads\/2025\/09\/Beijer-Ref-LT-logo.png","width":161,"height":38,"caption":"Beijer Ref"},"image":{"@id":"https:\/\/refrigeration.lt\/#\/schema\/logo\/image\/"}}]}},"_links":{"self":[{"href":"https:\/\/refrigeration.lt\/en\/wp-json\/wp\/v2\/product\/16859","targetHints":{"allow":["GET"]}}],"collection":[{"href":"https:\/\/refrigeration.lt\/en\/wp-json\/wp\/v2\/product"}],"about":[{"href":"https:\/\/refrigeration.lt\/en\/wp-json\/wp\/v2\/types\/product"}],"replies":[{"embeddable":true,"href":"https:\/\/refrigeration.lt\/en\/wp-json\/wp\/v2\/comments?post=16859"}],"wp:featuredmedia":[{"embeddable":true,"href":"https:\/\/refrigeration.lt\/en\/wp-json\/wp\/v2\/media\/16860"}],"wp:attachment":[{"href":"https:\/\/refrigeration.lt\/en\/wp-json\/wp\/v2\/media?parent=16859"}],"wp:term":[{"taxonomy":"product_brand","embeddable":true,"href":"https:\/\/refrigeration.lt\/en\/wp-json\/wp\/v2\/product_brand?post=16859"},{"taxonomy":"product_cat","embeddable":true,"href":"https:\/\/refrigeration.lt\/en\/wp-json\/wp\/v2\/product_cat?post=16859"},{"taxonomy":"product_tag","embeddable":true,"href":"https:\/\/refrigeration.lt\/en\/wp-json\/wp\/v2\/product_tag?post=16859"}],"curies":[{"name":"wp","href":"https:\/\/api.w.org\/{rel}","templated":true}]}}