{"id":16895,"date":"2026-01-20T19:07:25","date_gmt":"2026-01-20T19:07:25","guid":{"rendered":"https:\/\/refrigeration.webdemo.lt\/?post_type=product&#038;p=16895"},"modified":"2026-01-20T21:13:19","modified_gmt":"2026-01-20T19:13:19","slug":"rotalock-voztuvas-1-1-4-8221-8211-3-4-8221-16895","status":"publish","type":"product","link":"https:\/\/refrigeration.lt\/en\/product\/rotalock-voztuvas-1-1-4-8221-8211-3-4-8221-16895\/","title":{"rendered":"ROTALOCK VALVE 11\/4 3\/4"},"content":{"rendered":"","protected":false},"excerpt":{"rendered":"","protected":false},"featured_media":16896,"comment_status":"open","ping_status":"closed","template":"","meta":{"_acf_changed":false},"product_brand":[],"product_cat":[116,83,65,207,243,59],"product_tag":[],"class_list":{"0":"post-16895","1":"product","2":"type-product","3":"status-publish","4":"has-post-thumbnail","6":"product_cat-freddox","7":"product_cat-gamintojai","8":"product_cat-kompresoriai","9":"product_cat-priedai","10":"product_cat-rotolokai","11":"product_cat-saldymas","13":"first","14":"instock","15":"taxable","16":"shipping-taxable","17":"purchasable","18":"product-type-simple"},"acf":[],"yoast_head":"<!-- This site is optimized with the Yoast SEO plugin v27.4 - https:\/\/yoast.com\/product\/yoast-seo-wordpress\/ -->\n<title>Rotalock vo\u017etuvas 1 1\/4&#8243; &#8211; 3\/4&#8243; | Beijer Ref<\/title>\n<meta name=\"description\" content=\"Rotalock vo\u017etuvas 1 1\/4&#8243; &#8211; 3\/4&#8243;. Pirkite internetu arba pateikite u\u017eklaus\u0105.\" \/>\n<meta name=\"robots\" content=\"index, follow, max-snippet:-1, max-image-preview:large, max-video-preview:-1\" \/>\n<link rel=\"canonical\" href=\"https:\/\/refrigeration.lt\/en\/product\/rotalock-voztuvas-1-1-4-8221-8211-3-4-8221-16895\/\" \/>\n<meta property=\"og:locale\" content=\"en_US\" \/>\n<meta property=\"og:type\" content=\"article\" \/>\n<meta property=\"og:title\" content=\"Rotalock vo\u017etuvas 1 1\/4&#8243; &#8211; 3\/4&#8243; | Beijer Ref\" \/>\n<meta property=\"og:description\" content=\"Rotalock vo\u017etuvas 1 1\/4&#8243; &#8211; 3\/4&#8243;. Pirkite internetu arba pateikite u\u017eklaus\u0105.\" \/>\n<meta property=\"og:url\" content=\"https:\/\/refrigeration.lt\/en\/product\/rotalock-voztuvas-1-1-4-8221-8211-3-4-8221-16895\/\" \/>\n<meta property=\"og:site_name\" content=\"Beijer Ref\" \/>\n<meta property=\"article:modified_time\" content=\"2026-01-20T19:13:19+00:00\" \/>\n<meta property=\"og:image\" content=\"https:\/\/refrigeration.lt\/wp-content\/uploads\/2026\/01\/rotalock-voztuvas-1-1-4-8221-8211-3-4-8221-16895.jpg\" \/>\n\t<meta property=\"og:image:width\" content=\"640\" \/>\n\t<meta property=\"og:image:height\" content=\"640\" \/>\n\t<meta property=\"og:image:type\" content=\"image\/jpeg\" \/>\n<meta name=\"twitter:card\" content=\"summary_large_image\" \/>\n<script type=\"application\/ld+json\" class=\"yoast-schema-graph\">{\"@context\":\"https:\\\/\\\/schema.org\",\"@graph\":[{\"@type\":\"WebPage\",\"@id\":\"https:\\\/\\\/refrigeration.lt\\\/produktas\\\/rotalock-voztuvas-1-1-4-8221-8211-3-4-8221-16895\\\/\",\"url\":\"https:\\\/\\\/refrigeration.lt\\\/produktas\\\/rotalock-voztuvas-1-1-4-8221-8211-3-4-8221-16895\\\/\",\"name\":\"Rotalock vo\u017etuvas 1 1\\\/4&#8243; &#8211; 3\\\/4&#8243; | Beijer Ref\",\"isPartOf\":{\"@id\":\"https:\\\/\\\/refrigeration.lt\\\/#website\"},\"primaryImageOfPage\":{\"@id\":\"https:\\\/\\\/refrigeration.lt\\\/produktas\\\/rotalock-voztuvas-1-1-4-8221-8211-3-4-8221-16895\\\/#primaryimage\"},\"image\":{\"@id\":\"https:\\\/\\\/refrigeration.lt\\\/produktas\\\/rotalock-voztuvas-1-1-4-8221-8211-3-4-8221-16895\\\/#primaryimage\"},\"thumbnailUrl\":\"https:\\\/\\\/refrigeration.lt\\\/wp-content\\\/uploads\\\/2026\\\/01\\\/rotalock-voztuvas-1-1-4-8221-8211-3-4-8221-16895.jpg\",\"datePublished\":\"2026-01-20T19:07:25+00:00\",\"dateModified\":\"2026-01-20T19:13:19+00:00\",\"description\":\"Rotalock vo\u017etuvas 1 1\\\/4&#8243; &#8211; 3\\\/4&#8243;. Pirkite internetu arba pateikite u\u017eklaus\u0105.\",\"breadcrumb\":{\"@id\":\"https:\\\/\\\/refrigeration.lt\\\/produktas\\\/rotalock-voztuvas-1-1-4-8221-8211-3-4-8221-16895\\\/#breadcrumb\"},\"inLanguage\":\"en-US\",\"potentialAction\":[{\"@type\":\"ReadAction\",\"target\":[\"https:\\\/\\\/refrigeration.lt\\\/produktas\\\/rotalock-voztuvas-1-1-4-8221-8211-3-4-8221-16895\\\/\"]}]},{\"@type\":\"ImageObject\",\"inLanguage\":\"en-US\",\"@id\":\"https:\\\/\\\/refrigeration.lt\\\/produktas\\\/rotalock-voztuvas-1-1-4-8221-8211-3-4-8221-16895\\\/#primaryimage\",\"url\":\"https:\\\/\\\/refrigeration.lt\\\/wp-content\\\/uploads\\\/2026\\\/01\\\/rotalock-voztuvas-1-1-4-8221-8211-3-4-8221-16895.jpg\",\"contentUrl\":\"https:\\\/\\\/refrigeration.lt\\\/wp-content\\\/uploads\\\/2026\\\/01\\\/rotalock-voztuvas-1-1-4-8221-8211-3-4-8221-16895.jpg\",\"width\":640,\"height\":640,\"caption\":\"Rotalock vo\u017etuvas 1 1\\\/4&#8221; &#8211; 3\\\/4&#8221;\"},{\"@type\":\"BreadcrumbList\",\"@id\":\"https:\\\/\\\/refrigeration.lt\\\/produktas\\\/rotalock-voztuvas-1-1-4-8221-8211-3-4-8221-16895\\\/#breadcrumb\",\"itemListElement\":[{\"@type\":\"ListItem\",\"position\":1,\"name\":\"Home\",\"item\":\"https:\\\/\\\/refrigeration.lt\\\/\"},{\"@type\":\"ListItem\",\"position\":2,\"name\":\"Visos prek\u0117s\",\"item\":\"https:\\\/\\\/refrigeration.lt\\\/parduotuve\\\/\"},{\"@type\":\"ListItem\",\"position\":3,\"name\":\"Rotalock vo\u017etuvas 1 1\\\/4&#8243; &#8211; 3\\\/4&#8243;\"}]},{\"@type\":\"WebSite\",\"@id\":\"https:\\\/\\\/refrigeration.lt\\\/#website\",\"url\":\"https:\\\/\\\/refrigeration.lt\\\/\",\"name\":\"Beijer Ref\",\"description\":\"Tarptautin\u0117 didmeninink\u0173 grup\u0117, veikianti komercinio \u0161aldymo, komforto \u0161aldymo, pramoninio \u0161aldymo ir susijusiuose sektoriuose.\",\"publisher\":{\"@id\":\"https:\\\/\\\/refrigeration.lt\\\/#organization\"},\"potentialAction\":[{\"@type\":\"SearchAction\",\"target\":{\"@type\":\"EntryPoint\",\"urlTemplate\":\"https:\\\/\\\/refrigeration.lt\\\/?s={search_term_string}\"},\"query-input\":{\"@type\":\"PropertyValueSpecification\",\"valueRequired\":true,\"valueName\":\"search_term_string\"}}],\"inLanguage\":\"en-US\"},{\"@type\":\"Organization\",\"@id\":\"https:\\\/\\\/refrigeration.lt\\\/#organization\",\"name\":\"Beijer Ref\",\"url\":\"https:\\\/\\\/refrigeration.lt\\\/\",\"logo\":{\"@type\":\"ImageObject\",\"inLanguage\":\"en-US\",\"@id\":\"https:\\\/\\\/refrigeration.lt\\\/#\\\/schema\\\/logo\\\/image\\\/\",\"url\":\"https:\\\/\\\/refrigeration.lt\\\/wp-content\\\/uploads\\\/2025\\\/09\\\/Beijer-Ref-LT-logo.png\",\"contentUrl\":\"https:\\\/\\\/refrigeration.lt\\\/wp-content\\\/uploads\\\/2025\\\/09\\\/Beijer-Ref-LT-logo.png\",\"width\":161,\"height\":38,\"caption\":\"Beijer Ref\"},\"image\":{\"@id\":\"https:\\\/\\\/refrigeration.lt\\\/#\\\/schema\\\/logo\\\/image\\\/\"}}]}<\/script>\n<!-- \/ Yoast SEO plugin. -->","yoast_head_json":{"title":"Rotalock vo\u017etuvas 1 1\/4&#8243; &#8211; 3\/4&#8243; | Beijer Ref","description":"Rotalock vo\u017etuvas 1 1\/4&#8243; &#8211; 3\/4&#8243;. Pirkite internetu arba pateikite u\u017eklaus\u0105.","robots":{"index":"index","follow":"follow","max-snippet":"max-snippet:-1","max-image-preview":"max-image-preview:large","max-video-preview":"max-video-preview:-1"},"canonical":"https:\/\/refrigeration.lt\/en\/product\/rotalock-voztuvas-1-1-4-8221-8211-3-4-8221-16895\/","og_locale":"en_US","og_type":"article","og_title":"Rotalock vo\u017etuvas 1 1\/4&#8243; &#8211; 3\/4&#8243; | Beijer Ref","og_description":"Rotalock vo\u017etuvas 1 1\/4&#8243; &#8211; 3\/4&#8243;. Pirkite internetu arba pateikite u\u017eklaus\u0105.","og_url":"https:\/\/refrigeration.lt\/en\/product\/rotalock-voztuvas-1-1-4-8221-8211-3-4-8221-16895\/","og_site_name":"Beijer Ref","article_modified_time":"2026-01-20T19:13:19+00:00","og_image":[{"width":640,"height":640,"url":"https:\/\/refrigeration.lt\/wp-content\/uploads\/2026\/01\/rotalock-voztuvas-1-1-4-8221-8211-3-4-8221-16895.jpg","type":"image\/jpeg"}],"twitter_card":"summary_large_image","schema":{"@context":"https:\/\/schema.org","@graph":[{"@type":"WebPage","@id":"https:\/\/refrigeration.lt\/produktas\/rotalock-voztuvas-1-1-4-8221-8211-3-4-8221-16895\/","url":"https:\/\/refrigeration.lt\/produktas\/rotalock-voztuvas-1-1-4-8221-8211-3-4-8221-16895\/","name":"Rotalock vo\u017etuvas 1 1\/4&#8243; &#8211; 3\/4&#8243; | Beijer Ref","isPartOf":{"@id":"https:\/\/refrigeration.lt\/#website"},"primaryImageOfPage":{"@id":"https:\/\/refrigeration.lt\/produktas\/rotalock-voztuvas-1-1-4-8221-8211-3-4-8221-16895\/#primaryimage"},"image":{"@id":"https:\/\/refrigeration.lt\/produktas\/rotalock-voztuvas-1-1-4-8221-8211-3-4-8221-16895\/#primaryimage"},"thumbnailUrl":"https:\/\/refrigeration.lt\/wp-content\/uploads\/2026\/01\/rotalock-voztuvas-1-1-4-8221-8211-3-4-8221-16895.jpg","datePublished":"2026-01-20T19:07:25+00:00","dateModified":"2026-01-20T19:13:19+00:00","description":"Rotalock vo\u017etuvas 1 1\/4&#8243; &#8211; 3\/4&#8243;. Pirkite internetu arba pateikite u\u017eklaus\u0105.","breadcrumb":{"@id":"https:\/\/refrigeration.lt\/produktas\/rotalock-voztuvas-1-1-4-8221-8211-3-4-8221-16895\/#breadcrumb"},"inLanguage":"en-US","potentialAction":[{"@type":"ReadAction","target":["https:\/\/refrigeration.lt\/produktas\/rotalock-voztuvas-1-1-4-8221-8211-3-4-8221-16895\/"]}]},{"@type":"ImageObject","inLanguage":"en-US","@id":"https:\/\/refrigeration.lt\/produktas\/rotalock-voztuvas-1-1-4-8221-8211-3-4-8221-16895\/#primaryimage","url":"https:\/\/refrigeration.lt\/wp-content\/uploads\/2026\/01\/rotalock-voztuvas-1-1-4-8221-8211-3-4-8221-16895.jpg","contentUrl":"https:\/\/refrigeration.lt\/wp-content\/uploads\/2026\/01\/rotalock-voztuvas-1-1-4-8221-8211-3-4-8221-16895.jpg","width":640,"height":640,"caption":"Rotalock vo\u017etuvas 1 1\/4&#8221; &#8211; 3\/4&#8221;"},{"@type":"BreadcrumbList","@id":"https:\/\/refrigeration.lt\/produktas\/rotalock-voztuvas-1-1-4-8221-8211-3-4-8221-16895\/#breadcrumb","itemListElement":[{"@type":"ListItem","position":1,"name":"Home","item":"https:\/\/refrigeration.lt\/"},{"@type":"ListItem","position":2,"name":"Visos prek\u0117s","item":"https:\/\/refrigeration.lt\/parduotuve\/"},{"@type":"ListItem","position":3,"name":"Rotalock vo\u017etuvas 1 1\/4&#8243; &#8211; 3\/4&#8243;"}]},{"@type":"WebSite","@id":"https:\/\/refrigeration.lt\/#website","url":"https:\/\/refrigeration.lt\/","name":"Beijer Ref","description":"Tarptautin\u0117 didmeninink\u0173 grup\u0117, veikianti komercinio \u0161aldymo, komforto \u0161aldymo, pramoninio \u0161aldymo ir susijusiuose sektoriuose.","publisher":{"@id":"https:\/\/refrigeration.lt\/#organization"},"potentialAction":[{"@type":"SearchAction","target":{"@type":"EntryPoint","urlTemplate":"https:\/\/refrigeration.lt\/?s={search_term_string}"},"query-input":{"@type":"PropertyValueSpecification","valueRequired":true,"valueName":"search_term_string"}}],"inLanguage":"en-US"},{"@type":"Organization","@id":"https:\/\/refrigeration.lt\/#organization","name":"Beijer Ref","url":"https:\/\/refrigeration.lt\/","logo":{"@type":"ImageObject","inLanguage":"en-US","@id":"https:\/\/refrigeration.lt\/#\/schema\/logo\/image\/","url":"https:\/\/refrigeration.lt\/wp-content\/uploads\/2025\/09\/Beijer-Ref-LT-logo.png","contentUrl":"https:\/\/refrigeration.lt\/wp-content\/uploads\/2025\/09\/Beijer-Ref-LT-logo.png","width":161,"height":38,"caption":"Beijer Ref"},"image":{"@id":"https:\/\/refrigeration.lt\/#\/schema\/logo\/image\/"}}]}},"_links":{"self":[{"href":"https:\/\/refrigeration.lt\/en\/wp-json\/wp\/v2\/product\/16895","targetHints":{"allow":["GET"]}}],"collection":[{"href":"https:\/\/refrigeration.lt\/en\/wp-json\/wp\/v2\/product"}],"about":[{"href":"https:\/\/refrigeration.lt\/en\/wp-json\/wp\/v2\/types\/product"}],"replies":[{"embeddable":true,"href":"https:\/\/refrigeration.lt\/en\/wp-json\/wp\/v2\/comments?post=16895"}],"wp:featuredmedia":[{"embeddable":true,"href":"https:\/\/refrigeration.lt\/en\/wp-json\/wp\/v2\/media\/16896"}],"wp:attachment":[{"href":"https:\/\/refrigeration.lt\/en\/wp-json\/wp\/v2\/media?parent=16895"}],"wp:term":[{"taxonomy":"product_brand","embeddable":true,"href":"https:\/\/refrigeration.lt\/en\/wp-json\/wp\/v2\/product_brand?post=16895"},{"taxonomy":"product_cat","embeddable":true,"href":"https:\/\/refrigeration.lt\/en\/wp-json\/wp\/v2\/product_cat?post=16895"},{"taxonomy":"product_tag","embeddable":true,"href":"https:\/\/refrigeration.lt\/en\/wp-json\/wp\/v2\/product_tag?post=16895"}],"curies":[{"name":"wp","href":"https:\/\/api.w.org\/{rel}","templated":true}]}}