{"id":5600,"date":"2025-06-25T06:36:17","date_gmt":"2025-06-25T06:36:17","guid":{"rendered":"https:\/\/refrigeration.webdemo.lt\/?post_type=product&#038;p=5600"},"modified":"2025-08-28T18:33:12","modified_gmt":"2025-08-28T15:33:12","slug":"refco-rl-8-dvieju-pakopu-vakuuminis-siurblys-5600","status":"publish","type":"product","link":"https:\/\/refrigeration.lt\/en\/product\/refco-rl-8-dvieju-pakopu-vakuuminis-siurblys-5600\/","title":{"rendered":"REFCO RL-8- 2-stage vacuum pump"},"content":{"rendered":"<p>The one with the maximum power and integrated ball valve makes it the high performance vacuum pump in the REFCO range. High quality components and sophisticated technology maintain the high performance of the two-stage rotary vane pump even at maximum load, so that the desired deep vacuum is reached faster.<br \/>\nSend in your used pump: we will overhaul it at a flat rate! Thus your vacuum pump purchase becomes a long-term investment in a quality tool!<br \/>\n\u2013 Ma\u017eas svoris ir auk\u0161\u010diausia kokyb\u0117 d\u0117l auk\u0161tos kokyb\u0117s med\u017eiag\u0173 naudojimo<br \/>\n\u2013 Duj\u0173 balasto vo\u017etuvas<br \/>\n\u2013 Vidin\u0117 alyvos cirkuliacija optimaliam tepimui<br \/>\n\u2013 Lengvai nuskaitomas optimalus alyvos lygis (per steb\u0117jimo langel\u012f viduryje)<br \/>\n\u2013 Didelis alyvos \u012fpylimo kaklelis, kad alyv\u0105 b\u016bt\u0173 lengva ir \u0161varu \u012fpilti<br \/>\n\u2013 Specialus filtras suma\u017eina alyvos r\u016bk\u0105 ties i\u0161p\u016btimo antgaliu<br \/>\n\u2013 Integruotas rutulinis vo\u017etuvas u\u017edarymui<br \/>\n\u2013 Stabili ir ergonomi\u0161ka rankena<br \/>\n\u2013 Integruotas \u012fjungimo\/i\u0161jungimo jungiklis, apsaugotas nuo pa\u017eeidim\u0173 ir atsitiktinio \u012fjungimo<\/p>","protected":false},"excerpt":{"rendered":"<p>Dviej\u0173 pakop\u0173 vakuuminis siurblys. Laisvas oro na\u0161umas: 150 l\/min., jungtys 1\/4\u2033 SAE + 3\/8\u2033 SAE, alyvos talpa: 500 ml.<\/p>","protected":false},"featured_media":5601,"comment_status":"open","ping_status":"closed","template":"","meta":{"_acf_changed":false},"product_brand":[],"product_cat":[83,69,104,73],"product_tag":[],"class_list":{"0":"post-5600","1":"product","2":"type-product","3":"status-publish","4":"has-post-thumbnail","6":"product_cat-gamintojai","7":"product_cat-irankiai","8":"product_cat-refco","9":"product_cat-vakuumo-siurbliukai","11":"first","12":"instock","13":"taxable","14":"shipping-taxable","15":"purchasable","16":"product-type-simple"},"acf":[],"yoast_head":"<!-- This site is optimized with the Yoast SEO plugin v27.4 - https:\/\/yoast.com\/product\/yoast-seo-wordpress\/ -->\n<title>REFCO RL-8- Dviej\u0173 pakop\u0173 vakuuminis siurblys | Beijer Ref<\/title>\n<meta name=\"description\" content=\"REFCO RL-8- Dviej\u0173 pakop\u0173 vakuuminis siurblys. Pirkite internetu arba pateikite u\u017eklaus\u0105.\" \/>\n<meta name=\"robots\" content=\"index, follow, max-snippet:-1, max-image-preview:large, max-video-preview:-1\" \/>\n<link rel=\"canonical\" href=\"https:\/\/refrigeration.lt\/en\/product\/refco-rl-8-dvieju-pakopu-vakuuminis-siurblys-5600\/\" \/>\n<meta property=\"og:locale\" content=\"en_US\" \/>\n<meta property=\"og:type\" content=\"article\" \/>\n<meta property=\"og:title\" content=\"REFCO RL-8- Dviej\u0173 pakop\u0173 vakuuminis siurblys | Beijer Ref\" \/>\n<meta property=\"og:description\" content=\"REFCO RL-8- Dviej\u0173 pakop\u0173 vakuuminis siurblys. Pirkite internetu arba pateikite u\u017eklaus\u0105.\" \/>\n<meta property=\"og:url\" content=\"https:\/\/refrigeration.lt\/en\/product\/refco-rl-8-dvieju-pakopu-vakuuminis-siurblys-5600\/\" \/>\n<meta property=\"og:site_name\" content=\"Beijer Ref\" \/>\n<meta property=\"article:modified_time\" content=\"2025-08-28T15:33:12+00:00\" \/>\n<meta property=\"og:image\" content=\"https:\/\/refrigeration.lt\/wp-content\/uploads\/2025\/06\/refco-rl-8-dvieju-pakopu-vakuuminis-siurblys-5600.png\" \/>\n\t<meta property=\"og:image:width\" content=\"1000\" \/>\n\t<meta property=\"og:image:height\" content=\"1000\" \/>\n\t<meta property=\"og:image:type\" content=\"image\/png\" \/>\n<meta name=\"twitter:card\" content=\"summary_large_image\" \/>\n<meta name=\"twitter:label1\" content=\"Est. reading time\" \/>\n\t<meta name=\"twitter:data1\" content=\"1 minute\" \/>\n<script type=\"application\/ld+json\" class=\"yoast-schema-graph\">{\"@context\":\"https:\\\/\\\/schema.org\",\"@graph\":[{\"@type\":\"WebPage\",\"@id\":\"https:\\\/\\\/refrigeration.lt\\\/produktas\\\/refco-rl-8-dvieju-pakopu-vakuuminis-siurblys-5600\\\/\",\"url\":\"https:\\\/\\\/refrigeration.lt\\\/produktas\\\/refco-rl-8-dvieju-pakopu-vakuuminis-siurblys-5600\\\/\",\"name\":\"REFCO RL-8- Dviej\u0173 pakop\u0173 vakuuminis siurblys | Beijer Ref\",\"isPartOf\":{\"@id\":\"https:\\\/\\\/refrigeration.lt\\\/#website\"},\"primaryImageOfPage\":{\"@id\":\"https:\\\/\\\/refrigeration.lt\\\/produktas\\\/refco-rl-8-dvieju-pakopu-vakuuminis-siurblys-5600\\\/#primaryimage\"},\"image\":{\"@id\":\"https:\\\/\\\/refrigeration.lt\\\/produktas\\\/refco-rl-8-dvieju-pakopu-vakuuminis-siurblys-5600\\\/#primaryimage\"},\"thumbnailUrl\":\"https:\\\/\\\/refrigeration.lt\\\/wp-content\\\/uploads\\\/2025\\\/06\\\/refco-rl-8-dvieju-pakopu-vakuuminis-siurblys-5600.png\",\"datePublished\":\"2025-06-25T06:36:17+00:00\",\"dateModified\":\"2025-08-28T15:33:12+00:00\",\"description\":\"REFCO RL-8- Dviej\u0173 pakop\u0173 vakuuminis siurblys. Pirkite internetu arba pateikite u\u017eklaus\u0105.\",\"breadcrumb\":{\"@id\":\"https:\\\/\\\/refrigeration.lt\\\/produktas\\\/refco-rl-8-dvieju-pakopu-vakuuminis-siurblys-5600\\\/#breadcrumb\"},\"inLanguage\":\"en-US\",\"potentialAction\":[{\"@type\":\"ReadAction\",\"target\":[\"https:\\\/\\\/refrigeration.lt\\\/produktas\\\/refco-rl-8-dvieju-pakopu-vakuuminis-siurblys-5600\\\/\"]}]},{\"@type\":\"ImageObject\",\"inLanguage\":\"en-US\",\"@id\":\"https:\\\/\\\/refrigeration.lt\\\/produktas\\\/refco-rl-8-dvieju-pakopu-vakuuminis-siurblys-5600\\\/#primaryimage\",\"url\":\"https:\\\/\\\/refrigeration.lt\\\/wp-content\\\/uploads\\\/2025\\\/06\\\/refco-rl-8-dvieju-pakopu-vakuuminis-siurblys-5600.png\",\"contentUrl\":\"https:\\\/\\\/refrigeration.lt\\\/wp-content\\\/uploads\\\/2025\\\/06\\\/refco-rl-8-dvieju-pakopu-vakuuminis-siurblys-5600.png\",\"width\":1000,\"height\":1000,\"caption\":\"REFCO RL-8- Dviej\u0173 pakop\u0173 vakuuminis siurblys\"},{\"@type\":\"BreadcrumbList\",\"@id\":\"https:\\\/\\\/refrigeration.lt\\\/produktas\\\/refco-rl-8-dvieju-pakopu-vakuuminis-siurblys-5600\\\/#breadcrumb\",\"itemListElement\":[{\"@type\":\"ListItem\",\"position\":1,\"name\":\"Home\",\"item\":\"https:\\\/\\\/refrigeration.lt\\\/\"},{\"@type\":\"ListItem\",\"position\":2,\"name\":\"Visos prek\u0117s\",\"item\":\"https:\\\/\\\/refrigeration.lt\\\/parduotuve\\\/\"},{\"@type\":\"ListItem\",\"position\":3,\"name\":\"REFCO RL-8- Dviej\u0173 pakop\u0173 vakuuminis siurblys\"}]},{\"@type\":\"WebSite\",\"@id\":\"https:\\\/\\\/refrigeration.lt\\\/#website\",\"url\":\"https:\\\/\\\/refrigeration.lt\\\/\",\"name\":\"Beijer Ref\",\"description\":\"Tarptautin\u0117 didmeninink\u0173 grup\u0117, veikianti komercinio \u0161aldymo, komforto \u0161aldymo, pramoninio \u0161aldymo ir susijusiuose sektoriuose.\",\"publisher\":{\"@id\":\"https:\\\/\\\/refrigeration.lt\\\/#organization\"},\"potentialAction\":[{\"@type\":\"SearchAction\",\"target\":{\"@type\":\"EntryPoint\",\"urlTemplate\":\"https:\\\/\\\/refrigeration.lt\\\/?s={search_term_string}\"},\"query-input\":{\"@type\":\"PropertyValueSpecification\",\"valueRequired\":true,\"valueName\":\"search_term_string\"}}],\"inLanguage\":\"en-US\"},{\"@type\":\"Organization\",\"@id\":\"https:\\\/\\\/refrigeration.lt\\\/#organization\",\"name\":\"Beijer Ref\",\"url\":\"https:\\\/\\\/refrigeration.lt\\\/\",\"logo\":{\"@type\":\"ImageObject\",\"inLanguage\":\"en-US\",\"@id\":\"https:\\\/\\\/refrigeration.lt\\\/#\\\/schema\\\/logo\\\/image\\\/\",\"url\":\"https:\\\/\\\/refrigeration.lt\\\/wp-content\\\/uploads\\\/2025\\\/09\\\/Beijer-Ref-LT-logo.png\",\"contentUrl\":\"https:\\\/\\\/refrigeration.lt\\\/wp-content\\\/uploads\\\/2025\\\/09\\\/Beijer-Ref-LT-logo.png\",\"width\":161,\"height\":38,\"caption\":\"Beijer Ref\"},\"image\":{\"@id\":\"https:\\\/\\\/refrigeration.lt\\\/#\\\/schema\\\/logo\\\/image\\\/\"}}]}<\/script>\n<!-- \/ Yoast SEO plugin. -->","yoast_head_json":{"title":"REFCO RL-8- Dviej\u0173 pakop\u0173 vakuuminis siurblys | Beijer Ref","description":"REFCO RL-8- Dviej\u0173 pakop\u0173 vakuuminis siurblys. Pirkite internetu arba pateikite u\u017eklaus\u0105.","robots":{"index":"index","follow":"follow","max-snippet":"max-snippet:-1","max-image-preview":"max-image-preview:large","max-video-preview":"max-video-preview:-1"},"canonical":"https:\/\/refrigeration.lt\/en\/product\/refco-rl-8-dvieju-pakopu-vakuuminis-siurblys-5600\/","og_locale":"en_US","og_type":"article","og_title":"REFCO RL-8- Dviej\u0173 pakop\u0173 vakuuminis siurblys | Beijer Ref","og_description":"REFCO RL-8- Dviej\u0173 pakop\u0173 vakuuminis siurblys. Pirkite internetu arba pateikite u\u017eklaus\u0105.","og_url":"https:\/\/refrigeration.lt\/en\/product\/refco-rl-8-dvieju-pakopu-vakuuminis-siurblys-5600\/","og_site_name":"Beijer Ref","article_modified_time":"2025-08-28T15:33:12+00:00","og_image":[{"width":1000,"height":1000,"url":"https:\/\/refrigeration.lt\/wp-content\/uploads\/2025\/06\/refco-rl-8-dvieju-pakopu-vakuuminis-siurblys-5600.png","type":"image\/png"}],"twitter_card":"summary_large_image","twitter_misc":{"Est. reading time":"1 minute"},"schema":{"@context":"https:\/\/schema.org","@graph":[{"@type":"WebPage","@id":"https:\/\/refrigeration.lt\/produktas\/refco-rl-8-dvieju-pakopu-vakuuminis-siurblys-5600\/","url":"https:\/\/refrigeration.lt\/produktas\/refco-rl-8-dvieju-pakopu-vakuuminis-siurblys-5600\/","name":"REFCO RL-8- Dviej\u0173 pakop\u0173 vakuuminis siurblys | Beijer Ref","isPartOf":{"@id":"https:\/\/refrigeration.lt\/#website"},"primaryImageOfPage":{"@id":"https:\/\/refrigeration.lt\/produktas\/refco-rl-8-dvieju-pakopu-vakuuminis-siurblys-5600\/#primaryimage"},"image":{"@id":"https:\/\/refrigeration.lt\/produktas\/refco-rl-8-dvieju-pakopu-vakuuminis-siurblys-5600\/#primaryimage"},"thumbnailUrl":"https:\/\/refrigeration.lt\/wp-content\/uploads\/2025\/06\/refco-rl-8-dvieju-pakopu-vakuuminis-siurblys-5600.png","datePublished":"2025-06-25T06:36:17+00:00","dateModified":"2025-08-28T15:33:12+00:00","description":"REFCO RL-8- Dviej\u0173 pakop\u0173 vakuuminis siurblys. Pirkite internetu arba pateikite u\u017eklaus\u0105.","breadcrumb":{"@id":"https:\/\/refrigeration.lt\/produktas\/refco-rl-8-dvieju-pakopu-vakuuminis-siurblys-5600\/#breadcrumb"},"inLanguage":"en-US","potentialAction":[{"@type":"ReadAction","target":["https:\/\/refrigeration.lt\/produktas\/refco-rl-8-dvieju-pakopu-vakuuminis-siurblys-5600\/"]}]},{"@type":"ImageObject","inLanguage":"en-US","@id":"https:\/\/refrigeration.lt\/produktas\/refco-rl-8-dvieju-pakopu-vakuuminis-siurblys-5600\/#primaryimage","url":"https:\/\/refrigeration.lt\/wp-content\/uploads\/2025\/06\/refco-rl-8-dvieju-pakopu-vakuuminis-siurblys-5600.png","contentUrl":"https:\/\/refrigeration.lt\/wp-content\/uploads\/2025\/06\/refco-rl-8-dvieju-pakopu-vakuuminis-siurblys-5600.png","width":1000,"height":1000,"caption":"REFCO RL-8- Dviej\u0173 pakop\u0173 vakuuminis siurblys"},{"@type":"BreadcrumbList","@id":"https:\/\/refrigeration.lt\/produktas\/refco-rl-8-dvieju-pakopu-vakuuminis-siurblys-5600\/#breadcrumb","itemListElement":[{"@type":"ListItem","position":1,"name":"Home","item":"https:\/\/refrigeration.lt\/"},{"@type":"ListItem","position":2,"name":"Visos prek\u0117s","item":"https:\/\/refrigeration.lt\/parduotuve\/"},{"@type":"ListItem","position":3,"name":"REFCO RL-8- Dviej\u0173 pakop\u0173 vakuuminis siurblys"}]},{"@type":"WebSite","@id":"https:\/\/refrigeration.lt\/#website","url":"https:\/\/refrigeration.lt\/","name":"Beijer Ref","description":"Tarptautin\u0117 didmeninink\u0173 grup\u0117, veikianti komercinio \u0161aldymo, komforto \u0161aldymo, pramoninio \u0161aldymo ir susijusiuose sektoriuose.","publisher":{"@id":"https:\/\/refrigeration.lt\/#organization"},"potentialAction":[{"@type":"SearchAction","target":{"@type":"EntryPoint","urlTemplate":"https:\/\/refrigeration.lt\/?s={search_term_string}"},"query-input":{"@type":"PropertyValueSpecification","valueRequired":true,"valueName":"search_term_string"}}],"inLanguage":"en-US"},{"@type":"Organization","@id":"https:\/\/refrigeration.lt\/#organization","name":"Beijer Ref","url":"https:\/\/refrigeration.lt\/","logo":{"@type":"ImageObject","inLanguage":"en-US","@id":"https:\/\/refrigeration.lt\/#\/schema\/logo\/image\/","url":"https:\/\/refrigeration.lt\/wp-content\/uploads\/2025\/09\/Beijer-Ref-LT-logo.png","contentUrl":"https:\/\/refrigeration.lt\/wp-content\/uploads\/2025\/09\/Beijer-Ref-LT-logo.png","width":161,"height":38,"caption":"Beijer Ref"},"image":{"@id":"https:\/\/refrigeration.lt\/#\/schema\/logo\/image\/"}}]}},"_links":{"self":[{"href":"https:\/\/refrigeration.lt\/en\/wp-json\/wp\/v2\/product\/5600","targetHints":{"allow":["GET"]}}],"collection":[{"href":"https:\/\/refrigeration.lt\/en\/wp-json\/wp\/v2\/product"}],"about":[{"href":"https:\/\/refrigeration.lt\/en\/wp-json\/wp\/v2\/types\/product"}],"replies":[{"embeddable":true,"href":"https:\/\/refrigeration.lt\/en\/wp-json\/wp\/v2\/comments?post=5600"}],"wp:featuredmedia":[{"embeddable":true,"href":"https:\/\/refrigeration.lt\/en\/wp-json\/wp\/v2\/media\/5601"}],"wp:attachment":[{"href":"https:\/\/refrigeration.lt\/en\/wp-json\/wp\/v2\/media?parent=5600"}],"wp:term":[{"taxonomy":"product_brand","embeddable":true,"href":"https:\/\/refrigeration.lt\/en\/wp-json\/wp\/v2\/product_brand?post=5600"},{"taxonomy":"product_cat","embeddable":true,"href":"https:\/\/refrigeration.lt\/en\/wp-json\/wp\/v2\/product_cat?post=5600"},{"taxonomy":"product_tag","embeddable":true,"href":"https:\/\/refrigeration.lt\/en\/wp-json\/wp\/v2\/product_tag?post=5600"}],"curies":[{"name":"wp","href":"https:\/\/api.w.org\/{rel}","templated":true}]}}