{"id":5674,"date":"2025-06-25T06:38:32","date_gmt":"2025-06-25T06:38:32","guid":{"rendered":"https:\/\/refrigeration.webdemo.lt\/?post_type=product&p=5674"},"modified":"2025-08-28T18:33:21","modified_gmt":"2025-08-28T15:33:21","slug":"refco-lp-88-infraraudonuju-spinduliu-termometras-5674","status":"publish","type":"product","link":"https:\/\/refrigeration.lt\/en\/product\/refco-lp-88-infraraudonuju-spinduliu-termometras-5674\/","title":{"rendered":"REFCO LP-88- Infrared thermometer"},"content":{"rendered":"<p>Infrared thermometer for fast and contactless measurement of surface temperatures. The 8-point laser circle allows an exact marking of the measuring range, and thus increases the measuring accuracy.<br \/>\n &#8211; Infrared thermometer with pistol grip for non-contact temperature measurement<br \/>\n &#8211; 8-point laser circle for precise display of the measuring surface<br \/>\n &#8211; Instruction manual is printed directly on the device<br \/>\n &#8211; Optionally \u00b0C \/ \u00b0F<br \/>\n &#8211; With practical belt pouch<br \/>\n &#8211; Automatic switch-off after 15 seconds<\/p>","protected":false},"excerpt":{"rendered":"<p>Infrared thermometer<\/p>","protected":false},"featured_media":5675,"comment_status":"open","ping_status":"closed","template":"","meta":{"_acf_changed":false},"product_brand":[],"product_cat":[83,69,104,75],"product_tag":[],"class_list":{"0":"post-5674","1":"product","2":"type-product","3":"status-publish","4":"has-post-thumbnail","6":"product_cat-gamintojai","7":"product_cat-irankiai","8":"product_cat-refco","9":"product_cat-termometrai","11":"first","12":"instock","13":"taxable","14":"shipping-taxable","15":"purchasable","16":"product-type-simple"},"acf":[],"yoast_head":"<!-- This site is optimized with the Yoast SEO plugin v27.4 - https:\/\/yoast.com\/product\/yoast-seo-wordpress\/ -->\n<title>REFCO LP-88- Infraraudon\u0173j\u0173 spinduli\u0173 termometras | Beijer Ref<\/title>\n<meta name=\"description\" content=\"REFCO LP-88- Infraraudon\u0173j\u0173 spinduli\u0173 termometras. Pirkite internetu arba pateikite u\u017eklaus\u0105.\" \/>\n<meta name=\"robots\" content=\"index, follow, max-snippet:-1, max-image-preview:large, max-video-preview:-1\" \/>\n<link rel=\"canonical\" href=\"https:\/\/refrigeration.lt\/en\/product\/refco-lp-88-infraraudonuju-spinduliu-termometras-5674\/\" \/>\n<meta property=\"og:locale\" content=\"en_US\" \/>\n<meta property=\"og:type\" content=\"article\" \/>\n<meta property=\"og:title\" content=\"REFCO LP-88- Infraraudon\u0173j\u0173 spinduli\u0173 termometras | Beijer Ref\" \/>\n<meta property=\"og:description\" content=\"REFCO LP-88- Infraraudon\u0173j\u0173 spinduli\u0173 termometras. Pirkite internetu arba pateikite u\u017eklaus\u0105.\" \/>\n<meta property=\"og:url\" content=\"https:\/\/refrigeration.lt\/en\/product\/refco-lp-88-infraraudonuju-spinduliu-termometras-5674\/\" \/>\n<meta property=\"og:site_name\" content=\"Beijer Ref\" \/>\n<meta property=\"article:modified_time\" content=\"2025-08-28T15:33:21+00:00\" \/>\n<meta property=\"og:image\" content=\"https:\/\/refrigeration.lt\/wp-content\/uploads\/2025\/06\/refco-lp-88-infraraudonuju-spinduliu-termometras-5674.png\" \/>\n\t<meta property=\"og:image:width\" content=\"1000\" \/>\n\t<meta property=\"og:image:height\" content=\"1000\" \/>\n\t<meta property=\"og:image:type\" content=\"image\/png\" \/>\n<meta name=\"twitter:card\" content=\"summary_large_image\" \/>\n<script type=\"application\/ld+json\" class=\"yoast-schema-graph\">{\"@context\":\"https:\\\/\\\/schema.org\",\"@graph\":[{\"@type\":\"WebPage\",\"@id\":\"https:\\\/\\\/refrigeration.lt\\\/produktas\\\/refco-lp-88-infraraudonuju-spinduliu-termometras-5674\\\/\",\"url\":\"https:\\\/\\\/refrigeration.lt\\\/produktas\\\/refco-lp-88-infraraudonuju-spinduliu-termometras-5674\\\/\",\"name\":\"REFCO LP-88- Infraraudon\u0173j\u0173 spinduli\u0173 termometras | Beijer Ref\",\"isPartOf\":{\"@id\":\"https:\\\/\\\/refrigeration.lt\\\/#website\"},\"primaryImageOfPage\":{\"@id\":\"https:\\\/\\\/refrigeration.lt\\\/produktas\\\/refco-lp-88-infraraudonuju-spinduliu-termometras-5674\\\/#primaryimage\"},\"image\":{\"@id\":\"https:\\\/\\\/refrigeration.lt\\\/produktas\\\/refco-lp-88-infraraudonuju-spinduliu-termometras-5674\\\/#primaryimage\"},\"thumbnailUrl\":\"https:\\\/\\\/refrigeration.lt\\\/wp-content\\\/uploads\\\/2025\\\/06\\\/refco-lp-88-infraraudonuju-spinduliu-termometras-5674.png\",\"datePublished\":\"2025-06-25T06:38:32+00:00\",\"dateModified\":\"2025-08-28T15:33:21+00:00\",\"description\":\"REFCO LP-88- Infraraudon\u0173j\u0173 spinduli\u0173 termometras. Pirkite internetu arba pateikite u\u017eklaus\u0105.\",\"breadcrumb\":{\"@id\":\"https:\\\/\\\/refrigeration.lt\\\/produktas\\\/refco-lp-88-infraraudonuju-spinduliu-termometras-5674\\\/#breadcrumb\"},\"inLanguage\":\"en-US\",\"potentialAction\":[{\"@type\":\"ReadAction\",\"target\":[\"https:\\\/\\\/refrigeration.lt\\\/produktas\\\/refco-lp-88-infraraudonuju-spinduliu-termometras-5674\\\/\"]}]},{\"@type\":\"ImageObject\",\"inLanguage\":\"en-US\",\"@id\":\"https:\\\/\\\/refrigeration.lt\\\/produktas\\\/refco-lp-88-infraraudonuju-spinduliu-termometras-5674\\\/#primaryimage\",\"url\":\"https:\\\/\\\/refrigeration.lt\\\/wp-content\\\/uploads\\\/2025\\\/06\\\/refco-lp-88-infraraudonuju-spinduliu-termometras-5674.png\",\"contentUrl\":\"https:\\\/\\\/refrigeration.lt\\\/wp-content\\\/uploads\\\/2025\\\/06\\\/refco-lp-88-infraraudonuju-spinduliu-termometras-5674.png\",\"width\":1000,\"height\":1000,\"caption\":\"REFCO LP-88- Infraraudon\u0173j\u0173 spinduli\u0173 termometras\"},{\"@type\":\"BreadcrumbList\",\"@id\":\"https:\\\/\\\/refrigeration.lt\\\/produktas\\\/refco-lp-88-infraraudonuju-spinduliu-termometras-5674\\\/#breadcrumb\",\"itemListElement\":[{\"@type\":\"ListItem\",\"position\":1,\"name\":\"Home\",\"item\":\"https:\\\/\\\/refrigeration.lt\\\/\"},{\"@type\":\"ListItem\",\"position\":2,\"name\":\"Visos prek\u0117s\",\"item\":\"https:\\\/\\\/refrigeration.lt\\\/parduotuve\\\/\"},{\"@type\":\"ListItem\",\"position\":3,\"name\":\"REFCO LP-88- Infraraudon\u0173j\u0173 spinduli\u0173 termometras\"}]},{\"@type\":\"WebSite\",\"@id\":\"https:\\\/\\\/refrigeration.lt\\\/#website\",\"url\":\"https:\\\/\\\/refrigeration.lt\\\/\",\"name\":\"Beijer Ref\",\"description\":\"Tarptautin\u0117 didmeninink\u0173 grup\u0117, veikianti komercinio \u0161aldymo, komforto \u0161aldymo, pramoninio \u0161aldymo ir susijusiuose sektoriuose.\",\"publisher\":{\"@id\":\"https:\\\/\\\/refrigeration.lt\\\/#organization\"},\"potentialAction\":[{\"@type\":\"SearchAction\",\"target\":{\"@type\":\"EntryPoint\",\"urlTemplate\":\"https:\\\/\\\/refrigeration.lt\\\/?s={search_term_string}\"},\"query-input\":{\"@type\":\"PropertyValueSpecification\",\"valueRequired\":true,\"valueName\":\"search_term_string\"}}],\"inLanguage\":\"en-US\"},{\"@type\":\"Organization\",\"@id\":\"https:\\\/\\\/refrigeration.lt\\\/#organization\",\"name\":\"Beijer Ref\",\"url\":\"https:\\\/\\\/refrigeration.lt\\\/\",\"logo\":{\"@type\":\"ImageObject\",\"inLanguage\":\"en-US\",\"@id\":\"https:\\\/\\\/refrigeration.lt\\\/#\\\/schema\\\/logo\\\/image\\\/\",\"url\":\"https:\\\/\\\/refrigeration.lt\\\/wp-content\\\/uploads\\\/2025\\\/09\\\/Beijer-Ref-LT-logo.png\",\"contentUrl\":\"https:\\\/\\\/refrigeration.lt\\\/wp-content\\\/uploads\\\/2025\\\/09\\\/Beijer-Ref-LT-logo.png\",\"width\":161,\"height\":38,\"caption\":\"Beijer Ref\"},\"image\":{\"@id\":\"https:\\\/\\\/refrigeration.lt\\\/#\\\/schema\\\/logo\\\/image\\\/\"}}]}<\/script>\n<!-- \/ Yoast SEO plugin. -->","yoast_head_json":{"title":"REFCO LP-88- Infraraudon\u0173j\u0173 spinduli\u0173 termometras | Beijer Ref","description":"REFCO LP-88- Infraraudon\u0173j\u0173 spinduli\u0173 termometras. Pirkite internetu arba pateikite u\u017eklaus\u0105.","robots":{"index":"index","follow":"follow","max-snippet":"max-snippet:-1","max-image-preview":"max-image-preview:large","max-video-preview":"max-video-preview:-1"},"canonical":"https:\/\/refrigeration.lt\/en\/product\/refco-lp-88-infraraudonuju-spinduliu-termometras-5674\/","og_locale":"en_US","og_type":"article","og_title":"REFCO LP-88- Infraraudon\u0173j\u0173 spinduli\u0173 termometras | Beijer Ref","og_description":"REFCO LP-88- Infraraudon\u0173j\u0173 spinduli\u0173 termometras. Pirkite internetu arba pateikite u\u017eklaus\u0105.","og_url":"https:\/\/refrigeration.lt\/en\/product\/refco-lp-88-infraraudonuju-spinduliu-termometras-5674\/","og_site_name":"Beijer Ref","article_modified_time":"2025-08-28T15:33:21+00:00","og_image":[{"width":1000,"height":1000,"url":"https:\/\/refrigeration.lt\/wp-content\/uploads\/2025\/06\/refco-lp-88-infraraudonuju-spinduliu-termometras-5674.png","type":"image\/png"}],"twitter_card":"summary_large_image","schema":{"@context":"https:\/\/schema.org","@graph":[{"@type":"WebPage","@id":"https:\/\/refrigeration.lt\/produktas\/refco-lp-88-infraraudonuju-spinduliu-termometras-5674\/","url":"https:\/\/refrigeration.lt\/produktas\/refco-lp-88-infraraudonuju-spinduliu-termometras-5674\/","name":"REFCO LP-88- Infraraudon\u0173j\u0173 spinduli\u0173 termometras | Beijer Ref","isPartOf":{"@id":"https:\/\/refrigeration.lt\/#website"},"primaryImageOfPage":{"@id":"https:\/\/refrigeration.lt\/produktas\/refco-lp-88-infraraudonuju-spinduliu-termometras-5674\/#primaryimage"},"image":{"@id":"https:\/\/refrigeration.lt\/produktas\/refco-lp-88-infraraudonuju-spinduliu-termometras-5674\/#primaryimage"},"thumbnailUrl":"https:\/\/refrigeration.lt\/wp-content\/uploads\/2025\/06\/refco-lp-88-infraraudonuju-spinduliu-termometras-5674.png","datePublished":"2025-06-25T06:38:32+00:00","dateModified":"2025-08-28T15:33:21+00:00","description":"REFCO LP-88- Infraraudon\u0173j\u0173 spinduli\u0173 termometras. Pirkite internetu arba pateikite u\u017eklaus\u0105.","breadcrumb":{"@id":"https:\/\/refrigeration.lt\/produktas\/refco-lp-88-infraraudonuju-spinduliu-termometras-5674\/#breadcrumb"},"inLanguage":"en-US","potentialAction":[{"@type":"ReadAction","target":["https:\/\/refrigeration.lt\/produktas\/refco-lp-88-infraraudonuju-spinduliu-termometras-5674\/"]}]},{"@type":"ImageObject","inLanguage":"en-US","@id":"https:\/\/refrigeration.lt\/produktas\/refco-lp-88-infraraudonuju-spinduliu-termometras-5674\/#primaryimage","url":"https:\/\/refrigeration.lt\/wp-content\/uploads\/2025\/06\/refco-lp-88-infraraudonuju-spinduliu-termometras-5674.png","contentUrl":"https:\/\/refrigeration.lt\/wp-content\/uploads\/2025\/06\/refco-lp-88-infraraudonuju-spinduliu-termometras-5674.png","width":1000,"height":1000,"caption":"REFCO LP-88- Infraraudon\u0173j\u0173 spinduli\u0173 termometras"},{"@type":"BreadcrumbList","@id":"https:\/\/refrigeration.lt\/produktas\/refco-lp-88-infraraudonuju-spinduliu-termometras-5674\/#breadcrumb","itemListElement":[{"@type":"ListItem","position":1,"name":"Home","item":"https:\/\/refrigeration.lt\/"},{"@type":"ListItem","position":2,"name":"Visos prek\u0117s","item":"https:\/\/refrigeration.lt\/parduotuve\/"},{"@type":"ListItem","position":3,"name":"REFCO LP-88- Infraraudon\u0173j\u0173 spinduli\u0173 termometras"}]},{"@type":"WebSite","@id":"https:\/\/refrigeration.lt\/#website","url":"https:\/\/refrigeration.lt\/","name":"Beijer Ref","description":"Tarptautin\u0117 didmeninink\u0173 grup\u0117, veikianti komercinio \u0161aldymo, komforto \u0161aldymo, pramoninio \u0161aldymo ir susijusiuose sektoriuose.","publisher":{"@id":"https:\/\/refrigeration.lt\/#organization"},"potentialAction":[{"@type":"SearchAction","target":{"@type":"EntryPoint","urlTemplate":"https:\/\/refrigeration.lt\/?s={search_term_string}"},"query-input":{"@type":"PropertyValueSpecification","valueRequired":true,"valueName":"search_term_string"}}],"inLanguage":"en-US"},{"@type":"Organization","@id":"https:\/\/refrigeration.lt\/#organization","name":"Beijer Ref","url":"https:\/\/refrigeration.lt\/","logo":{"@type":"ImageObject","inLanguage":"en-US","@id":"https:\/\/refrigeration.lt\/#\/schema\/logo\/image\/","url":"https:\/\/refrigeration.lt\/wp-content\/uploads\/2025\/09\/Beijer-Ref-LT-logo.png","contentUrl":"https:\/\/refrigeration.lt\/wp-content\/uploads\/2025\/09\/Beijer-Ref-LT-logo.png","width":161,"height":38,"caption":"Beijer Ref"},"image":{"@id":"https:\/\/refrigeration.lt\/#\/schema\/logo\/image\/"}}]}},"_links":{"self":[{"href":"https:\/\/refrigeration.lt\/en\/wp-json\/wp\/v2\/product\/5674","targetHints":{"allow":["GET"]}}],"collection":[{"href":"https:\/\/refrigeration.lt\/en\/wp-json\/wp\/v2\/product"}],"about":[{"href":"https:\/\/refrigeration.lt\/en\/wp-json\/wp\/v2\/types\/product"}],"replies":[{"embeddable":true,"href":"https:\/\/refrigeration.lt\/en\/wp-json\/wp\/v2\/comments?post=5674"}],"wp:featuredmedia":[{"embeddable":true,"href":"https:\/\/refrigeration.lt\/en\/wp-json\/wp\/v2\/media\/5675"}],"wp:attachment":[{"href":"https:\/\/refrigeration.lt\/en\/wp-json\/wp\/v2\/media?parent=5674"}],"wp:term":[{"taxonomy":"product_brand","embeddable":true,"href":"https:\/\/refrigeration.lt\/en\/wp-json\/wp\/v2\/product_brand?post=5674"},{"taxonomy":"product_cat","embeddable":true,"href":"https:\/\/refrigeration.lt\/en\/wp-json\/wp\/v2\/product_cat?post=5674"},{"taxonomy":"product_tag","embeddable":true,"href":"https:\/\/refrigeration.lt\/en\/wp-json\/wp\/v2\/product_tag?post=5674"}],"curies":[{"name":"wp","href":"https:\/\/api.w.org\/{rel}","templated":true}]}}