{"id":5680,"date":"2025-06-25T06:38:45","date_gmt":"2025-06-25T06:38:45","guid":{"rendered":"https:\/\/refrigeration.webdemo.lt\/?post_type=product&p=5680"},"modified":"2025-06-25T06:38:45","modified_gmt":"2025-06-25T06:38:45","slug":"refco-a-33410-ds-tarpikliu-rinkinys-skirtas-a-33410-5680","status":"publish","type":"product","link":"https:\/\/refrigeration.lt\/en\/product\/refco-a-33410-ds-tarpikliu-rinkinys-skirtas-a-33410-5680\/","title":{"rendered":"REFCO A-33410-DS- Gasket set for A-33410"},"content":{"rendered":"<p>Gasket set for A-33410<\/p>","protected":false},"excerpt":{"rendered":"<p>Gasket set for A-33410<\/p>","protected":false},"featured_media":5681,"comment_status":"open","ping_status":"closed","template":"","meta":{"_acf_changed":false},"product_brand":[],"product_cat":[83,69,71,104],"product_tag":[],"class_list":{"0":"post-5680","1":"product","2":"type-product","3":"status-publish","4":"has-post-thumbnail","6":"product_cat-gamintojai","7":"product_cat-irankiai","8":"product_cat-kolektoriai","9":"product_cat-refco","11":"first","12":"instock","13":"taxable","14":"shipping-taxable","15":"purchasable","16":"product-type-simple"},"acf":[],"yoast_head":"<!-- This site is optimized with the Yoast SEO plugin v27.4 - https:\/\/yoast.com\/product\/yoast-seo-wordpress\/ -->\n<title>REFCO A-33410-DS- Tarpikli\u0173 rinkinys, skirtas A-33410 | Beijer Ref<\/title>\n<meta name=\"description\" content=\"REFCO A-33410-DS- Tarpikli\u0173 rinkinys, skirtas A-33410. Pirkite internetu arba pateikite u\u017eklaus\u0105.\" \/>\n<meta name=\"robots\" content=\"index, follow, max-snippet:-1, max-image-preview:large, max-video-preview:-1\" \/>\n<link rel=\"canonical\" href=\"https:\/\/refrigeration.lt\/en\/product\/refco-a-33410-ds-tarpikliu-rinkinys-skirtas-a-33410-5680\/\" \/>\n<meta property=\"og:locale\" content=\"en_US\" \/>\n<meta property=\"og:type\" content=\"article\" \/>\n<meta property=\"og:title\" content=\"REFCO A-33410-DS- Tarpikli\u0173 rinkinys, skirtas A-33410 | Beijer Ref\" \/>\n<meta property=\"og:description\" content=\"REFCO A-33410-DS- Tarpikli\u0173 rinkinys, skirtas A-33410. Pirkite internetu arba pateikite u\u017eklaus\u0105.\" \/>\n<meta property=\"og:url\" content=\"https:\/\/refrigeration.lt\/en\/product\/refco-a-33410-ds-tarpikliu-rinkinys-skirtas-a-33410-5680\/\" \/>\n<meta property=\"og:site_name\" content=\"Beijer Ref\" \/>\n<meta property=\"og:image\" content=\"https:\/\/refrigeration.lt\/wp-content\/uploads\/2025\/06\/refco-a-33410-ds-tarpikliu-rinkinys-skirtas-a-33410-5680.png\" \/>\n\t<meta property=\"og:image:width\" content=\"1000\" \/>\n\t<meta property=\"og:image:height\" content=\"1288\" \/>\n\t<meta property=\"og:image:type\" content=\"image\/png\" \/>\n<meta name=\"twitter:card\" content=\"summary_large_image\" \/>\n<script type=\"application\/ld+json\" class=\"yoast-schema-graph\">{\"@context\":\"https:\\\/\\\/schema.org\",\"@graph\":[{\"@type\":\"WebPage\",\"@id\":\"https:\\\/\\\/refrigeration.lt\\\/produktas\\\/refco-a-33410-ds-tarpikliu-rinkinys-skirtas-a-33410-5680\\\/\",\"url\":\"https:\\\/\\\/refrigeration.lt\\\/produktas\\\/refco-a-33410-ds-tarpikliu-rinkinys-skirtas-a-33410-5680\\\/\",\"name\":\"REFCO A-33410-DS- Tarpikli\u0173 rinkinys, skirtas A-33410 | Beijer Ref\",\"isPartOf\":{\"@id\":\"https:\\\/\\\/refrigeration.lt\\\/#website\"},\"primaryImageOfPage\":{\"@id\":\"https:\\\/\\\/refrigeration.lt\\\/produktas\\\/refco-a-33410-ds-tarpikliu-rinkinys-skirtas-a-33410-5680\\\/#primaryimage\"},\"image\":{\"@id\":\"https:\\\/\\\/refrigeration.lt\\\/produktas\\\/refco-a-33410-ds-tarpikliu-rinkinys-skirtas-a-33410-5680\\\/#primaryimage\"},\"thumbnailUrl\":\"https:\\\/\\\/refrigeration.lt\\\/wp-content\\\/uploads\\\/2025\\\/06\\\/refco-a-33410-ds-tarpikliu-rinkinys-skirtas-a-33410-5680.png\",\"datePublished\":\"2025-06-25T06:38:45+00:00\",\"description\":\"REFCO A-33410-DS- Tarpikli\u0173 rinkinys, skirtas A-33410. Pirkite internetu arba pateikite u\u017eklaus\u0105.\",\"breadcrumb\":{\"@id\":\"https:\\\/\\\/refrigeration.lt\\\/produktas\\\/refco-a-33410-ds-tarpikliu-rinkinys-skirtas-a-33410-5680\\\/#breadcrumb\"},\"inLanguage\":\"en-US\",\"potentialAction\":[{\"@type\":\"ReadAction\",\"target\":[\"https:\\\/\\\/refrigeration.lt\\\/produktas\\\/refco-a-33410-ds-tarpikliu-rinkinys-skirtas-a-33410-5680\\\/\"]}]},{\"@type\":\"ImageObject\",\"inLanguage\":\"en-US\",\"@id\":\"https:\\\/\\\/refrigeration.lt\\\/produktas\\\/refco-a-33410-ds-tarpikliu-rinkinys-skirtas-a-33410-5680\\\/#primaryimage\",\"url\":\"https:\\\/\\\/refrigeration.lt\\\/wp-content\\\/uploads\\\/2025\\\/06\\\/refco-a-33410-ds-tarpikliu-rinkinys-skirtas-a-33410-5680.png\",\"contentUrl\":\"https:\\\/\\\/refrigeration.lt\\\/wp-content\\\/uploads\\\/2025\\\/06\\\/refco-a-33410-ds-tarpikliu-rinkinys-skirtas-a-33410-5680.png\",\"width\":1000,\"height\":1288,\"caption\":\"REFCO A-33410-DS- Tarpikli\u0173 rinkinys, skirtas A-33410\"},{\"@type\":\"BreadcrumbList\",\"@id\":\"https:\\\/\\\/refrigeration.lt\\\/produktas\\\/refco-a-33410-ds-tarpikliu-rinkinys-skirtas-a-33410-5680\\\/#breadcrumb\",\"itemListElement\":[{\"@type\":\"ListItem\",\"position\":1,\"name\":\"Home\",\"item\":\"https:\\\/\\\/refrigeration.lt\\\/\"},{\"@type\":\"ListItem\",\"position\":2,\"name\":\"Visos prek\u0117s\",\"item\":\"https:\\\/\\\/refrigeration.lt\\\/parduotuve\\\/\"},{\"@type\":\"ListItem\",\"position\":3,\"name\":\"REFCO A-33410-DS- Tarpikli\u0173 rinkinys, skirtas A-33410\"}]},{\"@type\":\"WebSite\",\"@id\":\"https:\\\/\\\/refrigeration.lt\\\/#website\",\"url\":\"https:\\\/\\\/refrigeration.lt\\\/\",\"name\":\"Beijer Ref\",\"description\":\"Tarptautin\u0117 didmeninink\u0173 grup\u0117, veikianti komercinio \u0161aldymo, komforto \u0161aldymo, pramoninio \u0161aldymo ir susijusiuose sektoriuose.\",\"publisher\":{\"@id\":\"https:\\\/\\\/refrigeration.lt\\\/#organization\"},\"potentialAction\":[{\"@type\":\"SearchAction\",\"target\":{\"@type\":\"EntryPoint\",\"urlTemplate\":\"https:\\\/\\\/refrigeration.lt\\\/?s={search_term_string}\"},\"query-input\":{\"@type\":\"PropertyValueSpecification\",\"valueRequired\":true,\"valueName\":\"search_term_string\"}}],\"inLanguage\":\"en-US\"},{\"@type\":\"Organization\",\"@id\":\"https:\\\/\\\/refrigeration.lt\\\/#organization\",\"name\":\"Beijer Ref\",\"url\":\"https:\\\/\\\/refrigeration.lt\\\/\",\"logo\":{\"@type\":\"ImageObject\",\"inLanguage\":\"en-US\",\"@id\":\"https:\\\/\\\/refrigeration.lt\\\/#\\\/schema\\\/logo\\\/image\\\/\",\"url\":\"https:\\\/\\\/refrigeration.lt\\\/wp-content\\\/uploads\\\/2025\\\/09\\\/Beijer-Ref-LT-logo.png\",\"contentUrl\":\"https:\\\/\\\/refrigeration.lt\\\/wp-content\\\/uploads\\\/2025\\\/09\\\/Beijer-Ref-LT-logo.png\",\"width\":161,\"height\":38,\"caption\":\"Beijer Ref\"},\"image\":{\"@id\":\"https:\\\/\\\/refrigeration.lt\\\/#\\\/schema\\\/logo\\\/image\\\/\"}}]}<\/script>\n<!-- \/ Yoast SEO plugin. -->","yoast_head_json":{"title":"REFCO A-33410-DS- Tarpikli\u0173 rinkinys, skirtas A-33410 | Beijer Ref","description":"REFCO A-33410-DS- Tarpikli\u0173 rinkinys, skirtas A-33410. Pirkite internetu arba pateikite u\u017eklaus\u0105.","robots":{"index":"index","follow":"follow","max-snippet":"max-snippet:-1","max-image-preview":"max-image-preview:large","max-video-preview":"max-video-preview:-1"},"canonical":"https:\/\/refrigeration.lt\/en\/product\/refco-a-33410-ds-tarpikliu-rinkinys-skirtas-a-33410-5680\/","og_locale":"en_US","og_type":"article","og_title":"REFCO A-33410-DS- Tarpikli\u0173 rinkinys, skirtas A-33410 | Beijer Ref","og_description":"REFCO A-33410-DS- Tarpikli\u0173 rinkinys, skirtas A-33410. Pirkite internetu arba pateikite u\u017eklaus\u0105.","og_url":"https:\/\/refrigeration.lt\/en\/product\/refco-a-33410-ds-tarpikliu-rinkinys-skirtas-a-33410-5680\/","og_site_name":"Beijer Ref","og_image":[{"width":1000,"height":1288,"url":"https:\/\/refrigeration.lt\/wp-content\/uploads\/2025\/06\/refco-a-33410-ds-tarpikliu-rinkinys-skirtas-a-33410-5680.png","type":"image\/png"}],"twitter_card":"summary_large_image","schema":{"@context":"https:\/\/schema.org","@graph":[{"@type":"WebPage","@id":"https:\/\/refrigeration.lt\/produktas\/refco-a-33410-ds-tarpikliu-rinkinys-skirtas-a-33410-5680\/","url":"https:\/\/refrigeration.lt\/produktas\/refco-a-33410-ds-tarpikliu-rinkinys-skirtas-a-33410-5680\/","name":"REFCO A-33410-DS- Tarpikli\u0173 rinkinys, skirtas A-33410 | Beijer Ref","isPartOf":{"@id":"https:\/\/refrigeration.lt\/#website"},"primaryImageOfPage":{"@id":"https:\/\/refrigeration.lt\/produktas\/refco-a-33410-ds-tarpikliu-rinkinys-skirtas-a-33410-5680\/#primaryimage"},"image":{"@id":"https:\/\/refrigeration.lt\/produktas\/refco-a-33410-ds-tarpikliu-rinkinys-skirtas-a-33410-5680\/#primaryimage"},"thumbnailUrl":"https:\/\/refrigeration.lt\/wp-content\/uploads\/2025\/06\/refco-a-33410-ds-tarpikliu-rinkinys-skirtas-a-33410-5680.png","datePublished":"2025-06-25T06:38:45+00:00","description":"REFCO A-33410-DS- Tarpikli\u0173 rinkinys, skirtas A-33410. Pirkite internetu arba pateikite u\u017eklaus\u0105.","breadcrumb":{"@id":"https:\/\/refrigeration.lt\/produktas\/refco-a-33410-ds-tarpikliu-rinkinys-skirtas-a-33410-5680\/#breadcrumb"},"inLanguage":"en-US","potentialAction":[{"@type":"ReadAction","target":["https:\/\/refrigeration.lt\/produktas\/refco-a-33410-ds-tarpikliu-rinkinys-skirtas-a-33410-5680\/"]}]},{"@type":"ImageObject","inLanguage":"en-US","@id":"https:\/\/refrigeration.lt\/produktas\/refco-a-33410-ds-tarpikliu-rinkinys-skirtas-a-33410-5680\/#primaryimage","url":"https:\/\/refrigeration.lt\/wp-content\/uploads\/2025\/06\/refco-a-33410-ds-tarpikliu-rinkinys-skirtas-a-33410-5680.png","contentUrl":"https:\/\/refrigeration.lt\/wp-content\/uploads\/2025\/06\/refco-a-33410-ds-tarpikliu-rinkinys-skirtas-a-33410-5680.png","width":1000,"height":1288,"caption":"REFCO A-33410-DS- Tarpikli\u0173 rinkinys, skirtas A-33410"},{"@type":"BreadcrumbList","@id":"https:\/\/refrigeration.lt\/produktas\/refco-a-33410-ds-tarpikliu-rinkinys-skirtas-a-33410-5680\/#breadcrumb","itemListElement":[{"@type":"ListItem","position":1,"name":"Home","item":"https:\/\/refrigeration.lt\/"},{"@type":"ListItem","position":2,"name":"Visos prek\u0117s","item":"https:\/\/refrigeration.lt\/parduotuve\/"},{"@type":"ListItem","position":3,"name":"REFCO A-33410-DS- Tarpikli\u0173 rinkinys, skirtas A-33410"}]},{"@type":"WebSite","@id":"https:\/\/refrigeration.lt\/#website","url":"https:\/\/refrigeration.lt\/","name":"Beijer Ref","description":"Tarptautin\u0117 didmeninink\u0173 grup\u0117, veikianti komercinio \u0161aldymo, komforto \u0161aldymo, pramoninio \u0161aldymo ir susijusiuose sektoriuose.","publisher":{"@id":"https:\/\/refrigeration.lt\/#organization"},"potentialAction":[{"@type":"SearchAction","target":{"@type":"EntryPoint","urlTemplate":"https:\/\/refrigeration.lt\/?s={search_term_string}"},"query-input":{"@type":"PropertyValueSpecification","valueRequired":true,"valueName":"search_term_string"}}],"inLanguage":"en-US"},{"@type":"Organization","@id":"https:\/\/refrigeration.lt\/#organization","name":"Beijer Ref","url":"https:\/\/refrigeration.lt\/","logo":{"@type":"ImageObject","inLanguage":"en-US","@id":"https:\/\/refrigeration.lt\/#\/schema\/logo\/image\/","url":"https:\/\/refrigeration.lt\/wp-content\/uploads\/2025\/09\/Beijer-Ref-LT-logo.png","contentUrl":"https:\/\/refrigeration.lt\/wp-content\/uploads\/2025\/09\/Beijer-Ref-LT-logo.png","width":161,"height":38,"caption":"Beijer Ref"},"image":{"@id":"https:\/\/refrigeration.lt\/#\/schema\/logo\/image\/"}}]}},"_links":{"self":[{"href":"https:\/\/refrigeration.lt\/en\/wp-json\/wp\/v2\/product\/5680","targetHints":{"allow":["GET"]}}],"collection":[{"href":"https:\/\/refrigeration.lt\/en\/wp-json\/wp\/v2\/product"}],"about":[{"href":"https:\/\/refrigeration.lt\/en\/wp-json\/wp\/v2\/types\/product"}],"replies":[{"embeddable":true,"href":"https:\/\/refrigeration.lt\/en\/wp-json\/wp\/v2\/comments?post=5680"}],"wp:featuredmedia":[{"embeddable":true,"href":"https:\/\/refrigeration.lt\/en\/wp-json\/wp\/v2\/media\/5681"}],"wp:attachment":[{"href":"https:\/\/refrigeration.lt\/en\/wp-json\/wp\/v2\/media?parent=5680"}],"wp:term":[{"taxonomy":"product_brand","embeddable":true,"href":"https:\/\/refrigeration.lt\/en\/wp-json\/wp\/v2\/product_brand?post=5680"},{"taxonomy":"product_cat","embeddable":true,"href":"https:\/\/refrigeration.lt\/en\/wp-json\/wp\/v2\/product_cat?post=5680"},{"taxonomy":"product_tag","embeddable":true,"href":"https:\/\/refrigeration.lt\/en\/wp-json\/wp\/v2\/product_tag?post=5680"}],"curies":[{"name":"wp","href":"https:\/\/api.w.org\/{rel}","templated":true}]}}