{"id":5787,"date":"2025-06-25T06:42:10","date_gmt":"2025-06-25T06:42:10","guid":{"rendered":"https:\/\/refrigeration.webdemo.lt\/?post_type=product&p=5787"},"modified":"2025-08-28T18:33:49","modified_gmt":"2025-08-28T15:33:49","slug":"refco-cl-6-b-8211-ikrovimo-zarna-5787","status":"publish","type":"product","link":"https:\/\/refrigeration.lt\/en\/product\/refco-cl-6-b-8211-ikrovimo-zarna-5787\/","title":{"rendered":"REFCO CL-6-B &#8211; Charging hose"},"content":{"rendered":"<p>High quality charging hose for all common refrigerants with 1\/4&#8243; SAE fittings. The special rubber compound is extremely durable due to its high pressure resistance and low embrittlement. All hoses are equipped with turned PTFE seals, which are anchored in the union nut by a special snap system and thus secured against blowing out.<br \/>\n &#8211; Replaceable PTFE seal, with blow-out protection<br \/>\n &#8211; High-quality material for maximum service life, against hardening and embrittlement<br \/>\n &#8211; Serrated union nuts for better grip when tightening by hand<br \/>\n &#8211; 14mm hexagon for 1\/4&#8243; SAE for mounting with wrench (16mm for 1\/2&#8243;-20 UNF)<\/p>","protected":false},"excerpt":{"rendered":"<p>Charging hose, blue, 1\/4&#8243; SAE, 6&#8243;\/15 cm 1x straight 1\/4&#8243; SAE, 1x bended 1\/4&#8243; SAE with core depressor<\/p>","protected":false},"featured_media":5788,"comment_status":"open","ping_status":"closed","template":"","meta":{"_acf_changed":false},"product_brand":[],"product_cat":[83,69,104,74],"product_tag":[],"class_list":{"0":"post-5787","1":"product","2":"type-product","3":"status-publish","4":"has-post-thumbnail","6":"product_cat-gamintojai","7":"product_cat-irankiai","8":"product_cat-refco","9":"product_cat-zarnos","11":"first","12":"instock","13":"taxable","14":"shipping-taxable","15":"purchasable","16":"product-type-simple"},"acf":[],"yoast_head":"<!-- This site is optimized with the Yoast SEO plugin v27.4 - https:\/\/yoast.com\/product\/yoast-seo-wordpress\/ -->\n<title>REFCO CL-6-B &#8211; \u012ekrovimo \u017earna | Beijer Ref<\/title>\n<meta name=\"description\" content=\"REFCO CL-6-B &#8211; \u012ekrovimo \u017earna. Pirkite internetu arba pateikite u\u017eklaus\u0105.\" \/>\n<meta name=\"robots\" content=\"index, follow, max-snippet:-1, max-image-preview:large, max-video-preview:-1\" \/>\n<link rel=\"canonical\" href=\"https:\/\/refrigeration.lt\/en\/product\/refco-cl-6-b-8211-ikrovimo-zarna-5787\/\" \/>\n<meta property=\"og:locale\" content=\"en_US\" \/>\n<meta property=\"og:type\" content=\"article\" \/>\n<meta property=\"og:title\" content=\"REFCO CL-6-B &#8211; \u012ekrovimo \u017earna | Beijer Ref\" \/>\n<meta property=\"og:description\" content=\"REFCO CL-6-B &#8211; \u012ekrovimo \u017earna. Pirkite internetu arba pateikite u\u017eklaus\u0105.\" \/>\n<meta property=\"og:url\" content=\"https:\/\/refrigeration.lt\/en\/product\/refco-cl-6-b-8211-ikrovimo-zarna-5787\/\" \/>\n<meta property=\"og:site_name\" content=\"Beijer Ref\" \/>\n<meta property=\"article:modified_time\" content=\"2025-08-28T15:33:49+00:00\" \/>\n<meta property=\"og:image\" content=\"https:\/\/refrigeration.lt\/wp-content\/uploads\/2025\/06\/refco-cl-6-b-8211-ikrovimo-zarna-5787.png\" \/>\n\t<meta property=\"og:image:width\" content=\"1000\" \/>\n\t<meta property=\"og:image:height\" content=\"667\" \/>\n\t<meta property=\"og:image:type\" content=\"image\/png\" \/>\n<meta name=\"twitter:card\" content=\"summary_large_image\" \/>\n<meta name=\"twitter:label1\" content=\"Est. reading time\" \/>\n\t<meta name=\"twitter:data1\" content=\"1 minute\" \/>\n<script type=\"application\/ld+json\" class=\"yoast-schema-graph\">{\"@context\":\"https:\\\/\\\/schema.org\",\"@graph\":[{\"@type\":\"WebPage\",\"@id\":\"https:\\\/\\\/refrigeration.lt\\\/produktas\\\/refco-cl-6-b-8211-ikrovimo-zarna-5787\\\/\",\"url\":\"https:\\\/\\\/refrigeration.lt\\\/produktas\\\/refco-cl-6-b-8211-ikrovimo-zarna-5787\\\/\",\"name\":\"REFCO CL-6-B &#8211; \u012ekrovimo \u017earna | Beijer Ref\",\"isPartOf\":{\"@id\":\"https:\\\/\\\/refrigeration.lt\\\/#website\"},\"primaryImageOfPage\":{\"@id\":\"https:\\\/\\\/refrigeration.lt\\\/produktas\\\/refco-cl-6-b-8211-ikrovimo-zarna-5787\\\/#primaryimage\"},\"image\":{\"@id\":\"https:\\\/\\\/refrigeration.lt\\\/produktas\\\/refco-cl-6-b-8211-ikrovimo-zarna-5787\\\/#primaryimage\"},\"thumbnailUrl\":\"https:\\\/\\\/refrigeration.lt\\\/wp-content\\\/uploads\\\/2025\\\/06\\\/refco-cl-6-b-8211-ikrovimo-zarna-5787.png\",\"datePublished\":\"2025-06-25T06:42:10+00:00\",\"dateModified\":\"2025-08-28T15:33:49+00:00\",\"description\":\"REFCO CL-6-B &#8211; \u012ekrovimo \u017earna. Pirkite internetu arba pateikite u\u017eklaus\u0105.\",\"breadcrumb\":{\"@id\":\"https:\\\/\\\/refrigeration.lt\\\/produktas\\\/refco-cl-6-b-8211-ikrovimo-zarna-5787\\\/#breadcrumb\"},\"inLanguage\":\"en-US\",\"potentialAction\":[{\"@type\":\"ReadAction\",\"target\":[\"https:\\\/\\\/refrigeration.lt\\\/produktas\\\/refco-cl-6-b-8211-ikrovimo-zarna-5787\\\/\"]}]},{\"@type\":\"ImageObject\",\"inLanguage\":\"en-US\",\"@id\":\"https:\\\/\\\/refrigeration.lt\\\/produktas\\\/refco-cl-6-b-8211-ikrovimo-zarna-5787\\\/#primaryimage\",\"url\":\"https:\\\/\\\/refrigeration.lt\\\/wp-content\\\/uploads\\\/2025\\\/06\\\/refco-cl-6-b-8211-ikrovimo-zarna-5787.png\",\"contentUrl\":\"https:\\\/\\\/refrigeration.lt\\\/wp-content\\\/uploads\\\/2025\\\/06\\\/refco-cl-6-b-8211-ikrovimo-zarna-5787.png\",\"width\":1000,\"height\":667,\"caption\":\"REFCO CL-6-B &#8211; \u012ekrovimo \u017earna\"},{\"@type\":\"BreadcrumbList\",\"@id\":\"https:\\\/\\\/refrigeration.lt\\\/produktas\\\/refco-cl-6-b-8211-ikrovimo-zarna-5787\\\/#breadcrumb\",\"itemListElement\":[{\"@type\":\"ListItem\",\"position\":1,\"name\":\"Home\",\"item\":\"https:\\\/\\\/refrigeration.lt\\\/\"},{\"@type\":\"ListItem\",\"position\":2,\"name\":\"Visos prek\u0117s\",\"item\":\"https:\\\/\\\/refrigeration.lt\\\/parduotuve\\\/\"},{\"@type\":\"ListItem\",\"position\":3,\"name\":\"REFCO CL-6-B &#8211; \u012ekrovimo \u017earna\"}]},{\"@type\":\"WebSite\",\"@id\":\"https:\\\/\\\/refrigeration.lt\\\/#website\",\"url\":\"https:\\\/\\\/refrigeration.lt\\\/\",\"name\":\"Beijer Ref\",\"description\":\"Tarptautin\u0117 didmeninink\u0173 grup\u0117, veikianti komercinio \u0161aldymo, komforto \u0161aldymo, pramoninio \u0161aldymo ir susijusiuose sektoriuose.\",\"publisher\":{\"@id\":\"https:\\\/\\\/refrigeration.lt\\\/#organization\"},\"potentialAction\":[{\"@type\":\"SearchAction\",\"target\":{\"@type\":\"EntryPoint\",\"urlTemplate\":\"https:\\\/\\\/refrigeration.lt\\\/?s={search_term_string}\"},\"query-input\":{\"@type\":\"PropertyValueSpecification\",\"valueRequired\":true,\"valueName\":\"search_term_string\"}}],\"inLanguage\":\"en-US\"},{\"@type\":\"Organization\",\"@id\":\"https:\\\/\\\/refrigeration.lt\\\/#organization\",\"name\":\"Beijer Ref\",\"url\":\"https:\\\/\\\/refrigeration.lt\\\/\",\"logo\":{\"@type\":\"ImageObject\",\"inLanguage\":\"en-US\",\"@id\":\"https:\\\/\\\/refrigeration.lt\\\/#\\\/schema\\\/logo\\\/image\\\/\",\"url\":\"https:\\\/\\\/refrigeration.lt\\\/wp-content\\\/uploads\\\/2025\\\/09\\\/Beijer-Ref-LT-logo.png\",\"contentUrl\":\"https:\\\/\\\/refrigeration.lt\\\/wp-content\\\/uploads\\\/2025\\\/09\\\/Beijer-Ref-LT-logo.png\",\"width\":161,\"height\":38,\"caption\":\"Beijer Ref\"},\"image\":{\"@id\":\"https:\\\/\\\/refrigeration.lt\\\/#\\\/schema\\\/logo\\\/image\\\/\"}}]}<\/script>\n<!-- \/ Yoast SEO plugin. -->","yoast_head_json":{"title":"REFCO CL-6-B &#8211; \u012ekrovimo \u017earna | Beijer Ref","description":"REFCO CL-6-B &#8211; \u012ekrovimo \u017earna. Pirkite internetu arba pateikite u\u017eklaus\u0105.","robots":{"index":"index","follow":"follow","max-snippet":"max-snippet:-1","max-image-preview":"max-image-preview:large","max-video-preview":"max-video-preview:-1"},"canonical":"https:\/\/refrigeration.lt\/en\/product\/refco-cl-6-b-8211-ikrovimo-zarna-5787\/","og_locale":"en_US","og_type":"article","og_title":"REFCO CL-6-B &#8211; \u012ekrovimo \u017earna | Beijer Ref","og_description":"REFCO CL-6-B &#8211; \u012ekrovimo \u017earna. Pirkite internetu arba pateikite u\u017eklaus\u0105.","og_url":"https:\/\/refrigeration.lt\/en\/product\/refco-cl-6-b-8211-ikrovimo-zarna-5787\/","og_site_name":"Beijer Ref","article_modified_time":"2025-08-28T15:33:49+00:00","og_image":[{"width":1000,"height":667,"url":"https:\/\/refrigeration.lt\/wp-content\/uploads\/2025\/06\/refco-cl-6-b-8211-ikrovimo-zarna-5787.png","type":"image\/png"}],"twitter_card":"summary_large_image","twitter_misc":{"Est. reading time":"1 minute"},"schema":{"@context":"https:\/\/schema.org","@graph":[{"@type":"WebPage","@id":"https:\/\/refrigeration.lt\/produktas\/refco-cl-6-b-8211-ikrovimo-zarna-5787\/","url":"https:\/\/refrigeration.lt\/produktas\/refco-cl-6-b-8211-ikrovimo-zarna-5787\/","name":"REFCO CL-6-B &#8211; \u012ekrovimo \u017earna | Beijer Ref","isPartOf":{"@id":"https:\/\/refrigeration.lt\/#website"},"primaryImageOfPage":{"@id":"https:\/\/refrigeration.lt\/produktas\/refco-cl-6-b-8211-ikrovimo-zarna-5787\/#primaryimage"},"image":{"@id":"https:\/\/refrigeration.lt\/produktas\/refco-cl-6-b-8211-ikrovimo-zarna-5787\/#primaryimage"},"thumbnailUrl":"https:\/\/refrigeration.lt\/wp-content\/uploads\/2025\/06\/refco-cl-6-b-8211-ikrovimo-zarna-5787.png","datePublished":"2025-06-25T06:42:10+00:00","dateModified":"2025-08-28T15:33:49+00:00","description":"REFCO CL-6-B &#8211; \u012ekrovimo \u017earna. Pirkite internetu arba pateikite u\u017eklaus\u0105.","breadcrumb":{"@id":"https:\/\/refrigeration.lt\/produktas\/refco-cl-6-b-8211-ikrovimo-zarna-5787\/#breadcrumb"},"inLanguage":"en-US","potentialAction":[{"@type":"ReadAction","target":["https:\/\/refrigeration.lt\/produktas\/refco-cl-6-b-8211-ikrovimo-zarna-5787\/"]}]},{"@type":"ImageObject","inLanguage":"en-US","@id":"https:\/\/refrigeration.lt\/produktas\/refco-cl-6-b-8211-ikrovimo-zarna-5787\/#primaryimage","url":"https:\/\/refrigeration.lt\/wp-content\/uploads\/2025\/06\/refco-cl-6-b-8211-ikrovimo-zarna-5787.png","contentUrl":"https:\/\/refrigeration.lt\/wp-content\/uploads\/2025\/06\/refco-cl-6-b-8211-ikrovimo-zarna-5787.png","width":1000,"height":667,"caption":"REFCO CL-6-B &#8211; \u012ekrovimo \u017earna"},{"@type":"BreadcrumbList","@id":"https:\/\/refrigeration.lt\/produktas\/refco-cl-6-b-8211-ikrovimo-zarna-5787\/#breadcrumb","itemListElement":[{"@type":"ListItem","position":1,"name":"Home","item":"https:\/\/refrigeration.lt\/"},{"@type":"ListItem","position":2,"name":"Visos prek\u0117s","item":"https:\/\/refrigeration.lt\/parduotuve\/"},{"@type":"ListItem","position":3,"name":"REFCO CL-6-B &#8211; \u012ekrovimo \u017earna"}]},{"@type":"WebSite","@id":"https:\/\/refrigeration.lt\/#website","url":"https:\/\/refrigeration.lt\/","name":"Beijer Ref","description":"Tarptautin\u0117 didmeninink\u0173 grup\u0117, veikianti komercinio \u0161aldymo, komforto \u0161aldymo, pramoninio \u0161aldymo ir susijusiuose sektoriuose.","publisher":{"@id":"https:\/\/refrigeration.lt\/#organization"},"potentialAction":[{"@type":"SearchAction","target":{"@type":"EntryPoint","urlTemplate":"https:\/\/refrigeration.lt\/?s={search_term_string}"},"query-input":{"@type":"PropertyValueSpecification","valueRequired":true,"valueName":"search_term_string"}}],"inLanguage":"en-US"},{"@type":"Organization","@id":"https:\/\/refrigeration.lt\/#organization","name":"Beijer Ref","url":"https:\/\/refrigeration.lt\/","logo":{"@type":"ImageObject","inLanguage":"en-US","@id":"https:\/\/refrigeration.lt\/#\/schema\/logo\/image\/","url":"https:\/\/refrigeration.lt\/wp-content\/uploads\/2025\/09\/Beijer-Ref-LT-logo.png","contentUrl":"https:\/\/refrigeration.lt\/wp-content\/uploads\/2025\/09\/Beijer-Ref-LT-logo.png","width":161,"height":38,"caption":"Beijer Ref"},"image":{"@id":"https:\/\/refrigeration.lt\/#\/schema\/logo\/image\/"}}]}},"_links":{"self":[{"href":"https:\/\/refrigeration.lt\/en\/wp-json\/wp\/v2\/product\/5787","targetHints":{"allow":["GET"]}}],"collection":[{"href":"https:\/\/refrigeration.lt\/en\/wp-json\/wp\/v2\/product"}],"about":[{"href":"https:\/\/refrigeration.lt\/en\/wp-json\/wp\/v2\/types\/product"}],"replies":[{"embeddable":true,"href":"https:\/\/refrigeration.lt\/en\/wp-json\/wp\/v2\/comments?post=5787"}],"wp:featuredmedia":[{"embeddable":true,"href":"https:\/\/refrigeration.lt\/en\/wp-json\/wp\/v2\/media\/5788"}],"wp:attachment":[{"href":"https:\/\/refrigeration.lt\/en\/wp-json\/wp\/v2\/media?parent=5787"}],"wp:term":[{"taxonomy":"product_brand","embeddable":true,"href":"https:\/\/refrigeration.lt\/en\/wp-json\/wp\/v2\/product_brand?post=5787"},{"taxonomy":"product_cat","embeddable":true,"href":"https:\/\/refrigeration.lt\/en\/wp-json\/wp\/v2\/product_cat?post=5787"},{"taxonomy":"product_tag","embeddable":true,"href":"https:\/\/refrigeration.lt\/en\/wp-json\/wp\/v2\/product_tag?post=5787"}],"curies":[{"name":"wp","href":"https:\/\/api.w.org\/{rel}","templated":true}]}}