{"id":5908,"date":"2025-06-25T06:45:29","date_gmt":"2025-06-25T06:45:29","guid":{"rendered":"https:\/\/refrigeration.webdemo.lt\/?post_type=product&#038;p=5908"},"modified":"2025-08-28T18:33:40","modified_gmt":"2025-08-28T15:33:40","slug":"refco-tritector-rct-8211-3-viename-nuotekio-detektorius-su-5908","status":"publish","type":"product","link":"https:\/\/refrigeration.lt\/en\/product\/refco-tritector-rct-8211-3-viename-nuotekio-detektorius-su-5908\/","title":{"rendered":"REFCO TRITECTOR-RCT &#8211; 3-in-1 Leak detector with easily replaceable sensors"},"content":{"rendered":"<p>The TRITECTOR is the practical 3-in-1 solution for the professional refrigeration engineer &#8211; with easily replaceable sensors, all common refrigerants, combustible gases and tracer gases can be detected with only one device. The adjustable sensitivity levels find even the smallest leaks, and the ambient concentration is continuously compensated automatically or can also be compensated manually. As soon as a leak is detected, the colour LCD display gives a visual signal and an optional sound is emitted. As with other REFCO products, either AA batteries or Micro-USB supplies power &#8211; making annoying delays caused by dead batteries a thing of the past.<br \/>\n &#8211; Intuitive handling<br \/>\n &#8211; Intelligent electronics that automatically detect the connected sensor<br \/>\n &#8211; Exchangeable sensors for refrigerants, combustible gases and tracer gases<br \/>\n &#8211; Variable power supply (batteries &#038; USB)<br \/>\n &#8211; Automatic and manual reset of the ambient concentration<br \/>\n &#8211; High quality LCD display<\/p>","protected":false},"excerpt":{"rendered":"<p>3-in-1 Leak detector with easily replaceable sensors, all common refrigerants, combustible gases and tracer gases can be detected with only one device<\/p>","protected":false},"featured_media":5909,"comment_status":"open","ping_status":"closed","template":"","meta":{"_acf_changed":false},"product_brand":[],"product_cat":[83,69,104,76],"product_tag":[],"class_list":{"0":"post-5908","1":"product","2":"type-product","3":"status-publish","4":"has-post-thumbnail","6":"product_cat-gamintojai","7":"product_cat-irankiai","8":"product_cat-refco","9":"product_cat-serviso-irankiai","11":"first","12":"instock","13":"taxable","14":"shipping-taxable","15":"purchasable","16":"product-type-simple"},"acf":[],"yoast_head":"<!-- This site is optimized with the Yoast SEO plugin v27.4 - https:\/\/yoast.com\/product\/yoast-seo-wordpress\/ -->\n<title>REFCO TRITECTOR-RCT &#8211; 3 viename nuot\u0117kio detektorius su lengvai kei\u010diamais jutikliais | Beijer Ref<\/title>\n<meta name=\"description\" content=\"REFCO TRITECTOR-RCT &#8211; 3 viename nuot\u0117kio detektorius su lengvai kei\u010diamais jutikliais. Pirkite internetu arba pateikite u\u017eklaus\u0105.\" \/>\n<meta name=\"robots\" content=\"index, follow, max-snippet:-1, max-image-preview:large, max-video-preview:-1\" \/>\n<link rel=\"canonical\" href=\"https:\/\/refrigeration.lt\/en\/product\/refco-tritector-rct-8211-3-viename-nuotekio-detektorius-su-5908\/\" \/>\n<meta property=\"og:locale\" content=\"en_US\" \/>\n<meta property=\"og:type\" content=\"article\" \/>\n<meta property=\"og:title\" content=\"REFCO TRITECTOR-RCT &#8211; 3 viename nuot\u0117kio detektorius su lengvai kei\u010diamais jutikliais | Beijer Ref\" \/>\n<meta property=\"og:description\" content=\"REFCO TRITECTOR-RCT &#8211; 3 viename nuot\u0117kio detektorius su lengvai kei\u010diamais jutikliais. Pirkite internetu arba pateikite u\u017eklaus\u0105.\" \/>\n<meta property=\"og:url\" content=\"https:\/\/refrigeration.lt\/en\/product\/refco-tritector-rct-8211-3-viename-nuotekio-detektorius-su-5908\/\" \/>\n<meta property=\"og:site_name\" content=\"Beijer Ref\" \/>\n<meta property=\"article:modified_time\" content=\"2025-08-28T15:33:40+00:00\" \/>\n<meta property=\"og:image\" content=\"https:\/\/refrigeration.lt\/wp-content\/uploads\/2025\/06\/refco-tritector-rct-8211-3-viename-nuotekio-detektorius-su-5908.png\" \/>\n\t<meta property=\"og:image:width\" content=\"1000\" \/>\n\t<meta property=\"og:image:height\" content=\"1991\" \/>\n\t<meta property=\"og:image:type\" content=\"image\/png\" \/>\n<meta name=\"twitter:card\" content=\"summary_large_image\" \/>\n<meta name=\"twitter:label1\" content=\"Est. reading time\" \/>\n\t<meta name=\"twitter:data1\" content=\"1 minute\" \/>\n<script type=\"application\/ld+json\" class=\"yoast-schema-graph\">{\"@context\":\"https:\\\/\\\/schema.org\",\"@graph\":[{\"@type\":\"WebPage\",\"@id\":\"https:\\\/\\\/refrigeration.lt\\\/produktas\\\/refco-tritector-rct-8211-3-viename-nuotekio-detektorius-su-5908\\\/\",\"url\":\"https:\\\/\\\/refrigeration.lt\\\/produktas\\\/refco-tritector-rct-8211-3-viename-nuotekio-detektorius-su-5908\\\/\",\"name\":\"REFCO TRITECTOR-RCT &#8211; 3 viename nuot\u0117kio detektorius su lengvai kei\u010diamais jutikliais | Beijer Ref\",\"isPartOf\":{\"@id\":\"https:\\\/\\\/refrigeration.lt\\\/#website\"},\"primaryImageOfPage\":{\"@id\":\"https:\\\/\\\/refrigeration.lt\\\/produktas\\\/refco-tritector-rct-8211-3-viename-nuotekio-detektorius-su-5908\\\/#primaryimage\"},\"image\":{\"@id\":\"https:\\\/\\\/refrigeration.lt\\\/produktas\\\/refco-tritector-rct-8211-3-viename-nuotekio-detektorius-su-5908\\\/#primaryimage\"},\"thumbnailUrl\":\"https:\\\/\\\/refrigeration.lt\\\/wp-content\\\/uploads\\\/2025\\\/06\\\/refco-tritector-rct-8211-3-viename-nuotekio-detektorius-su-5908.png\",\"datePublished\":\"2025-06-25T06:45:29+00:00\",\"dateModified\":\"2025-08-28T15:33:40+00:00\",\"description\":\"REFCO TRITECTOR-RCT &#8211; 3 viename nuot\u0117kio detektorius su lengvai kei\u010diamais jutikliais. Pirkite internetu arba pateikite u\u017eklaus\u0105.\",\"breadcrumb\":{\"@id\":\"https:\\\/\\\/refrigeration.lt\\\/produktas\\\/refco-tritector-rct-8211-3-viename-nuotekio-detektorius-su-5908\\\/#breadcrumb\"},\"inLanguage\":\"en-US\",\"potentialAction\":[{\"@type\":\"ReadAction\",\"target\":[\"https:\\\/\\\/refrigeration.lt\\\/produktas\\\/refco-tritector-rct-8211-3-viename-nuotekio-detektorius-su-5908\\\/\"]}]},{\"@type\":\"ImageObject\",\"inLanguage\":\"en-US\",\"@id\":\"https:\\\/\\\/refrigeration.lt\\\/produktas\\\/refco-tritector-rct-8211-3-viename-nuotekio-detektorius-su-5908\\\/#primaryimage\",\"url\":\"https:\\\/\\\/refrigeration.lt\\\/wp-content\\\/uploads\\\/2025\\\/06\\\/refco-tritector-rct-8211-3-viename-nuotekio-detektorius-su-5908.png\",\"contentUrl\":\"https:\\\/\\\/refrigeration.lt\\\/wp-content\\\/uploads\\\/2025\\\/06\\\/refco-tritector-rct-8211-3-viename-nuotekio-detektorius-su-5908.png\",\"width\":1000,\"height\":1991,\"caption\":\"REFCO TRITECTOR-RCT &#8211; 3 viename nuot\u0117kio detektorius su lengvai kei\u010diamais jutikliais\"},{\"@type\":\"BreadcrumbList\",\"@id\":\"https:\\\/\\\/refrigeration.lt\\\/produktas\\\/refco-tritector-rct-8211-3-viename-nuotekio-detektorius-su-5908\\\/#breadcrumb\",\"itemListElement\":[{\"@type\":\"ListItem\",\"position\":1,\"name\":\"Home\",\"item\":\"https:\\\/\\\/refrigeration.lt\\\/\"},{\"@type\":\"ListItem\",\"position\":2,\"name\":\"Visos prek\u0117s\",\"item\":\"https:\\\/\\\/refrigeration.lt\\\/parduotuve\\\/\"},{\"@type\":\"ListItem\",\"position\":3,\"name\":\"REFCO TRITECTOR-RCT &#8211; 3 viename nuot\u0117kio detektorius su lengvai kei\u010diamais jutikliais\"}]},{\"@type\":\"WebSite\",\"@id\":\"https:\\\/\\\/refrigeration.lt\\\/#website\",\"url\":\"https:\\\/\\\/refrigeration.lt\\\/\",\"name\":\"Beijer Ref\",\"description\":\"Tarptautin\u0117 didmeninink\u0173 grup\u0117, veikianti komercinio \u0161aldymo, komforto \u0161aldymo, pramoninio \u0161aldymo ir susijusiuose sektoriuose.\",\"publisher\":{\"@id\":\"https:\\\/\\\/refrigeration.lt\\\/#organization\"},\"potentialAction\":[{\"@type\":\"SearchAction\",\"target\":{\"@type\":\"EntryPoint\",\"urlTemplate\":\"https:\\\/\\\/refrigeration.lt\\\/?s={search_term_string}\"},\"query-input\":{\"@type\":\"PropertyValueSpecification\",\"valueRequired\":true,\"valueName\":\"search_term_string\"}}],\"inLanguage\":\"en-US\"},{\"@type\":\"Organization\",\"@id\":\"https:\\\/\\\/refrigeration.lt\\\/#organization\",\"name\":\"Beijer Ref\",\"url\":\"https:\\\/\\\/refrigeration.lt\\\/\",\"logo\":{\"@type\":\"ImageObject\",\"inLanguage\":\"en-US\",\"@id\":\"https:\\\/\\\/refrigeration.lt\\\/#\\\/schema\\\/logo\\\/image\\\/\",\"url\":\"https:\\\/\\\/refrigeration.lt\\\/wp-content\\\/uploads\\\/2025\\\/09\\\/Beijer-Ref-LT-logo.png\",\"contentUrl\":\"https:\\\/\\\/refrigeration.lt\\\/wp-content\\\/uploads\\\/2025\\\/09\\\/Beijer-Ref-LT-logo.png\",\"width\":161,\"height\":38,\"caption\":\"Beijer Ref\"},\"image\":{\"@id\":\"https:\\\/\\\/refrigeration.lt\\\/#\\\/schema\\\/logo\\\/image\\\/\"}}]}<\/script>\n<!-- \/ Yoast SEO plugin. -->","yoast_head_json":{"title":"REFCO TRITECTOR-RCT &#8211; 3 viename nuot\u0117kio detektorius su lengvai kei\u010diamais jutikliais | Beijer Ref","description":"REFCO TRITECTOR-RCT &#8211; 3 viename nuot\u0117kio detektorius su lengvai kei\u010diamais jutikliais. Pirkite internetu arba pateikite u\u017eklaus\u0105.","robots":{"index":"index","follow":"follow","max-snippet":"max-snippet:-1","max-image-preview":"max-image-preview:large","max-video-preview":"max-video-preview:-1"},"canonical":"https:\/\/refrigeration.lt\/en\/product\/refco-tritector-rct-8211-3-viename-nuotekio-detektorius-su-5908\/","og_locale":"en_US","og_type":"article","og_title":"REFCO TRITECTOR-RCT &#8211; 3 viename nuot\u0117kio detektorius su lengvai kei\u010diamais jutikliais | Beijer Ref","og_description":"REFCO TRITECTOR-RCT &#8211; 3 viename nuot\u0117kio detektorius su lengvai kei\u010diamais jutikliais. Pirkite internetu arba pateikite u\u017eklaus\u0105.","og_url":"https:\/\/refrigeration.lt\/en\/product\/refco-tritector-rct-8211-3-viename-nuotekio-detektorius-su-5908\/","og_site_name":"Beijer Ref","article_modified_time":"2025-08-28T15:33:40+00:00","og_image":[{"width":1000,"height":1991,"url":"https:\/\/refrigeration.lt\/wp-content\/uploads\/2025\/06\/refco-tritector-rct-8211-3-viename-nuotekio-detektorius-su-5908.png","type":"image\/png"}],"twitter_card":"summary_large_image","twitter_misc":{"Est. reading time":"1 minute"},"schema":{"@context":"https:\/\/schema.org","@graph":[{"@type":"WebPage","@id":"https:\/\/refrigeration.lt\/produktas\/refco-tritector-rct-8211-3-viename-nuotekio-detektorius-su-5908\/","url":"https:\/\/refrigeration.lt\/produktas\/refco-tritector-rct-8211-3-viename-nuotekio-detektorius-su-5908\/","name":"REFCO TRITECTOR-RCT &#8211; 3 viename nuot\u0117kio detektorius su lengvai kei\u010diamais jutikliais | Beijer Ref","isPartOf":{"@id":"https:\/\/refrigeration.lt\/#website"},"primaryImageOfPage":{"@id":"https:\/\/refrigeration.lt\/produktas\/refco-tritector-rct-8211-3-viename-nuotekio-detektorius-su-5908\/#primaryimage"},"image":{"@id":"https:\/\/refrigeration.lt\/produktas\/refco-tritector-rct-8211-3-viename-nuotekio-detektorius-su-5908\/#primaryimage"},"thumbnailUrl":"https:\/\/refrigeration.lt\/wp-content\/uploads\/2025\/06\/refco-tritector-rct-8211-3-viename-nuotekio-detektorius-su-5908.png","datePublished":"2025-06-25T06:45:29+00:00","dateModified":"2025-08-28T15:33:40+00:00","description":"REFCO TRITECTOR-RCT &#8211; 3 viename nuot\u0117kio detektorius su lengvai kei\u010diamais jutikliais. Pirkite internetu arba pateikite u\u017eklaus\u0105.","breadcrumb":{"@id":"https:\/\/refrigeration.lt\/produktas\/refco-tritector-rct-8211-3-viename-nuotekio-detektorius-su-5908\/#breadcrumb"},"inLanguage":"en-US","potentialAction":[{"@type":"ReadAction","target":["https:\/\/refrigeration.lt\/produktas\/refco-tritector-rct-8211-3-viename-nuotekio-detektorius-su-5908\/"]}]},{"@type":"ImageObject","inLanguage":"en-US","@id":"https:\/\/refrigeration.lt\/produktas\/refco-tritector-rct-8211-3-viename-nuotekio-detektorius-su-5908\/#primaryimage","url":"https:\/\/refrigeration.lt\/wp-content\/uploads\/2025\/06\/refco-tritector-rct-8211-3-viename-nuotekio-detektorius-su-5908.png","contentUrl":"https:\/\/refrigeration.lt\/wp-content\/uploads\/2025\/06\/refco-tritector-rct-8211-3-viename-nuotekio-detektorius-su-5908.png","width":1000,"height":1991,"caption":"REFCO TRITECTOR-RCT &#8211; 3 viename nuot\u0117kio detektorius su lengvai kei\u010diamais jutikliais"},{"@type":"BreadcrumbList","@id":"https:\/\/refrigeration.lt\/produktas\/refco-tritector-rct-8211-3-viename-nuotekio-detektorius-su-5908\/#breadcrumb","itemListElement":[{"@type":"ListItem","position":1,"name":"Home","item":"https:\/\/refrigeration.lt\/"},{"@type":"ListItem","position":2,"name":"Visos prek\u0117s","item":"https:\/\/refrigeration.lt\/parduotuve\/"},{"@type":"ListItem","position":3,"name":"REFCO TRITECTOR-RCT &#8211; 3 viename nuot\u0117kio detektorius su lengvai kei\u010diamais jutikliais"}]},{"@type":"WebSite","@id":"https:\/\/refrigeration.lt\/#website","url":"https:\/\/refrigeration.lt\/","name":"Beijer Ref","description":"Tarptautin\u0117 didmeninink\u0173 grup\u0117, veikianti komercinio \u0161aldymo, komforto \u0161aldymo, pramoninio \u0161aldymo ir susijusiuose sektoriuose.","publisher":{"@id":"https:\/\/refrigeration.lt\/#organization"},"potentialAction":[{"@type":"SearchAction","target":{"@type":"EntryPoint","urlTemplate":"https:\/\/refrigeration.lt\/?s={search_term_string}"},"query-input":{"@type":"PropertyValueSpecification","valueRequired":true,"valueName":"search_term_string"}}],"inLanguage":"en-US"},{"@type":"Organization","@id":"https:\/\/refrigeration.lt\/#organization","name":"Beijer Ref","url":"https:\/\/refrigeration.lt\/","logo":{"@type":"ImageObject","inLanguage":"en-US","@id":"https:\/\/refrigeration.lt\/#\/schema\/logo\/image\/","url":"https:\/\/refrigeration.lt\/wp-content\/uploads\/2025\/09\/Beijer-Ref-LT-logo.png","contentUrl":"https:\/\/refrigeration.lt\/wp-content\/uploads\/2025\/09\/Beijer-Ref-LT-logo.png","width":161,"height":38,"caption":"Beijer Ref"},"image":{"@id":"https:\/\/refrigeration.lt\/#\/schema\/logo\/image\/"}}]}},"_links":{"self":[{"href":"https:\/\/refrigeration.lt\/en\/wp-json\/wp\/v2\/product\/5908","targetHints":{"allow":["GET"]}}],"collection":[{"href":"https:\/\/refrigeration.lt\/en\/wp-json\/wp\/v2\/product"}],"about":[{"href":"https:\/\/refrigeration.lt\/en\/wp-json\/wp\/v2\/types\/product"}],"replies":[{"embeddable":true,"href":"https:\/\/refrigeration.lt\/en\/wp-json\/wp\/v2\/comments?post=5908"}],"wp:featuredmedia":[{"embeddable":true,"href":"https:\/\/refrigeration.lt\/en\/wp-json\/wp\/v2\/media\/5909"}],"wp:attachment":[{"href":"https:\/\/refrigeration.lt\/en\/wp-json\/wp\/v2\/media?parent=5908"}],"wp:term":[{"taxonomy":"product_brand","embeddable":true,"href":"https:\/\/refrigeration.lt\/en\/wp-json\/wp\/v2\/product_brand?post=5908"},{"taxonomy":"product_cat","embeddable":true,"href":"https:\/\/refrigeration.lt\/en\/wp-json\/wp\/v2\/product_cat?post=5908"},{"taxonomy":"product_tag","embeddable":true,"href":"https:\/\/refrigeration.lt\/en\/wp-json\/wp\/v2\/product_tag?post=5908"}],"curies":[{"name":"wp","href":"https:\/\/api.w.org\/{rel}","templated":true}]}}