{"id":5917,"date":"2025-06-25T06:45:48","date_gmt":"2025-06-25T06:45:48","guid":{"rendered":"https:\/\/refrigeration.webdemo.lt\/?post_type=product&p=5917"},"modified":"2025-08-28T18:33:39","modified_gmt":"2025-08-28T15:33:39","slug":"refco-refscal-8211-elektronines-ikraunamos-svarstykles-5917","status":"publish","type":"product","link":"https:\/\/refrigeration.lt\/en\/product\/refco-refscal-8211-elektronines-ikraunamos-svarstykles-5917\/","title":{"rendered":"REFCO REFSCAL &#8211; Electronic charging scale"},"content":{"rendered":"<p>The electronic charging scale REFSCALE can easily be connected to the REFMATE and\/or REFMESH. It consists of two solid aluminum plates on which large refrigerant cylinders can be safely placed thanks to the octagonal shape. The highly sensitive measuring cell indicates the exact weight even with asymmetrically positioned cylinders. Set the required function via the REFMESHTM App. In addition, an adapter (10612-REF) for small refrigerant cans can be mounted on the thread, which makes handling easier.<br \/>\n &#8211; Weight\/capacity up to 110 kg<br \/>\n &#8211; Connects wireless with REFMATE and\/or REFMESH<br \/>\n &#8211; High accuracy and automatic resolution<br \/>\n &#8211; Programmable alarm<br \/>\n &#8211; Can be calibrated in the field with reference weights<br \/>\n &#8211; Indicates refrigerant tank capacity<br \/>\n &#8211; Measures weight in kg, lb, and oz<br \/>\n &#8211; Lankstus maitinimo \u0161altinis su baterija arba per USB<\/p>","protected":false},"excerpt":{"rendered":"<p>Electronic charging scale, capacity: 110 kg Accuracy: +\/- 0.05% or 10g<\/p>","protected":false},"featured_media":5918,"comment_status":"open","ping_status":"closed","template":"","meta":{"_acf_changed":false},"product_brand":[],"product_cat":[83,69,104,76,70],"product_tag":[],"class_list":{"0":"post-5917","1":"product","2":"type-product","3":"status-publish","4":"has-post-thumbnail","6":"product_cat-gamintojai","7":"product_cat-irankiai","8":"product_cat-refco","9":"product_cat-serviso-irankiai","10":"product_cat-svarstykles","12":"first","13":"instock","14":"taxable","15":"shipping-taxable","16":"purchasable","17":"product-type-simple"},"acf":[],"yoast_head":"<!-- This site is optimized with the Yoast SEO plugin v27.4 - https:\/\/yoast.com\/product\/yoast-seo-wordpress\/ -->\n<title>REFCO REFSCAL &#8211; Elektronin\u0117s \u012fkraunamos svarstykl\u0117s | Beijer Ref<\/title>\n<meta name=\"description\" content=\"REFCO REFSCAL &#8211; Elektronin\u0117s \u012fkraunamos svarstykl\u0117s. Pirkite internetu arba pateikite u\u017eklaus\u0105.\" \/>\n<meta name=\"robots\" content=\"index, follow, max-snippet:-1, max-image-preview:large, max-video-preview:-1\" \/>\n<link rel=\"canonical\" href=\"https:\/\/refrigeration.lt\/en\/product\/refco-refscal-8211-elektronines-ikraunamos-svarstykles-5917\/\" \/>\n<meta property=\"og:locale\" content=\"en_US\" \/>\n<meta property=\"og:type\" content=\"article\" \/>\n<meta property=\"og:title\" content=\"REFCO REFSCAL &#8211; Elektronin\u0117s \u012fkraunamos svarstykl\u0117s | Beijer Ref\" \/>\n<meta property=\"og:description\" content=\"REFCO REFSCAL &#8211; Elektronin\u0117s \u012fkraunamos svarstykl\u0117s. Pirkite internetu arba pateikite u\u017eklaus\u0105.\" \/>\n<meta property=\"og:url\" content=\"https:\/\/refrigeration.lt\/en\/product\/refco-refscal-8211-elektronines-ikraunamos-svarstykles-5917\/\" \/>\n<meta property=\"og:site_name\" content=\"Beijer Ref\" \/>\n<meta property=\"article:modified_time\" content=\"2025-08-28T15:33:39+00:00\" \/>\n<meta property=\"og:image\" content=\"https:\/\/refrigeration.lt\/wp-content\/uploads\/2025\/06\/refco-refscal-8211-elektronines-ikraunamos-svarstykles-5917.png\" \/>\n\t<meta property=\"og:image:width\" content=\"1000\" \/>\n\t<meta property=\"og:image:height\" content=\"750\" \/>\n\t<meta property=\"og:image:type\" content=\"image\/png\" \/>\n<meta name=\"twitter:card\" content=\"summary_large_image\" \/>\n<meta name=\"twitter:label1\" content=\"Est. reading time\" \/>\n\t<meta name=\"twitter:data1\" content=\"1 minute\" \/>\n<script type=\"application\/ld+json\" class=\"yoast-schema-graph\">{\"@context\":\"https:\\\/\\\/schema.org\",\"@graph\":[{\"@type\":\"WebPage\",\"@id\":\"https:\\\/\\\/refrigeration.lt\\\/produktas\\\/refco-refscal-8211-elektronines-ikraunamos-svarstykles-5917\\\/\",\"url\":\"https:\\\/\\\/refrigeration.lt\\\/produktas\\\/refco-refscal-8211-elektronines-ikraunamos-svarstykles-5917\\\/\",\"name\":\"REFCO REFSCAL &#8211; Elektronin\u0117s \u012fkraunamos svarstykl\u0117s | Beijer Ref\",\"isPartOf\":{\"@id\":\"https:\\\/\\\/refrigeration.lt\\\/#website\"},\"primaryImageOfPage\":{\"@id\":\"https:\\\/\\\/refrigeration.lt\\\/produktas\\\/refco-refscal-8211-elektronines-ikraunamos-svarstykles-5917\\\/#primaryimage\"},\"image\":{\"@id\":\"https:\\\/\\\/refrigeration.lt\\\/produktas\\\/refco-refscal-8211-elektronines-ikraunamos-svarstykles-5917\\\/#primaryimage\"},\"thumbnailUrl\":\"https:\\\/\\\/refrigeration.lt\\\/wp-content\\\/uploads\\\/2025\\\/06\\\/refco-refscal-8211-elektronines-ikraunamos-svarstykles-5917.png\",\"datePublished\":\"2025-06-25T06:45:48+00:00\",\"dateModified\":\"2025-08-28T15:33:39+00:00\",\"description\":\"REFCO REFSCAL &#8211; Elektronin\u0117s \u012fkraunamos svarstykl\u0117s. Pirkite internetu arba pateikite u\u017eklaus\u0105.\",\"breadcrumb\":{\"@id\":\"https:\\\/\\\/refrigeration.lt\\\/produktas\\\/refco-refscal-8211-elektronines-ikraunamos-svarstykles-5917\\\/#breadcrumb\"},\"inLanguage\":\"en-US\",\"potentialAction\":[{\"@type\":\"ReadAction\",\"target\":[\"https:\\\/\\\/refrigeration.lt\\\/produktas\\\/refco-refscal-8211-elektronines-ikraunamos-svarstykles-5917\\\/\"]}]},{\"@type\":\"ImageObject\",\"inLanguage\":\"en-US\",\"@id\":\"https:\\\/\\\/refrigeration.lt\\\/produktas\\\/refco-refscal-8211-elektronines-ikraunamos-svarstykles-5917\\\/#primaryimage\",\"url\":\"https:\\\/\\\/refrigeration.lt\\\/wp-content\\\/uploads\\\/2025\\\/06\\\/refco-refscal-8211-elektronines-ikraunamos-svarstykles-5917.png\",\"contentUrl\":\"https:\\\/\\\/refrigeration.lt\\\/wp-content\\\/uploads\\\/2025\\\/06\\\/refco-refscal-8211-elektronines-ikraunamos-svarstykles-5917.png\",\"width\":1000,\"height\":750,\"caption\":\"REFCO REFSCAL &#8211; Elektronin\u0117s \u012fkraunamos svarstykl\u0117s\"},{\"@type\":\"BreadcrumbList\",\"@id\":\"https:\\\/\\\/refrigeration.lt\\\/produktas\\\/refco-refscal-8211-elektronines-ikraunamos-svarstykles-5917\\\/#breadcrumb\",\"itemListElement\":[{\"@type\":\"ListItem\",\"position\":1,\"name\":\"Home\",\"item\":\"https:\\\/\\\/refrigeration.lt\\\/\"},{\"@type\":\"ListItem\",\"position\":2,\"name\":\"Visos prek\u0117s\",\"item\":\"https:\\\/\\\/refrigeration.lt\\\/parduotuve\\\/\"},{\"@type\":\"ListItem\",\"position\":3,\"name\":\"REFCO REFSCAL &#8211; Elektronin\u0117s \u012fkraunamos svarstykl\u0117s\"}]},{\"@type\":\"WebSite\",\"@id\":\"https:\\\/\\\/refrigeration.lt\\\/#website\",\"url\":\"https:\\\/\\\/refrigeration.lt\\\/\",\"name\":\"Beijer Ref\",\"description\":\"Tarptautin\u0117 didmeninink\u0173 grup\u0117, veikianti komercinio \u0161aldymo, komforto \u0161aldymo, pramoninio \u0161aldymo ir susijusiuose sektoriuose.\",\"publisher\":{\"@id\":\"https:\\\/\\\/refrigeration.lt\\\/#organization\"},\"potentialAction\":[{\"@type\":\"SearchAction\",\"target\":{\"@type\":\"EntryPoint\",\"urlTemplate\":\"https:\\\/\\\/refrigeration.lt\\\/?s={search_term_string}\"},\"query-input\":{\"@type\":\"PropertyValueSpecification\",\"valueRequired\":true,\"valueName\":\"search_term_string\"}}],\"inLanguage\":\"en-US\"},{\"@type\":\"Organization\",\"@id\":\"https:\\\/\\\/refrigeration.lt\\\/#organization\",\"name\":\"Beijer Ref\",\"url\":\"https:\\\/\\\/refrigeration.lt\\\/\",\"logo\":{\"@type\":\"ImageObject\",\"inLanguage\":\"en-US\",\"@id\":\"https:\\\/\\\/refrigeration.lt\\\/#\\\/schema\\\/logo\\\/image\\\/\",\"url\":\"https:\\\/\\\/refrigeration.lt\\\/wp-content\\\/uploads\\\/2025\\\/09\\\/Beijer-Ref-LT-logo.png\",\"contentUrl\":\"https:\\\/\\\/refrigeration.lt\\\/wp-content\\\/uploads\\\/2025\\\/09\\\/Beijer-Ref-LT-logo.png\",\"width\":161,\"height\":38,\"caption\":\"Beijer Ref\"},\"image\":{\"@id\":\"https:\\\/\\\/refrigeration.lt\\\/#\\\/schema\\\/logo\\\/image\\\/\"}}]}<\/script>\n<!-- \/ Yoast SEO plugin. -->","yoast_head_json":{"title":"REFCO REFSCAL &#8211; Elektronin\u0117s \u012fkraunamos svarstykl\u0117s | Beijer Ref","description":"REFCO REFSCAL &#8211; Elektronin\u0117s \u012fkraunamos svarstykl\u0117s. Pirkite internetu arba pateikite u\u017eklaus\u0105.","robots":{"index":"index","follow":"follow","max-snippet":"max-snippet:-1","max-image-preview":"max-image-preview:large","max-video-preview":"max-video-preview:-1"},"canonical":"https:\/\/refrigeration.lt\/en\/product\/refco-refscal-8211-elektronines-ikraunamos-svarstykles-5917\/","og_locale":"en_US","og_type":"article","og_title":"REFCO REFSCAL &#8211; Elektronin\u0117s \u012fkraunamos svarstykl\u0117s | Beijer Ref","og_description":"REFCO REFSCAL &#8211; Elektronin\u0117s \u012fkraunamos svarstykl\u0117s. Pirkite internetu arba pateikite u\u017eklaus\u0105.","og_url":"https:\/\/refrigeration.lt\/en\/product\/refco-refscal-8211-elektronines-ikraunamos-svarstykles-5917\/","og_site_name":"Beijer Ref","article_modified_time":"2025-08-28T15:33:39+00:00","og_image":[{"width":1000,"height":750,"url":"https:\/\/refrigeration.lt\/wp-content\/uploads\/2025\/06\/refco-refscal-8211-elektronines-ikraunamos-svarstykles-5917.png","type":"image\/png"}],"twitter_card":"summary_large_image","twitter_misc":{"Est. reading time":"1 minute"},"schema":{"@context":"https:\/\/schema.org","@graph":[{"@type":"WebPage","@id":"https:\/\/refrigeration.lt\/produktas\/refco-refscal-8211-elektronines-ikraunamos-svarstykles-5917\/","url":"https:\/\/refrigeration.lt\/produktas\/refco-refscal-8211-elektronines-ikraunamos-svarstykles-5917\/","name":"REFCO REFSCAL &#8211; Elektronin\u0117s \u012fkraunamos svarstykl\u0117s | Beijer Ref","isPartOf":{"@id":"https:\/\/refrigeration.lt\/#website"},"primaryImageOfPage":{"@id":"https:\/\/refrigeration.lt\/produktas\/refco-refscal-8211-elektronines-ikraunamos-svarstykles-5917\/#primaryimage"},"image":{"@id":"https:\/\/refrigeration.lt\/produktas\/refco-refscal-8211-elektronines-ikraunamos-svarstykles-5917\/#primaryimage"},"thumbnailUrl":"https:\/\/refrigeration.lt\/wp-content\/uploads\/2025\/06\/refco-refscal-8211-elektronines-ikraunamos-svarstykles-5917.png","datePublished":"2025-06-25T06:45:48+00:00","dateModified":"2025-08-28T15:33:39+00:00","description":"REFCO REFSCAL &#8211; Elektronin\u0117s \u012fkraunamos svarstykl\u0117s. Pirkite internetu arba pateikite u\u017eklaus\u0105.","breadcrumb":{"@id":"https:\/\/refrigeration.lt\/produktas\/refco-refscal-8211-elektronines-ikraunamos-svarstykles-5917\/#breadcrumb"},"inLanguage":"en-US","potentialAction":[{"@type":"ReadAction","target":["https:\/\/refrigeration.lt\/produktas\/refco-refscal-8211-elektronines-ikraunamos-svarstykles-5917\/"]}]},{"@type":"ImageObject","inLanguage":"en-US","@id":"https:\/\/refrigeration.lt\/produktas\/refco-refscal-8211-elektronines-ikraunamos-svarstykles-5917\/#primaryimage","url":"https:\/\/refrigeration.lt\/wp-content\/uploads\/2025\/06\/refco-refscal-8211-elektronines-ikraunamos-svarstykles-5917.png","contentUrl":"https:\/\/refrigeration.lt\/wp-content\/uploads\/2025\/06\/refco-refscal-8211-elektronines-ikraunamos-svarstykles-5917.png","width":1000,"height":750,"caption":"REFCO REFSCAL &#8211; Elektronin\u0117s \u012fkraunamos svarstykl\u0117s"},{"@type":"BreadcrumbList","@id":"https:\/\/refrigeration.lt\/produktas\/refco-refscal-8211-elektronines-ikraunamos-svarstykles-5917\/#breadcrumb","itemListElement":[{"@type":"ListItem","position":1,"name":"Home","item":"https:\/\/refrigeration.lt\/"},{"@type":"ListItem","position":2,"name":"Visos prek\u0117s","item":"https:\/\/refrigeration.lt\/parduotuve\/"},{"@type":"ListItem","position":3,"name":"REFCO REFSCAL &#8211; Elektronin\u0117s \u012fkraunamos svarstykl\u0117s"}]},{"@type":"WebSite","@id":"https:\/\/refrigeration.lt\/#website","url":"https:\/\/refrigeration.lt\/","name":"Beijer Ref","description":"Tarptautin\u0117 didmeninink\u0173 grup\u0117, veikianti komercinio \u0161aldymo, komforto \u0161aldymo, pramoninio \u0161aldymo ir susijusiuose sektoriuose.","publisher":{"@id":"https:\/\/refrigeration.lt\/#organization"},"potentialAction":[{"@type":"SearchAction","target":{"@type":"EntryPoint","urlTemplate":"https:\/\/refrigeration.lt\/?s={search_term_string}"},"query-input":{"@type":"PropertyValueSpecification","valueRequired":true,"valueName":"search_term_string"}}],"inLanguage":"en-US"},{"@type":"Organization","@id":"https:\/\/refrigeration.lt\/#organization","name":"Beijer Ref","url":"https:\/\/refrigeration.lt\/","logo":{"@type":"ImageObject","inLanguage":"en-US","@id":"https:\/\/refrigeration.lt\/#\/schema\/logo\/image\/","url":"https:\/\/refrigeration.lt\/wp-content\/uploads\/2025\/09\/Beijer-Ref-LT-logo.png","contentUrl":"https:\/\/refrigeration.lt\/wp-content\/uploads\/2025\/09\/Beijer-Ref-LT-logo.png","width":161,"height":38,"caption":"Beijer Ref"},"image":{"@id":"https:\/\/refrigeration.lt\/#\/schema\/logo\/image\/"}}]}},"_links":{"self":[{"href":"https:\/\/refrigeration.lt\/en\/wp-json\/wp\/v2\/product\/5917","targetHints":{"allow":["GET"]}}],"collection":[{"href":"https:\/\/refrigeration.lt\/en\/wp-json\/wp\/v2\/product"}],"about":[{"href":"https:\/\/refrigeration.lt\/en\/wp-json\/wp\/v2\/types\/product"}],"replies":[{"embeddable":true,"href":"https:\/\/refrigeration.lt\/en\/wp-json\/wp\/v2\/comments?post=5917"}],"wp:featuredmedia":[{"embeddable":true,"href":"https:\/\/refrigeration.lt\/en\/wp-json\/wp\/v2\/media\/5918"}],"wp:attachment":[{"href":"https:\/\/refrigeration.lt\/en\/wp-json\/wp\/v2\/media?parent=5917"}],"wp:term":[{"taxonomy":"product_brand","embeddable":true,"href":"https:\/\/refrigeration.lt\/en\/wp-json\/wp\/v2\/product_brand?post=5917"},{"taxonomy":"product_cat","embeddable":true,"href":"https:\/\/refrigeration.lt\/en\/wp-json\/wp\/v2\/product_cat?post=5917"},{"taxonomy":"product_tag","embeddable":true,"href":"https:\/\/refrigeration.lt\/en\/wp-json\/wp\/v2\/product_tag?post=5917"}],"curies":[{"name":"wp","href":"https:\/\/api.w.org\/{rel}","templated":true}]}}