{"id":5923,"date":"2025-06-25T06:46:04","date_gmt":"2025-06-25T06:46:04","guid":{"rendered":"https:\/\/refrigeration.webdemo.lt\/?post_type=product&#038;p=5923"},"modified":"2025-06-25T13:58:28","modified_gmt":"2025-06-25T10:58:28","slug":"refco-ez-36-i-8211-greito-prijungimo-voztuvas-5-10-mm-3-16-5923","status":"publish","type":"product","link":"https:\/\/refrigeration.lt\/en\/product\/refco-ez-36-i-8211-greito-prijungimo-voztuvas-5-10-mm-3-16-5923\/","title":{"rendered":"REFCO EZ-36-I &#8211; Quick tapper valve for tubes 5-10 mm \/ 3\/16&#8243;-3\/8&#8243; with built-in Schrader valve"},"content":{"rendered":"<p>Quick tapper valve for tubes 3\/16&#8243;-3\/8&#8243; (5-10 mm) with built in Schrader valve<br \/>\n Allows easy access to closed systems<\/p>","protected":false},"excerpt":{"rendered":"<p>Quick tapper valve for tubes 5-10 mm \/ 3\/16&#8243;-3\/8&#8243; with built-in Schrader valve<\/p>","protected":false},"featured_media":5924,"comment_status":"open","ping_status":"closed","template":"","meta":{"_acf_changed":false},"product_brand":[],"product_cat":[83,69,104,172],"product_tag":[],"class_list":{"0":"post-5923","1":"product","2":"type-product","3":"status-publish","4":"has-post-thumbnail","6":"product_cat-gamintojai","7":"product_cat-irankiai","8":"product_cat-refco","9":"product_cat-voztuvai","11":"first","12":"instock","13":"taxable","14":"shipping-taxable","15":"purchasable","16":"product-type-simple"},"acf":[],"yoast_head":"<!-- This site is optimized with the Yoast SEO plugin v27.4 - https:\/\/yoast.com\/product\/yoast-seo-wordpress\/ -->\n<title>REFCO EZ-36-I &#8211; Greito prijungimo vo\u017etuvas 5-10 mm \/ 3\/16&#8243;-3\/8&#8243; vamzd\u017eiams su integruotu Schrader vo\u017etuvu 1 | Beijer Ref<\/title>\n<meta name=\"description\" content=\"REFCO EZ-36-I &#8211; Greito prijungimo vo\u017etuvas 5-10 mm \/ 3\/16&#8243;-3\/8&#8243; vamzd\u017eiams su integruotu Schrader vo\u017etuvu 1. Pirkite internetu arba pateikite u\u017eklaus\u0105.\" \/>\n<meta name=\"robots\" content=\"index, follow, max-snippet:-1, max-image-preview:large, max-video-preview:-1\" \/>\n<link rel=\"canonical\" href=\"https:\/\/refrigeration.lt\/en\/product\/refco-ez-36-i-8211-greito-prijungimo-voztuvas-5-10-mm-3-16-5923\/\" \/>\n<meta property=\"og:locale\" content=\"en_US\" \/>\n<meta property=\"og:type\" content=\"article\" \/>\n<meta property=\"og:title\" content=\"REFCO EZ-36-I &#8211; Greito prijungimo vo\u017etuvas 5-10 mm \/ 3\/16&#8243;-3\/8&#8243; vamzd\u017eiams su integruotu Schrader vo\u017etuvu 1 | Beijer Ref\" \/>\n<meta property=\"og:description\" content=\"REFCO EZ-36-I &#8211; Greito prijungimo vo\u017etuvas 5-10 mm \/ 3\/16&#8243;-3\/8&#8243; vamzd\u017eiams su integruotu Schrader vo\u017etuvu 1. Pirkite internetu arba pateikite u\u017eklaus\u0105.\" \/>\n<meta property=\"og:url\" content=\"https:\/\/refrigeration.lt\/en\/product\/refco-ez-36-i-8211-greito-prijungimo-voztuvas-5-10-mm-3-16-5923\/\" \/>\n<meta property=\"og:site_name\" content=\"Beijer Ref\" \/>\n<meta property=\"article:modified_time\" content=\"2025-06-25T10:58:28+00:00\" \/>\n<meta property=\"og:image\" content=\"https:\/\/refrigeration.lt\/wp-content\/uploads\/2025\/06\/refco-ez-36-i-8211-greito-prijungimo-voztuvas-5-10-mm-3-16-5923.png\" \/>\n\t<meta property=\"og:image:width\" content=\"945\" \/>\n\t<meta property=\"og:image:height\" content=\"939\" \/>\n\t<meta property=\"og:image:type\" content=\"image\/png\" \/>\n<meta name=\"twitter:card\" content=\"summary_large_image\" \/>\n<script type=\"application\/ld+json\" class=\"yoast-schema-graph\">{\"@context\":\"https:\\\/\\\/schema.org\",\"@graph\":[{\"@type\":\"WebPage\",\"@id\":\"https:\\\/\\\/refrigeration.lt\\\/produktas\\\/refco-ez-36-i-8211-greito-prijungimo-voztuvas-5-10-mm-3-16-5923\\\/\",\"url\":\"https:\\\/\\\/refrigeration.lt\\\/produktas\\\/refco-ez-36-i-8211-greito-prijungimo-voztuvas-5-10-mm-3-16-5923\\\/\",\"name\":\"REFCO EZ-36-I &#8211; Greito prijungimo vo\u017etuvas 5-10 mm \\\/ 3\\\/16&#8243;-3\\\/8&#8243; vamzd\u017eiams su integruotu Schrader vo\u017etuvu 1 | Beijer Ref\",\"isPartOf\":{\"@id\":\"https:\\\/\\\/refrigeration.lt\\\/#website\"},\"primaryImageOfPage\":{\"@id\":\"https:\\\/\\\/refrigeration.lt\\\/produktas\\\/refco-ez-36-i-8211-greito-prijungimo-voztuvas-5-10-mm-3-16-5923\\\/#primaryimage\"},\"image\":{\"@id\":\"https:\\\/\\\/refrigeration.lt\\\/produktas\\\/refco-ez-36-i-8211-greito-prijungimo-voztuvas-5-10-mm-3-16-5923\\\/#primaryimage\"},\"thumbnailUrl\":\"https:\\\/\\\/refrigeration.lt\\\/wp-content\\\/uploads\\\/2025\\\/06\\\/refco-ez-36-i-8211-greito-prijungimo-voztuvas-5-10-mm-3-16-5923.png\",\"datePublished\":\"2025-06-25T06:46:04+00:00\",\"dateModified\":\"2025-06-25T10:58:28+00:00\",\"description\":\"REFCO EZ-36-I &#8211; Greito prijungimo vo\u017etuvas 5-10 mm \\\/ 3\\\/16&#8243;-3\\\/8&#8243; vamzd\u017eiams su integruotu Schrader vo\u017etuvu 1. Pirkite internetu arba pateikite u\u017eklaus\u0105.\",\"breadcrumb\":{\"@id\":\"https:\\\/\\\/refrigeration.lt\\\/produktas\\\/refco-ez-36-i-8211-greito-prijungimo-voztuvas-5-10-mm-3-16-5923\\\/#breadcrumb\"},\"inLanguage\":\"en-US\",\"potentialAction\":[{\"@type\":\"ReadAction\",\"target\":[\"https:\\\/\\\/refrigeration.lt\\\/produktas\\\/refco-ez-36-i-8211-greito-prijungimo-voztuvas-5-10-mm-3-16-5923\\\/\"]}]},{\"@type\":\"ImageObject\",\"inLanguage\":\"en-US\",\"@id\":\"https:\\\/\\\/refrigeration.lt\\\/produktas\\\/refco-ez-36-i-8211-greito-prijungimo-voztuvas-5-10-mm-3-16-5923\\\/#primaryimage\",\"url\":\"https:\\\/\\\/refrigeration.lt\\\/wp-content\\\/uploads\\\/2025\\\/06\\\/refco-ez-36-i-8211-greito-prijungimo-voztuvas-5-10-mm-3-16-5923.png\",\"contentUrl\":\"https:\\\/\\\/refrigeration.lt\\\/wp-content\\\/uploads\\\/2025\\\/06\\\/refco-ez-36-i-8211-greito-prijungimo-voztuvas-5-10-mm-3-16-5923.png\",\"width\":945,\"height\":939,\"caption\":\"REFCO EZ-36-I &#8211; Greito prijungimo vo\u017etuvas 5-10 mm \\\/ 3\\\/16&#8221;-3\\\/8&#8221; vamzd\u017eiams su integruotu Schrader vo\u017etuvun1\"},{\"@type\":\"BreadcrumbList\",\"@id\":\"https:\\\/\\\/refrigeration.lt\\\/produktas\\\/refco-ez-36-i-8211-greito-prijungimo-voztuvas-5-10-mm-3-16-5923\\\/#breadcrumb\",\"itemListElement\":[{\"@type\":\"ListItem\",\"position\":1,\"name\":\"Home\",\"item\":\"https:\\\/\\\/refrigeration.lt\\\/\"},{\"@type\":\"ListItem\",\"position\":2,\"name\":\"Visos prek\u0117s\",\"item\":\"https:\\\/\\\/refrigeration.lt\\\/parduotuve\\\/\"},{\"@type\":\"ListItem\",\"position\":3,\"name\":\"REFCO EZ-36-I &#8211; Greito prijungimo vo\u017etuvas 5-10 mm \\\/ 3\\\/16&#8243;-3\\\/8&#8243; vamzd\u017eiams su integruotu Schrader vo\u017etuvu 1\"}]},{\"@type\":\"WebSite\",\"@id\":\"https:\\\/\\\/refrigeration.lt\\\/#website\",\"url\":\"https:\\\/\\\/refrigeration.lt\\\/\",\"name\":\"Beijer Ref\",\"description\":\"Tarptautin\u0117 didmeninink\u0173 grup\u0117, veikianti komercinio \u0161aldymo, komforto \u0161aldymo, pramoninio \u0161aldymo ir susijusiuose sektoriuose.\",\"publisher\":{\"@id\":\"https:\\\/\\\/refrigeration.lt\\\/#organization\"},\"potentialAction\":[{\"@type\":\"SearchAction\",\"target\":{\"@type\":\"EntryPoint\",\"urlTemplate\":\"https:\\\/\\\/refrigeration.lt\\\/?s={search_term_string}\"},\"query-input\":{\"@type\":\"PropertyValueSpecification\",\"valueRequired\":true,\"valueName\":\"search_term_string\"}}],\"inLanguage\":\"en-US\"},{\"@type\":\"Organization\",\"@id\":\"https:\\\/\\\/refrigeration.lt\\\/#organization\",\"name\":\"Beijer Ref\",\"url\":\"https:\\\/\\\/refrigeration.lt\\\/\",\"logo\":{\"@type\":\"ImageObject\",\"inLanguage\":\"en-US\",\"@id\":\"https:\\\/\\\/refrigeration.lt\\\/#\\\/schema\\\/logo\\\/image\\\/\",\"url\":\"https:\\\/\\\/refrigeration.lt\\\/wp-content\\\/uploads\\\/2025\\\/09\\\/Beijer-Ref-LT-logo.png\",\"contentUrl\":\"https:\\\/\\\/refrigeration.lt\\\/wp-content\\\/uploads\\\/2025\\\/09\\\/Beijer-Ref-LT-logo.png\",\"width\":161,\"height\":38,\"caption\":\"Beijer Ref\"},\"image\":{\"@id\":\"https:\\\/\\\/refrigeration.lt\\\/#\\\/schema\\\/logo\\\/image\\\/\"}}]}<\/script>\n<!-- \/ Yoast SEO plugin. -->","yoast_head_json":{"title":"REFCO EZ-36-I &#8211; Greito prijungimo vo\u017etuvas 5-10 mm \/ 3\/16&#8243;-3\/8&#8243; vamzd\u017eiams su integruotu Schrader vo\u017etuvu 1 | Beijer Ref","description":"REFCO EZ-36-I &#8211; Greito prijungimo vo\u017etuvas 5-10 mm \/ 3\/16&#8243;-3\/8&#8243; vamzd\u017eiams su integruotu Schrader vo\u017etuvu 1. Pirkite internetu arba pateikite u\u017eklaus\u0105.","robots":{"index":"index","follow":"follow","max-snippet":"max-snippet:-1","max-image-preview":"max-image-preview:large","max-video-preview":"max-video-preview:-1"},"canonical":"https:\/\/refrigeration.lt\/en\/product\/refco-ez-36-i-8211-greito-prijungimo-voztuvas-5-10-mm-3-16-5923\/","og_locale":"en_US","og_type":"article","og_title":"REFCO EZ-36-I &#8211; Greito prijungimo vo\u017etuvas 5-10 mm \/ 3\/16&#8243;-3\/8&#8243; vamzd\u017eiams su integruotu Schrader vo\u017etuvu 1 | Beijer Ref","og_description":"REFCO EZ-36-I &#8211; Greito prijungimo vo\u017etuvas 5-10 mm \/ 3\/16&#8243;-3\/8&#8243; vamzd\u017eiams su integruotu Schrader vo\u017etuvu 1. Pirkite internetu arba pateikite u\u017eklaus\u0105.","og_url":"https:\/\/refrigeration.lt\/en\/product\/refco-ez-36-i-8211-greito-prijungimo-voztuvas-5-10-mm-3-16-5923\/","og_site_name":"Beijer Ref","article_modified_time":"2025-06-25T10:58:28+00:00","og_image":[{"width":945,"height":939,"url":"https:\/\/refrigeration.lt\/wp-content\/uploads\/2025\/06\/refco-ez-36-i-8211-greito-prijungimo-voztuvas-5-10-mm-3-16-5923.png","type":"image\/png"}],"twitter_card":"summary_large_image","schema":{"@context":"https:\/\/schema.org","@graph":[{"@type":"WebPage","@id":"https:\/\/refrigeration.lt\/produktas\/refco-ez-36-i-8211-greito-prijungimo-voztuvas-5-10-mm-3-16-5923\/","url":"https:\/\/refrigeration.lt\/produktas\/refco-ez-36-i-8211-greito-prijungimo-voztuvas-5-10-mm-3-16-5923\/","name":"REFCO EZ-36-I &#8211; Greito prijungimo vo\u017etuvas 5-10 mm \/ 3\/16&#8243;-3\/8&#8243; vamzd\u017eiams su integruotu Schrader vo\u017etuvu 1 | Beijer Ref","isPartOf":{"@id":"https:\/\/refrigeration.lt\/#website"},"primaryImageOfPage":{"@id":"https:\/\/refrigeration.lt\/produktas\/refco-ez-36-i-8211-greito-prijungimo-voztuvas-5-10-mm-3-16-5923\/#primaryimage"},"image":{"@id":"https:\/\/refrigeration.lt\/produktas\/refco-ez-36-i-8211-greito-prijungimo-voztuvas-5-10-mm-3-16-5923\/#primaryimage"},"thumbnailUrl":"https:\/\/refrigeration.lt\/wp-content\/uploads\/2025\/06\/refco-ez-36-i-8211-greito-prijungimo-voztuvas-5-10-mm-3-16-5923.png","datePublished":"2025-06-25T06:46:04+00:00","dateModified":"2025-06-25T10:58:28+00:00","description":"REFCO EZ-36-I &#8211; Greito prijungimo vo\u017etuvas 5-10 mm \/ 3\/16&#8243;-3\/8&#8243; vamzd\u017eiams su integruotu Schrader vo\u017etuvu 1. Pirkite internetu arba pateikite u\u017eklaus\u0105.","breadcrumb":{"@id":"https:\/\/refrigeration.lt\/produktas\/refco-ez-36-i-8211-greito-prijungimo-voztuvas-5-10-mm-3-16-5923\/#breadcrumb"},"inLanguage":"en-US","potentialAction":[{"@type":"ReadAction","target":["https:\/\/refrigeration.lt\/produktas\/refco-ez-36-i-8211-greito-prijungimo-voztuvas-5-10-mm-3-16-5923\/"]}]},{"@type":"ImageObject","inLanguage":"en-US","@id":"https:\/\/refrigeration.lt\/produktas\/refco-ez-36-i-8211-greito-prijungimo-voztuvas-5-10-mm-3-16-5923\/#primaryimage","url":"https:\/\/refrigeration.lt\/wp-content\/uploads\/2025\/06\/refco-ez-36-i-8211-greito-prijungimo-voztuvas-5-10-mm-3-16-5923.png","contentUrl":"https:\/\/refrigeration.lt\/wp-content\/uploads\/2025\/06\/refco-ez-36-i-8211-greito-prijungimo-voztuvas-5-10-mm-3-16-5923.png","width":945,"height":939,"caption":"REFCO EZ-36-I &#8211; Greito prijungimo vo\u017etuvas 5-10 mm \/ 3\/16&#8221;-3\/8&#8221; vamzd\u017eiams su integruotu Schrader vo\u017etuvun1"},{"@type":"BreadcrumbList","@id":"https:\/\/refrigeration.lt\/produktas\/refco-ez-36-i-8211-greito-prijungimo-voztuvas-5-10-mm-3-16-5923\/#breadcrumb","itemListElement":[{"@type":"ListItem","position":1,"name":"Home","item":"https:\/\/refrigeration.lt\/"},{"@type":"ListItem","position":2,"name":"Visos prek\u0117s","item":"https:\/\/refrigeration.lt\/parduotuve\/"},{"@type":"ListItem","position":3,"name":"REFCO EZ-36-I &#8211; Greito prijungimo vo\u017etuvas 5-10 mm \/ 3\/16&#8243;-3\/8&#8243; vamzd\u017eiams su integruotu Schrader vo\u017etuvu 1"}]},{"@type":"WebSite","@id":"https:\/\/refrigeration.lt\/#website","url":"https:\/\/refrigeration.lt\/","name":"Beijer Ref","description":"Tarptautin\u0117 didmeninink\u0173 grup\u0117, veikianti komercinio \u0161aldymo, komforto \u0161aldymo, pramoninio \u0161aldymo ir susijusiuose sektoriuose.","publisher":{"@id":"https:\/\/refrigeration.lt\/#organization"},"potentialAction":[{"@type":"SearchAction","target":{"@type":"EntryPoint","urlTemplate":"https:\/\/refrigeration.lt\/?s={search_term_string}"},"query-input":{"@type":"PropertyValueSpecification","valueRequired":true,"valueName":"search_term_string"}}],"inLanguage":"en-US"},{"@type":"Organization","@id":"https:\/\/refrigeration.lt\/#organization","name":"Beijer Ref","url":"https:\/\/refrigeration.lt\/","logo":{"@type":"ImageObject","inLanguage":"en-US","@id":"https:\/\/refrigeration.lt\/#\/schema\/logo\/image\/","url":"https:\/\/refrigeration.lt\/wp-content\/uploads\/2025\/09\/Beijer-Ref-LT-logo.png","contentUrl":"https:\/\/refrigeration.lt\/wp-content\/uploads\/2025\/09\/Beijer-Ref-LT-logo.png","width":161,"height":38,"caption":"Beijer Ref"},"image":{"@id":"https:\/\/refrigeration.lt\/#\/schema\/logo\/image\/"}}]}},"_links":{"self":[{"href":"https:\/\/refrigeration.lt\/en\/wp-json\/wp\/v2\/product\/5923","targetHints":{"allow":["GET"]}}],"collection":[{"href":"https:\/\/refrigeration.lt\/en\/wp-json\/wp\/v2\/product"}],"about":[{"href":"https:\/\/refrigeration.lt\/en\/wp-json\/wp\/v2\/types\/product"}],"replies":[{"embeddable":true,"href":"https:\/\/refrigeration.lt\/en\/wp-json\/wp\/v2\/comments?post=5923"}],"wp:featuredmedia":[{"embeddable":true,"href":"https:\/\/refrigeration.lt\/en\/wp-json\/wp\/v2\/media\/5924"}],"wp:attachment":[{"href":"https:\/\/refrigeration.lt\/en\/wp-json\/wp\/v2\/media?parent=5923"}],"wp:term":[{"taxonomy":"product_brand","embeddable":true,"href":"https:\/\/refrigeration.lt\/en\/wp-json\/wp\/v2\/product_brand?post=5923"},{"taxonomy":"product_cat","embeddable":true,"href":"https:\/\/refrigeration.lt\/en\/wp-json\/wp\/v2\/product_cat?post=5923"},{"taxonomy":"product_tag","embeddable":true,"href":"https:\/\/refrigeration.lt\/en\/wp-json\/wp\/v2\/product_tag?post=5923"}],"curies":[{"name":"wp","href":"https:\/\/api.w.org\/{rel}","templated":true}]}}