{"id":5953,"date":"2025-06-25T06:47:11","date_gmt":"2025-06-25T06:47:11","guid":{"rendered":"https:\/\/refrigeration.webdemo.lt\/?post_type=product&#038;p=5953"},"modified":"2025-08-28T18:33:44","modified_gmt":"2025-08-28T15:33:44","slug":"refco-refscale-s-elektronines-svarstykles-5953","status":"publish","type":"product","link":"https:\/\/refrigeration.lt\/en\/product\/refco-refscale-s-elektronines-svarstykles-5953\/","title":{"rendered":"REFCO REFSCALE-S &#8211; Electronic charging scale"},"content":{"rendered":"<p>Pristatome REFSCALE-S \u2013 elektronines \u012fkrovimo svarstykles, skirtas supaprastinti \u0161altne\u0161io keitimo proces\u0105 d\u0117l savo eleganti\u0161ko ir efektyvaus dizaino.<br \/>\nWith a remarkably low overall height of just 35 mm, the REFSCALE-S allows for easy positioning of the refrigerant cylinder on its platform. Its integrated carrying handle and lightweight construction of only 3.2 kg ensure hassle-free transportation. Equipped with an M10 thread, the REFSCALE-S enables the attachment of an optional valve (10612-REF) for refrigerant bottles. Its extremely precise resolution guarantees accurate filling, irrespective of the system&#8217;s size.<br \/>\nAll measurement data is reliably stored thanks to the innovative memory function and can be retrieved at any time. The integrated display allows easy reading of the measured values and ensures a clear overview of the refrigerant exchange. The back-light can be switched on or off to suit lighting conditions, and the display is protected from the cylinder by a guard rail.<br \/>\nSvarstykl\u0117s, pagamintos i\u0161 dviej\u0173 tvirt\u0173 aliuminio plok\u0161\u010di\u0173 ir padengtos auk\u0161tos kokyb\u0117s guminiu neslystan\u010diu kilim\u0117liu, u\u017etikrina stabil\u0173 \u0161altne\u0161io baliono laikym\u0105. Maitinimas tiekiamas lanks\u010diai \u2013 baterijomis arba USB jungtimi. Dar vienas privalumas: \u012fkrovimo svarstykl\u0117s gali kompensuoti gravitacijos skirtumus, u\u017etikrindamos tikslius matavimo rezultatus bet kokioje situacijoje. Dirbkite efektyviau ir prijunkite svarstykles prie REFMATE ir (arba) REFMESH.<br \/>\nFor even more convenience, it can be safely stored in the supplied sturdy plastic case, ready for use wherever you need it.<br \/>\n\u2013 Kompakti\u0161kas dizainas, vos 35 mm auk\u0161\u010dio, kad b\u016bt\u0173 lengva \u012fd\u0117ti \u0161altne\u0161io balionus<br \/>\n\u2013 Integruotas ekranas<br \/>\n\u2013 Svorio talpa iki 110 kg<br \/>\n\u2013 Didel\u0117 2 g skiriamoji geba<br \/>\n\u2013 M10 sriegis vo\u017etuvui 10612-REF (papildomas priedas) pritvirtinti \u0161altne\u0161io balionams<br \/>\n\u2013 Matuoja svor\u012f kilogramais, svarais ir uncijomis<br \/>\n\u2013 Belaid\u017eiu b\u016bdu jungiasi per REFMATE ir (arba) REFMESH<br \/>\n\u2013 Lankstus maitinimo \u0161altinis per baterij\u0105 arba USB Micro B tipo<br \/>\n\u2013 Programuojamas aliarmas<br \/>\n\u2013 Laikymo funkcija<br \/>\n\u2013 Atminties funkcija<br \/>\n\u2013 \u0160aldymo agento bako talpos re\u017eimas<br \/>\n\u2013 Galima kalibruoti lauke su etaloniniais svareliais<br \/>\n\u2013 Kompensacija d\u0117l skirtingo gravitacijos<\/p>","protected":false},"excerpt":{"rendered":"<p>Electronic charging scale<\/p>","protected":false},"featured_media":5954,"comment_status":"open","ping_status":"closed","template":"","meta":{"_acf_changed":false},"product_brand":[],"product_cat":[83,69,104,76,70],"product_tag":[],"class_list":{"0":"post-5953","1":"product","2":"type-product","3":"status-publish","4":"has-post-thumbnail","6":"product_cat-gamintojai","7":"product_cat-irankiai","8":"product_cat-refco","9":"product_cat-serviso-irankiai","10":"product_cat-svarstykles","12":"first","13":"instock","14":"taxable","15":"shipping-taxable","16":"purchasable","17":"product-type-simple"},"acf":[],"yoast_head":"<!-- This site is optimized with the Yoast SEO plugin v27.4 - https:\/\/yoast.com\/product\/yoast-seo-wordpress\/ -->\n<title>REFCO REFSCALE-S- Elektronin\u0117s svarstykl\u0117s | Beijer Ref<\/title>\n<meta name=\"description\" content=\"REFCO REFSCALE-S- Elektronin\u0117s svarstykl\u0117s. Pirkite internetu arba pateikite u\u017eklaus\u0105.\" \/>\n<meta name=\"robots\" content=\"index, follow, max-snippet:-1, max-image-preview:large, max-video-preview:-1\" \/>\n<link rel=\"canonical\" href=\"https:\/\/refrigeration.lt\/en\/product\/refco-refscale-s-elektronines-svarstykles-5953\/\" \/>\n<meta property=\"og:locale\" content=\"en_US\" \/>\n<meta property=\"og:type\" content=\"article\" \/>\n<meta property=\"og:title\" content=\"REFCO REFSCALE-S- Elektronin\u0117s svarstykl\u0117s | Beijer Ref\" \/>\n<meta property=\"og:description\" content=\"REFCO REFSCALE-S- Elektronin\u0117s svarstykl\u0117s. Pirkite internetu arba pateikite u\u017eklaus\u0105.\" \/>\n<meta property=\"og:url\" content=\"https:\/\/refrigeration.lt\/en\/product\/refco-refscale-s-elektronines-svarstykles-5953\/\" \/>\n<meta property=\"og:site_name\" content=\"Beijer Ref\" \/>\n<meta property=\"article:modified_time\" content=\"2025-08-28T15:33:44+00:00\" \/>\n<meta property=\"og:image\" content=\"https:\/\/refrigeration.lt\/wp-content\/uploads\/2025\/06\/refco-refscale-s-elektronines-svarstykles-5953.png\" \/>\n\t<meta property=\"og:image:width\" content=\"1000\" \/>\n\t<meta property=\"og:image:height\" content=\"563\" \/>\n\t<meta property=\"og:image:type\" content=\"image\/png\" \/>\n<meta name=\"twitter:card\" content=\"summary_large_image\" \/>\n<meta name=\"twitter:label1\" content=\"Est. reading time\" \/>\n\t<meta name=\"twitter:data1\" content=\"2 minutes\" \/>\n<script type=\"application\/ld+json\" class=\"yoast-schema-graph\">{\"@context\":\"https:\\\/\\\/schema.org\",\"@graph\":[{\"@type\":\"WebPage\",\"@id\":\"https:\\\/\\\/refrigeration.lt\\\/produktas\\\/refco-refscale-s-elektronines-svarstykles-5953\\\/\",\"url\":\"https:\\\/\\\/refrigeration.lt\\\/produktas\\\/refco-refscale-s-elektronines-svarstykles-5953\\\/\",\"name\":\"REFCO REFSCALE-S- Elektronin\u0117s svarstykl\u0117s | Beijer Ref\",\"isPartOf\":{\"@id\":\"https:\\\/\\\/refrigeration.lt\\\/#website\"},\"primaryImageOfPage\":{\"@id\":\"https:\\\/\\\/refrigeration.lt\\\/produktas\\\/refco-refscale-s-elektronines-svarstykles-5953\\\/#primaryimage\"},\"image\":{\"@id\":\"https:\\\/\\\/refrigeration.lt\\\/produktas\\\/refco-refscale-s-elektronines-svarstykles-5953\\\/#primaryimage\"},\"thumbnailUrl\":\"https:\\\/\\\/refrigeration.lt\\\/wp-content\\\/uploads\\\/2025\\\/06\\\/refco-refscale-s-elektronines-svarstykles-5953.png\",\"datePublished\":\"2025-06-25T06:47:11+00:00\",\"dateModified\":\"2025-08-28T15:33:44+00:00\",\"description\":\"REFCO REFSCALE-S- Elektronin\u0117s svarstykl\u0117s. Pirkite internetu arba pateikite u\u017eklaus\u0105.\",\"breadcrumb\":{\"@id\":\"https:\\\/\\\/refrigeration.lt\\\/produktas\\\/refco-refscale-s-elektronines-svarstykles-5953\\\/#breadcrumb\"},\"inLanguage\":\"en-US\",\"potentialAction\":[{\"@type\":\"ReadAction\",\"target\":[\"https:\\\/\\\/refrigeration.lt\\\/produktas\\\/refco-refscale-s-elektronines-svarstykles-5953\\\/\"]}]},{\"@type\":\"ImageObject\",\"inLanguage\":\"en-US\",\"@id\":\"https:\\\/\\\/refrigeration.lt\\\/produktas\\\/refco-refscale-s-elektronines-svarstykles-5953\\\/#primaryimage\",\"url\":\"https:\\\/\\\/refrigeration.lt\\\/wp-content\\\/uploads\\\/2025\\\/06\\\/refco-refscale-s-elektronines-svarstykles-5953.png\",\"contentUrl\":\"https:\\\/\\\/refrigeration.lt\\\/wp-content\\\/uploads\\\/2025\\\/06\\\/refco-refscale-s-elektronines-svarstykles-5953.png\",\"width\":1000,\"height\":563,\"caption\":\"REFCO REFSCALE-S- Elektronin\u0117s svarstykl\u0117s\"},{\"@type\":\"BreadcrumbList\",\"@id\":\"https:\\\/\\\/refrigeration.lt\\\/produktas\\\/refco-refscale-s-elektronines-svarstykles-5953\\\/#breadcrumb\",\"itemListElement\":[{\"@type\":\"ListItem\",\"position\":1,\"name\":\"Home\",\"item\":\"https:\\\/\\\/refrigeration.lt\\\/\"},{\"@type\":\"ListItem\",\"position\":2,\"name\":\"Visos prek\u0117s\",\"item\":\"https:\\\/\\\/refrigeration.lt\\\/parduotuve\\\/\"},{\"@type\":\"ListItem\",\"position\":3,\"name\":\"REFCO REFSCALE-S- Elektronin\u0117s svarstykl\u0117s\"}]},{\"@type\":\"WebSite\",\"@id\":\"https:\\\/\\\/refrigeration.lt\\\/#website\",\"url\":\"https:\\\/\\\/refrigeration.lt\\\/\",\"name\":\"Beijer Ref\",\"description\":\"Tarptautin\u0117 didmeninink\u0173 grup\u0117, veikianti komercinio \u0161aldymo, komforto \u0161aldymo, pramoninio \u0161aldymo ir susijusiuose sektoriuose.\",\"publisher\":{\"@id\":\"https:\\\/\\\/refrigeration.lt\\\/#organization\"},\"potentialAction\":[{\"@type\":\"SearchAction\",\"target\":{\"@type\":\"EntryPoint\",\"urlTemplate\":\"https:\\\/\\\/refrigeration.lt\\\/?s={search_term_string}\"},\"query-input\":{\"@type\":\"PropertyValueSpecification\",\"valueRequired\":true,\"valueName\":\"search_term_string\"}}],\"inLanguage\":\"en-US\"},{\"@type\":\"Organization\",\"@id\":\"https:\\\/\\\/refrigeration.lt\\\/#organization\",\"name\":\"Beijer Ref\",\"url\":\"https:\\\/\\\/refrigeration.lt\\\/\",\"logo\":{\"@type\":\"ImageObject\",\"inLanguage\":\"en-US\",\"@id\":\"https:\\\/\\\/refrigeration.lt\\\/#\\\/schema\\\/logo\\\/image\\\/\",\"url\":\"https:\\\/\\\/refrigeration.lt\\\/wp-content\\\/uploads\\\/2025\\\/09\\\/Beijer-Ref-LT-logo.png\",\"contentUrl\":\"https:\\\/\\\/refrigeration.lt\\\/wp-content\\\/uploads\\\/2025\\\/09\\\/Beijer-Ref-LT-logo.png\",\"width\":161,\"height\":38,\"caption\":\"Beijer Ref\"},\"image\":{\"@id\":\"https:\\\/\\\/refrigeration.lt\\\/#\\\/schema\\\/logo\\\/image\\\/\"}}]}<\/script>\n<!-- \/ Yoast SEO plugin. -->","yoast_head_json":{"title":"REFCO REFSCALE-S- Elektronin\u0117s svarstykl\u0117s | Beijer Ref","description":"REFCO REFSCALE-S- Elektronin\u0117s svarstykl\u0117s. Pirkite internetu arba pateikite u\u017eklaus\u0105.","robots":{"index":"index","follow":"follow","max-snippet":"max-snippet:-1","max-image-preview":"max-image-preview:large","max-video-preview":"max-video-preview:-1"},"canonical":"https:\/\/refrigeration.lt\/en\/product\/refco-refscale-s-elektronines-svarstykles-5953\/","og_locale":"en_US","og_type":"article","og_title":"REFCO REFSCALE-S- Elektronin\u0117s svarstykl\u0117s | Beijer Ref","og_description":"REFCO REFSCALE-S- Elektronin\u0117s svarstykl\u0117s. Pirkite internetu arba pateikite u\u017eklaus\u0105.","og_url":"https:\/\/refrigeration.lt\/en\/product\/refco-refscale-s-elektronines-svarstykles-5953\/","og_site_name":"Beijer Ref","article_modified_time":"2025-08-28T15:33:44+00:00","og_image":[{"width":1000,"height":563,"url":"https:\/\/refrigeration.lt\/wp-content\/uploads\/2025\/06\/refco-refscale-s-elektronines-svarstykles-5953.png","type":"image\/png"}],"twitter_card":"summary_large_image","twitter_misc":{"Est. reading time":"2 minutes"},"schema":{"@context":"https:\/\/schema.org","@graph":[{"@type":"WebPage","@id":"https:\/\/refrigeration.lt\/produktas\/refco-refscale-s-elektronines-svarstykles-5953\/","url":"https:\/\/refrigeration.lt\/produktas\/refco-refscale-s-elektronines-svarstykles-5953\/","name":"REFCO REFSCALE-S- Elektronin\u0117s svarstykl\u0117s | Beijer Ref","isPartOf":{"@id":"https:\/\/refrigeration.lt\/#website"},"primaryImageOfPage":{"@id":"https:\/\/refrigeration.lt\/produktas\/refco-refscale-s-elektronines-svarstykles-5953\/#primaryimage"},"image":{"@id":"https:\/\/refrigeration.lt\/produktas\/refco-refscale-s-elektronines-svarstykles-5953\/#primaryimage"},"thumbnailUrl":"https:\/\/refrigeration.lt\/wp-content\/uploads\/2025\/06\/refco-refscale-s-elektronines-svarstykles-5953.png","datePublished":"2025-06-25T06:47:11+00:00","dateModified":"2025-08-28T15:33:44+00:00","description":"REFCO REFSCALE-S- Elektronin\u0117s svarstykl\u0117s. Pirkite internetu arba pateikite u\u017eklaus\u0105.","breadcrumb":{"@id":"https:\/\/refrigeration.lt\/produktas\/refco-refscale-s-elektronines-svarstykles-5953\/#breadcrumb"},"inLanguage":"en-US","potentialAction":[{"@type":"ReadAction","target":["https:\/\/refrigeration.lt\/produktas\/refco-refscale-s-elektronines-svarstykles-5953\/"]}]},{"@type":"ImageObject","inLanguage":"en-US","@id":"https:\/\/refrigeration.lt\/produktas\/refco-refscale-s-elektronines-svarstykles-5953\/#primaryimage","url":"https:\/\/refrigeration.lt\/wp-content\/uploads\/2025\/06\/refco-refscale-s-elektronines-svarstykles-5953.png","contentUrl":"https:\/\/refrigeration.lt\/wp-content\/uploads\/2025\/06\/refco-refscale-s-elektronines-svarstykles-5953.png","width":1000,"height":563,"caption":"REFCO REFSCALE-S- Elektronin\u0117s svarstykl\u0117s"},{"@type":"BreadcrumbList","@id":"https:\/\/refrigeration.lt\/produktas\/refco-refscale-s-elektronines-svarstykles-5953\/#breadcrumb","itemListElement":[{"@type":"ListItem","position":1,"name":"Home","item":"https:\/\/refrigeration.lt\/"},{"@type":"ListItem","position":2,"name":"Visos prek\u0117s","item":"https:\/\/refrigeration.lt\/parduotuve\/"},{"@type":"ListItem","position":3,"name":"REFCO REFSCALE-S- Elektronin\u0117s svarstykl\u0117s"}]},{"@type":"WebSite","@id":"https:\/\/refrigeration.lt\/#website","url":"https:\/\/refrigeration.lt\/","name":"Beijer Ref","description":"Tarptautin\u0117 didmeninink\u0173 grup\u0117, veikianti komercinio \u0161aldymo, komforto \u0161aldymo, pramoninio \u0161aldymo ir susijusiuose sektoriuose.","publisher":{"@id":"https:\/\/refrigeration.lt\/#organization"},"potentialAction":[{"@type":"SearchAction","target":{"@type":"EntryPoint","urlTemplate":"https:\/\/refrigeration.lt\/?s={search_term_string}"},"query-input":{"@type":"PropertyValueSpecification","valueRequired":true,"valueName":"search_term_string"}}],"inLanguage":"en-US"},{"@type":"Organization","@id":"https:\/\/refrigeration.lt\/#organization","name":"Beijer Ref","url":"https:\/\/refrigeration.lt\/","logo":{"@type":"ImageObject","inLanguage":"en-US","@id":"https:\/\/refrigeration.lt\/#\/schema\/logo\/image\/","url":"https:\/\/refrigeration.lt\/wp-content\/uploads\/2025\/09\/Beijer-Ref-LT-logo.png","contentUrl":"https:\/\/refrigeration.lt\/wp-content\/uploads\/2025\/09\/Beijer-Ref-LT-logo.png","width":161,"height":38,"caption":"Beijer Ref"},"image":{"@id":"https:\/\/refrigeration.lt\/#\/schema\/logo\/image\/"}}]}},"_links":{"self":[{"href":"https:\/\/refrigeration.lt\/en\/wp-json\/wp\/v2\/product\/5953","targetHints":{"allow":["GET"]}}],"collection":[{"href":"https:\/\/refrigeration.lt\/en\/wp-json\/wp\/v2\/product"}],"about":[{"href":"https:\/\/refrigeration.lt\/en\/wp-json\/wp\/v2\/types\/product"}],"replies":[{"embeddable":true,"href":"https:\/\/refrigeration.lt\/en\/wp-json\/wp\/v2\/comments?post=5953"}],"wp:featuredmedia":[{"embeddable":true,"href":"https:\/\/refrigeration.lt\/en\/wp-json\/wp\/v2\/media\/5954"}],"wp:attachment":[{"href":"https:\/\/refrigeration.lt\/en\/wp-json\/wp\/v2\/media?parent=5953"}],"wp:term":[{"taxonomy":"product_brand","embeddable":true,"href":"https:\/\/refrigeration.lt\/en\/wp-json\/wp\/v2\/product_brand?post=5953"},{"taxonomy":"product_cat","embeddable":true,"href":"https:\/\/refrigeration.lt\/en\/wp-json\/wp\/v2\/product_cat?post=5953"},{"taxonomy":"product_tag","embeddable":true,"href":"https:\/\/refrigeration.lt\/en\/wp-json\/wp\/v2\/product_tag?post=5953"}],"curies":[{"name":"wp","href":"https:\/\/api.w.org\/{rel}","templated":true}]}}