{"id":5989,"date":"2025-06-25T10:53:55","date_gmt":"2025-06-25T10:53:55","guid":{"rendered":"https:\/\/refrigeration.webdemo.lt\/?post_type=product&p=5989"},"modified":"2025-06-25T10:53:55","modified_gmt":"2025-06-25T10:53:55","slug":"refco-r3-320-ds-r744-60bar-silfoninio-tipo-manometras-5989","status":"publish","type":"product","link":"https:\/\/refrigeration.lt\/en\/product\/refco-r3-320-ds-r744-60bar-silfoninio-tipo-manometras-5989\/","title":{"rendered":"REFCO R3-320-DS-R744-60BAR- Bellow Type Gauge"},"content":{"rendered":"<p>Bellow type pressure gauge for high demands in a robust aluminium housing with evaporating temperature scales. Bellow-type pressure gauges are extremely accurate and extremely safe against overpressure. Due to the oil filling, the pressure gauge has reduced pointer vibration for more accurate reading. This also results in a significantly extended life time due to the damping effect and lubrication.<br \/>\n &#8211; High accuracy class 1.0<br \/>\n &#8211; Robust aluminium housing<br \/>\n &#8211; Zero point adjustment from top of the housing<br \/>\n &#8211; Oil-filled for low vibration reading and longer life<br \/>\n &#8211; Gas connection 1\/8&#8243; NPT (on request 1\/4&#8243; SAE)<br \/>\n &#8211; Overpressure protection<br \/>\n &#8211; Manufactured in Switzerland<\/p>","protected":false},"excerpt":{"rendered":"<p>Bellow Type Gauge, NS 60, 1\/8&#8243; NPT Class 1.0, oil filled, connection: bottom, pressure scale: bar \/ psi, for CO2<\/p>","protected":false},"featured_media":5990,"comment_status":"open","ping_status":"closed","template":"","meta":{"_acf_changed":false},"product_brand":[],"product_cat":[83,69,188,104],"product_tag":[],"class_list":{"0":"post-5989","1":"product","2":"type-product","3":"status-publish","4":"has-post-thumbnail","6":"product_cat-gamintojai","7":"product_cat-irankiai","8":"product_cat-manometrai-ir-ju-dalys","9":"product_cat-refco","11":"first","12":"instock","13":"taxable","14":"shipping-taxable","15":"purchasable","16":"product-type-simple"},"acf":[],"yoast_head":"<!-- This site is optimized with the Yoast SEO plugin v27.4 - https:\/\/yoast.com\/product\/yoast-seo-wordpress\/ -->\n<title>REFCO R3-320-DS-R744-60BAR- Silfoninio tipo manometras | Beijer Ref<\/title>\n<meta name=\"description\" content=\"REFCO R3-320-DS-R744-60BAR- Silfoninio tipo manometras. Pirkite internetu arba pateikite u\u017eklaus\u0105.\" \/>\n<meta name=\"robots\" content=\"index, follow, max-snippet:-1, max-image-preview:large, max-video-preview:-1\" \/>\n<link rel=\"canonical\" href=\"https:\/\/refrigeration.lt\/en\/product\/refco-r3-320-ds-r744-60bar-silfoninio-tipo-manometras-5989\/\" \/>\n<meta property=\"og:locale\" content=\"en_US\" \/>\n<meta property=\"og:type\" content=\"article\" \/>\n<meta property=\"og:title\" content=\"REFCO R3-320-DS-R744-60BAR- Silfoninio tipo manometras | Beijer Ref\" \/>\n<meta property=\"og:description\" content=\"REFCO R3-320-DS-R744-60BAR- Silfoninio tipo manometras. Pirkite internetu arba pateikite u\u017eklaus\u0105.\" \/>\n<meta property=\"og:url\" content=\"https:\/\/refrigeration.lt\/en\/product\/refco-r3-320-ds-r744-60bar-silfoninio-tipo-manometras-5989\/\" \/>\n<meta property=\"og:site_name\" content=\"Beijer Ref\" \/>\n<meta property=\"og:image\" content=\"https:\/\/refrigeration.lt\/wp-content\/uploads\/2025\/06\/refco-r3-320-ds-r744-60bar-silfoninio-tipo-manometras-5989.png\" \/>\n\t<meta property=\"og:image:width\" content=\"1000\" \/>\n\t<meta property=\"og:image:height\" content=\"1072\" \/>\n\t<meta property=\"og:image:type\" content=\"image\/png\" \/>\n<meta name=\"twitter:card\" content=\"summary_large_image\" \/>\n<meta name=\"twitter:label1\" content=\"Est. reading time\" \/>\n\t<meta name=\"twitter:data1\" content=\"1 minute\" \/>\n<script type=\"application\/ld+json\" class=\"yoast-schema-graph\">{\"@context\":\"https:\\\/\\\/schema.org\",\"@graph\":[{\"@type\":\"WebPage\",\"@id\":\"https:\\\/\\\/refrigeration.lt\\\/produktas\\\/refco-r3-320-ds-r744-60bar-silfoninio-tipo-manometras-5989\\\/\",\"url\":\"https:\\\/\\\/refrigeration.lt\\\/produktas\\\/refco-r3-320-ds-r744-60bar-silfoninio-tipo-manometras-5989\\\/\",\"name\":\"REFCO R3-320-DS-R744-60BAR- Silfoninio tipo manometras | Beijer Ref\",\"isPartOf\":{\"@id\":\"https:\\\/\\\/refrigeration.lt\\\/#website\"},\"primaryImageOfPage\":{\"@id\":\"https:\\\/\\\/refrigeration.lt\\\/produktas\\\/refco-r3-320-ds-r744-60bar-silfoninio-tipo-manometras-5989\\\/#primaryimage\"},\"image\":{\"@id\":\"https:\\\/\\\/refrigeration.lt\\\/produktas\\\/refco-r3-320-ds-r744-60bar-silfoninio-tipo-manometras-5989\\\/#primaryimage\"},\"thumbnailUrl\":\"https:\\\/\\\/refrigeration.lt\\\/wp-content\\\/uploads\\\/2025\\\/06\\\/refco-r3-320-ds-r744-60bar-silfoninio-tipo-manometras-5989.png\",\"datePublished\":\"2025-06-25T10:53:55+00:00\",\"description\":\"REFCO R3-320-DS-R744-60BAR- Silfoninio tipo manometras. Pirkite internetu arba pateikite u\u017eklaus\u0105.\",\"breadcrumb\":{\"@id\":\"https:\\\/\\\/refrigeration.lt\\\/produktas\\\/refco-r3-320-ds-r744-60bar-silfoninio-tipo-manometras-5989\\\/#breadcrumb\"},\"inLanguage\":\"en-US\",\"potentialAction\":[{\"@type\":\"ReadAction\",\"target\":[\"https:\\\/\\\/refrigeration.lt\\\/produktas\\\/refco-r3-320-ds-r744-60bar-silfoninio-tipo-manometras-5989\\\/\"]}]},{\"@type\":\"ImageObject\",\"inLanguage\":\"en-US\",\"@id\":\"https:\\\/\\\/refrigeration.lt\\\/produktas\\\/refco-r3-320-ds-r744-60bar-silfoninio-tipo-manometras-5989\\\/#primaryimage\",\"url\":\"https:\\\/\\\/refrigeration.lt\\\/wp-content\\\/uploads\\\/2025\\\/06\\\/refco-r3-320-ds-r744-60bar-silfoninio-tipo-manometras-5989.png\",\"contentUrl\":\"https:\\\/\\\/refrigeration.lt\\\/wp-content\\\/uploads\\\/2025\\\/06\\\/refco-r3-320-ds-r744-60bar-silfoninio-tipo-manometras-5989.png\",\"width\":1000,\"height\":1072,\"caption\":\"REFCO R3-320-DS-R744-60BAR- Silfoninio tipo manometras\"},{\"@type\":\"BreadcrumbList\",\"@id\":\"https:\\\/\\\/refrigeration.lt\\\/produktas\\\/refco-r3-320-ds-r744-60bar-silfoninio-tipo-manometras-5989\\\/#breadcrumb\",\"itemListElement\":[{\"@type\":\"ListItem\",\"position\":1,\"name\":\"Home\",\"item\":\"https:\\\/\\\/refrigeration.lt\\\/\"},{\"@type\":\"ListItem\",\"position\":2,\"name\":\"Visos prek\u0117s\",\"item\":\"https:\\\/\\\/refrigeration.lt\\\/parduotuve\\\/\"},{\"@type\":\"ListItem\",\"position\":3,\"name\":\"REFCO R3-320-DS-R744-60BAR- Silfoninio tipo manometras\"}]},{\"@type\":\"WebSite\",\"@id\":\"https:\\\/\\\/refrigeration.lt\\\/#website\",\"url\":\"https:\\\/\\\/refrigeration.lt\\\/\",\"name\":\"Beijer Ref\",\"description\":\"Tarptautin\u0117 didmeninink\u0173 grup\u0117, veikianti komercinio \u0161aldymo, komforto \u0161aldymo, pramoninio \u0161aldymo ir susijusiuose sektoriuose.\",\"publisher\":{\"@id\":\"https:\\\/\\\/refrigeration.lt\\\/#organization\"},\"potentialAction\":[{\"@type\":\"SearchAction\",\"target\":{\"@type\":\"EntryPoint\",\"urlTemplate\":\"https:\\\/\\\/refrigeration.lt\\\/?s={search_term_string}\"},\"query-input\":{\"@type\":\"PropertyValueSpecification\",\"valueRequired\":true,\"valueName\":\"search_term_string\"}}],\"inLanguage\":\"en-US\"},{\"@type\":\"Organization\",\"@id\":\"https:\\\/\\\/refrigeration.lt\\\/#organization\",\"name\":\"Beijer Ref\",\"url\":\"https:\\\/\\\/refrigeration.lt\\\/\",\"logo\":{\"@type\":\"ImageObject\",\"inLanguage\":\"en-US\",\"@id\":\"https:\\\/\\\/refrigeration.lt\\\/#\\\/schema\\\/logo\\\/image\\\/\",\"url\":\"https:\\\/\\\/refrigeration.lt\\\/wp-content\\\/uploads\\\/2025\\\/09\\\/Beijer-Ref-LT-logo.png\",\"contentUrl\":\"https:\\\/\\\/refrigeration.lt\\\/wp-content\\\/uploads\\\/2025\\\/09\\\/Beijer-Ref-LT-logo.png\",\"width\":161,\"height\":38,\"caption\":\"Beijer Ref\"},\"image\":{\"@id\":\"https:\\\/\\\/refrigeration.lt\\\/#\\\/schema\\\/logo\\\/image\\\/\"}}]}<\/script>\n<!-- \/ Yoast SEO plugin. -->","yoast_head_json":{"title":"REFCO R3-320-DS-R744-60BAR- Silfoninio tipo manometras | Beijer Ref","description":"REFCO R3-320-DS-R744-60BAR- Silfoninio tipo manometras. Pirkite internetu arba pateikite u\u017eklaus\u0105.","robots":{"index":"index","follow":"follow","max-snippet":"max-snippet:-1","max-image-preview":"max-image-preview:large","max-video-preview":"max-video-preview:-1"},"canonical":"https:\/\/refrigeration.lt\/en\/product\/refco-r3-320-ds-r744-60bar-silfoninio-tipo-manometras-5989\/","og_locale":"en_US","og_type":"article","og_title":"REFCO R3-320-DS-R744-60BAR- Silfoninio tipo manometras | Beijer Ref","og_description":"REFCO R3-320-DS-R744-60BAR- Silfoninio tipo manometras. Pirkite internetu arba pateikite u\u017eklaus\u0105.","og_url":"https:\/\/refrigeration.lt\/en\/product\/refco-r3-320-ds-r744-60bar-silfoninio-tipo-manometras-5989\/","og_site_name":"Beijer Ref","og_image":[{"width":1000,"height":1072,"url":"https:\/\/refrigeration.lt\/wp-content\/uploads\/2025\/06\/refco-r3-320-ds-r744-60bar-silfoninio-tipo-manometras-5989.png","type":"image\/png"}],"twitter_card":"summary_large_image","twitter_misc":{"Est. reading time":"1 minute"},"schema":{"@context":"https:\/\/schema.org","@graph":[{"@type":"WebPage","@id":"https:\/\/refrigeration.lt\/produktas\/refco-r3-320-ds-r744-60bar-silfoninio-tipo-manometras-5989\/","url":"https:\/\/refrigeration.lt\/produktas\/refco-r3-320-ds-r744-60bar-silfoninio-tipo-manometras-5989\/","name":"REFCO R3-320-DS-R744-60BAR- Silfoninio tipo manometras | Beijer Ref","isPartOf":{"@id":"https:\/\/refrigeration.lt\/#website"},"primaryImageOfPage":{"@id":"https:\/\/refrigeration.lt\/produktas\/refco-r3-320-ds-r744-60bar-silfoninio-tipo-manometras-5989\/#primaryimage"},"image":{"@id":"https:\/\/refrigeration.lt\/produktas\/refco-r3-320-ds-r744-60bar-silfoninio-tipo-manometras-5989\/#primaryimage"},"thumbnailUrl":"https:\/\/refrigeration.lt\/wp-content\/uploads\/2025\/06\/refco-r3-320-ds-r744-60bar-silfoninio-tipo-manometras-5989.png","datePublished":"2025-06-25T10:53:55+00:00","description":"REFCO R3-320-DS-R744-60BAR- Silfoninio tipo manometras. Pirkite internetu arba pateikite u\u017eklaus\u0105.","breadcrumb":{"@id":"https:\/\/refrigeration.lt\/produktas\/refco-r3-320-ds-r744-60bar-silfoninio-tipo-manometras-5989\/#breadcrumb"},"inLanguage":"en-US","potentialAction":[{"@type":"ReadAction","target":["https:\/\/refrigeration.lt\/produktas\/refco-r3-320-ds-r744-60bar-silfoninio-tipo-manometras-5989\/"]}]},{"@type":"ImageObject","inLanguage":"en-US","@id":"https:\/\/refrigeration.lt\/produktas\/refco-r3-320-ds-r744-60bar-silfoninio-tipo-manometras-5989\/#primaryimage","url":"https:\/\/refrigeration.lt\/wp-content\/uploads\/2025\/06\/refco-r3-320-ds-r744-60bar-silfoninio-tipo-manometras-5989.png","contentUrl":"https:\/\/refrigeration.lt\/wp-content\/uploads\/2025\/06\/refco-r3-320-ds-r744-60bar-silfoninio-tipo-manometras-5989.png","width":1000,"height":1072,"caption":"REFCO R3-320-DS-R744-60BAR- Silfoninio tipo manometras"},{"@type":"BreadcrumbList","@id":"https:\/\/refrigeration.lt\/produktas\/refco-r3-320-ds-r744-60bar-silfoninio-tipo-manometras-5989\/#breadcrumb","itemListElement":[{"@type":"ListItem","position":1,"name":"Home","item":"https:\/\/refrigeration.lt\/"},{"@type":"ListItem","position":2,"name":"Visos prek\u0117s","item":"https:\/\/refrigeration.lt\/parduotuve\/"},{"@type":"ListItem","position":3,"name":"REFCO R3-320-DS-R744-60BAR- Silfoninio tipo manometras"}]},{"@type":"WebSite","@id":"https:\/\/refrigeration.lt\/#website","url":"https:\/\/refrigeration.lt\/","name":"Beijer Ref","description":"Tarptautin\u0117 didmeninink\u0173 grup\u0117, veikianti komercinio \u0161aldymo, komforto \u0161aldymo, pramoninio \u0161aldymo ir susijusiuose sektoriuose.","publisher":{"@id":"https:\/\/refrigeration.lt\/#organization"},"potentialAction":[{"@type":"SearchAction","target":{"@type":"EntryPoint","urlTemplate":"https:\/\/refrigeration.lt\/?s={search_term_string}"},"query-input":{"@type":"PropertyValueSpecification","valueRequired":true,"valueName":"search_term_string"}}],"inLanguage":"en-US"},{"@type":"Organization","@id":"https:\/\/refrigeration.lt\/#organization","name":"Beijer Ref","url":"https:\/\/refrigeration.lt\/","logo":{"@type":"ImageObject","inLanguage":"en-US","@id":"https:\/\/refrigeration.lt\/#\/schema\/logo\/image\/","url":"https:\/\/refrigeration.lt\/wp-content\/uploads\/2025\/09\/Beijer-Ref-LT-logo.png","contentUrl":"https:\/\/refrigeration.lt\/wp-content\/uploads\/2025\/09\/Beijer-Ref-LT-logo.png","width":161,"height":38,"caption":"Beijer Ref"},"image":{"@id":"https:\/\/refrigeration.lt\/#\/schema\/logo\/image\/"}}]}},"_links":{"self":[{"href":"https:\/\/refrigeration.lt\/en\/wp-json\/wp\/v2\/product\/5989","targetHints":{"allow":["GET"]}}],"collection":[{"href":"https:\/\/refrigeration.lt\/en\/wp-json\/wp\/v2\/product"}],"about":[{"href":"https:\/\/refrigeration.lt\/en\/wp-json\/wp\/v2\/types\/product"}],"replies":[{"embeddable":true,"href":"https:\/\/refrigeration.lt\/en\/wp-json\/wp\/v2\/comments?post=5989"}],"wp:featuredmedia":[{"embeddable":true,"href":"https:\/\/refrigeration.lt\/en\/wp-json\/wp\/v2\/media\/5990"}],"wp:attachment":[{"href":"https:\/\/refrigeration.lt\/en\/wp-json\/wp\/v2\/media?parent=5989"}],"wp:term":[{"taxonomy":"product_brand","embeddable":true,"href":"https:\/\/refrigeration.lt\/en\/wp-json\/wp\/v2\/product_brand?post=5989"},{"taxonomy":"product_cat","embeddable":true,"href":"https:\/\/refrigeration.lt\/en\/wp-json\/wp\/v2\/product_cat?post=5989"},{"taxonomy":"product_tag","embeddable":true,"href":"https:\/\/refrigeration.lt\/en\/wp-json\/wp\/v2\/product_tag?post=5989"}],"curies":[{"name":"wp","href":"https:\/\/api.w.org\/{rel}","templated":true}]}}