{"id":6045,"date":"2025-06-25T10:58:23","date_gmt":"2025-06-25T10:58:23","guid":{"rendered":"https:\/\/refrigeration.webdemo.lt\/?post_type=product&p=6045"},"modified":"2025-06-25T10:58:23","modified_gmt":"2025-06-25T10:58:23","slug":"refco-refmate-4-ca-wtc-v-8211-skaitmeninis-4-padeciu-6045","status":"publish","type":"product","link":"https:\/\/refrigeration.lt\/en\/product\/refco-refmate-4-ca-wtc-v-8211-skaitmeninis-4-padeciu-6045\/","title":{"rendered":"REFCO REFMATE-4-CA-WTC-V &#8211; Digital 4-way manifold with 5 charging hoses with ball valves"},"content":{"rendered":"<p>The REFMATE is the digital manifold for the professional refrigeration engineer. It communicates wirelessly with temperature clamps, vacuum gauge, pressure gauges, and the scale, and documents all measured values in the device during long-term measurements. All data can be interpreted and displayed via the app REFMESH. The latest refrigerant and firmware updates can be easily installed via PC.<br \/>\n &#8211; Patented analog display<br \/>\n &#8211; Large 4.3&#8243; TFT display<br \/>\n &#8211; Indication of superheating and subcooling<br \/>\n &#8211; Intuitive control via robust push buttons<br \/>\n &#8211; High precision with accuracy class 0.5<br \/>\n &#8211; Flexible power supply (AA batteries or USB)<br \/>\n &#8211; Wireless communication with REFMESH App and other devices<br \/>\n &#8211; All mechanical components are available as spare parts<br \/>\n &#8211; Lockable for long-term measurements<\/p>","protected":false},"excerpt":{"rendered":"<p>Digital 4-way manifold with 5 charging hoses with ball valves, 3\/8&#8243; vacuum hose, 2 K-Type temperature sensor, 2 wireless temperature clamp and wireless digital vacuum gauge<\/p>","protected":false},"featured_media":6046,"comment_status":"open","ping_status":"closed","template":"","meta":{"_acf_changed":false},"product_brand":[],"product_cat":[83,69,188,104],"product_tag":[],"class_list":{"0":"post-6045","1":"product","2":"type-product","3":"status-publish","4":"has-post-thumbnail","6":"product_cat-gamintojai","7":"product_cat-irankiai","8":"product_cat-manometrai-ir-ju-dalys","9":"product_cat-refco","11":"first","12":"instock","13":"taxable","14":"shipping-taxable","15":"purchasable","16":"product-type-simple"},"acf":[],"yoast_head":"<!-- This site is optimized with the Yoast SEO plugin v27.4 - https:\/\/yoast.com\/product\/yoast-seo-wordpress\/ -->\n<title>REFCO REFMATE-4-CA-WTC-V &#8211; Skaitmeninis 4 pad\u0117\u010di\u0173 kolektorius su 5 \u012fkrovimo \u017earnomis su rutuliniais vo\u017etuvais | Beijer Ref<\/title>\n<meta name=\"description\" content=\"REFCO REFMATE-4-CA-WTC-V &#8211; Skaitmeninis 4 pad\u0117\u010di\u0173 kolektorius su 5 \u012fkrovimo \u017earnomis su rutuliniais vo\u017etuvais. Pirkite internetu arba pateikite u\u017eklaus\u0105.\" \/>\n<meta name=\"robots\" content=\"index, follow, max-snippet:-1, max-image-preview:large, max-video-preview:-1\" \/>\n<link rel=\"canonical\" href=\"https:\/\/refrigeration.lt\/en\/product\/refco-refmate-4-ca-wtc-v-8211-skaitmeninis-4-padeciu-6045\/\" \/>\n<meta property=\"og:locale\" content=\"en_US\" \/>\n<meta property=\"og:type\" content=\"article\" \/>\n<meta property=\"og:title\" content=\"REFCO REFMATE-4-CA-WTC-V &#8211; Skaitmeninis 4 pad\u0117\u010di\u0173 kolektorius su 5 \u012fkrovimo \u017earnomis su rutuliniais vo\u017etuvais | Beijer Ref\" \/>\n<meta property=\"og:description\" content=\"REFCO REFMATE-4-CA-WTC-V &#8211; Skaitmeninis 4 pad\u0117\u010di\u0173 kolektorius su 5 \u012fkrovimo \u017earnomis su rutuliniais vo\u017etuvais. Pirkite internetu arba pateikite u\u017eklaus\u0105.\" \/>\n<meta property=\"og:url\" content=\"https:\/\/refrigeration.lt\/en\/product\/refco-refmate-4-ca-wtc-v-8211-skaitmeninis-4-padeciu-6045\/\" \/>\n<meta property=\"og:site_name\" content=\"Beijer Ref\" \/>\n<meta property=\"og:image\" content=\"https:\/\/refrigeration.lt\/wp-content\/uploads\/2025\/06\/refco-refmate-4-ca-wtc-v-8211-skaitmeninis-4-padeciu-6045.png\" \/>\n\t<meta property=\"og:image:width\" content=\"1000\" \/>\n\t<meta property=\"og:image:height\" content=\"750\" \/>\n\t<meta property=\"og:image:type\" content=\"image\/png\" \/>\n<meta name=\"twitter:card\" content=\"summary_large_image\" \/>\n<meta name=\"twitter:label1\" content=\"Est. reading time\" \/>\n\t<meta name=\"twitter:data1\" content=\"1 minute\" \/>\n<script type=\"application\/ld+json\" class=\"yoast-schema-graph\">{\"@context\":\"https:\\\/\\\/schema.org\",\"@graph\":[{\"@type\":\"WebPage\",\"@id\":\"https:\\\/\\\/refrigeration.lt\\\/produktas\\\/refco-refmate-4-ca-wtc-v-8211-skaitmeninis-4-padeciu-6045\\\/\",\"url\":\"https:\\\/\\\/refrigeration.lt\\\/produktas\\\/refco-refmate-4-ca-wtc-v-8211-skaitmeninis-4-padeciu-6045\\\/\",\"name\":\"REFCO REFMATE-4-CA-WTC-V &#8211; Skaitmeninis 4 pad\u0117\u010di\u0173 kolektorius su 5 \u012fkrovimo \u017earnomis su rutuliniais vo\u017etuvais | Beijer Ref\",\"isPartOf\":{\"@id\":\"https:\\\/\\\/refrigeration.lt\\\/#website\"},\"primaryImageOfPage\":{\"@id\":\"https:\\\/\\\/refrigeration.lt\\\/produktas\\\/refco-refmate-4-ca-wtc-v-8211-skaitmeninis-4-padeciu-6045\\\/#primaryimage\"},\"image\":{\"@id\":\"https:\\\/\\\/refrigeration.lt\\\/produktas\\\/refco-refmate-4-ca-wtc-v-8211-skaitmeninis-4-padeciu-6045\\\/#primaryimage\"},\"thumbnailUrl\":\"https:\\\/\\\/refrigeration.lt\\\/wp-content\\\/uploads\\\/2025\\\/06\\\/refco-refmate-4-ca-wtc-v-8211-skaitmeninis-4-padeciu-6045.png\",\"datePublished\":\"2025-06-25T10:58:23+00:00\",\"description\":\"REFCO REFMATE-4-CA-WTC-V &#8211; Skaitmeninis 4 pad\u0117\u010di\u0173 kolektorius su 5 \u012fkrovimo \u017earnomis su rutuliniais vo\u017etuvais. Pirkite internetu arba pateikite u\u017eklaus\u0105.\",\"breadcrumb\":{\"@id\":\"https:\\\/\\\/refrigeration.lt\\\/produktas\\\/refco-refmate-4-ca-wtc-v-8211-skaitmeninis-4-padeciu-6045\\\/#breadcrumb\"},\"inLanguage\":\"en-US\",\"potentialAction\":[{\"@type\":\"ReadAction\",\"target\":[\"https:\\\/\\\/refrigeration.lt\\\/produktas\\\/refco-refmate-4-ca-wtc-v-8211-skaitmeninis-4-padeciu-6045\\\/\"]}]},{\"@type\":\"ImageObject\",\"inLanguage\":\"en-US\",\"@id\":\"https:\\\/\\\/refrigeration.lt\\\/produktas\\\/refco-refmate-4-ca-wtc-v-8211-skaitmeninis-4-padeciu-6045\\\/#primaryimage\",\"url\":\"https:\\\/\\\/refrigeration.lt\\\/wp-content\\\/uploads\\\/2025\\\/06\\\/refco-refmate-4-ca-wtc-v-8211-skaitmeninis-4-padeciu-6045.png\",\"contentUrl\":\"https:\\\/\\\/refrigeration.lt\\\/wp-content\\\/uploads\\\/2025\\\/06\\\/refco-refmate-4-ca-wtc-v-8211-skaitmeninis-4-padeciu-6045.png\",\"width\":1000,\"height\":750,\"caption\":\"REFCO REFMATE-4-CA-WTC-V &#8211; Skaitmeninis 4 pad\u0117\u010di\u0173 kolektorius su 5 \u012fkrovimo \u017earnomis su rutuliniais vo\u017etuvais\"},{\"@type\":\"BreadcrumbList\",\"@id\":\"https:\\\/\\\/refrigeration.lt\\\/produktas\\\/refco-refmate-4-ca-wtc-v-8211-skaitmeninis-4-padeciu-6045\\\/#breadcrumb\",\"itemListElement\":[{\"@type\":\"ListItem\",\"position\":1,\"name\":\"Home\",\"item\":\"https:\\\/\\\/refrigeration.lt\\\/\"},{\"@type\":\"ListItem\",\"position\":2,\"name\":\"Visos prek\u0117s\",\"item\":\"https:\\\/\\\/refrigeration.lt\\\/parduotuve\\\/\"},{\"@type\":\"ListItem\",\"position\":3,\"name\":\"REFCO REFMATE-4-CA-WTC-V &#8211; Skaitmeninis 4 pad\u0117\u010di\u0173 kolektorius su 5 \u012fkrovimo \u017earnomis su rutuliniais vo\u017etuvais\"}]},{\"@type\":\"WebSite\",\"@id\":\"https:\\\/\\\/refrigeration.lt\\\/#website\",\"url\":\"https:\\\/\\\/refrigeration.lt\\\/\",\"name\":\"Beijer Ref\",\"description\":\"Tarptautin\u0117 didmeninink\u0173 grup\u0117, veikianti komercinio \u0161aldymo, komforto \u0161aldymo, pramoninio \u0161aldymo ir susijusiuose sektoriuose.\",\"publisher\":{\"@id\":\"https:\\\/\\\/refrigeration.lt\\\/#organization\"},\"potentialAction\":[{\"@type\":\"SearchAction\",\"target\":{\"@type\":\"EntryPoint\",\"urlTemplate\":\"https:\\\/\\\/refrigeration.lt\\\/?s={search_term_string}\"},\"query-input\":{\"@type\":\"PropertyValueSpecification\",\"valueRequired\":true,\"valueName\":\"search_term_string\"}}],\"inLanguage\":\"en-US\"},{\"@type\":\"Organization\",\"@id\":\"https:\\\/\\\/refrigeration.lt\\\/#organization\",\"name\":\"Beijer Ref\",\"url\":\"https:\\\/\\\/refrigeration.lt\\\/\",\"logo\":{\"@type\":\"ImageObject\",\"inLanguage\":\"en-US\",\"@id\":\"https:\\\/\\\/refrigeration.lt\\\/#\\\/schema\\\/logo\\\/image\\\/\",\"url\":\"https:\\\/\\\/refrigeration.lt\\\/wp-content\\\/uploads\\\/2025\\\/09\\\/Beijer-Ref-LT-logo.png\",\"contentUrl\":\"https:\\\/\\\/refrigeration.lt\\\/wp-content\\\/uploads\\\/2025\\\/09\\\/Beijer-Ref-LT-logo.png\",\"width\":161,\"height\":38,\"caption\":\"Beijer Ref\"},\"image\":{\"@id\":\"https:\\\/\\\/refrigeration.lt\\\/#\\\/schema\\\/logo\\\/image\\\/\"}}]}<\/script>\n<!-- \/ Yoast SEO plugin. -->","yoast_head_json":{"title":"REFCO REFMATE-4-CA-WTC-V &#8211; Skaitmeninis 4 pad\u0117\u010di\u0173 kolektorius su 5 \u012fkrovimo \u017earnomis su rutuliniais vo\u017etuvais | Beijer Ref","description":"REFCO REFMATE-4-CA-WTC-V &#8211; Skaitmeninis 4 pad\u0117\u010di\u0173 kolektorius su 5 \u012fkrovimo \u017earnomis su rutuliniais vo\u017etuvais. Pirkite internetu arba pateikite u\u017eklaus\u0105.","robots":{"index":"index","follow":"follow","max-snippet":"max-snippet:-1","max-image-preview":"max-image-preview:large","max-video-preview":"max-video-preview:-1"},"canonical":"https:\/\/refrigeration.lt\/en\/product\/refco-refmate-4-ca-wtc-v-8211-skaitmeninis-4-padeciu-6045\/","og_locale":"en_US","og_type":"article","og_title":"REFCO REFMATE-4-CA-WTC-V &#8211; Skaitmeninis 4 pad\u0117\u010di\u0173 kolektorius su 5 \u012fkrovimo \u017earnomis su rutuliniais vo\u017etuvais | Beijer Ref","og_description":"REFCO REFMATE-4-CA-WTC-V &#8211; Skaitmeninis 4 pad\u0117\u010di\u0173 kolektorius su 5 \u012fkrovimo \u017earnomis su rutuliniais vo\u017etuvais. Pirkite internetu arba pateikite u\u017eklaus\u0105.","og_url":"https:\/\/refrigeration.lt\/en\/product\/refco-refmate-4-ca-wtc-v-8211-skaitmeninis-4-padeciu-6045\/","og_site_name":"Beijer Ref","og_image":[{"width":1000,"height":750,"url":"https:\/\/refrigeration.lt\/wp-content\/uploads\/2025\/06\/refco-refmate-4-ca-wtc-v-8211-skaitmeninis-4-padeciu-6045.png","type":"image\/png"}],"twitter_card":"summary_large_image","twitter_misc":{"Est. reading time":"1 minute"},"schema":{"@context":"https:\/\/schema.org","@graph":[{"@type":"WebPage","@id":"https:\/\/refrigeration.lt\/produktas\/refco-refmate-4-ca-wtc-v-8211-skaitmeninis-4-padeciu-6045\/","url":"https:\/\/refrigeration.lt\/produktas\/refco-refmate-4-ca-wtc-v-8211-skaitmeninis-4-padeciu-6045\/","name":"REFCO REFMATE-4-CA-WTC-V &#8211; Skaitmeninis 4 pad\u0117\u010di\u0173 kolektorius su 5 \u012fkrovimo \u017earnomis su rutuliniais vo\u017etuvais | Beijer Ref","isPartOf":{"@id":"https:\/\/refrigeration.lt\/#website"},"primaryImageOfPage":{"@id":"https:\/\/refrigeration.lt\/produktas\/refco-refmate-4-ca-wtc-v-8211-skaitmeninis-4-padeciu-6045\/#primaryimage"},"image":{"@id":"https:\/\/refrigeration.lt\/produktas\/refco-refmate-4-ca-wtc-v-8211-skaitmeninis-4-padeciu-6045\/#primaryimage"},"thumbnailUrl":"https:\/\/refrigeration.lt\/wp-content\/uploads\/2025\/06\/refco-refmate-4-ca-wtc-v-8211-skaitmeninis-4-padeciu-6045.png","datePublished":"2025-06-25T10:58:23+00:00","description":"REFCO REFMATE-4-CA-WTC-V &#8211; Skaitmeninis 4 pad\u0117\u010di\u0173 kolektorius su 5 \u012fkrovimo \u017earnomis su rutuliniais vo\u017etuvais. Pirkite internetu arba pateikite u\u017eklaus\u0105.","breadcrumb":{"@id":"https:\/\/refrigeration.lt\/produktas\/refco-refmate-4-ca-wtc-v-8211-skaitmeninis-4-padeciu-6045\/#breadcrumb"},"inLanguage":"en-US","potentialAction":[{"@type":"ReadAction","target":["https:\/\/refrigeration.lt\/produktas\/refco-refmate-4-ca-wtc-v-8211-skaitmeninis-4-padeciu-6045\/"]}]},{"@type":"ImageObject","inLanguage":"en-US","@id":"https:\/\/refrigeration.lt\/produktas\/refco-refmate-4-ca-wtc-v-8211-skaitmeninis-4-padeciu-6045\/#primaryimage","url":"https:\/\/refrigeration.lt\/wp-content\/uploads\/2025\/06\/refco-refmate-4-ca-wtc-v-8211-skaitmeninis-4-padeciu-6045.png","contentUrl":"https:\/\/refrigeration.lt\/wp-content\/uploads\/2025\/06\/refco-refmate-4-ca-wtc-v-8211-skaitmeninis-4-padeciu-6045.png","width":1000,"height":750,"caption":"REFCO REFMATE-4-CA-WTC-V &#8211; Skaitmeninis 4 pad\u0117\u010di\u0173 kolektorius su 5 \u012fkrovimo \u017earnomis su rutuliniais vo\u017etuvais"},{"@type":"BreadcrumbList","@id":"https:\/\/refrigeration.lt\/produktas\/refco-refmate-4-ca-wtc-v-8211-skaitmeninis-4-padeciu-6045\/#breadcrumb","itemListElement":[{"@type":"ListItem","position":1,"name":"Home","item":"https:\/\/refrigeration.lt\/"},{"@type":"ListItem","position":2,"name":"Visos prek\u0117s","item":"https:\/\/refrigeration.lt\/parduotuve\/"},{"@type":"ListItem","position":3,"name":"REFCO REFMATE-4-CA-WTC-V &#8211; Skaitmeninis 4 pad\u0117\u010di\u0173 kolektorius su 5 \u012fkrovimo \u017earnomis su rutuliniais vo\u017etuvais"}]},{"@type":"WebSite","@id":"https:\/\/refrigeration.lt\/#website","url":"https:\/\/refrigeration.lt\/","name":"Beijer Ref","description":"Tarptautin\u0117 didmeninink\u0173 grup\u0117, veikianti komercinio \u0161aldymo, komforto \u0161aldymo, pramoninio \u0161aldymo ir susijusiuose sektoriuose.","publisher":{"@id":"https:\/\/refrigeration.lt\/#organization"},"potentialAction":[{"@type":"SearchAction","target":{"@type":"EntryPoint","urlTemplate":"https:\/\/refrigeration.lt\/?s={search_term_string}"},"query-input":{"@type":"PropertyValueSpecification","valueRequired":true,"valueName":"search_term_string"}}],"inLanguage":"en-US"},{"@type":"Organization","@id":"https:\/\/refrigeration.lt\/#organization","name":"Beijer Ref","url":"https:\/\/refrigeration.lt\/","logo":{"@type":"ImageObject","inLanguage":"en-US","@id":"https:\/\/refrigeration.lt\/#\/schema\/logo\/image\/","url":"https:\/\/refrigeration.lt\/wp-content\/uploads\/2025\/09\/Beijer-Ref-LT-logo.png","contentUrl":"https:\/\/refrigeration.lt\/wp-content\/uploads\/2025\/09\/Beijer-Ref-LT-logo.png","width":161,"height":38,"caption":"Beijer Ref"},"image":{"@id":"https:\/\/refrigeration.lt\/#\/schema\/logo\/image\/"}}]}},"_links":{"self":[{"href":"https:\/\/refrigeration.lt\/en\/wp-json\/wp\/v2\/product\/6045","targetHints":{"allow":["GET"]}}],"collection":[{"href":"https:\/\/refrigeration.lt\/en\/wp-json\/wp\/v2\/product"}],"about":[{"href":"https:\/\/refrigeration.lt\/en\/wp-json\/wp\/v2\/types\/product"}],"replies":[{"embeddable":true,"href":"https:\/\/refrigeration.lt\/en\/wp-json\/wp\/v2\/comments?post=6045"}],"wp:featuredmedia":[{"embeddable":true,"href":"https:\/\/refrigeration.lt\/en\/wp-json\/wp\/v2\/media\/6046"}],"wp:attachment":[{"href":"https:\/\/refrigeration.lt\/en\/wp-json\/wp\/v2\/media?parent=6045"}],"wp:term":[{"taxonomy":"product_brand","embeddable":true,"href":"https:\/\/refrigeration.lt\/en\/wp-json\/wp\/v2\/product_brand?post=6045"},{"taxonomy":"product_cat","embeddable":true,"href":"https:\/\/refrigeration.lt\/en\/wp-json\/wp\/v2\/product_cat?post=6045"},{"taxonomy":"product_tag","embeddable":true,"href":"https:\/\/refrigeration.lt\/en\/wp-json\/wp\/v2\/product_tag?post=6045"}],"curies":[{"name":"wp","href":"https:\/\/api.w.org\/{rel}","templated":true}]}}