{"id":6065,"date":"2025-06-25T11:16:12","date_gmt":"2025-06-25T11:16:12","guid":{"rendered":"https:\/\/refrigeration.webdemo.lt\/?post_type=product&p=6065"},"modified":"2025-08-28T18:33:52","modified_gmt":"2025-08-28T15:33:52","slug":"refco-13400-8211-rugsciu-testeris-5-ampules-6065","status":"publish","type":"product","link":"https:\/\/refrigeration.lt\/en\/product\/refco-13400-8211-rugsciu-testeris-5-ampules-6065\/","title":{"rendered":"REFCO 13400 &#8211; Acid tester, 5 ampoules"},"content":{"rendered":"<p>Quick and simple quality control test for determining the acidity\/acid content of refrigerator oils to increase the safety and lifetime of cooling systems.<br \/>\n This Acid tester consists of 5 ampoules to make 5 checks of refrigerant oil to verify its acidity.<br \/>\n Testing<br \/>\n 1. Open the ampoule<br \/>\n 2. Give 12 drops of your oil sample to the test liquid<br \/>\n 3. Shake the ampoule briefly<br \/>\n 4. Observe the color:<br \/>\n blue \u2192 there is no disturbing acidity &#8211; the oil is all right<br \/>\n green \u2192 limit\/pay attention &#8211; some corrections may be necessary<br \/>\n yellow \u2192 acidity alarm &#8211; urgent intervention needed<br \/>\n For Material Safety Data sheet, please contact info@beijerref.lt<br \/>\n Universally suitable for all commonly used refrigerator oils (mineral, AB, POE, PAG, PVE)<br \/>\n Uses a very small amount of oil sample<br \/>\n Immediate result (color coded)<br \/>\n Economic &#8211; each package contains 5 testers (ampoules)<br \/>\n Eco-friendly: only small amounts of test solution needed, biodegradable (xylene-free)<br \/>\n Low weight and small size at transport<\/p>","protected":false},"excerpt":{"rendered":"<p>Acid tester, 5 ampoules<\/p>","protected":false},"featured_media":6066,"comment_status":"open","ping_status":"closed","template":"","meta":{"_acf_changed":false},"product_brand":[],"product_cat":[61,83,104,59],"product_tag":[],"class_list":{"0":"post-6065","1":"product","2":"type-product","3":"status-publish","4":"has-post-thumbnail","6":"product_cat-chemines-medziagos","7":"product_cat-gamintojai","8":"product_cat-refco","9":"product_cat-saldymas","11":"first","12":"instock","13":"taxable","14":"shipping-taxable","15":"purchasable","16":"product-type-simple"},"acf":[],"yoast_head":"<!-- This site is optimized with the Yoast SEO plugin v27.4 - https:\/\/yoast.com\/product\/yoast-seo-wordpress\/ -->\n<title>REFCO 13400 &#8211; R\u016bg\u0161\u010di\u0173 testeris, 5 ampul\u0117s | Beijer Ref<\/title>\n<meta name=\"description\" content=\"REFCO 13400 &#8211; R\u016bg\u0161\u010di\u0173 testeris, 5 ampul\u0117s. Pirkite internetu arba pateikite u\u017eklaus\u0105.\" \/>\n<meta name=\"robots\" content=\"index, follow, max-snippet:-1, max-image-preview:large, max-video-preview:-1\" \/>\n<link rel=\"canonical\" href=\"https:\/\/refrigeration.lt\/en\/product\/refco-13400-8211-rugsciu-testeris-5-ampules-6065\/\" \/>\n<meta property=\"og:locale\" content=\"en_US\" \/>\n<meta property=\"og:type\" content=\"article\" \/>\n<meta property=\"og:title\" content=\"REFCO 13400 &#8211; R\u016bg\u0161\u010di\u0173 testeris, 5 ampul\u0117s | Beijer Ref\" \/>\n<meta property=\"og:description\" content=\"REFCO 13400 &#8211; R\u016bg\u0161\u010di\u0173 testeris, 5 ampul\u0117s. Pirkite internetu arba pateikite u\u017eklaus\u0105.\" \/>\n<meta property=\"og:url\" content=\"https:\/\/refrigeration.lt\/en\/product\/refco-13400-8211-rugsciu-testeris-5-ampules-6065\/\" \/>\n<meta property=\"og:site_name\" content=\"Beijer Ref\" \/>\n<meta property=\"article:modified_time\" content=\"2025-08-28T15:33:52+00:00\" \/>\n<meta property=\"og:image\" content=\"https:\/\/refrigeration.lt\/wp-content\/uploads\/2025\/06\/refco-13400-8211-rugsciu-testeris-5-ampules-6065.png\" \/>\n\t<meta property=\"og:image:width\" content=\"945\" \/>\n\t<meta property=\"og:image:height\" content=\"723\" \/>\n\t<meta property=\"og:image:type\" content=\"image\/png\" \/>\n<meta name=\"twitter:card\" content=\"summary_large_image\" \/>\n<meta name=\"twitter:label1\" content=\"Est. reading time\" \/>\n\t<meta name=\"twitter:data1\" content=\"1 minute\" \/>\n<script type=\"application\/ld+json\" class=\"yoast-schema-graph\">{\"@context\":\"https:\\\/\\\/schema.org\",\"@graph\":[{\"@type\":\"WebPage\",\"@id\":\"https:\\\/\\\/refrigeration.lt\\\/produktas\\\/refco-13400-8211-rugsciu-testeris-5-ampules-6065\\\/\",\"url\":\"https:\\\/\\\/refrigeration.lt\\\/produktas\\\/refco-13400-8211-rugsciu-testeris-5-ampules-6065\\\/\",\"name\":\"REFCO 13400 &#8211; R\u016bg\u0161\u010di\u0173 testeris, 5 ampul\u0117s | Beijer Ref\",\"isPartOf\":{\"@id\":\"https:\\\/\\\/refrigeration.lt\\\/#website\"},\"primaryImageOfPage\":{\"@id\":\"https:\\\/\\\/refrigeration.lt\\\/produktas\\\/refco-13400-8211-rugsciu-testeris-5-ampules-6065\\\/#primaryimage\"},\"image\":{\"@id\":\"https:\\\/\\\/refrigeration.lt\\\/produktas\\\/refco-13400-8211-rugsciu-testeris-5-ampules-6065\\\/#primaryimage\"},\"thumbnailUrl\":\"https:\\\/\\\/refrigeration.lt\\\/wp-content\\\/uploads\\\/2025\\\/06\\\/refco-13400-8211-rugsciu-testeris-5-ampules-6065.png\",\"datePublished\":\"2025-06-25T11:16:12+00:00\",\"dateModified\":\"2025-08-28T15:33:52+00:00\",\"description\":\"REFCO 13400 &#8211; R\u016bg\u0161\u010di\u0173 testeris, 5 ampul\u0117s. Pirkite internetu arba pateikite u\u017eklaus\u0105.\",\"breadcrumb\":{\"@id\":\"https:\\\/\\\/refrigeration.lt\\\/produktas\\\/refco-13400-8211-rugsciu-testeris-5-ampules-6065\\\/#breadcrumb\"},\"inLanguage\":\"en-US\",\"potentialAction\":[{\"@type\":\"ReadAction\",\"target\":[\"https:\\\/\\\/refrigeration.lt\\\/produktas\\\/refco-13400-8211-rugsciu-testeris-5-ampules-6065\\\/\"]}]},{\"@type\":\"ImageObject\",\"inLanguage\":\"en-US\",\"@id\":\"https:\\\/\\\/refrigeration.lt\\\/produktas\\\/refco-13400-8211-rugsciu-testeris-5-ampules-6065\\\/#primaryimage\",\"url\":\"https:\\\/\\\/refrigeration.lt\\\/wp-content\\\/uploads\\\/2025\\\/06\\\/refco-13400-8211-rugsciu-testeris-5-ampules-6065.png\",\"contentUrl\":\"https:\\\/\\\/refrigeration.lt\\\/wp-content\\\/uploads\\\/2025\\\/06\\\/refco-13400-8211-rugsciu-testeris-5-ampules-6065.png\",\"width\":945,\"height\":723,\"caption\":\"REFCO 13400 &#8211; R\u016bg\u0161\u010di\u0173 testeris, 5 ampul\u0117s\"},{\"@type\":\"BreadcrumbList\",\"@id\":\"https:\\\/\\\/refrigeration.lt\\\/produktas\\\/refco-13400-8211-rugsciu-testeris-5-ampules-6065\\\/#breadcrumb\",\"itemListElement\":[{\"@type\":\"ListItem\",\"position\":1,\"name\":\"Home\",\"item\":\"https:\\\/\\\/refrigeration.lt\\\/\"},{\"@type\":\"ListItem\",\"position\":2,\"name\":\"Visos prek\u0117s\",\"item\":\"https:\\\/\\\/refrigeration.lt\\\/parduotuve\\\/\"},{\"@type\":\"ListItem\",\"position\":3,\"name\":\"REFCO 13400 &#8211; R\u016bg\u0161\u010di\u0173 testeris, 5 ampul\u0117s\"}]},{\"@type\":\"WebSite\",\"@id\":\"https:\\\/\\\/refrigeration.lt\\\/#website\",\"url\":\"https:\\\/\\\/refrigeration.lt\\\/\",\"name\":\"Beijer Ref\",\"description\":\"Tarptautin\u0117 didmeninink\u0173 grup\u0117, veikianti komercinio \u0161aldymo, komforto \u0161aldymo, pramoninio \u0161aldymo ir susijusiuose sektoriuose.\",\"publisher\":{\"@id\":\"https:\\\/\\\/refrigeration.lt\\\/#organization\"},\"potentialAction\":[{\"@type\":\"SearchAction\",\"target\":{\"@type\":\"EntryPoint\",\"urlTemplate\":\"https:\\\/\\\/refrigeration.lt\\\/?s={search_term_string}\"},\"query-input\":{\"@type\":\"PropertyValueSpecification\",\"valueRequired\":true,\"valueName\":\"search_term_string\"}}],\"inLanguage\":\"en-US\"},{\"@type\":\"Organization\",\"@id\":\"https:\\\/\\\/refrigeration.lt\\\/#organization\",\"name\":\"Beijer Ref\",\"url\":\"https:\\\/\\\/refrigeration.lt\\\/\",\"logo\":{\"@type\":\"ImageObject\",\"inLanguage\":\"en-US\",\"@id\":\"https:\\\/\\\/refrigeration.lt\\\/#\\\/schema\\\/logo\\\/image\\\/\",\"url\":\"https:\\\/\\\/refrigeration.lt\\\/wp-content\\\/uploads\\\/2025\\\/09\\\/Beijer-Ref-LT-logo.png\",\"contentUrl\":\"https:\\\/\\\/refrigeration.lt\\\/wp-content\\\/uploads\\\/2025\\\/09\\\/Beijer-Ref-LT-logo.png\",\"width\":161,\"height\":38,\"caption\":\"Beijer Ref\"},\"image\":{\"@id\":\"https:\\\/\\\/refrigeration.lt\\\/#\\\/schema\\\/logo\\\/image\\\/\"}}]}<\/script>\n<!-- \/ Yoast SEO plugin. -->","yoast_head_json":{"title":"REFCO 13400 &#8211; R\u016bg\u0161\u010di\u0173 testeris, 5 ampul\u0117s | Beijer Ref","description":"REFCO 13400 &#8211; R\u016bg\u0161\u010di\u0173 testeris, 5 ampul\u0117s. Pirkite internetu arba pateikite u\u017eklaus\u0105.","robots":{"index":"index","follow":"follow","max-snippet":"max-snippet:-1","max-image-preview":"max-image-preview:large","max-video-preview":"max-video-preview:-1"},"canonical":"https:\/\/refrigeration.lt\/en\/product\/refco-13400-8211-rugsciu-testeris-5-ampules-6065\/","og_locale":"en_US","og_type":"article","og_title":"REFCO 13400 &#8211; R\u016bg\u0161\u010di\u0173 testeris, 5 ampul\u0117s | Beijer Ref","og_description":"REFCO 13400 &#8211; R\u016bg\u0161\u010di\u0173 testeris, 5 ampul\u0117s. Pirkite internetu arba pateikite u\u017eklaus\u0105.","og_url":"https:\/\/refrigeration.lt\/en\/product\/refco-13400-8211-rugsciu-testeris-5-ampules-6065\/","og_site_name":"Beijer Ref","article_modified_time":"2025-08-28T15:33:52+00:00","og_image":[{"width":945,"height":723,"url":"https:\/\/refrigeration.lt\/wp-content\/uploads\/2025\/06\/refco-13400-8211-rugsciu-testeris-5-ampules-6065.png","type":"image\/png"}],"twitter_card":"summary_large_image","twitter_misc":{"Est. reading time":"1 minute"},"schema":{"@context":"https:\/\/schema.org","@graph":[{"@type":"WebPage","@id":"https:\/\/refrigeration.lt\/produktas\/refco-13400-8211-rugsciu-testeris-5-ampules-6065\/","url":"https:\/\/refrigeration.lt\/produktas\/refco-13400-8211-rugsciu-testeris-5-ampules-6065\/","name":"REFCO 13400 &#8211; R\u016bg\u0161\u010di\u0173 testeris, 5 ampul\u0117s | Beijer Ref","isPartOf":{"@id":"https:\/\/refrigeration.lt\/#website"},"primaryImageOfPage":{"@id":"https:\/\/refrigeration.lt\/produktas\/refco-13400-8211-rugsciu-testeris-5-ampules-6065\/#primaryimage"},"image":{"@id":"https:\/\/refrigeration.lt\/produktas\/refco-13400-8211-rugsciu-testeris-5-ampules-6065\/#primaryimage"},"thumbnailUrl":"https:\/\/refrigeration.lt\/wp-content\/uploads\/2025\/06\/refco-13400-8211-rugsciu-testeris-5-ampules-6065.png","datePublished":"2025-06-25T11:16:12+00:00","dateModified":"2025-08-28T15:33:52+00:00","description":"REFCO 13400 &#8211; R\u016bg\u0161\u010di\u0173 testeris, 5 ampul\u0117s. Pirkite internetu arba pateikite u\u017eklaus\u0105.","breadcrumb":{"@id":"https:\/\/refrigeration.lt\/produktas\/refco-13400-8211-rugsciu-testeris-5-ampules-6065\/#breadcrumb"},"inLanguage":"en-US","potentialAction":[{"@type":"ReadAction","target":["https:\/\/refrigeration.lt\/produktas\/refco-13400-8211-rugsciu-testeris-5-ampules-6065\/"]}]},{"@type":"ImageObject","inLanguage":"en-US","@id":"https:\/\/refrigeration.lt\/produktas\/refco-13400-8211-rugsciu-testeris-5-ampules-6065\/#primaryimage","url":"https:\/\/refrigeration.lt\/wp-content\/uploads\/2025\/06\/refco-13400-8211-rugsciu-testeris-5-ampules-6065.png","contentUrl":"https:\/\/refrigeration.lt\/wp-content\/uploads\/2025\/06\/refco-13400-8211-rugsciu-testeris-5-ampules-6065.png","width":945,"height":723,"caption":"REFCO 13400 &#8211; R\u016bg\u0161\u010di\u0173 testeris, 5 ampul\u0117s"},{"@type":"BreadcrumbList","@id":"https:\/\/refrigeration.lt\/produktas\/refco-13400-8211-rugsciu-testeris-5-ampules-6065\/#breadcrumb","itemListElement":[{"@type":"ListItem","position":1,"name":"Home","item":"https:\/\/refrigeration.lt\/"},{"@type":"ListItem","position":2,"name":"Visos prek\u0117s","item":"https:\/\/refrigeration.lt\/parduotuve\/"},{"@type":"ListItem","position":3,"name":"REFCO 13400 &#8211; R\u016bg\u0161\u010di\u0173 testeris, 5 ampul\u0117s"}]},{"@type":"WebSite","@id":"https:\/\/refrigeration.lt\/#website","url":"https:\/\/refrigeration.lt\/","name":"Beijer Ref","description":"Tarptautin\u0117 didmeninink\u0173 grup\u0117, veikianti komercinio \u0161aldymo, komforto \u0161aldymo, pramoninio \u0161aldymo ir susijusiuose sektoriuose.","publisher":{"@id":"https:\/\/refrigeration.lt\/#organization"},"potentialAction":[{"@type":"SearchAction","target":{"@type":"EntryPoint","urlTemplate":"https:\/\/refrigeration.lt\/?s={search_term_string}"},"query-input":{"@type":"PropertyValueSpecification","valueRequired":true,"valueName":"search_term_string"}}],"inLanguage":"en-US"},{"@type":"Organization","@id":"https:\/\/refrigeration.lt\/#organization","name":"Beijer Ref","url":"https:\/\/refrigeration.lt\/","logo":{"@type":"ImageObject","inLanguage":"en-US","@id":"https:\/\/refrigeration.lt\/#\/schema\/logo\/image\/","url":"https:\/\/refrigeration.lt\/wp-content\/uploads\/2025\/09\/Beijer-Ref-LT-logo.png","contentUrl":"https:\/\/refrigeration.lt\/wp-content\/uploads\/2025\/09\/Beijer-Ref-LT-logo.png","width":161,"height":38,"caption":"Beijer Ref"},"image":{"@id":"https:\/\/refrigeration.lt\/#\/schema\/logo\/image\/"}}]}},"_links":{"self":[{"href":"https:\/\/refrigeration.lt\/en\/wp-json\/wp\/v2\/product\/6065","targetHints":{"allow":["GET"]}}],"collection":[{"href":"https:\/\/refrigeration.lt\/en\/wp-json\/wp\/v2\/product"}],"about":[{"href":"https:\/\/refrigeration.lt\/en\/wp-json\/wp\/v2\/types\/product"}],"replies":[{"embeddable":true,"href":"https:\/\/refrigeration.lt\/en\/wp-json\/wp\/v2\/comments?post=6065"}],"wp:featuredmedia":[{"embeddable":true,"href":"https:\/\/refrigeration.lt\/en\/wp-json\/wp\/v2\/media\/6066"}],"wp:attachment":[{"href":"https:\/\/refrigeration.lt\/en\/wp-json\/wp\/v2\/media?parent=6065"}],"wp:term":[{"taxonomy":"product_brand","embeddable":true,"href":"https:\/\/refrigeration.lt\/en\/wp-json\/wp\/v2\/product_brand?post=6065"},{"taxonomy":"product_cat","embeddable":true,"href":"https:\/\/refrigeration.lt\/en\/wp-json\/wp\/v2\/product_cat?post=6065"},{"taxonomy":"product_tag","embeddable":true,"href":"https:\/\/refrigeration.lt\/en\/wp-json\/wp\/v2\/product_tag?post=6065"}],"curies":[{"name":"wp","href":"https:\/\/api.w.org\/{rel}","templated":true}]}}