{"id":7181,"date":"2025-06-26T07:18:09","date_gmt":"2025-06-26T07:18:09","guid":{"rendered":"https:\/\/refrigeration.webdemo.lt\/?post_type=product&#038;p=7181"},"modified":"2025-09-10T21:10:34","modified_gmt":"2025-09-10T18:10:34","slug":"inventor-aria-3-5kw-sieninis-oro-kondicionierius-7181","status":"publish","type":"product","link":"https:\/\/refrigeration.lt\/en\/product\/inventor-aria-3-5kw-sieninis-oro-kondicionierius-7181\/","title":{"rendered":"INVENTOR ARIA 3.5kW &#8211; Wall-Mounted Air Conditioner"},"content":{"rendered":"<p>Modern Comfort with the Inventor Aria Air Conditioner Series.<br \/>\nInventor Aria sieninis oro kondicionierius \u2013 tai naujos kartos sprendimas, skirtas efektyviam patalp\u0173 mikroklimato reguliavimui. Su pa\u017eangiomis technologijomis ir stilingu dizainu \u0161is oro kondicionierius suteikia i\u0161skirtin\u012f komfort\u0105 visus metus.<br \/>\nKey Features of the Inventor Aria:<br \/>\n&#8211; Energy Efficiency (A++ Class)<br \/>\nEnjoy reduced electricity consumption with optimized performance.<br \/>\nInverter technology ensures stable temperature control without fluctuations.<br \/>\n&#8211; Advanced Air Filtration System<br \/>\nDust and bacteria filters ensure clean, healthy indoor air.<br \/>\n&#8211; The built-in ionizer eliminates unpleasant odors and reduces allergens.<br \/>\n&#8211; Smart Wi-Fi Control<br \/>\nAdjust the temperature remotely via a mobile app from anywhere.<br \/>\n&#8211; Timer function helps you optimize energy usage throughout the day.<br \/>\n&#8211; Quiet and Comfortable Operation<br \/>\nSleep mode reduces noise levels during the night.<br \/>\n&#8211; Eco mode minimizes energy consumption without compromising comfort.<br \/>\n&#8211; Versatile Application<br \/>\nIdeal for apartments, houses, offices, and commercial spaces.<br \/>\n&#8211; Compact design fits seamlessly into a variety of interior styles.<\/p>\n<p>Why Choose Inventor Aria?<br \/>\nEfficient energy use &#8211; lower electricity bills.<br \/>\nAdvanced technology &#8211; smart Wi-Fi control and air filtration system.<br \/>\nEco-friendly &#8211; uses environmentally responsible R32 refrigerant.<\/p>","protected":false},"excerpt":{"rendered":"<p>A+++ energijos klas\u0117s Inventor oro kondicionieri\u0173 serija Aria su jonizatoriumi, HEPA ir trigubo veikimo filtru bei funkcija \u201eFollow Me\u201d !<br \/>\nMaximum energy savings thanks to the highest A+++ energy efficiency class!<\/p>\n<p>Pleasant atmosphere and virus protection with the built-in ionizer!<br \/>\nClean and healthy environment with the sterilizing HEPA filter!<br \/>\nExtra comfort and energy efficiency with the intelligent Follow Me function!<br \/>\nPapildomas komfortas ir energijos taupymas d\u0117l \u201eFollow Me\u201d sekti mane funkcijos!<\/p>","protected":false},"featured_media":7182,"comment_status":"open","ping_status":"closed","template":"","meta":{"_acf_changed":false},"product_brand":[],"product_cat":[26,83,84,58,29],"product_tag":[],"class_list":{"0":"post-7181","1":"product","2":"type-product","3":"status-publish","4":"has-post-thumbnail","6":"product_cat-buitiniai-oro-kondicionieriai","7":"product_cat-gamintojai","8":"product_cat-inventor","9":"product_cat-kondicionavimas","10":"product_cat-split-oro-kondicionieriai","12":"first","13":"instock","14":"taxable","15":"shipping-taxable","16":"purchasable","17":"product-type-simple"},"acf":[],"yoast_head":"<!-- This site is optimized with the Yoast SEO plugin v27.4 - https:\/\/yoast.com\/product\/yoast-seo-wordpress\/ -->\n<title>INVENTOR ARIA 3.5kW- sieninis oro kondicionierius | Beijer Ref<\/title>\n<meta name=\"description\" content=\"INVENTOR ARIA 3.5kW- sieninis oro kondicionierius. Pirkite internetu arba pateikite u\u017eklaus\u0105.\" \/>\n<meta name=\"robots\" content=\"index, follow, max-snippet:-1, max-image-preview:large, max-video-preview:-1\" \/>\n<link rel=\"canonical\" href=\"https:\/\/refrigeration.lt\/en\/product\/inventor-aria-3-5kw-sieninis-oro-kondicionierius-7181\/\" \/>\n<meta property=\"og:locale\" content=\"en_US\" \/>\n<meta property=\"og:type\" content=\"article\" \/>\n<meta property=\"og:title\" content=\"INVENTOR ARIA 3.5kW- sieninis oro kondicionierius | Beijer Ref\" \/>\n<meta property=\"og:description\" content=\"INVENTOR ARIA 3.5kW- sieninis oro kondicionierius. Pirkite internetu arba pateikite u\u017eklaus\u0105.\" \/>\n<meta property=\"og:url\" content=\"https:\/\/refrigeration.lt\/en\/product\/inventor-aria-3-5kw-sieninis-oro-kondicionierius-7181\/\" \/>\n<meta property=\"og:site_name\" content=\"Beijer Ref\" \/>\n<meta property=\"article:modified_time\" content=\"2025-09-10T18:10:34+00:00\" \/>\n<meta property=\"og:image\" content=\"https:\/\/refrigeration.lt\/wp-content\/uploads\/2025\/06\/inventor-aria-3-5kw-sieninis-oro-kondicionierius-7181.webp\" \/>\n\t<meta property=\"og:image:width\" content=\"1500\" \/>\n\t<meta property=\"og:image:height\" content=\"1500\" \/>\n\t<meta property=\"og:image:type\" content=\"image\/webp\" \/>\n<meta name=\"twitter:card\" content=\"summary_large_image\" \/>\n<meta name=\"twitter:label1\" content=\"Est. reading time\" \/>\n\t<meta name=\"twitter:data1\" content=\"1 minute\" \/>\n<script type=\"application\/ld+json\" class=\"yoast-schema-graph\">{\"@context\":\"https:\\\/\\\/schema.org\",\"@graph\":[{\"@type\":\"WebPage\",\"@id\":\"https:\\\/\\\/refrigeration.lt\\\/produktas\\\/inventor-aria-3-5kw-sieninis-oro-kondicionierius-7181\\\/\",\"url\":\"https:\\\/\\\/refrigeration.lt\\\/produktas\\\/inventor-aria-3-5kw-sieninis-oro-kondicionierius-7181\\\/\",\"name\":\"INVENTOR ARIA 3.5kW- sieninis oro kondicionierius | Beijer Ref\",\"isPartOf\":{\"@id\":\"https:\\\/\\\/refrigeration.lt\\\/#website\"},\"primaryImageOfPage\":{\"@id\":\"https:\\\/\\\/refrigeration.lt\\\/produktas\\\/inventor-aria-3-5kw-sieninis-oro-kondicionierius-7181\\\/#primaryimage\"},\"image\":{\"@id\":\"https:\\\/\\\/refrigeration.lt\\\/produktas\\\/inventor-aria-3-5kw-sieninis-oro-kondicionierius-7181\\\/#primaryimage\"},\"thumbnailUrl\":\"https:\\\/\\\/refrigeration.lt\\\/wp-content\\\/uploads\\\/2025\\\/06\\\/inventor-aria-3-5kw-sieninis-oro-kondicionierius-7181.webp\",\"datePublished\":\"2025-06-26T07:18:09+00:00\",\"dateModified\":\"2025-09-10T18:10:34+00:00\",\"description\":\"INVENTOR ARIA 3.5kW- sieninis oro kondicionierius. Pirkite internetu arba pateikite u\u017eklaus\u0105.\",\"breadcrumb\":{\"@id\":\"https:\\\/\\\/refrigeration.lt\\\/produktas\\\/inventor-aria-3-5kw-sieninis-oro-kondicionierius-7181\\\/#breadcrumb\"},\"inLanguage\":\"en-US\",\"potentialAction\":[{\"@type\":\"ReadAction\",\"target\":[\"https:\\\/\\\/refrigeration.lt\\\/produktas\\\/inventor-aria-3-5kw-sieninis-oro-kondicionierius-7181\\\/\"]}]},{\"@type\":\"ImageObject\",\"inLanguage\":\"en-US\",\"@id\":\"https:\\\/\\\/refrigeration.lt\\\/produktas\\\/inventor-aria-3-5kw-sieninis-oro-kondicionierius-7181\\\/#primaryimage\",\"url\":\"https:\\\/\\\/refrigeration.lt\\\/wp-content\\\/uploads\\\/2025\\\/06\\\/inventor-aria-3-5kw-sieninis-oro-kondicionierius-7181.webp\",\"contentUrl\":\"https:\\\/\\\/refrigeration.lt\\\/wp-content\\\/uploads\\\/2025\\\/06\\\/inventor-aria-3-5kw-sieninis-oro-kondicionierius-7181.webp\",\"width\":1500,\"height\":1500,\"caption\":\"INVENTOR ARIA 3.5kW- sieninis oro kondicionierius\"},{\"@type\":\"BreadcrumbList\",\"@id\":\"https:\\\/\\\/refrigeration.lt\\\/produktas\\\/inventor-aria-3-5kw-sieninis-oro-kondicionierius-7181\\\/#breadcrumb\",\"itemListElement\":[{\"@type\":\"ListItem\",\"position\":1,\"name\":\"Home\",\"item\":\"https:\\\/\\\/refrigeration.lt\\\/\"},{\"@type\":\"ListItem\",\"position\":2,\"name\":\"Visos prek\u0117s\",\"item\":\"https:\\\/\\\/refrigeration.lt\\\/parduotuve\\\/\"},{\"@type\":\"ListItem\",\"position\":3,\"name\":\"INVENTOR ARIA 3.5kW- sieninis oro kondicionierius\"}]},{\"@type\":\"WebSite\",\"@id\":\"https:\\\/\\\/refrigeration.lt\\\/#website\",\"url\":\"https:\\\/\\\/refrigeration.lt\\\/\",\"name\":\"Beijer Ref\",\"description\":\"Tarptautin\u0117 didmeninink\u0173 grup\u0117, veikianti komercinio \u0161aldymo, komforto \u0161aldymo, pramoninio \u0161aldymo ir susijusiuose sektoriuose.\",\"publisher\":{\"@id\":\"https:\\\/\\\/refrigeration.lt\\\/#organization\"},\"potentialAction\":[{\"@type\":\"SearchAction\",\"target\":{\"@type\":\"EntryPoint\",\"urlTemplate\":\"https:\\\/\\\/refrigeration.lt\\\/?s={search_term_string}\"},\"query-input\":{\"@type\":\"PropertyValueSpecification\",\"valueRequired\":true,\"valueName\":\"search_term_string\"}}],\"inLanguage\":\"en-US\"},{\"@type\":\"Organization\",\"@id\":\"https:\\\/\\\/refrigeration.lt\\\/#organization\",\"name\":\"Beijer Ref\",\"url\":\"https:\\\/\\\/refrigeration.lt\\\/\",\"logo\":{\"@type\":\"ImageObject\",\"inLanguage\":\"en-US\",\"@id\":\"https:\\\/\\\/refrigeration.lt\\\/#\\\/schema\\\/logo\\\/image\\\/\",\"url\":\"https:\\\/\\\/refrigeration.lt\\\/wp-content\\\/uploads\\\/2025\\\/09\\\/Beijer-Ref-LT-logo.png\",\"contentUrl\":\"https:\\\/\\\/refrigeration.lt\\\/wp-content\\\/uploads\\\/2025\\\/09\\\/Beijer-Ref-LT-logo.png\",\"width\":161,\"height\":38,\"caption\":\"Beijer Ref\"},\"image\":{\"@id\":\"https:\\\/\\\/refrigeration.lt\\\/#\\\/schema\\\/logo\\\/image\\\/\"}}]}<\/script>\n<!-- \/ Yoast SEO plugin. -->","yoast_head_json":{"title":"INVENTOR ARIA 3.5kW- sieninis oro kondicionierius | Beijer Ref","description":"INVENTOR ARIA 3.5kW- sieninis oro kondicionierius. Pirkite internetu arba pateikite u\u017eklaus\u0105.","robots":{"index":"index","follow":"follow","max-snippet":"max-snippet:-1","max-image-preview":"max-image-preview:large","max-video-preview":"max-video-preview:-1"},"canonical":"https:\/\/refrigeration.lt\/en\/product\/inventor-aria-3-5kw-sieninis-oro-kondicionierius-7181\/","og_locale":"en_US","og_type":"article","og_title":"INVENTOR ARIA 3.5kW- sieninis oro kondicionierius | Beijer Ref","og_description":"INVENTOR ARIA 3.5kW- sieninis oro kondicionierius. Pirkite internetu arba pateikite u\u017eklaus\u0105.","og_url":"https:\/\/refrigeration.lt\/en\/product\/inventor-aria-3-5kw-sieninis-oro-kondicionierius-7181\/","og_site_name":"Beijer Ref","article_modified_time":"2025-09-10T18:10:34+00:00","og_image":[{"width":1500,"height":1500,"url":"https:\/\/refrigeration.lt\/wp-content\/uploads\/2025\/06\/inventor-aria-3-5kw-sieninis-oro-kondicionierius-7181.webp","type":"image\/webp"}],"twitter_card":"summary_large_image","twitter_misc":{"Est. reading time":"1 minute"},"schema":{"@context":"https:\/\/schema.org","@graph":[{"@type":"WebPage","@id":"https:\/\/refrigeration.lt\/produktas\/inventor-aria-3-5kw-sieninis-oro-kondicionierius-7181\/","url":"https:\/\/refrigeration.lt\/produktas\/inventor-aria-3-5kw-sieninis-oro-kondicionierius-7181\/","name":"INVENTOR ARIA 3.5kW- sieninis oro kondicionierius | Beijer Ref","isPartOf":{"@id":"https:\/\/refrigeration.lt\/#website"},"primaryImageOfPage":{"@id":"https:\/\/refrigeration.lt\/produktas\/inventor-aria-3-5kw-sieninis-oro-kondicionierius-7181\/#primaryimage"},"image":{"@id":"https:\/\/refrigeration.lt\/produktas\/inventor-aria-3-5kw-sieninis-oro-kondicionierius-7181\/#primaryimage"},"thumbnailUrl":"https:\/\/refrigeration.lt\/wp-content\/uploads\/2025\/06\/inventor-aria-3-5kw-sieninis-oro-kondicionierius-7181.webp","datePublished":"2025-06-26T07:18:09+00:00","dateModified":"2025-09-10T18:10:34+00:00","description":"INVENTOR ARIA 3.5kW- sieninis oro kondicionierius. Pirkite internetu arba pateikite u\u017eklaus\u0105.","breadcrumb":{"@id":"https:\/\/refrigeration.lt\/produktas\/inventor-aria-3-5kw-sieninis-oro-kondicionierius-7181\/#breadcrumb"},"inLanguage":"en-US","potentialAction":[{"@type":"ReadAction","target":["https:\/\/refrigeration.lt\/produktas\/inventor-aria-3-5kw-sieninis-oro-kondicionierius-7181\/"]}]},{"@type":"ImageObject","inLanguage":"en-US","@id":"https:\/\/refrigeration.lt\/produktas\/inventor-aria-3-5kw-sieninis-oro-kondicionierius-7181\/#primaryimage","url":"https:\/\/refrigeration.lt\/wp-content\/uploads\/2025\/06\/inventor-aria-3-5kw-sieninis-oro-kondicionierius-7181.webp","contentUrl":"https:\/\/refrigeration.lt\/wp-content\/uploads\/2025\/06\/inventor-aria-3-5kw-sieninis-oro-kondicionierius-7181.webp","width":1500,"height":1500,"caption":"INVENTOR ARIA 3.5kW- sieninis oro kondicionierius"},{"@type":"BreadcrumbList","@id":"https:\/\/refrigeration.lt\/produktas\/inventor-aria-3-5kw-sieninis-oro-kondicionierius-7181\/#breadcrumb","itemListElement":[{"@type":"ListItem","position":1,"name":"Home","item":"https:\/\/refrigeration.lt\/"},{"@type":"ListItem","position":2,"name":"Visos prek\u0117s","item":"https:\/\/refrigeration.lt\/parduotuve\/"},{"@type":"ListItem","position":3,"name":"INVENTOR ARIA 3.5kW- sieninis oro kondicionierius"}]},{"@type":"WebSite","@id":"https:\/\/refrigeration.lt\/#website","url":"https:\/\/refrigeration.lt\/","name":"Beijer Ref","description":"Tarptautin\u0117 didmeninink\u0173 grup\u0117, veikianti komercinio \u0161aldymo, komforto \u0161aldymo, pramoninio \u0161aldymo ir susijusiuose sektoriuose.","publisher":{"@id":"https:\/\/refrigeration.lt\/#organization"},"potentialAction":[{"@type":"SearchAction","target":{"@type":"EntryPoint","urlTemplate":"https:\/\/refrigeration.lt\/?s={search_term_string}"},"query-input":{"@type":"PropertyValueSpecification","valueRequired":true,"valueName":"search_term_string"}}],"inLanguage":"en-US"},{"@type":"Organization","@id":"https:\/\/refrigeration.lt\/#organization","name":"Beijer Ref","url":"https:\/\/refrigeration.lt\/","logo":{"@type":"ImageObject","inLanguage":"en-US","@id":"https:\/\/refrigeration.lt\/#\/schema\/logo\/image\/","url":"https:\/\/refrigeration.lt\/wp-content\/uploads\/2025\/09\/Beijer-Ref-LT-logo.png","contentUrl":"https:\/\/refrigeration.lt\/wp-content\/uploads\/2025\/09\/Beijer-Ref-LT-logo.png","width":161,"height":38,"caption":"Beijer Ref"},"image":{"@id":"https:\/\/refrigeration.lt\/#\/schema\/logo\/image\/"}}]}},"_links":{"self":[{"href":"https:\/\/refrigeration.lt\/en\/wp-json\/wp\/v2\/product\/7181","targetHints":{"allow":["GET"]}}],"collection":[{"href":"https:\/\/refrigeration.lt\/en\/wp-json\/wp\/v2\/product"}],"about":[{"href":"https:\/\/refrigeration.lt\/en\/wp-json\/wp\/v2\/types\/product"}],"replies":[{"embeddable":true,"href":"https:\/\/refrigeration.lt\/en\/wp-json\/wp\/v2\/comments?post=7181"}],"wp:featuredmedia":[{"embeddable":true,"href":"https:\/\/refrigeration.lt\/en\/wp-json\/wp\/v2\/media\/7182"}],"wp:attachment":[{"href":"https:\/\/refrigeration.lt\/en\/wp-json\/wp\/v2\/media?parent=7181"}],"wp:term":[{"taxonomy":"product_brand","embeddable":true,"href":"https:\/\/refrigeration.lt\/en\/wp-json\/wp\/v2\/product_brand?post=7181"},{"taxonomy":"product_cat","embeddable":true,"href":"https:\/\/refrigeration.lt\/en\/wp-json\/wp\/v2\/product_cat?post=7181"},{"taxonomy":"product_tag","embeddable":true,"href":"https:\/\/refrigeration.lt\/en\/wp-json\/wp\/v2\/product_tag?post=7181"}],"curies":[{"name":"wp","href":"https:\/\/api.w.org\/{rel}","templated":true}]}}