{"id":7331,"date":"2025-06-26T07:25:05","date_gmt":"2025-06-26T07:25:05","guid":{"rendered":"https:\/\/refrigeration.webdemo.lt\/?post_type=product&#038;p=7331"},"modified":"2025-09-01T19:48:19","modified_gmt":"2025-09-01T16:48:19","slug":"inventor-leon-2-6kw-sieninis-oro-kondicionierius-7331","status":"publish","type":"product","link":"https:\/\/refrigeration.lt\/en\/product\/inventor-leon-2-6kw-sieninis-oro-kondicionierius-7331\/","title":{"rendered":"INVENTOR LEON 2.6kW- Wall-Mounted Air Conditioner"},"content":{"rendered":"<p>Inventor Leon Wall-Mounted Air Conditioner &#8211; a premium device ensuring efficient cooling and heating for indoor spaces.<br \/>\n Suitable for refrigerants of class A2L, A2, and A3 (ATEX-certified device II 3G EX EC ic NC h IIA T4 Gc).<br \/>\n &#8211; Energy efficiency: A+++ energy class guarantees low electricity consumption in both cooling and heating modes.<br \/>\n &#8211; Air quality: The built-in ionizer and HEPA filter remove fine dust particles, microbes, and allergens from the air, ensuring a healthy and clean indoor environment.<br \/>\n &#8211; Control: Integrated Wi-Fi enables remote control of the unit via smartphone or computer using the free Smart Clima app.<br \/>\n &#8211; Noise level: Ultra-quiet operation with Ultra Silence Mode ensures comfort without disturbing noise.<br \/>\n &#8211; Airflow: 4-way airflow guarantees even air distribution and balanced temperature throughout the entire room.<\/p>","protected":false},"excerpt":{"rendered":"<p>Inventor Leon series air conditioners &#8211; outstanding performance and efficiency with an A+++ energy rating.<br \/>\n Cleaner air with Ultraviolet Type C technology and ionizer.<br \/>\n The ECO mode ensures even greater energy savings.<br \/>\n The Breeze Away function provides perfect room temperature without direct airflow.<\/p>","protected":false},"featured_media":7332,"comment_status":"open","ping_status":"closed","template":"","meta":{"_acf_changed":false},"product_brand":[],"product_cat":[26,83,84,58,55,68,54,29],"product_tag":[],"class_list":{"0":"post-7331","1":"product","2":"type-product","3":"status-publish","4":"has-post-thumbnail","6":"product_cat-buitiniai-oro-kondicionieriai","7":"product_cat-gamintojai","8":"product_cat-inventor","9":"product_cat-kondicionavimas","10":"product_cat-oras-oras","11":"product_cat-sildymas","12":"product_cat-silumos-siurbliai","13":"product_cat-split-oro-kondicionieriai","15":"first","16":"instock","17":"taxable","18":"shipping-taxable","19":"purchasable","20":"product-type-simple"},"acf":[],"yoast_head":"<!-- This site is optimized with the Yoast SEO plugin v27.4 - https:\/\/yoast.com\/product\/yoast-seo-wordpress\/ -->\n<title>INVENTOR LEON 2.6kW- sieninis oro kondicionierius | Beijer Ref<\/title>\n<meta name=\"description\" content=\"INVENTOR LEON 2.6kW- sieninis oro kondicionierius. Pirkite internetu arba pateikite u\u017eklaus\u0105.\" \/>\n<meta name=\"robots\" content=\"index, follow, max-snippet:-1, max-image-preview:large, max-video-preview:-1\" \/>\n<link rel=\"canonical\" href=\"https:\/\/refrigeration.lt\/en\/product\/inventor-leon-2-6kw-sieninis-oro-kondicionierius-7331\/\" \/>\n<meta property=\"og:locale\" content=\"en_US\" \/>\n<meta property=\"og:type\" content=\"article\" \/>\n<meta property=\"og:title\" content=\"INVENTOR LEON 2.6kW- sieninis oro kondicionierius | Beijer Ref\" \/>\n<meta property=\"og:description\" content=\"INVENTOR LEON 2.6kW- sieninis oro kondicionierius. Pirkite internetu arba pateikite u\u017eklaus\u0105.\" \/>\n<meta property=\"og:url\" content=\"https:\/\/refrigeration.lt\/en\/product\/inventor-leon-2-6kw-sieninis-oro-kondicionierius-7331\/\" \/>\n<meta property=\"og:site_name\" content=\"Beijer Ref\" \/>\n<meta property=\"article:modified_time\" content=\"2025-09-01T16:48:19+00:00\" \/>\n<meta property=\"og:image\" content=\"https:\/\/refrigeration.lt\/wp-content\/uploads\/2025\/06\/inventor-leon-2-6kw-sieninis-oro-kondicionierius-7331.webp\" \/>\n\t<meta property=\"og:image:width\" content=\"1500\" \/>\n\t<meta property=\"og:image:height\" content=\"1500\" \/>\n\t<meta property=\"og:image:type\" content=\"image\/webp\" \/>\n<meta name=\"twitter:card\" content=\"summary_large_image\" \/>\n<meta name=\"twitter:label1\" content=\"Est. reading time\" \/>\n\t<meta name=\"twitter:data1\" content=\"1 minute\" \/>\n<script type=\"application\/ld+json\" class=\"yoast-schema-graph\">{\"@context\":\"https:\\\/\\\/schema.org\",\"@graph\":[{\"@type\":\"WebPage\",\"@id\":\"https:\\\/\\\/refrigeration.lt\\\/produktas\\\/inventor-leon-2-6kw-sieninis-oro-kondicionierius-7331\\\/\",\"url\":\"https:\\\/\\\/refrigeration.lt\\\/produktas\\\/inventor-leon-2-6kw-sieninis-oro-kondicionierius-7331\\\/\",\"name\":\"INVENTOR LEON 2.6kW- sieninis oro kondicionierius | Beijer Ref\",\"isPartOf\":{\"@id\":\"https:\\\/\\\/refrigeration.lt\\\/#website\"},\"primaryImageOfPage\":{\"@id\":\"https:\\\/\\\/refrigeration.lt\\\/produktas\\\/inventor-leon-2-6kw-sieninis-oro-kondicionierius-7331\\\/#primaryimage\"},\"image\":{\"@id\":\"https:\\\/\\\/refrigeration.lt\\\/produktas\\\/inventor-leon-2-6kw-sieninis-oro-kondicionierius-7331\\\/#primaryimage\"},\"thumbnailUrl\":\"https:\\\/\\\/refrigeration.lt\\\/wp-content\\\/uploads\\\/2025\\\/06\\\/inventor-leon-2-6kw-sieninis-oro-kondicionierius-7331.webp\",\"datePublished\":\"2025-06-26T07:25:05+00:00\",\"dateModified\":\"2025-09-01T16:48:19+00:00\",\"description\":\"INVENTOR LEON 2.6kW- sieninis oro kondicionierius. Pirkite internetu arba pateikite u\u017eklaus\u0105.\",\"breadcrumb\":{\"@id\":\"https:\\\/\\\/refrigeration.lt\\\/produktas\\\/inventor-leon-2-6kw-sieninis-oro-kondicionierius-7331\\\/#breadcrumb\"},\"inLanguage\":\"en-US\",\"potentialAction\":[{\"@type\":\"ReadAction\",\"target\":[\"https:\\\/\\\/refrigeration.lt\\\/produktas\\\/inventor-leon-2-6kw-sieninis-oro-kondicionierius-7331\\\/\"]}]},{\"@type\":\"ImageObject\",\"inLanguage\":\"en-US\",\"@id\":\"https:\\\/\\\/refrigeration.lt\\\/produktas\\\/inventor-leon-2-6kw-sieninis-oro-kondicionierius-7331\\\/#primaryimage\",\"url\":\"https:\\\/\\\/refrigeration.lt\\\/wp-content\\\/uploads\\\/2025\\\/06\\\/inventor-leon-2-6kw-sieninis-oro-kondicionierius-7331.webp\",\"contentUrl\":\"https:\\\/\\\/refrigeration.lt\\\/wp-content\\\/uploads\\\/2025\\\/06\\\/inventor-leon-2-6kw-sieninis-oro-kondicionierius-7331.webp\",\"width\":1500,\"height\":1500,\"caption\":\"INVENTOR LEON 2.6kW- sieninis oro kondicionierius\"},{\"@type\":\"BreadcrumbList\",\"@id\":\"https:\\\/\\\/refrigeration.lt\\\/produktas\\\/inventor-leon-2-6kw-sieninis-oro-kondicionierius-7331\\\/#breadcrumb\",\"itemListElement\":[{\"@type\":\"ListItem\",\"position\":1,\"name\":\"Home\",\"item\":\"https:\\\/\\\/refrigeration.lt\\\/\"},{\"@type\":\"ListItem\",\"position\":2,\"name\":\"Visos prek\u0117s\",\"item\":\"https:\\\/\\\/refrigeration.lt\\\/parduotuve\\\/\"},{\"@type\":\"ListItem\",\"position\":3,\"name\":\"INVENTOR LEON 2.6kW- sieninis oro kondicionierius\"}]},{\"@type\":\"WebSite\",\"@id\":\"https:\\\/\\\/refrigeration.lt\\\/#website\",\"url\":\"https:\\\/\\\/refrigeration.lt\\\/\",\"name\":\"Beijer Ref\",\"description\":\"Tarptautin\u0117 didmeninink\u0173 grup\u0117, veikianti komercinio \u0161aldymo, komforto \u0161aldymo, pramoninio \u0161aldymo ir susijusiuose sektoriuose.\",\"publisher\":{\"@id\":\"https:\\\/\\\/refrigeration.lt\\\/#organization\"},\"potentialAction\":[{\"@type\":\"SearchAction\",\"target\":{\"@type\":\"EntryPoint\",\"urlTemplate\":\"https:\\\/\\\/refrigeration.lt\\\/?s={search_term_string}\"},\"query-input\":{\"@type\":\"PropertyValueSpecification\",\"valueRequired\":true,\"valueName\":\"search_term_string\"}}],\"inLanguage\":\"en-US\"},{\"@type\":\"Organization\",\"@id\":\"https:\\\/\\\/refrigeration.lt\\\/#organization\",\"name\":\"Beijer Ref\",\"url\":\"https:\\\/\\\/refrigeration.lt\\\/\",\"logo\":{\"@type\":\"ImageObject\",\"inLanguage\":\"en-US\",\"@id\":\"https:\\\/\\\/refrigeration.lt\\\/#\\\/schema\\\/logo\\\/image\\\/\",\"url\":\"https:\\\/\\\/refrigeration.lt\\\/wp-content\\\/uploads\\\/2025\\\/09\\\/Beijer-Ref-LT-logo.png\",\"contentUrl\":\"https:\\\/\\\/refrigeration.lt\\\/wp-content\\\/uploads\\\/2025\\\/09\\\/Beijer-Ref-LT-logo.png\",\"width\":161,\"height\":38,\"caption\":\"Beijer Ref\"},\"image\":{\"@id\":\"https:\\\/\\\/refrigeration.lt\\\/#\\\/schema\\\/logo\\\/image\\\/\"}}]}<\/script>\n<!-- \/ Yoast SEO plugin. -->","yoast_head_json":{"title":"INVENTOR LEON 2.6kW- sieninis oro kondicionierius | Beijer Ref","description":"INVENTOR LEON 2.6kW- sieninis oro kondicionierius. Pirkite internetu arba pateikite u\u017eklaus\u0105.","robots":{"index":"index","follow":"follow","max-snippet":"max-snippet:-1","max-image-preview":"max-image-preview:large","max-video-preview":"max-video-preview:-1"},"canonical":"https:\/\/refrigeration.lt\/en\/product\/inventor-leon-2-6kw-sieninis-oro-kondicionierius-7331\/","og_locale":"en_US","og_type":"article","og_title":"INVENTOR LEON 2.6kW- sieninis oro kondicionierius | Beijer Ref","og_description":"INVENTOR LEON 2.6kW- sieninis oro kondicionierius. Pirkite internetu arba pateikite u\u017eklaus\u0105.","og_url":"https:\/\/refrigeration.lt\/en\/product\/inventor-leon-2-6kw-sieninis-oro-kondicionierius-7331\/","og_site_name":"Beijer Ref","article_modified_time":"2025-09-01T16:48:19+00:00","og_image":[{"width":1500,"height":1500,"url":"https:\/\/refrigeration.lt\/wp-content\/uploads\/2025\/06\/inventor-leon-2-6kw-sieninis-oro-kondicionierius-7331.webp","type":"image\/webp"}],"twitter_card":"summary_large_image","twitter_misc":{"Est. reading time":"1 minute"},"schema":{"@context":"https:\/\/schema.org","@graph":[{"@type":"WebPage","@id":"https:\/\/refrigeration.lt\/produktas\/inventor-leon-2-6kw-sieninis-oro-kondicionierius-7331\/","url":"https:\/\/refrigeration.lt\/produktas\/inventor-leon-2-6kw-sieninis-oro-kondicionierius-7331\/","name":"INVENTOR LEON 2.6kW- sieninis oro kondicionierius | Beijer Ref","isPartOf":{"@id":"https:\/\/refrigeration.lt\/#website"},"primaryImageOfPage":{"@id":"https:\/\/refrigeration.lt\/produktas\/inventor-leon-2-6kw-sieninis-oro-kondicionierius-7331\/#primaryimage"},"image":{"@id":"https:\/\/refrigeration.lt\/produktas\/inventor-leon-2-6kw-sieninis-oro-kondicionierius-7331\/#primaryimage"},"thumbnailUrl":"https:\/\/refrigeration.lt\/wp-content\/uploads\/2025\/06\/inventor-leon-2-6kw-sieninis-oro-kondicionierius-7331.webp","datePublished":"2025-06-26T07:25:05+00:00","dateModified":"2025-09-01T16:48:19+00:00","description":"INVENTOR LEON 2.6kW- sieninis oro kondicionierius. Pirkite internetu arba pateikite u\u017eklaus\u0105.","breadcrumb":{"@id":"https:\/\/refrigeration.lt\/produktas\/inventor-leon-2-6kw-sieninis-oro-kondicionierius-7331\/#breadcrumb"},"inLanguage":"en-US","potentialAction":[{"@type":"ReadAction","target":["https:\/\/refrigeration.lt\/produktas\/inventor-leon-2-6kw-sieninis-oro-kondicionierius-7331\/"]}]},{"@type":"ImageObject","inLanguage":"en-US","@id":"https:\/\/refrigeration.lt\/produktas\/inventor-leon-2-6kw-sieninis-oro-kondicionierius-7331\/#primaryimage","url":"https:\/\/refrigeration.lt\/wp-content\/uploads\/2025\/06\/inventor-leon-2-6kw-sieninis-oro-kondicionierius-7331.webp","contentUrl":"https:\/\/refrigeration.lt\/wp-content\/uploads\/2025\/06\/inventor-leon-2-6kw-sieninis-oro-kondicionierius-7331.webp","width":1500,"height":1500,"caption":"INVENTOR LEON 2.6kW- sieninis oro kondicionierius"},{"@type":"BreadcrumbList","@id":"https:\/\/refrigeration.lt\/produktas\/inventor-leon-2-6kw-sieninis-oro-kondicionierius-7331\/#breadcrumb","itemListElement":[{"@type":"ListItem","position":1,"name":"Home","item":"https:\/\/refrigeration.lt\/"},{"@type":"ListItem","position":2,"name":"Visos prek\u0117s","item":"https:\/\/refrigeration.lt\/parduotuve\/"},{"@type":"ListItem","position":3,"name":"INVENTOR LEON 2.6kW- sieninis oro kondicionierius"}]},{"@type":"WebSite","@id":"https:\/\/refrigeration.lt\/#website","url":"https:\/\/refrigeration.lt\/","name":"Beijer Ref","description":"Tarptautin\u0117 didmeninink\u0173 grup\u0117, veikianti komercinio \u0161aldymo, komforto \u0161aldymo, pramoninio \u0161aldymo ir susijusiuose sektoriuose.","publisher":{"@id":"https:\/\/refrigeration.lt\/#organization"},"potentialAction":[{"@type":"SearchAction","target":{"@type":"EntryPoint","urlTemplate":"https:\/\/refrigeration.lt\/?s={search_term_string}"},"query-input":{"@type":"PropertyValueSpecification","valueRequired":true,"valueName":"search_term_string"}}],"inLanguage":"en-US"},{"@type":"Organization","@id":"https:\/\/refrigeration.lt\/#organization","name":"Beijer Ref","url":"https:\/\/refrigeration.lt\/","logo":{"@type":"ImageObject","inLanguage":"en-US","@id":"https:\/\/refrigeration.lt\/#\/schema\/logo\/image\/","url":"https:\/\/refrigeration.lt\/wp-content\/uploads\/2025\/09\/Beijer-Ref-LT-logo.png","contentUrl":"https:\/\/refrigeration.lt\/wp-content\/uploads\/2025\/09\/Beijer-Ref-LT-logo.png","width":161,"height":38,"caption":"Beijer Ref"},"image":{"@id":"https:\/\/refrigeration.lt\/#\/schema\/logo\/image\/"}}]}},"_links":{"self":[{"href":"https:\/\/refrigeration.lt\/en\/wp-json\/wp\/v2\/product\/7331","targetHints":{"allow":["GET"]}}],"collection":[{"href":"https:\/\/refrigeration.lt\/en\/wp-json\/wp\/v2\/product"}],"about":[{"href":"https:\/\/refrigeration.lt\/en\/wp-json\/wp\/v2\/types\/product"}],"replies":[{"embeddable":true,"href":"https:\/\/refrigeration.lt\/en\/wp-json\/wp\/v2\/comments?post=7331"}],"wp:featuredmedia":[{"embeddable":true,"href":"https:\/\/refrigeration.lt\/en\/wp-json\/wp\/v2\/media\/7332"}],"wp:attachment":[{"href":"https:\/\/refrigeration.lt\/en\/wp-json\/wp\/v2\/media?parent=7331"}],"wp:term":[{"taxonomy":"product_brand","embeddable":true,"href":"https:\/\/refrigeration.lt\/en\/wp-json\/wp\/v2\/product_brand?post=7331"},{"taxonomy":"product_cat","embeddable":true,"href":"https:\/\/refrigeration.lt\/en\/wp-json\/wp\/v2\/product_cat?post=7331"},{"taxonomy":"product_tag","embeddable":true,"href":"https:\/\/refrigeration.lt\/en\/wp-json\/wp\/v2\/product_tag?post=7331"}],"curies":[{"name":"wp","href":"https:\/\/api.w.org\/{rel}","templated":true}]}}