{"id":7395,"date":"2025-06-26T07:28:24","date_gmt":"2025-06-26T07:28:24","guid":{"rendered":"https:\/\/refrigeration.webdemo.lt\/?post_type=product&p=7395"},"modified":"2025-06-26T07:28:24","modified_gmt":"2025-06-26T07:28:24","slug":"inventor-dark-2-6kw-sieninis-oro-kondicionierius-7395","status":"publish","type":"product","link":"https:\/\/refrigeration.lt\/en\/product\/inventor-dark-2-6kw-sieninis-oro-kondicionierius-7395\/","title":{"rendered":"INVENTOR DARK 2.6kW- Wall-Mounted Air Conditioner"},"content":{"rendered":"<p>Modern Comfort with Inventor Dark Series Air Conditioners<br \/>\n The Inventor Dark wall-mounted air conditioner combines outstanding performance with elegant dark-toned design, ideal for those valuing both quality and aesthetics.<br \/>\n Key Features:<br \/>\n &#8211; Energy Efficiency (A+++): High performance with low energy consumption.<br \/>\n &#8211; Advanced Air Filtration: Ionizer and dust\/bacteria filters for cleaner indoor air.<br \/>\n &#8211; Smart Wi-Fi Control: Remote management via mobile app and scheduling features.<br \/>\n &#8211; Quiet Operation: Sleep and Eco modes for comfort and energy savings.<br \/>\n &#8211; Unique Design: Luxurious dark casing suits modern interiors. <\/p>\n<p> Why Choose Inventor Dark?<br \/>\n Stylish, efficient, eco-friendly with R32 refrigerant, and advanced smart technologies.<\/p>","protected":false},"excerpt":{"rendered":"<p>INVENTOR Dark series with Aqua Ionizer, innovative design, \u0391+++ energy class, 4 Way Air Flow &#038; Wi-Fi!<br \/>\n Maximum protection against germs, bacteria and viruses thanks to the built-in Aqua Ionizer<br \/>\n Impressive design that upgrades every place<br \/>\n Energy saving and excellent performance with Energy Class A +++<br \/>\n Uniform air distribution and balanced temperature thanks to 4-way Air Flow<br \/>\n Absolute comfort in setting the air-conditioner from wherever you are thanks to the smart remote management via Wi-Fi<\/p>","protected":false},"featured_media":7396,"comment_status":"open","ping_status":"closed","template":"","meta":{"_acf_changed":false},"product_brand":[],"product_cat":[26,83,84,58,29],"product_tag":[],"class_list":{"0":"post-7395","1":"product","2":"type-product","3":"status-publish","4":"has-post-thumbnail","6":"product_cat-buitiniai-oro-kondicionieriai","7":"product_cat-gamintojai","8":"product_cat-inventor","9":"product_cat-kondicionavimas","10":"product_cat-split-oro-kondicionieriai","12":"first","13":"instock","14":"taxable","15":"shipping-taxable","16":"purchasable","17":"product-type-simple"},"acf":[],"yoast_head":"<!-- This site is optimized with the Yoast SEO plugin v27.4 - https:\/\/yoast.com\/product\/yoast-seo-wordpress\/ -->\n<title>INVENTOR DARK 2.6kW- sieninis oro kondicionierius | Beijer Ref<\/title>\n<meta name=\"description\" content=\"INVENTOR DARK 2.6kW- sieninis oro kondicionierius. Pirkite internetu arba pateikite u\u017eklaus\u0105.\" \/>\n<meta name=\"robots\" content=\"index, follow, max-snippet:-1, max-image-preview:large, max-video-preview:-1\" \/>\n<link rel=\"canonical\" href=\"https:\/\/refrigeration.lt\/en\/product\/inventor-dark-2-6kw-sieninis-oro-kondicionierius-7395\/\" \/>\n<meta property=\"og:locale\" content=\"en_US\" \/>\n<meta property=\"og:type\" content=\"article\" \/>\n<meta property=\"og:title\" content=\"INVENTOR DARK 2.6kW- sieninis oro kondicionierius | Beijer Ref\" \/>\n<meta property=\"og:description\" content=\"INVENTOR DARK 2.6kW- sieninis oro kondicionierius. Pirkite internetu arba pateikite u\u017eklaus\u0105.\" \/>\n<meta property=\"og:url\" content=\"https:\/\/refrigeration.lt\/en\/product\/inventor-dark-2-6kw-sieninis-oro-kondicionierius-7395\/\" \/>\n<meta property=\"og:site_name\" content=\"Beijer Ref\" \/>\n<meta property=\"og:image\" content=\"https:\/\/refrigeration.lt\/wp-content\/uploads\/2025\/06\/inventor-dark-2-6kw-sieninis-oro-kondicionierius-7395.webp\" \/>\n\t<meta property=\"og:image:width\" content=\"1500\" \/>\n\t<meta property=\"og:image:height\" content=\"1500\" \/>\n\t<meta property=\"og:image:type\" content=\"image\/webp\" \/>\n<meta name=\"twitter:card\" content=\"summary_large_image\" \/>\n<meta name=\"twitter:label1\" content=\"Est. reading time\" \/>\n\t<meta name=\"twitter:data1\" content=\"1 minute\" \/>\n<script type=\"application\/ld+json\" class=\"yoast-schema-graph\">{\"@context\":\"https:\\\/\\\/schema.org\",\"@graph\":[{\"@type\":\"WebPage\",\"@id\":\"https:\\\/\\\/refrigeration.lt\\\/produktas\\\/inventor-dark-2-6kw-sieninis-oro-kondicionierius-7395\\\/\",\"url\":\"https:\\\/\\\/refrigeration.lt\\\/produktas\\\/inventor-dark-2-6kw-sieninis-oro-kondicionierius-7395\\\/\",\"name\":\"INVENTOR DARK 2.6kW- sieninis oro kondicionierius | Beijer Ref\",\"isPartOf\":{\"@id\":\"https:\\\/\\\/refrigeration.lt\\\/#website\"},\"primaryImageOfPage\":{\"@id\":\"https:\\\/\\\/refrigeration.lt\\\/produktas\\\/inventor-dark-2-6kw-sieninis-oro-kondicionierius-7395\\\/#primaryimage\"},\"image\":{\"@id\":\"https:\\\/\\\/refrigeration.lt\\\/produktas\\\/inventor-dark-2-6kw-sieninis-oro-kondicionierius-7395\\\/#primaryimage\"},\"thumbnailUrl\":\"https:\\\/\\\/refrigeration.lt\\\/wp-content\\\/uploads\\\/2025\\\/06\\\/inventor-dark-2-6kw-sieninis-oro-kondicionierius-7395.webp\",\"datePublished\":\"2025-06-26T07:28:24+00:00\",\"description\":\"INVENTOR DARK 2.6kW- sieninis oro kondicionierius. Pirkite internetu arba pateikite u\u017eklaus\u0105.\",\"breadcrumb\":{\"@id\":\"https:\\\/\\\/refrigeration.lt\\\/produktas\\\/inventor-dark-2-6kw-sieninis-oro-kondicionierius-7395\\\/#breadcrumb\"},\"inLanguage\":\"en-US\",\"potentialAction\":[{\"@type\":\"ReadAction\",\"target\":[\"https:\\\/\\\/refrigeration.lt\\\/produktas\\\/inventor-dark-2-6kw-sieninis-oro-kondicionierius-7395\\\/\"]}]},{\"@type\":\"ImageObject\",\"inLanguage\":\"en-US\",\"@id\":\"https:\\\/\\\/refrigeration.lt\\\/produktas\\\/inventor-dark-2-6kw-sieninis-oro-kondicionierius-7395\\\/#primaryimage\",\"url\":\"https:\\\/\\\/refrigeration.lt\\\/wp-content\\\/uploads\\\/2025\\\/06\\\/inventor-dark-2-6kw-sieninis-oro-kondicionierius-7395.webp\",\"contentUrl\":\"https:\\\/\\\/refrigeration.lt\\\/wp-content\\\/uploads\\\/2025\\\/06\\\/inventor-dark-2-6kw-sieninis-oro-kondicionierius-7395.webp\",\"width\":1500,\"height\":1500,\"caption\":\"INVENTOR DARK 2.6kW- sieninis oro kondicionierius\"},{\"@type\":\"BreadcrumbList\",\"@id\":\"https:\\\/\\\/refrigeration.lt\\\/produktas\\\/inventor-dark-2-6kw-sieninis-oro-kondicionierius-7395\\\/#breadcrumb\",\"itemListElement\":[{\"@type\":\"ListItem\",\"position\":1,\"name\":\"Home\",\"item\":\"https:\\\/\\\/refrigeration.lt\\\/\"},{\"@type\":\"ListItem\",\"position\":2,\"name\":\"Visos prek\u0117s\",\"item\":\"https:\\\/\\\/refrigeration.lt\\\/parduotuve\\\/\"},{\"@type\":\"ListItem\",\"position\":3,\"name\":\"INVENTOR DARK 2.6kW- sieninis oro kondicionierius\"}]},{\"@type\":\"WebSite\",\"@id\":\"https:\\\/\\\/refrigeration.lt\\\/#website\",\"url\":\"https:\\\/\\\/refrigeration.lt\\\/\",\"name\":\"Beijer Ref\",\"description\":\"Tarptautin\u0117 didmeninink\u0173 grup\u0117, veikianti komercinio \u0161aldymo, komforto \u0161aldymo, pramoninio \u0161aldymo ir susijusiuose sektoriuose.\",\"publisher\":{\"@id\":\"https:\\\/\\\/refrigeration.lt\\\/#organization\"},\"potentialAction\":[{\"@type\":\"SearchAction\",\"target\":{\"@type\":\"EntryPoint\",\"urlTemplate\":\"https:\\\/\\\/refrigeration.lt\\\/?s={search_term_string}\"},\"query-input\":{\"@type\":\"PropertyValueSpecification\",\"valueRequired\":true,\"valueName\":\"search_term_string\"}}],\"inLanguage\":\"en-US\"},{\"@type\":\"Organization\",\"@id\":\"https:\\\/\\\/refrigeration.lt\\\/#organization\",\"name\":\"Beijer Ref\",\"url\":\"https:\\\/\\\/refrigeration.lt\\\/\",\"logo\":{\"@type\":\"ImageObject\",\"inLanguage\":\"en-US\",\"@id\":\"https:\\\/\\\/refrigeration.lt\\\/#\\\/schema\\\/logo\\\/image\\\/\",\"url\":\"https:\\\/\\\/refrigeration.lt\\\/wp-content\\\/uploads\\\/2025\\\/09\\\/Beijer-Ref-LT-logo.png\",\"contentUrl\":\"https:\\\/\\\/refrigeration.lt\\\/wp-content\\\/uploads\\\/2025\\\/09\\\/Beijer-Ref-LT-logo.png\",\"width\":161,\"height\":38,\"caption\":\"Beijer Ref\"},\"image\":{\"@id\":\"https:\\\/\\\/refrigeration.lt\\\/#\\\/schema\\\/logo\\\/image\\\/\"}}]}<\/script>\n<!-- \/ Yoast SEO plugin. -->","yoast_head_json":{"title":"INVENTOR DARK 2.6kW- sieninis oro kondicionierius | Beijer Ref","description":"INVENTOR DARK 2.6kW- sieninis oro kondicionierius. Pirkite internetu arba pateikite u\u017eklaus\u0105.","robots":{"index":"index","follow":"follow","max-snippet":"max-snippet:-1","max-image-preview":"max-image-preview:large","max-video-preview":"max-video-preview:-1"},"canonical":"https:\/\/refrigeration.lt\/en\/product\/inventor-dark-2-6kw-sieninis-oro-kondicionierius-7395\/","og_locale":"en_US","og_type":"article","og_title":"INVENTOR DARK 2.6kW- sieninis oro kondicionierius | Beijer Ref","og_description":"INVENTOR DARK 2.6kW- sieninis oro kondicionierius. Pirkite internetu arba pateikite u\u017eklaus\u0105.","og_url":"https:\/\/refrigeration.lt\/en\/product\/inventor-dark-2-6kw-sieninis-oro-kondicionierius-7395\/","og_site_name":"Beijer Ref","og_image":[{"width":1500,"height":1500,"url":"https:\/\/refrigeration.lt\/wp-content\/uploads\/2025\/06\/inventor-dark-2-6kw-sieninis-oro-kondicionierius-7395.webp","type":"image\/webp"}],"twitter_card":"summary_large_image","twitter_misc":{"Est. reading time":"1 minute"},"schema":{"@context":"https:\/\/schema.org","@graph":[{"@type":"WebPage","@id":"https:\/\/refrigeration.lt\/produktas\/inventor-dark-2-6kw-sieninis-oro-kondicionierius-7395\/","url":"https:\/\/refrigeration.lt\/produktas\/inventor-dark-2-6kw-sieninis-oro-kondicionierius-7395\/","name":"INVENTOR DARK 2.6kW- sieninis oro kondicionierius | Beijer Ref","isPartOf":{"@id":"https:\/\/refrigeration.lt\/#website"},"primaryImageOfPage":{"@id":"https:\/\/refrigeration.lt\/produktas\/inventor-dark-2-6kw-sieninis-oro-kondicionierius-7395\/#primaryimage"},"image":{"@id":"https:\/\/refrigeration.lt\/produktas\/inventor-dark-2-6kw-sieninis-oro-kondicionierius-7395\/#primaryimage"},"thumbnailUrl":"https:\/\/refrigeration.lt\/wp-content\/uploads\/2025\/06\/inventor-dark-2-6kw-sieninis-oro-kondicionierius-7395.webp","datePublished":"2025-06-26T07:28:24+00:00","description":"INVENTOR DARK 2.6kW- sieninis oro kondicionierius. Pirkite internetu arba pateikite u\u017eklaus\u0105.","breadcrumb":{"@id":"https:\/\/refrigeration.lt\/produktas\/inventor-dark-2-6kw-sieninis-oro-kondicionierius-7395\/#breadcrumb"},"inLanguage":"en-US","potentialAction":[{"@type":"ReadAction","target":["https:\/\/refrigeration.lt\/produktas\/inventor-dark-2-6kw-sieninis-oro-kondicionierius-7395\/"]}]},{"@type":"ImageObject","inLanguage":"en-US","@id":"https:\/\/refrigeration.lt\/produktas\/inventor-dark-2-6kw-sieninis-oro-kondicionierius-7395\/#primaryimage","url":"https:\/\/refrigeration.lt\/wp-content\/uploads\/2025\/06\/inventor-dark-2-6kw-sieninis-oro-kondicionierius-7395.webp","contentUrl":"https:\/\/refrigeration.lt\/wp-content\/uploads\/2025\/06\/inventor-dark-2-6kw-sieninis-oro-kondicionierius-7395.webp","width":1500,"height":1500,"caption":"INVENTOR DARK 2.6kW- sieninis oro kondicionierius"},{"@type":"BreadcrumbList","@id":"https:\/\/refrigeration.lt\/produktas\/inventor-dark-2-6kw-sieninis-oro-kondicionierius-7395\/#breadcrumb","itemListElement":[{"@type":"ListItem","position":1,"name":"Home","item":"https:\/\/refrigeration.lt\/"},{"@type":"ListItem","position":2,"name":"Visos prek\u0117s","item":"https:\/\/refrigeration.lt\/parduotuve\/"},{"@type":"ListItem","position":3,"name":"INVENTOR DARK 2.6kW- sieninis oro kondicionierius"}]},{"@type":"WebSite","@id":"https:\/\/refrigeration.lt\/#website","url":"https:\/\/refrigeration.lt\/","name":"Beijer Ref","description":"Tarptautin\u0117 didmeninink\u0173 grup\u0117, veikianti komercinio \u0161aldymo, komforto \u0161aldymo, pramoninio \u0161aldymo ir susijusiuose sektoriuose.","publisher":{"@id":"https:\/\/refrigeration.lt\/#organization"},"potentialAction":[{"@type":"SearchAction","target":{"@type":"EntryPoint","urlTemplate":"https:\/\/refrigeration.lt\/?s={search_term_string}"},"query-input":{"@type":"PropertyValueSpecification","valueRequired":true,"valueName":"search_term_string"}}],"inLanguage":"en-US"},{"@type":"Organization","@id":"https:\/\/refrigeration.lt\/#organization","name":"Beijer Ref","url":"https:\/\/refrigeration.lt\/","logo":{"@type":"ImageObject","inLanguage":"en-US","@id":"https:\/\/refrigeration.lt\/#\/schema\/logo\/image\/","url":"https:\/\/refrigeration.lt\/wp-content\/uploads\/2025\/09\/Beijer-Ref-LT-logo.png","contentUrl":"https:\/\/refrigeration.lt\/wp-content\/uploads\/2025\/09\/Beijer-Ref-LT-logo.png","width":161,"height":38,"caption":"Beijer Ref"},"image":{"@id":"https:\/\/refrigeration.lt\/#\/schema\/logo\/image\/"}}]}},"_links":{"self":[{"href":"https:\/\/refrigeration.lt\/en\/wp-json\/wp\/v2\/product\/7395","targetHints":{"allow":["GET"]}}],"collection":[{"href":"https:\/\/refrigeration.lt\/en\/wp-json\/wp\/v2\/product"}],"about":[{"href":"https:\/\/refrigeration.lt\/en\/wp-json\/wp\/v2\/types\/product"}],"replies":[{"embeddable":true,"href":"https:\/\/refrigeration.lt\/en\/wp-json\/wp\/v2\/comments?post=7395"}],"wp:featuredmedia":[{"embeddable":true,"href":"https:\/\/refrigeration.lt\/en\/wp-json\/wp\/v2\/media\/7396"}],"wp:attachment":[{"href":"https:\/\/refrigeration.lt\/en\/wp-json\/wp\/v2\/media?parent=7395"}],"wp:term":[{"taxonomy":"product_brand","embeddable":true,"href":"https:\/\/refrigeration.lt\/en\/wp-json\/wp\/v2\/product_brand?post=7395"},{"taxonomy":"product_cat","embeddable":true,"href":"https:\/\/refrigeration.lt\/en\/wp-json\/wp\/v2\/product_cat?post=7395"},{"taxonomy":"product_tag","embeddable":true,"href":"https:\/\/refrigeration.lt\/en\/wp-json\/wp\/v2\/product_tag?post=7395"}],"curies":[{"name":"wp","href":"https:\/\/api.w.org\/{rel}","templated":true}]}}