{"id":7452,"date":"2025-06-26T07:31:16","date_gmt":"2025-06-26T07:31:16","guid":{"rendered":"https:\/\/refrigeration.webdemo.lt\/?post_type=product&#038;p=7452"},"modified":"2025-09-01T19:50:14","modified_gmt":"2025-09-01T16:50:14","slug":"inventor-thora-3-5kw-sieninis-oro-kondicionierius-7452","status":"publish","type":"product","link":"https:\/\/refrigeration.lt\/en\/product\/inventor-thora-3-5kw-sieninis-oro-kondicionierius-7452\/","title":{"rendered":"INVENTOR THORA 3.5kW- Wall-Mounted Air Conditioner"},"content":{"rendered":"<p>Inventor Nordic Thora \u2013 tai auk\u0161\u010diausios klas\u0117s sieninis oro kondicionierius, specialiai sukurtas efektyviam veikimui net ir ekstremaliomis s\u0105lygomis.<br \/>\nSuitable for refrigerants of class A2L, A2, and A3 (ATEX-certified device II 3G EX EC ic NC h IIA T4 Gc).<br \/>\n\u2013 A+++ energijos efektyvumas: u\u017etikrina auk\u0161t\u0105 na\u0161um\u0105 su minimaliomis energijos s\u0105naudomis, ma\u017einant j\u016bs\u0173 energijos p\u0117dsak\u0105.<br \/>\n\u2013 Puikus \u0161ildymo na\u0161umas esant -35\u00b0C: u\u017etikrina patikim\u0105 \u0161ildym\u0105 net ir esant itin \u017eemai oro temperat\u016brai, tod\u0117l idealiai tinka \u0160iaur\u0117s ir Skandinavijos regionams.<br \/>\n\u2013 Kompresoriaus ir dugno \u0161ildymo tenai: apsaugo nuo ledo kaupimosi, u\u017etikrina efektyv\u0173 \u0161ildym\u0105 ir ma\u017eina energijos suvartojim\u0105.<br \/>\n\u2013 Pasl\u0117ptas radaro judesio jutiklis: aptinka judes\u012f kambaryje ir pritaiko oro kondicionieriaus veikim\u0105 energijos taupymui \u2013 suma\u017eina galingum\u0105 po 30 minu\u010di\u0173 neveiklumo ir pereina \u012f bud\u0117jimo re\u017eim\u0105 po 2 valand\u0173.<br \/>\n\u2013 Integruotas Wi-Fi valdymas: leid\u017eia nuotoliniu b\u016bdu valdyti \u012frengin\u012f per i\u0161man\u0173j\u012f telefon\u0105 ar plan\u0161etin\u012f kompiuter\u012f, u\u017etikrinant optimal\u0173 temperat\u016bros reguliavim\u0105 ir energijos taupym\u0105.<\/p>\n<p>Additional Features:<br \/>\n\u2013 56\u00b0C sterilizacija: auk\u0161ta temperat\u016bra \u012frenginio viduje sterilizuoja prietais\u0105 ir pa\u0161alina virusus bei bakterijas, kartu pa\u0161alindama viduje susikaupusias dulkes.<br \/>\n\u2013 \u201eBreeze Away\u201d funkcija: u\u017etikrina, kad oro srautas neb\u016bt\u0173 nukreiptas tiesiai \u012f jus, suteikiant komfort\u0105 be nemalonaus poj\u016b\u010dio.<br \/>\n\u2013 4 kryp\u010di\u0173 oro srautas: u\u017etikrina tolyg\u0173 oro paskirstym\u0105 visoje patalpoje, net ir sud\u0117tingiausiose vietose.<br \/>\n\u2013 \u201eFollow Me\u201d funkcija: nustatyta temperat\u016bra sinchronizuojama su nuotolinio valdymo pulte esan\u010diu jutikliu, u\u017etikrinant papildom\u0105 komfort\u0105 ir energijos taupym\u0105.<br \/>\n\u2013 8\u00b0C \u0161ildymas: palaiko stabili\u0105 8\u00b0C kambario temperat\u016br\u0105, u\u017ekertant keli\u0105 galimiems oro s\u0105lyg\u0173 pa\u017eeidimams ne\u0161ildomose patalpose.<br \/>\nInventor Nordic Thora \u2013 tai patikimas ir efektyvus sprendimas, siekiant u\u017etikrinti komforti\u0161k\u0105 mikroklimat\u0105 j\u016bs\u0173 namuose ar biure net ir at\u0161iauriomis s\u0105lygomis.<\/p>","protected":false},"excerpt":{"rendered":"<p>Inventor Nordic Thora \u2013 efektyvus oro kondicionierius at\u0161iaurioms s\u0105lygoms!<br \/>\nWith an A+++ energy rating, reliable heating down to -35\u00b0C, built-in Wi-Fi control, and an innovative motion sensor for energy saving, the Nordic Thora is built for performance.<br \/>\n56\u00b0C sterilizacija naikina bakterijas, o \u201eBreeze Away\u201d funkcija u\u017etikrina komfort\u0105 be tiesioginio oro srauto. Puikus pasirinkimas j\u016bs\u0173 namams ar biurui!<\/p>","protected":false},"featured_media":7453,"comment_status":"open","ping_status":"closed","template":"","meta":{"_acf_changed":false},"product_brand":[],"product_cat":[26,83,84,58,55,68,54,29],"product_tag":[],"class_list":{"0":"post-7452","1":"product","2":"type-product","3":"status-publish","4":"has-post-thumbnail","6":"product_cat-buitiniai-oro-kondicionieriai","7":"product_cat-gamintojai","8":"product_cat-inventor","9":"product_cat-kondicionavimas","10":"product_cat-oras-oras","11":"product_cat-sildymas","12":"product_cat-silumos-siurbliai","13":"product_cat-split-oro-kondicionieriai","15":"first","16":"instock","17":"taxable","18":"shipping-taxable","19":"purchasable","20":"product-type-simple"},"acf":[],"yoast_head":"<!-- This site is optimized with the Yoast SEO plugin v27.4 - https:\/\/yoast.com\/product\/yoast-seo-wordpress\/ -->\n<title>INVENTOR THORA 3.5kW- sieninis oro kondicionierius | Beijer Ref<\/title>\n<meta name=\"description\" content=\"INVENTOR THORA 3.5kW- sieninis oro kondicionierius. Pirkite internetu arba pateikite u\u017eklaus\u0105.\" \/>\n<meta name=\"robots\" content=\"index, follow, max-snippet:-1, max-image-preview:large, max-video-preview:-1\" \/>\n<link rel=\"canonical\" href=\"https:\/\/refrigeration.lt\/en\/product\/inventor-thora-3-5kw-sieninis-oro-kondicionierius-7452\/\" \/>\n<meta property=\"og:locale\" content=\"en_US\" \/>\n<meta property=\"og:type\" content=\"article\" \/>\n<meta property=\"og:title\" content=\"INVENTOR THORA 3.5kW- sieninis oro kondicionierius | Beijer Ref\" \/>\n<meta property=\"og:description\" content=\"INVENTOR THORA 3.5kW- sieninis oro kondicionierius. Pirkite internetu arba pateikite u\u017eklaus\u0105.\" \/>\n<meta property=\"og:url\" content=\"https:\/\/refrigeration.lt\/en\/product\/inventor-thora-3-5kw-sieninis-oro-kondicionierius-7452\/\" \/>\n<meta property=\"og:site_name\" content=\"Beijer Ref\" \/>\n<meta property=\"article:modified_time\" content=\"2025-09-01T16:50:14+00:00\" \/>\n<meta property=\"og:image\" content=\"https:\/\/refrigeration.lt\/wp-content\/uploads\/2025\/06\/inventor-thora-3-5kw-sieninis-oro-kondicionierius-7452.webp\" \/>\n\t<meta property=\"og:image:width\" content=\"1500\" \/>\n\t<meta property=\"og:image:height\" content=\"1500\" \/>\n\t<meta property=\"og:image:type\" content=\"image\/webp\" \/>\n<meta name=\"twitter:card\" content=\"summary_large_image\" \/>\n<meta name=\"twitter:label1\" content=\"Est. reading time\" \/>\n\t<meta name=\"twitter:data1\" content=\"1 minute\" \/>\n<script type=\"application\/ld+json\" class=\"yoast-schema-graph\">{\"@context\":\"https:\\\/\\\/schema.org\",\"@graph\":[{\"@type\":\"WebPage\",\"@id\":\"https:\\\/\\\/refrigeration.lt\\\/produktas\\\/inventor-thora-3-5kw-sieninis-oro-kondicionierius-7452\\\/\",\"url\":\"https:\\\/\\\/refrigeration.lt\\\/produktas\\\/inventor-thora-3-5kw-sieninis-oro-kondicionierius-7452\\\/\",\"name\":\"INVENTOR THORA 3.5kW- sieninis oro kondicionierius | Beijer Ref\",\"isPartOf\":{\"@id\":\"https:\\\/\\\/refrigeration.lt\\\/#website\"},\"primaryImageOfPage\":{\"@id\":\"https:\\\/\\\/refrigeration.lt\\\/produktas\\\/inventor-thora-3-5kw-sieninis-oro-kondicionierius-7452\\\/#primaryimage\"},\"image\":{\"@id\":\"https:\\\/\\\/refrigeration.lt\\\/produktas\\\/inventor-thora-3-5kw-sieninis-oro-kondicionierius-7452\\\/#primaryimage\"},\"thumbnailUrl\":\"https:\\\/\\\/refrigeration.lt\\\/wp-content\\\/uploads\\\/2025\\\/06\\\/inventor-thora-3-5kw-sieninis-oro-kondicionierius-7452.webp\",\"datePublished\":\"2025-06-26T07:31:16+00:00\",\"dateModified\":\"2025-09-01T16:50:14+00:00\",\"description\":\"INVENTOR THORA 3.5kW- sieninis oro kondicionierius. Pirkite internetu arba pateikite u\u017eklaus\u0105.\",\"breadcrumb\":{\"@id\":\"https:\\\/\\\/refrigeration.lt\\\/produktas\\\/inventor-thora-3-5kw-sieninis-oro-kondicionierius-7452\\\/#breadcrumb\"},\"inLanguage\":\"en-US\",\"potentialAction\":[{\"@type\":\"ReadAction\",\"target\":[\"https:\\\/\\\/refrigeration.lt\\\/produktas\\\/inventor-thora-3-5kw-sieninis-oro-kondicionierius-7452\\\/\"]}]},{\"@type\":\"ImageObject\",\"inLanguage\":\"en-US\",\"@id\":\"https:\\\/\\\/refrigeration.lt\\\/produktas\\\/inventor-thora-3-5kw-sieninis-oro-kondicionierius-7452\\\/#primaryimage\",\"url\":\"https:\\\/\\\/refrigeration.lt\\\/wp-content\\\/uploads\\\/2025\\\/06\\\/inventor-thora-3-5kw-sieninis-oro-kondicionierius-7452.webp\",\"contentUrl\":\"https:\\\/\\\/refrigeration.lt\\\/wp-content\\\/uploads\\\/2025\\\/06\\\/inventor-thora-3-5kw-sieninis-oro-kondicionierius-7452.webp\",\"width\":1500,\"height\":1500,\"caption\":\"INVENTOR THORA 3.5kW- sieninis oro kondicionierius\"},{\"@type\":\"BreadcrumbList\",\"@id\":\"https:\\\/\\\/refrigeration.lt\\\/produktas\\\/inventor-thora-3-5kw-sieninis-oro-kondicionierius-7452\\\/#breadcrumb\",\"itemListElement\":[{\"@type\":\"ListItem\",\"position\":1,\"name\":\"Home\",\"item\":\"https:\\\/\\\/refrigeration.lt\\\/\"},{\"@type\":\"ListItem\",\"position\":2,\"name\":\"Visos prek\u0117s\",\"item\":\"https:\\\/\\\/refrigeration.lt\\\/parduotuve\\\/\"},{\"@type\":\"ListItem\",\"position\":3,\"name\":\"INVENTOR THORA 3.5kW- sieninis oro kondicionierius\"}]},{\"@type\":\"WebSite\",\"@id\":\"https:\\\/\\\/refrigeration.lt\\\/#website\",\"url\":\"https:\\\/\\\/refrigeration.lt\\\/\",\"name\":\"Beijer Ref\",\"description\":\"Tarptautin\u0117 didmeninink\u0173 grup\u0117, veikianti komercinio \u0161aldymo, komforto \u0161aldymo, pramoninio \u0161aldymo ir susijusiuose sektoriuose.\",\"publisher\":{\"@id\":\"https:\\\/\\\/refrigeration.lt\\\/#organization\"},\"potentialAction\":[{\"@type\":\"SearchAction\",\"target\":{\"@type\":\"EntryPoint\",\"urlTemplate\":\"https:\\\/\\\/refrigeration.lt\\\/?s={search_term_string}\"},\"query-input\":{\"@type\":\"PropertyValueSpecification\",\"valueRequired\":true,\"valueName\":\"search_term_string\"}}],\"inLanguage\":\"en-US\"},{\"@type\":\"Organization\",\"@id\":\"https:\\\/\\\/refrigeration.lt\\\/#organization\",\"name\":\"Beijer Ref\",\"url\":\"https:\\\/\\\/refrigeration.lt\\\/\",\"logo\":{\"@type\":\"ImageObject\",\"inLanguage\":\"en-US\",\"@id\":\"https:\\\/\\\/refrigeration.lt\\\/#\\\/schema\\\/logo\\\/image\\\/\",\"url\":\"https:\\\/\\\/refrigeration.lt\\\/wp-content\\\/uploads\\\/2025\\\/09\\\/Beijer-Ref-LT-logo.png\",\"contentUrl\":\"https:\\\/\\\/refrigeration.lt\\\/wp-content\\\/uploads\\\/2025\\\/09\\\/Beijer-Ref-LT-logo.png\",\"width\":161,\"height\":38,\"caption\":\"Beijer Ref\"},\"image\":{\"@id\":\"https:\\\/\\\/refrigeration.lt\\\/#\\\/schema\\\/logo\\\/image\\\/\"}}]}<\/script>\n<!-- \/ Yoast SEO plugin. -->","yoast_head_json":{"title":"INVENTOR THORA 3.5kW- sieninis oro kondicionierius | Beijer Ref","description":"INVENTOR THORA 3.5kW- sieninis oro kondicionierius. Pirkite internetu arba pateikite u\u017eklaus\u0105.","robots":{"index":"index","follow":"follow","max-snippet":"max-snippet:-1","max-image-preview":"max-image-preview:large","max-video-preview":"max-video-preview:-1"},"canonical":"https:\/\/refrigeration.lt\/en\/product\/inventor-thora-3-5kw-sieninis-oro-kondicionierius-7452\/","og_locale":"en_US","og_type":"article","og_title":"INVENTOR THORA 3.5kW- sieninis oro kondicionierius | Beijer Ref","og_description":"INVENTOR THORA 3.5kW- sieninis oro kondicionierius. Pirkite internetu arba pateikite u\u017eklaus\u0105.","og_url":"https:\/\/refrigeration.lt\/en\/product\/inventor-thora-3-5kw-sieninis-oro-kondicionierius-7452\/","og_site_name":"Beijer Ref","article_modified_time":"2025-09-01T16:50:14+00:00","og_image":[{"width":1500,"height":1500,"url":"https:\/\/refrigeration.lt\/wp-content\/uploads\/2025\/06\/inventor-thora-3-5kw-sieninis-oro-kondicionierius-7452.webp","type":"image\/webp"}],"twitter_card":"summary_large_image","twitter_misc":{"Est. reading time":"1 minute"},"schema":{"@context":"https:\/\/schema.org","@graph":[{"@type":"WebPage","@id":"https:\/\/refrigeration.lt\/produktas\/inventor-thora-3-5kw-sieninis-oro-kondicionierius-7452\/","url":"https:\/\/refrigeration.lt\/produktas\/inventor-thora-3-5kw-sieninis-oro-kondicionierius-7452\/","name":"INVENTOR THORA 3.5kW- sieninis oro kondicionierius | Beijer Ref","isPartOf":{"@id":"https:\/\/refrigeration.lt\/#website"},"primaryImageOfPage":{"@id":"https:\/\/refrigeration.lt\/produktas\/inventor-thora-3-5kw-sieninis-oro-kondicionierius-7452\/#primaryimage"},"image":{"@id":"https:\/\/refrigeration.lt\/produktas\/inventor-thora-3-5kw-sieninis-oro-kondicionierius-7452\/#primaryimage"},"thumbnailUrl":"https:\/\/refrigeration.lt\/wp-content\/uploads\/2025\/06\/inventor-thora-3-5kw-sieninis-oro-kondicionierius-7452.webp","datePublished":"2025-06-26T07:31:16+00:00","dateModified":"2025-09-01T16:50:14+00:00","description":"INVENTOR THORA 3.5kW- sieninis oro kondicionierius. Pirkite internetu arba pateikite u\u017eklaus\u0105.","breadcrumb":{"@id":"https:\/\/refrigeration.lt\/produktas\/inventor-thora-3-5kw-sieninis-oro-kondicionierius-7452\/#breadcrumb"},"inLanguage":"en-US","potentialAction":[{"@type":"ReadAction","target":["https:\/\/refrigeration.lt\/produktas\/inventor-thora-3-5kw-sieninis-oro-kondicionierius-7452\/"]}]},{"@type":"ImageObject","inLanguage":"en-US","@id":"https:\/\/refrigeration.lt\/produktas\/inventor-thora-3-5kw-sieninis-oro-kondicionierius-7452\/#primaryimage","url":"https:\/\/refrigeration.lt\/wp-content\/uploads\/2025\/06\/inventor-thora-3-5kw-sieninis-oro-kondicionierius-7452.webp","contentUrl":"https:\/\/refrigeration.lt\/wp-content\/uploads\/2025\/06\/inventor-thora-3-5kw-sieninis-oro-kondicionierius-7452.webp","width":1500,"height":1500,"caption":"INVENTOR THORA 3.5kW- sieninis oro kondicionierius"},{"@type":"BreadcrumbList","@id":"https:\/\/refrigeration.lt\/produktas\/inventor-thora-3-5kw-sieninis-oro-kondicionierius-7452\/#breadcrumb","itemListElement":[{"@type":"ListItem","position":1,"name":"Home","item":"https:\/\/refrigeration.lt\/"},{"@type":"ListItem","position":2,"name":"Visos prek\u0117s","item":"https:\/\/refrigeration.lt\/parduotuve\/"},{"@type":"ListItem","position":3,"name":"INVENTOR THORA 3.5kW- sieninis oro kondicionierius"}]},{"@type":"WebSite","@id":"https:\/\/refrigeration.lt\/#website","url":"https:\/\/refrigeration.lt\/","name":"Beijer Ref","description":"Tarptautin\u0117 didmeninink\u0173 grup\u0117, veikianti komercinio \u0161aldymo, komforto \u0161aldymo, pramoninio \u0161aldymo ir susijusiuose sektoriuose.","publisher":{"@id":"https:\/\/refrigeration.lt\/#organization"},"potentialAction":[{"@type":"SearchAction","target":{"@type":"EntryPoint","urlTemplate":"https:\/\/refrigeration.lt\/?s={search_term_string}"},"query-input":{"@type":"PropertyValueSpecification","valueRequired":true,"valueName":"search_term_string"}}],"inLanguage":"en-US"},{"@type":"Organization","@id":"https:\/\/refrigeration.lt\/#organization","name":"Beijer Ref","url":"https:\/\/refrigeration.lt\/","logo":{"@type":"ImageObject","inLanguage":"en-US","@id":"https:\/\/refrigeration.lt\/#\/schema\/logo\/image\/","url":"https:\/\/refrigeration.lt\/wp-content\/uploads\/2025\/09\/Beijer-Ref-LT-logo.png","contentUrl":"https:\/\/refrigeration.lt\/wp-content\/uploads\/2025\/09\/Beijer-Ref-LT-logo.png","width":161,"height":38,"caption":"Beijer Ref"},"image":{"@id":"https:\/\/refrigeration.lt\/#\/schema\/logo\/image\/"}}]}},"_links":{"self":[{"href":"https:\/\/refrigeration.lt\/en\/wp-json\/wp\/v2\/product\/7452","targetHints":{"allow":["GET"]}}],"collection":[{"href":"https:\/\/refrigeration.lt\/en\/wp-json\/wp\/v2\/product"}],"about":[{"href":"https:\/\/refrigeration.lt\/en\/wp-json\/wp\/v2\/types\/product"}],"replies":[{"embeddable":true,"href":"https:\/\/refrigeration.lt\/en\/wp-json\/wp\/v2\/comments?post=7452"}],"wp:featuredmedia":[{"embeddable":true,"href":"https:\/\/refrigeration.lt\/en\/wp-json\/wp\/v2\/media\/7453"}],"wp:attachment":[{"href":"https:\/\/refrigeration.lt\/en\/wp-json\/wp\/v2\/media?parent=7452"}],"wp:term":[{"taxonomy":"product_brand","embeddable":true,"href":"https:\/\/refrigeration.lt\/en\/wp-json\/wp\/v2\/product_brand?post=7452"},{"taxonomy":"product_cat","embeddable":true,"href":"https:\/\/refrigeration.lt\/en\/wp-json\/wp\/v2\/product_cat?post=7452"},{"taxonomy":"product_tag","embeddable":true,"href":"https:\/\/refrigeration.lt\/en\/wp-json\/wp\/v2\/product_tag?post=7452"}],"curies":[{"name":"wp","href":"https:\/\/api.w.org\/{rel}","templated":true}]}}