{"id":7589,"date":"2025-06-26T07:41:04","date_gmt":"2025-06-26T07:41:04","guid":{"rendered":"https:\/\/refrigeration.webdemo.lt\/?post_type=product&#038;p=7589"},"modified":"2025-12-18T15:01:20","modified_gmt":"2025-12-18T13:01:20","slug":"inventor-matrix-integruoti-split-4kw-oras-oras-silumos-7589","status":"publish","type":"product","link":"https:\/\/refrigeration.lt\/en\/product\/inventor-matrix-integruoti-split-4kw-oras-oras-silumos-7589\/","title":{"rendered":"INVENTOR MATRIX INTEGRUOTI SPLIT 4kW- oras-vanduo \u0161ilumos siurbliai su kar\u0161to vandens ruo\u0161imo talpa"},"content":{"rendered":"<p>Inventor Matrix integrated split-type heat pump (all-in-one) is an excellent solution for your home, featuring an integrated hot water tank (HWT) that offers flexibility and guaranteed results. This unit is suitable for various needs, such as underfloor heating and cooling, radiator heating, as well as cooling and heating with fan coil systems. Thanks to its all-in-one design and built-in water tank, installation becomes easier as there is no need to connect to an external water heating unit. Additionally, the height difference between the indoor and outdoor units can be up to 20 meters, and the total pipe length can reach up to 30 meters. <\/p>\n<p> Suitable for refrigerants of class A2L, A2, and A3 (ATEX-certified device II 3G EX EC ic NC h IIA T4 Gc).<br \/>\n &#8211; A+++ Energy Class: Ensures high performance and energy savings.<br \/>\n &#8211; Operation in Extreme Temperatures: Reliable performance even at outdoor temperatures as low as -25\u00b0C.<br \/>\n &#8211; Integrated Hot Water Tank: Provides flexibility and saves space, eliminating the need for an additional unit.<br \/>\n &#8211; Flexible Installation: The height difference between the indoor and outdoor units can be up to 20 meters, and the total pipe length can reach up to 30 meters.<br \/>\n &#8211; Central Control with Touchscreen Controller: Easy to use, providing access to a range of functions.<br \/>\n &#8211; Wi-Fi Standard: Easily control the unit using your smartphone or tablet.<br \/>\n &#8211; 3-Year Warranty: High manufacturing quality ensures flawless performance and long-lasting service, even in challenging conditions. <\/p>\n<p> By choosing the Inventor Matrix integrated split-type heat pump, you are investing in an efficient, reliable, and modern solution that will ensure comfort in your home all year round.<\/p>","protected":false},"excerpt":{"rendered":"<p>Inventor Matrix integrated split-type heat pump is a top-tier A+++ energy efficiency unit, ensuring efficient heating and cooling even at temperatures as low as -25\u00b0C. The integrated hot water tank and flexible installation provide comfort and space-saving benefits for your home.<\/p>","protected":false},"featured_media":7590,"comment_status":"open","ping_status":"closed","template":"","meta":{"_acf_changed":false},"product_brand":[],"product_cat":[83,84,56,68,54],"product_tag":[],"class_list":{"0":"post-7589","1":"product","2":"type-product","3":"status-publish","4":"has-post-thumbnail","6":"product_cat-gamintojai","7":"product_cat-inventor","8":"product_cat-oras-vanduo","9":"product_cat-sildymas","10":"product_cat-silumos-siurbliai","12":"first","13":"instock","14":"taxable","15":"shipping-taxable","16":"purchasable","17":"product-type-simple"},"acf":[],"yoast_head":"<!-- This site is optimized with the Yoast SEO plugin v27.4 - https:\/\/yoast.com\/product\/yoast-seo-wordpress\/ -->\n<title>INVENTOR MATRIX INTEGRUOTI SPLIT 4kW- oras-vanduo \u0161ilumos siurbliai su kar\u0161to vandens ruo\u0161imo talpa | Beijer Ref<\/title>\n<meta name=\"description\" content=\"INVENTOR MATRIX INTEGRUOTI SPLIT 4kW- oras-vanduo \u0161ilumos siurbliai su kar\u0161to vandens ruo\u0161imo talpa. Pirkite internetu arba pateikite u\u017eklaus\u0105.\" \/>\n<meta name=\"robots\" content=\"index, follow, max-snippet:-1, max-image-preview:large, max-video-preview:-1\" \/>\n<link rel=\"canonical\" href=\"https:\/\/refrigeration.lt\/en\/product\/inventor-matrix-integruoti-split-4kw-oras-oras-silumos-7589\/\" \/>\n<meta property=\"og:locale\" content=\"en_US\" \/>\n<meta property=\"og:type\" content=\"article\" \/>\n<meta property=\"og:title\" content=\"INVENTOR MATRIX INTEGRUOTI SPLIT 4kW- oras-vanduo \u0161ilumos siurbliai su kar\u0161to vandens ruo\u0161imo talpa | Beijer Ref\" \/>\n<meta property=\"og:description\" content=\"INVENTOR MATRIX INTEGRUOTI SPLIT 4kW- oras-vanduo \u0161ilumos siurbliai su kar\u0161to vandens ruo\u0161imo talpa. Pirkite internetu arba pateikite u\u017eklaus\u0105.\" \/>\n<meta property=\"og:url\" content=\"https:\/\/refrigeration.lt\/en\/product\/inventor-matrix-integruoti-split-4kw-oras-oras-silumos-7589\/\" \/>\n<meta property=\"og:site_name\" content=\"Beijer Ref\" \/>\n<meta property=\"article:modified_time\" content=\"2025-12-18T13:01:20+00:00\" \/>\n<meta property=\"og:image\" content=\"https:\/\/refrigeration.lt\/wp-content\/uploads\/2025\/06\/inventor-matrix-integruoti-split-4kw-oras-oras-silumos-7589.webp\" \/>\n\t<meta property=\"og:image:width\" content=\"1500\" \/>\n\t<meta property=\"og:image:height\" content=\"1500\" \/>\n\t<meta property=\"og:image:type\" content=\"image\/webp\" \/>\n<meta name=\"twitter:card\" content=\"summary_large_image\" \/>\n<meta name=\"twitter:label1\" content=\"Est. reading time\" \/>\n\t<meta name=\"twitter:data1\" content=\"1 minute\" \/>\n<script type=\"application\/ld+json\" class=\"yoast-schema-graph\">{\"@context\":\"https:\\\/\\\/schema.org\",\"@graph\":[{\"@type\":\"WebPage\",\"@id\":\"https:\\\/\\\/refrigeration.lt\\\/produktas\\\/inventor-matrix-integruoti-split-4kw-oras-oras-silumos-7589\\\/\",\"url\":\"https:\\\/\\\/refrigeration.lt\\\/produktas\\\/inventor-matrix-integruoti-split-4kw-oras-oras-silumos-7589\\\/\",\"name\":\"INVENTOR MATRIX INTEGRUOTI SPLIT 4kW- oras-vanduo \u0161ilumos siurbliai su kar\u0161to vandens ruo\u0161imo talpa | Beijer Ref\",\"isPartOf\":{\"@id\":\"https:\\\/\\\/refrigeration.lt\\\/#website\"},\"primaryImageOfPage\":{\"@id\":\"https:\\\/\\\/refrigeration.lt\\\/produktas\\\/inventor-matrix-integruoti-split-4kw-oras-oras-silumos-7589\\\/#primaryimage\"},\"image\":{\"@id\":\"https:\\\/\\\/refrigeration.lt\\\/produktas\\\/inventor-matrix-integruoti-split-4kw-oras-oras-silumos-7589\\\/#primaryimage\"},\"thumbnailUrl\":\"https:\\\/\\\/refrigeration.lt\\\/wp-content\\\/uploads\\\/2025\\\/06\\\/inventor-matrix-integruoti-split-4kw-oras-oras-silumos-7589.webp\",\"datePublished\":\"2025-06-26T07:41:04+00:00\",\"dateModified\":\"2025-12-18T13:01:20+00:00\",\"description\":\"INVENTOR MATRIX INTEGRUOTI SPLIT 4kW- oras-vanduo \u0161ilumos siurbliai su kar\u0161to vandens ruo\u0161imo talpa. Pirkite internetu arba pateikite u\u017eklaus\u0105.\",\"breadcrumb\":{\"@id\":\"https:\\\/\\\/refrigeration.lt\\\/produktas\\\/inventor-matrix-integruoti-split-4kw-oras-oras-silumos-7589\\\/#breadcrumb\"},\"inLanguage\":\"en-US\",\"potentialAction\":[{\"@type\":\"ReadAction\",\"target\":[\"https:\\\/\\\/refrigeration.lt\\\/produktas\\\/inventor-matrix-integruoti-split-4kw-oras-oras-silumos-7589\\\/\"]}]},{\"@type\":\"ImageObject\",\"inLanguage\":\"en-US\",\"@id\":\"https:\\\/\\\/refrigeration.lt\\\/produktas\\\/inventor-matrix-integruoti-split-4kw-oras-oras-silumos-7589\\\/#primaryimage\",\"url\":\"https:\\\/\\\/refrigeration.lt\\\/wp-content\\\/uploads\\\/2025\\\/06\\\/inventor-matrix-integruoti-split-4kw-oras-oras-silumos-7589.webp\",\"contentUrl\":\"https:\\\/\\\/refrigeration.lt\\\/wp-content\\\/uploads\\\/2025\\\/06\\\/inventor-matrix-integruoti-split-4kw-oras-oras-silumos-7589.webp\",\"width\":1500,\"height\":1500,\"caption\":\"INVENTOR MATRIX INTEGRUOTI SPLIT 4kW- oras-oras \u0161ilumos siurbliai su kar\u0161to vandens ruo\u0161imo talpa\"},{\"@type\":\"BreadcrumbList\",\"@id\":\"https:\\\/\\\/refrigeration.lt\\\/produktas\\\/inventor-matrix-integruoti-split-4kw-oras-oras-silumos-7589\\\/#breadcrumb\",\"itemListElement\":[{\"@type\":\"ListItem\",\"position\":1,\"name\":\"Home\",\"item\":\"https:\\\/\\\/refrigeration.lt\\\/\"},{\"@type\":\"ListItem\",\"position\":2,\"name\":\"Visos prek\u0117s\",\"item\":\"https:\\\/\\\/refrigeration.lt\\\/parduotuve\\\/\"},{\"@type\":\"ListItem\",\"position\":3,\"name\":\"INVENTOR MATRIX INTEGRUOTI SPLIT 4kW- oras-vanduo \u0161ilumos siurbliai su kar\u0161to vandens ruo\u0161imo talpa\"}]},{\"@type\":\"WebSite\",\"@id\":\"https:\\\/\\\/refrigeration.lt\\\/#website\",\"url\":\"https:\\\/\\\/refrigeration.lt\\\/\",\"name\":\"Beijer Ref\",\"description\":\"Tarptautin\u0117 didmeninink\u0173 grup\u0117, veikianti komercinio \u0161aldymo, komforto \u0161aldymo, pramoninio \u0161aldymo ir susijusiuose sektoriuose.\",\"publisher\":{\"@id\":\"https:\\\/\\\/refrigeration.lt\\\/#organization\"},\"potentialAction\":[{\"@type\":\"SearchAction\",\"target\":{\"@type\":\"EntryPoint\",\"urlTemplate\":\"https:\\\/\\\/refrigeration.lt\\\/?s={search_term_string}\"},\"query-input\":{\"@type\":\"PropertyValueSpecification\",\"valueRequired\":true,\"valueName\":\"search_term_string\"}}],\"inLanguage\":\"en-US\"},{\"@type\":\"Organization\",\"@id\":\"https:\\\/\\\/refrigeration.lt\\\/#organization\",\"name\":\"Beijer Ref\",\"url\":\"https:\\\/\\\/refrigeration.lt\\\/\",\"logo\":{\"@type\":\"ImageObject\",\"inLanguage\":\"en-US\",\"@id\":\"https:\\\/\\\/refrigeration.lt\\\/#\\\/schema\\\/logo\\\/image\\\/\",\"url\":\"https:\\\/\\\/refrigeration.lt\\\/wp-content\\\/uploads\\\/2025\\\/09\\\/Beijer-Ref-LT-logo.png\",\"contentUrl\":\"https:\\\/\\\/refrigeration.lt\\\/wp-content\\\/uploads\\\/2025\\\/09\\\/Beijer-Ref-LT-logo.png\",\"width\":161,\"height\":38,\"caption\":\"Beijer Ref\"},\"image\":{\"@id\":\"https:\\\/\\\/refrigeration.lt\\\/#\\\/schema\\\/logo\\\/image\\\/\"}}]}<\/script>\n<!-- \/ Yoast SEO plugin. -->","yoast_head_json":{"title":"INVENTOR MATRIX INTEGRUOTI SPLIT 4kW- oras-vanduo \u0161ilumos siurbliai su kar\u0161to vandens ruo\u0161imo talpa | Beijer Ref","description":"INVENTOR MATRIX INTEGRUOTI SPLIT 4kW- oras-vanduo \u0161ilumos siurbliai su kar\u0161to vandens ruo\u0161imo talpa. Pirkite internetu arba pateikite u\u017eklaus\u0105.","robots":{"index":"index","follow":"follow","max-snippet":"max-snippet:-1","max-image-preview":"max-image-preview:large","max-video-preview":"max-video-preview:-1"},"canonical":"https:\/\/refrigeration.lt\/en\/product\/inventor-matrix-integruoti-split-4kw-oras-oras-silumos-7589\/","og_locale":"en_US","og_type":"article","og_title":"INVENTOR MATRIX INTEGRUOTI SPLIT 4kW- oras-vanduo \u0161ilumos siurbliai su kar\u0161to vandens ruo\u0161imo talpa | Beijer Ref","og_description":"INVENTOR MATRIX INTEGRUOTI SPLIT 4kW- oras-vanduo \u0161ilumos siurbliai su kar\u0161to vandens ruo\u0161imo talpa. Pirkite internetu arba pateikite u\u017eklaus\u0105.","og_url":"https:\/\/refrigeration.lt\/en\/product\/inventor-matrix-integruoti-split-4kw-oras-oras-silumos-7589\/","og_site_name":"Beijer Ref","article_modified_time":"2025-12-18T13:01:20+00:00","og_image":[{"width":1500,"height":1500,"url":"https:\/\/refrigeration.lt\/wp-content\/uploads\/2025\/06\/inventor-matrix-integruoti-split-4kw-oras-oras-silumos-7589.webp","type":"image\/webp"}],"twitter_card":"summary_large_image","twitter_misc":{"Est. reading time":"1 minute"},"schema":{"@context":"https:\/\/schema.org","@graph":[{"@type":"WebPage","@id":"https:\/\/refrigeration.lt\/produktas\/inventor-matrix-integruoti-split-4kw-oras-oras-silumos-7589\/","url":"https:\/\/refrigeration.lt\/produktas\/inventor-matrix-integruoti-split-4kw-oras-oras-silumos-7589\/","name":"INVENTOR MATRIX INTEGRUOTI SPLIT 4kW- oras-vanduo \u0161ilumos siurbliai su kar\u0161to vandens ruo\u0161imo talpa | Beijer Ref","isPartOf":{"@id":"https:\/\/refrigeration.lt\/#website"},"primaryImageOfPage":{"@id":"https:\/\/refrigeration.lt\/produktas\/inventor-matrix-integruoti-split-4kw-oras-oras-silumos-7589\/#primaryimage"},"image":{"@id":"https:\/\/refrigeration.lt\/produktas\/inventor-matrix-integruoti-split-4kw-oras-oras-silumos-7589\/#primaryimage"},"thumbnailUrl":"https:\/\/refrigeration.lt\/wp-content\/uploads\/2025\/06\/inventor-matrix-integruoti-split-4kw-oras-oras-silumos-7589.webp","datePublished":"2025-06-26T07:41:04+00:00","dateModified":"2025-12-18T13:01:20+00:00","description":"INVENTOR MATRIX INTEGRUOTI SPLIT 4kW- oras-vanduo \u0161ilumos siurbliai su kar\u0161to vandens ruo\u0161imo talpa. Pirkite internetu arba pateikite u\u017eklaus\u0105.","breadcrumb":{"@id":"https:\/\/refrigeration.lt\/produktas\/inventor-matrix-integruoti-split-4kw-oras-oras-silumos-7589\/#breadcrumb"},"inLanguage":"en-US","potentialAction":[{"@type":"ReadAction","target":["https:\/\/refrigeration.lt\/produktas\/inventor-matrix-integruoti-split-4kw-oras-oras-silumos-7589\/"]}]},{"@type":"ImageObject","inLanguage":"en-US","@id":"https:\/\/refrigeration.lt\/produktas\/inventor-matrix-integruoti-split-4kw-oras-oras-silumos-7589\/#primaryimage","url":"https:\/\/refrigeration.lt\/wp-content\/uploads\/2025\/06\/inventor-matrix-integruoti-split-4kw-oras-oras-silumos-7589.webp","contentUrl":"https:\/\/refrigeration.lt\/wp-content\/uploads\/2025\/06\/inventor-matrix-integruoti-split-4kw-oras-oras-silumos-7589.webp","width":1500,"height":1500,"caption":"INVENTOR MATRIX INTEGRUOTI SPLIT 4kW- oras-oras \u0161ilumos siurbliai su kar\u0161to vandens ruo\u0161imo talpa"},{"@type":"BreadcrumbList","@id":"https:\/\/refrigeration.lt\/produktas\/inventor-matrix-integruoti-split-4kw-oras-oras-silumos-7589\/#breadcrumb","itemListElement":[{"@type":"ListItem","position":1,"name":"Home","item":"https:\/\/refrigeration.lt\/"},{"@type":"ListItem","position":2,"name":"Visos prek\u0117s","item":"https:\/\/refrigeration.lt\/parduotuve\/"},{"@type":"ListItem","position":3,"name":"INVENTOR MATRIX INTEGRUOTI SPLIT 4kW- oras-vanduo \u0161ilumos siurbliai su kar\u0161to vandens ruo\u0161imo talpa"}]},{"@type":"WebSite","@id":"https:\/\/refrigeration.lt\/#website","url":"https:\/\/refrigeration.lt\/","name":"Beijer Ref","description":"Tarptautin\u0117 didmeninink\u0173 grup\u0117, veikianti komercinio \u0161aldymo, komforto \u0161aldymo, pramoninio \u0161aldymo ir susijusiuose sektoriuose.","publisher":{"@id":"https:\/\/refrigeration.lt\/#organization"},"potentialAction":[{"@type":"SearchAction","target":{"@type":"EntryPoint","urlTemplate":"https:\/\/refrigeration.lt\/?s={search_term_string}"},"query-input":{"@type":"PropertyValueSpecification","valueRequired":true,"valueName":"search_term_string"}}],"inLanguage":"en-US"},{"@type":"Organization","@id":"https:\/\/refrigeration.lt\/#organization","name":"Beijer Ref","url":"https:\/\/refrigeration.lt\/","logo":{"@type":"ImageObject","inLanguage":"en-US","@id":"https:\/\/refrigeration.lt\/#\/schema\/logo\/image\/","url":"https:\/\/refrigeration.lt\/wp-content\/uploads\/2025\/09\/Beijer-Ref-LT-logo.png","contentUrl":"https:\/\/refrigeration.lt\/wp-content\/uploads\/2025\/09\/Beijer-Ref-LT-logo.png","width":161,"height":38,"caption":"Beijer Ref"},"image":{"@id":"https:\/\/refrigeration.lt\/#\/schema\/logo\/image\/"}}]}},"_links":{"self":[{"href":"https:\/\/refrigeration.lt\/en\/wp-json\/wp\/v2\/product\/7589","targetHints":{"allow":["GET"]}}],"collection":[{"href":"https:\/\/refrigeration.lt\/en\/wp-json\/wp\/v2\/product"}],"about":[{"href":"https:\/\/refrigeration.lt\/en\/wp-json\/wp\/v2\/types\/product"}],"replies":[{"embeddable":true,"href":"https:\/\/refrigeration.lt\/en\/wp-json\/wp\/v2\/comments?post=7589"}],"wp:featuredmedia":[{"embeddable":true,"href":"https:\/\/refrigeration.lt\/en\/wp-json\/wp\/v2\/media\/7590"}],"wp:attachment":[{"href":"https:\/\/refrigeration.lt\/en\/wp-json\/wp\/v2\/media?parent=7589"}],"wp:term":[{"taxonomy":"product_brand","embeddable":true,"href":"https:\/\/refrigeration.lt\/en\/wp-json\/wp\/v2\/product_brand?post=7589"},{"taxonomy":"product_cat","embeddable":true,"href":"https:\/\/refrigeration.lt\/en\/wp-json\/wp\/v2\/product_cat?post=7589"},{"taxonomy":"product_tag","embeddable":true,"href":"https:\/\/refrigeration.lt\/en\/wp-json\/wp\/v2\/product_tag?post=7589"}],"curies":[{"name":"wp","href":"https:\/\/api.w.org\/{rel}","templated":true}]}}