{"id":7645,"date":"2025-06-26T07:43:47","date_gmt":"2025-06-26T07:43:47","guid":{"rendered":"https:\/\/refrigeration.webdemo.lt\/?post_type=product&#038;p=7645"},"modified":"2025-08-27T21:05:01","modified_gmt":"2025-08-27T18:05:01","slug":"inventor-multi-split-5-3-kw-isorinis-blokas-7645","status":"publish","type":"product","link":"https:\/\/refrigeration.lt\/en\/product\/inventor-multi-split-5-3-kw-isorinis-blokas-7645\/","title":{"rendered":"INVENTOR MULTI SPLIT 5.3 kW- outdoor unit"},"content":{"rendered":"<p>Inventor U6 Multi-Split Outdoor Air Conditioners &#8211; Powerful Performance &#038; Flexible Climate Solutions!<br \/>\n Inventor U6 series multi-split outdoor air conditioners deliver top-level performance, energy efficiency, and flexible installation options. These units are ideal for both residential and commercial spaces, allowing the connection of up to 5 different types of indoor units to a single outdoor unit. <\/p>\n<p> Suitable for refrigerants of class A2L, A2, and A3 (ATEX-certified device II 3G EX EC ic NC h IIA T4 Gc).<br \/>\n &#8211; Electronic Expansion Valve per Circuit. Ensures independent refrigerant flow management, optimizing the performance and efficiency of each connected indoor unit.<br \/>\n &#8211; Wide Compatibility. Supports the connection of up to 5 indoor units, offering flexibility for various space configurations and individual needs.<br \/>\n &#8211; Golden Fin Coating. Protects the heat exchanger from corrosion, especially in humid or coastal areas, extending the unit&#8217;s lifespan.<br \/>\n &#8211; A+++ Energy Class. Maximizes energy savings while reducing operational costs, contributing to environmental sustainability.<br \/>\n &#8211; Wide Operation Range. Up to 25 compressor frequency levels (F1-F25) allow smooth and efficient operation under diverse conditions. <\/p>\n<p> Advantages:<br \/>\n &#8211; Flexible Installation.<br \/>\n &#8211; Long Lifespan<br \/>\n High-quality materials and protective technologies ensure durable and long-term operation.<br \/>\n &#8211; Energy Efficiency<br \/>\n HEPA filter and ionizer efficiently purify the air by removing harmful particles and microorganisms.<br \/>\n &#8211; Quiet Operation<br \/>\n Advanced technology ensures ultra-low noise levels, even during high performance.<br \/>\n Pa\u017eangios technologijos u\u017etikrina minimal\u0173 triuk\u0161mo lyg\u012f, net ir intensyviai veikiant. <\/p>\n<p> Inventor U6 multi-split outdoor air conditioners are the ideal solution for those seeking a reliable, efficient, and versatile heating and cooling system. With cutting-edge technology and premium components, these units guarantee long-lasting comfort and energy savings for years to come.<br \/>\n Inventor U6 multi-split i\u0161oriniai oro kondicionieriai yra puikus pasirinkimas tiems, kurie ie\u0161ko patikimo, efektyvaus ir lankstaus sprendimo savo \u0161ildymo ir v\u0117sinimo poreikiams. D\u0117l pa\u017eangi\u0173 technologij\u0173 ir auk\u0161tos kokyb\u0117s komponent\u0173 \u0161ie \u012frenginiai u\u017etikrina komfort\u0105 ir energijos taupym\u0105 ilgus metus.<\/p>","protected":false},"excerpt":{"rendered":"<p>Multi-split outdoor air conditioner units of high resistance and performance!<br \/>\n Excellent performance thanks to the Electronic Expansion Valve per Circuit.<br \/>\n Ultimate flexibility thanks to the Wide Range of Combinations.<br \/>\n Complete protection of the unit thanks to the golden fin.<br \/>\n Low functional cost for maximum savings thanks to the A++ Energy Class.<br \/>\n Precise control with excellent energy savings thanks to the Wide Operation Range.<\/p>","protected":false},"featured_media":7646,"comment_status":"open","ping_status":"closed","template":"","meta":{"_acf_changed":false},"product_brand":[],"product_cat":[184,185,186,83,84,27,58,28],"product_tag":[],"class_list":{"0":"post-7645","1":"product","2":"type-product","3":"status-publish","4":"has-post-thumbnail","6":"product_cat-akcija1","7":"product_cat-akcija2","8":"product_cat-akcija3","9":"product_cat-gamintojai","10":"product_cat-inventor","11":"product_cat-komerciniai-oro-kondicionieriai","12":"product_cat-kondicionavimas","13":"product_cat-multi-split-oro-kondicionieriai","15":"first","16":"instock","17":"taxable","18":"shipping-taxable","19":"purchasable","20":"product-type-simple"},"acf":[],"yoast_head":"<!-- This site is optimized with the Yoast SEO plugin v27.4 - https:\/\/yoast.com\/product\/yoast-seo-wordpress\/ -->\n<title>INVENTOR MULTI SPLIT 5.3 kW- i\u0161orinis blokas | Beijer Ref<\/title>\n<meta name=\"description\" content=\"INVENTOR MULTI SPLIT 5.3 kW- i\u0161orinis blokas. Pirkite internetu arba pateikite u\u017eklaus\u0105.\" \/>\n<meta name=\"robots\" content=\"index, follow, max-snippet:-1, max-image-preview:large, max-video-preview:-1\" \/>\n<link rel=\"canonical\" href=\"https:\/\/refrigeration.lt\/en\/product\/inventor-multi-split-5-3-kw-isorinis-blokas-7645\/\" \/>\n<meta property=\"og:locale\" content=\"en_US\" \/>\n<meta property=\"og:type\" content=\"article\" \/>\n<meta property=\"og:title\" content=\"INVENTOR MULTI SPLIT 5.3 kW- i\u0161orinis blokas | Beijer Ref\" \/>\n<meta property=\"og:description\" content=\"INVENTOR MULTI SPLIT 5.3 kW- i\u0161orinis blokas. Pirkite internetu arba pateikite u\u017eklaus\u0105.\" \/>\n<meta property=\"og:url\" content=\"https:\/\/refrigeration.lt\/en\/product\/inventor-multi-split-5-3-kw-isorinis-blokas-7645\/\" \/>\n<meta property=\"og:site_name\" content=\"Beijer Ref\" \/>\n<meta property=\"article:modified_time\" content=\"2025-08-27T18:05:01+00:00\" \/>\n<meta property=\"og:image\" content=\"https:\/\/refrigeration.lt\/wp-content\/uploads\/2025\/06\/inventor-multi-split-5-3-kw-isorinis-blokas-7645.webp\" \/>\n\t<meta property=\"og:image:width\" content=\"2000\" \/>\n\t<meta property=\"og:image:height\" content=\"2000\" \/>\n\t<meta property=\"og:image:type\" content=\"image\/webp\" \/>\n<meta name=\"twitter:card\" content=\"summary_large_image\" \/>\n<meta name=\"twitter:label1\" content=\"Est. reading time\" \/>\n\t<meta name=\"twitter:data1\" content=\"1 minute\" \/>\n<script type=\"application\/ld+json\" class=\"yoast-schema-graph\">{\"@context\":\"https:\\\/\\\/schema.org\",\"@graph\":[{\"@type\":\"WebPage\",\"@id\":\"https:\\\/\\\/refrigeration.lt\\\/produktas\\\/inventor-multi-split-5-3-kw-isorinis-blokas-7645\\\/\",\"url\":\"https:\\\/\\\/refrigeration.lt\\\/produktas\\\/inventor-multi-split-5-3-kw-isorinis-blokas-7645\\\/\",\"name\":\"INVENTOR MULTI SPLIT 5.3 kW- i\u0161orinis blokas | Beijer Ref\",\"isPartOf\":{\"@id\":\"https:\\\/\\\/refrigeration.lt\\\/#website\"},\"primaryImageOfPage\":{\"@id\":\"https:\\\/\\\/refrigeration.lt\\\/produktas\\\/inventor-multi-split-5-3-kw-isorinis-blokas-7645\\\/#primaryimage\"},\"image\":{\"@id\":\"https:\\\/\\\/refrigeration.lt\\\/produktas\\\/inventor-multi-split-5-3-kw-isorinis-blokas-7645\\\/#primaryimage\"},\"thumbnailUrl\":\"https:\\\/\\\/refrigeration.lt\\\/wp-content\\\/uploads\\\/2025\\\/06\\\/inventor-multi-split-5-3-kw-isorinis-blokas-7645.webp\",\"datePublished\":\"2025-06-26T07:43:47+00:00\",\"dateModified\":\"2025-08-27T18:05:01+00:00\",\"description\":\"INVENTOR MULTI SPLIT 5.3 kW- i\u0161orinis blokas. Pirkite internetu arba pateikite u\u017eklaus\u0105.\",\"breadcrumb\":{\"@id\":\"https:\\\/\\\/refrigeration.lt\\\/produktas\\\/inventor-multi-split-5-3-kw-isorinis-blokas-7645\\\/#breadcrumb\"},\"inLanguage\":\"en-US\",\"potentialAction\":[{\"@type\":\"ReadAction\",\"target\":[\"https:\\\/\\\/refrigeration.lt\\\/produktas\\\/inventor-multi-split-5-3-kw-isorinis-blokas-7645\\\/\"]}]},{\"@type\":\"ImageObject\",\"inLanguage\":\"en-US\",\"@id\":\"https:\\\/\\\/refrigeration.lt\\\/produktas\\\/inventor-multi-split-5-3-kw-isorinis-blokas-7645\\\/#primaryimage\",\"url\":\"https:\\\/\\\/refrigeration.lt\\\/wp-content\\\/uploads\\\/2025\\\/06\\\/inventor-multi-split-5-3-kw-isorinis-blokas-7645.webp\",\"contentUrl\":\"https:\\\/\\\/refrigeration.lt\\\/wp-content\\\/uploads\\\/2025\\\/06\\\/inventor-multi-split-5-3-kw-isorinis-blokas-7645.webp\",\"width\":2000,\"height\":2000,\"caption\":\"INVENTOR MULTI SPLIT 5.3 kW- i\u0161orinis blokas\"},{\"@type\":\"BreadcrumbList\",\"@id\":\"https:\\\/\\\/refrigeration.lt\\\/produktas\\\/inventor-multi-split-5-3-kw-isorinis-blokas-7645\\\/#breadcrumb\",\"itemListElement\":[{\"@type\":\"ListItem\",\"position\":1,\"name\":\"Home\",\"item\":\"https:\\\/\\\/refrigeration.lt\\\/\"},{\"@type\":\"ListItem\",\"position\":2,\"name\":\"Visos prek\u0117s\",\"item\":\"https:\\\/\\\/refrigeration.lt\\\/parduotuve\\\/\"},{\"@type\":\"ListItem\",\"position\":3,\"name\":\"INVENTOR MULTI SPLIT 5.3 kW- i\u0161orinis blokas\"}]},{\"@type\":\"WebSite\",\"@id\":\"https:\\\/\\\/refrigeration.lt\\\/#website\",\"url\":\"https:\\\/\\\/refrigeration.lt\\\/\",\"name\":\"Beijer Ref\",\"description\":\"Tarptautin\u0117 didmeninink\u0173 grup\u0117, veikianti komercinio \u0161aldymo, komforto \u0161aldymo, pramoninio \u0161aldymo ir susijusiuose sektoriuose.\",\"publisher\":{\"@id\":\"https:\\\/\\\/refrigeration.lt\\\/#organization\"},\"potentialAction\":[{\"@type\":\"SearchAction\",\"target\":{\"@type\":\"EntryPoint\",\"urlTemplate\":\"https:\\\/\\\/refrigeration.lt\\\/?s={search_term_string}\"},\"query-input\":{\"@type\":\"PropertyValueSpecification\",\"valueRequired\":true,\"valueName\":\"search_term_string\"}}],\"inLanguage\":\"en-US\"},{\"@type\":\"Organization\",\"@id\":\"https:\\\/\\\/refrigeration.lt\\\/#organization\",\"name\":\"Beijer Ref\",\"url\":\"https:\\\/\\\/refrigeration.lt\\\/\",\"logo\":{\"@type\":\"ImageObject\",\"inLanguage\":\"en-US\",\"@id\":\"https:\\\/\\\/refrigeration.lt\\\/#\\\/schema\\\/logo\\\/image\\\/\",\"url\":\"https:\\\/\\\/refrigeration.lt\\\/wp-content\\\/uploads\\\/2025\\\/09\\\/Beijer-Ref-LT-logo.png\",\"contentUrl\":\"https:\\\/\\\/refrigeration.lt\\\/wp-content\\\/uploads\\\/2025\\\/09\\\/Beijer-Ref-LT-logo.png\",\"width\":161,\"height\":38,\"caption\":\"Beijer Ref\"},\"image\":{\"@id\":\"https:\\\/\\\/refrigeration.lt\\\/#\\\/schema\\\/logo\\\/image\\\/\"}}]}<\/script>\n<!-- \/ Yoast SEO plugin. -->","yoast_head_json":{"title":"INVENTOR MULTI SPLIT 5.3 kW- i\u0161orinis blokas | Beijer Ref","description":"INVENTOR MULTI SPLIT 5.3 kW- i\u0161orinis blokas. Pirkite internetu arba pateikite u\u017eklaus\u0105.","robots":{"index":"index","follow":"follow","max-snippet":"max-snippet:-1","max-image-preview":"max-image-preview:large","max-video-preview":"max-video-preview:-1"},"canonical":"https:\/\/refrigeration.lt\/en\/product\/inventor-multi-split-5-3-kw-isorinis-blokas-7645\/","og_locale":"en_US","og_type":"article","og_title":"INVENTOR MULTI SPLIT 5.3 kW- i\u0161orinis blokas | Beijer Ref","og_description":"INVENTOR MULTI SPLIT 5.3 kW- i\u0161orinis blokas. Pirkite internetu arba pateikite u\u017eklaus\u0105.","og_url":"https:\/\/refrigeration.lt\/en\/product\/inventor-multi-split-5-3-kw-isorinis-blokas-7645\/","og_site_name":"Beijer Ref","article_modified_time":"2025-08-27T18:05:01+00:00","og_image":[{"width":2000,"height":2000,"url":"https:\/\/refrigeration.lt\/wp-content\/uploads\/2025\/06\/inventor-multi-split-5-3-kw-isorinis-blokas-7645.webp","type":"image\/webp"}],"twitter_card":"summary_large_image","twitter_misc":{"Est. reading time":"1 minute"},"schema":{"@context":"https:\/\/schema.org","@graph":[{"@type":"WebPage","@id":"https:\/\/refrigeration.lt\/produktas\/inventor-multi-split-5-3-kw-isorinis-blokas-7645\/","url":"https:\/\/refrigeration.lt\/produktas\/inventor-multi-split-5-3-kw-isorinis-blokas-7645\/","name":"INVENTOR MULTI SPLIT 5.3 kW- i\u0161orinis blokas | Beijer Ref","isPartOf":{"@id":"https:\/\/refrigeration.lt\/#website"},"primaryImageOfPage":{"@id":"https:\/\/refrigeration.lt\/produktas\/inventor-multi-split-5-3-kw-isorinis-blokas-7645\/#primaryimage"},"image":{"@id":"https:\/\/refrigeration.lt\/produktas\/inventor-multi-split-5-3-kw-isorinis-blokas-7645\/#primaryimage"},"thumbnailUrl":"https:\/\/refrigeration.lt\/wp-content\/uploads\/2025\/06\/inventor-multi-split-5-3-kw-isorinis-blokas-7645.webp","datePublished":"2025-06-26T07:43:47+00:00","dateModified":"2025-08-27T18:05:01+00:00","description":"INVENTOR MULTI SPLIT 5.3 kW- i\u0161orinis blokas. Pirkite internetu arba pateikite u\u017eklaus\u0105.","breadcrumb":{"@id":"https:\/\/refrigeration.lt\/produktas\/inventor-multi-split-5-3-kw-isorinis-blokas-7645\/#breadcrumb"},"inLanguage":"en-US","potentialAction":[{"@type":"ReadAction","target":["https:\/\/refrigeration.lt\/produktas\/inventor-multi-split-5-3-kw-isorinis-blokas-7645\/"]}]},{"@type":"ImageObject","inLanguage":"en-US","@id":"https:\/\/refrigeration.lt\/produktas\/inventor-multi-split-5-3-kw-isorinis-blokas-7645\/#primaryimage","url":"https:\/\/refrigeration.lt\/wp-content\/uploads\/2025\/06\/inventor-multi-split-5-3-kw-isorinis-blokas-7645.webp","contentUrl":"https:\/\/refrigeration.lt\/wp-content\/uploads\/2025\/06\/inventor-multi-split-5-3-kw-isorinis-blokas-7645.webp","width":2000,"height":2000,"caption":"INVENTOR MULTI SPLIT 5.3 kW- i\u0161orinis blokas"},{"@type":"BreadcrumbList","@id":"https:\/\/refrigeration.lt\/produktas\/inventor-multi-split-5-3-kw-isorinis-blokas-7645\/#breadcrumb","itemListElement":[{"@type":"ListItem","position":1,"name":"Home","item":"https:\/\/refrigeration.lt\/"},{"@type":"ListItem","position":2,"name":"Visos prek\u0117s","item":"https:\/\/refrigeration.lt\/parduotuve\/"},{"@type":"ListItem","position":3,"name":"INVENTOR MULTI SPLIT 5.3 kW- i\u0161orinis blokas"}]},{"@type":"WebSite","@id":"https:\/\/refrigeration.lt\/#website","url":"https:\/\/refrigeration.lt\/","name":"Beijer Ref","description":"Tarptautin\u0117 didmeninink\u0173 grup\u0117, veikianti komercinio \u0161aldymo, komforto \u0161aldymo, pramoninio \u0161aldymo ir susijusiuose sektoriuose.","publisher":{"@id":"https:\/\/refrigeration.lt\/#organization"},"potentialAction":[{"@type":"SearchAction","target":{"@type":"EntryPoint","urlTemplate":"https:\/\/refrigeration.lt\/?s={search_term_string}"},"query-input":{"@type":"PropertyValueSpecification","valueRequired":true,"valueName":"search_term_string"}}],"inLanguage":"en-US"},{"@type":"Organization","@id":"https:\/\/refrigeration.lt\/#organization","name":"Beijer Ref","url":"https:\/\/refrigeration.lt\/","logo":{"@type":"ImageObject","inLanguage":"en-US","@id":"https:\/\/refrigeration.lt\/#\/schema\/logo\/image\/","url":"https:\/\/refrigeration.lt\/wp-content\/uploads\/2025\/09\/Beijer-Ref-LT-logo.png","contentUrl":"https:\/\/refrigeration.lt\/wp-content\/uploads\/2025\/09\/Beijer-Ref-LT-logo.png","width":161,"height":38,"caption":"Beijer Ref"},"image":{"@id":"https:\/\/refrigeration.lt\/#\/schema\/logo\/image\/"}}]}},"_links":{"self":[{"href":"https:\/\/refrigeration.lt\/en\/wp-json\/wp\/v2\/product\/7645","targetHints":{"allow":["GET"]}}],"collection":[{"href":"https:\/\/refrigeration.lt\/en\/wp-json\/wp\/v2\/product"}],"about":[{"href":"https:\/\/refrigeration.lt\/en\/wp-json\/wp\/v2\/types\/product"}],"replies":[{"embeddable":true,"href":"https:\/\/refrigeration.lt\/en\/wp-json\/wp\/v2\/comments?post=7645"}],"wp:featuredmedia":[{"embeddable":true,"href":"https:\/\/refrigeration.lt\/en\/wp-json\/wp\/v2\/media\/7646"}],"wp:attachment":[{"href":"https:\/\/refrigeration.lt\/en\/wp-json\/wp\/v2\/media?parent=7645"}],"wp:term":[{"taxonomy":"product_brand","embeddable":true,"href":"https:\/\/refrigeration.lt\/en\/wp-json\/wp\/v2\/product_brand?post=7645"},{"taxonomy":"product_cat","embeddable":true,"href":"https:\/\/refrigeration.lt\/en\/wp-json\/wp\/v2\/product_cat?post=7645"},{"taxonomy":"product_tag","embeddable":true,"href":"https:\/\/refrigeration.lt\/en\/wp-json\/wp\/v2\/product_tag?post=7645"}],"curies":[{"name":"wp","href":"https:\/\/api.w.org\/{rel}","templated":true}]}}