{"id":7660,"date":"2025-06-26T07:44:37","date_gmt":"2025-06-26T07:44:37","guid":{"rendered":"https:\/\/refrigeration.webdemo.lt\/?post_type=product&p=7660"},"modified":"2025-08-27T21:04:48","modified_gmt":"2025-08-27T18:04:48","slug":"inventor-multi-split-aria-3-5-kw-aria-vidinis-irenginys-7660","status":"publish","type":"product","link":"https:\/\/refrigeration.lt\/en\/product\/inventor-multi-split-aria-3-5-kw-aria-vidinis-irenginys-7660\/","title":{"rendered":"INVENTOR MULTI SPLIT ARIA 3.5 kW- ARIA WALL MOUNTED"},"content":{"rendered":"<p>Inventor Aria Wall-Mounted Multi Split Air Conditioners &#8211; Efficiency, Flexibility &#038; Advanced Technology for Your Comfort!<br \/>\n Inventor Aria wall-mounted Multi Split air conditioners offer a smart climate solution, allowing you to connect up to 5 indoor units to a single outdoor unit, ensuring optimal temperature control across multiple rooms. These units stand out with high energy efficiency, advanced air purification technologies, and convenient Wi-Fi control, making them ideal for both residential and commercial spaces. <\/p>\n<p> Suitable for refrigerants of class A2L, A2, and A3 (ATEX-certified device II 3G EX EC ic NC h IIA T4 Gc).<br \/>\n &#8211; A+++ Energy Class. Delivers maximum energy savings and low operating costs.<br \/>\n &#8211; Wi-Fi Control via Invmate II App. Control your unit remotely from anywhere using your smartphone or tablet.<br \/>\n &#8211; 4-Way Airflow. Distributes air evenly throughout the room, delivering consistent comfort in every corner.<br \/>\n &#8211; &#8222;Follow Me&#8221; Function. Adjusts the temperature based on the location of the remote control, delivering personalized comfort.<br \/>\n &#8211; HEPA Filter. Effectively removes dust, germs, and allergens to ensure clean and healthy indoor air.<br \/>\n &#8211; Hotel Menu Function. Specifically designed for hotels and rental properties, helping to save up to 70% of energy usage. <\/p>\n<p> Advantages:<br \/>\n &#8211; Flexible Installation.<br \/>\n Connect up to 5 indoor units to a single outdoor unit-ideal for efficiently cooling or heating multiple rooms.<br \/>\n Connect up to 5 indoor units to a single outdoor unit-ideal for efficiently cooling or heating multiple rooms.<br \/>\n Wi-Fi capability provides easy and convenient remote management of your air conditioning system.<br \/>\n Wi-Fi capability provides easy and convenient remote management of your air conditioning system.<br \/>\n &#8211; Healthy Indoor Climate.<br \/>\n HEPA filter and ionizer efficiently purify the air by removing harmful particles and microorganisms.<br \/>\n &#8211; Energy Savings<\/p>","protected":false},"excerpt":{"rendered":"<p>Aria AR5 air conditioners with Hotel Menu function and smart Wi-Fi control for energy saving!<br \/>\n Hotel Menu function for energy saving reaching up to 70%.<br \/>\n Easy air conditioner management from anywhere you are through your smartphone or tablet.<br \/>\n Uniform air distribution and balanced temperature thanks to the 4D airflow.<br \/>\n Ideal conditions right where you want them thanks to the Follow Me function.<br \/>\n Ultimately clean, germ-free atmosphere thanks to the powerful HEPA filter<\/p>","protected":false},"featured_media":7661,"comment_status":"open","ping_status":"closed","template":"","meta":{"_acf_changed":false},"product_brand":[],"product_cat":[83,84,27,58,28],"product_tag":[],"class_list":{"0":"post-7660","1":"product","2":"type-product","3":"status-publish","4":"has-post-thumbnail","6":"product_cat-gamintojai","7":"product_cat-inventor","8":"product_cat-komerciniai-oro-kondicionieriai","9":"product_cat-kondicionavimas","10":"product_cat-multi-split-oro-kondicionieriai","12":"first","13":"instock","14":"taxable","15":"shipping-taxable","16":"purchasable","17":"product-type-simple"},"acf":[],"yoast_head":"<!-- This site is optimized with the Yoast SEO plugin v27.4 - https:\/\/yoast.com\/product\/yoast-seo-wordpress\/ -->\n<title>INVENTOR MULTI SPLIT ARIA 3.5 kW- ARIA VIDINIS \u012eRENGINYS | Beijer Ref<\/title>\n<meta name=\"description\" content=\"INVENTOR MULTI SPLIT ARIA 3.5 kW- ARIA VIDINIS \u012eRENGINYS. Pirkite internetu arba pateikite u\u017eklaus\u0105.\" \/>\n<meta name=\"robots\" content=\"index, follow, max-snippet:-1, max-image-preview:large, max-video-preview:-1\" \/>\n<link rel=\"canonical\" href=\"https:\/\/refrigeration.lt\/en\/product\/inventor-multi-split-aria-3-5-kw-aria-vidinis-irenginys-7660\/\" \/>\n<meta property=\"og:locale\" content=\"en_US\" \/>\n<meta property=\"og:type\" content=\"article\" \/>\n<meta property=\"og:title\" content=\"INVENTOR MULTI SPLIT ARIA 3.5 kW- ARIA VIDINIS \u012eRENGINYS | Beijer Ref\" \/>\n<meta property=\"og:description\" content=\"INVENTOR MULTI SPLIT ARIA 3.5 kW- ARIA VIDINIS \u012eRENGINYS. Pirkite internetu arba pateikite u\u017eklaus\u0105.\" \/>\n<meta property=\"og:url\" content=\"https:\/\/refrigeration.lt\/en\/product\/inventor-multi-split-aria-3-5-kw-aria-vidinis-irenginys-7660\/\" \/>\n<meta property=\"og:site_name\" content=\"Beijer Ref\" \/>\n<meta property=\"article:modified_time\" content=\"2025-08-27T18:04:48+00:00\" \/>\n<meta property=\"og:image\" content=\"https:\/\/refrigeration.lt\/wp-content\/uploads\/2025\/06\/inventor-multi-split-aria-3-5-kw-aria-vidinis-irenginys-7660.webp\" \/>\n\t<meta property=\"og:image:width\" content=\"1000\" \/>\n\t<meta property=\"og:image:height\" content=\"1000\" \/>\n\t<meta property=\"og:image:type\" content=\"image\/webp\" \/>\n<meta name=\"twitter:card\" content=\"summary_large_image\" \/>\n<meta name=\"twitter:label1\" content=\"Est. reading time\" \/>\n\t<meta name=\"twitter:data1\" content=\"1 minute\" \/>\n<script type=\"application\/ld+json\" class=\"yoast-schema-graph\">{\"@context\":\"https:\\\/\\\/schema.org\",\"@graph\":[{\"@type\":\"WebPage\",\"@id\":\"https:\\\/\\\/refrigeration.lt\\\/produktas\\\/inventor-multi-split-aria-3-5-kw-aria-vidinis-irenginys-7660\\\/\",\"url\":\"https:\\\/\\\/refrigeration.lt\\\/produktas\\\/inventor-multi-split-aria-3-5-kw-aria-vidinis-irenginys-7660\\\/\",\"name\":\"INVENTOR MULTI SPLIT ARIA 3.5 kW- ARIA VIDINIS \u012eRENGINYS | Beijer Ref\",\"isPartOf\":{\"@id\":\"https:\\\/\\\/refrigeration.lt\\\/#website\"},\"primaryImageOfPage\":{\"@id\":\"https:\\\/\\\/refrigeration.lt\\\/produktas\\\/inventor-multi-split-aria-3-5-kw-aria-vidinis-irenginys-7660\\\/#primaryimage\"},\"image\":{\"@id\":\"https:\\\/\\\/refrigeration.lt\\\/produktas\\\/inventor-multi-split-aria-3-5-kw-aria-vidinis-irenginys-7660\\\/#primaryimage\"},\"thumbnailUrl\":\"https:\\\/\\\/refrigeration.lt\\\/wp-content\\\/uploads\\\/2025\\\/06\\\/inventor-multi-split-aria-3-5-kw-aria-vidinis-irenginys-7660.webp\",\"datePublished\":\"2025-06-26T07:44:37+00:00\",\"dateModified\":\"2025-08-27T18:04:48+00:00\",\"description\":\"INVENTOR MULTI SPLIT ARIA 3.5 kW- ARIA VIDINIS \u012eRENGINYS. Pirkite internetu arba pateikite u\u017eklaus\u0105.\",\"breadcrumb\":{\"@id\":\"https:\\\/\\\/refrigeration.lt\\\/produktas\\\/inventor-multi-split-aria-3-5-kw-aria-vidinis-irenginys-7660\\\/#breadcrumb\"},\"inLanguage\":\"en-US\",\"potentialAction\":[{\"@type\":\"ReadAction\",\"target\":[\"https:\\\/\\\/refrigeration.lt\\\/produktas\\\/inventor-multi-split-aria-3-5-kw-aria-vidinis-irenginys-7660\\\/\"]}]},{\"@type\":\"ImageObject\",\"inLanguage\":\"en-US\",\"@id\":\"https:\\\/\\\/refrigeration.lt\\\/produktas\\\/inventor-multi-split-aria-3-5-kw-aria-vidinis-irenginys-7660\\\/#primaryimage\",\"url\":\"https:\\\/\\\/refrigeration.lt\\\/wp-content\\\/uploads\\\/2025\\\/06\\\/inventor-multi-split-aria-3-5-kw-aria-vidinis-irenginys-7660.webp\",\"contentUrl\":\"https:\\\/\\\/refrigeration.lt\\\/wp-content\\\/uploads\\\/2025\\\/06\\\/inventor-multi-split-aria-3-5-kw-aria-vidinis-irenginys-7660.webp\",\"width\":1000,\"height\":1000,\"caption\":\"INVENTOR MULTI SPLIT ARIA 3.5 kW- ARIA VIDINIS \u012eRENGINYS\"},{\"@type\":\"BreadcrumbList\",\"@id\":\"https:\\\/\\\/refrigeration.lt\\\/produktas\\\/inventor-multi-split-aria-3-5-kw-aria-vidinis-irenginys-7660\\\/#breadcrumb\",\"itemListElement\":[{\"@type\":\"ListItem\",\"position\":1,\"name\":\"Home\",\"item\":\"https:\\\/\\\/refrigeration.lt\\\/\"},{\"@type\":\"ListItem\",\"position\":2,\"name\":\"Visos prek\u0117s\",\"item\":\"https:\\\/\\\/refrigeration.lt\\\/parduotuve\\\/\"},{\"@type\":\"ListItem\",\"position\":3,\"name\":\"INVENTOR MULTI SPLIT ARIA 3.5 kW- ARIA VIDINIS \u012eRENGINYS\"}]},{\"@type\":\"WebSite\",\"@id\":\"https:\\\/\\\/refrigeration.lt\\\/#website\",\"url\":\"https:\\\/\\\/refrigeration.lt\\\/\",\"name\":\"Beijer Ref\",\"description\":\"Tarptautin\u0117 didmeninink\u0173 grup\u0117, veikianti komercinio \u0161aldymo, komforto \u0161aldymo, pramoninio \u0161aldymo ir susijusiuose sektoriuose.\",\"publisher\":{\"@id\":\"https:\\\/\\\/refrigeration.lt\\\/#organization\"},\"potentialAction\":[{\"@type\":\"SearchAction\",\"target\":{\"@type\":\"EntryPoint\",\"urlTemplate\":\"https:\\\/\\\/refrigeration.lt\\\/?s={search_term_string}\"},\"query-input\":{\"@type\":\"PropertyValueSpecification\",\"valueRequired\":true,\"valueName\":\"search_term_string\"}}],\"inLanguage\":\"en-US\"},{\"@type\":\"Organization\",\"@id\":\"https:\\\/\\\/refrigeration.lt\\\/#organization\",\"name\":\"Beijer Ref\",\"url\":\"https:\\\/\\\/refrigeration.lt\\\/\",\"logo\":{\"@type\":\"ImageObject\",\"inLanguage\":\"en-US\",\"@id\":\"https:\\\/\\\/refrigeration.lt\\\/#\\\/schema\\\/logo\\\/image\\\/\",\"url\":\"https:\\\/\\\/refrigeration.lt\\\/wp-content\\\/uploads\\\/2025\\\/09\\\/Beijer-Ref-LT-logo.png\",\"contentUrl\":\"https:\\\/\\\/refrigeration.lt\\\/wp-content\\\/uploads\\\/2025\\\/09\\\/Beijer-Ref-LT-logo.png\",\"width\":161,\"height\":38,\"caption\":\"Beijer Ref\"},\"image\":{\"@id\":\"https:\\\/\\\/refrigeration.lt\\\/#\\\/schema\\\/logo\\\/image\\\/\"}}]}<\/script>\n<!-- \/ Yoast SEO plugin. -->","yoast_head_json":{"title":"INVENTOR MULTI SPLIT ARIA 3.5 kW- ARIA VIDINIS \u012eRENGINYS | Beijer Ref","description":"INVENTOR MULTI SPLIT ARIA 3.5 kW- ARIA VIDINIS \u012eRENGINYS. Pirkite internetu arba pateikite u\u017eklaus\u0105.","robots":{"index":"index","follow":"follow","max-snippet":"max-snippet:-1","max-image-preview":"max-image-preview:large","max-video-preview":"max-video-preview:-1"},"canonical":"https:\/\/refrigeration.lt\/en\/product\/inventor-multi-split-aria-3-5-kw-aria-vidinis-irenginys-7660\/","og_locale":"en_US","og_type":"article","og_title":"INVENTOR MULTI SPLIT ARIA 3.5 kW- ARIA VIDINIS \u012eRENGINYS | Beijer Ref","og_description":"INVENTOR MULTI SPLIT ARIA 3.5 kW- ARIA VIDINIS \u012eRENGINYS. Pirkite internetu arba pateikite u\u017eklaus\u0105.","og_url":"https:\/\/refrigeration.lt\/en\/product\/inventor-multi-split-aria-3-5-kw-aria-vidinis-irenginys-7660\/","og_site_name":"Beijer Ref","article_modified_time":"2025-08-27T18:04:48+00:00","og_image":[{"width":1000,"height":1000,"url":"https:\/\/refrigeration.lt\/wp-content\/uploads\/2025\/06\/inventor-multi-split-aria-3-5-kw-aria-vidinis-irenginys-7660.webp","type":"image\/webp"}],"twitter_card":"summary_large_image","twitter_misc":{"Est. reading time":"1 minute"},"schema":{"@context":"https:\/\/schema.org","@graph":[{"@type":"WebPage","@id":"https:\/\/refrigeration.lt\/produktas\/inventor-multi-split-aria-3-5-kw-aria-vidinis-irenginys-7660\/","url":"https:\/\/refrigeration.lt\/produktas\/inventor-multi-split-aria-3-5-kw-aria-vidinis-irenginys-7660\/","name":"INVENTOR MULTI SPLIT ARIA 3.5 kW- ARIA VIDINIS \u012eRENGINYS | Beijer Ref","isPartOf":{"@id":"https:\/\/refrigeration.lt\/#website"},"primaryImageOfPage":{"@id":"https:\/\/refrigeration.lt\/produktas\/inventor-multi-split-aria-3-5-kw-aria-vidinis-irenginys-7660\/#primaryimage"},"image":{"@id":"https:\/\/refrigeration.lt\/produktas\/inventor-multi-split-aria-3-5-kw-aria-vidinis-irenginys-7660\/#primaryimage"},"thumbnailUrl":"https:\/\/refrigeration.lt\/wp-content\/uploads\/2025\/06\/inventor-multi-split-aria-3-5-kw-aria-vidinis-irenginys-7660.webp","datePublished":"2025-06-26T07:44:37+00:00","dateModified":"2025-08-27T18:04:48+00:00","description":"INVENTOR MULTI SPLIT ARIA 3.5 kW- ARIA VIDINIS \u012eRENGINYS. Pirkite internetu arba pateikite u\u017eklaus\u0105.","breadcrumb":{"@id":"https:\/\/refrigeration.lt\/produktas\/inventor-multi-split-aria-3-5-kw-aria-vidinis-irenginys-7660\/#breadcrumb"},"inLanguage":"en-US","potentialAction":[{"@type":"ReadAction","target":["https:\/\/refrigeration.lt\/produktas\/inventor-multi-split-aria-3-5-kw-aria-vidinis-irenginys-7660\/"]}]},{"@type":"ImageObject","inLanguage":"en-US","@id":"https:\/\/refrigeration.lt\/produktas\/inventor-multi-split-aria-3-5-kw-aria-vidinis-irenginys-7660\/#primaryimage","url":"https:\/\/refrigeration.lt\/wp-content\/uploads\/2025\/06\/inventor-multi-split-aria-3-5-kw-aria-vidinis-irenginys-7660.webp","contentUrl":"https:\/\/refrigeration.lt\/wp-content\/uploads\/2025\/06\/inventor-multi-split-aria-3-5-kw-aria-vidinis-irenginys-7660.webp","width":1000,"height":1000,"caption":"INVENTOR MULTI SPLIT ARIA 3.5 kW- ARIA VIDINIS \u012eRENGINYS"},{"@type":"BreadcrumbList","@id":"https:\/\/refrigeration.lt\/produktas\/inventor-multi-split-aria-3-5-kw-aria-vidinis-irenginys-7660\/#breadcrumb","itemListElement":[{"@type":"ListItem","position":1,"name":"Home","item":"https:\/\/refrigeration.lt\/"},{"@type":"ListItem","position":2,"name":"Visos prek\u0117s","item":"https:\/\/refrigeration.lt\/parduotuve\/"},{"@type":"ListItem","position":3,"name":"INVENTOR MULTI SPLIT ARIA 3.5 kW- ARIA VIDINIS \u012eRENGINYS"}]},{"@type":"WebSite","@id":"https:\/\/refrigeration.lt\/#website","url":"https:\/\/refrigeration.lt\/","name":"Beijer Ref","description":"Tarptautin\u0117 didmeninink\u0173 grup\u0117, veikianti komercinio \u0161aldymo, komforto \u0161aldymo, pramoninio \u0161aldymo ir susijusiuose sektoriuose.","publisher":{"@id":"https:\/\/refrigeration.lt\/#organization"},"potentialAction":[{"@type":"SearchAction","target":{"@type":"EntryPoint","urlTemplate":"https:\/\/refrigeration.lt\/?s={search_term_string}"},"query-input":{"@type":"PropertyValueSpecification","valueRequired":true,"valueName":"search_term_string"}}],"inLanguage":"en-US"},{"@type":"Organization","@id":"https:\/\/refrigeration.lt\/#organization","name":"Beijer Ref","url":"https:\/\/refrigeration.lt\/","logo":{"@type":"ImageObject","inLanguage":"en-US","@id":"https:\/\/refrigeration.lt\/#\/schema\/logo\/image\/","url":"https:\/\/refrigeration.lt\/wp-content\/uploads\/2025\/09\/Beijer-Ref-LT-logo.png","contentUrl":"https:\/\/refrigeration.lt\/wp-content\/uploads\/2025\/09\/Beijer-Ref-LT-logo.png","width":161,"height":38,"caption":"Beijer Ref"},"image":{"@id":"https:\/\/refrigeration.lt\/#\/schema\/logo\/image\/"}}]}},"_links":{"self":[{"href":"https:\/\/refrigeration.lt\/en\/wp-json\/wp\/v2\/product\/7660","targetHints":{"allow":["GET"]}}],"collection":[{"href":"https:\/\/refrigeration.lt\/en\/wp-json\/wp\/v2\/product"}],"about":[{"href":"https:\/\/refrigeration.lt\/en\/wp-json\/wp\/v2\/types\/product"}],"replies":[{"embeddable":true,"href":"https:\/\/refrigeration.lt\/en\/wp-json\/wp\/v2\/comments?post=7660"}],"wp:featuredmedia":[{"embeddable":true,"href":"https:\/\/refrigeration.lt\/en\/wp-json\/wp\/v2\/media\/7661"}],"wp:attachment":[{"href":"https:\/\/refrigeration.lt\/en\/wp-json\/wp\/v2\/media?parent=7660"}],"wp:term":[{"taxonomy":"product_brand","embeddable":true,"href":"https:\/\/refrigeration.lt\/en\/wp-json\/wp\/v2\/product_brand?post=7660"},{"taxonomy":"product_cat","embeddable":true,"href":"https:\/\/refrigeration.lt\/en\/wp-json\/wp\/v2\/product_cat?post=7660"},{"taxonomy":"product_tag","embeddable":true,"href":"https:\/\/refrigeration.lt\/en\/wp-json\/wp\/v2\/product_tag?post=7660"}],"curies":[{"name":"wp","href":"https:\/\/api.w.org\/{rel}","templated":true}]}}