{"id":7888,"date":"2025-06-26T08:29:28","date_gmt":"2025-06-26T08:29:28","guid":{"rendered":"https:\/\/refrigeration.webdemo.lt\/?post_type=product&#038;p=7888"},"modified":"2025-07-03T13:24:09","modified_gmt":"2025-07-03T10:24:09","slug":"elke-poe-32-alyva-1000-ml-7888","status":"publish","type":"product","link":"https:\/\/refrigeration.lt\/en\/product\/elke-poe-32-alyva-1000-ml-7888\/","title":{"rendered":"ELKE POE 32 1000 ML"},"content":{"rendered":"<p>ELKE POE 32 is a specialized polyolester (POE) based oil designed for refrigeration and air conditioning (HVAC) systems, especially those using modern refrigerants. This oil provides excellent lubrication, protects components from wear and corrosion, and is resistant to high pressures and temperatures.<br \/>\nThe 1000 ml packaging is ideal for professional use in service and maintenance work.<\/p>\n<p>Key benefits:<br \/>\n\u2013 Poliolioesterio (POE) pagrindas \u2013 suderinama su naujausiais \u0161altne\u0161iais<br \/>\n\u2013 Auk\u0161tas atsparumas oksidacijai ir korozijai<br \/>\n\u2013 Puikus tepimo efektyvumas<br \/>\n\u2013 Tinka \u012fvairioms \u0160VOK sistemoms<\/p>","protected":false},"excerpt":{"rendered":"<p>ELKE POE 32 alyva, 1000 ml \u2013 auk\u0161tos kokyb\u0117s poliolioesterio (POE) pagrindo alyva \u0161aldymo ir oro kondicionavimo sistemoms.<\/p>","protected":false},"featured_media":7889,"comment_status":"open","ping_status":"closed","template":"","meta":{"_acf_changed":false},"product_brand":[],"product_cat":[61,97,83,59],"product_tag":[],"class_list":{"0":"post-7888","1":"product","2":"type-product","3":"status-publish","4":"has-post-thumbnail","6":"product_cat-chemines-medziagos","7":"product_cat-elke","8":"product_cat-gamintojai","9":"product_cat-saldymas","11":"first","12":"instock","13":"taxable","14":"shipping-taxable","15":"purchasable","16":"product-type-simple"},"acf":[],"yoast_head":"<!-- This site is optimized with the Yoast SEO plugin v27.4 - https:\/\/yoast.com\/product\/yoast-seo-wordpress\/ -->\n<title>ELKE POE 32 alyva, 1000 ml | Beijer Ref<\/title>\n<meta name=\"description\" content=\"ELKE POE 32 alyva, 1000 ml. Pirkite internetu arba pateikite u\u017eklaus\u0105.\" \/>\n<meta name=\"robots\" content=\"index, follow, max-snippet:-1, max-image-preview:large, max-video-preview:-1\" \/>\n<link rel=\"canonical\" href=\"https:\/\/refrigeration.lt\/en\/product\/elke-poe-32-alyva-1000-ml-7888\/\" \/>\n<meta property=\"og:locale\" content=\"en_US\" \/>\n<meta property=\"og:type\" content=\"article\" \/>\n<meta property=\"og:title\" content=\"ELKE POE 32 alyva, 1000 ml | Beijer Ref\" \/>\n<meta property=\"og:description\" content=\"ELKE POE 32 alyva, 1000 ml. Pirkite internetu arba pateikite u\u017eklaus\u0105.\" \/>\n<meta property=\"og:url\" content=\"https:\/\/refrigeration.lt\/en\/product\/elke-poe-32-alyva-1000-ml-7888\/\" \/>\n<meta property=\"og:site_name\" content=\"Beijer Ref\" \/>\n<meta property=\"article:modified_time\" content=\"2025-07-03T10:24:09+00:00\" \/>\n<meta property=\"og:image\" content=\"https:\/\/refrigeration.lt\/wp-content\/uploads\/2025\/06\/elke-poe-32-alyva-1000-ml-7888.png\" \/>\n\t<meta property=\"og:image:width\" content=\"1174\" \/>\n\t<meta property=\"og:image:height\" content=\"2310\" \/>\n\t<meta property=\"og:image:type\" content=\"image\/png\" \/>\n<meta name=\"twitter:card\" content=\"summary_large_image\" \/>\n<script type=\"application\/ld+json\" class=\"yoast-schema-graph\">{\"@context\":\"https:\\\/\\\/schema.org\",\"@graph\":[{\"@type\":\"WebPage\",\"@id\":\"https:\\\/\\\/refrigeration.lt\\\/produktas\\\/elke-poe-32-alyva-1000-ml-7888\\\/\",\"url\":\"https:\\\/\\\/refrigeration.lt\\\/produktas\\\/elke-poe-32-alyva-1000-ml-7888\\\/\",\"name\":\"ELKE POE 32 alyva, 1000 ml | Beijer Ref\",\"isPartOf\":{\"@id\":\"https:\\\/\\\/refrigeration.lt\\\/#website\"},\"primaryImageOfPage\":{\"@id\":\"https:\\\/\\\/refrigeration.lt\\\/produktas\\\/elke-poe-32-alyva-1000-ml-7888\\\/#primaryimage\"},\"image\":{\"@id\":\"https:\\\/\\\/refrigeration.lt\\\/produktas\\\/elke-poe-32-alyva-1000-ml-7888\\\/#primaryimage\"},\"thumbnailUrl\":\"https:\\\/\\\/refrigeration.lt\\\/wp-content\\\/uploads\\\/2025\\\/06\\\/elke-poe-32-alyva-1000-ml-7888.png\",\"datePublished\":\"2025-06-26T08:29:28+00:00\",\"dateModified\":\"2025-07-03T10:24:09+00:00\",\"description\":\"ELKE POE 32 alyva, 1000 ml. Pirkite internetu arba pateikite u\u017eklaus\u0105.\",\"breadcrumb\":{\"@id\":\"https:\\\/\\\/refrigeration.lt\\\/produktas\\\/elke-poe-32-alyva-1000-ml-7888\\\/#breadcrumb\"},\"inLanguage\":\"en-US\",\"potentialAction\":[{\"@type\":\"ReadAction\",\"target\":[\"https:\\\/\\\/refrigeration.lt\\\/produktas\\\/elke-poe-32-alyva-1000-ml-7888\\\/\"]}]},{\"@type\":\"ImageObject\",\"inLanguage\":\"en-US\",\"@id\":\"https:\\\/\\\/refrigeration.lt\\\/produktas\\\/elke-poe-32-alyva-1000-ml-7888\\\/#primaryimage\",\"url\":\"https:\\\/\\\/refrigeration.lt\\\/wp-content\\\/uploads\\\/2025\\\/06\\\/elke-poe-32-alyva-1000-ml-7888.png\",\"contentUrl\":\"https:\\\/\\\/refrigeration.lt\\\/wp-content\\\/uploads\\\/2025\\\/06\\\/elke-poe-32-alyva-1000-ml-7888.png\",\"width\":1174,\"height\":2310,\"caption\":\"ELKE POE 32 alyva, 1000 ml\"},{\"@type\":\"BreadcrumbList\",\"@id\":\"https:\\\/\\\/refrigeration.lt\\\/produktas\\\/elke-poe-32-alyva-1000-ml-7888\\\/#breadcrumb\",\"itemListElement\":[{\"@type\":\"ListItem\",\"position\":1,\"name\":\"Home\",\"item\":\"https:\\\/\\\/refrigeration.lt\\\/\"},{\"@type\":\"ListItem\",\"position\":2,\"name\":\"Visos prek\u0117s\",\"item\":\"https:\\\/\\\/refrigeration.lt\\\/parduotuve\\\/\"},{\"@type\":\"ListItem\",\"position\":3,\"name\":\"ELKE POE 32 alyva, 1000 ml\"}]},{\"@type\":\"WebSite\",\"@id\":\"https:\\\/\\\/refrigeration.lt\\\/#website\",\"url\":\"https:\\\/\\\/refrigeration.lt\\\/\",\"name\":\"Beijer Ref\",\"description\":\"Tarptautin\u0117 didmeninink\u0173 grup\u0117, veikianti komercinio \u0161aldymo, komforto \u0161aldymo, pramoninio \u0161aldymo ir susijusiuose sektoriuose.\",\"publisher\":{\"@id\":\"https:\\\/\\\/refrigeration.lt\\\/#organization\"},\"potentialAction\":[{\"@type\":\"SearchAction\",\"target\":{\"@type\":\"EntryPoint\",\"urlTemplate\":\"https:\\\/\\\/refrigeration.lt\\\/?s={search_term_string}\"},\"query-input\":{\"@type\":\"PropertyValueSpecification\",\"valueRequired\":true,\"valueName\":\"search_term_string\"}}],\"inLanguage\":\"en-US\"},{\"@type\":\"Organization\",\"@id\":\"https:\\\/\\\/refrigeration.lt\\\/#organization\",\"name\":\"Beijer Ref\",\"url\":\"https:\\\/\\\/refrigeration.lt\\\/\",\"logo\":{\"@type\":\"ImageObject\",\"inLanguage\":\"en-US\",\"@id\":\"https:\\\/\\\/refrigeration.lt\\\/#\\\/schema\\\/logo\\\/image\\\/\",\"url\":\"https:\\\/\\\/refrigeration.lt\\\/wp-content\\\/uploads\\\/2025\\\/09\\\/Beijer-Ref-LT-logo.png\",\"contentUrl\":\"https:\\\/\\\/refrigeration.lt\\\/wp-content\\\/uploads\\\/2025\\\/09\\\/Beijer-Ref-LT-logo.png\",\"width\":161,\"height\":38,\"caption\":\"Beijer Ref\"},\"image\":{\"@id\":\"https:\\\/\\\/refrigeration.lt\\\/#\\\/schema\\\/logo\\\/image\\\/\"}}]}<\/script>\n<!-- \/ Yoast SEO plugin. -->","yoast_head_json":{"title":"ELKE POE 32 alyva, 1000 ml | Beijer Ref","description":"ELKE POE 32 alyva, 1000 ml. Pirkite internetu arba pateikite u\u017eklaus\u0105.","robots":{"index":"index","follow":"follow","max-snippet":"max-snippet:-1","max-image-preview":"max-image-preview:large","max-video-preview":"max-video-preview:-1"},"canonical":"https:\/\/refrigeration.lt\/en\/product\/elke-poe-32-alyva-1000-ml-7888\/","og_locale":"en_US","og_type":"article","og_title":"ELKE POE 32 alyva, 1000 ml | Beijer Ref","og_description":"ELKE POE 32 alyva, 1000 ml. Pirkite internetu arba pateikite u\u017eklaus\u0105.","og_url":"https:\/\/refrigeration.lt\/en\/product\/elke-poe-32-alyva-1000-ml-7888\/","og_site_name":"Beijer Ref","article_modified_time":"2025-07-03T10:24:09+00:00","og_image":[{"width":1174,"height":2310,"url":"https:\/\/refrigeration.lt\/wp-content\/uploads\/2025\/06\/elke-poe-32-alyva-1000-ml-7888.png","type":"image\/png"}],"twitter_card":"summary_large_image","schema":{"@context":"https:\/\/schema.org","@graph":[{"@type":"WebPage","@id":"https:\/\/refrigeration.lt\/produktas\/elke-poe-32-alyva-1000-ml-7888\/","url":"https:\/\/refrigeration.lt\/produktas\/elke-poe-32-alyva-1000-ml-7888\/","name":"ELKE POE 32 alyva, 1000 ml | Beijer Ref","isPartOf":{"@id":"https:\/\/refrigeration.lt\/#website"},"primaryImageOfPage":{"@id":"https:\/\/refrigeration.lt\/produktas\/elke-poe-32-alyva-1000-ml-7888\/#primaryimage"},"image":{"@id":"https:\/\/refrigeration.lt\/produktas\/elke-poe-32-alyva-1000-ml-7888\/#primaryimage"},"thumbnailUrl":"https:\/\/refrigeration.lt\/wp-content\/uploads\/2025\/06\/elke-poe-32-alyva-1000-ml-7888.png","datePublished":"2025-06-26T08:29:28+00:00","dateModified":"2025-07-03T10:24:09+00:00","description":"ELKE POE 32 alyva, 1000 ml. Pirkite internetu arba pateikite u\u017eklaus\u0105.","breadcrumb":{"@id":"https:\/\/refrigeration.lt\/produktas\/elke-poe-32-alyva-1000-ml-7888\/#breadcrumb"},"inLanguage":"en-US","potentialAction":[{"@type":"ReadAction","target":["https:\/\/refrigeration.lt\/produktas\/elke-poe-32-alyva-1000-ml-7888\/"]}]},{"@type":"ImageObject","inLanguage":"en-US","@id":"https:\/\/refrigeration.lt\/produktas\/elke-poe-32-alyva-1000-ml-7888\/#primaryimage","url":"https:\/\/refrigeration.lt\/wp-content\/uploads\/2025\/06\/elke-poe-32-alyva-1000-ml-7888.png","contentUrl":"https:\/\/refrigeration.lt\/wp-content\/uploads\/2025\/06\/elke-poe-32-alyva-1000-ml-7888.png","width":1174,"height":2310,"caption":"ELKE POE 32 alyva, 1000 ml"},{"@type":"BreadcrumbList","@id":"https:\/\/refrigeration.lt\/produktas\/elke-poe-32-alyva-1000-ml-7888\/#breadcrumb","itemListElement":[{"@type":"ListItem","position":1,"name":"Home","item":"https:\/\/refrigeration.lt\/"},{"@type":"ListItem","position":2,"name":"Visos prek\u0117s","item":"https:\/\/refrigeration.lt\/parduotuve\/"},{"@type":"ListItem","position":3,"name":"ELKE POE 32 alyva, 1000 ml"}]},{"@type":"WebSite","@id":"https:\/\/refrigeration.lt\/#website","url":"https:\/\/refrigeration.lt\/","name":"Beijer Ref","description":"Tarptautin\u0117 didmeninink\u0173 grup\u0117, veikianti komercinio \u0161aldymo, komforto \u0161aldymo, pramoninio \u0161aldymo ir susijusiuose sektoriuose.","publisher":{"@id":"https:\/\/refrigeration.lt\/#organization"},"potentialAction":[{"@type":"SearchAction","target":{"@type":"EntryPoint","urlTemplate":"https:\/\/refrigeration.lt\/?s={search_term_string}"},"query-input":{"@type":"PropertyValueSpecification","valueRequired":true,"valueName":"search_term_string"}}],"inLanguage":"en-US"},{"@type":"Organization","@id":"https:\/\/refrigeration.lt\/#organization","name":"Beijer Ref","url":"https:\/\/refrigeration.lt\/","logo":{"@type":"ImageObject","inLanguage":"en-US","@id":"https:\/\/refrigeration.lt\/#\/schema\/logo\/image\/","url":"https:\/\/refrigeration.lt\/wp-content\/uploads\/2025\/09\/Beijer-Ref-LT-logo.png","contentUrl":"https:\/\/refrigeration.lt\/wp-content\/uploads\/2025\/09\/Beijer-Ref-LT-logo.png","width":161,"height":38,"caption":"Beijer Ref"},"image":{"@id":"https:\/\/refrigeration.lt\/#\/schema\/logo\/image\/"}}]}},"_links":{"self":[{"href":"https:\/\/refrigeration.lt\/en\/wp-json\/wp\/v2\/product\/7888","targetHints":{"allow":["GET"]}}],"collection":[{"href":"https:\/\/refrigeration.lt\/en\/wp-json\/wp\/v2\/product"}],"about":[{"href":"https:\/\/refrigeration.lt\/en\/wp-json\/wp\/v2\/types\/product"}],"replies":[{"embeddable":true,"href":"https:\/\/refrigeration.lt\/en\/wp-json\/wp\/v2\/comments?post=7888"}],"wp:featuredmedia":[{"embeddable":true,"href":"https:\/\/refrigeration.lt\/en\/wp-json\/wp\/v2\/media\/7889"}],"wp:attachment":[{"href":"https:\/\/refrigeration.lt\/en\/wp-json\/wp\/v2\/media?parent=7888"}],"wp:term":[{"taxonomy":"product_brand","embeddable":true,"href":"https:\/\/refrigeration.lt\/en\/wp-json\/wp\/v2\/product_brand?post=7888"},{"taxonomy":"product_cat","embeddable":true,"href":"https:\/\/refrigeration.lt\/en\/wp-json\/wp\/v2\/product_cat?post=7888"},{"taxonomy":"product_tag","embeddable":true,"href":"https:\/\/refrigeration.lt\/en\/wp-json\/wp\/v2\/product_tag?post=7888"}],"curies":[{"name":"wp","href":"https:\/\/api.w.org\/{rel}","templated":true}]}}